{"id":337,"date":"2021-04-08T12:58:04","date_gmt":"2021-04-08T09:58:04","guid":{"rendered":"http:\/\/ticaret.edu.tr\/sks\/?page_id=337"},"modified":"2025-02-28T15:31:21","modified_gmt":"2025-02-28T12:31:21","slug":"ogrenci-konseyi-bolum-temsilcileri","status":"publish","type":"page","link":"http:\/\/ticaret.edu.tr\/saglik-kultur-ve-spor-daire-baskanligi\/ogrenci-konseyi-bolum-temsilcileri\/","title":{"rendered":"\u00d6\u011frenci Konseyi B\u00f6l\u00fcm Temsilcileri"},"content":{"rendered":"<div class=\"clear\">\n<div class=\"main\">\n<div class=\"BAMain\">\n<div class=\"BASagBolum\">\n<div class=\"BABaslik\">\n<h3><\/h3>\n<\/div>\n<div class=\"BAIcerik\">\n<table border=\"1\" width=\"985\" cellspacing=\"0\" cellpadding=\"2\" align=\"center\">\n<colgroup>\n<col \/>\n<col span=\"2\" \/><\/colgroup>\n<tbody>\n<tr>\n<td style=\"text-align: center;\" colspan=\"3\" height=\"40\"><strong>\u00d6\u011eRENC\u0130 KONSEY\u0130 B\u00d6L\u00dcM TEMS\u0130LC\u0130LER\u0130\u00a0<\/strong><\/td>\n<\/tr>\n<tr>\n<td height=\"49\">FAK\u00dcLTELER<\/td>\n<td>B\u00d6L\u00dcMLER<\/td>\n<td>TEMS\u0130LC\u0130LER<\/td>\n<\/tr>\n<tr>\n<td height=\"49\">HUKUK FAK\u00dcLTES\u0130<\/td>\n<td>HUKUK<\/td>\n<td>Musa Bekik<\/td>\n<\/tr>\n<tr>\n<td rowspan=\"2\" height=\"98\">\u0130LET\u0130\u015e\u0130M FAK\u00dcLTES\u0130<\/td>\n<td>G\u00d6RSEL \u0130LET\u0130\u015e\u0130M TASARIMI<\/td>\n<td>Hilal Ayd\u0131nl\u0131<\/td>\n<\/tr>\n<tr>\n<td height=\"49\">MEDYA VE \u0130LET\u0130\u015e\u0130M<\/td>\n<td>\u0130brahim Er<\/td>\n<\/tr>\n<tr>\n<td rowspan=\"6\" height=\"245\">\u0130NSAN VE TOPLUM B\u0130L\u0130MLER\u0130 FAK\u00dcLTES\u0130<\/td>\n<td>\u0130STAT\u0130ST\u0130K<\/td>\n<td>G\u00fcven \u00d6zcan<\/td>\n<\/tr>\n<tr>\n<td height=\"49\">MATEMAT\u0130K<\/td>\n<td>O\u011fulcan \u00dcnal<\/td>\n<\/tr>\n<tr>\n<tr>\n<td height=\"49\">PS\u0130KOLOJ\u0130<\/td>\n<td>Ay\u015fe Nur Erg\u00fcn<\/td>\n<\/tr>\n<tr>\n<td height=\"49\">SOSYOLOJ\u0130<\/td>\n<td>Zeynep Yurt<\/td>\n<\/tr>\n<tr>\n<td height=\"49\">S\u0130YASET B\u0130L\u0130M\u0130 VE ULUSLARARASI \u0130L\u0130\u015eK\u0130LER<\/td>\n<td>Alperen Turhan<\/td>\n<\/tr>\n<tr>\n<td rowspan=\"8\" height=\"395\">\u0130\u015eLETME FAK\u00dcLTES\u0130<\/td>\n<td height=\"49\">F\u0130NANS VE BANKACILIK<\/td>\n<td>Sude D\u00fcndar<\/td>\n<\/tr>\n<tr>\n<td>HAVACILIK Y\u00d6NET\u0130M\u0130<\/td>\n<td>Ay\u015feg\u00fcl Hayr\u0131o\u011flu<\/td>\n<\/tr>\n<tr>\n<td>\u0130KT\u0130SAT(\u0130NG\u0130L\u0130ZCE)<\/td>\n<td>Merve Bahar Ediz<\/td>\n<\/tr>\n<tr>\n<td>\u0130KT\u0130SAT(T\u00dcRK\u00c7E)<\/td>\n<td>H\u00fcmeyra \u015eamc\u0131<\/td>\n<\/tr>\n<tr>\n<td height=\"49\">\u0130\u015eLETME<\/td>\n<td>Onur Ko\u00e7ak<\/td>\n<\/tr>\n<tr>\n<td height=\"49\">\u0130\u015eLETME(\u0130NG\u0130L\u0130ZCE)<\/td>\n<td>\u015eura Mert<\/td>\n<\/tr>\n<tr>\n<td height=\"49\">LOJ\u0130ST\u0130K Y\u00d6NET\u0130M\u0130<\/td>\n<td>Cengizhan K\u00fc\u00e7\u00fck<\/td>\n<\/tr>\n<tr>\n<td height=\"49\">ULUSLARARASI T\u0130CARET<\/td>\n<td>\u0130brahim \u015eahin Ertekin<\/td>\n<\/tr>\n<tr>\n<td rowspan=\"3\" height=\"145\">M\u0130MARLIK VE TASARIM FAK\u00dcLTES\u0130<\/td>\n<td>M\u0130MARLIK<\/td>\n<td>Musa Cankurtaran<\/td>\n<\/tr>\n<tr>\n<td>\u0130\u00c7 M\u0130MARLIK VE \u00c7EVRE TASARIMI<\/td>\n<td>Zeliha G\u00fcney<\/td>\n<\/tr>\n<tr>\n<td>TEKST\u0130L VE MODA TASARIMI<\/td>\n<td>Dicle Yal\u00e7\u0131n<\/td>\n<\/tr>\n<tr>\n<td rowspan=\"3\" height=\"149\">M\u00dcHEND\u0130SL\u0130K FAK\u00dcLTES\u0130<\/td>\n<td>MEKATRON\u0130K M\u00dcHEND\u0130SL\u0130\u011e\u0130<\/td>\n<td>Faik Enes Albayrak<\/td>\n<\/tr>\n<tr>\n<td>ELEKTR\u0130K &#8211; ELEKTRON\u0130K M\u00dcHEND\u0130SL\u0130\u011e\u0130<\/td>\n<td>Halit Emre \u00d6zdemir<\/td>\n<\/tr>\n<tr>\n<td>END\u00dcSTR\u0130 M\u00dcHEND\u0130SL\u0130\u011e\u0130<\/td>\n<td>Kerem Karaku\u015f<\/td>\n<\/tr>\n<\/tbody>\n<\/table>\n<\/div>\n<\/div>\n<\/div>\n<div class=\"clear\"><\/div>\n<\/div>\n<div class=\"clear\"><\/div>\n<\/div>\n","protected":false},"excerpt":{"rendered":"<p>\u00d6\u011eRENC\u0130 KONSEY\u0130 B\u00d6L\u00dcM TEMS\u0130LC\u0130LER\u0130\u00a0 FAK\u00dcLTELER B\u00d6L\u00dcMLER TEMS\u0130LC\u0130LER HUKUK FAK\u00dcLTES\u0130 HUKUK Musa Bekik \u0130LET\u0130\u015e\u0130M FAK\u00dcLTES\u0130 G\u00d6RSEL \u0130LET\u0130\u015e\u0130M TASARIMI Hilal Ayd\u0131nl\u0131 MEDYA VE \u0130LET\u0130\u015e\u0130M \u0130brahim Er \u0130NSAN VE TOPLUM B\u0130L\u0130MLER\u0130 FAK\u00dcLTES\u0130 \u0130STAT\u0130ST\u0130K G\u00fcven \u00d6zcan MATEMAT\u0130K O\u011fulcan \u00dcnal PS\u0130KOLOJ\u0130 Ay\u015fe Nur Erg\u00fcn SOSYOLOJ\u0130 Zeynep Yurt S\u0130YASET B\u0130L\u0130M\u0130 VE ULUSLARARASI \u0130L\u0130\u015eK\u0130LER Alperen Turhan \u0130\u015eLETME FAK\u00dcLTES\u0130 F\u0130NANS VE BANKACILIK Sude [&hellip;]<\/p>\n","protected":false},"author":149,"featured_media":0,"parent":0,"menu_order":0,"comment_status":"closed","ping_status":"closed","template":"genel_sayfa.php","meta":{"footnotes":""},"yoast_head":"<!-- This site is optimized with the Yoast SEO Premium plugin v22.1 (Yoast SEO v22.1) - https:\/\/yoast.com\/wordpress\/plugins\/seo\/ -->\n<title>\u00d6\u011frenci Konseyi B\u00f6l\u00fcm Temsilcileri - Sa\u011fl\u0131k K\u00fclt\u00fcr ve Spor Daire Ba\u015fkanl\u0131\u011f\u0131<\/title>\n<meta name=\"robots\" content=\"index, follow, max-snippet:-1, max-image-preview:large, max-video-preview:-1\" \/>\n<link rel=\"canonical\" href=\"https:\/\/ticaret.edu.tr\/saglik-kultur-ve-spor-daire-baskanligi\/ogrenci-konseyi-bolum-temsilcileri\/\" \/>\n<meta property=\"og:locale\" content=\"tr_TR\" \/>\n<meta property=\"og:type\" content=\"article\" \/>\n<meta property=\"og:title\" content=\"\u00d6\u011frenci Konseyi B\u00f6l\u00fcm Temsilcileri\" \/>\n<meta property=\"og:description\" content=\"\u00d6\u011eRENC\u0130 KONSEY\u0130 B\u00d6L\u00dcM TEMS\u0130LC\u0130LER\u0130\u00a0 FAK\u00dcLTELER B\u00d6L\u00dcMLER TEMS\u0130LC\u0130LER HUKUK FAK\u00dcLTES\u0130 HUKUK Musa Bekik \u0130LET\u0130\u015e\u0130M FAK\u00dcLTES\u0130 G\u00d6RSEL \u0130LET\u0130\u015e\u0130M TASARIMI Hilal Ayd\u0131nl\u0131 MEDYA VE \u0130LET\u0130\u015e\u0130M \u0130brahim Er \u0130NSAN VE TOPLUM B\u0130L\u0130MLER\u0130 FAK\u00dcLTES\u0130 \u0130STAT\u0130ST\u0130K G\u00fcven \u00d6zcan MATEMAT\u0130K O\u011fulcan \u00dcnal PS\u0130KOLOJ\u0130 Ay\u015fe Nur Erg\u00fcn SOSYOLOJ\u0130 Zeynep Yurt S\u0130YASET B\u0130L\u0130M\u0130 VE ULUSLARARASI \u0130L\u0130\u015eK\u0130LER Alperen Turhan \u0130\u015eLETME FAK\u00dcLTES\u0130 F\u0130NANS VE BANKACILIK Sude [&hellip;]\" \/>\n<meta property=\"og:url\" content=\"https:\/\/ticaret.edu.tr\/saglik-kultur-ve-spor-daire-baskanligi\/ogrenci-konseyi-bolum-temsilcileri\/\" \/>\n<meta property=\"og:site_name\" content=\"Sa\u011fl\u0131k K\u00fclt\u00fcr ve Spor Daire Ba\u015fkanl\u0131\u011f\u0131\" \/>\n<meta property=\"article:publisher\" content=\"https:\/\/www.facebook.com\/ticaretedutr\" \/>\n<meta property=\"article:modified_time\" content=\"2025-02-28T12:31:21+00:00\" \/>\n<meta property=\"og:image\" content=\"http:\/\/ticaret.edu.tr\/saglik-kultur-ve-spor-daire-baskanligi\/wp-content\/uploads\/sites\/32\/2021\/11\/web_logo-01.jpg\" \/>\n\t<meta property=\"og:image:width\" content=\"1250\" \/>\n\t<meta property=\"og:image:height\" content=\"833\" \/>\n\t<meta property=\"og:image:type\" content=\"image\/jpeg\" \/>\n<meta name=\"twitter:card\" content=\"summary_large_image\" \/>\n<meta name=\"twitter:site\" content=\"@ticaretedutr\" \/>\n<meta name=\"twitter:label1\" content=\"Tahmini okuma s\u00fcresi\" \/>\n\t<meta name=\"twitter:data1\" content=\"1 dakika\" \/>\n<script type=\"application\/ld+json\" class=\"yoast-schema-graph\">{\"@context\":\"https:\/\/schema.org\",\"@graph\":[{\"@type\":\"WebPage\",\"@id\":\"https:\/\/ticaret.edu.tr\/saglik-kultur-ve-spor-daire-baskanligi\/ogrenci-konseyi-bolum-temsilcileri\/\",\"url\":\"https:\/\/ticaret.edu.tr\/saglik-kultur-ve-spor-daire-baskanligi\/ogrenci-konseyi-bolum-temsilcileri\/\",\"name\":\"\u00d6\u011frenci Konseyi B\u00f6l\u00fcm Temsilcileri - Sa\u011fl\u0131k K\u00fclt\u00fcr ve Spor Daire Ba\u015fkanl\u0131\u011f\u0131\",\"isPartOf\":{\"@id\":\"https:\/\/ticaret.edu.tr\/saglik-kultur-ve-spor-daire-baskanligi\/#website\"},\"datePublished\":\"2021-04-08T09:58:04+00:00\",\"dateModified\":\"2025-02-28T12:31:21+00:00\",\"breadcrumb\":{\"@id\":\"https:\/\/ticaret.edu.tr\/saglik-kultur-ve-spor-daire-baskanligi\/ogrenci-konseyi-bolum-temsilcileri\/#breadcrumb\"},\"inLanguage\":\"tr\",\"potentialAction\":[{\"@type\":\"ReadAction\",\"target\":[\"https:\/\/ticaret.edu.tr\/saglik-kultur-ve-spor-daire-baskanligi\/ogrenci-konseyi-bolum-temsilcileri\/\"]}]},{\"@type\":\"BreadcrumbList\",\"@id\":\"https:\/\/ticaret.edu.tr\/saglik-kultur-ve-spor-daire-baskanligi\/ogrenci-konseyi-bolum-temsilcileri\/#breadcrumb\",\"itemListElement\":[{\"@type\":\"ListItem\",\"position\":1,\"name\":\"Ana sayfa\",\"item\":\"https:\/\/ticaret.edu.tr\/saglik-kultur-ve-spor-daire-baskanligi\/\"},{\"@type\":\"ListItem\",\"position\":2,\"name\":\"\u00d6\u011frenci Konseyi B\u00f6l\u00fcm Temsilcileri\"}]},{\"@type\":\"WebSite\",\"@id\":\"https:\/\/ticaret.edu.tr\/saglik-kultur-ve-spor-daire-baskanligi\/#website\",\"url\":\"https:\/\/ticaret.edu.tr\/saglik-kultur-ve-spor-daire-baskanligi\/\",\"name\":\"Sa\u011fl\u0131k K\u00fclt\u00fcr ve Spor Daire Ba\u015fkanl\u0131\u011f\u0131\",\"description\":\"\",\"potentialAction\":[{\"@type\":\"SearchAction\",\"target\":{\"@type\":\"EntryPoint\",\"urlTemplate\":\"https:\/\/ticaret.edu.tr\/saglik-kultur-ve-spor-daire-baskanligi\/?s={search_term_string}\"},\"query-input\":\"required name=search_term_string\"}],\"inLanguage\":\"tr\"}]}<\/script>\n<!-- \/ Yoast SEO Premium plugin. -->","yoast_head_json":{"title":"\u00d6\u011frenci Konseyi B\u00f6l\u00fcm Temsilcileri - Sa\u011fl\u0131k K\u00fclt\u00fcr ve Spor Daire Ba\u015fkanl\u0131\u011f\u0131","robots":{"index":"index","follow":"follow","max-snippet":"max-snippet:-1","max-image-preview":"max-image-preview:large","max-video-preview":"max-video-preview:-1"},"canonical":"https:\/\/ticaret.edu.tr\/saglik-kultur-ve-spor-daire-baskanligi\/ogrenci-konseyi-bolum-temsilcileri\/","og_locale":"tr_TR","og_type":"article","og_title":"\u00d6\u011frenci Konseyi B\u00f6l\u00fcm Temsilcileri","og_description":"\u00d6\u011eRENC\u0130 KONSEY\u0130 B\u00d6L\u00dcM TEMS\u0130LC\u0130LER\u0130\u00a0 FAK\u00dcLTELER B\u00d6L\u00dcMLER TEMS\u0130LC\u0130LER HUKUK FAK\u00dcLTES\u0130 HUKUK Musa Bekik \u0130LET\u0130\u015e\u0130M FAK\u00dcLTES\u0130 G\u00d6RSEL \u0130LET\u0130\u015e\u0130M TASARIMI Hilal Ayd\u0131nl\u0131 MEDYA VE \u0130LET\u0130\u015e\u0130M \u0130brahim Er \u0130NSAN VE TOPLUM B\u0130L\u0130MLER\u0130 FAK\u00dcLTES\u0130 \u0130STAT\u0130ST\u0130K G\u00fcven \u00d6zcan MATEMAT\u0130K O\u011fulcan \u00dcnal PS\u0130KOLOJ\u0130 Ay\u015fe Nur Erg\u00fcn SOSYOLOJ\u0130 Zeynep Yurt S\u0130YASET B\u0130L\u0130M\u0130 VE ULUSLARARASI \u0130L\u0130\u015eK\u0130LER Alperen Turhan \u0130\u015eLETME FAK\u00dcLTES\u0130 F\u0130NANS VE BANKACILIK Sude [&hellip;]","og_url":"https:\/\/ticaret.edu.tr\/saglik-kultur-ve-spor-daire-baskanligi\/ogrenci-konseyi-bolum-temsilcileri\/","og_site_name":"Sa\u011fl\u0131k K\u00fclt\u00fcr ve Spor Daire Ba\u015fkanl\u0131\u011f\u0131","article_publisher":"https:\/\/www.facebook.com\/ticaretedutr","article_modified_time":"2025-02-28T12:31:21+00:00","og_image":[{"width":1250,"height":833,"url":"http:\/\/ticaret.edu.tr\/saglik-kultur-ve-spor-daire-baskanligi\/wp-content\/uploads\/sites\/32\/2021\/11\/web_logo-01.jpg","type":"image\/jpeg"}],"twitter_card":"summary_large_image","twitter_site":"@ticaretedutr","twitter_misc":{"Tahmini okuma s\u00fcresi":"1 dakika"},"schema":{"@context":"https:\/\/schema.org","@graph":[{"@type":"WebPage","@id":"https:\/\/ticaret.edu.tr\/saglik-kultur-ve-spor-daire-baskanligi\/ogrenci-konseyi-bolum-temsilcileri\/","url":"https:\/\/ticaret.edu.tr\/saglik-kultur-ve-spor-daire-baskanligi\/ogrenci-konseyi-bolum-temsilcileri\/","name":"\u00d6\u011frenci Konseyi B\u00f6l\u00fcm Temsilcileri - Sa\u011fl\u0131k K\u00fclt\u00fcr ve Spor Daire Ba\u015fkanl\u0131\u011f\u0131","isPartOf":{"@id":"https:\/\/ticaret.edu.tr\/saglik-kultur-ve-spor-daire-baskanligi\/#website"},"datePublished":"2021-04-08T09:58:04+00:00","dateModified":"2025-02-28T12:31:21+00:00","breadcrumb":{"@id":"https:\/\/ticaret.edu.tr\/saglik-kultur-ve-spor-daire-baskanligi\/ogrenci-konseyi-bolum-temsilcileri\/#breadcrumb"},"inLanguage":"tr","potentialAction":[{"@type":"ReadAction","target":["https:\/\/ticaret.edu.tr\/saglik-kultur-ve-spor-daire-baskanligi\/ogrenci-konseyi-bolum-temsilcileri\/"]}]},{"@type":"BreadcrumbList","@id":"https:\/\/ticaret.edu.tr\/saglik-kultur-ve-spor-daire-baskanligi\/ogrenci-konseyi-bolum-temsilcileri\/#breadcrumb","itemListElement":[{"@type":"ListItem","position":1,"name":"Ana sayfa","item":"https:\/\/ticaret.edu.tr\/saglik-kultur-ve-spor-daire-baskanligi\/"},{"@type":"ListItem","position":2,"name":"\u00d6\u011frenci Konseyi B\u00f6l\u00fcm Temsilcileri"}]},{"@type":"WebSite","@id":"https:\/\/ticaret.edu.tr\/saglik-kultur-ve-spor-daire-baskanligi\/#website","url":"https:\/\/ticaret.edu.tr\/saglik-kultur-ve-spor-daire-baskanligi\/","name":"Sa\u011fl\u0131k K\u00fclt\u00fcr ve Spor Daire Ba\u015fkanl\u0131\u011f\u0131","description":"","potentialAction":[{"@type":"SearchAction","target":{"@type":"EntryPoint","urlTemplate":"https:\/\/ticaret.edu.tr\/saglik-kultur-ve-spor-daire-baskanligi\/?s={search_term_string}"},"query-input":"required name=search_term_string"}],"inLanguage":"tr"}]}},"lang":"tr","translations":{"tr":337},"pll_sync_post":[],"_links":{"self":[{"href":"http:\/\/ticaret.edu.tr\/saglik-kultur-ve-spor-daire-baskanligi\/wp-json\/wp\/v2\/pages\/337"}],"collection":[{"href":"http:\/\/ticaret.edu.tr\/saglik-kultur-ve-spor-daire-baskanligi\/wp-json\/wp\/v2\/pages"}],"about":[{"href":"http:\/\/ticaret.edu.tr\/saglik-kultur-ve-spor-daire-baskanligi\/wp-json\/wp\/v2\/types\/page"}],"author":[{"embeddable":true,"href":"http:\/\/ticaret.edu.tr\/saglik-kultur-ve-spor-daire-baskanligi\/wp-json\/wp\/v2\/users\/149"}],"replies":[{"embeddable":true,"href":"http:\/\/ticaret.edu.tr\/saglik-kultur-ve-spor-daire-baskanligi\/wp-json\/wp\/v2\/comments?post=337"}],"version-history":[{"count":8,"href":"http:\/\/ticaret.edu.tr\/saglik-kultur-ve-spor-daire-baskanligi\/wp-json\/wp\/v2\/pages\/337\/revisions"}],"predecessor-version":[{"id":587,"href":"http:\/\/ticaret.edu.tr\/saglik-kultur-ve-spor-daire-baskanligi\/wp-json\/wp\/v2\/pages\/337\/revisions\/587"}],"wp:attachment":[{"href":"http:\/\/ticaret.edu.tr\/saglik-kultur-ve-spor-daire-baskanligi\/wp-json\/wp\/v2\/media?parent=337"}],"curies":[{"name":"wp","href":"https:\/\/api.w.org\/{rel}","templated":true}]}}