{"id":367,"date":"2021-04-15T21:02:08","date_gmt":"2021-04-15T18:02:08","guid":{"rendered":"http:\/\/ticaret.edu.tr\/sks\/?page_id=367"},"modified":"2025-02-28T15:31:04","modified_gmt":"2025-02-28T12:31:04","slug":"2019-2020-ogrenci-topluluklari-komisyonu-kararlari","status":"publish","type":"page","link":"http:\/\/ticaret.edu.tr\/saglik-kultur-ve-spor-daire-baskanligi\/2019-2020-ogrenci-topluluklari-komisyonu-kararlari\/","title":{"rendered":"2019-2020 \u00d6\u011frenci Topluluklar\u0131 Komisyonu Kararlar\u0131"},"content":{"rendered":"<ol>\n<li><span style=\"text-decoration: underline; color: #000000;\"><strong><span><a style=\"text-decoration: underline; color: #000000;\" href=\"http:\/\/ticaret.edu.tr\/sks\/wp-content\/uploads\/sites\/32\/2020\/05\/1.08.10.2019komisyon-tutana\u011f\u0131.pdf\">08.10.2019 Tarihli \u00d6\u011frenci Topluluklar\u0131 Komisyonu Toplant\u0131 Tutana\u011f\u0131<\/a><\/span><\/strong><\/span><\/li>\n<li><span style=\"text-decoration: underline; color: #000000;\"><strong><span><a style=\"text-decoration: underline; color: #000000;\" href=\"http:\/\/ticaret.edu.tr\/sks\/wp-content\/uploads\/sites\/32\/2020\/05\/2.Toplant\u0131-Komisyonu-Tutanag\u013119-11-2019.pdf\">19.11.2019 Tarihli \u00d6\u011frenci Topluluklar\u0131 Komisyonu Toplant\u0131 Tutana\u011f\u0131<\/a><\/span><\/strong><\/span><\/li>\n<li><span style=\"text-decoration: underline; color: #000000;\"><strong><span><a style=\"text-decoration: underline; color: #000000;\" href=\"http:\/\/ticaret.edu.tr\/sks\/wp-content\/uploads\/sites\/32\/2020\/05\/3.-\u00d6\u011frenci-Topluluklar\u0131-Komisyonu-Toplant\u0131s\u0131-Tutana\u011f\u013124-12-2019.pdf\">10.12.2019 Tarihli \u00d6\u011frenci Topluluklar\u0131 Komisyonu Toplant\u0131 Tutana\u011f\u0131<\/a><\/span><\/strong><\/span><\/li>\n<li><span style=\"text-decoration: underline; color: #000000;\"><strong><span><a style=\"text-decoration: underline; color: #000000;\" href=\"http:\/\/ticaret.edu.tr\/sks\/wp-content\/uploads\/sites\/32\/2020\/05\/4.-\u00d6\u011eRENC\u0130-TOPLULUKLARI-KOM\u0130SYONU-TOPLANTISI-TUTANA\u011eI.pdf\">17.01.2020 Tarihli \u00d6\u011frenci Topluluklar\u0131 Komisyonu Toplant\u0131 Tutana\u011f\u0131<\/a><\/span><\/strong><\/span><\/li>\n<li><span style=\"text-decoration: underline; color: #000000;\"><strong><span><a style=\"text-decoration: underline; color: #000000;\" href=\"http:\/\/ticaret.edu.tr\/sks\/wp-content\/uploads\/sites\/32\/2020\/05\/5.-\u00d6\u011eRENC\u0130-TOPLULUKLARI-KOM\u0130SYONU-TOPLANTI-TUTANA\u011eI.pdf\">11.02.2020 Tarihli \u00d6\u011frenci Topluluklar\u0131 Komisyonu Toplant\u0131 Tutana\u011f\u0131<\/a><\/span><\/strong><\/span><\/li>\n<li><span style=\"text-decoration: underline; color: #000000;\"><strong><a style=\"color: #000000; text-decoration: underline;\" href=\"\/sks\/wp-content\/uploads\/sites\/32\/2021\/04\/6.-\u00d6\u011eRENC\u0130-TOPLULUKLARI-KOM\u0130SYONU-TOPLANTISI-TUTANA\u011eI.pdf\">10.03.2020 Tarihli \u00d6\u011frenci Topluluklar\u0131 Komisyonu Toplant\u0131 Tutana\u011f\u0131<\/a><\/strong><\/span><\/li>\n<\/ol>\n","protected":false},"excerpt":{"rendered":"<p>08.10.2019 Tarihli \u00d6\u011frenci Topluluklar\u0131 Komisyonu Toplant\u0131 Tutana\u011f\u0131 19.11.2019 Tarihli \u00d6\u011frenci Topluluklar\u0131 Komisyonu Toplant\u0131 Tutana\u011f\u0131 10.12.2019 Tarihli \u00d6\u011frenci Topluluklar\u0131 Komisyonu Toplant\u0131 Tutana\u011f\u0131 17.01.2020 Tarihli \u00d6\u011frenci Topluluklar\u0131 Komisyonu Toplant\u0131 Tutana\u011f\u0131 11.02.2020 Tarihli \u00d6\u011frenci Topluluklar\u0131 Komisyonu Toplant\u0131 Tutana\u011f\u0131 10.03.2020 Tarihli \u00d6\u011frenci Topluluklar\u0131 Komisyonu Toplant\u0131 Tutana\u011f\u0131<\/p>\n","protected":false},"author":149,"featured_media":0,"parent":0,"menu_order":0,"comment_status":"closed","ping_status":"closed","template":"genel_sayfa.php","meta":{"footnotes":""},"yoast_head":"<!-- This site is optimized with the Yoast SEO Premium plugin v22.1 (Yoast SEO v22.1) - https:\/\/yoast.com\/wordpress\/plugins\/seo\/ -->\n<title>2019-2020 \u00d6\u011frenci Topluluklar\u0131 Komisyonu Kararlar\u0131 - Sa\u011fl\u0131k K\u00fclt\u00fcr ve Spor Daire Ba\u015fkanl\u0131\u011f\u0131<\/title>\n<meta name=\"robots\" content=\"index, follow, max-snippet:-1, max-image-preview:large, max-video-preview:-1\" \/>\n<link rel=\"canonical\" href=\"https:\/\/ticaret.edu.tr\/saglik-kultur-ve-spor-daire-baskanligi\/2019-2020-ogrenci-topluluklari-komisyonu-kararlari\/\" \/>\n<meta property=\"og:locale\" content=\"tr_TR\" \/>\n<meta property=\"og:type\" content=\"article\" \/>\n<meta property=\"og:title\" content=\"2019-2020 \u00d6\u011frenci Topluluklar\u0131 Komisyonu Kararlar\u0131\" \/>\n<meta property=\"og:description\" content=\"08.10.2019 Tarihli \u00d6\u011frenci Topluluklar\u0131 Komisyonu Toplant\u0131 Tutana\u011f\u0131 19.11.2019 Tarihli \u00d6\u011frenci Topluluklar\u0131 Komisyonu Toplant\u0131 Tutana\u011f\u0131 10.12.2019 Tarihli \u00d6\u011frenci Topluluklar\u0131 Komisyonu Toplant\u0131 Tutana\u011f\u0131 17.01.2020 Tarihli \u00d6\u011frenci Topluluklar\u0131 Komisyonu Toplant\u0131 Tutana\u011f\u0131 11.02.2020 Tarihli \u00d6\u011frenci Topluluklar\u0131 Komisyonu Toplant\u0131 Tutana\u011f\u0131 10.03.2020 Tarihli \u00d6\u011frenci Topluluklar\u0131 Komisyonu Toplant\u0131 Tutana\u011f\u0131\" \/>\n<meta property=\"og:url\" content=\"https:\/\/ticaret.edu.tr\/saglik-kultur-ve-spor-daire-baskanligi\/2019-2020-ogrenci-topluluklari-komisyonu-kararlari\/\" \/>\n<meta property=\"og:site_name\" content=\"Sa\u011fl\u0131k K\u00fclt\u00fcr ve Spor Daire Ba\u015fkanl\u0131\u011f\u0131\" \/>\n<meta property=\"article:publisher\" content=\"https:\/\/www.facebook.com\/ticaretedutr\" \/>\n<meta property=\"article:modified_time\" content=\"2025-02-28T12:31:04+00:00\" \/>\n<meta property=\"og:image\" content=\"http:\/\/ticaret.edu.tr\/saglik-kultur-ve-spor-daire-baskanligi\/wp-content\/uploads\/sites\/32\/2021\/11\/web_logo-01.jpg\" \/>\n\t<meta property=\"og:image:width\" content=\"1250\" \/>\n\t<meta property=\"og:image:height\" content=\"833\" \/>\n\t<meta property=\"og:image:type\" content=\"image\/jpeg\" \/>\n<meta name=\"twitter:card\" content=\"summary_large_image\" \/>\n<meta name=\"twitter:site\" content=\"@ticaretedutr\" \/>\n<script type=\"application\/ld+json\" class=\"yoast-schema-graph\">{\"@context\":\"https:\/\/schema.org\",\"@graph\":[{\"@type\":\"WebPage\",\"@id\":\"https:\/\/ticaret.edu.tr\/saglik-kultur-ve-spor-daire-baskanligi\/2019-2020-ogrenci-topluluklari-komisyonu-kararlari\/\",\"url\":\"https:\/\/ticaret.edu.tr\/saglik-kultur-ve-spor-daire-baskanligi\/2019-2020-ogrenci-topluluklari-komisyonu-kararlari\/\",\"name\":\"2019-2020 \u00d6\u011frenci Topluluklar\u0131 Komisyonu Kararlar\u0131 - Sa\u011fl\u0131k K\u00fclt\u00fcr ve Spor Daire Ba\u015fkanl\u0131\u011f\u0131\",\"isPartOf\":{\"@id\":\"https:\/\/ticaret.edu.tr\/saglik-kultur-ve-spor-daire-baskanligi\/#website\"},\"datePublished\":\"2021-04-15T18:02:08+00:00\",\"dateModified\":\"2025-02-28T12:31:04+00:00\",\"breadcrumb\":{\"@id\":\"https:\/\/ticaret.edu.tr\/saglik-kultur-ve-spor-daire-baskanligi\/2019-2020-ogrenci-topluluklari-komisyonu-kararlari\/#breadcrumb\"},\"inLanguage\":\"tr\",\"potentialAction\":[{\"@type\":\"ReadAction\",\"target\":[\"https:\/\/ticaret.edu.tr\/saglik-kultur-ve-spor-daire-baskanligi\/2019-2020-ogrenci-topluluklari-komisyonu-kararlari\/\"]}]},{\"@type\":\"BreadcrumbList\",\"@id\":\"https:\/\/ticaret.edu.tr\/saglik-kultur-ve-spor-daire-baskanligi\/2019-2020-ogrenci-topluluklari-komisyonu-kararlari\/#breadcrumb\",\"itemListElement\":[{\"@type\":\"ListItem\",\"position\":1,\"name\":\"Ana sayfa\",\"item\":\"https:\/\/ticaret.edu.tr\/saglik-kultur-ve-spor-daire-baskanligi\/\"},{\"@type\":\"ListItem\",\"position\":2,\"name\":\"2019-2020 \u00d6\u011frenci Topluluklar\u0131 Komisyonu Kararlar\u0131\"}]},{\"@type\":\"WebSite\",\"@id\":\"https:\/\/ticaret.edu.tr\/saglik-kultur-ve-spor-daire-baskanligi\/#website\",\"url\":\"https:\/\/ticaret.edu.tr\/saglik-kultur-ve-spor-daire-baskanligi\/\",\"name\":\"Sa\u011fl\u0131k K\u00fclt\u00fcr ve Spor Daire Ba\u015fkanl\u0131\u011f\u0131\",\"description\":\"\",\"potentialAction\":[{\"@type\":\"SearchAction\",\"target\":{\"@type\":\"EntryPoint\",\"urlTemplate\":\"https:\/\/ticaret.edu.tr\/saglik-kultur-ve-spor-daire-baskanligi\/?s={search_term_string}\"},\"query-input\":\"required name=search_term_string\"}],\"inLanguage\":\"tr\"}]}<\/script>\n<!-- \/ Yoast SEO Premium plugin. -->","yoast_head_json":{"title":"2019-2020 \u00d6\u011frenci Topluluklar\u0131 Komisyonu Kararlar\u0131 - Sa\u011fl\u0131k K\u00fclt\u00fcr ve Spor Daire Ba\u015fkanl\u0131\u011f\u0131","robots":{"index":"index","follow":"follow","max-snippet":"max-snippet:-1","max-image-preview":"max-image-preview:large","max-video-preview":"max-video-preview:-1"},"canonical":"https:\/\/ticaret.edu.tr\/saglik-kultur-ve-spor-daire-baskanligi\/2019-2020-ogrenci-topluluklari-komisyonu-kararlari\/","og_locale":"tr_TR","og_type":"article","og_title":"2019-2020 \u00d6\u011frenci Topluluklar\u0131 Komisyonu Kararlar\u0131","og_description":"08.10.2019 Tarihli \u00d6\u011frenci Topluluklar\u0131 Komisyonu Toplant\u0131 Tutana\u011f\u0131 19.11.2019 Tarihli \u00d6\u011frenci Topluluklar\u0131 Komisyonu Toplant\u0131 Tutana\u011f\u0131 10.12.2019 Tarihli \u00d6\u011frenci Topluluklar\u0131 Komisyonu Toplant\u0131 Tutana\u011f\u0131 17.01.2020 Tarihli \u00d6\u011frenci Topluluklar\u0131 Komisyonu Toplant\u0131 Tutana\u011f\u0131 11.02.2020 Tarihli \u00d6\u011frenci Topluluklar\u0131 Komisyonu Toplant\u0131 Tutana\u011f\u0131 10.03.2020 Tarihli \u00d6\u011frenci Topluluklar\u0131 Komisyonu Toplant\u0131 Tutana\u011f\u0131","og_url":"https:\/\/ticaret.edu.tr\/saglik-kultur-ve-spor-daire-baskanligi\/2019-2020-ogrenci-topluluklari-komisyonu-kararlari\/","og_site_name":"Sa\u011fl\u0131k K\u00fclt\u00fcr ve Spor Daire Ba\u015fkanl\u0131\u011f\u0131","article_publisher":"https:\/\/www.facebook.com\/ticaretedutr","article_modified_time":"2025-02-28T12:31:04+00:00","og_image":[{"width":1250,"height":833,"url":"http:\/\/ticaret.edu.tr\/saglik-kultur-ve-spor-daire-baskanligi\/wp-content\/uploads\/sites\/32\/2021\/11\/web_logo-01.jpg","type":"image\/jpeg"}],"twitter_card":"summary_large_image","twitter_site":"@ticaretedutr","schema":{"@context":"https:\/\/schema.org","@graph":[{"@type":"WebPage","@id":"https:\/\/ticaret.edu.tr\/saglik-kultur-ve-spor-daire-baskanligi\/2019-2020-ogrenci-topluluklari-komisyonu-kararlari\/","url":"https:\/\/ticaret.edu.tr\/saglik-kultur-ve-spor-daire-baskanligi\/2019-2020-ogrenci-topluluklari-komisyonu-kararlari\/","name":"2019-2020 \u00d6\u011frenci Topluluklar\u0131 Komisyonu Kararlar\u0131 - Sa\u011fl\u0131k K\u00fclt\u00fcr ve Spor Daire Ba\u015fkanl\u0131\u011f\u0131","isPartOf":{"@id":"https:\/\/ticaret.edu.tr\/saglik-kultur-ve-spor-daire-baskanligi\/#website"},"datePublished":"2021-04-15T18:02:08+00:00","dateModified":"2025-02-28T12:31:04+00:00","breadcrumb":{"@id":"https:\/\/ticaret.edu.tr\/saglik-kultur-ve-spor-daire-baskanligi\/2019-2020-ogrenci-topluluklari-komisyonu-kararlari\/#breadcrumb"},"inLanguage":"tr","potentialAction":[{"@type":"ReadAction","target":["https:\/\/ticaret.edu.tr\/saglik-kultur-ve-spor-daire-baskanligi\/2019-2020-ogrenci-topluluklari-komisyonu-kararlari\/"]}]},{"@type":"BreadcrumbList","@id":"https:\/\/ticaret.edu.tr\/saglik-kultur-ve-spor-daire-baskanligi\/2019-2020-ogrenci-topluluklari-komisyonu-kararlari\/#breadcrumb","itemListElement":[{"@type":"ListItem","position":1,"name":"Ana sayfa","item":"https:\/\/ticaret.edu.tr\/saglik-kultur-ve-spor-daire-baskanligi\/"},{"@type":"ListItem","position":2,"name":"2019-2020 \u00d6\u011frenci Topluluklar\u0131 Komisyonu Kararlar\u0131"}]},{"@type":"WebSite","@id":"https:\/\/ticaret.edu.tr\/saglik-kultur-ve-spor-daire-baskanligi\/#website","url":"https:\/\/ticaret.edu.tr\/saglik-kultur-ve-spor-daire-baskanligi\/","name":"Sa\u011fl\u0131k K\u00fclt\u00fcr ve Spor Daire Ba\u015fkanl\u0131\u011f\u0131","description":"","potentialAction":[{"@type":"SearchAction","target":{"@type":"EntryPoint","urlTemplate":"https:\/\/ticaret.edu.tr\/saglik-kultur-ve-spor-daire-baskanligi\/?s={search_term_string}"},"query-input":"required name=search_term_string"}],"inLanguage":"tr"}]}},"lang":"tr","translations":{"tr":367},"pll_sync_post":[],"_links":{"self":[{"href":"http:\/\/ticaret.edu.tr\/saglik-kultur-ve-spor-daire-baskanligi\/wp-json\/wp\/v2\/pages\/367"}],"collection":[{"href":"http:\/\/ticaret.edu.tr\/saglik-kultur-ve-spor-daire-baskanligi\/wp-json\/wp\/v2\/pages"}],"about":[{"href":"http:\/\/ticaret.edu.tr\/saglik-kultur-ve-spor-daire-baskanligi\/wp-json\/wp\/v2\/types\/page"}],"author":[{"embeddable":true,"href":"http:\/\/ticaret.edu.tr\/saglik-kultur-ve-spor-daire-baskanligi\/wp-json\/wp\/v2\/users\/149"}],"replies":[{"embeddable":true,"href":"http:\/\/ticaret.edu.tr\/saglik-kultur-ve-spor-daire-baskanligi\/wp-json\/wp\/v2\/comments?post=367"}],"version-history":[{"count":3,"href":"http:\/\/ticaret.edu.tr\/saglik-kultur-ve-spor-daire-baskanligi\/wp-json\/wp\/v2\/pages\/367\/revisions"}],"predecessor-version":[{"id":415,"href":"http:\/\/ticaret.edu.tr\/saglik-kultur-ve-spor-daire-baskanligi\/wp-json\/wp\/v2\/pages\/367\/revisions\/415"}],"wp:attachment":[{"href":"http:\/\/ticaret.edu.tr\/saglik-kultur-ve-spor-daire-baskanligi\/wp-json\/wp\/v2\/media?parent=367"}],"curies":[{"name":"wp","href":"https:\/\/api.w.org\/{rel}","templated":true}]}}