{"id":39,"date":"2020-05-05T13:28:53","date_gmt":"2020-05-05T10:28:53","guid":{"rendered":"http:\/\/ticaret.edu.tr\/sks\/?page_id=39"},"modified":"2026-04-25T12:56:25","modified_gmt":"2026-04-25T09:56:25","slug":"topluluk-form-ve-dokumanlari","status":"publish","type":"page","link":"http:\/\/ticaret.edu.tr\/saglik-kultur-ve-spor-daire-baskanligi\/topluluk-form-ve-dokumanlari\/","title":{"rendered":"Topluluk Form ve D\u00f6k\u00fcmanlar\u0131"},"content":{"rendered":"<p><span style=\"color: #000000;\"><a style=\"color: #000000;\" href=\"https:\/\/ticaret.edu.tr\/saglik-kultur-ve-spor-daire-baskanligi\/wp-content\/uploads\/sites\/32\/2025\/11\/Ogrenci-Toplulugu-Etkinlik-Dilekcesi.doc\">\u00d6\u011frenci Toplulu\u011fu Etkinlik Dilek\u00e7esi i\u00e7in <strong>t\u0131klay\u0131n\u0131z!<\/strong><\/a><\/span><\/p>\n<p><span style=\"color: #000000;\"><a style=\"color: #000000;\" href=\"https:\/\/ticaret.edu.tr\/saglik-kultur-ve-spor-daire-baskanligi\/wp-content\/uploads\/sites\/32\/2025\/11\/KS.FR_.02-OGRENCI-TOPLULUGU-DANISMAN-KABUL-DILEKCESI-1.doc\" target=\"_blank\" rel=\"noopener\">\u00d6\u011frenci Toplulu\u011fu Dan\u0131\u015fman Kabul Dilek\u00e7esi i\u00e7in <strong>t\u0131klay\u0131n\u0131z!<\/strong><\/a><\/span><\/p>\n<p><span style=\"color: #000000;\"><a style=\"color: #000000;\" href=\"https:\/\/ticaret.edu.tr\/saglik-kultur-ve-spor-daire-baskanligi\/wp-content\/uploads\/sites\/32\/2026\/04\/Topluluk-Faaliyet-Plani-1.xlsx\">\u00d6\u011frenci Toplulu\u011fu Faaliyet Plan\u0131 Formu i\u00e7in <strong>t\u0131klay\u0131n\u0131z!<\/strong><\/a><\/span><\/p>\n<p><span style=\"color: #000000;\"><a style=\"color: #000000;\" href=\"https:\/\/ticaret.edu.tr\/saglik-kultur-ve-spor-daire-baskanligi\/wp-content\/uploads\/sites\/32\/2025\/11\/KS.LS_.01-Ogrenci-Toplulugu-Kurulus-Listesi.docx\">\u00d6\u011frenci Toplulu\u011fu Kurulu\u015f Evrak Kontrol Listesi i\u00e7in <strong>t\u0131klay\u0131n\u0131z!<\/strong><\/a><\/span><\/p>\n<p><span style=\"color: #000000;\"><a style=\"color: #000000;\" href=\"https:\/\/ticaret.edu.tr\/saglik-kultur-ve-spor-daire-baskanligi\/wp-content\/uploads\/sites\/32\/2026\/04\/Ogrenci-Toplulugu-Kurulus-Talep-Dilekcesi.docx\">\u00d6\u011frenci Toplulu\u011fu Kurulu\u015f Talep Dilek\u00e7esi i\u00e7in <strong>t\u0131klay\u0131n\u0131z!<\/strong><\/a><\/span><\/p>\n<p><span style=\"color: #000000;\"><a style=\"color: #000000;\" href=\"https:\/\/ticaret.edu.tr\/saglik-kultur-ve-spor-daire-baskanligi\/wp-content\/uploads\/sites\/32\/2025\/11\/KS.FR_.06-Ogrenci-Toplulugu-Tuzuk-Formu-1.docx\" target=\"_blank\" rel=\"noopener\">\u00d6\u011frenci Toplulu\u011fu T\u00fcz\u00fck i\u00e7in <strong>t\u0131klay\u0131n\u0131z!<\/strong><\/a><\/span><\/p>\n<p><span style=\"color: #000000;\"><a style=\"color: #000000;\" href=\"https:\/\/ticaret.edu.tr\/saglik-kultur-ve-spor-daire-baskanligi\/wp-content\/uploads\/sites\/32\/2026\/01\/KS.FR_.08-Etkinlik-Sonuc-Bildirim-Formu.docx\">Etkinlik Sonu\u00e7 Bildirim Formu i\u00e7in <strong>t\u0131klay\u0131n\u0131z!<\/strong><\/a><\/span><\/p>\n<p><span style=\"color: #000000;\">\u00a0<a style=\"color: #000000;\" href=\"https:\/\/ticaret.edu.tr\/saglik-kultur-ve-spor-daire-baskanligi\/wp-content\/uploads\/sites\/32\/2026\/04\/OGRENCI-TOPLULUKLARI-ODASI-MESAI-SONRASI-KULLANIM-IZIN-FORMU-1.docx\">\u00d6\u011frenci Topluluklar\u0131 Odas\u0131 Mesai Sonras\u0131 Kullan\u0131m \u0130zin Formu i\u00e7in <strong>t\u0131klay\u0131n\u0131z!<\/strong><\/a><\/span><\/p>\n<p><span style=\"color: #000000;\"><a style=\"color: #000000;\" href=\"https:\/\/ticaret.edu.tr\/saglik-kultur-ve-spor-daire-baskanligi\/wp-content\/uploads\/sites\/32\/2026\/04\/Ogrenci-Topluluklari-Demirbas-Devir-Teslim-Zimmet-Tutanagi-1.docx\">\u00d6\u011frenci Topluluklar\u0131 Demirba\u015f Devir Teslim Zimmet Tutana\u011f\u0131 i\u00e7in <strong>t\u0131klay\u0131n\u0131z!<\/strong><\/a> <\/span><\/p>\n<p><span style=\"color: #000000;\"><a style=\"color: #000000;\" href=\"https:\/\/ticaret.edu.tr\/saglik-kultur-ve-spor-daire-baskanligi\/wp-content\/uploads\/sites\/32\/2026\/04\/Ogrenci-Topluluklari-Demirbas-Formu-1.docx\">\u00d6\u011frenci Topluluklar\u0131 Demirba\u015f Formu i\u00e7in <strong>t\u0131klay\u0131n\u0131z!<\/strong><\/a> <\/span><\/p>\n<p><span style=\"color: #000000;\"><a style=\"color: #000000;\" href=\"https:\/\/ticaret.edu.tr\/saglik-kultur-ve-spor-daire-baskanligi\/wp-content\/uploads\/sites\/32\/2026\/04\/ADAY-YONETIM-KURULU-FORMU-1.xlsx\">Aday Y\u00f6netim Kurulu Formu i\u00e7in <strong>t\u0131klay\u0131n\u0131z!<\/strong><\/a> <\/span><\/p>\n<p><span style=\"color: #000000;\"><a style=\"color: #000000;\" href=\"https:\/\/ticaret.edu.tr\/saglik-kultur-ve-spor-daire-baskanligi\/wp-content\/uploads\/sites\/32\/2026\/04\/Ogrenci-Topluluklari-Zimmet-Formu-1.docx\">\u00d6\u011frenci Topluluklar\u0131 Zimmet Formu i\u00e7in<strong> t\u0131klay\u0131n\u0131z!<\/strong><\/a> <\/span><\/p>\n<p><span style=\"color: #000000;\"><a style=\"color: #000000;\" href=\"https:\/\/ticaret.edu.tr\/saglik-kultur-ve-spor-daire-baskanligi\/wp-content\/uploads\/sites\/32\/2026\/04\/Topluluk-Genel-Kurul-Formu-1.xlsx\">Topluluk Genel Kurul Formu i\u00e7in <strong>t\u0131klay\u0131n\u0131z!<\/strong><\/a> <\/span><\/p>\n<p><span style=\"color: #000000;\"><a style=\"color: #000000;\" href=\"https:\/\/ticaret.edu.tr\/saglik-kultur-ve-spor-daire-baskanligi\/wp-content\/uploads\/sites\/32\/2026\/04\/Topluluk-Uye-kayit-Formu-1.xlsx\">Topluluk \u00dcye Kay\u0131t Formu i\u00e7in <strong>t\u0131klay\u0131n\u0131z!<\/strong><\/a><\/span><\/p>\n","protected":false},"excerpt":{"rendered":"<p>\u00d6\u011frenci Toplulu\u011fu Etkinlik Dilek\u00e7esi i\u00e7in t\u0131klay\u0131n\u0131z! \u00d6\u011frenci Toplulu\u011fu Dan\u0131\u015fman Kabul Dilek\u00e7esi i\u00e7in t\u0131klay\u0131n\u0131z! \u00d6\u011frenci Toplulu\u011fu Faaliyet Plan\u0131 Formu i\u00e7in t\u0131klay\u0131n\u0131z! \u00d6\u011frenci Toplulu\u011fu Kurulu\u015f Evrak Kontrol Listesi i\u00e7in t\u0131klay\u0131n\u0131z! \u00d6\u011frenci Toplulu\u011fu Kurulu\u015f Talep Dilek\u00e7esi i\u00e7in t\u0131klay\u0131n\u0131z! \u00d6\u011frenci Toplulu\u011fu T\u00fcz\u00fck i\u00e7in t\u0131klay\u0131n\u0131z! Etkinlik Sonu\u00e7 Bildirim Formu i\u00e7in t\u0131klay\u0131n\u0131z! \u00a0\u00d6\u011frenci Topluluklar\u0131 Odas\u0131 Mesai Sonras\u0131 Kullan\u0131m \u0130zin Formu i\u00e7in [&hellip;]<\/p>\n","protected":false},"author":1,"featured_media":0,"parent":0,"menu_order":0,"comment_status":"closed","ping_status":"closed","template":"genel_sayfa.php","meta":{"footnotes":""},"yoast_head":"<!-- This site is optimized with the Yoast SEO Premium plugin v22.1 (Yoast SEO v22.1) - https:\/\/yoast.com\/wordpress\/plugins\/seo\/ -->\n<title>Topluluk Form ve D\u00f6k\u00fcmanlar\u0131 - Sa\u011fl\u0131k K\u00fclt\u00fcr ve Spor Daire Ba\u015fkanl\u0131\u011f\u0131<\/title>\n<meta name=\"robots\" content=\"index, follow, max-snippet:-1, max-image-preview:large, max-video-preview:-1\" \/>\n<link rel=\"canonical\" href=\"https:\/\/ticaret.edu.tr\/saglik-kultur-ve-spor-daire-baskanligi\/topluluk-form-ve-dokumanlari\/\" \/>\n<meta property=\"og:locale\" content=\"tr_TR\" \/>\n<meta property=\"og:type\" content=\"article\" \/>\n<meta property=\"og:title\" content=\"Topluluk Form ve D\u00f6k\u00fcmanlar\u0131\" \/>\n<meta property=\"og:description\" content=\"\u00d6\u011frenci Toplulu\u011fu Etkinlik Dilek\u00e7esi i\u00e7in t\u0131klay\u0131n\u0131z! \u00d6\u011frenci Toplulu\u011fu Dan\u0131\u015fman Kabul Dilek\u00e7esi i\u00e7in t\u0131klay\u0131n\u0131z! \u00d6\u011frenci Toplulu\u011fu Faaliyet Plan\u0131 Formu i\u00e7in t\u0131klay\u0131n\u0131z! \u00d6\u011frenci Toplulu\u011fu Kurulu\u015f Evrak Kontrol Listesi i\u00e7in t\u0131klay\u0131n\u0131z! \u00d6\u011frenci Toplulu\u011fu Kurulu\u015f Talep Dilek\u00e7esi i\u00e7in t\u0131klay\u0131n\u0131z! \u00d6\u011frenci Toplulu\u011fu T\u00fcz\u00fck i\u00e7in t\u0131klay\u0131n\u0131z! Etkinlik Sonu\u00e7 Bildirim Formu i\u00e7in t\u0131klay\u0131n\u0131z! \u00a0\u00d6\u011frenci Topluluklar\u0131 Odas\u0131 Mesai Sonras\u0131 Kullan\u0131m \u0130zin Formu i\u00e7in [&hellip;]\" \/>\n<meta property=\"og:url\" content=\"https:\/\/ticaret.edu.tr\/saglik-kultur-ve-spor-daire-baskanligi\/topluluk-form-ve-dokumanlari\/\" \/>\n<meta property=\"og:site_name\" content=\"Sa\u011fl\u0131k K\u00fclt\u00fcr ve Spor Daire Ba\u015fkanl\u0131\u011f\u0131\" \/>\n<meta property=\"article:publisher\" content=\"https:\/\/www.facebook.com\/ticaretedutr\" \/>\n<meta property=\"article:modified_time\" content=\"2026-04-25T09:56:25+00:00\" \/>\n<meta property=\"og:image\" content=\"http:\/\/ticaret.edu.tr\/saglik-kultur-ve-spor-daire-baskanligi\/wp-content\/uploads\/sites\/32\/2021\/11\/web_logo-01.jpg\" \/>\n\t<meta property=\"og:image:width\" content=\"1250\" \/>\n\t<meta property=\"og:image:height\" content=\"833\" \/>\n\t<meta property=\"og:image:type\" content=\"image\/jpeg\" \/>\n<meta name=\"twitter:card\" content=\"summary_large_image\" \/>\n<meta name=\"twitter:site\" content=\"@ticaretedutr\" \/>\n<meta name=\"twitter:label1\" content=\"Tahmini okuma s\u00fcresi\" \/>\n\t<meta name=\"twitter:data1\" content=\"1 dakika\" \/>\n<script type=\"application\/ld+json\" class=\"yoast-schema-graph\">{\"@context\":\"https:\/\/schema.org\",\"@graph\":[{\"@type\":\"WebPage\",\"@id\":\"https:\/\/ticaret.edu.tr\/saglik-kultur-ve-spor-daire-baskanligi\/topluluk-form-ve-dokumanlari\/\",\"url\":\"https:\/\/ticaret.edu.tr\/saglik-kultur-ve-spor-daire-baskanligi\/topluluk-form-ve-dokumanlari\/\",\"name\":\"Topluluk Form ve D\u00f6k\u00fcmanlar\u0131 - Sa\u011fl\u0131k K\u00fclt\u00fcr ve Spor Daire Ba\u015fkanl\u0131\u011f\u0131\",\"isPartOf\":{\"@id\":\"https:\/\/ticaret.edu.tr\/saglik-kultur-ve-spor-daire-baskanligi\/#website\"},\"datePublished\":\"2020-05-05T10:28:53+00:00\",\"dateModified\":\"2026-04-25T09:56:25+00:00\",\"breadcrumb\":{\"@id\":\"https:\/\/ticaret.edu.tr\/saglik-kultur-ve-spor-daire-baskanligi\/topluluk-form-ve-dokumanlari\/#breadcrumb\"},\"inLanguage\":\"tr\",\"potentialAction\":[{\"@type\":\"ReadAction\",\"target\":[\"https:\/\/ticaret.edu.tr\/saglik-kultur-ve-spor-daire-baskanligi\/topluluk-form-ve-dokumanlari\/\"]}]},{\"@type\":\"BreadcrumbList\",\"@id\":\"https:\/\/ticaret.edu.tr\/saglik-kultur-ve-spor-daire-baskanligi\/topluluk-form-ve-dokumanlari\/#breadcrumb\",\"itemListElement\":[{\"@type\":\"ListItem\",\"position\":1,\"name\":\"Ana sayfa\",\"item\":\"https:\/\/ticaret.edu.tr\/saglik-kultur-ve-spor-daire-baskanligi\/\"},{\"@type\":\"ListItem\",\"position\":2,\"name\":\"Topluluk Form ve D\u00f6k\u00fcmanlar\u0131\"}]},{\"@type\":\"WebSite\",\"@id\":\"https:\/\/ticaret.edu.tr\/saglik-kultur-ve-spor-daire-baskanligi\/#website\",\"url\":\"https:\/\/ticaret.edu.tr\/saglik-kultur-ve-spor-daire-baskanligi\/\",\"name\":\"Sa\u011fl\u0131k K\u00fclt\u00fcr ve Spor Daire Ba\u015fkanl\u0131\u011f\u0131\",\"description\":\"\",\"potentialAction\":[{\"@type\":\"SearchAction\",\"target\":{\"@type\":\"EntryPoint\",\"urlTemplate\":\"https:\/\/ticaret.edu.tr\/saglik-kultur-ve-spor-daire-baskanligi\/?s={search_term_string}\"},\"query-input\":\"required name=search_term_string\"}],\"inLanguage\":\"tr\"}]}<\/script>\n<!-- \/ Yoast SEO Premium plugin. -->","yoast_head_json":{"title":"Topluluk Form ve D\u00f6k\u00fcmanlar\u0131 - Sa\u011fl\u0131k K\u00fclt\u00fcr ve Spor Daire Ba\u015fkanl\u0131\u011f\u0131","robots":{"index":"index","follow":"follow","max-snippet":"max-snippet:-1","max-image-preview":"max-image-preview:large","max-video-preview":"max-video-preview:-1"},"canonical":"https:\/\/ticaret.edu.tr\/saglik-kultur-ve-spor-daire-baskanligi\/topluluk-form-ve-dokumanlari\/","og_locale":"tr_TR","og_type":"article","og_title":"Topluluk Form ve D\u00f6k\u00fcmanlar\u0131","og_description":"\u00d6\u011frenci Toplulu\u011fu Etkinlik Dilek\u00e7esi i\u00e7in t\u0131klay\u0131n\u0131z! \u00d6\u011frenci Toplulu\u011fu Dan\u0131\u015fman Kabul Dilek\u00e7esi i\u00e7in t\u0131klay\u0131n\u0131z! \u00d6\u011frenci Toplulu\u011fu Faaliyet Plan\u0131 Formu i\u00e7in t\u0131klay\u0131n\u0131z! \u00d6\u011frenci Toplulu\u011fu Kurulu\u015f Evrak Kontrol Listesi i\u00e7in t\u0131klay\u0131n\u0131z! \u00d6\u011frenci Toplulu\u011fu Kurulu\u015f Talep Dilek\u00e7esi i\u00e7in t\u0131klay\u0131n\u0131z! \u00d6\u011frenci Toplulu\u011fu T\u00fcz\u00fck i\u00e7in t\u0131klay\u0131n\u0131z! Etkinlik Sonu\u00e7 Bildirim Formu i\u00e7in t\u0131klay\u0131n\u0131z! \u00a0\u00d6\u011frenci Topluluklar\u0131 Odas\u0131 Mesai Sonras\u0131 Kullan\u0131m \u0130zin Formu i\u00e7in [&hellip;]","og_url":"https:\/\/ticaret.edu.tr\/saglik-kultur-ve-spor-daire-baskanligi\/topluluk-form-ve-dokumanlari\/","og_site_name":"Sa\u011fl\u0131k K\u00fclt\u00fcr ve Spor Daire Ba\u015fkanl\u0131\u011f\u0131","article_publisher":"https:\/\/www.facebook.com\/ticaretedutr","article_modified_time":"2026-04-25T09:56:25+00:00","og_image":[{"width":1250,"height":833,"url":"http:\/\/ticaret.edu.tr\/saglik-kultur-ve-spor-daire-baskanligi\/wp-content\/uploads\/sites\/32\/2021\/11\/web_logo-01.jpg","type":"image\/jpeg"}],"twitter_card":"summary_large_image","twitter_site":"@ticaretedutr","twitter_misc":{"Tahmini okuma s\u00fcresi":"1 dakika"},"schema":{"@context":"https:\/\/schema.org","@graph":[{"@type":"WebPage","@id":"https:\/\/ticaret.edu.tr\/saglik-kultur-ve-spor-daire-baskanligi\/topluluk-form-ve-dokumanlari\/","url":"https:\/\/ticaret.edu.tr\/saglik-kultur-ve-spor-daire-baskanligi\/topluluk-form-ve-dokumanlari\/","name":"Topluluk Form ve D\u00f6k\u00fcmanlar\u0131 - Sa\u011fl\u0131k K\u00fclt\u00fcr ve Spor Daire Ba\u015fkanl\u0131\u011f\u0131","isPartOf":{"@id":"https:\/\/ticaret.edu.tr\/saglik-kultur-ve-spor-daire-baskanligi\/#website"},"datePublished":"2020-05-05T10:28:53+00:00","dateModified":"2026-04-25T09:56:25+00:00","breadcrumb":{"@id":"https:\/\/ticaret.edu.tr\/saglik-kultur-ve-spor-daire-baskanligi\/topluluk-form-ve-dokumanlari\/#breadcrumb"},"inLanguage":"tr","potentialAction":[{"@type":"ReadAction","target":["https:\/\/ticaret.edu.tr\/saglik-kultur-ve-spor-daire-baskanligi\/topluluk-form-ve-dokumanlari\/"]}]},{"@type":"BreadcrumbList","@id":"https:\/\/ticaret.edu.tr\/saglik-kultur-ve-spor-daire-baskanligi\/topluluk-form-ve-dokumanlari\/#breadcrumb","itemListElement":[{"@type":"ListItem","position":1,"name":"Ana sayfa","item":"https:\/\/ticaret.edu.tr\/saglik-kultur-ve-spor-daire-baskanligi\/"},{"@type":"ListItem","position":2,"name":"Topluluk Form ve D\u00f6k\u00fcmanlar\u0131"}]},{"@type":"WebSite","@id":"https:\/\/ticaret.edu.tr\/saglik-kultur-ve-spor-daire-baskanligi\/#website","url":"https:\/\/ticaret.edu.tr\/saglik-kultur-ve-spor-daire-baskanligi\/","name":"Sa\u011fl\u0131k K\u00fclt\u00fcr ve Spor Daire Ba\u015fkanl\u0131\u011f\u0131","description":"","potentialAction":[{"@type":"SearchAction","target":{"@type":"EntryPoint","urlTemplate":"https:\/\/ticaret.edu.tr\/saglik-kultur-ve-spor-daire-baskanligi\/?s={search_term_string}"},"query-input":"required name=search_term_string"}],"inLanguage":"tr"}]}},"lang":"tr","translations":{"tr":39},"pll_sync_post":[],"_links":{"self":[{"href":"http:\/\/ticaret.edu.tr\/saglik-kultur-ve-spor-daire-baskanligi\/wp-json\/wp\/v2\/pages\/39"}],"collection":[{"href":"http:\/\/ticaret.edu.tr\/saglik-kultur-ve-spor-daire-baskanligi\/wp-json\/wp\/v2\/pages"}],"about":[{"href":"http:\/\/ticaret.edu.tr\/saglik-kultur-ve-spor-daire-baskanligi\/wp-json\/wp\/v2\/types\/page"}],"author":[{"embeddable":true,"href":"http:\/\/ticaret.edu.tr\/saglik-kultur-ve-spor-daire-baskanligi\/wp-json\/wp\/v2\/users\/1"}],"replies":[{"embeddable":true,"href":"http:\/\/ticaret.edu.tr\/saglik-kultur-ve-spor-daire-baskanligi\/wp-json\/wp\/v2\/comments?post=39"}],"version-history":[{"count":31,"href":"http:\/\/ticaret.edu.tr\/saglik-kultur-ve-spor-daire-baskanligi\/wp-json\/wp\/v2\/pages\/39\/revisions"}],"predecessor-version":[{"id":1407,"href":"http:\/\/ticaret.edu.tr\/saglik-kultur-ve-spor-daire-baskanligi\/wp-json\/wp\/v2\/pages\/39\/revisions\/1407"}],"wp:attachment":[{"href":"http:\/\/ticaret.edu.tr\/saglik-kultur-ve-spor-daire-baskanligi\/wp-json\/wp\/v2\/media?parent=39"}],"curies":[{"name":"wp","href":"https:\/\/api.w.org\/{rel}","templated":true}]}}