{"id":41,"date":"2020-05-05T13:28:09","date_gmt":"2020-05-05T10:28:09","guid":{"rendered":"http:\/\/ticaret.edu.tr\/sks\/?page_id=41"},"modified":"2026-04-13T15:31:32","modified_gmt":"2026-04-13T12:31:32","slug":"anlasmali-saglik-kuruluslari","status":"publish","type":"page","link":"http:\/\/ticaret.edu.tr\/saglik-kultur-ve-spor-daire-baskanligi\/anlasmali-saglik-kuruluslari\/","title":{"rendered":"Anla\u015fmal\u0131 Sa\u011fl\u0131k Kurulu\u015flar\u0131"},"content":{"rendered":"<p><strong>AMER\u0130KAN HASTANES\u0130 <\/strong><\/p>\n<p><strong>MEDAMER\u0130KAN TIP MERKEZ\u0130<\/strong><\/p>\n<p>\u0130stanbul Ticaret \u00dcniversitesi \u00e7al\u0131\u015fanlar\u0131 ve \u00f6\u011frencileri yararlanmaktad\u0131r.<\/p>\n<table>\n<tbody>\n<tr>\n<td width=\"181\"><strong>H\u0130ZMET KALEMLER\u0130<\/strong><\/td>\n<td width=\"181\"><strong>CAR\u0130 F\u0130YAT \u0130ND\u0130R\u0130M ORANLARI<\/strong><\/td>\n<\/tr>\n<tr>\n<td width=\"181\">LABORATUVAR<\/td>\n<td width=\"181\">%25<\/td>\n<\/tr>\n<tr>\n<td width=\"181\">RADYOLOJ\u0130<\/td>\n<td width=\"181\">%25<\/td>\n<\/tr>\n<tr>\n<td width=\"181\">IVF ( T\u00dcP BEBEK )<\/td>\n<td width=\"181\">%10<\/td>\n<\/tr>\n<tr>\n<td width=\"181\">GENET\u0130K<\/td>\n<td width=\"181\">%10<\/td>\n<\/tr>\n<tr>\n<td width=\"181\">PS\u0130K\u0130YATR\u0130<\/td>\n<td width=\"181\">%25<\/td>\n<\/tr>\n<tr>\n<td width=\"181\">D\u0130\u015e H\u0130ZMETLER\u0130<\/td>\n<td width=\"181\">%20<\/td>\n<\/tr>\n<tr>\n<td width=\"181\">D\u0130\u011eER<\/td>\n<td width=\"181\">%20<\/td>\n<\/tr>\n<\/tbody>\n<\/table>\n<p>&nbsp;<\/p>\n<p><strong>BA\u011eDAT A\u011eIZ VE D\u0130\u015e SA\u011eLI\u011eI POL\u0130KL\u0130N\u0130\u011e\u0130 <\/strong><\/p>\n<p>\u0130stanbul Ticaret \u00dcniversitesi kurum \u00e7al\u0131\u015fanlar\u0131, \u00f6\u011frencileri, ta\u015feron \u00e7al\u0131\u015fanlar\u0131 ve 1.derece yak\u0131nlar\u0131 (anne, baba, e\u015f, \u00e7ocuk, karde\u015f)anla\u015fmadan yararlanmaktad\u0131r.<\/p>\n<p>Ortodonti ve Pedodonti hari\u00e7 t\u00fcm alanlarda liste fiyat\u0131 \u00fcst\u00fcnden %30 indirim uygulanmaktad\u0131r.<\/p>\n<p>Ortodonti ve Pedodonti alanlar\u0131nda liste fiyat\u0131 \u00fcst\u00fcnden %15 indirim uygulanmaktad\u0131r.<\/p>\n<p>R\u00f6ntgen ve muayene \u00fccretsiz olacakt\u0131r.<\/p>\n<p>&nbsp;<\/p>\n<p><strong>BEZM\u0130ALEM VAKIF \u00dcN\u0130VERS\u0130TES\u0130 SA\u011eLIK UYGULAMA VE ARA\u015eTIRMA HASTANES\u0130<\/strong><\/p>\n<p><strong>BEZM\u0130ALEM VAKIF \u00dcN\u0130VERS\u0130TES\u0130 DRAGOS HASTANES\u0130<\/strong><\/p>\n<p>\u0130stanbul Ticaret \u00dcniversitesi \u00e7al\u0131\u015fanlar\u0131 ve 1.derece yak\u0131nlar\u0131 her t\u00fcrl\u00fc ayakta ya da yatarak acil serviste tedavi, tedavi ve ameliyat dahil t\u00fcm hizmetlerin (Di\u015f hekimli\u011fi tedavileri ve \u00f6zel hizmetler hari\u00e7) fiyatland\u0131r\u0131lmas\u0131nda, hastanenin o g\u00fcnk\u00fc cari \u00fccret tarifesi \u00fczerinden yap\u0131lacak olan %15 indirimden yararlanmaktad\u0131r.<\/p>\n<p>&nbsp;<\/p>\n<p><strong>B\u0130R\u0130M LABORATUVARI <\/strong><\/p>\n<p>\u0130stanbul Ticaret \u00dcniversitesi akademisyenler, \u00e7al\u0131\u015fanlar, \u00f6\u011frenciler, e\u015f ve \u00e7ocuklar\u0131, anne ve babalar\u0131 anla\u015fmadan yararlanmaktad\u0131r. Hizmet veren kurulu\u015flarda (G\u00fcvenlik, temizlik, yemek vb.ve 1.derece yak\u0131nlar\u0131) yararlanmaktad\u0131r.<\/p>\n<p>Laboratuvar \u0130ncelemeleri ( B\u0130O, HEM, IMM, SER, HOR, M\u0130K,BAKT) %65<\/p>\n<p><strong>\u00a0<\/strong><\/p>\n<p><strong>B\u0130RUN\u0130 \u00dcN\u0130VERS\u0130TES\u0130 HASTANES\u0130 <\/strong><\/p>\n<p>\u0130stanbul Ticaret \u00dcniversitesi kurum \u00e7al\u0131\u015fanlar\u0131, \u00f6\u011frencileri ve 1. Derece yak\u0131nlar\u0131na; hasta kat\u0131l\u0131m pay\u0131 \u00fczerinden uzman doktor muayenelerinde %50, do\u00e7ent ve profes\u00f6r muayenelerinde %25 oran\u0131nda indirim sa\u011flanacakt\u0131r. Labaratuvar ve g\u00f6r\u00fcnt\u00fcleme tetkiklerinde %25 oran\u0131nda (do\u011fum paketleri,ila\u00e7,malzeme ve \u00f6zel sigorta kat\u0131l\u0131m pay\u0131 hari\u00e7) indirim sa\u011flanacakt\u0131r.<\/p>\n<p><strong>\u00a0<\/strong><\/p>\n<p><strong>B\u0130RUN\u0130 \u00dcN\u0130VERS\u0130TES\u0130 HASTANES\u0130 D\u0130\u015e HEK\u0130ML\u0130\u011e\u0130 FAK\u00dcLTES\u0130 HASTANES\u0130<\/strong><\/p>\n<p>SGK g\u00fcvencesini kullanan kurum \u00fcyesi, personeli ve 1. Derece yak\u0131nlar\u0131na; Di\u015f Hekimli\u011fi Fak\u00fcltesi Hastanesi\u2019nde yap\u0131lacak tedavilerde; cari fiyatlardan %10 (\u00f6zellikli sarf malzemeler hari\u00e7) indirim uygulanmaktad\u0131r.<\/p>\n<p>SGK g\u00fcvencesini kullanan kurum \u00fcyesi, personeli ve 1. Derece yak\u0131nlar\u0131na; Di\u015f Hekimli\u011fi Fak\u00fcltesi Hastanesi\u2019nde yap\u0131lacak tedavilerde; hastane hizmetlerinde hasta kat\u0131l\u0131m pay\u0131 \u00fczerinden %5 indirim uygulanmaktad\u0131r.<\/p>\n<p>&nbsp;<\/p>\n<p><strong>HERMEST KL\u0130N\u0130K<\/strong><\/p>\n<p>\u0130stanbul Ticaret \u00dcniversitesi akademik ve idari personeli, \u00f6\u011frencileri, mezunlar\u0131 ve emeklileri klinikte sunulan t\u00fcm hizmetlerden liste fiyat\u0131 \u00fczerinden %30 indirimle yararlanmaktad\u0131r.<\/p>\n<p>&nbsp;<\/p>\n<p><strong>KO\u00c7 \u00dcN\u0130VERS\u0130TES\u0130 HASTANES\u0130 <\/strong><\/p>\n<p>\u0130stanbul Ticaret \u00dcniversitesi \u00e7al\u0131\u015fanlar\u0131 ve \u00f6\u011frencileri anla\u015fmadan yararlanabilmektedir.<\/p>\n<table>\n<tbody>\n<tr>\n<td width=\"302\"><strong>H\u0130ZMET GRUPLARI<\/strong><\/td>\n<td width=\"302\"><strong>CAR\u0130 F\u0130YAT \u0130ND\u0130R\u0130M ORANLARI<\/strong><\/td>\n<\/tr>\n<tr>\n<td width=\"302\">LABORATUVAR<\/td>\n<td width=\"302\">%30<\/td>\n<\/tr>\n<tr>\n<td width=\"302\">RADYOLOJ\u0130<\/td>\n<td width=\"302\">%30<\/td>\n<\/tr>\n<tr>\n<td width=\"302\">IVF (T\u00dcP BEBEK )<\/td>\n<td width=\"302\">%10<\/td>\n<\/tr>\n<tr>\n<td width=\"302\">GENET\u0130K<\/td>\n<td width=\"302\">%10<\/td>\n<\/tr>\n<tr>\n<td width=\"302\">PS\u0130K\u0130YATR\u0130<\/td>\n<td width=\"302\">%25<\/td>\n<\/tr>\n<tr>\n<td width=\"302\">D\u0130\u015e H\u0130ZMETLER\u0130<\/td>\n<td width=\"302\">&#8211;<\/td>\n<\/tr>\n<tr>\n<td width=\"302\">D\u0130\u011eER<\/td>\n<td width=\"302\">%25<\/td>\n<\/tr>\n<\/tbody>\n<\/table>\n<p><strong>\u00a0<\/strong><\/p>\n<p><strong>MED\u0130CANA INTERNATIONAL \u0130STANBUL HASTANES\u0130 <\/strong><\/p>\n<p>\u0130stanbul Ticaret \u00dcniversitesi Kurum \u00fcyeleri ve 1.derece yak\u0131nlar\u0131 anla\u015fmadan yararlanmaktad\u0131r. Kurumsal kart\u0131n\u0131 belgeleyen, \u00fcye ve 1.derece yak\u0131nlar\u0131na (\u00f6\u011frenci, \u00f6\u011frenci yak\u0131n\u0131, \u00e7al\u0131\u015fan, \u00e7al\u0131\u015fan yak\u0131n\u0131) t\u00fcm muayene, te\u015fhis, tedavi, ameliyatlar ve her t\u00fcrl\u00fc yatarak tedaviler i\u00e7in uygulanan cari fiyatlar \u00fczerinden %15 SGK\u2019l\u0131 hastalara ise bu hastalardan al\u0131nacak olan ilave \u00fccretler \u00fczerinden %15 indirim uygulanmaktad\u0131r. (\u0130la\u00e7, sarf, \u00f6zellikli malzeme, d\u0131\u015f tetkikler, kan ve kan \u00fcr\u00fcnleri, ambulans, evde bak\u0131m hizmetleri, onkoloji, indirim protokol\u00fcne dahil olmayan hekimler hari\u00e7tir.)<\/p>\n<p>&nbsp;<\/p>\n<p><strong><u>T.C MED\u0130POL \u00dcN\u0130VERS\u0130TES\u0130NE BA\u011eLI ; <\/u><\/strong><\/p>\n<ul>\n<li><strong>T.C \u0130STANBUL MED\u0130POL \u00dcN\u0130VERS\u0130TES\u0130 SUM \u00c7AMLICA HASTANES\u0130 <\/strong><\/li>\n<li><strong>T.C \u0130STANBUL MED\u0130POL \u00dcN\u0130VERS\u0130TES\u0130 SUM ESENLER HASTANES\u0130<\/strong><\/li>\n<li><strong>T.C \u0130STANBUL MED\u0130POL \u00dcN\u0130VERS\u0130TES\u0130 SUM PEND\u0130K HASTANES\u0130<\/strong><\/li>\n<li><strong>T.C \u0130STANBUL MED\u0130POL \u00dcN\u0130VERS\u0130TES\u0130 SUM SEFAK\u00d6Y HASTANES\u0130<\/strong><\/li>\n<li><strong>T.C \u0130STANBUL MED\u0130POL \u00dcN\u0130VERS\u0130TES\u0130 SUM VATAN KL\u0130N\u0130KLER\u0130<\/strong><\/li>\n<li><strong>T.C \u0130STANBUL MED\u0130POL \u00dcN\u0130VERS\u0130TES\u0130 UNKAPANI D\u0130\u015e HASTANES\u0130<\/strong><\/li>\n<\/ul>\n<p>\u0130stanbul Ticaret \u00dcniversitesi kurum \u00e7al\u0131\u015fanlar\u0131, \u00f6\u011frencileri, \u00a0e\u015f, \u00e7ocuk, anne, baba ve karde\u015fleri anla\u015fmadan yararlanmaktad\u0131r.<\/p>\n<p>Ayaktan t\u00fcm hizmetlerde SGK\u2019l\u0131 hasta farklar\u0131 ve cari fiyatlar \u00fczerinden %20 indirim uygulanmaktad\u0131r.<\/p>\n<p>Evde bak\u0131m hizmetlerinde muayeneler hari\u00e7 t\u00fcm hizmetlerde %20 indirim uygulanmaktad\u0131r.<\/p>\n<p>\u0130la\u00e7, malzeme, d\u0131\u015f tetkikler, kan ve kan \u00fcr\u00fcnleri, paket ameliyatlar ( Do\u011fum ,s\u00fcnnet ,vb.), paket yat\u0131\u015flar, d\u0131\u015f hekimler taraf\u0131ndan sunulan hizmetler, Psikiyatri bran\u015f\u0131, Beslenme ve Diyetetik bran\u015f\u0131, Dermatoloji b\u00f6l\u00fcm\u00fcnde yap\u0131lan \u00f6zellikli i\u015flemler indirim kapsam\u0131nda de\u011fildir.<\/p>\n<p>&nbsp;<\/p>\n<p><strong><u>MED\u0130POL\u0130TAN SA\u011eLIK VE E\u011e\u0130T\u0130M H\u0130ZMETLER\u0130 A.\u015e\u2019YE BA\u011eLI;<\/u> <\/strong><\/p>\n<ul>\n<li><strong>\u00d6ZEL MED\u0130POL MEGA HASTANELER KOMPLEKS\u0130<\/strong><\/li>\n<li><strong>\u00d6ZEL \u0130STANBUL MED\u0130POL HASTANES\u0130<\/strong><\/li>\n<li><strong>\u00d6ZEL MED\u0130POL BAH\u00c7EL\u0130EVLER HASTANES\u0130<\/strong><\/li>\n<li><strong>\u00d6ZEL MED\u0130POL ACIBADEM B\u00d6LGE HASTANES\u0130<\/strong><\/li>\n<\/ul>\n<p>\u0130stanbul Ticaret \u00dcniversitesi kurum \u00e7al\u0131\u015fanlar\u0131, \u00f6\u011frencileri,\u00a0 e\u015f, \u00e7ocuk, anne, baba ve karde\u015fleri anla\u015fmadan yararlanmaktad\u0131r.<\/p>\n<p>Ayaktan t\u00fcm hizmetlerde SGK\u2019l\u0131 hasta farklar\u0131 ve cari fiyatlar \u00fczerinden %20 indirim uygulanmaktad\u0131r.<\/p>\n<p>Evde bak\u0131m hizmetlerinde muayeneler hari\u00e7 t\u00fcm hizmetlerde %20 indirim uygulanmaktad\u0131r.<\/p>\n<p>Medipol Mega \u00dcniversitesi Hastanesi\u2019nde a\u011f\u0131z ve di\u015f sa\u011fl\u0131\u011f\u0131 hizmetlerinde SGK\u2019l\u0131 hasta farklar\u0131 ve cari fiyatlar \u00fczerinden %25 indirim uygulanmaktad\u0131r.<\/p>\n<p>\u0130la\u00e7, malzeme, d\u0131\u015f tetkikler, kan ve kan \u00fcr\u00fcnleri, paket ameliyatlar ( Do\u011fum ,s\u00fcnnet ,vb.), paket yat\u0131\u015flar, d\u0131\u015f hekimler taraf\u0131ndan sunulan hizmetler, Psikiyatri bran\u015f\u0131, Beslenme ve Diyetetik bran\u015f\u0131, Dermatoloji b\u00f6l\u00fcm\u00fcnde yap\u0131lan \u00f6zellikli i\u015flemler indirim kapsam\u0131nda de\u011fildir.<\/p>\n<p>&nbsp;<\/p>\n<p><strong>\u00d6ZEL \u0130BN\u0130 S\u0130NA TIP MERKEZ\u0130 <\/strong><\/p>\n<p>\u0130stanbul Ticaret \u00dcniversitesi \u00fcye ve sigortal\u0131 \u00e7al\u0131\u015fanlar\u0131 ile bunlar\u0131n 1.derece yak\u0131nlar\u0131na (anne, baba, e\u015f, karde\u015f ve \u00e7ocuk) anla\u015fmadan faydalanabileceklerdir.<\/p>\n<p>SGK g\u00fcvencesi olmayan ve \u00f6zel sa\u011fl\u0131k sigortalar\u0131n\u0131n kapsam d\u0131\u015f\u0131 kald\u0131\u011f\u0131 hallerde t\u0131p merkezi hekim ve uzman hekimlerin yapt\u0131klar\u0131 muayeneler, r\u00f6ntgen, usg, ve laboratuvar hizmetlerinde cari fiyatlar \u00fczerinden %20 indirim yap\u0131l\u0131r.<\/p>\n<p>SGK g\u00fcvencesi olan kurumun emekli \u00fcyeleri ve bakmakla m\u00fckellef yak\u0131nlar\u0131na, sigortal\u0131 \u00e7al\u0131\u015fanlar\u0131na ve 1.derece yak\u0131nlar\u0131na hekim ve uzman hekimlerin yapt\u0131klar\u0131 muayenelerden, r\u00f6ntgen, usg ve laboratuvar hizmetlerinde %20 indirim yap\u0131l\u0131r.<\/p>\n<p>&nbsp;<\/p>\n<p><strong>BA\u015eKENT \u00dcN\u0130VERS\u0130TES\u0130 \u0130STANBUL UYGULAMA VE ARA\u015eTIRMA MERKEZ\u0130<\/strong><\/p>\n<p><strong>\u0130STANBUL D\u0130YAL\u0130Z MERKEZ\u0130<\/strong><\/p>\n<p><strong>\u00c7EKMEK\u00d6Y POL\u0130KL\u0130N\u0130\u011e\u0130<\/strong><\/p>\n<p><strong>YALOVA D\u0130YAL\u0130Z MERKEZ\u0130 <\/strong><\/p>\n<p>\u0130stanbul Ticaret \u00dcniversitesi \u00fcye ve \u00e7al\u0131\u015fanlar\u0131 ile bunlar\u0131n bakmakla y\u00fck\u00fcml\u00fc olduklar\u0131 birinci derece yak\u0131nlar\u0131 yararlanmaktad\u0131r. \u00a0Ayakta ve yatarak tedavi hizmetlerde, \u00e7\u0131kan farklardan veznede %20 indirim uygulanmaktad\u0131r.<\/p>\n<p>SUT VE TTB tarifelerinde yer almayan hizmetler i\u00e7in HCF ge\u00e7erlidir. Hastane cari fiyatlar\u0131 \u00fczerinden %20 indirim uygulanmaktad\u0131r.<\/p>\n<p>&nbsp;<\/p>\n<p><strong>\u00d6ZEL HAL\u0130\u00c7 PANORAMA DENTAL A\u011eIZ VE D\u0130\u015e SA\u011eLI\u011eI POL\u0130KL\u0130N\u0130\u011e\u0130<\/strong><\/p>\n<p><strong>\u00d6ZEL PEND\u0130K PANORAMA DENTAL A\u011eIZ VE D\u0130\u015e SA\u011eLI\u011eI POL\u0130KL\u0130N\u0130\u011e\u0130<\/strong><\/p>\n<p>\u0130stanbul Ticaret \u00dcniversitesi kurum \u00e7al\u0131\u015fanlar\u0131, \u00f6\u011frencileri ve 1. Derece yak\u0131nlar\u0131 ( e\u015f, \u00e7ocuk, anne, baba ve karde\u015fleri) anla\u015fmadan yararlanmaktad\u0131r.<\/p>\n<p>T\u00fcrk di\u015f hekimlerinin belirlemi\u015f oldu\u011fu tedavi rakamlar\u0131 \u00fczerinden uygulamaya g\u00f6re %30-%50 aral\u0131\u011f\u0131nda indirim uygulanmaktad\u0131r.<\/p>\n<p>&nbsp;<\/p>\n<p><strong>KIZILAY SA\u011eLIK A.\u015e<\/strong><\/p>\n<p>\u0130stanbul Ticaret \u00dcniversitesi personeli, \u00f6\u011frencileri ve birinci dereceden aile bireyleri (anne,baba,e\u015f,\u00e7ocuk); Muayenelerde ve di\u011fer t\u00fcm i\u015flemlerde (ila\u00e7,sarf malzeme,medikal estetik, a\u011f\u0131z ve di\u015f sa\u011fl\u0131\u011f\u0131,psikiyatri, psikoloji b\u00f6l\u00fcmleri hari\u00e7) SGK fark \u00fccretleri ve \u00fccretli tarifelerde <strong>%20 indirim<\/strong> uygulanacakt\u0131r.<\/p>\n<p><strong>KIZILAY SA\u011eLIK A.\u015e B\u00dcNYES\u0130NDE ANLA\u015eMAYA DAH\u0130L HASTANELER<\/strong><\/p>\n<table>\n<tbody>\n<tr>\n<td width=\"302\">KIZILAY KARTAL HASTANES\u0130<\/td>\n<td width=\"302\">Yukar\u0131 Mah.K\u0131z\u0131lay Bulvar\u0131 NO:30 Kartal\/\u0130stanbul<\/td>\n<\/tr>\n<tr>\n<td width=\"302\">KIZILAY KA\u011eITHANE HASTANES\u0130<\/td>\n<td width=\"302\">Merkez Mah. \u00c7oban\u00e7e\u015fme Cad. Burcu Sk. No:9 34406 Ka\u011f\u0131thane\/\u0130stanbul<\/td>\n<\/tr>\n<tr>\n<td width=\"302\">KIZILAY ALTINTEPE TIP MERKEZ\u0130<\/td>\n<td width=\"302\">Alt\u0131ntepe Mah. Cihadiye Cd. No:40 Maltepe\/\u0130stanbul<\/td>\n<\/tr>\n<tr>\n<td width=\"302\">KIZILAY BAKIRK\u00d6Y TIP MERKEZ\u0130<\/td>\n<td width=\"302\">Zeytinlik Mah. Yakut Sok.T\u0131p Merkezi Apt. No:19\/1 Bak\u0131rk\u00f6y\/\u0130stanbul<\/td>\n<\/tr>\n<tr>\n<td width=\"302\">KIZILAY KAYSER\u0130 HASTANES\u0130<\/td>\n<td width=\"302\">Tacettin Veli, Halit Narin Cd.No:5 Melikgazi\/Kayseri<\/td>\n<\/tr>\n<tr>\n<td width=\"302\">KIZILAY KONYA HASTANES\u0130<\/td>\n<td width=\"302\">Sahibiata, Ta\u015fkapu Medrese Sk. No:15 Meram\/Konya<\/td>\n<\/tr>\n<\/tbody>\n<\/table>\n<p>&nbsp;<\/p>\n<p><strong>OTA&amp; J\u0130NEMED HASTANES\u0130<\/strong><\/p>\n<p>\u0130stanbul Ticaret \u00dcniversitesi \u00e7al\u0131\u015fanlar\u0131, \u00f6\u011frencileri ve 1. Derece yak\u0131nlar\u0131 (anne,baba,e\u015f ve \u00e7ocuklar) indirimden yararlanabilir.<\/p>\n<table>\n<tbody>\n<tr>\n<td width=\"330\">MUAYENE H\u0130ZMETLER\u0130<\/td>\n<td width=\"274\">SGK F\u0130YATLARI \u00dcZER\u0130NDEN %25<\/td>\n<\/tr>\n<tr>\n<td width=\"330\">AMEL\u0130YAT H\u0130ZMETLER\u0130<\/td>\n<td width=\"274\">SGK F\u0130YATLARI \u00dcZER\u0130NDEN %10<\/td>\n<\/tr>\n<tr>\n<td width=\"330\">K\u00dc\u00c7\u00dcK M\u00dcDAHALE H\u0130ZMETLER\u0130<\/td>\n<td width=\"274\">SGK F\u0130YATLARI \u00dcZER\u0130NDEN %15<\/td>\n<\/tr>\n<tr>\n<td width=\"330\">D\u0130\u011eER T\u00dcM H\u0130ZMETLER (LABORATUVAR-RADYOLOJ\u0130 VB.)<\/td>\n<td width=\"274\">SGK F\u0130YATLARI \u00dcZER\u0130NDEN %15<\/td>\n<\/tr>\n<tr>\n<td width=\"330\">\u0130\u015eE G\u0130R\u0130\u015e SA\u011eLIK TETK\u0130KLER\u0130<\/td>\n<td width=\"274\">SGK F\u0130YATLARI \u00dcZER\u0130NDEN %25<\/td>\n<\/tr>\n<\/tbody>\n<\/table>\n<p>&nbsp;<\/p>\n","protected":false},"excerpt":{"rendered":"<p>AMER\u0130KAN HASTANES\u0130 MEDAMER\u0130KAN TIP MERKEZ\u0130 \u0130stanbul Ticaret \u00dcniversitesi \u00e7al\u0131\u015fanlar\u0131 ve \u00f6\u011frencileri yararlanmaktad\u0131r. H\u0130ZMET KALEMLER\u0130 CAR\u0130 F\u0130YAT \u0130ND\u0130R\u0130M ORANLARI LABORATUVAR %25 RADYOLOJ\u0130 %25 IVF ( T\u00dcP BEBEK ) %10 GENET\u0130K %10 PS\u0130K\u0130YATR\u0130 %25 D\u0130\u015e H\u0130ZMETLER\u0130 %20 D\u0130\u011eER %20 &nbsp; BA\u011eDAT A\u011eIZ VE D\u0130\u015e SA\u011eLI\u011eI POL\u0130KL\u0130N\u0130\u011e\u0130 \u0130stanbul Ticaret \u00dcniversitesi kurum \u00e7al\u0131\u015fanlar\u0131, \u00f6\u011frencileri, ta\u015feron \u00e7al\u0131\u015fanlar\u0131 ve 1.derece yak\u0131nlar\u0131 [&hellip;]<\/p>\n","protected":false},"author":1,"featured_media":0,"parent":0,"menu_order":0,"comment_status":"closed","ping_status":"closed","template":"genel_sayfa.php","meta":{"footnotes":""},"yoast_head":"<!-- This site is optimized with the Yoast SEO Premium plugin v22.1 (Yoast SEO v22.1) - https:\/\/yoast.com\/wordpress\/plugins\/seo\/ -->\n<title>Anla\u015fmal\u0131 Sa\u011fl\u0131k Kurulu\u015flar\u0131 - Sa\u011fl\u0131k K\u00fclt\u00fcr ve Spor Daire Ba\u015fkanl\u0131\u011f\u0131<\/title>\n<meta name=\"robots\" content=\"index, follow, max-snippet:-1, max-image-preview:large, max-video-preview:-1\" \/>\n<link rel=\"canonical\" href=\"https:\/\/ticaret.edu.tr\/saglik-kultur-ve-spor-daire-baskanligi\/anlasmali-saglik-kuruluslari\/\" \/>\n<meta property=\"og:locale\" content=\"tr_TR\" \/>\n<meta property=\"og:type\" content=\"article\" \/>\n<meta property=\"og:title\" content=\"Anla\u015fmal\u0131 Sa\u011fl\u0131k Kurulu\u015flar\u0131\" \/>\n<meta property=\"og:description\" content=\"AMER\u0130KAN HASTANES\u0130 MEDAMER\u0130KAN TIP MERKEZ\u0130 \u0130stanbul Ticaret \u00dcniversitesi \u00e7al\u0131\u015fanlar\u0131 ve \u00f6\u011frencileri yararlanmaktad\u0131r. H\u0130ZMET KALEMLER\u0130 CAR\u0130 F\u0130YAT \u0130ND\u0130R\u0130M ORANLARI LABORATUVAR %25 RADYOLOJ\u0130 %25 IVF ( T\u00dcP BEBEK ) %10 GENET\u0130K %10 PS\u0130K\u0130YATR\u0130 %25 D\u0130\u015e H\u0130ZMETLER\u0130 %20 D\u0130\u011eER %20 &nbsp; BA\u011eDAT A\u011eIZ VE D\u0130\u015e SA\u011eLI\u011eI POL\u0130KL\u0130N\u0130\u011e\u0130 \u0130stanbul Ticaret \u00dcniversitesi kurum \u00e7al\u0131\u015fanlar\u0131, \u00f6\u011frencileri, ta\u015feron \u00e7al\u0131\u015fanlar\u0131 ve 1.derece yak\u0131nlar\u0131 [&hellip;]\" \/>\n<meta property=\"og:url\" content=\"https:\/\/ticaret.edu.tr\/saglik-kultur-ve-spor-daire-baskanligi\/anlasmali-saglik-kuruluslari\/\" \/>\n<meta property=\"og:site_name\" content=\"Sa\u011fl\u0131k K\u00fclt\u00fcr ve Spor Daire Ba\u015fkanl\u0131\u011f\u0131\" \/>\n<meta property=\"article:publisher\" content=\"https:\/\/www.facebook.com\/ticaretedutr\" \/>\n<meta property=\"article:modified_time\" content=\"2026-04-13T12:31:32+00:00\" \/>\n<meta property=\"og:image\" content=\"http:\/\/ticaret.edu.tr\/saglik-kultur-ve-spor-daire-baskanligi\/wp-content\/uploads\/sites\/32\/2021\/11\/web_logo-01.jpg\" \/>\n\t<meta property=\"og:image:width\" content=\"1250\" \/>\n\t<meta property=\"og:image:height\" content=\"833\" \/>\n\t<meta property=\"og:image:type\" content=\"image\/jpeg\" \/>\n<meta name=\"twitter:card\" content=\"summary_large_image\" \/>\n<meta name=\"twitter:site\" content=\"@ticaretedutr\" \/>\n<meta name=\"twitter:label1\" content=\"Tahmini okuma s\u00fcresi\" \/>\n\t<meta name=\"twitter:data1\" content=\"6 dakika\" \/>\n<script type=\"application\/ld+json\" class=\"yoast-schema-graph\">{\"@context\":\"https:\/\/schema.org\",\"@graph\":[{\"@type\":\"WebPage\",\"@id\":\"https:\/\/ticaret.edu.tr\/saglik-kultur-ve-spor-daire-baskanligi\/anlasmali-saglik-kuruluslari\/\",\"url\":\"https:\/\/ticaret.edu.tr\/saglik-kultur-ve-spor-daire-baskanligi\/anlasmali-saglik-kuruluslari\/\",\"name\":\"Anla\u015fmal\u0131 Sa\u011fl\u0131k Kurulu\u015flar\u0131 - Sa\u011fl\u0131k K\u00fclt\u00fcr ve Spor Daire Ba\u015fkanl\u0131\u011f\u0131\",\"isPartOf\":{\"@id\":\"https:\/\/ticaret.edu.tr\/saglik-kultur-ve-spor-daire-baskanligi\/#website\"},\"datePublished\":\"2020-05-05T10:28:09+00:00\",\"dateModified\":\"2026-04-13T12:31:32+00:00\",\"breadcrumb\":{\"@id\":\"https:\/\/ticaret.edu.tr\/saglik-kultur-ve-spor-daire-baskanligi\/anlasmali-saglik-kuruluslari\/#breadcrumb\"},\"inLanguage\":\"tr\",\"potentialAction\":[{\"@type\":\"ReadAction\",\"target\":[\"https:\/\/ticaret.edu.tr\/saglik-kultur-ve-spor-daire-baskanligi\/anlasmali-saglik-kuruluslari\/\"]}]},{\"@type\":\"BreadcrumbList\",\"@id\":\"https:\/\/ticaret.edu.tr\/saglik-kultur-ve-spor-daire-baskanligi\/anlasmali-saglik-kuruluslari\/#breadcrumb\",\"itemListElement\":[{\"@type\":\"ListItem\",\"position\":1,\"name\":\"Ana sayfa\",\"item\":\"https:\/\/ticaret.edu.tr\/saglik-kultur-ve-spor-daire-baskanligi\/\"},{\"@type\":\"ListItem\",\"position\":2,\"name\":\"Anla\u015fmal\u0131 Sa\u011fl\u0131k Kurulu\u015flar\u0131\"}]},{\"@type\":\"WebSite\",\"@id\":\"https:\/\/ticaret.edu.tr\/saglik-kultur-ve-spor-daire-baskanligi\/#website\",\"url\":\"https:\/\/ticaret.edu.tr\/saglik-kultur-ve-spor-daire-baskanligi\/\",\"name\":\"Sa\u011fl\u0131k K\u00fclt\u00fcr ve Spor Daire Ba\u015fkanl\u0131\u011f\u0131\",\"description\":\"\",\"potentialAction\":[{\"@type\":\"SearchAction\",\"target\":{\"@type\":\"EntryPoint\",\"urlTemplate\":\"https:\/\/ticaret.edu.tr\/saglik-kultur-ve-spor-daire-baskanligi\/?s={search_term_string}\"},\"query-input\":\"required name=search_term_string\"}],\"inLanguage\":\"tr\"}]}<\/script>\n<!-- \/ Yoast SEO Premium plugin. -->","yoast_head_json":{"title":"Anla\u015fmal\u0131 Sa\u011fl\u0131k Kurulu\u015flar\u0131 - Sa\u011fl\u0131k K\u00fclt\u00fcr ve Spor Daire Ba\u015fkanl\u0131\u011f\u0131","robots":{"index":"index","follow":"follow","max-snippet":"max-snippet:-1","max-image-preview":"max-image-preview:large","max-video-preview":"max-video-preview:-1"},"canonical":"https:\/\/ticaret.edu.tr\/saglik-kultur-ve-spor-daire-baskanligi\/anlasmali-saglik-kuruluslari\/","og_locale":"tr_TR","og_type":"article","og_title":"Anla\u015fmal\u0131 Sa\u011fl\u0131k Kurulu\u015flar\u0131","og_description":"AMER\u0130KAN HASTANES\u0130 MEDAMER\u0130KAN TIP MERKEZ\u0130 \u0130stanbul Ticaret \u00dcniversitesi \u00e7al\u0131\u015fanlar\u0131 ve \u00f6\u011frencileri yararlanmaktad\u0131r. H\u0130ZMET KALEMLER\u0130 CAR\u0130 F\u0130YAT \u0130ND\u0130R\u0130M ORANLARI LABORATUVAR %25 RADYOLOJ\u0130 %25 IVF ( T\u00dcP BEBEK ) %10 GENET\u0130K %10 PS\u0130K\u0130YATR\u0130 %25 D\u0130\u015e H\u0130ZMETLER\u0130 %20 D\u0130\u011eER %20 &nbsp; BA\u011eDAT A\u011eIZ VE D\u0130\u015e SA\u011eLI\u011eI POL\u0130KL\u0130N\u0130\u011e\u0130 \u0130stanbul Ticaret \u00dcniversitesi kurum \u00e7al\u0131\u015fanlar\u0131, \u00f6\u011frencileri, ta\u015feron \u00e7al\u0131\u015fanlar\u0131 ve 1.derece yak\u0131nlar\u0131 [&hellip;]","og_url":"https:\/\/ticaret.edu.tr\/saglik-kultur-ve-spor-daire-baskanligi\/anlasmali-saglik-kuruluslari\/","og_site_name":"Sa\u011fl\u0131k K\u00fclt\u00fcr ve Spor Daire Ba\u015fkanl\u0131\u011f\u0131","article_publisher":"https:\/\/www.facebook.com\/ticaretedutr","article_modified_time":"2026-04-13T12:31:32+00:00","og_image":[{"width":1250,"height":833,"url":"http:\/\/ticaret.edu.tr\/saglik-kultur-ve-spor-daire-baskanligi\/wp-content\/uploads\/sites\/32\/2021\/11\/web_logo-01.jpg","type":"image\/jpeg"}],"twitter_card":"summary_large_image","twitter_site":"@ticaretedutr","twitter_misc":{"Tahmini okuma s\u00fcresi":"6 dakika"},"schema":{"@context":"https:\/\/schema.org","@graph":[{"@type":"WebPage","@id":"https:\/\/ticaret.edu.tr\/saglik-kultur-ve-spor-daire-baskanligi\/anlasmali-saglik-kuruluslari\/","url":"https:\/\/ticaret.edu.tr\/saglik-kultur-ve-spor-daire-baskanligi\/anlasmali-saglik-kuruluslari\/","name":"Anla\u015fmal\u0131 Sa\u011fl\u0131k Kurulu\u015flar\u0131 - Sa\u011fl\u0131k K\u00fclt\u00fcr ve Spor Daire Ba\u015fkanl\u0131\u011f\u0131","isPartOf":{"@id":"https:\/\/ticaret.edu.tr\/saglik-kultur-ve-spor-daire-baskanligi\/#website"},"datePublished":"2020-05-05T10:28:09+00:00","dateModified":"2026-04-13T12:31:32+00:00","breadcrumb":{"@id":"https:\/\/ticaret.edu.tr\/saglik-kultur-ve-spor-daire-baskanligi\/anlasmali-saglik-kuruluslari\/#breadcrumb"},"inLanguage":"tr","potentialAction":[{"@type":"ReadAction","target":["https:\/\/ticaret.edu.tr\/saglik-kultur-ve-spor-daire-baskanligi\/anlasmali-saglik-kuruluslari\/"]}]},{"@type":"BreadcrumbList","@id":"https:\/\/ticaret.edu.tr\/saglik-kultur-ve-spor-daire-baskanligi\/anlasmali-saglik-kuruluslari\/#breadcrumb","itemListElement":[{"@type":"ListItem","position":1,"name":"Ana sayfa","item":"https:\/\/ticaret.edu.tr\/saglik-kultur-ve-spor-daire-baskanligi\/"},{"@type":"ListItem","position":2,"name":"Anla\u015fmal\u0131 Sa\u011fl\u0131k Kurulu\u015flar\u0131"}]},{"@type":"WebSite","@id":"https:\/\/ticaret.edu.tr\/saglik-kultur-ve-spor-daire-baskanligi\/#website","url":"https:\/\/ticaret.edu.tr\/saglik-kultur-ve-spor-daire-baskanligi\/","name":"Sa\u011fl\u0131k K\u00fclt\u00fcr ve Spor Daire Ba\u015fkanl\u0131\u011f\u0131","description":"","potentialAction":[{"@type":"SearchAction","target":{"@type":"EntryPoint","urlTemplate":"https:\/\/ticaret.edu.tr\/saglik-kultur-ve-spor-daire-baskanligi\/?s={search_term_string}"},"query-input":"required name=search_term_string"}],"inLanguage":"tr"}]}},"lang":"tr","translations":{"tr":41},"pll_sync_post":[],"_links":{"self":[{"href":"http:\/\/ticaret.edu.tr\/saglik-kultur-ve-spor-daire-baskanligi\/wp-json\/wp\/v2\/pages\/41"}],"collection":[{"href":"http:\/\/ticaret.edu.tr\/saglik-kultur-ve-spor-daire-baskanligi\/wp-json\/wp\/v2\/pages"}],"about":[{"href":"http:\/\/ticaret.edu.tr\/saglik-kultur-ve-spor-daire-baskanligi\/wp-json\/wp\/v2\/types\/page"}],"author":[{"embeddable":true,"href":"http:\/\/ticaret.edu.tr\/saglik-kultur-ve-spor-daire-baskanligi\/wp-json\/wp\/v2\/users\/1"}],"replies":[{"embeddable":true,"href":"http:\/\/ticaret.edu.tr\/saglik-kultur-ve-spor-daire-baskanligi\/wp-json\/wp\/v2\/comments?post=41"}],"version-history":[{"count":59,"href":"http:\/\/ticaret.edu.tr\/saglik-kultur-ve-spor-daire-baskanligi\/wp-json\/wp\/v2\/pages\/41\/revisions"}],"predecessor-version":[{"id":1371,"href":"http:\/\/ticaret.edu.tr\/saglik-kultur-ve-spor-daire-baskanligi\/wp-json\/wp\/v2\/pages\/41\/revisions\/1371"}],"wp:attachment":[{"href":"http:\/\/ticaret.edu.tr\/saglik-kultur-ve-spor-daire-baskanligi\/wp-json\/wp\/v2\/media?parent=41"}],"curies":[{"name":"wp","href":"https:\/\/api.w.org\/{rel}","templated":true}]}}