{"id":42,"date":"2020-05-05T13:29:22","date_gmt":"2020-05-05T10:29:22","guid":{"rendered":"http:\/\/ticaret.edu.tr\/sks\/?page_id=42"},"modified":"2026-04-10T14:07:55","modified_gmt":"2026-04-10T11:07:55","slug":"topluluk-kurulus-bilgileri","status":"publish","type":"page","link":"http:\/\/ticaret.edu.tr\/saglik-kultur-ve-spor-daire-baskanligi\/topluluk-kurulus-bilgileri\/","title":{"rendered":"Topluluk Kurulu\u015f Bilgileri"},"content":{"rendered":"<div style=\"text-align: justify;\"><\/div>\n<ol>\n<li style=\"list-style-type: none;\">\n<ol>\n<li style=\"text-align: justify;\">\u0130stanbul Ticaret \u00dcniversitesi&#8217;nde b\u00fct\u00fcn \u00f6\u011frenciler topluluk kurma hakk\u0131na sahiptirler. Topluluklar \u00f6\u011frencilerin sosyal k\u00fclt\u00fcrel etkinliklerini d\u00fczenlemede, ders d\u0131\u015f\u0131 davet ettikleri konuklarla genel k\u00fclt\u00fcr ve entelekt\u00fcel yanlar\u0131n\u0131 geli\u015ftirmede yard\u0131mc\u0131 olurlar.\u00a0Topluluklar akademisyenlerden dan\u0131\u015fman hocalar\u0131 hari\u00e7 ba\u011f\u0131ms\u0131z olup, y\u00f6netimi ve i\u015fletimi tamamen \u00f6\u011frenci taraf\u0131ndan y\u00fcr\u00fct\u00fclen birimlerdir.<\/li>\n<li style=\"text-align: justify;\">Kurulacak topluluklar, ba\u015fta sosyal, k\u00fclt\u00fcrel ve sportif faaliyetlerle \u00fcniversiteyi tan\u0131tacak ve Rekt\u00f6rl\u00fck taraf\u0131ndan onaylanacak di\u011fer alanlarda faaliyetler yapabilirler.<\/li>\n<li style=\"text-align: justify;\">Yeni topluluk kurulmas\u0131 i\u00e7in ba\u015fvurular her \u00f6\u011fretim y\u0131l\u0131 ba\u015f\u0131nda Aral\u0131k ay\u0131 sonuna kadar kabul edilir.<\/li>\n<li style=\"text-align: justify;\">Birden fazla toplulu\u011fun bir araya gelerek ger\u00e7ekle\u015ftirecekleri etkinlikler istisnalar hari\u00e7 topluluklar faaliyet alanlar\u0131 d\u0131\u015f\u0131nda etkinlik ger\u00e7ekle\u015ftiremez.<\/li>\n<li style=\"text-align: justify;\">Topluluk kurmak i\u00e7in en az 15 \u00f6\u011frenci bir araya gelir. Kul\u00fcp kurmak i\u00e7in, ba\u015fvuru kurulu\u015f evraklar\u0131 ile birlikte Sa\u011fl\u0131k K\u00fclt\u00fcr ve Spor Dairesi Ba\u015fkanl\u0131\u011f\u0131 K\u00fclt\u00fcr M\u00fcd\u00fcrl\u00fc\u011f\u00fc\u2019ne ba\u015fvuru yap\u0131larak evraklar onay i\u00e7in y\u00f6netime sunulur ve sonu\u00e7 ba\u015fvuranlara bildirir.<\/li>\n<li style=\"text-align: justify;\">Topluluk Y\u00f6netim Kurulu ayda en az bir kez toplan\u0131r.<\/li>\n<li style=\"text-align: justify;\">Topluluklar, y\u0131ll\u0131k etkinlik program\u0131n\u0131n onaylanmas\u0131n\u0131n ard\u0131ndan etkinliklerini ger\u00e7ekle\u015ftirirler.<\/li>\n<li style=\"text-align: justify;\">Kurulu\u015f evraklar\u0131; eksiksiz doldurulmu\u015f t\u00fcz\u00fck, kul\u00fcb\u00fcn ad\u0131n\u0131, kurulu\u015f amac\u0131n\u0131, yap\u0131lmas\u0131 d\u00fc\u015f\u00fcn\u00fclen etkinlikleri i\u00e7eren ve kurucular ba\u015fvuru dilek\u00e7esi, kurucular\u0131n isim, imza, b\u00f6l\u00fcm ve s\u0131n\u0131flar\u0131yla, cep telefonu ve mail adreslerini belirten bilgi notu ve topluluk \u00fcye listesidir.<\/li>\n<li style=\"text-align: justify;\">Her toplulu\u011fun g\u00fcncel olarak tutulan karar defteri, gelen ve giden evrak dosyas\u0131, \u00fcye kay\u0131t defteri ve harcama defteri olmak zorundad\u0131r.<\/li>\n<li style=\"text-align: justify;\">Topluluklar, her yeni akademik \u00f6\u011fretimin ba\u015f\u0131nda bir \u00f6nceki d\u00f6nemin faaliyet raporunu Sa\u011fl\u0131k K\u00fclt\u00fcr ve Spor Dairesi Ba\u015fkanl\u0131\u011f\u0131 K\u00fclt\u00fcr M\u00fcd\u00fcrl\u00fc\u011f\u00fc\u2019ne teslim etmek zorundad\u0131r.<\/li>\n<li style=\"text-align: justify;\">Topluluklar yeni akademik y\u0131l\u0131n ba\u015f\u0131nda y\u0131ll\u0131k faaliyet plan\u0131 yaparak Sa\u011fl\u0131k K\u00fclt\u00fcr ve Spor Dairesi Ba\u015fkanl\u0131\u011f\u0131 K\u00fclt\u00fcr M\u00fcd\u00fcrl\u00fc\u011f\u00fc\u2019ne teslim etmelidirler.<\/li>\n<\/ol>\n<\/li>\n<\/ol>\n<p>&nbsp;<\/p>\n","protected":false},"excerpt":{"rendered":"<p>\u0130stanbul Ticaret \u00dcniversitesi&#8217;nde b\u00fct\u00fcn \u00f6\u011frenciler topluluk kurma hakk\u0131na sahiptirler. Topluluklar \u00f6\u011frencilerin sosyal k\u00fclt\u00fcrel etkinliklerini d\u00fczenlemede, ders d\u0131\u015f\u0131 davet ettikleri konuklarla genel k\u00fclt\u00fcr ve entelekt\u00fcel yanlar\u0131n\u0131 geli\u015ftirmede yard\u0131mc\u0131 olurlar.\u00a0Topluluklar akademisyenlerden dan\u0131\u015fman hocalar\u0131 hari\u00e7 ba\u011f\u0131ms\u0131z olup, y\u00f6netimi ve i\u015fletimi tamamen \u00f6\u011frenci taraf\u0131ndan y\u00fcr\u00fct\u00fclen birimlerdir. Kurulacak topluluklar, ba\u015fta sosyal, k\u00fclt\u00fcrel ve sportif faaliyetlerle \u00fcniversiteyi tan\u0131tacak ve Rekt\u00f6rl\u00fck taraf\u0131ndan [&hellip;]<\/p>\n","protected":false},"author":1,"featured_media":0,"parent":0,"menu_order":0,"comment_status":"closed","ping_status":"closed","template":"genel_sayfa.php","meta":{"footnotes":""},"yoast_head":"<!-- This site is optimized with the Yoast SEO Premium plugin v22.1 (Yoast SEO v22.1) - https:\/\/yoast.com\/wordpress\/plugins\/seo\/ -->\n<title>Topluluk Kurulu\u015f Bilgileri - Sa\u011fl\u0131k K\u00fclt\u00fcr ve Spor Daire Ba\u015fkanl\u0131\u011f\u0131<\/title>\n<meta name=\"robots\" content=\"index, follow, max-snippet:-1, max-image-preview:large, max-video-preview:-1\" \/>\n<link rel=\"canonical\" href=\"https:\/\/ticaret.edu.tr\/saglik-kultur-ve-spor-daire-baskanligi\/topluluk-kurulus-bilgileri\/\" \/>\n<meta property=\"og:locale\" content=\"tr_TR\" \/>\n<meta property=\"og:type\" content=\"article\" \/>\n<meta property=\"og:title\" content=\"Topluluk Kurulu\u015f Bilgileri\" \/>\n<meta property=\"og:description\" content=\"\u0130stanbul Ticaret \u00dcniversitesi&#8217;nde b\u00fct\u00fcn \u00f6\u011frenciler topluluk kurma hakk\u0131na sahiptirler. Topluluklar \u00f6\u011frencilerin sosyal k\u00fclt\u00fcrel etkinliklerini d\u00fczenlemede, ders d\u0131\u015f\u0131 davet ettikleri konuklarla genel k\u00fclt\u00fcr ve entelekt\u00fcel yanlar\u0131n\u0131 geli\u015ftirmede yard\u0131mc\u0131 olurlar.\u00a0Topluluklar akademisyenlerden dan\u0131\u015fman hocalar\u0131 hari\u00e7 ba\u011f\u0131ms\u0131z olup, y\u00f6netimi ve i\u015fletimi tamamen \u00f6\u011frenci taraf\u0131ndan y\u00fcr\u00fct\u00fclen birimlerdir. Kurulacak topluluklar, ba\u015fta sosyal, k\u00fclt\u00fcrel ve sportif faaliyetlerle \u00fcniversiteyi tan\u0131tacak ve Rekt\u00f6rl\u00fck taraf\u0131ndan [&hellip;]\" \/>\n<meta property=\"og:url\" content=\"https:\/\/ticaret.edu.tr\/saglik-kultur-ve-spor-daire-baskanligi\/topluluk-kurulus-bilgileri\/\" \/>\n<meta property=\"og:site_name\" content=\"Sa\u011fl\u0131k K\u00fclt\u00fcr ve Spor Daire Ba\u015fkanl\u0131\u011f\u0131\" \/>\n<meta property=\"article:publisher\" content=\"https:\/\/www.facebook.com\/ticaretedutr\" \/>\n<meta property=\"article:modified_time\" content=\"2026-04-10T11:07:55+00:00\" \/>\n<meta property=\"og:image\" content=\"http:\/\/ticaret.edu.tr\/saglik-kultur-ve-spor-daire-baskanligi\/wp-content\/uploads\/sites\/32\/2021\/11\/web_logo-01.jpg\" \/>\n\t<meta property=\"og:image:width\" content=\"1250\" \/>\n\t<meta property=\"og:image:height\" content=\"833\" \/>\n\t<meta property=\"og:image:type\" content=\"image\/jpeg\" \/>\n<meta name=\"twitter:card\" content=\"summary_large_image\" \/>\n<meta name=\"twitter:site\" content=\"@ticaretedutr\" \/>\n<meta name=\"twitter:label1\" content=\"Tahmini okuma s\u00fcresi\" \/>\n\t<meta name=\"twitter:data1\" content=\"2 dakika\" \/>\n<script type=\"application\/ld+json\" class=\"yoast-schema-graph\">{\"@context\":\"https:\/\/schema.org\",\"@graph\":[{\"@type\":\"WebPage\",\"@id\":\"https:\/\/ticaret.edu.tr\/saglik-kultur-ve-spor-daire-baskanligi\/topluluk-kurulus-bilgileri\/\",\"url\":\"https:\/\/ticaret.edu.tr\/saglik-kultur-ve-spor-daire-baskanligi\/topluluk-kurulus-bilgileri\/\",\"name\":\"Topluluk Kurulu\u015f Bilgileri - Sa\u011fl\u0131k K\u00fclt\u00fcr ve Spor Daire Ba\u015fkanl\u0131\u011f\u0131\",\"isPartOf\":{\"@id\":\"https:\/\/ticaret.edu.tr\/saglik-kultur-ve-spor-daire-baskanligi\/#website\"},\"datePublished\":\"2020-05-05T10:29:22+00:00\",\"dateModified\":\"2026-04-10T11:07:55+00:00\",\"breadcrumb\":{\"@id\":\"https:\/\/ticaret.edu.tr\/saglik-kultur-ve-spor-daire-baskanligi\/topluluk-kurulus-bilgileri\/#breadcrumb\"},\"inLanguage\":\"tr\",\"potentialAction\":[{\"@type\":\"ReadAction\",\"target\":[\"https:\/\/ticaret.edu.tr\/saglik-kultur-ve-spor-daire-baskanligi\/topluluk-kurulus-bilgileri\/\"]}]},{\"@type\":\"BreadcrumbList\",\"@id\":\"https:\/\/ticaret.edu.tr\/saglik-kultur-ve-spor-daire-baskanligi\/topluluk-kurulus-bilgileri\/#breadcrumb\",\"itemListElement\":[{\"@type\":\"ListItem\",\"position\":1,\"name\":\"Ana sayfa\",\"item\":\"https:\/\/ticaret.edu.tr\/saglik-kultur-ve-spor-daire-baskanligi\/\"},{\"@type\":\"ListItem\",\"position\":2,\"name\":\"Topluluk Kurulu\u015f Bilgileri\"}]},{\"@type\":\"WebSite\",\"@id\":\"https:\/\/ticaret.edu.tr\/saglik-kultur-ve-spor-daire-baskanligi\/#website\",\"url\":\"https:\/\/ticaret.edu.tr\/saglik-kultur-ve-spor-daire-baskanligi\/\",\"name\":\"Sa\u011fl\u0131k K\u00fclt\u00fcr ve Spor Daire Ba\u015fkanl\u0131\u011f\u0131\",\"description\":\"\",\"potentialAction\":[{\"@type\":\"SearchAction\",\"target\":{\"@type\":\"EntryPoint\",\"urlTemplate\":\"https:\/\/ticaret.edu.tr\/saglik-kultur-ve-spor-daire-baskanligi\/?s={search_term_string}\"},\"query-input\":\"required name=search_term_string\"}],\"inLanguage\":\"tr\"}]}<\/script>\n<!-- \/ Yoast SEO Premium plugin. -->","yoast_head_json":{"title":"Topluluk Kurulu\u015f Bilgileri - Sa\u011fl\u0131k K\u00fclt\u00fcr ve Spor Daire Ba\u015fkanl\u0131\u011f\u0131","robots":{"index":"index","follow":"follow","max-snippet":"max-snippet:-1","max-image-preview":"max-image-preview:large","max-video-preview":"max-video-preview:-1"},"canonical":"https:\/\/ticaret.edu.tr\/saglik-kultur-ve-spor-daire-baskanligi\/topluluk-kurulus-bilgileri\/","og_locale":"tr_TR","og_type":"article","og_title":"Topluluk Kurulu\u015f Bilgileri","og_description":"\u0130stanbul Ticaret \u00dcniversitesi&#8217;nde b\u00fct\u00fcn \u00f6\u011frenciler topluluk kurma hakk\u0131na sahiptirler. Topluluklar \u00f6\u011frencilerin sosyal k\u00fclt\u00fcrel etkinliklerini d\u00fczenlemede, ders d\u0131\u015f\u0131 davet ettikleri konuklarla genel k\u00fclt\u00fcr ve entelekt\u00fcel yanlar\u0131n\u0131 geli\u015ftirmede yard\u0131mc\u0131 olurlar.\u00a0Topluluklar akademisyenlerden dan\u0131\u015fman hocalar\u0131 hari\u00e7 ba\u011f\u0131ms\u0131z olup, y\u00f6netimi ve i\u015fletimi tamamen \u00f6\u011frenci taraf\u0131ndan y\u00fcr\u00fct\u00fclen birimlerdir. Kurulacak topluluklar, ba\u015fta sosyal, k\u00fclt\u00fcrel ve sportif faaliyetlerle \u00fcniversiteyi tan\u0131tacak ve Rekt\u00f6rl\u00fck taraf\u0131ndan [&hellip;]","og_url":"https:\/\/ticaret.edu.tr\/saglik-kultur-ve-spor-daire-baskanligi\/topluluk-kurulus-bilgileri\/","og_site_name":"Sa\u011fl\u0131k K\u00fclt\u00fcr ve Spor Daire Ba\u015fkanl\u0131\u011f\u0131","article_publisher":"https:\/\/www.facebook.com\/ticaretedutr","article_modified_time":"2026-04-10T11:07:55+00:00","og_image":[{"width":1250,"height":833,"url":"http:\/\/ticaret.edu.tr\/saglik-kultur-ve-spor-daire-baskanligi\/wp-content\/uploads\/sites\/32\/2021\/11\/web_logo-01.jpg","type":"image\/jpeg"}],"twitter_card":"summary_large_image","twitter_site":"@ticaretedutr","twitter_misc":{"Tahmini okuma s\u00fcresi":"2 dakika"},"schema":{"@context":"https:\/\/schema.org","@graph":[{"@type":"WebPage","@id":"https:\/\/ticaret.edu.tr\/saglik-kultur-ve-spor-daire-baskanligi\/topluluk-kurulus-bilgileri\/","url":"https:\/\/ticaret.edu.tr\/saglik-kultur-ve-spor-daire-baskanligi\/topluluk-kurulus-bilgileri\/","name":"Topluluk Kurulu\u015f Bilgileri - Sa\u011fl\u0131k K\u00fclt\u00fcr ve Spor Daire Ba\u015fkanl\u0131\u011f\u0131","isPartOf":{"@id":"https:\/\/ticaret.edu.tr\/saglik-kultur-ve-spor-daire-baskanligi\/#website"},"datePublished":"2020-05-05T10:29:22+00:00","dateModified":"2026-04-10T11:07:55+00:00","breadcrumb":{"@id":"https:\/\/ticaret.edu.tr\/saglik-kultur-ve-spor-daire-baskanligi\/topluluk-kurulus-bilgileri\/#breadcrumb"},"inLanguage":"tr","potentialAction":[{"@type":"ReadAction","target":["https:\/\/ticaret.edu.tr\/saglik-kultur-ve-spor-daire-baskanligi\/topluluk-kurulus-bilgileri\/"]}]},{"@type":"BreadcrumbList","@id":"https:\/\/ticaret.edu.tr\/saglik-kultur-ve-spor-daire-baskanligi\/topluluk-kurulus-bilgileri\/#breadcrumb","itemListElement":[{"@type":"ListItem","position":1,"name":"Ana sayfa","item":"https:\/\/ticaret.edu.tr\/saglik-kultur-ve-spor-daire-baskanligi\/"},{"@type":"ListItem","position":2,"name":"Topluluk Kurulu\u015f Bilgileri"}]},{"@type":"WebSite","@id":"https:\/\/ticaret.edu.tr\/saglik-kultur-ve-spor-daire-baskanligi\/#website","url":"https:\/\/ticaret.edu.tr\/saglik-kultur-ve-spor-daire-baskanligi\/","name":"Sa\u011fl\u0131k K\u00fclt\u00fcr ve Spor Daire Ba\u015fkanl\u0131\u011f\u0131","description":"","potentialAction":[{"@type":"SearchAction","target":{"@type":"EntryPoint","urlTemplate":"https:\/\/ticaret.edu.tr\/saglik-kultur-ve-spor-daire-baskanligi\/?s={search_term_string}"},"query-input":"required name=search_term_string"}],"inLanguage":"tr"}]}},"lang":"tr","translations":{"tr":42},"pll_sync_post":[],"_links":{"self":[{"href":"http:\/\/ticaret.edu.tr\/saglik-kultur-ve-spor-daire-baskanligi\/wp-json\/wp\/v2\/pages\/42"}],"collection":[{"href":"http:\/\/ticaret.edu.tr\/saglik-kultur-ve-spor-daire-baskanligi\/wp-json\/wp\/v2\/pages"}],"about":[{"href":"http:\/\/ticaret.edu.tr\/saglik-kultur-ve-spor-daire-baskanligi\/wp-json\/wp\/v2\/types\/page"}],"author":[{"embeddable":true,"href":"http:\/\/ticaret.edu.tr\/saglik-kultur-ve-spor-daire-baskanligi\/wp-json\/wp\/v2\/users\/1"}],"replies":[{"embeddable":true,"href":"http:\/\/ticaret.edu.tr\/saglik-kultur-ve-spor-daire-baskanligi\/wp-json\/wp\/v2\/comments?post=42"}],"version-history":[{"count":4,"href":"http:\/\/ticaret.edu.tr\/saglik-kultur-ve-spor-daire-baskanligi\/wp-json\/wp\/v2\/pages\/42\/revisions"}],"predecessor-version":[{"id":1363,"href":"http:\/\/ticaret.edu.tr\/saglik-kultur-ve-spor-daire-baskanligi\/wp-json\/wp\/v2\/pages\/42\/revisions\/1363"}],"wp:attachment":[{"href":"http:\/\/ticaret.edu.tr\/saglik-kultur-ve-spor-daire-baskanligi\/wp-json\/wp\/v2\/media?parent=42"}],"curies":[{"name":"wp","href":"https:\/\/api.w.org\/{rel}","templated":true}]}}