{"id":43,"date":"2020-05-05T13:28:28","date_gmt":"2020-05-05T10:28:28","guid":{"rendered":"http:\/\/ticaret.edu.tr\/sks\/?page_id=43"},"modified":"2025-02-28T15:31:20","modified_gmt":"2025-02-28T12:31:20","slug":"ogrenci-etkinlikleri","status":"publish","type":"page","link":"http:\/\/ticaret.edu.tr\/saglik-kultur-ve-spor-daire-baskanligi\/ogrenci-etkinlikleri\/","title":{"rendered":"\u00d6\u011frenci Etkinlikleri"},"content":{"rendered":"<p>\u0130stanbul Ticaret \u00dcniversitesi\u2019nin Kalbi \u00d6\u011frenci Topluluklar\u0131nda At\u0131yor.<\/p>\n<p>\u00dcniversite e\u011fitimi s\u00fcrecinde, akademik \u00f6\u011frenimin yan\u0131 s\u0131ra ders d\u0131\u015f\u0131 zamanlarda, ki\u015fisel geli\u015fimi sa\u011flayacak entelekt\u00fcel, k\u00fclt\u00fcrel, sosyal, sportif faaliyetler b\u00fcy\u00fck \u00f6nem ta\u015f\u0131maktad\u0131r. K\u00fclt\u00fcrel, sosyal ve sportif faaliyetler \u00f6\u011frencilerin yeteneklerini ortaya \u00e7\u0131kartmakta ve \u00e7ok boyutlu bir geli\u015fim imk\u00e2n\u0131 sunmaktad\u0131r. \u00d6zellikle \u00fcniversite ortam\u0131nda faaliyet g\u00f6steren \u00f6\u011frenci topluluklar\u0131 , \u00f6\u011frencilerin ki\u015fisel ve sosyal geli\u015fimine \u00f6nemli katk\u0131larda bulunmaktad\u0131r. Topluluklar, sekt\u00f6rel, bilimsel, k\u00fclt\u00fcrel ve sanatsal konularda bilgi payla\u015f\u0131m\u0131n\u0131 ger\u00e7ekle\u015ftirerek, \u00fcniversite hayat\u0131n\u0131n vazge\u00e7ilmez unsurlar\u0131 aras\u0131nda yer almaktad\u0131r.<\/p>\n<p>\u0130stanbul Ticaret \u00dcniversitesi, \u00f6\u011frencilerin k\u00fclt\u00fcrel ve sosyal geli\u015fimlerine b\u00fcy\u00fck \u00f6nem vermektedir. \u00dcniversitemizde e\u011fitim, \u00f6\u011fretim ve bilimsel ara\u015ft\u0131rmalar\u0131n yan\u0131 s\u0131ra, k\u00fclt\u00fcrel ve sosyal etkinlikler de te\u015fvik edilmekte ve desteklenmektedir.<\/p>\n<p>\u00dcniversitemiz b\u00fcnyesinde \u00f6\u011frencilerimiz topluluk faaliyetleri kapsam\u0131nda k\u00fclt\u00fcrel, sportif, sanatsal alanlarda faaliyetler d\u00fczenlemekte ve \u00fcniversiteler aras\u0131 festivallere, turnuva ve yar\u0131\u015fmalara kat\u0131lmaktad\u0131r. Topluluklar\u0131m\u0131z \u00fcniversitemizde T\u00fcrkiye \u00e7ap\u0131nda turnuva, yar\u0131\u015fma ve festivaller d\u00fczenleyerek \u00f6nemli \u00e7al\u0131\u015fmalara imza atmaktad\u0131r.<\/p>\n<p>\u0130stanbul Ticaret \u00dcniversitesi b\u00fcnyesinde toplam 52 \u00f6\u011frenci toplulu\u011fu bulunmaktad\u0131r. Topluluklar alanlar\u0131nda \u0130stanbul ve T\u00fcrkiye genelinde ba\u015far\u0131l\u0131 \u00e7al\u0131\u015fma ve projelere imza atmaktad\u0131rlar. D\u00fczenledikleri bilimsel toplant\u0131, a\u00e7\u0131k oturum, panel, s\u00f6yle\u015fi ve g\u00f6sterilerle kamuoyunu \u00fclke ve d\u00fcnya sorunlar\u0131ndan haberdar etmektedirler.<\/p>\n","protected":false},"excerpt":{"rendered":"<p>\u0130stanbul Ticaret \u00dcniversitesi\u2019nin Kalbi \u00d6\u011frenci Topluluklar\u0131nda At\u0131yor. \u00dcniversite e\u011fitimi s\u00fcrecinde, akademik \u00f6\u011frenimin yan\u0131 s\u0131ra ders d\u0131\u015f\u0131 zamanlarda, ki\u015fisel geli\u015fimi sa\u011flayacak entelekt\u00fcel, k\u00fclt\u00fcrel, sosyal, sportif faaliyetler b\u00fcy\u00fck \u00f6nem ta\u015f\u0131maktad\u0131r. K\u00fclt\u00fcrel, sosyal ve sportif faaliyetler \u00f6\u011frencilerin yeteneklerini ortaya \u00e7\u0131kartmakta ve \u00e7ok boyutlu bir geli\u015fim imk\u00e2n\u0131 sunmaktad\u0131r. \u00d6zellikle \u00fcniversite ortam\u0131nda faaliyet g\u00f6steren \u00f6\u011frenci topluluklar\u0131 , \u00f6\u011frencilerin ki\u015fisel ve [&hellip;]<\/p>\n","protected":false},"author":1,"featured_media":0,"parent":0,"menu_order":0,"comment_status":"closed","ping_status":"closed","template":"genel_sayfa.php","meta":{"footnotes":""},"yoast_head":"<!-- This site is optimized with the Yoast SEO Premium plugin v22.1 (Yoast SEO v22.1) - https:\/\/yoast.com\/wordpress\/plugins\/seo\/ -->\n<title>\u00d6\u011frenci Etkinlikleri - Sa\u011fl\u0131k K\u00fclt\u00fcr ve Spor Daire Ba\u015fkanl\u0131\u011f\u0131<\/title>\n<meta name=\"robots\" content=\"index, follow, max-snippet:-1, max-image-preview:large, max-video-preview:-1\" \/>\n<link rel=\"canonical\" href=\"https:\/\/ticaret.edu.tr\/saglik-kultur-ve-spor-daire-baskanligi\/ogrenci-etkinlikleri\/\" \/>\n<meta property=\"og:locale\" content=\"tr_TR\" \/>\n<meta property=\"og:type\" content=\"article\" \/>\n<meta property=\"og:title\" content=\"\u00d6\u011frenci Etkinlikleri\" \/>\n<meta property=\"og:description\" content=\"\u0130stanbul Ticaret \u00dcniversitesi\u2019nin Kalbi \u00d6\u011frenci Topluluklar\u0131nda At\u0131yor. \u00dcniversite e\u011fitimi s\u00fcrecinde, akademik \u00f6\u011frenimin yan\u0131 s\u0131ra ders d\u0131\u015f\u0131 zamanlarda, ki\u015fisel geli\u015fimi sa\u011flayacak entelekt\u00fcel, k\u00fclt\u00fcrel, sosyal, sportif faaliyetler b\u00fcy\u00fck \u00f6nem ta\u015f\u0131maktad\u0131r. K\u00fclt\u00fcrel, sosyal ve sportif faaliyetler \u00f6\u011frencilerin yeteneklerini ortaya \u00e7\u0131kartmakta ve \u00e7ok boyutlu bir geli\u015fim imk\u00e2n\u0131 sunmaktad\u0131r. \u00d6zellikle \u00fcniversite ortam\u0131nda faaliyet g\u00f6steren \u00f6\u011frenci topluluklar\u0131 , \u00f6\u011frencilerin ki\u015fisel ve [&hellip;]\" \/>\n<meta property=\"og:url\" content=\"https:\/\/ticaret.edu.tr\/saglik-kultur-ve-spor-daire-baskanligi\/ogrenci-etkinlikleri\/\" \/>\n<meta property=\"og:site_name\" content=\"Sa\u011fl\u0131k K\u00fclt\u00fcr ve Spor Daire Ba\u015fkanl\u0131\u011f\u0131\" \/>\n<meta property=\"article:publisher\" content=\"https:\/\/www.facebook.com\/ticaretedutr\" \/>\n<meta property=\"article:modified_time\" content=\"2025-02-28T12:31:20+00:00\" \/>\n<meta property=\"og:image\" content=\"http:\/\/ticaret.edu.tr\/saglik-kultur-ve-spor-daire-baskanligi\/wp-content\/uploads\/sites\/32\/2021\/11\/web_logo-01.jpg\" \/>\n\t<meta property=\"og:image:width\" content=\"1250\" \/>\n\t<meta property=\"og:image:height\" content=\"833\" \/>\n\t<meta property=\"og:image:type\" content=\"image\/jpeg\" \/>\n<meta name=\"twitter:card\" content=\"summary_large_image\" \/>\n<meta name=\"twitter:site\" content=\"@ticaretedutr\" \/>\n<meta name=\"twitter:label1\" content=\"Tahmini okuma s\u00fcresi\" \/>\n\t<meta name=\"twitter:data1\" content=\"1 dakika\" \/>\n<script type=\"application\/ld+json\" class=\"yoast-schema-graph\">{\"@context\":\"https:\/\/schema.org\",\"@graph\":[{\"@type\":\"WebPage\",\"@id\":\"https:\/\/ticaret.edu.tr\/saglik-kultur-ve-spor-daire-baskanligi\/ogrenci-etkinlikleri\/\",\"url\":\"https:\/\/ticaret.edu.tr\/saglik-kultur-ve-spor-daire-baskanligi\/ogrenci-etkinlikleri\/\",\"name\":\"\u00d6\u011frenci Etkinlikleri - Sa\u011fl\u0131k K\u00fclt\u00fcr ve Spor Daire Ba\u015fkanl\u0131\u011f\u0131\",\"isPartOf\":{\"@id\":\"https:\/\/ticaret.edu.tr\/saglik-kultur-ve-spor-daire-baskanligi\/#website\"},\"datePublished\":\"2020-05-05T10:28:28+00:00\",\"dateModified\":\"2025-02-28T12:31:20+00:00\",\"breadcrumb\":{\"@id\":\"https:\/\/ticaret.edu.tr\/saglik-kultur-ve-spor-daire-baskanligi\/ogrenci-etkinlikleri\/#breadcrumb\"},\"inLanguage\":\"tr\",\"potentialAction\":[{\"@type\":\"ReadAction\",\"target\":[\"https:\/\/ticaret.edu.tr\/saglik-kultur-ve-spor-daire-baskanligi\/ogrenci-etkinlikleri\/\"]}]},{\"@type\":\"BreadcrumbList\",\"@id\":\"https:\/\/ticaret.edu.tr\/saglik-kultur-ve-spor-daire-baskanligi\/ogrenci-etkinlikleri\/#breadcrumb\",\"itemListElement\":[{\"@type\":\"ListItem\",\"position\":1,\"name\":\"Ana sayfa\",\"item\":\"https:\/\/ticaret.edu.tr\/saglik-kultur-ve-spor-daire-baskanligi\/\"},{\"@type\":\"ListItem\",\"position\":2,\"name\":\"\u00d6\u011frenci Etkinlikleri\"}]},{\"@type\":\"WebSite\",\"@id\":\"https:\/\/ticaret.edu.tr\/saglik-kultur-ve-spor-daire-baskanligi\/#website\",\"url\":\"https:\/\/ticaret.edu.tr\/saglik-kultur-ve-spor-daire-baskanligi\/\",\"name\":\"Sa\u011fl\u0131k K\u00fclt\u00fcr ve Spor Daire Ba\u015fkanl\u0131\u011f\u0131\",\"description\":\"\",\"potentialAction\":[{\"@type\":\"SearchAction\",\"target\":{\"@type\":\"EntryPoint\",\"urlTemplate\":\"https:\/\/ticaret.edu.tr\/saglik-kultur-ve-spor-daire-baskanligi\/?s={search_term_string}\"},\"query-input\":\"required name=search_term_string\"}],\"inLanguage\":\"tr\"}]}<\/script>\n<!-- \/ Yoast SEO Premium plugin. -->","yoast_head_json":{"title":"\u00d6\u011frenci Etkinlikleri - Sa\u011fl\u0131k K\u00fclt\u00fcr ve Spor Daire Ba\u015fkanl\u0131\u011f\u0131","robots":{"index":"index","follow":"follow","max-snippet":"max-snippet:-1","max-image-preview":"max-image-preview:large","max-video-preview":"max-video-preview:-1"},"canonical":"https:\/\/ticaret.edu.tr\/saglik-kultur-ve-spor-daire-baskanligi\/ogrenci-etkinlikleri\/","og_locale":"tr_TR","og_type":"article","og_title":"\u00d6\u011frenci Etkinlikleri","og_description":"\u0130stanbul Ticaret \u00dcniversitesi\u2019nin Kalbi \u00d6\u011frenci Topluluklar\u0131nda At\u0131yor. \u00dcniversite e\u011fitimi s\u00fcrecinde, akademik \u00f6\u011frenimin yan\u0131 s\u0131ra ders d\u0131\u015f\u0131 zamanlarda, ki\u015fisel geli\u015fimi sa\u011flayacak entelekt\u00fcel, k\u00fclt\u00fcrel, sosyal, sportif faaliyetler b\u00fcy\u00fck \u00f6nem ta\u015f\u0131maktad\u0131r. K\u00fclt\u00fcrel, sosyal ve sportif faaliyetler \u00f6\u011frencilerin yeteneklerini ortaya \u00e7\u0131kartmakta ve \u00e7ok boyutlu bir geli\u015fim imk\u00e2n\u0131 sunmaktad\u0131r. \u00d6zellikle \u00fcniversite ortam\u0131nda faaliyet g\u00f6steren \u00f6\u011frenci topluluklar\u0131 , \u00f6\u011frencilerin ki\u015fisel ve [&hellip;]","og_url":"https:\/\/ticaret.edu.tr\/saglik-kultur-ve-spor-daire-baskanligi\/ogrenci-etkinlikleri\/","og_site_name":"Sa\u011fl\u0131k K\u00fclt\u00fcr ve Spor Daire Ba\u015fkanl\u0131\u011f\u0131","article_publisher":"https:\/\/www.facebook.com\/ticaretedutr","article_modified_time":"2025-02-28T12:31:20+00:00","og_image":[{"width":1250,"height":833,"url":"http:\/\/ticaret.edu.tr\/saglik-kultur-ve-spor-daire-baskanligi\/wp-content\/uploads\/sites\/32\/2021\/11\/web_logo-01.jpg","type":"image\/jpeg"}],"twitter_card":"summary_large_image","twitter_site":"@ticaretedutr","twitter_misc":{"Tahmini okuma s\u00fcresi":"1 dakika"},"schema":{"@context":"https:\/\/schema.org","@graph":[{"@type":"WebPage","@id":"https:\/\/ticaret.edu.tr\/saglik-kultur-ve-spor-daire-baskanligi\/ogrenci-etkinlikleri\/","url":"https:\/\/ticaret.edu.tr\/saglik-kultur-ve-spor-daire-baskanligi\/ogrenci-etkinlikleri\/","name":"\u00d6\u011frenci Etkinlikleri - Sa\u011fl\u0131k K\u00fclt\u00fcr ve Spor Daire Ba\u015fkanl\u0131\u011f\u0131","isPartOf":{"@id":"https:\/\/ticaret.edu.tr\/saglik-kultur-ve-spor-daire-baskanligi\/#website"},"datePublished":"2020-05-05T10:28:28+00:00","dateModified":"2025-02-28T12:31:20+00:00","breadcrumb":{"@id":"https:\/\/ticaret.edu.tr\/saglik-kultur-ve-spor-daire-baskanligi\/ogrenci-etkinlikleri\/#breadcrumb"},"inLanguage":"tr","potentialAction":[{"@type":"ReadAction","target":["https:\/\/ticaret.edu.tr\/saglik-kultur-ve-spor-daire-baskanligi\/ogrenci-etkinlikleri\/"]}]},{"@type":"BreadcrumbList","@id":"https:\/\/ticaret.edu.tr\/saglik-kultur-ve-spor-daire-baskanligi\/ogrenci-etkinlikleri\/#breadcrumb","itemListElement":[{"@type":"ListItem","position":1,"name":"Ana sayfa","item":"https:\/\/ticaret.edu.tr\/saglik-kultur-ve-spor-daire-baskanligi\/"},{"@type":"ListItem","position":2,"name":"\u00d6\u011frenci Etkinlikleri"}]},{"@type":"WebSite","@id":"https:\/\/ticaret.edu.tr\/saglik-kultur-ve-spor-daire-baskanligi\/#website","url":"https:\/\/ticaret.edu.tr\/saglik-kultur-ve-spor-daire-baskanligi\/","name":"Sa\u011fl\u0131k K\u00fclt\u00fcr ve Spor Daire Ba\u015fkanl\u0131\u011f\u0131","description":"","potentialAction":[{"@type":"SearchAction","target":{"@type":"EntryPoint","urlTemplate":"https:\/\/ticaret.edu.tr\/saglik-kultur-ve-spor-daire-baskanligi\/?s={search_term_string}"},"query-input":"required name=search_term_string"}],"inLanguage":"tr"}]}},"lang":"tr","translations":{"tr":43},"pll_sync_post":[],"_links":{"self":[{"href":"http:\/\/ticaret.edu.tr\/saglik-kultur-ve-spor-daire-baskanligi\/wp-json\/wp\/v2\/pages\/43"}],"collection":[{"href":"http:\/\/ticaret.edu.tr\/saglik-kultur-ve-spor-daire-baskanligi\/wp-json\/wp\/v2\/pages"}],"about":[{"href":"http:\/\/ticaret.edu.tr\/saglik-kultur-ve-spor-daire-baskanligi\/wp-json\/wp\/v2\/types\/page"}],"author":[{"embeddable":true,"href":"http:\/\/ticaret.edu.tr\/saglik-kultur-ve-spor-daire-baskanligi\/wp-json\/wp\/v2\/users\/1"}],"replies":[{"embeddable":true,"href":"http:\/\/ticaret.edu.tr\/saglik-kultur-ve-spor-daire-baskanligi\/wp-json\/wp\/v2\/comments?post=43"}],"version-history":[{"count":2,"href":"http:\/\/ticaret.edu.tr\/saglik-kultur-ve-spor-daire-baskanligi\/wp-json\/wp\/v2\/pages\/43\/revisions"}],"predecessor-version":[{"id":559,"href":"http:\/\/ticaret.edu.tr\/saglik-kultur-ve-spor-daire-baskanligi\/wp-json\/wp\/v2\/pages\/43\/revisions\/559"}],"wp:attachment":[{"href":"http:\/\/ticaret.edu.tr\/saglik-kultur-ve-spor-daire-baskanligi\/wp-json\/wp\/v2\/media?parent=43"}],"curies":[{"name":"wp","href":"https:\/\/api.w.org\/{rel}","templated":true}]}}