{"id":49,"date":"2020-05-05T13:29:46","date_gmt":"2020-05-05T10:29:46","guid":{"rendered":"http:\/\/ticaret.edu.tr\/sks\/?page_id=49"},"modified":"2025-02-28T15:31:32","modified_gmt":"2025-02-28T12:31:32","slug":"topluluklarimiz","status":"publish","type":"page","link":"http:\/\/ticaret.edu.tr\/saglik-kultur-ve-spor-daire-baskanligi\/topluluklarimiz\/","title":{"rendered":"Topluluklar\u0131m\u0131z"},"content":{"rendered":"<table style=\"width: 700px;\" border=\"1\" width=\"612\" cellspacing=\"0\" cellpadding=\"2\">\n<colgroup>\n<col style=\"text-align: center;\" \/>\n<col style=\"text-align: center;\" \/>\n<col style=\"text-align: center;\" \/> <\/colgroup>\n<tbody>\n<tr>\n<td style=\"height: 21px; width: 612px; text-align: center;\" colspan=\"3\" height=\"21\"><strong>2019-2020 Akademik D\u00f6nemi \u00d6\u011frenci Topluluklar\u0131 Listesi<\/strong><\/td>\n<\/tr>\n<tr>\n<td style=\"height: 21px;\" height=\"21\"><\/td>\n<td><strong>TOPLULUK<\/strong><\/td>\n<td><strong>Ba\u015fkan<\/strong><\/td>\n<\/tr>\n<tr>\n<td style=\"height: 21px; width: 21px;\" height=\"21\">1<\/td>\n<td style=\"width: 364px;\">Afrika Toplulu\u011fu<\/td>\n<td style=\"width: 227px;\">Mahamat Ali Abdelkerim Begueyra<\/td>\n<\/tr>\n<tr>\n<td style=\"height: 21px; width: 21px;\" height=\"21\">2<\/td>\n<td style=\"width: 364px;\">AR-GE ve \u0130novasyon Toplulu\u011fu<\/td>\n<td style=\"width: 227px;\">Ayberk Emin Kotan<\/td>\n<\/tr>\n<tr>\n<td style=\"height: 21px; width: 21px;\" height=\"21\">3<\/td>\n<td style=\"width: 364px;\">Bankac\u0131l\u0131k ve Finans Toplulu\u011fu<\/td>\n<td style=\"width: 227px;\">Tayfun Bay\u0131nd\u0131r<\/td>\n<\/tr>\n<tr>\n<td style=\"height: 21px; width: 21px;\" height=\"21\">4<\/td>\n<td style=\"width: 364px;\">Borsa ve Yat\u0131r\u0131m Toplulu\u011fu<\/td>\n<td style=\"width: 227px;\">Mehmet Fatih Acun<\/td>\n<\/tr>\n<tr>\n<td style=\"height: 21px; width: 21px;\" height=\"21\">5<\/td>\n<td style=\"width: 364px;\">Dirili\u015f ve Medeniyet Toplulu\u011fu<\/td>\n<td style=\"width: 227px;\">Hasan Atasoy<\/td>\n<\/tr>\n<tr>\n<td style=\"height: 21px; width: 21px;\" height=\"21\">6<\/td>\n<td style=\"width: 364px;\">E- Spor Toplulu\u011fu<\/td>\n<td style=\"width: 227px;\">Talhan Tu\u011frul KORKMAZ<\/td>\n<\/tr>\n<tr>\n<td style=\"height: 21px; width: 21px;\" height=\"21\">7<\/td>\n<td style=\"width: 364px;\">End\u00fcstri M\u00fchendisli\u011fi Toplulu\u011fu<\/td>\n<td style=\"width: 227px;\">Beyza Arslan<\/td>\n<\/tr>\n<tr>\n<td style=\"height: 21px; width: 21px;\" height=\"21\">8<\/td>\n<td style=\"width: 364px;\">Erasmus Toplulu\u011fu<\/td>\n<td style=\"width: 227px;\">Melek Kurtishagai<\/td>\n<\/tr>\n<tr>\n<td style=\"height: 21px; width: 21px;\" height=\"21\">9<\/td>\n<td style=\"width: 364px;\">Fark\u0131ndal\u0131k Toplulu\u011fu<\/td>\n<td style=\"width: 227px;\">Tu\u011frulhan Kahraman<\/td>\n<\/tr>\n<tr>\n<td style=\"height: 21px; width: 21px;\" height=\"21\">10<\/td>\n<td style=\"width: 364px;\">Foto\u011fraf\u00e7\u0131l\u0131k Toplulu\u011fu<\/td>\n<td style=\"width: 227px;\">Cengizhan Ayka\u00e7<\/td>\n<\/tr>\n<tr>\n<td style=\"height: 21px; width: 21px;\" height=\"21\">11<\/td>\n<td style=\"width: 364px;\">Geleneksel T\u00fcrk Ok\u00e7ulu\u011fu Toplulu\u011fu<\/td>\n<td style=\"width: 227px;\">Mervenur Y\u0131lmaz<\/td>\n<\/tr>\n<tr>\n<td style=\"height: 21px; width: 21px;\" height=\"21\">12<\/td>\n<td style=\"width: 364px;\">Gen\u00e7 D\u00fc\u015f\u00fcnce Toplulu\u011fu<\/td>\n<td style=\"width: 227px;\">Mustafa Kaya<\/td>\n<\/tr>\n<tr>\n<td style=\"height: 21px; width: 21px;\" height=\"21\">13<\/td>\n<td style=\"width: 364px;\">Gen\u00e7 G\u00f6n\u00fcll\u00fcler Toplulu\u011fu<\/td>\n<td style=\"width: 227px;\">\u00a0Bekir Yahya Akbulut<\/td>\n<\/tr>\n<tr>\n<td style=\"height: 21px; width: 21px;\" height=\"21\">14<\/td>\n<td style=\"width: 364px;\">Gen\u00e7 \u00d6nc\u00fcler Toplulu\u011fu<\/td>\n<td style=\"width: 227px;\">Esmanur Durmu\u015f<\/td>\n<\/tr>\n<tr>\n<td style=\"height: 21px; width: 21px;\" height=\"21\">15<\/td>\n<td style=\"width: 364px;\">Giri\u015fimcilik Toplulu\u011fu<\/td>\n<td style=\"width: 227px;\">Esranaz Zeybek<\/td>\n<\/tr>\n<tr>\n<td style=\"height: 21px; width: 21px;\" height=\"21\">16<\/td>\n<td style=\"width: 364px;\">Hukuk Akademisi Toplulu\u011fu<\/td>\n<td style=\"width: 227px;\">\u00d6mer Faruk Duygu<\/td>\n<\/tr>\n<tr>\n<td style=\"height: 21px; width: 21px;\" height=\"21\">17<\/td>\n<td style=\"width: 364px;\">Hukuk Toplulu\u011fu<\/td>\n<td style=\"width: 227px;\">Ay\u015fenur Haberdar<\/td>\n<\/tr>\n<tr>\n<td style=\"height: 21px; width: 21px;\" height=\"21\">18<\/td>\n<td style=\"width: 364px;\">Hukuki D\u00fc\u015f\u00fcnce Toplulu\u011fu<\/td>\n<td style=\"width: 227px;\">Mert Yazkan<\/td>\n<\/tr>\n<tr>\n<td style=\"height: 21px; width: 21px;\" height=\"21\">19<\/td>\n<td style=\"width: 364px;\">Kadem Toplulu\u011fu<\/td>\n<td style=\"width: 227px;\">Rabia MENTE\u015e<\/td>\n<\/tr>\n<tr>\n<td style=\"height: 21px; width: 21px;\" height=\"21\">20<\/td>\n<td style=\"width: 364px;\">Kariyer ve Geli\u015fim\u00a0 Toplulu\u011fu<\/td>\n<td style=\"width: 227px;\">Mehmed Zahid AKDA\u015e<\/td>\n<\/tr>\n<tr>\n<td style=\"height: 21px; width: 21px;\" height=\"21\">21<\/td>\n<td style=\"width: 364px;\">K\u00fclt\u00fcr ve Edebiyat Toplulu\u011fu<\/td>\n<td style=\"width: 227px;\">Asena \u00f6zeken<\/td>\n<\/tr>\n<tr>\n<td style=\"height: 21px; width: 21px;\" height=\"21\">22<\/td>\n<td style=\"width: 364px;\">Mimarl\u0131k ve Tasar\u0131m Toplulu\u011fu<\/td>\n<td style=\"width: 227px;\">\u0130hsan Can Bayrak\u00e7eken<\/td>\n<\/tr>\n<tr>\n<td style=\"height: 21px; width: 21px;\" height=\"21\">23<\/td>\n<td style=\"width: 364px;\">Moda ve Tasar\u0131m Toplulu\u011fu<\/td>\n<td style=\"width: 227px;\">Dicle Yal\u00e7\u0131n<\/td>\n<\/tr>\n<tr>\n<td style=\"height: 21px; width: 21px;\" height=\"21\">24<\/td>\n<td style=\"width: 364px;\">M\u00fcnazara Toplulu\u011fu<\/td>\n<td style=\"width: 227px;\">Nadire \u0130kra Ero\u011flu<\/td>\n<\/tr>\n<tr>\n<td style=\"height: 21px; width: 21px;\" height=\"21\">25<\/td>\n<td style=\"width: 364px;\">M\u00fcspet Toplulu\u011fu<\/td>\n<td style=\"width: 227px;\">S\u00fcleyman Demir<\/td>\n<\/tr>\n<tr>\n<td style=\"height: 21px; width: 21px;\" height=\"21\">26<\/td>\n<td style=\"width: 364px;\">M\u00fczik Toplulu\u011fu<\/td>\n<td style=\"width: 227px;\">Tutku Ero\u011flu<\/td>\n<\/tr>\n<tr>\n<td style=\"height: 21px; width: 21px;\" height=\"21\">27<\/td>\n<td style=\"width: 364px;\">Ombudsmanl\u0131k Toplulu\u011fu<\/td>\n<td style=\"width: 227px;\">Batuhan Bat\u0131g\u00fcn<\/td>\n<\/tr>\n<tr>\n<td style=\"height: 21px; width: 21px;\" height=\"21\">28<\/td>\n<td style=\"width: 364px;\">Psikoloji Toplulu\u011fu<\/td>\n<td style=\"width: 227px;\">Merve Ta\u015fdemir<\/td>\n<\/tr>\n<tr>\n<td style=\"height: 21px; width: 21px;\" height=\"21\">29<\/td>\n<td style=\"width: 364px;\">Sinema Toplulu\u011fu<\/td>\n<td style=\"width: 227px;\">\u00d6zge T\u00f6ren<\/td>\n<\/tr>\n<tr>\n<td style=\"height: 21px; width: 21px;\" height=\"21\">30<\/td>\n<td style=\"width: 364px;\">Sivil Havac\u0131l\u0131k Toplulu\u011fu<\/td>\n<td style=\"width: 227px;\">Duygu \u00d6zen<\/td>\n<\/tr>\n<tr>\n<td style=\"height: 21px; width: 21px;\" height=\"21\">31<\/td>\n<td style=\"width: 364px;\">Siyaset Bilimi ve Uluslararas\u0131 \u0130li\u015fkiler Toplulu\u011fu<\/td>\n<td style=\"width: 227px;\">Yusuf Ana\u00e7al<\/td>\n<\/tr>\n<tr>\n<td style=\"height: 21px; width: 21px;\" height=\"21\">32<\/td>\n<td style=\"width: 364px;\">Sosyal Bilimler Toplulu\u011fu<\/td>\n<td style=\"width: 227px;\">Ahmet Alp Ate\u015f<\/td>\n<\/tr>\n<tr>\n<td style=\"height: 21px; width: 21px;\" height=\"21\">33<\/td>\n<td style=\"width: 364px;\">Sosyoloji Toplulu\u011fu<\/td>\n<td style=\"width: 227px;\">Billur G\u00fcrses<\/td>\n<\/tr>\n<tr>\n<td style=\"height: 21px; width: 21px;\" height=\"21\">34<\/td>\n<td style=\"width: 364px;\">Su Alt\u0131 Toplulu\u011fu<\/td>\n<td style=\"width: 227px;\">Ya\u011f\u0131z Kan<\/td>\n<\/tr>\n<tr>\n<td style=\"height: 21px; width: 21px;\" height=\"21\">35<\/td>\n<td style=\"width: 364px;\">Ticaret \u0130leti\u015fim Toplulu\u011fu<\/td>\n<td style=\"width: 227px;\">Mert Tan<\/td>\n<\/tr>\n<tr>\n<td style=\"height: 21px; width: 21px;\" height=\"21\">36<\/td>\n<td style=\"width: 364px;\">Tiyatro Toplulu\u011fu<\/td>\n<td style=\"width: 227px;\">Feyza Sevil G\u00fcng\u00f6r<\/td>\n<\/tr>\n<tr>\n<td style=\"height: 21px; width: 21px;\" height=\"21\">37<\/td>\n<td style=\"width: 364px;\">T\u00fcrk D\u00fcnyas\u0131 Ara\u015ft\u0131rmalar\u0131 Toplulu\u011fu<\/td>\n<td style=\"width: 227px;\">Ertu\u011frul Ku\u015fak\u00e7\u0131<\/td>\n<\/tr>\n<tr>\n<td style=\"height: 21px; width: 21px;\" height=\"21\">38<\/td>\n<td style=\"width: 364px;\">T\u00fcrk \u0130slam Sanatlar\u0131 Toplulu\u011fu<\/td>\n<td style=\"width: 227px;\">\u0130hsan Cenk Erkabalc\u0131<\/td>\n<\/tr>\n<tr>\n<td style=\"height: 21px; width: 21px;\" height=\"21\">39<\/td>\n<td style=\"width: 364px;\">T\u00fcrk K\u0131z\u0131lay\u0131 Toplulu\u011fu<\/td>\n<td style=\"width: 227px;\">S\u00fcleyman Tan<\/td>\n<\/tr>\n<tr>\n<td style=\"height: 21px; width: 21px;\" height=\"21\">40<\/td>\n<td style=\"width: 364px;\">U\u00e7ak ve Uzay Bilimleri Toplulu\u011fu<\/td>\n<td style=\"width: 227px;\">Berkay Ko\u00e7ak<\/td>\n<\/tr>\n<tr>\n<td style=\"height: 21px; width: 21px;\" height=\"21\">41<\/td>\n<td style=\"width: 364px;\">Ultraslan UNI Toplulu\u011fu<\/td>\n<td style=\"width: 227px;\">Hamza Serba\u015f<\/td>\n<\/tr>\n<tr>\n<td style=\"height: 21px; width: 21px;\" height=\"21\">42<\/td>\n<td style=\"width: 364px;\">UN\u0130GFB\u00a0 Toplulu\u011fu<\/td>\n<td style=\"width: 227px;\">Berkay \u00d6zkaya<\/td>\n<\/tr>\n<tr>\n<td style=\"height: 21px; width: 21px;\" height=\"21\">43<\/td>\n<td style=\"width: 364px;\">\u00dcretim Ara\u015ft\u0131rmalar\u0131 Toplulu\u011fu<\/td>\n<td style=\"width: 227px;\">Ali Eren Y\u0131lmaz<\/td>\n<\/tr>\n<tr>\n<td style=\"height: 21px; width: 21px;\" height=\"21\">44<\/td>\n<td style=\"width: 364px;\">Vuslat Toplulu\u011fu<\/td>\n<td style=\"width: 227px;\">Elif \u00d6ks\u00fcz<\/td>\n<\/tr>\n<tr>\n<td style=\"height: 21px; width: 21px;\" height=\"21\">45<\/td>\n<td style=\"width: 364px;\">Yap\u0131 ve \u0130n\u015faat Toplulu\u011fu<\/td>\n<td style=\"width: 227px;\">Esmanur U\u00e7an<\/td>\n<\/tr>\n<tr>\n<td style=\"height: 21px; width: 21px;\" height=\"21\">46<\/td>\n<td style=\"width: 364px;\">Yeniler Toplulu\u011fu<\/td>\n<td style=\"width: 227px;\">Ali R\u0131za Geylani<\/td>\n<\/tr>\n<tr>\n<td style=\"height: 21px; width: 21px;\" height=\"21\">47<\/td>\n<td style=\"width: 364px;\">Z Jenerasyonu Toplulu\u011fu<\/td>\n<td style=\"width: 227px;\">O\u011fuzhan G\u00f6kduman<\/td>\n<\/tr>\n<tr>\n<td style=\"height: 21px; width: 21px;\" height=\"21\"><\/td>\n<td style=\"width: 364px; text-align: center;\"><strong>ADAY TOPLULUKLAR<\/strong><\/td>\n<td style=\"width: 227px;\"><\/td>\n<\/tr>\n<tr>\n<td style=\"height: 21px; width: 21px;\" height=\"21\">48<\/td>\n<td>Bilgi ve Teknoloji Toplulu\u011fu<\/td>\n<td>Yunus Emre \u00d6zyurt<\/td>\n<\/tr>\n<tr>\n<td style=\"height: 21px;\" height=\"21\">49<\/td>\n<td style=\"width: 364px;\">IEEE \u0130stanbul Ticaret \u00dcniversitesi \u00d6\u011frenci Kolu Toplulu\u011fu<\/td>\n<td>Muhammed Ra\u015fid A\u011fa\u00e7<\/td>\n<\/tr>\n<tr>\n<td style=\"height: 21px; width: 21px;\" height=\"21\">50<\/td>\n<td>\u0130\u015fletme Toplulu\u011fu<\/td>\n<td>Kubilay Karaka\u015f<\/td>\n<\/tr>\n<tr>\n<td style=\"height: 21px; width: 21px;\" height=\"21\">51<\/td>\n<td>Matematik Toplulu\u011fu<\/td>\n<td>Dilara G\u00fcler<\/td>\n<\/tr>\n<tr>\n<td style=\"height: 21px; width: 21px;\" height=\"21\">52<\/td>\n<td>UN\u0130BJK Toplulu\u011fu<\/td>\n<td>\u0130smail Tuz<\/td>\n<\/tr>\n<\/tbody>\n<\/table>\n","protected":false},"excerpt":{"rendered":"<p>2019-2020 Akademik D\u00f6nemi \u00d6\u011frenci Topluluklar\u0131 Listesi TOPLULUK Ba\u015fkan 1 Afrika Toplulu\u011fu Mahamat Ali Abdelkerim Begueyra 2 AR-GE ve \u0130novasyon Toplulu\u011fu Ayberk Emin Kotan 3 Bankac\u0131l\u0131k ve Finans Toplulu\u011fu Tayfun Bay\u0131nd\u0131r 4 Borsa ve Yat\u0131r\u0131m Toplulu\u011fu Mehmet Fatih Acun 5 Dirili\u015f ve Medeniyet Toplulu\u011fu Hasan Atasoy 6 E- Spor Toplulu\u011fu Talhan Tu\u011frul KORKMAZ 7 End\u00fcstri M\u00fchendisli\u011fi [&hellip;]<\/p>\n","protected":false},"author":1,"featured_media":0,"parent":0,"menu_order":0,"comment_status":"closed","ping_status":"closed","template":"genel_sayfa.php","meta":{"footnotes":""},"yoast_head":"<!-- This site is optimized with the Yoast SEO Premium plugin v22.1 (Yoast SEO v22.1) - https:\/\/yoast.com\/wordpress\/plugins\/seo\/ -->\n<title>Topluluklar\u0131m\u0131z - Sa\u011fl\u0131k K\u00fclt\u00fcr ve Spor Daire Ba\u015fkanl\u0131\u011f\u0131<\/title>\n<meta name=\"robots\" content=\"index, follow, max-snippet:-1, max-image-preview:large, max-video-preview:-1\" \/>\n<link rel=\"canonical\" href=\"http:\/\/ticaret.edu.tr\/saglik-kultur-ve-spor-daire-baskanligi\/topluluklarimiz\/\" \/>\n<meta property=\"og:locale\" content=\"tr_TR\" \/>\n<meta property=\"og:type\" content=\"article\" \/>\n<meta property=\"og:title\" content=\"Topluluklar\u0131m\u0131z\" \/>\n<meta property=\"og:description\" content=\"2019-2020 Akademik D\u00f6nemi \u00d6\u011frenci Topluluklar\u0131 Listesi TOPLULUK Ba\u015fkan 1 Afrika Toplulu\u011fu Mahamat Ali Abdelkerim Begueyra 2 AR-GE ve \u0130novasyon Toplulu\u011fu Ayberk Emin Kotan 3 Bankac\u0131l\u0131k ve Finans Toplulu\u011fu Tayfun Bay\u0131nd\u0131r 4 Borsa ve Yat\u0131r\u0131m Toplulu\u011fu Mehmet Fatih Acun 5 Dirili\u015f ve Medeniyet Toplulu\u011fu Hasan Atasoy 6 E- Spor Toplulu\u011fu Talhan Tu\u011frul KORKMAZ 7 End\u00fcstri M\u00fchendisli\u011fi [&hellip;]\" \/>\n<meta property=\"og:url\" content=\"http:\/\/ticaret.edu.tr\/saglik-kultur-ve-spor-daire-baskanligi\/topluluklarimiz\/\" \/>\n<meta property=\"og:site_name\" content=\"Sa\u011fl\u0131k K\u00fclt\u00fcr ve Spor Daire Ba\u015fkanl\u0131\u011f\u0131\" \/>\n<meta property=\"article:publisher\" content=\"https:\/\/www.facebook.com\/ticaretedutr\" \/>\n<meta property=\"article:modified_time\" content=\"2025-02-28T12:31:32+00:00\" \/>\n<meta property=\"og:image\" content=\"http:\/\/ticaret.edu.tr\/saglik-kultur-ve-spor-daire-baskanligi\/wp-content\/uploads\/sites\/32\/2021\/11\/web_logo-01.jpg\" \/>\n\t<meta property=\"og:image:width\" content=\"1250\" \/>\n\t<meta property=\"og:image:height\" content=\"833\" \/>\n\t<meta property=\"og:image:type\" content=\"image\/jpeg\" \/>\n<meta name=\"twitter:card\" content=\"summary_large_image\" \/>\n<meta name=\"twitter:site\" content=\"@ticaretedutr\" \/>\n<meta name=\"twitter:label1\" content=\"Tahmini okuma s\u00fcresi\" \/>\n\t<meta name=\"twitter:data1\" content=\"2 dakika\" \/>\n<script type=\"application\/ld+json\" class=\"yoast-schema-graph\">{\"@context\":\"https:\/\/schema.org\",\"@graph\":[{\"@type\":\"WebPage\",\"@id\":\"http:\/\/ticaret.edu.tr\/saglik-kultur-ve-spor-daire-baskanligi\/topluluklarimiz\/\",\"url\":\"http:\/\/ticaret.edu.tr\/saglik-kultur-ve-spor-daire-baskanligi\/topluluklarimiz\/\",\"name\":\"Topluluklar\u0131m\u0131z - Sa\u011fl\u0131k K\u00fclt\u00fcr ve Spor Daire Ba\u015fkanl\u0131\u011f\u0131\",\"isPartOf\":{\"@id\":\"https:\/\/ticaret.edu.tr\/saglik-kultur-ve-spor-daire-baskanligi\/#website\"},\"datePublished\":\"2020-05-05T10:29:46+00:00\",\"dateModified\":\"2025-02-28T12:31:32+00:00\",\"breadcrumb\":{\"@id\":\"http:\/\/ticaret.edu.tr\/saglik-kultur-ve-spor-daire-baskanligi\/topluluklarimiz\/#breadcrumb\"},\"inLanguage\":\"tr\",\"potentialAction\":[{\"@type\":\"ReadAction\",\"target\":[\"http:\/\/ticaret.edu.tr\/saglik-kultur-ve-spor-daire-baskanligi\/topluluklarimiz\/\"]}]},{\"@type\":\"BreadcrumbList\",\"@id\":\"http:\/\/ticaret.edu.tr\/saglik-kultur-ve-spor-daire-baskanligi\/topluluklarimiz\/#breadcrumb\",\"itemListElement\":[{\"@type\":\"ListItem\",\"position\":1,\"name\":\"Ana sayfa\",\"item\":\"https:\/\/ticaret.edu.tr\/saglik-kultur-ve-spor-daire-baskanligi\/\"},{\"@type\":\"ListItem\",\"position\":2,\"name\":\"Topluluklar\u0131m\u0131z\"}]},{\"@type\":\"WebSite\",\"@id\":\"https:\/\/ticaret.edu.tr\/saglik-kultur-ve-spor-daire-baskanligi\/#website\",\"url\":\"https:\/\/ticaret.edu.tr\/saglik-kultur-ve-spor-daire-baskanligi\/\",\"name\":\"Sa\u011fl\u0131k K\u00fclt\u00fcr ve Spor Daire Ba\u015fkanl\u0131\u011f\u0131\",\"description\":\"\",\"potentialAction\":[{\"@type\":\"SearchAction\",\"target\":{\"@type\":\"EntryPoint\",\"urlTemplate\":\"https:\/\/ticaret.edu.tr\/saglik-kultur-ve-spor-daire-baskanligi\/?s={search_term_string}\"},\"query-input\":\"required name=search_term_string\"}],\"inLanguage\":\"tr\"}]}<\/script>\n<!-- \/ Yoast SEO Premium plugin. -->","yoast_head_json":{"title":"Topluluklar\u0131m\u0131z - Sa\u011fl\u0131k K\u00fclt\u00fcr ve Spor Daire Ba\u015fkanl\u0131\u011f\u0131","robots":{"index":"index","follow":"follow","max-snippet":"max-snippet:-1","max-image-preview":"max-image-preview:large","max-video-preview":"max-video-preview:-1"},"canonical":"http:\/\/ticaret.edu.tr\/saglik-kultur-ve-spor-daire-baskanligi\/topluluklarimiz\/","og_locale":"tr_TR","og_type":"article","og_title":"Topluluklar\u0131m\u0131z","og_description":"2019-2020 Akademik D\u00f6nemi \u00d6\u011frenci Topluluklar\u0131 Listesi TOPLULUK Ba\u015fkan 1 Afrika Toplulu\u011fu Mahamat Ali Abdelkerim Begueyra 2 AR-GE ve \u0130novasyon Toplulu\u011fu Ayberk Emin Kotan 3 Bankac\u0131l\u0131k ve Finans Toplulu\u011fu Tayfun Bay\u0131nd\u0131r 4 Borsa ve Yat\u0131r\u0131m Toplulu\u011fu Mehmet Fatih Acun 5 Dirili\u015f ve Medeniyet Toplulu\u011fu Hasan Atasoy 6 E- Spor Toplulu\u011fu Talhan Tu\u011frul KORKMAZ 7 End\u00fcstri M\u00fchendisli\u011fi [&hellip;]","og_url":"http:\/\/ticaret.edu.tr\/saglik-kultur-ve-spor-daire-baskanligi\/topluluklarimiz\/","og_site_name":"Sa\u011fl\u0131k K\u00fclt\u00fcr ve Spor Daire Ba\u015fkanl\u0131\u011f\u0131","article_publisher":"https:\/\/www.facebook.com\/ticaretedutr","article_modified_time":"2025-02-28T12:31:32+00:00","og_image":[{"width":1250,"height":833,"url":"http:\/\/ticaret.edu.tr\/saglik-kultur-ve-spor-daire-baskanligi\/wp-content\/uploads\/sites\/32\/2021\/11\/web_logo-01.jpg","type":"image\/jpeg"}],"twitter_card":"summary_large_image","twitter_site":"@ticaretedutr","twitter_misc":{"Tahmini okuma s\u00fcresi":"2 dakika"},"schema":{"@context":"https:\/\/schema.org","@graph":[{"@type":"WebPage","@id":"http:\/\/ticaret.edu.tr\/saglik-kultur-ve-spor-daire-baskanligi\/topluluklarimiz\/","url":"http:\/\/ticaret.edu.tr\/saglik-kultur-ve-spor-daire-baskanligi\/topluluklarimiz\/","name":"Topluluklar\u0131m\u0131z - Sa\u011fl\u0131k K\u00fclt\u00fcr ve Spor Daire Ba\u015fkanl\u0131\u011f\u0131","isPartOf":{"@id":"https:\/\/ticaret.edu.tr\/saglik-kultur-ve-spor-daire-baskanligi\/#website"},"datePublished":"2020-05-05T10:29:46+00:00","dateModified":"2025-02-28T12:31:32+00:00","breadcrumb":{"@id":"http:\/\/ticaret.edu.tr\/saglik-kultur-ve-spor-daire-baskanligi\/topluluklarimiz\/#breadcrumb"},"inLanguage":"tr","potentialAction":[{"@type":"ReadAction","target":["http:\/\/ticaret.edu.tr\/saglik-kultur-ve-spor-daire-baskanligi\/topluluklarimiz\/"]}]},{"@type":"BreadcrumbList","@id":"http:\/\/ticaret.edu.tr\/saglik-kultur-ve-spor-daire-baskanligi\/topluluklarimiz\/#breadcrumb","itemListElement":[{"@type":"ListItem","position":1,"name":"Ana sayfa","item":"https:\/\/ticaret.edu.tr\/saglik-kultur-ve-spor-daire-baskanligi\/"},{"@type":"ListItem","position":2,"name":"Topluluklar\u0131m\u0131z"}]},{"@type":"WebSite","@id":"https:\/\/ticaret.edu.tr\/saglik-kultur-ve-spor-daire-baskanligi\/#website","url":"https:\/\/ticaret.edu.tr\/saglik-kultur-ve-spor-daire-baskanligi\/","name":"Sa\u011fl\u0131k K\u00fclt\u00fcr ve Spor Daire Ba\u015fkanl\u0131\u011f\u0131","description":"","potentialAction":[{"@type":"SearchAction","target":{"@type":"EntryPoint","urlTemplate":"https:\/\/ticaret.edu.tr\/saglik-kultur-ve-spor-daire-baskanligi\/?s={search_term_string}"},"query-input":"required name=search_term_string"}],"inLanguage":"tr"}]}},"lang":"tr","translations":{"tr":49},"pll_sync_post":[],"_links":{"self":[{"href":"http:\/\/ticaret.edu.tr\/saglik-kultur-ve-spor-daire-baskanligi\/wp-json\/wp\/v2\/pages\/49"}],"collection":[{"href":"http:\/\/ticaret.edu.tr\/saglik-kultur-ve-spor-daire-baskanligi\/wp-json\/wp\/v2\/pages"}],"about":[{"href":"http:\/\/ticaret.edu.tr\/saglik-kultur-ve-spor-daire-baskanligi\/wp-json\/wp\/v2\/types\/page"}],"author":[{"embeddable":true,"href":"http:\/\/ticaret.edu.tr\/saglik-kultur-ve-spor-daire-baskanligi\/wp-json\/wp\/v2\/users\/1"}],"replies":[{"embeddable":true,"href":"http:\/\/ticaret.edu.tr\/saglik-kultur-ve-spor-daire-baskanligi\/wp-json\/wp\/v2\/comments?post=49"}],"version-history":[{"count":3,"href":"http:\/\/ticaret.edu.tr\/saglik-kultur-ve-spor-daire-baskanligi\/wp-json\/wp\/v2\/pages\/49\/revisions"}],"predecessor-version":[{"id":574,"href":"http:\/\/ticaret.edu.tr\/saglik-kultur-ve-spor-daire-baskanligi\/wp-json\/wp\/v2\/pages\/49\/revisions\/574"}],"wp:attachment":[{"href":"http:\/\/ticaret.edu.tr\/saglik-kultur-ve-spor-daire-baskanligi\/wp-json\/wp\/v2\/media?parent=49"}],"curies":[{"name":"wp","href":"https:\/\/api.w.org\/{rel}","templated":true}]}}