{"id":494,"date":"2021-09-20T12:32:11","date_gmt":"2021-09-20T09:32:11","guid":{"rendered":"http:\/\/ticaret.edu.tr\/sks\/?page_id=494"},"modified":"2025-02-28T15:31:09","modified_gmt":"2025-02-28T12:31:09","slug":"application-to-get-a-medical-examination","status":"publish","type":"page","link":"http:\/\/ticaret.edu.tr\/saglik-kultur-ve-spor-daire-baskanligi\/en\/application-to-get-a-medical-examination\/","title":{"rendered":"APPLICATION TO GET A MEDICAL EXAMINATION"},"content":{"rendered":"<p><strong>APPLICATION TO GET A MEDICAL EXAMINATION<\/strong><\/p>\n<ul>\n<li>Patients apply directly to the Healthcare Center,<\/li>\n<li>They are prescribed the necessary treatment according to the results of their medical examination,<\/li>\n<li>In cases where necessary, a follow-up appointment is scheduled,<\/li>\n<li>In cases where necessary, the patient is followed up by being admitted to the infirmary,<\/li>\n<li>The nurse informs the patient about his\/her prescription, treatment and care, and<\/li>\n<li>In cases where the patient needs psychological support, he or she is referred to the Psychological Counseling and Guidance Unit.<\/li>\n<\/ul>\n<table width=\"550\">\n<tbody>\n<tr>\n<td colspan=\"4\" width=\"550\"><strong>Days\/Time to Apply for a Medical Examination<\/strong><\/td>\n<\/tr>\n<tr>\n<td colspan=\"4\" width=\"550\"><\/td>\n<\/tr>\n<tr>\n<td colspan=\"2\"><strong><u>S\u00fctl\u00fcce Healthcare Center<\/u><\/strong><\/td>\n<td colspan=\"2\" width=\"262\"><strong><u>K\u00fc\u00e7\u00fckyal\u0131 Healthcare Center<\/u><\/strong><\/td>\n<\/tr>\n<tr>\n<td width=\"94\"><strong>Monday<\/strong><\/td>\n<td width=\"194\"><strong>: 08.30am-13.30pm<\/strong><\/td>\n<td width=\"80\"><strong>Tuesday<\/strong><\/td>\n<td width=\"183\"><strong>: 08.30am-13.30pm<\/strong><\/td>\n<\/tr>\n<tr>\n<td width=\"94\"><strong>Wednesday<\/strong><\/td>\n<td width=\"194\"><strong>: 08.30am-13.30pm<\/strong><\/td>\n<td width=\"80\"><strong>Thursday<\/strong><\/td>\n<td width=\"183\"><strong>: 08.30am-13.30pm<\/strong><\/td>\n<\/tr>\n<tr>\n<td width=\"94\"><strong>Friday<\/strong><\/td>\n<td width=\"194\"><strong>: 08.30am-13.30pm<\/strong><\/td>\n<td colspan=\"2\" width=\"262\"><\/td>\n<\/tr>\n<\/tbody>\n<\/table>\n<p><strong>\u00a0<\/strong><\/p>\n<p><strong>Other Services<\/strong><\/p>\n<ul>\n<li>Nurses provide wound and burn treatment, medical dressing and required vaccination services, and given the necessary injections.<\/li>\n<li>Treatments are not administered without a prescription.<\/li>\n<li>Injections prescribed by an external doctor are administered as well.<\/li>\n<li>In cases (Diabetes, Hypertension, etc.) where continuous follow-up is required, patients are followed up and treated, and patient education is provided.<\/li>\n<li>The medical checkups of the newly recruited employees are carried out, and these checkups are repeated periodically as necessary.<\/li>\n<li>Occupational accident reports are drawn up.<\/li>\n<\/ul>\n<p>Cafeterias and restaurants, wash basins and restrooms operating within the University are inspected in terms of compliance with health standards, and the medical checkups and examinations of the related personnel are carried out.<\/p>\n","protected":false},"excerpt":{"rendered":"<p>APPLICATION TO GET A MEDICAL EXAMINATION Patients apply directly to the Healthcare Center, They are prescribed the necessary treatment according to the results of their medical examination, In cases where necessary, a follow-up appointment is scheduled, In cases where necessary, the patient is followed up by being admitted to the infirmary, The nurse informs the [&hellip;]<\/p>\n","protected":false},"author":149,"featured_media":0,"parent":0,"menu_order":0,"comment_status":"closed","ping_status":"closed","template":"genel_sayfa.php","meta":{"footnotes":""},"yoast_head":"<!-- This site is optimized with the Yoast SEO Premium plugin v22.1 (Yoast SEO v22.1) - https:\/\/yoast.com\/wordpress\/plugins\/seo\/ -->\n<title>APPLICATION TO GET A MEDICAL EXAMINATION - Sa\u011fl\u0131k K\u00fclt\u00fcr ve Spor Daire Ba\u015fkanl\u0131\u011f\u0131<\/title>\n<meta name=\"robots\" content=\"index, follow, max-snippet:-1, max-image-preview:large, max-video-preview:-1\" \/>\n<link rel=\"canonical\" href=\"https:\/\/ticaret.edu.tr\/saglik-kultur-ve-spor-daire-baskanligi\/en\/application-to-get-a-medical-examination\/\" \/>\n<meta property=\"og:locale\" content=\"tr_TR\" \/>\n<meta property=\"og:type\" content=\"article\" \/>\n<meta property=\"og:title\" content=\"APPLICATION TO GET A MEDICAL EXAMINATION\" \/>\n<meta property=\"og:description\" content=\"APPLICATION TO GET A MEDICAL EXAMINATION Patients apply directly to the Healthcare Center, They are prescribed the necessary treatment according to the results of their medical examination, In cases where necessary, a follow-up appointment is scheduled, In cases where necessary, the patient is followed up by being admitted to the infirmary, The nurse informs the [&hellip;]\" \/>\n<meta property=\"og:url\" content=\"https:\/\/ticaret.edu.tr\/saglik-kultur-ve-spor-daire-baskanligi\/en\/application-to-get-a-medical-examination\/\" \/>\n<meta property=\"og:site_name\" content=\"Sa\u011fl\u0131k K\u00fclt\u00fcr ve Spor Daire Ba\u015fkanl\u0131\u011f\u0131\" \/>\n<meta property=\"article:publisher\" content=\"https:\/\/www.facebook.com\/ticaretedutr\" \/>\n<meta property=\"article:modified_time\" content=\"2025-02-28T12:31:09+00:00\" \/>\n<meta property=\"og:image\" content=\"http:\/\/ticaret.edu.tr\/saglik-kultur-ve-spor-daire-baskanligi\/wp-content\/uploads\/sites\/32\/2021\/11\/web_logo-01.jpg\" \/>\n\t<meta property=\"og:image:width\" content=\"1250\" \/>\n\t<meta property=\"og:image:height\" content=\"833\" \/>\n\t<meta property=\"og:image:type\" content=\"image\/jpeg\" \/>\n<meta name=\"twitter:card\" content=\"summary_large_image\" \/>\n<meta name=\"twitter:site\" content=\"@ticaretedutr\" \/>\n<meta name=\"twitter:label1\" content=\"Tahmini okuma s\u00fcresi\" \/>\n\t<meta name=\"twitter:data1\" content=\"1 dakika\" \/>\n<script type=\"application\/ld+json\" class=\"yoast-schema-graph\">{\"@context\":\"https:\/\/schema.org\",\"@graph\":[{\"@type\":\"WebPage\",\"@id\":\"https:\/\/ticaret.edu.tr\/saglik-kultur-ve-spor-daire-baskanligi\/en\/application-to-get-a-medical-examination\/\",\"url\":\"https:\/\/ticaret.edu.tr\/saglik-kultur-ve-spor-daire-baskanligi\/en\/application-to-get-a-medical-examination\/\",\"name\":\"APPLICATION TO GET A MEDICAL EXAMINATION - Sa\u011fl\u0131k K\u00fclt\u00fcr ve Spor Daire Ba\u015fkanl\u0131\u011f\u0131\",\"isPartOf\":{\"@id\":\"https:\/\/ticaret.edu.tr\/saglik-kultur-ve-spor-daire-baskanligi\/#website\"},\"datePublished\":\"2021-09-20T09:32:11+00:00\",\"dateModified\":\"2025-02-28T12:31:09+00:00\",\"breadcrumb\":{\"@id\":\"https:\/\/ticaret.edu.tr\/saglik-kultur-ve-spor-daire-baskanligi\/en\/application-to-get-a-medical-examination\/#breadcrumb\"},\"inLanguage\":\"tr\",\"potentialAction\":[{\"@type\":\"ReadAction\",\"target\":[\"https:\/\/ticaret.edu.tr\/saglik-kultur-ve-spor-daire-baskanligi\/en\/application-to-get-a-medical-examination\/\"]}]},{\"@type\":\"BreadcrumbList\",\"@id\":\"https:\/\/ticaret.edu.tr\/saglik-kultur-ve-spor-daire-baskanligi\/en\/application-to-get-a-medical-examination\/#breadcrumb\",\"itemListElement\":[{\"@type\":\"ListItem\",\"position\":1,\"name\":\"Ana sayfa\",\"item\":\"https:\/\/ticaret.edu.tr\/saglik-kultur-ve-spor-daire-baskanligi\/\"},{\"@type\":\"ListItem\",\"position\":2,\"name\":\"APPLICATION TO GET A MEDICAL EXAMINATION\"}]},{\"@type\":\"WebSite\",\"@id\":\"https:\/\/ticaret.edu.tr\/saglik-kultur-ve-spor-daire-baskanligi\/#website\",\"url\":\"https:\/\/ticaret.edu.tr\/saglik-kultur-ve-spor-daire-baskanligi\/\",\"name\":\"Sa\u011fl\u0131k K\u00fclt\u00fcr ve Spor Daire Ba\u015fkanl\u0131\u011f\u0131\",\"description\":\"\",\"potentialAction\":[{\"@type\":\"SearchAction\",\"target\":{\"@type\":\"EntryPoint\",\"urlTemplate\":\"https:\/\/ticaret.edu.tr\/saglik-kultur-ve-spor-daire-baskanligi\/?s={search_term_string}\"},\"query-input\":\"required name=search_term_string\"}],\"inLanguage\":\"tr\"}]}<\/script>\n<!-- \/ Yoast SEO Premium plugin. -->","yoast_head_json":{"title":"APPLICATION TO GET A MEDICAL EXAMINATION - Sa\u011fl\u0131k K\u00fclt\u00fcr ve Spor Daire Ba\u015fkanl\u0131\u011f\u0131","robots":{"index":"index","follow":"follow","max-snippet":"max-snippet:-1","max-image-preview":"max-image-preview:large","max-video-preview":"max-video-preview:-1"},"canonical":"https:\/\/ticaret.edu.tr\/saglik-kultur-ve-spor-daire-baskanligi\/en\/application-to-get-a-medical-examination\/","og_locale":"tr_TR","og_type":"article","og_title":"APPLICATION TO GET A MEDICAL EXAMINATION","og_description":"APPLICATION TO GET A MEDICAL EXAMINATION Patients apply directly to the Healthcare Center, They are prescribed the necessary treatment according to the results of their medical examination, In cases where necessary, a follow-up appointment is scheduled, In cases where necessary, the patient is followed up by being admitted to the infirmary, The nurse informs the [&hellip;]","og_url":"https:\/\/ticaret.edu.tr\/saglik-kultur-ve-spor-daire-baskanligi\/en\/application-to-get-a-medical-examination\/","og_site_name":"Sa\u011fl\u0131k K\u00fclt\u00fcr ve Spor Daire Ba\u015fkanl\u0131\u011f\u0131","article_publisher":"https:\/\/www.facebook.com\/ticaretedutr","article_modified_time":"2025-02-28T12:31:09+00:00","og_image":[{"width":1250,"height":833,"url":"http:\/\/ticaret.edu.tr\/saglik-kultur-ve-spor-daire-baskanligi\/wp-content\/uploads\/sites\/32\/2021\/11\/web_logo-01.jpg","type":"image\/jpeg"}],"twitter_card":"summary_large_image","twitter_site":"@ticaretedutr","twitter_misc":{"Tahmini okuma s\u00fcresi":"1 dakika"},"schema":{"@context":"https:\/\/schema.org","@graph":[{"@type":"WebPage","@id":"https:\/\/ticaret.edu.tr\/saglik-kultur-ve-spor-daire-baskanligi\/en\/application-to-get-a-medical-examination\/","url":"https:\/\/ticaret.edu.tr\/saglik-kultur-ve-spor-daire-baskanligi\/en\/application-to-get-a-medical-examination\/","name":"APPLICATION TO GET A MEDICAL EXAMINATION - Sa\u011fl\u0131k K\u00fclt\u00fcr ve Spor Daire Ba\u015fkanl\u0131\u011f\u0131","isPartOf":{"@id":"https:\/\/ticaret.edu.tr\/saglik-kultur-ve-spor-daire-baskanligi\/#website"},"datePublished":"2021-09-20T09:32:11+00:00","dateModified":"2025-02-28T12:31:09+00:00","breadcrumb":{"@id":"https:\/\/ticaret.edu.tr\/saglik-kultur-ve-spor-daire-baskanligi\/en\/application-to-get-a-medical-examination\/#breadcrumb"},"inLanguage":"tr","potentialAction":[{"@type":"ReadAction","target":["https:\/\/ticaret.edu.tr\/saglik-kultur-ve-spor-daire-baskanligi\/en\/application-to-get-a-medical-examination\/"]}]},{"@type":"BreadcrumbList","@id":"https:\/\/ticaret.edu.tr\/saglik-kultur-ve-spor-daire-baskanligi\/en\/application-to-get-a-medical-examination\/#breadcrumb","itemListElement":[{"@type":"ListItem","position":1,"name":"Ana sayfa","item":"https:\/\/ticaret.edu.tr\/saglik-kultur-ve-spor-daire-baskanligi\/"},{"@type":"ListItem","position":2,"name":"APPLICATION TO GET A MEDICAL EXAMINATION"}]},{"@type":"WebSite","@id":"https:\/\/ticaret.edu.tr\/saglik-kultur-ve-spor-daire-baskanligi\/#website","url":"https:\/\/ticaret.edu.tr\/saglik-kultur-ve-spor-daire-baskanligi\/","name":"Sa\u011fl\u0131k K\u00fclt\u00fcr ve Spor Daire Ba\u015fkanl\u0131\u011f\u0131","description":"","potentialAction":[{"@type":"SearchAction","target":{"@type":"EntryPoint","urlTemplate":"https:\/\/ticaret.edu.tr\/saglik-kultur-ve-spor-daire-baskanligi\/?s={search_term_string}"},"query-input":"required name=search_term_string"}],"inLanguage":"tr"}]}},"lang":"en","translations":{"en":494,"tr":27},"pll_sync_post":[],"_links":{"self":[{"href":"http:\/\/ticaret.edu.tr\/saglik-kultur-ve-spor-daire-baskanligi\/wp-json\/wp\/v2\/pages\/494"}],"collection":[{"href":"http:\/\/ticaret.edu.tr\/saglik-kultur-ve-spor-daire-baskanligi\/wp-json\/wp\/v2\/pages"}],"about":[{"href":"http:\/\/ticaret.edu.tr\/saglik-kultur-ve-spor-daire-baskanligi\/wp-json\/wp\/v2\/types\/page"}],"author":[{"embeddable":true,"href":"http:\/\/ticaret.edu.tr\/saglik-kultur-ve-spor-daire-baskanligi\/wp-json\/wp\/v2\/users\/149"}],"replies":[{"embeddable":true,"href":"http:\/\/ticaret.edu.tr\/saglik-kultur-ve-spor-daire-baskanligi\/wp-json\/wp\/v2\/comments?post=494"}],"version-history":[{"count":1,"href":"http:\/\/ticaret.edu.tr\/saglik-kultur-ve-spor-daire-baskanligi\/wp-json\/wp\/v2\/pages\/494\/revisions"}],"predecessor-version":[{"id":495,"href":"http:\/\/ticaret.edu.tr\/saglik-kultur-ve-spor-daire-baskanligi\/wp-json\/wp\/v2\/pages\/494\/revisions\/495"}],"wp:attachment":[{"href":"http:\/\/ticaret.edu.tr\/saglik-kultur-ve-spor-daire-baskanligi\/wp-json\/wp\/v2\/media?parent=494"}],"curies":[{"name":"wp","href":"https:\/\/api.w.org\/{rel}","templated":true}]}}