{"id":5,"date":"2020-05-05T12:30:27","date_gmt":"2020-05-05T09:30:27","guid":{"rendered":"http:\/\/ticaret.edu.tr\/sks\/?page_id=5"},"modified":"2025-09-22T09:06:56","modified_gmt":"2025-09-22T06:06:56","slug":"saglik-hizmetleri","status":"publish","type":"page","link":"http:\/\/ticaret.edu.tr\/saglik-kultur-ve-spor-daire-baskanligi\/saglik-hizmetleri\/","title":{"rendered":"Sa\u011fl\u0131k Hizmetleri"},"content":{"rendered":"<p>\u00dcniversitemizde; S\u00fctl\u00fcce, Emin\u00f6n\u00fc ve K\u00fc\u00e7\u00fckyal\u0131 olmak \u00fczere \u00fc\u00e7 ayr\u0131 Sa\u011fl\u0131k Merkezi hizmet vermektedir. Merkezlerimizde; acil m\u00fcdahale odas\u0131, poliklinik, d\u00f6rt yatakl\u0131 revir ve Psikolojik Dan\u0131\u015fmanl\u0131k ve Rehberlik Birimi bulunmaktad\u0131r. Sa\u011fl\u0131k merkezlerimizde yar\u0131 zamanl\u0131 (08:30-13:30) bir doktor, iki hem\u015fire, tam zamanl\u0131 bir Uzman Klinik Psikolog g\u00f6rev yapmaktad\u0131r.<\/p>\n<p>Merkezlerimizde ayr\u0131ca \u00f6\u011frencilerimize ve \u00e7al\u0131\u015fanlar\u0131m\u0131za Koruyucu Sa\u011fl\u0131k Hizmetleri, Bula\u015f\u0131c\u0131 Hastal\u0131klar ve Toplum Sa\u011fl\u0131\u011f\u0131 konular\u0131nda e\u011fitim verilmekte ve Sa\u011fl\u0131k Dan\u0131\u015fmanl\u0131\u011f\u0131 sunulmaktad\u0131r.<\/p>\n<p>Kay\u0131t s\u0131ras\u0131nda \u00f6\u011frencilerden al\u0131nan Sa\u011fl\u0131k Bilgi Formu, Ki\u015fisel Verilerin Korunmas\u0131 Kanunu (KVKK) gere\u011fince Sa\u011fl\u0131k Merkezine teslim edilmekte ve gizlilik ilkeleri do\u011frultusunda saklanmaktad\u0131r.<\/p>\n<p>\u00d6\u011frencilerimiz ve \u00e7al\u0131\u015fanlar\u0131m\u0131z, Sa\u011fl\u0131k Merkezlerimizde verilen muayene, pansuman, bak\u0131m, tedaviler ve Psikolojik Dan\u0131\u015fmanl\u0131k ve Rehberlik birimimizden \u00fccretsiz faydalanabilmektedir.<\/p>\n<h3 style=\"margin-top: 30px;\">Psikolojik Dan\u0131\u015fmanl\u0131k ve Rehberlik Birimi<\/h3>\n<p>\u00dcniversitemiz sa\u011fl\u0131k merkezi b\u00fcnyesinde faaliyet g\u00f6stermekte olan psikolojik dan\u0131\u015fmanl\u0131k ve rehberlik biriminde, bir uzman klinik psikolog g\u00f6rev yapmaktad\u0131r.<\/p>\n<p>Birimde; ba\u015fvuru yapan bireyde mevcut olan, psikolojik sorun niteli\u011fi ta\u015f\u0131yabilecek \u00e7e\u015fitli yak\u0131nmalara, s\u0131nav ve performans kayg\u0131s\u0131 ile ili\u015fkili sorunlara y\u00f6nelik psikoterapi \u00e7al\u0131\u015fmalar\u0131 yap\u0131lmaktad\u0131r. Ayr\u0131ca \u00fcniversite ortam\u0131yla ilgili uyumsuzluklar, kariyer ve gelecekle ilgili kayg\u0131lar, yeni sosyal ortamlar\u0131n getirdi\u011fi yeni ili\u015fki sorunlar\u0131, aile i\u00e7i sorunlar gibi hemen herkesin d\u00f6nem d\u00f6nem ya\u015fad\u0131\u011f\u0131 ve yaln\u0131z ba\u015f\u0131na ba\u015fa \u00e7\u0131kmakta zorland\u0131\u011f\u0131 durumlara y\u00f6nelik olarak da psikoterapi ve psikolojik dan\u0131\u015fmanl\u0131k hizmetleri sunulmaktad\u0131r.<\/p>\n<p>Bununla beraber; kendini daha iyi tan\u0131mak, sosyal ve ki\u015filer aras\u0131 ili\u015fkilerini geli\u015ftirmek, kar\u015f\u0131la\u015fabilece\u011fi her t\u00fcr soruna kar\u015f\u0131 ba\u015fa \u00e7\u0131kma stratejilerini daha etkin ve i\u015flevsel duruma getirmek i\u00e7in ba\u015fvuru yapan \u00f6\u011frencilerle yap\u0131lan psikoterapi ve psikolojik dan\u0131\u015fmanl\u0131k \u00e7al\u0131\u015fmalar\u0131, birimin \u201cKi\u015fisel Geli\u015fim\u201d aya\u011f\u0131n\u0131 olu\u015fturmaktad\u0131r.<\/p>\n<p>Sa\u011fl\u0131k bir b\u00fct\u00fcn oldu\u011fundan; psikolojik dan\u0131\u015fmanl\u0131k ve rehberlik birimi, \u00fcniversitenin sa\u011fl\u0131k merkezinin t\u0131bbi \u00fcniteleriyle tam koordinasyon halinde \u00e7al\u0131\u015fmakta, gerekli durumlarda kar\u015f\u0131l\u0131kl\u0131 y\u00f6nlendirme ve fikir al\u0131\u015f-veri\u015fi yapmaktad\u0131r.<\/p>\n<p>Medikal tedavinin (ila\u00e7, vb.) gerekli veya zorunlu oldu\u011fu kan\u0131s\u0131na var\u0131ld\u0131\u011f\u0131nda, dan\u0131\u015fanlar kurum d\u0131\u015f\u0131ndaki psikiyatri merkezlerine y\u00f6nlendirilmekte, s\u00f6z konusu merkezlerle i\u015f birli\u011fi i\u00e7inde \u00e7al\u0131\u015f\u0131larak tedavi kalitesinin ve etkinli\u011finin m\u00fcmk\u00fcn olan en \u00fcst d\u00fczeye getirilmesi ama\u00e7lanmaktad\u0131r.<\/p>\n<p>Birim, \u00fcniversitemiz \u00f6\u011frencilerinin yan\u0131 s\u0131ra, akademik ve idari personelimize de hizmet vermektedir. Ba\u015fvurularda g\u00f6n\u00fcll\u00fcl\u00fck ve gizlilik prensipleri daima \u00f6n planda tutulmakta, dan\u0131\u015fanlar\u0131n kimlik bilgileri, ba\u015fvuru nedenleri gibi bilgiler tamamen ve kesinlikle gizli tutulmaktad\u0131r. (Dan\u0131\u015fan\u0131n kendisine veya bir ba\u015fkas\u0131na fiziksel zarar verme olas\u0131l\u0131\u011f\u0131n\u0131n bulundu\u011fu durumlar hari\u00e7tir.)<\/p>\n<p>Acil durumlar d\u0131\u015f\u0131nda, verilen hizmetin kaliteli, d\u00fczenli ve s\u00fcrekli olabilmesinde etkili fakt\u00f6rlerden birini olu\u015fturmas\u0131 nedeniyle, ba\u015fvurularda \u00f6nceden randevu al\u0131nmas\u0131 beklenmektedir.<\/p>\n","protected":false},"excerpt":{"rendered":"<p>\u00dcniversitemizde; S\u00fctl\u00fcce, Emin\u00f6n\u00fc ve K\u00fc\u00e7\u00fckyal\u0131 olmak \u00fczere \u00fc\u00e7 ayr\u0131 Sa\u011fl\u0131k Merkezi hizmet vermektedir. Merkezlerimizde; acil m\u00fcdahale odas\u0131, poliklinik, d\u00f6rt yatakl\u0131 revir ve Psikolojik Dan\u0131\u015fmanl\u0131k ve Rehberlik Birimi bulunmaktad\u0131r. Sa\u011fl\u0131k merkezlerimizde yar\u0131 zamanl\u0131 (08:30-13:30) bir doktor, iki hem\u015fire, tam zamanl\u0131 bir Uzman Klinik Psikolog g\u00f6rev yapmaktad\u0131r. Merkezlerimizde ayr\u0131ca \u00f6\u011frencilerimize ve \u00e7al\u0131\u015fanlar\u0131m\u0131za Koruyucu Sa\u011fl\u0131k Hizmetleri, Bula\u015f\u0131c\u0131 Hastal\u0131klar [&hellip;]<\/p>\n","protected":false},"author":1,"featured_media":0,"parent":0,"menu_order":0,"comment_status":"closed","ping_status":"closed","template":"genel_sayfa.php","meta":{"footnotes":""},"yoast_head":"<!-- This site is optimized with the Yoast SEO Premium plugin v22.1 (Yoast SEO v22.1) - https:\/\/yoast.com\/wordpress\/plugins\/seo\/ -->\n<title>Sa\u011fl\u0131k Hizmetleri - Sa\u011fl\u0131k K\u00fclt\u00fcr ve Spor Daire Ba\u015fkanl\u0131\u011f\u0131<\/title>\n<meta name=\"robots\" content=\"index, follow, max-snippet:-1, max-image-preview:large, max-video-preview:-1\" \/>\n<link rel=\"canonical\" href=\"https:\/\/ticaret.edu.tr\/saglik-kultur-ve-spor-daire-baskanligi\/saglik-hizmetleri\/\" \/>\n<meta property=\"og:locale\" content=\"tr_TR\" \/>\n<meta property=\"og:type\" content=\"article\" \/>\n<meta property=\"og:title\" content=\"Sa\u011fl\u0131k Hizmetleri\" \/>\n<meta property=\"og:description\" content=\"\u00dcniversitemizde; S\u00fctl\u00fcce, Emin\u00f6n\u00fc ve K\u00fc\u00e7\u00fckyal\u0131 olmak \u00fczere \u00fc\u00e7 ayr\u0131 Sa\u011fl\u0131k Merkezi hizmet vermektedir. Merkezlerimizde; acil m\u00fcdahale odas\u0131, poliklinik, d\u00f6rt yatakl\u0131 revir ve Psikolojik Dan\u0131\u015fmanl\u0131k ve Rehberlik Birimi bulunmaktad\u0131r. Sa\u011fl\u0131k merkezlerimizde yar\u0131 zamanl\u0131 (08:30-13:30) bir doktor, iki hem\u015fire, tam zamanl\u0131 bir Uzman Klinik Psikolog g\u00f6rev yapmaktad\u0131r. Merkezlerimizde ayr\u0131ca \u00f6\u011frencilerimize ve \u00e7al\u0131\u015fanlar\u0131m\u0131za Koruyucu Sa\u011fl\u0131k Hizmetleri, Bula\u015f\u0131c\u0131 Hastal\u0131klar [&hellip;]\" \/>\n<meta property=\"og:url\" content=\"https:\/\/ticaret.edu.tr\/saglik-kultur-ve-spor-daire-baskanligi\/saglik-hizmetleri\/\" \/>\n<meta property=\"og:site_name\" content=\"Sa\u011fl\u0131k K\u00fclt\u00fcr ve Spor Daire Ba\u015fkanl\u0131\u011f\u0131\" \/>\n<meta property=\"article:publisher\" content=\"https:\/\/www.facebook.com\/ticaretedutr\" \/>\n<meta property=\"article:modified_time\" content=\"2025-09-22T06:06:56+00:00\" \/>\n<meta property=\"og:image\" content=\"http:\/\/ticaret.edu.tr\/saglik-kultur-ve-spor-daire-baskanligi\/wp-content\/uploads\/sites\/32\/2021\/11\/web_logo-01.jpg\" \/>\n\t<meta property=\"og:image:width\" content=\"1250\" \/>\n\t<meta property=\"og:image:height\" content=\"833\" \/>\n\t<meta property=\"og:image:type\" content=\"image\/jpeg\" \/>\n<meta name=\"twitter:card\" content=\"summary_large_image\" \/>\n<meta name=\"twitter:site\" content=\"@ticaretedutr\" \/>\n<meta name=\"twitter:label1\" content=\"Tahmini okuma s\u00fcresi\" \/>\n\t<meta name=\"twitter:data1\" content=\"3 dakika\" \/>\n<script type=\"application\/ld+json\" class=\"yoast-schema-graph\">{\"@context\":\"https:\/\/schema.org\",\"@graph\":[{\"@type\":\"WebPage\",\"@id\":\"https:\/\/ticaret.edu.tr\/saglik-kultur-ve-spor-daire-baskanligi\/saglik-hizmetleri\/\",\"url\":\"https:\/\/ticaret.edu.tr\/saglik-kultur-ve-spor-daire-baskanligi\/saglik-hizmetleri\/\",\"name\":\"Sa\u011fl\u0131k Hizmetleri - Sa\u011fl\u0131k K\u00fclt\u00fcr ve Spor Daire Ba\u015fkanl\u0131\u011f\u0131\",\"isPartOf\":{\"@id\":\"https:\/\/ticaret.edu.tr\/saglik-kultur-ve-spor-daire-baskanligi\/#website\"},\"datePublished\":\"2020-05-05T09:30:27+00:00\",\"dateModified\":\"2025-09-22T06:06:56+00:00\",\"breadcrumb\":{\"@id\":\"https:\/\/ticaret.edu.tr\/saglik-kultur-ve-spor-daire-baskanligi\/saglik-hizmetleri\/#breadcrumb\"},\"inLanguage\":\"tr\",\"potentialAction\":[{\"@type\":\"ReadAction\",\"target\":[\"https:\/\/ticaret.edu.tr\/saglik-kultur-ve-spor-daire-baskanligi\/saglik-hizmetleri\/\"]}]},{\"@type\":\"BreadcrumbList\",\"@id\":\"https:\/\/ticaret.edu.tr\/saglik-kultur-ve-spor-daire-baskanligi\/saglik-hizmetleri\/#breadcrumb\",\"itemListElement\":[{\"@type\":\"ListItem\",\"position\":1,\"name\":\"Ana sayfa\",\"item\":\"https:\/\/ticaret.edu.tr\/saglik-kultur-ve-spor-daire-baskanligi\/\"},{\"@type\":\"ListItem\",\"position\":2,\"name\":\"Sa\u011fl\u0131k Hizmetleri\"}]},{\"@type\":\"WebSite\",\"@id\":\"https:\/\/ticaret.edu.tr\/saglik-kultur-ve-spor-daire-baskanligi\/#website\",\"url\":\"https:\/\/ticaret.edu.tr\/saglik-kultur-ve-spor-daire-baskanligi\/\",\"name\":\"Sa\u011fl\u0131k K\u00fclt\u00fcr ve Spor Daire Ba\u015fkanl\u0131\u011f\u0131\",\"description\":\"\",\"potentialAction\":[{\"@type\":\"SearchAction\",\"target\":{\"@type\":\"EntryPoint\",\"urlTemplate\":\"https:\/\/ticaret.edu.tr\/saglik-kultur-ve-spor-daire-baskanligi\/?s={search_term_string}\"},\"query-input\":\"required name=search_term_string\"}],\"inLanguage\":\"tr\"}]}<\/script>\n<!-- \/ Yoast SEO Premium plugin. -->","yoast_head_json":{"title":"Sa\u011fl\u0131k Hizmetleri - Sa\u011fl\u0131k K\u00fclt\u00fcr ve Spor Daire Ba\u015fkanl\u0131\u011f\u0131","robots":{"index":"index","follow":"follow","max-snippet":"max-snippet:-1","max-image-preview":"max-image-preview:large","max-video-preview":"max-video-preview:-1"},"canonical":"https:\/\/ticaret.edu.tr\/saglik-kultur-ve-spor-daire-baskanligi\/saglik-hizmetleri\/","og_locale":"tr_TR","og_type":"article","og_title":"Sa\u011fl\u0131k Hizmetleri","og_description":"\u00dcniversitemizde; S\u00fctl\u00fcce, Emin\u00f6n\u00fc ve K\u00fc\u00e7\u00fckyal\u0131 olmak \u00fczere \u00fc\u00e7 ayr\u0131 Sa\u011fl\u0131k Merkezi hizmet vermektedir. Merkezlerimizde; acil m\u00fcdahale odas\u0131, poliklinik, d\u00f6rt yatakl\u0131 revir ve Psikolojik Dan\u0131\u015fmanl\u0131k ve Rehberlik Birimi bulunmaktad\u0131r. Sa\u011fl\u0131k merkezlerimizde yar\u0131 zamanl\u0131 (08:30-13:30) bir doktor, iki hem\u015fire, tam zamanl\u0131 bir Uzman Klinik Psikolog g\u00f6rev yapmaktad\u0131r. Merkezlerimizde ayr\u0131ca \u00f6\u011frencilerimize ve \u00e7al\u0131\u015fanlar\u0131m\u0131za Koruyucu Sa\u011fl\u0131k Hizmetleri, Bula\u015f\u0131c\u0131 Hastal\u0131klar [&hellip;]","og_url":"https:\/\/ticaret.edu.tr\/saglik-kultur-ve-spor-daire-baskanligi\/saglik-hizmetleri\/","og_site_name":"Sa\u011fl\u0131k K\u00fclt\u00fcr ve Spor Daire Ba\u015fkanl\u0131\u011f\u0131","article_publisher":"https:\/\/www.facebook.com\/ticaretedutr","article_modified_time":"2025-09-22T06:06:56+00:00","og_image":[{"width":1250,"height":833,"url":"http:\/\/ticaret.edu.tr\/saglik-kultur-ve-spor-daire-baskanligi\/wp-content\/uploads\/sites\/32\/2021\/11\/web_logo-01.jpg","type":"image\/jpeg"}],"twitter_card":"summary_large_image","twitter_site":"@ticaretedutr","twitter_misc":{"Tahmini okuma s\u00fcresi":"3 dakika"},"schema":{"@context":"https:\/\/schema.org","@graph":[{"@type":"WebPage","@id":"https:\/\/ticaret.edu.tr\/saglik-kultur-ve-spor-daire-baskanligi\/saglik-hizmetleri\/","url":"https:\/\/ticaret.edu.tr\/saglik-kultur-ve-spor-daire-baskanligi\/saglik-hizmetleri\/","name":"Sa\u011fl\u0131k Hizmetleri - Sa\u011fl\u0131k K\u00fclt\u00fcr ve Spor Daire Ba\u015fkanl\u0131\u011f\u0131","isPartOf":{"@id":"https:\/\/ticaret.edu.tr\/saglik-kultur-ve-spor-daire-baskanligi\/#website"},"datePublished":"2020-05-05T09:30:27+00:00","dateModified":"2025-09-22T06:06:56+00:00","breadcrumb":{"@id":"https:\/\/ticaret.edu.tr\/saglik-kultur-ve-spor-daire-baskanligi\/saglik-hizmetleri\/#breadcrumb"},"inLanguage":"tr","potentialAction":[{"@type":"ReadAction","target":["https:\/\/ticaret.edu.tr\/saglik-kultur-ve-spor-daire-baskanligi\/saglik-hizmetleri\/"]}]},{"@type":"BreadcrumbList","@id":"https:\/\/ticaret.edu.tr\/saglik-kultur-ve-spor-daire-baskanligi\/saglik-hizmetleri\/#breadcrumb","itemListElement":[{"@type":"ListItem","position":1,"name":"Ana sayfa","item":"https:\/\/ticaret.edu.tr\/saglik-kultur-ve-spor-daire-baskanligi\/"},{"@type":"ListItem","position":2,"name":"Sa\u011fl\u0131k Hizmetleri"}]},{"@type":"WebSite","@id":"https:\/\/ticaret.edu.tr\/saglik-kultur-ve-spor-daire-baskanligi\/#website","url":"https:\/\/ticaret.edu.tr\/saglik-kultur-ve-spor-daire-baskanligi\/","name":"Sa\u011fl\u0131k K\u00fclt\u00fcr ve Spor Daire Ba\u015fkanl\u0131\u011f\u0131","description":"","potentialAction":[{"@type":"SearchAction","target":{"@type":"EntryPoint","urlTemplate":"https:\/\/ticaret.edu.tr\/saglik-kultur-ve-spor-daire-baskanligi\/?s={search_term_string}"},"query-input":"required name=search_term_string"}],"inLanguage":"tr"}]}},"lang":"tr","translations":{"en":492,"tr":5},"pll_sync_post":[],"_links":{"self":[{"href":"http:\/\/ticaret.edu.tr\/saglik-kultur-ve-spor-daire-baskanligi\/wp-json\/wp\/v2\/pages\/5"}],"collection":[{"href":"http:\/\/ticaret.edu.tr\/saglik-kultur-ve-spor-daire-baskanligi\/wp-json\/wp\/v2\/pages"}],"about":[{"href":"http:\/\/ticaret.edu.tr\/saglik-kultur-ve-spor-daire-baskanligi\/wp-json\/wp\/v2\/types\/page"}],"author":[{"embeddable":true,"href":"http:\/\/ticaret.edu.tr\/saglik-kultur-ve-spor-daire-baskanligi\/wp-json\/wp\/v2\/users\/1"}],"replies":[{"embeddable":true,"href":"http:\/\/ticaret.edu.tr\/saglik-kultur-ve-spor-daire-baskanligi\/wp-json\/wp\/v2\/comments?post=5"}],"version-history":[{"count":11,"href":"http:\/\/ticaret.edu.tr\/saglik-kultur-ve-spor-daire-baskanligi\/wp-json\/wp\/v2\/pages\/5\/revisions"}],"predecessor-version":[{"id":1099,"href":"http:\/\/ticaret.edu.tr\/saglik-kultur-ve-spor-daire-baskanligi\/wp-json\/wp\/v2\/pages\/5\/revisions\/1099"}],"wp:attachment":[{"href":"http:\/\/ticaret.edu.tr\/saglik-kultur-ve-spor-daire-baskanligi\/wp-json\/wp\/v2\/media?parent=5"}],"curies":[{"name":"wp","href":"https:\/\/api.w.org\/{rel}","templated":true}]}}