{"id":500,"date":"2021-09-20T13:01:12","date_gmt":"2021-09-20T10:01:12","guid":{"rendered":"http:\/\/ticaret.edu.tr\/sks\/?page_id=500"},"modified":"2025-02-28T15:31:29","modified_gmt":"2025-02-28T12:31:29","slug":"student-societies-clubs","status":"publish","type":"page","link":"http:\/\/ticaret.edu.tr\/saglik-kultur-ve-spor-daire-baskanligi\/en\/student-societies-clubs\/","title":{"rendered":"Student Societies (Clubs)"},"content":{"rendered":"<p>As structures established by the initiatives of our students, our student societies are an integral part of campus life. Student societies provide an environment where our students can spend their free time and develop their talents and personalities based on their interests, in addition to attending classes. Student societies, which bring together our students with common dreams, hobbies and interests, also make important contributions to the formation and development of our students&#8217; social networks. Our students develop their teamwork competencies, learn time management and acquire skills such as project development within the framework of the activities performed by the student societies. Students have the opportunity to become a member of more than one student society and benefit from the activities organized by these student societies without limitation.<\/p>\n<p>In order to be informed about the activities of student societies operating in the University, they can be contacted in person or through their social media accounts.<\/p>\n<p>&nbsp;<\/p>\n<p><strong>STUDENT SOCIETIES WITH PERMANENT STATUS<\/strong><\/p>\n<p>&nbsp;<\/p>\n<table width=\"522\">\n<tbody>\n<tr>\n<td width=\"522\">African Society<\/td>\n<\/tr>\n<tr>\n<td width=\"522\">Banking and Finance Society<\/td>\n<\/tr>\n<tr>\n<td width=\"522\">Information and Technology Society<\/td>\n<\/tr>\n<tr>\n<td width=\"522\">Stock Exchange and Investment Society<\/td>\n<\/tr>\n<tr>\n<td width=\"522\">Revivement and Civilization Society<\/td>\n<\/tr>\n<tr>\n<td width=\"522\">Language Workshop Society<\/td>\n<\/tr>\n<tr>\n<td width=\"522\">E-sports Society<\/td>\n<\/tr>\n<tr>\n<td width=\"522\">Industrial Engineering Society<\/td>\n<\/tr>\n<tr>\n<td width=\"522\">Awareness Society<\/td>\n<\/tr>\n<tr>\n<td width=\"522\">Photography Society<\/td>\n<\/tr>\n<tr>\n<td width=\"522\">Traditional Turkish Archery Society<\/td>\n<\/tr>\n<tr>\n<td width=\"522\">Young Thinkers Society<\/td>\n<\/tr>\n<tr>\n<td width=\"522\">Young Volunteers Society<\/td>\n<\/tr>\n<tr>\n<td width=\"522\">Young Pioneers Society<\/td>\n<\/tr>\n<tr>\n<td width=\"522\">Entrepreneurship Society<\/td>\n<\/tr>\n<tr>\n<td width=\"522\">Law Academy Society<\/td>\n<\/tr>\n<tr>\n<td width=\"522\">Law Society<\/td>\n<\/tr>\n<tr>\n<td width=\"522\">Legal Thinking Society<\/td>\n<\/tr>\n<tr>\n<td width=\"522\">Business Society<\/td>\n<\/tr>\n<tr>\n<td width=\"522\">IEEE (Institute of Electrical and Electronics Engineers) \u0130stanbul Ticaret University Student Society<\/td>\n<\/tr>\n<tr>\n<td width=\"522\">Kadem (Women and Democracy Association) Society<\/td>\n<\/tr>\n<tr>\n<td width=\"522\">Personal and Career Development Society<\/td>\n<\/tr>\n<tr>\n<td width=\"522\">Creative Thinking Community<\/td>\n<\/tr>\n<tr>\n<td width=\"522\">Culture and Literature Society<\/td>\n<\/tr>\n<tr>\n<td width=\"522\">Architecture and Design Society<\/td>\n<\/tr>\n<tr>\n<td width=\"522\">Fashion and Design Society<\/td>\n<\/tr>\n<tr>\n<td width=\"522\">Debate Society<\/td>\n<\/tr>\n<tr>\n<td width=\"522\">Positive Thinking Society<\/td>\n<\/tr>\n<tr>\n<td width=\"522\">Music Society<\/td>\n<\/tr>\n<tr>\n<td width=\"522\">Ombudsman Society<\/td>\n<\/tr>\n<tr>\n<td width=\"522\">Psychology Society<\/td>\n<\/tr>\n<tr>\n<td width=\"522\">Cinema Society<\/td>\n<\/tr>\n<tr>\n<td width=\"522\">Civil Aviation Society<\/td>\n<\/tr>\n<tr>\n<td width=\"522\">Political Science and International Relations Society<\/td>\n<\/tr>\n<tr>\n<td width=\"522\">Sociology Society<\/td>\n<\/tr>\n<tr>\n<td width=\"522\">Underwater (Sub-Aqua) Society<\/td>\n<\/tr>\n<tr>\n<td width=\"522\">Trade Communications Society<\/td>\n<\/tr>\n<tr>\n<td width=\"522\">Theater Society<\/td>\n<\/tr>\n<tr>\n<td width=\"522\">Turkic World Studies Society<\/td>\n<\/tr>\n<tr>\n<td width=\"522\">Turkish-Islamic Arts Society<\/td>\n<\/tr>\n<tr>\n<td width=\"522\">Turkish Red Crescent Society<\/td>\n<\/tr>\n<tr>\n<td width=\"522\">Aeronautics and Astronautics Society<\/td>\n<\/tr>\n<tr>\n<td width=\"522\">Ultraslan UNI (Galatasaray Football Club University Fan Group) Society<\/td>\n<\/tr>\n<tr>\n<td width=\"522\">International Students Society<\/td>\n<\/tr>\n<tr>\n<td width=\"522\">UNIGFB (Fenerbah\u00e7e Football Club University Fan Group) \u00a0Society<\/td>\n<\/tr>\n<tr>\n<td width=\"522\">Production Research Society<\/td>\n<\/tr>\n<tr>\n<td width=\"522\">Reunion Society<\/td>\n<\/tr>\n<tr>\n<td width=\"522\">Building and Construction Society<\/td>\n<\/tr>\n<tr>\n<td width=\"522\">Reformists Society<\/td>\n<\/tr>\n<tr>\n<td width=\"522\">Generation Z Society<\/td>\n<\/tr>\n<\/tbody>\n<\/table>\n<p>&nbsp;<\/p>\n<p><strong>STUDENT SOCIETIES WITH CONDITIONAL STATUS<\/strong><\/p>\n<table width=\"522\">\n<tbody>\n<tr>\n<td width=\"522\">Mathematics Society<\/td>\n<\/tr>\n<tr>\n<td width=\"522\">UN\u0130BJK (Be\u015fikta\u015f Football Club University Fan Group) Society<\/td>\n<\/tr>\n<tr>\n<td width=\"522\">Robotics Society<\/td>\n<\/tr>\n<tr>\n<td width=\"522\">Statistics Society<\/td>\n<\/tr>\n<tr>\n<td width=\"522\">Ethical Research Society<\/td>\n<\/tr>\n<tr>\n<td width=\"522\">Art and Aesthetics Society<\/td>\n<\/tr>\n<tr>\n<td width=\"522\">Young Green Crescent Society<\/td>\n<\/tr>\n<\/tbody>\n<\/table>\n<p><strong>\u00a0<\/strong><\/p>\n","protected":false},"excerpt":{"rendered":"<p>As structures established by the initiatives of our students, our student societies are an integral part of campus life. Student societies provide an environment where our students can spend their free time and develop their talents and personalities based on their interests, in addition to attending classes. Student societies, which bring together our students with [&hellip;]<\/p>\n","protected":false},"author":149,"featured_media":0,"parent":0,"menu_order":0,"comment_status":"closed","ping_status":"closed","template":"genel_sayfa.php","meta":{"footnotes":""},"yoast_head":"<!-- This site is optimized with the Yoast SEO Premium plugin v22.1 (Yoast SEO v22.1) - https:\/\/yoast.com\/wordpress\/plugins\/seo\/ -->\n<title>Student Societies (Clubs) - Sa\u011fl\u0131k K\u00fclt\u00fcr ve Spor Daire Ba\u015fkanl\u0131\u011f\u0131<\/title>\n<meta name=\"robots\" content=\"index, follow, max-snippet:-1, max-image-preview:large, max-video-preview:-1\" \/>\n<link rel=\"canonical\" href=\"http:\/\/ticaret.edu.tr\/saglik-kultur-ve-spor-daire-baskanligi\/en\/student-societies-clubs\/\" \/>\n<meta property=\"og:locale\" content=\"tr_TR\" \/>\n<meta property=\"og:type\" content=\"article\" \/>\n<meta property=\"og:title\" content=\"Student Societies (Clubs)\" \/>\n<meta property=\"og:description\" content=\"As structures established by the initiatives of our students, our student societies are an integral part of campus life. Student societies provide an environment where our students can spend their free time and develop their talents and personalities based on their interests, in addition to attending classes. Student societies, which bring together our students with [&hellip;]\" \/>\n<meta property=\"og:url\" content=\"http:\/\/ticaret.edu.tr\/saglik-kultur-ve-spor-daire-baskanligi\/en\/student-societies-clubs\/\" \/>\n<meta property=\"og:site_name\" content=\"Sa\u011fl\u0131k K\u00fclt\u00fcr ve Spor Daire Ba\u015fkanl\u0131\u011f\u0131\" \/>\n<meta property=\"article:publisher\" content=\"https:\/\/www.facebook.com\/ticaretedutr\" \/>\n<meta property=\"article:modified_time\" content=\"2025-02-28T12:31:29+00:00\" \/>\n<meta property=\"og:image\" content=\"http:\/\/ticaret.edu.tr\/saglik-kultur-ve-spor-daire-baskanligi\/wp-content\/uploads\/sites\/32\/2021\/11\/web_logo-01.jpg\" \/>\n\t<meta property=\"og:image:width\" content=\"1250\" \/>\n\t<meta property=\"og:image:height\" content=\"833\" \/>\n\t<meta property=\"og:image:type\" content=\"image\/jpeg\" \/>\n<meta name=\"twitter:card\" content=\"summary_large_image\" \/>\n<meta name=\"twitter:site\" content=\"@ticaretedutr\" \/>\n<meta name=\"twitter:label1\" content=\"Tahmini okuma s\u00fcresi\" \/>\n\t<meta name=\"twitter:data1\" content=\"2 dakika\" \/>\n<script type=\"application\/ld+json\" class=\"yoast-schema-graph\">{\"@context\":\"https:\/\/schema.org\",\"@graph\":[{\"@type\":\"WebPage\",\"@id\":\"http:\/\/ticaret.edu.tr\/saglik-kultur-ve-spor-daire-baskanligi\/en\/student-societies-clubs\/\",\"url\":\"http:\/\/ticaret.edu.tr\/saglik-kultur-ve-spor-daire-baskanligi\/en\/student-societies-clubs\/\",\"name\":\"Student Societies (Clubs) - Sa\u011fl\u0131k K\u00fclt\u00fcr ve Spor Daire Ba\u015fkanl\u0131\u011f\u0131\",\"isPartOf\":{\"@id\":\"https:\/\/ticaret.edu.tr\/saglik-kultur-ve-spor-daire-baskanligi\/#website\"},\"datePublished\":\"2021-09-20T10:01:12+00:00\",\"dateModified\":\"2025-02-28T12:31:29+00:00\",\"breadcrumb\":{\"@id\":\"http:\/\/ticaret.edu.tr\/saglik-kultur-ve-spor-daire-baskanligi\/en\/student-societies-clubs\/#breadcrumb\"},\"inLanguage\":\"tr\",\"potentialAction\":[{\"@type\":\"ReadAction\",\"target\":[\"http:\/\/ticaret.edu.tr\/saglik-kultur-ve-spor-daire-baskanligi\/en\/student-societies-clubs\/\"]}]},{\"@type\":\"BreadcrumbList\",\"@id\":\"http:\/\/ticaret.edu.tr\/saglik-kultur-ve-spor-daire-baskanligi\/en\/student-societies-clubs\/#breadcrumb\",\"itemListElement\":[{\"@type\":\"ListItem\",\"position\":1,\"name\":\"Ana sayfa\",\"item\":\"https:\/\/ticaret.edu.tr\/saglik-kultur-ve-spor-daire-baskanligi\/\"},{\"@type\":\"ListItem\",\"position\":2,\"name\":\"Student Societies (Clubs)\"}]},{\"@type\":\"WebSite\",\"@id\":\"https:\/\/ticaret.edu.tr\/saglik-kultur-ve-spor-daire-baskanligi\/#website\",\"url\":\"https:\/\/ticaret.edu.tr\/saglik-kultur-ve-spor-daire-baskanligi\/\",\"name\":\"Sa\u011fl\u0131k K\u00fclt\u00fcr ve Spor Daire Ba\u015fkanl\u0131\u011f\u0131\",\"description\":\"\",\"potentialAction\":[{\"@type\":\"SearchAction\",\"target\":{\"@type\":\"EntryPoint\",\"urlTemplate\":\"https:\/\/ticaret.edu.tr\/saglik-kultur-ve-spor-daire-baskanligi\/?s={search_term_string}\"},\"query-input\":\"required name=search_term_string\"}],\"inLanguage\":\"tr\"}]}<\/script>\n<!-- \/ Yoast SEO Premium plugin. -->","yoast_head_json":{"title":"Student Societies (Clubs) - Sa\u011fl\u0131k K\u00fclt\u00fcr ve Spor Daire Ba\u015fkanl\u0131\u011f\u0131","robots":{"index":"index","follow":"follow","max-snippet":"max-snippet:-1","max-image-preview":"max-image-preview:large","max-video-preview":"max-video-preview:-1"},"canonical":"http:\/\/ticaret.edu.tr\/saglik-kultur-ve-spor-daire-baskanligi\/en\/student-societies-clubs\/","og_locale":"tr_TR","og_type":"article","og_title":"Student Societies (Clubs)","og_description":"As structures established by the initiatives of our students, our student societies are an integral part of campus life. Student societies provide an environment where our students can spend their free time and develop their talents and personalities based on their interests, in addition to attending classes. Student societies, which bring together our students with [&hellip;]","og_url":"http:\/\/ticaret.edu.tr\/saglik-kultur-ve-spor-daire-baskanligi\/en\/student-societies-clubs\/","og_site_name":"Sa\u011fl\u0131k K\u00fclt\u00fcr ve Spor Daire Ba\u015fkanl\u0131\u011f\u0131","article_publisher":"https:\/\/www.facebook.com\/ticaretedutr","article_modified_time":"2025-02-28T12:31:29+00:00","og_image":[{"width":1250,"height":833,"url":"http:\/\/ticaret.edu.tr\/saglik-kultur-ve-spor-daire-baskanligi\/wp-content\/uploads\/sites\/32\/2021\/11\/web_logo-01.jpg","type":"image\/jpeg"}],"twitter_card":"summary_large_image","twitter_site":"@ticaretedutr","twitter_misc":{"Tahmini okuma s\u00fcresi":"2 dakika"},"schema":{"@context":"https:\/\/schema.org","@graph":[{"@type":"WebPage","@id":"http:\/\/ticaret.edu.tr\/saglik-kultur-ve-spor-daire-baskanligi\/en\/student-societies-clubs\/","url":"http:\/\/ticaret.edu.tr\/saglik-kultur-ve-spor-daire-baskanligi\/en\/student-societies-clubs\/","name":"Student Societies (Clubs) - Sa\u011fl\u0131k K\u00fclt\u00fcr ve Spor Daire Ba\u015fkanl\u0131\u011f\u0131","isPartOf":{"@id":"https:\/\/ticaret.edu.tr\/saglik-kultur-ve-spor-daire-baskanligi\/#website"},"datePublished":"2021-09-20T10:01:12+00:00","dateModified":"2025-02-28T12:31:29+00:00","breadcrumb":{"@id":"http:\/\/ticaret.edu.tr\/saglik-kultur-ve-spor-daire-baskanligi\/en\/student-societies-clubs\/#breadcrumb"},"inLanguage":"tr","potentialAction":[{"@type":"ReadAction","target":["http:\/\/ticaret.edu.tr\/saglik-kultur-ve-spor-daire-baskanligi\/en\/student-societies-clubs\/"]}]},{"@type":"BreadcrumbList","@id":"http:\/\/ticaret.edu.tr\/saglik-kultur-ve-spor-daire-baskanligi\/en\/student-societies-clubs\/#breadcrumb","itemListElement":[{"@type":"ListItem","position":1,"name":"Ana sayfa","item":"https:\/\/ticaret.edu.tr\/saglik-kultur-ve-spor-daire-baskanligi\/"},{"@type":"ListItem","position":2,"name":"Student Societies (Clubs)"}]},{"@type":"WebSite","@id":"https:\/\/ticaret.edu.tr\/saglik-kultur-ve-spor-daire-baskanligi\/#website","url":"https:\/\/ticaret.edu.tr\/saglik-kultur-ve-spor-daire-baskanligi\/","name":"Sa\u011fl\u0131k K\u00fclt\u00fcr ve Spor Daire Ba\u015fkanl\u0131\u011f\u0131","description":"","potentialAction":[{"@type":"SearchAction","target":{"@type":"EntryPoint","urlTemplate":"https:\/\/ticaret.edu.tr\/saglik-kultur-ve-spor-daire-baskanligi\/?s={search_term_string}"},"query-input":"required name=search_term_string"}],"inLanguage":"tr"}]}},"lang":"en","translations":{"en":500,"tr":388},"pll_sync_post":[],"_links":{"self":[{"href":"http:\/\/ticaret.edu.tr\/saglik-kultur-ve-spor-daire-baskanligi\/wp-json\/wp\/v2\/pages\/500"}],"collection":[{"href":"http:\/\/ticaret.edu.tr\/saglik-kultur-ve-spor-daire-baskanligi\/wp-json\/wp\/v2\/pages"}],"about":[{"href":"http:\/\/ticaret.edu.tr\/saglik-kultur-ve-spor-daire-baskanligi\/wp-json\/wp\/v2\/types\/page"}],"author":[{"embeddable":true,"href":"http:\/\/ticaret.edu.tr\/saglik-kultur-ve-spor-daire-baskanligi\/wp-json\/wp\/v2\/users\/149"}],"replies":[{"embeddable":true,"href":"http:\/\/ticaret.edu.tr\/saglik-kultur-ve-spor-daire-baskanligi\/wp-json\/wp\/v2\/comments?post=500"}],"version-history":[{"count":2,"href":"http:\/\/ticaret.edu.tr\/saglik-kultur-ve-spor-daire-baskanligi\/wp-json\/wp\/v2\/pages\/500\/revisions"}],"predecessor-version":[{"id":510,"href":"http:\/\/ticaret.edu.tr\/saglik-kultur-ve-spor-daire-baskanligi\/wp-json\/wp\/v2\/pages\/500\/revisions\/510"}],"wp:attachment":[{"href":"http:\/\/ticaret.edu.tr\/saglik-kultur-ve-spor-daire-baskanligi\/wp-json\/wp\/v2\/media?parent=500"}],"curies":[{"name":"wp","href":"https:\/\/api.w.org\/{rel}","templated":true}]}}