{"id":51,"date":"2020-05-05T13:29:36","date_gmt":"2020-05-05T10:29:36","guid":{"rendered":"http:\/\/ticaret.edu.tr\/sks\/?page_id=51"},"modified":"2026-01-21T17:16:23","modified_gmt":"2026-01-21T14:16:23","slug":"etkinlik-duzenleme-bilgileri","status":"publish","type":"page","link":"http:\/\/ticaret.edu.tr\/saglik-kultur-ve-spor-daire-baskanligi\/etkinlik-duzenleme-bilgileri\/","title":{"rendered":"Etkinlik D\u00fczenleme Bilgileri"},"content":{"rendered":"<h3>A-\u00a0Etkinlik D\u00fczenlerken \u0130zlenmesi Gereken Ad\u0131mlar<\/h3>\n<p>&nbsp;<\/p>\n<ol>\n<li style=\"list-style-type: none;\">\n<ol>\n<li style=\"list-style-type: none;\">\n<ol>\n<li>Yap\u0131lmas\u0131 planlanan etkinlik Topluluk Ba\u015fkan\u0131 ve Dan\u0131\u015fman\u2019\u0131n \u0131slak imzalar\u0131n\u0131n bulundu\u011fu Faaliyet Plan\u0131\u2019nda yer almal\u0131d\u0131r.<\/li>\n<li>Etkinlik \u00dcniversitemiz konferans salonlar\u0131nda ger\u00e7ekle\u015ftirilecekse topluluk\u00a0 rezervasyonu etkinlikten \u00f6nce\u00a0 K\u00fclt\u00fcr ve Spor Birimine ba\u015fvuru i\u015flemlerinin yap\u0131lmas\u0131 gerekmektedir.<\/li>\n<li>Etkinlik Dilek\u00e7esi eksiksiz doldurulur.<br \/>\n<em>(Dijital ortamda doldurulmas\u0131 tercih edilir)<\/em><\/li>\n<li>Etkinlik i\u00e7in ihtiya\u00e7 duyulan malzeme, teknik ekipman, ara\u00e7 hizmeti gibi talepler\u00a0<strong>Ek Bilgiler<\/strong>\u00a0k\u0131sm\u0131na yaz\u0131l\u0131r.<\/li>\n<li>Konuk olarak gelecek ki\u015fi veya ki\u015filerin \u00f6zge\u00e7mi\u015fleri Ek olarak sunulur.<br \/>\n<em>(\u00d6zge\u00e7mi\u015f olarak LinkedIn profil veya herhangi bir kariyer sayfas\u0131n\u0131n yazd\u0131r\u0131lm\u0131\u015f hali kabul edilmemektedir.)<\/em><\/li>\n<li>Eksiksiz doldurulmu\u015f dilek\u00e7eye\u00a0<strong>Topluluk Ba\u015fkan\u0131 ve Dan\u0131\u015fman<\/strong>\u00a0taraf\u0131ndan \u0131slak imza at\u0131l\u0131r.<br \/>\n<em>(Etkinlik dilek\u00e7esi bir sayfadan fazla ise Topluluk Ba\u015fkan\u0131 ve Dan\u0131\u015fman her sayfaya paraf atmal\u0131d\u0131r.)<\/em><\/li>\n<li>B\u00fct\u00e7eli etkinliklerin Etkinlik Dilek\u00e7esi etkinlik tarihinden\u00a0<strong>en az bir ay <\/strong><strong>(1 ay) <\/strong><strong>\u00f6nce<\/strong>\u00a0K\u00fclt\u00fcr ve Spor birimine teslim edilir.<\/li>\n<li>B\u00fct\u00e7eli etkinliklerin faturas\u0131 \u00a0<strong>\u0130stanbul Ticaret \u00dcniversitesi<\/strong>\u00a0ad\u0131na d\u00fczenlenmelidir.<br \/>\n<em>(\u201cYa<\/em><em>z\u0131l\u0131 tutar kar\u015f\u0131l\u0131\u011f\u0131nda mal veya hizmet ald\u0131m\u201d ibaresi bulunan sat\u0131\u015f belgeleri (slip) kabul edilmemektedir.)<\/em><\/li>\n<li>\u0130stanbul Ticaret \u00dcniversitesi ad\u0131na d\u00fczenlenen faturalar\u0131n asl\u0131 K\u00fclt\u00fcr ve Spor Birimi\u2019ne teslim edilmelidir.<\/li>\n<li>B\u00fct\u00e7esiz etkinliklerin Etkinlik Dilek\u00e7esi etkinlik tarihinden\u00a0<strong>en az<\/strong><strong>\u00a0on be\u015f g\u00fcn (15)<\/strong><strong> \u00f6nce<\/strong>\u00a0K\u00fclt\u00fcr ve Spor Birimi\u2019ne teslim edilir.<\/li>\n<li>Sponsorluk al\u0131nabilecek firmalar aras\u0131nda alkoll\u00fc i\u00e7ecek ve sigara firmalar\u0131 bulunamaz.<\/li>\n<li>Onaylanan etkinli\u011fin afi\u015fi, afi\u015f standartlar\u0131na g\u00f6re tasarlan\u0131r ve Birim Sorumlusu afi\u015f \u00fczerinden kontrol\u00fc yapt\u0131ktan sonra afi\u015f bast\u0131r\u0131l\u0131r.<\/li>\n<li>Bast\u0131r\u0131lm\u0131\u015f afi\u015fler SKS Ba\u015fkan\u0131\u2019na ka\u015fe ve paraf at\u0131lmas\u0131 \u00fczere sunulur.<\/li>\n<li>Onaylanan etkinli\u011fin dijital ve fiziksel ortamda duyurular\u0131 yap\u0131labilir. Onaylanmayan etkinli\u011fin duyurusu yap\u0131lamaz.<\/li>\n<li>Onaylanan etkinli\u011fin \u0130stanbul Ticaret \u00dcniversitesi d\u0131\u015f\u0131 kat\u0131l\u0131mc\u0131lar\u0131n\u0131n Ad, Soyad ve ara\u00e7 plaka bilgileri listesi olu\u015fturularak K\u00fclt\u00fcr ve Spor Birimi (\u0130dari \u0130\u015fler Sorumlusu\u2019na) teslim edilir.<\/li>\n<li>Topluluklar\u0131n yurt i\u00e7i veya yurt d\u0131\u015f\u0131nda bir etkinli\u011fe kat\u0131lmak istemeleri durumunda etkinli\u011fi d\u00fczenleyen kurum\/kurulu\u015ftan resmi davet yaz\u0131s\u0131 veya dilek\u00e7e al\u0131nmal\u0131, Etkinlik Dilek\u00e7esi\u2019 ne eklenmelidir.<\/li>\n<li>Topluluklar\u0131n yurt i\u00e7i veya yurt d\u0131\u015f\u0131nda bir kurum veya topluluk ile ortak etkinlik yapmas\u0131 durumunda etkinlik payda\u015f\u0131 kurum veya toplulu\u011fun resmi davet yaz\u0131s\u0131 veya dilek\u00e7e al\u0131nmal\u0131, Etkinlik Dilek\u00e7esi\u2019 ne eklenmelidir.<\/li>\n<li>Etkinlik sonras\u0131, Etkinlik De\u011ferlendirme Raporu haz\u0131rlanarak Konu k\u0131sm\u0131na\u00a0<strong>\u2018\u2026\u2026\u2026\u2026. Toplulu\u011fu, \u2026\u2026\u2026\u2026\u2026. Etkinlik <\/strong><strong>Sonu\u00e7 Bildiri Formu <\/strong>yaz\u0131larak\u00a0<strong>K\u00fclt\u00fcr ve Spor Birimi\u2019ne teslim edilir.<\/strong><\/li>\n<li>Etkinlik Sonu\u00e7 Bildiri Formu<\/li>\n<\/ol>\n<ul>\n<li>Etkinlik afi\u015fi,<\/li>\n<li>Etkinlikten payla\u015f\u0131lmas\u0131 istenilen bir ya da iki foto\u011fraf,<\/li>\n<li>Etkinli\u011fin i\u00e7eri\u011fini, amac\u0131n\u0131 ve sonu\u00e7lar\u0131n\u0131 i\u00e7eren metin olmal\u0131d\u0131r.<\/li>\n<\/ul>\n<p>20. T\u00fcm etkinliklerde \u00d6\u011frenci Topluluklar\u0131 Y\u00f6nergesinde belirtilen kurallara uyulmas\u0131 gerekmektedir.<\/p>\n<p>21. * Etkinlik Ba\u015fvuru Formu kullan\u0131lmadan yap\u0131lan etkinlikler ge\u00e7ersiz say\u0131lacakt\u0131r.<\/li>\n<\/ol>\n<\/li>\n<\/ol>\n<h3 style=\"margin-top: 30px;\">B-\u00a0Etkinlik D\u00fczenlerken Dikkat edilmesi Gerekenler:<\/h3>\n<p>&nbsp;<\/p>\n<ol>\n<li><strong>Ama\u00e7<\/strong><\/li>\n<\/ol>\n<p>Topluluk faaliyetlerinde bir etkinlik ger\u00e7ekle\u015ftirmek i\u00e7in \u00f6ncelikle amac\u0131n do\u011fru bir \u015fekilde tespit edilmesi gerekmektedir. Etkinli\u011fin i\u00e7eri\u011fi ve kapsam\u0131 bu amaca g\u00f6re \u015fekillenecektir.<\/p>\n<ol start=\"2\">\n<li><strong>Ara\u015ft\u0131rma<\/strong><\/li>\n<\/ol>\n<p>Ama\u00e7 belirlendikten sonra konu ile ilgili \u00e7ok y\u00f6nl\u00fc bir ara\u015ft\u0131rma yap\u0131lmal\u0131d\u0131r. Bu a\u015famada konu ve konu\u015fmac\u0131 se\u00e7iminde titiz davran\u0131lmal\u0131d\u0131r. Konu\u015fmac\u0131lar\u0131n alan\u0131nda uzman ve yetkin olmas\u0131na dikkat edilmelidir. \u00d6ncelikli olarak d\u00fczenlenecek etkinliklerde hedef kitlenin beklentileri ve ihtiya\u00e7lar\u0131 dikkate al\u0131nmal\u0131d\u0131r.<\/p>\n<ol start=\"3\">\n<li><strong>Planlama\u00a0<\/strong><\/li>\n<\/ol>\n<p>\u0130yi bir organizasyon plan\u0131 ba\u015far\u0131n\u0131n anahtar\u0131d\u0131r. Planlama a\u015famas\u0131na ge\u00e7meden destek al\u0131nabilecek payda\u015flarla isti\u015fareler yap\u0131lmal\u0131d\u0131r. Daha sonra organizasyonu fikir a\u015famas\u0131ndan tamamlanmas\u0131na kadar t\u00fcm s\u00fcre\u00e7leri zaman plan\u0131na g\u00f6re detayland\u0131rmak gerekir. Bu a\u015famada hem zaman plan\u0131 yap\u0131lmal\u0131 hem de organizasyon ekibinin g\u00f6rev ve sorumluluklar\u0131 belirlenmelidir.<\/p>\n<ol start=\"4\">\n<li><strong>Duyuru \u00c7al\u0131\u015fmalar\u0131<\/strong><\/li>\n<\/ol>\n<p>Duyuru faaliyetleri bir organizasyon i\u00e7in hayati \u00f6neme sahiptir. Bunun i\u00e7in hangi mecralar\u0131, hangi ileti\u015fim ara\u00e7lar\u0131n\u0131 nas\u0131l kullanaca\u011f\u0131n\u0131z hakk\u0131nda bilgi sahibi olunmal\u0131d\u0131r. Web Sitesi, sosyal medya hesaplar\u0131, afi\u015f vb. mecralar kullan\u0131labilir.<\/p>\n<ol start=\"5\">\n<li><strong>Uygulama\u00a0<\/strong><\/li>\n<\/ol>\n<p>Uygulama organizasyon s\u00fcrecinin en hassas a\u015famas\u0131d\u0131r. Bu a\u015famada ekip \u00e7al\u0131\u015fmas\u0131 liderin \u00f6nc\u00fcl\u00fc\u011f\u00fcnde dikkatli bir \u015fekilde t\u00fcm ayr\u0131nt\u0131lar en ince detaya kadar takip edilmelidir. Uygulama a\u015famas\u0131na ge\u00e7meden \u00f6nce gerekli izinlerin al\u0131nmas\u0131, teknik gereksinimler, lojistik, duyurular, konu\u015fmac\u0131lardan son teyitlerin al\u0131nmas\u0131, kat\u0131l\u0131mc\u0131lardan teyitlerin al\u0131nmas\u0131 gibi a\u015famalar tamamlanm\u0131\u015f olmal\u0131d\u0131r.<\/p>\n<ol start=\"6\">\n<li><strong>De\u011ferlendirme\u00a0<\/strong><\/li>\n<\/ol>\n<p>Organizasyonlarda son a\u015fama \u00f6l\u00e7me ve de\u011ferlendirmedir. Her faaliyetin geri bildirimi hedef kitleden al\u0131nmal\u0131 ve sonu\u00e7lar titizlikle de\u011ferlendirilmelidir. Yap\u0131lan etkinli\u011fin verimlili\u011fi, etkinli\u011fi ve amac\u0131na ula\u015f\u0131p ula\u015fmad\u0131\u011f\u0131 geri bildirimlerle m\u00fcmk\u00fcnd\u00fcr.<\/p>\n","protected":false},"excerpt":{"rendered":"<p>A-\u00a0Etkinlik D\u00fczenlerken \u0130zlenmesi Gereken Ad\u0131mlar &nbsp; Yap\u0131lmas\u0131 planlanan etkinlik Topluluk Ba\u015fkan\u0131 ve Dan\u0131\u015fman\u2019\u0131n \u0131slak imzalar\u0131n\u0131n bulundu\u011fu Faaliyet Plan\u0131\u2019nda yer almal\u0131d\u0131r. Etkinlik \u00dcniversitemiz konferans salonlar\u0131nda ger\u00e7ekle\u015ftirilecekse topluluk\u00a0 rezervasyonu etkinlikten \u00f6nce\u00a0 K\u00fclt\u00fcr ve Spor Birimine ba\u015fvuru i\u015flemlerinin yap\u0131lmas\u0131 gerekmektedir. Etkinlik Dilek\u00e7esi eksiksiz doldurulur. (Dijital ortamda doldurulmas\u0131 tercih edilir) Etkinlik i\u00e7in ihtiya\u00e7 duyulan malzeme, teknik ekipman, ara\u00e7 hizmeti [&hellip;]<\/p>\n","protected":false},"author":1,"featured_media":0,"parent":0,"menu_order":0,"comment_status":"closed","ping_status":"closed","template":"genel_sayfa.php","meta":{"footnotes":""},"yoast_head":"<!-- This site is optimized with the Yoast SEO Premium plugin v22.1 (Yoast SEO v22.1) - https:\/\/yoast.com\/wordpress\/plugins\/seo\/ -->\n<title>Etkinlik D\u00fczenleme Bilgileri - Sa\u011fl\u0131k K\u00fclt\u00fcr ve Spor Daire Ba\u015fkanl\u0131\u011f\u0131<\/title>\n<meta name=\"robots\" content=\"index, follow, max-snippet:-1, max-image-preview:large, max-video-preview:-1\" \/>\n<link rel=\"canonical\" href=\"https:\/\/ticaret.edu.tr\/saglik-kultur-ve-spor-daire-baskanligi\/etkinlik-duzenleme-bilgileri\/\" \/>\n<meta property=\"og:locale\" content=\"tr_TR\" \/>\n<meta property=\"og:type\" content=\"article\" \/>\n<meta property=\"og:title\" content=\"Etkinlik D\u00fczenleme Bilgileri\" \/>\n<meta property=\"og:description\" content=\"A-\u00a0Etkinlik D\u00fczenlerken \u0130zlenmesi Gereken Ad\u0131mlar &nbsp; Yap\u0131lmas\u0131 planlanan etkinlik Topluluk Ba\u015fkan\u0131 ve Dan\u0131\u015fman\u2019\u0131n \u0131slak imzalar\u0131n\u0131n bulundu\u011fu Faaliyet Plan\u0131\u2019nda yer almal\u0131d\u0131r. Etkinlik \u00dcniversitemiz konferans salonlar\u0131nda ger\u00e7ekle\u015ftirilecekse topluluk\u00a0 rezervasyonu etkinlikten \u00f6nce\u00a0 K\u00fclt\u00fcr ve Spor Birimine ba\u015fvuru i\u015flemlerinin yap\u0131lmas\u0131 gerekmektedir. Etkinlik Dilek\u00e7esi eksiksiz doldurulur. (Dijital ortamda doldurulmas\u0131 tercih edilir) Etkinlik i\u00e7in ihtiya\u00e7 duyulan malzeme, teknik ekipman, ara\u00e7 hizmeti [&hellip;]\" \/>\n<meta property=\"og:url\" content=\"https:\/\/ticaret.edu.tr\/saglik-kultur-ve-spor-daire-baskanligi\/etkinlik-duzenleme-bilgileri\/\" \/>\n<meta property=\"og:site_name\" content=\"Sa\u011fl\u0131k K\u00fclt\u00fcr ve Spor Daire Ba\u015fkanl\u0131\u011f\u0131\" \/>\n<meta property=\"article:publisher\" content=\"https:\/\/www.facebook.com\/ticaretedutr\" \/>\n<meta property=\"article:modified_time\" content=\"2026-01-21T14:16:23+00:00\" \/>\n<meta property=\"og:image\" content=\"http:\/\/ticaret.edu.tr\/saglik-kultur-ve-spor-daire-baskanligi\/wp-content\/uploads\/sites\/32\/2021\/11\/web_logo-01.jpg\" \/>\n\t<meta property=\"og:image:width\" content=\"1250\" \/>\n\t<meta property=\"og:image:height\" content=\"833\" \/>\n\t<meta property=\"og:image:type\" content=\"image\/jpeg\" \/>\n<meta name=\"twitter:card\" content=\"summary_large_image\" \/>\n<meta name=\"twitter:site\" content=\"@ticaretedutr\" \/>\n<meta name=\"twitter:label1\" content=\"Tahmini okuma s\u00fcresi\" \/>\n\t<meta name=\"twitter:data1\" content=\"4 dakika\" \/>\n<script type=\"application\/ld+json\" class=\"yoast-schema-graph\">{\"@context\":\"https:\/\/schema.org\",\"@graph\":[{\"@type\":\"WebPage\",\"@id\":\"https:\/\/ticaret.edu.tr\/saglik-kultur-ve-spor-daire-baskanligi\/etkinlik-duzenleme-bilgileri\/\",\"url\":\"https:\/\/ticaret.edu.tr\/saglik-kultur-ve-spor-daire-baskanligi\/etkinlik-duzenleme-bilgileri\/\",\"name\":\"Etkinlik D\u00fczenleme Bilgileri - Sa\u011fl\u0131k K\u00fclt\u00fcr ve Spor Daire Ba\u015fkanl\u0131\u011f\u0131\",\"isPartOf\":{\"@id\":\"https:\/\/ticaret.edu.tr\/saglik-kultur-ve-spor-daire-baskanligi\/#website\"},\"datePublished\":\"2020-05-05T10:29:36+00:00\",\"dateModified\":\"2026-01-21T14:16:23+00:00\",\"breadcrumb\":{\"@id\":\"https:\/\/ticaret.edu.tr\/saglik-kultur-ve-spor-daire-baskanligi\/etkinlik-duzenleme-bilgileri\/#breadcrumb\"},\"inLanguage\":\"tr\",\"potentialAction\":[{\"@type\":\"ReadAction\",\"target\":[\"https:\/\/ticaret.edu.tr\/saglik-kultur-ve-spor-daire-baskanligi\/etkinlik-duzenleme-bilgileri\/\"]}]},{\"@type\":\"BreadcrumbList\",\"@id\":\"https:\/\/ticaret.edu.tr\/saglik-kultur-ve-spor-daire-baskanligi\/etkinlik-duzenleme-bilgileri\/#breadcrumb\",\"itemListElement\":[{\"@type\":\"ListItem\",\"position\":1,\"name\":\"Ana sayfa\",\"item\":\"https:\/\/ticaret.edu.tr\/saglik-kultur-ve-spor-daire-baskanligi\/\"},{\"@type\":\"ListItem\",\"position\":2,\"name\":\"Etkinlik D\u00fczenleme Bilgileri\"}]},{\"@type\":\"WebSite\",\"@id\":\"https:\/\/ticaret.edu.tr\/saglik-kultur-ve-spor-daire-baskanligi\/#website\",\"url\":\"https:\/\/ticaret.edu.tr\/saglik-kultur-ve-spor-daire-baskanligi\/\",\"name\":\"Sa\u011fl\u0131k K\u00fclt\u00fcr ve Spor Daire Ba\u015fkanl\u0131\u011f\u0131\",\"description\":\"\",\"potentialAction\":[{\"@type\":\"SearchAction\",\"target\":{\"@type\":\"EntryPoint\",\"urlTemplate\":\"https:\/\/ticaret.edu.tr\/saglik-kultur-ve-spor-daire-baskanligi\/?s={search_term_string}\"},\"query-input\":\"required name=search_term_string\"}],\"inLanguage\":\"tr\"}]}<\/script>\n<!-- \/ Yoast SEO Premium plugin. -->","yoast_head_json":{"title":"Etkinlik D\u00fczenleme Bilgileri - Sa\u011fl\u0131k K\u00fclt\u00fcr ve Spor Daire Ba\u015fkanl\u0131\u011f\u0131","robots":{"index":"index","follow":"follow","max-snippet":"max-snippet:-1","max-image-preview":"max-image-preview:large","max-video-preview":"max-video-preview:-1"},"canonical":"https:\/\/ticaret.edu.tr\/saglik-kultur-ve-spor-daire-baskanligi\/etkinlik-duzenleme-bilgileri\/","og_locale":"tr_TR","og_type":"article","og_title":"Etkinlik D\u00fczenleme Bilgileri","og_description":"A-\u00a0Etkinlik D\u00fczenlerken \u0130zlenmesi Gereken Ad\u0131mlar &nbsp; Yap\u0131lmas\u0131 planlanan etkinlik Topluluk Ba\u015fkan\u0131 ve Dan\u0131\u015fman\u2019\u0131n \u0131slak imzalar\u0131n\u0131n bulundu\u011fu Faaliyet Plan\u0131\u2019nda yer almal\u0131d\u0131r. Etkinlik \u00dcniversitemiz konferans salonlar\u0131nda ger\u00e7ekle\u015ftirilecekse topluluk\u00a0 rezervasyonu etkinlikten \u00f6nce\u00a0 K\u00fclt\u00fcr ve Spor Birimine ba\u015fvuru i\u015flemlerinin yap\u0131lmas\u0131 gerekmektedir. Etkinlik Dilek\u00e7esi eksiksiz doldurulur. (Dijital ortamda doldurulmas\u0131 tercih edilir) Etkinlik i\u00e7in ihtiya\u00e7 duyulan malzeme, teknik ekipman, ara\u00e7 hizmeti [&hellip;]","og_url":"https:\/\/ticaret.edu.tr\/saglik-kultur-ve-spor-daire-baskanligi\/etkinlik-duzenleme-bilgileri\/","og_site_name":"Sa\u011fl\u0131k K\u00fclt\u00fcr ve Spor Daire Ba\u015fkanl\u0131\u011f\u0131","article_publisher":"https:\/\/www.facebook.com\/ticaretedutr","article_modified_time":"2026-01-21T14:16:23+00:00","og_image":[{"width":1250,"height":833,"url":"http:\/\/ticaret.edu.tr\/saglik-kultur-ve-spor-daire-baskanligi\/wp-content\/uploads\/sites\/32\/2021\/11\/web_logo-01.jpg","type":"image\/jpeg"}],"twitter_card":"summary_large_image","twitter_site":"@ticaretedutr","twitter_misc":{"Tahmini okuma s\u00fcresi":"4 dakika"},"schema":{"@context":"https:\/\/schema.org","@graph":[{"@type":"WebPage","@id":"https:\/\/ticaret.edu.tr\/saglik-kultur-ve-spor-daire-baskanligi\/etkinlik-duzenleme-bilgileri\/","url":"https:\/\/ticaret.edu.tr\/saglik-kultur-ve-spor-daire-baskanligi\/etkinlik-duzenleme-bilgileri\/","name":"Etkinlik D\u00fczenleme Bilgileri - Sa\u011fl\u0131k K\u00fclt\u00fcr ve Spor Daire Ba\u015fkanl\u0131\u011f\u0131","isPartOf":{"@id":"https:\/\/ticaret.edu.tr\/saglik-kultur-ve-spor-daire-baskanligi\/#website"},"datePublished":"2020-05-05T10:29:36+00:00","dateModified":"2026-01-21T14:16:23+00:00","breadcrumb":{"@id":"https:\/\/ticaret.edu.tr\/saglik-kultur-ve-spor-daire-baskanligi\/etkinlik-duzenleme-bilgileri\/#breadcrumb"},"inLanguage":"tr","potentialAction":[{"@type":"ReadAction","target":["https:\/\/ticaret.edu.tr\/saglik-kultur-ve-spor-daire-baskanligi\/etkinlik-duzenleme-bilgileri\/"]}]},{"@type":"BreadcrumbList","@id":"https:\/\/ticaret.edu.tr\/saglik-kultur-ve-spor-daire-baskanligi\/etkinlik-duzenleme-bilgileri\/#breadcrumb","itemListElement":[{"@type":"ListItem","position":1,"name":"Ana sayfa","item":"https:\/\/ticaret.edu.tr\/saglik-kultur-ve-spor-daire-baskanligi\/"},{"@type":"ListItem","position":2,"name":"Etkinlik D\u00fczenleme Bilgileri"}]},{"@type":"WebSite","@id":"https:\/\/ticaret.edu.tr\/saglik-kultur-ve-spor-daire-baskanligi\/#website","url":"https:\/\/ticaret.edu.tr\/saglik-kultur-ve-spor-daire-baskanligi\/","name":"Sa\u011fl\u0131k K\u00fclt\u00fcr ve Spor Daire Ba\u015fkanl\u0131\u011f\u0131","description":"","potentialAction":[{"@type":"SearchAction","target":{"@type":"EntryPoint","urlTemplate":"https:\/\/ticaret.edu.tr\/saglik-kultur-ve-spor-daire-baskanligi\/?s={search_term_string}"},"query-input":"required name=search_term_string"}],"inLanguage":"tr"}]}},"lang":"tr","translations":{"tr":51},"pll_sync_post":[],"_links":{"self":[{"href":"http:\/\/ticaret.edu.tr\/saglik-kultur-ve-spor-daire-baskanligi\/wp-json\/wp\/v2\/pages\/51"}],"collection":[{"href":"http:\/\/ticaret.edu.tr\/saglik-kultur-ve-spor-daire-baskanligi\/wp-json\/wp\/v2\/pages"}],"about":[{"href":"http:\/\/ticaret.edu.tr\/saglik-kultur-ve-spor-daire-baskanligi\/wp-json\/wp\/v2\/types\/page"}],"author":[{"embeddable":true,"href":"http:\/\/ticaret.edu.tr\/saglik-kultur-ve-spor-daire-baskanligi\/wp-json\/wp\/v2\/users\/1"}],"replies":[{"embeddable":true,"href":"http:\/\/ticaret.edu.tr\/saglik-kultur-ve-spor-daire-baskanligi\/wp-json\/wp\/v2\/comments?post=51"}],"version-history":[{"count":13,"href":"http:\/\/ticaret.edu.tr\/saglik-kultur-ve-spor-daire-baskanligi\/wp-json\/wp\/v2\/pages\/51\/revisions"}],"predecessor-version":[{"id":1191,"href":"http:\/\/ticaret.edu.tr\/saglik-kultur-ve-spor-daire-baskanligi\/wp-json\/wp\/v2\/pages\/51\/revisions\/1191"}],"wp:attachment":[{"href":"http:\/\/ticaret.edu.tr\/saglik-kultur-ve-spor-daire-baskanligi\/wp-json\/wp\/v2\/media?parent=51"}],"curies":[{"name":"wp","href":"https:\/\/api.w.org\/{rel}","templated":true}]}}