{"id":525,"date":"2021-09-28T13:40:51","date_gmt":"2021-09-28T10:40:51","guid":{"rendered":"http:\/\/ticaret.edu.tr\/sks\/?page_id=525"},"modified":"2025-02-28T15:31:05","modified_gmt":"2025-02-28T12:31:05","slug":"2021-2022-ogrenci-topluluklari-komisyonu-kararlari","status":"publish","type":"page","link":"http:\/\/ticaret.edu.tr\/saglik-kultur-ve-spor-daire-baskanligi\/2021-2022-ogrenci-topluluklari-komisyonu-kararlari\/","title":{"rendered":"2021-2022 \u00d6\u011frenci Topluluklar\u0131 Komisyonu Kararlar\u0131"},"content":{"rendered":"<ol>\n<li><span style=\"text-decoration: underline;\"><strong><a href=\"http:\/\/ticaret.edu.tr\/sks\/wp-content\/uploads\/sites\/32\/2021\/09\/24-Eylul-2021-Ogrenci-Toplululari-Komisyonu-Toplanti-Tutanagi.pdf\">24 Eyl\u00fcl 2021 \u00d6\u011frenci Topluluklar\u0131 Komisyonu Toplant\u0131 Tutana\u011f\u0131<\/a><\/strong><\/span><\/li>\n<li><span style=\"text-decoration: underline;\"><strong><a href=\"http:\/\/ticaret.edu.tr\/sks\/wp-content\/uploads\/sites\/32\/2021\/10\/15-Ekim-2021-Ogrenci-Topluluklari-Komisyonu-Toplanti-Tutanagi.pdf\">15 Ekim 2021 \u00d6\u011frenci Topluluklar\u0131 Komisyonu Toplant\u0131 Tutana\u011f\u0131<\/a><\/strong><\/span><\/li>\n<li><span style=\"text-decoration: underline;\"><strong><a href=\"http:\/\/ticaret.edu.tr\/saglik-kultur-ve-spor-daire-baskanligi\/wp-content\/uploads\/sites\/32\/2021\/11\/23-Kasim-2021-Ogrenci-Topluluklari-Komisyonu-Toplanti-Tutanagi.pdf\">23 Kas\u0131m 2021 \u00d6\u011frenci Topluluklar\u0131 Komisyonu Toplant\u0131 Tutana\u011f\u0131<\/a><\/strong><\/span><span style=\"text-decoration: underline;\"><strong><br \/>\n<\/strong><\/span><\/li>\n<li><span style=\"text-decoration: underline;\"><a href=\"http:\/\/ticaret.edu.tr\/saglik-kultur-ve-spor-daire-baskanligi\/wp-content\/uploads\/sites\/32\/2022\/01\/4-Aralik-2022-Ogrenci-Topluluklari-Komisyonu-Toplanti-Tutanagi.pdf\"><strong>4 Ocak 2022\u00a0\u00d6\u011frenci Topluluklar\u0131 Komisyonu Toplant\u0131 Tutana\u011f\u0131<\/strong><\/a><\/span><\/li>\n<li><span style=\"text-decoration: underline;\"><strong><a href=\"http:\/\/ticaret.edu.tr\/saglik-kultur-ve-spor-daire-baskanligi\/wp-content\/uploads\/sites\/32\/2022\/02\/1-Subat-2022-Ogrenci-Topluluklari-Komisyonu-Toplanti-Tutanagi.pdf\">1 \u015eubat 2022 \u00d6\u011frenci Topluluklar\u0131 Komisyonu Toplant\u0131 Tutana\u011f\u0131<\/a><\/strong><\/span><\/li>\n<li><span style=\"text-decoration: underline;\"><strong><a href=\"http:\/\/ticaret.edu.tr\/saglik-kultur-ve-spor-daire-baskanligi\/wp-content\/uploads\/sites\/32\/2022\/03\/04-Mart-2022-Ogrenci-Toplululari-Komisyonu-Toplanti-Tutanagi.pdf\">04 Mart 2022 \u00d6\u011frenci Topluluklar\u0131 Komisyonu Toplant\u0131 Tutana\u011f\u0131<\/a><\/strong><\/span><\/li>\n<li><span style=\"text-decoration: underline;\"><a href=\"http:\/\/ticaret.edu.tr\/saglik-kultur-ve-spor-daire-baskanligi\/wp-content\/uploads\/sites\/32\/2022\/04\/18-Nisan-2022-Ogrenci-Toplululari-Komisyonu-Toplanti-Tutanagi.pdf\"><strong>18 Nisan\u00a02022 \u00d6\u011frenci Topluluklar\u0131 Komisyonu Toplant\u0131 Tutana\u011f\u0131<\/strong><\/a><\/span><\/li>\n<li><span style=\"text-decoration: underline;\"><strong><a href=\"http:\/\/ticaret.edu.tr\/saglik-kultur-ve-spor-daire-baskanligi\/wp-content\/uploads\/sites\/32\/2022\/06\/23-mayis-2022-ogrenci-topluluklari-komisyonu-toplanti-tutanagi.pdf\">23 May\u0131s 2022 \u00d6\u011frenci Topluluklar\u0131 Komisyonu Toplant\u0131 Tutana\u011f\u0131<\/a><\/strong><\/span><\/li>\n<li><span style=\"text-decoration: underline;\"><strong><a href=\"http:\/\/ticaret.edu.tr\/saglik-kultur-ve-spor-daire-baskanligi\/wp-content\/uploads\/sites\/32\/2022\/06\/22-haziran-2022-ogrenci-topluluklari-komisyonu-toplanti-tutanagi.pdf\">22 Haziran 2022 \u00d6\u011frenci Topluluklar Komisyonu Toplant\u0131 Tutana\u011f\u0131<\/a><\/strong><\/span><\/li>\n<li><span style=\"text-decoration: underline;\"><strong><a href=\"http:\/\/ticaret.edu.tr\/saglik-kultur-ve-spor-daire-baskanligi\/wp-content\/uploads\/sites\/32\/2022\/08\/10_-ogrenci-topluluklari-komisyonu-toplanti-kararlari.pdf\">17 A\u011fustos 2022 \u00d6\u011frenci Topluluklar Komisyonu Toplant\u0131 Tutana\u011f\u0131<\/a><\/strong><\/span><\/li>\n<\/ol>\n","protected":false},"excerpt":{"rendered":"<p>24 Eyl\u00fcl 2021 \u00d6\u011frenci Topluluklar\u0131 Komisyonu Toplant\u0131 Tutana\u011f\u0131 15 Ekim 2021 \u00d6\u011frenci Topluluklar\u0131 Komisyonu Toplant\u0131 Tutana\u011f\u0131 23 Kas\u0131m 2021 \u00d6\u011frenci Topluluklar\u0131 Komisyonu Toplant\u0131 Tutana\u011f\u0131 4 Ocak 2022\u00a0\u00d6\u011frenci Topluluklar\u0131 Komisyonu Toplant\u0131 Tutana\u011f\u0131 1 \u015eubat 2022 \u00d6\u011frenci Topluluklar\u0131 Komisyonu Toplant\u0131 Tutana\u011f\u0131 04 Mart 2022 \u00d6\u011frenci Topluluklar\u0131 Komisyonu Toplant\u0131 Tutana\u011f\u0131 18 Nisan\u00a02022 \u00d6\u011frenci Topluluklar\u0131 Komisyonu Toplant\u0131 Tutana\u011f\u0131 23 [&hellip;]<\/p>\n","protected":false},"author":149,"featured_media":0,"parent":0,"menu_order":0,"comment_status":"closed","ping_status":"closed","template":"genel_sayfa.php","meta":{"footnotes":""},"yoast_head":"<!-- This site is optimized with the Yoast SEO Premium plugin v22.1 (Yoast SEO v22.1) - https:\/\/yoast.com\/wordpress\/plugins\/seo\/ -->\n<title>2021-2022 \u00d6\u011frenci Topluluklar\u0131 Komisyonu Kararlar\u0131 - Sa\u011fl\u0131k K\u00fclt\u00fcr ve Spor Daire Ba\u015fkanl\u0131\u011f\u0131<\/title>\n<meta name=\"robots\" content=\"index, follow, max-snippet:-1, max-image-preview:large, max-video-preview:-1\" \/>\n<link rel=\"canonical\" href=\"https:\/\/ticaret.edu.tr\/saglik-kultur-ve-spor-daire-baskanligi\/2021-2022-ogrenci-topluluklari-komisyonu-kararlari\/\" \/>\n<meta property=\"og:locale\" content=\"tr_TR\" \/>\n<meta property=\"og:type\" content=\"article\" \/>\n<meta property=\"og:title\" content=\"2021-2022 \u00d6\u011frenci Topluluklar\u0131 Komisyonu Kararlar\u0131\" \/>\n<meta property=\"og:description\" content=\"24 Eyl\u00fcl 2021 \u00d6\u011frenci Topluluklar\u0131 Komisyonu Toplant\u0131 Tutana\u011f\u0131 15 Ekim 2021 \u00d6\u011frenci Topluluklar\u0131 Komisyonu Toplant\u0131 Tutana\u011f\u0131 23 Kas\u0131m 2021 \u00d6\u011frenci Topluluklar\u0131 Komisyonu Toplant\u0131 Tutana\u011f\u0131 4 Ocak 2022\u00a0\u00d6\u011frenci Topluluklar\u0131 Komisyonu Toplant\u0131 Tutana\u011f\u0131 1 \u015eubat 2022 \u00d6\u011frenci Topluluklar\u0131 Komisyonu Toplant\u0131 Tutana\u011f\u0131 04 Mart 2022 \u00d6\u011frenci Topluluklar\u0131 Komisyonu Toplant\u0131 Tutana\u011f\u0131 18 Nisan\u00a02022 \u00d6\u011frenci Topluluklar\u0131 Komisyonu Toplant\u0131 Tutana\u011f\u0131 23 [&hellip;]\" \/>\n<meta property=\"og:url\" content=\"https:\/\/ticaret.edu.tr\/saglik-kultur-ve-spor-daire-baskanligi\/2021-2022-ogrenci-topluluklari-komisyonu-kararlari\/\" \/>\n<meta property=\"og:site_name\" content=\"Sa\u011fl\u0131k K\u00fclt\u00fcr ve Spor Daire Ba\u015fkanl\u0131\u011f\u0131\" \/>\n<meta property=\"article:publisher\" content=\"https:\/\/www.facebook.com\/ticaretedutr\" \/>\n<meta property=\"article:modified_time\" content=\"2025-02-28T12:31:05+00:00\" \/>\n<meta property=\"og:image\" content=\"http:\/\/ticaret.edu.tr\/saglik-kultur-ve-spor-daire-baskanligi\/wp-content\/uploads\/sites\/32\/2021\/11\/web_logo-01.jpg\" \/>\n\t<meta property=\"og:image:width\" content=\"1250\" \/>\n\t<meta property=\"og:image:height\" content=\"833\" \/>\n\t<meta property=\"og:image:type\" content=\"image\/jpeg\" \/>\n<meta name=\"twitter:card\" content=\"summary_large_image\" \/>\n<meta name=\"twitter:site\" content=\"@ticaretedutr\" \/>\n<meta name=\"twitter:label1\" content=\"Tahmini okuma s\u00fcresi\" \/>\n\t<meta name=\"twitter:data1\" content=\"1 dakika\" \/>\n<script type=\"application\/ld+json\" class=\"yoast-schema-graph\">{\"@context\":\"https:\/\/schema.org\",\"@graph\":[{\"@type\":\"WebPage\",\"@id\":\"https:\/\/ticaret.edu.tr\/saglik-kultur-ve-spor-daire-baskanligi\/2021-2022-ogrenci-topluluklari-komisyonu-kararlari\/\",\"url\":\"https:\/\/ticaret.edu.tr\/saglik-kultur-ve-spor-daire-baskanligi\/2021-2022-ogrenci-topluluklari-komisyonu-kararlari\/\",\"name\":\"2021-2022 \u00d6\u011frenci Topluluklar\u0131 Komisyonu Kararlar\u0131 - Sa\u011fl\u0131k K\u00fclt\u00fcr ve Spor Daire Ba\u015fkanl\u0131\u011f\u0131\",\"isPartOf\":{\"@id\":\"https:\/\/ticaret.edu.tr\/saglik-kultur-ve-spor-daire-baskanligi\/#website\"},\"datePublished\":\"2021-09-28T10:40:51+00:00\",\"dateModified\":\"2025-02-28T12:31:05+00:00\",\"breadcrumb\":{\"@id\":\"https:\/\/ticaret.edu.tr\/saglik-kultur-ve-spor-daire-baskanligi\/2021-2022-ogrenci-topluluklari-komisyonu-kararlari\/#breadcrumb\"},\"inLanguage\":\"tr\",\"potentialAction\":[{\"@type\":\"ReadAction\",\"target\":[\"https:\/\/ticaret.edu.tr\/saglik-kultur-ve-spor-daire-baskanligi\/2021-2022-ogrenci-topluluklari-komisyonu-kararlari\/\"]}]},{\"@type\":\"BreadcrumbList\",\"@id\":\"https:\/\/ticaret.edu.tr\/saglik-kultur-ve-spor-daire-baskanligi\/2021-2022-ogrenci-topluluklari-komisyonu-kararlari\/#breadcrumb\",\"itemListElement\":[{\"@type\":\"ListItem\",\"position\":1,\"name\":\"Ana sayfa\",\"item\":\"https:\/\/ticaret.edu.tr\/saglik-kultur-ve-spor-daire-baskanligi\/\"},{\"@type\":\"ListItem\",\"position\":2,\"name\":\"2021-2022 \u00d6\u011frenci Topluluklar\u0131 Komisyonu Kararlar\u0131\"}]},{\"@type\":\"WebSite\",\"@id\":\"https:\/\/ticaret.edu.tr\/saglik-kultur-ve-spor-daire-baskanligi\/#website\",\"url\":\"https:\/\/ticaret.edu.tr\/saglik-kultur-ve-spor-daire-baskanligi\/\",\"name\":\"Sa\u011fl\u0131k K\u00fclt\u00fcr ve Spor Daire Ba\u015fkanl\u0131\u011f\u0131\",\"description\":\"\",\"potentialAction\":[{\"@type\":\"SearchAction\",\"target\":{\"@type\":\"EntryPoint\",\"urlTemplate\":\"https:\/\/ticaret.edu.tr\/saglik-kultur-ve-spor-daire-baskanligi\/?s={search_term_string}\"},\"query-input\":\"required name=search_term_string\"}],\"inLanguage\":\"tr\"}]}<\/script>\n<!-- \/ Yoast SEO Premium plugin. -->","yoast_head_json":{"title":"2021-2022 \u00d6\u011frenci Topluluklar\u0131 Komisyonu Kararlar\u0131 - Sa\u011fl\u0131k K\u00fclt\u00fcr ve Spor Daire Ba\u015fkanl\u0131\u011f\u0131","robots":{"index":"index","follow":"follow","max-snippet":"max-snippet:-1","max-image-preview":"max-image-preview:large","max-video-preview":"max-video-preview:-1"},"canonical":"https:\/\/ticaret.edu.tr\/saglik-kultur-ve-spor-daire-baskanligi\/2021-2022-ogrenci-topluluklari-komisyonu-kararlari\/","og_locale":"tr_TR","og_type":"article","og_title":"2021-2022 \u00d6\u011frenci Topluluklar\u0131 Komisyonu Kararlar\u0131","og_description":"24 Eyl\u00fcl 2021 \u00d6\u011frenci Topluluklar\u0131 Komisyonu Toplant\u0131 Tutana\u011f\u0131 15 Ekim 2021 \u00d6\u011frenci Topluluklar\u0131 Komisyonu Toplant\u0131 Tutana\u011f\u0131 23 Kas\u0131m 2021 \u00d6\u011frenci Topluluklar\u0131 Komisyonu Toplant\u0131 Tutana\u011f\u0131 4 Ocak 2022\u00a0\u00d6\u011frenci Topluluklar\u0131 Komisyonu Toplant\u0131 Tutana\u011f\u0131 1 \u015eubat 2022 \u00d6\u011frenci Topluluklar\u0131 Komisyonu Toplant\u0131 Tutana\u011f\u0131 04 Mart 2022 \u00d6\u011frenci Topluluklar\u0131 Komisyonu Toplant\u0131 Tutana\u011f\u0131 18 Nisan\u00a02022 \u00d6\u011frenci Topluluklar\u0131 Komisyonu Toplant\u0131 Tutana\u011f\u0131 23 [&hellip;]","og_url":"https:\/\/ticaret.edu.tr\/saglik-kultur-ve-spor-daire-baskanligi\/2021-2022-ogrenci-topluluklari-komisyonu-kararlari\/","og_site_name":"Sa\u011fl\u0131k K\u00fclt\u00fcr ve Spor Daire Ba\u015fkanl\u0131\u011f\u0131","article_publisher":"https:\/\/www.facebook.com\/ticaretedutr","article_modified_time":"2025-02-28T12:31:05+00:00","og_image":[{"width":1250,"height":833,"url":"http:\/\/ticaret.edu.tr\/saglik-kultur-ve-spor-daire-baskanligi\/wp-content\/uploads\/sites\/32\/2021\/11\/web_logo-01.jpg","type":"image\/jpeg"}],"twitter_card":"summary_large_image","twitter_site":"@ticaretedutr","twitter_misc":{"Tahmini okuma s\u00fcresi":"1 dakika"},"schema":{"@context":"https:\/\/schema.org","@graph":[{"@type":"WebPage","@id":"https:\/\/ticaret.edu.tr\/saglik-kultur-ve-spor-daire-baskanligi\/2021-2022-ogrenci-topluluklari-komisyonu-kararlari\/","url":"https:\/\/ticaret.edu.tr\/saglik-kultur-ve-spor-daire-baskanligi\/2021-2022-ogrenci-topluluklari-komisyonu-kararlari\/","name":"2021-2022 \u00d6\u011frenci Topluluklar\u0131 Komisyonu Kararlar\u0131 - Sa\u011fl\u0131k K\u00fclt\u00fcr ve Spor Daire Ba\u015fkanl\u0131\u011f\u0131","isPartOf":{"@id":"https:\/\/ticaret.edu.tr\/saglik-kultur-ve-spor-daire-baskanligi\/#website"},"datePublished":"2021-09-28T10:40:51+00:00","dateModified":"2025-02-28T12:31:05+00:00","breadcrumb":{"@id":"https:\/\/ticaret.edu.tr\/saglik-kultur-ve-spor-daire-baskanligi\/2021-2022-ogrenci-topluluklari-komisyonu-kararlari\/#breadcrumb"},"inLanguage":"tr","potentialAction":[{"@type":"ReadAction","target":["https:\/\/ticaret.edu.tr\/saglik-kultur-ve-spor-daire-baskanligi\/2021-2022-ogrenci-topluluklari-komisyonu-kararlari\/"]}]},{"@type":"BreadcrumbList","@id":"https:\/\/ticaret.edu.tr\/saglik-kultur-ve-spor-daire-baskanligi\/2021-2022-ogrenci-topluluklari-komisyonu-kararlari\/#breadcrumb","itemListElement":[{"@type":"ListItem","position":1,"name":"Ana sayfa","item":"https:\/\/ticaret.edu.tr\/saglik-kultur-ve-spor-daire-baskanligi\/"},{"@type":"ListItem","position":2,"name":"2021-2022 \u00d6\u011frenci Topluluklar\u0131 Komisyonu Kararlar\u0131"}]},{"@type":"WebSite","@id":"https:\/\/ticaret.edu.tr\/saglik-kultur-ve-spor-daire-baskanligi\/#website","url":"https:\/\/ticaret.edu.tr\/saglik-kultur-ve-spor-daire-baskanligi\/","name":"Sa\u011fl\u0131k K\u00fclt\u00fcr ve Spor Daire Ba\u015fkanl\u0131\u011f\u0131","description":"","potentialAction":[{"@type":"SearchAction","target":{"@type":"EntryPoint","urlTemplate":"https:\/\/ticaret.edu.tr\/saglik-kultur-ve-spor-daire-baskanligi\/?s={search_term_string}"},"query-input":"required name=search_term_string"}],"inLanguage":"tr"}]}},"lang":"tr","translations":{"tr":525},"pll_sync_post":[],"_links":{"self":[{"href":"http:\/\/ticaret.edu.tr\/saglik-kultur-ve-spor-daire-baskanligi\/wp-json\/wp\/v2\/pages\/525"}],"collection":[{"href":"http:\/\/ticaret.edu.tr\/saglik-kultur-ve-spor-daire-baskanligi\/wp-json\/wp\/v2\/pages"}],"about":[{"href":"http:\/\/ticaret.edu.tr\/saglik-kultur-ve-spor-daire-baskanligi\/wp-json\/wp\/v2\/types\/page"}],"author":[{"embeddable":true,"href":"http:\/\/ticaret.edu.tr\/saglik-kultur-ve-spor-daire-baskanligi\/wp-json\/wp\/v2\/users\/149"}],"replies":[{"embeddable":true,"href":"http:\/\/ticaret.edu.tr\/saglik-kultur-ve-spor-daire-baskanligi\/wp-json\/wp\/v2\/comments?post=525"}],"version-history":[{"count":13,"href":"http:\/\/ticaret.edu.tr\/saglik-kultur-ve-spor-daire-baskanligi\/wp-json\/wp\/v2\/pages\/525\/revisions"}],"predecessor-version":[{"id":711,"href":"http:\/\/ticaret.edu.tr\/saglik-kultur-ve-spor-daire-baskanligi\/wp-json\/wp\/v2\/pages\/525\/revisions\/711"}],"wp:attachment":[{"href":"http:\/\/ticaret.edu.tr\/saglik-kultur-ve-spor-daire-baskanligi\/wp-json\/wp\/v2\/media?parent=525"}],"curies":[{"name":"wp","href":"https:\/\/api.w.org\/{rel}","templated":true}]}}