{"id":56,"date":"2020-05-05T13:30:54","date_gmt":"2020-05-05T10:30:54","guid":{"rendered":"http:\/\/ticaret.edu.tr\/sks\/?page_id=56"},"modified":"2025-02-28T15:31:33","modified_gmt":"2025-02-28T12:31:33","slug":"universitelerarasi-musabakalar","status":"publish","type":"page","link":"http:\/\/ticaret.edu.tr\/saglik-kultur-ve-spor-daire-baskanligi\/universitelerarasi-musabakalar\/","title":{"rendered":"\u00dcniversiteleraras\u0131 M\u00fcsabakalar"},"content":{"rendered":"<p><strong>KARATE <\/strong><\/p>\n<p>17 \u2013 20 Mart 2022 tarihleri aras\u0131nda Bal\u0131kesir \u00dcniversitesi\u2019nde d\u00fczenlenen T\u00fcrkiye \u00dcniversiteleraras\u0131 Unilig Karate \u015eampiyonas\u0131\u2019nda \u00f6\u011frencilerimizden \u0130rem Nur \u00c7elik, kad\u0131nlar 50 kilogram kategorisinde T\u00fcrkiye ikincisi oldu.<\/p>\n<p>Ayn\u0131 \u015fampiyonada Yavuz Selim Oru\u00e7, Ahmet Hakan Bolat ve Sabri Do\u011fan Ba\u015fer\u2019den olu\u015fan Kata tak\u0131m\u0131m\u0131z ise T\u00fcrkiye \u00fc\u00e7\u00fcnc\u00fcs\u00fc oldu.<\/p>\n<p>&nbsp;<\/p>\n<p><img loading=\"lazy\" decoding=\"async\" class=\"alignnone size-full wp-image-701\" src=\"http:\/\/ticaret.edu.tr\/saglik-kultur-ve-spor-daire-baskanligi\/wp-content\/uploads\/sites\/32\/2022\/07\/karate-2.jpeg\" alt=\"\" width=\"1024\" height=\"768\" srcset=\"http:\/\/ticaret.edu.tr\/saglik-kultur-ve-spor-daire-baskanligi\/wp-content\/uploads\/sites\/32\/2022\/07\/karate-2.jpeg 1024w, http:\/\/ticaret.edu.tr\/saglik-kultur-ve-spor-daire-baskanligi\/wp-content\/uploads\/sites\/32\/2022\/07\/karate-2-300x225.jpeg 300w, http:\/\/ticaret.edu.tr\/saglik-kultur-ve-spor-daire-baskanligi\/wp-content\/uploads\/sites\/32\/2022\/07\/karate-2-768x576.jpeg 768w\" sizes=\"(max-width: 1024px) 100vw, 1024px\" \/> <img loading=\"lazy\" decoding=\"async\" class=\"alignnone size-full wp-image-702\" src=\"http:\/\/ticaret.edu.tr\/saglik-kultur-ve-spor-daire-baskanligi\/wp-content\/uploads\/sites\/32\/2022\/07\/karate-3.jpeg\" alt=\"\" width=\"1024\" height=\"768\" srcset=\"http:\/\/ticaret.edu.tr\/saglik-kultur-ve-spor-daire-baskanligi\/wp-content\/uploads\/sites\/32\/2022\/07\/karate-3.jpeg 1024w, http:\/\/ticaret.edu.tr\/saglik-kultur-ve-spor-daire-baskanligi\/wp-content\/uploads\/sites\/32\/2022\/07\/karate-3-300x225.jpeg 300w, http:\/\/ticaret.edu.tr\/saglik-kultur-ve-spor-daire-baskanligi\/wp-content\/uploads\/sites\/32\/2022\/07\/karate-3-768x576.jpeg 768w\" sizes=\"(max-width: 1024px) 100vw, 1024px\" \/><\/p>\n<p>&nbsp;<\/p>\n<p><strong>OK\u00c7ULUK<\/strong><\/p>\n<p>24 \u2013 26 May\u0131s 2022 Tarihleri aras\u0131nda Eski\u015fehir Teknik \u00dcniversitesi\u2019nde yap\u0131lan Ok\u00e7uluk T\u00fcrkiye \u015eampiyonas\u0131na \u00dcniversitemiz \u00f6\u011frencilerinden Emirhan Ta\u015f kat\u0131l\u0131m sa\u011flayarak, \u00dcniversitemizi ba\u015far\u0131 ile temsil etmi\u015ftir.<\/p>\n<p><img loading=\"lazy\" decoding=\"async\" class=\"alignnone size-full wp-image-706\" src=\"http:\/\/ticaret.edu.tr\/saglik-kultur-ve-spor-daire-baskanligi\/wp-content\/uploads\/sites\/32\/2022\/07\/okculuk-3.jpeg\" alt=\"\" width=\"1536\" height=\"2048\" srcset=\"http:\/\/ticaret.edu.tr\/saglik-kultur-ve-spor-daire-baskanligi\/wp-content\/uploads\/sites\/32\/2022\/07\/okculuk-3.jpeg 1536w, http:\/\/ticaret.edu.tr\/saglik-kultur-ve-spor-daire-baskanligi\/wp-content\/uploads\/sites\/32\/2022\/07\/okculuk-3-225x300.jpeg 225w, http:\/\/ticaret.edu.tr\/saglik-kultur-ve-spor-daire-baskanligi\/wp-content\/uploads\/sites\/32\/2022\/07\/okculuk-3-768x1024.jpeg 768w, http:\/\/ticaret.edu.tr\/saglik-kultur-ve-spor-daire-baskanligi\/wp-content\/uploads\/sites\/32\/2022\/07\/okculuk-3-1152x1536.jpeg 1152w\" sizes=\"(max-width: 1536px) 100vw, 1536px\" \/><\/p>\n<p>&nbsp;<\/p>\n<p>2018 \u2013 2019 Akademik Y\u0131l\u0131 i\u00e7erisinde tak\u0131mlar\u0131m\u0131z kat\u0131ld\u0131\u011f\u0131 Ulusal M\u00fcsabakalarda 3 \u015eampiyonluk Kupas\u0131, 5 \u0130kincilik Kupas\u0131, 3 \u00dc\u00e7\u00fcnc\u00fcl\u00fck Kupas\u0131 kazan\u0131rken, toplamda sporcular\u0131m\u0131z 5 Adet Alt\u0131n, 10 Adet G\u00fcm\u00fc\u015f, 12 Adet Bronz olmak \u00fczere toplam 27 Madalya kazanm\u0131\u015ft\u0131r.<\/p>\n<p>Uluslararas\u0131 m\u00fcsabakalarda ise Erkek Karate Kata Tak\u0131m\u0131m\u0131z Avrupa ikincisi, Erkek Karate Kumite Tak\u0131m\u0131m\u0131z Avrupa \u00fc\u00e7\u00fcnc\u00fcs\u00fc olmu\u015ftur.<\/p>\n<p>\u00dcniversite Tak\u0131mlar\u0131m\u0131z\u0131n T\u00fcrkiye \u00dcniversite Sporlar\u0131 Federasyonu taraf\u0131ndan d\u00fczenlenen \u00dcniversiteleraras\u0131 m\u00fcsabakalarda kazand\u0131klar\u0131 ba\u015far\u0131lar a\u015fa\u011f\u0131daki gibidir:<\/p>\n<p><strong>KADIN VOLEYBOL TAKIMI<\/strong><\/p>\n<ul>\n<li>S\u00fcper Lig T\u00fcrkiye \u015eampiyonlu\u011fu<\/li>\n<\/ul>\n<p><strong>KARATE TAKIMI<\/strong><\/p>\n<p><img loading=\"lazy\" decoding=\"async\" class=\"size-full wp-image-227 aligncenter\" src=\"http:\/\/ticaret.edu.tr\/sks\/wp-content\/uploads\/sites\/32\/2020\/05\/karate.jpeg\" alt=\"\" width=\"700\" height=\"525\" srcset=\"http:\/\/ticaret.edu.tr\/saglik-kultur-ve-spor-daire-baskanligi\/wp-content\/uploads\/sites\/32\/2020\/05\/karate.jpeg 700w, http:\/\/ticaret.edu.tr\/saglik-kultur-ve-spor-daire-baskanligi\/wp-content\/uploads\/sites\/32\/2020\/05\/karate-300x225.jpeg 300w\" sizes=\"(max-width: 700px) 100vw, 700px\" \/><\/p>\n<ul>\n<li>Erkek Kata Tak\u0131m\u0131 T\u00fcrkiye \u0130kincili\u011fi<\/li>\n<li>Kad\u0131n Kumite Tak\u0131m\u0131 T\u00fcrkiye \u00dc\u00e7\u00fcnc\u00fcl\u00fc\u011f\u00fc<\/li>\n<li>Erkek Kumite Tak\u0131m\u0131 T\u00fcrkiye \u00dc\u00e7\u00fcnc\u00fcl\u00fc\u011f\u00fc<\/li>\n<li>Selva Nur AKKURT \u2013 Ferdi Kumite Birincli\u011fi<\/li>\n<li>\u015e\u00fckr\u00fc Onur DEM\u0130R \u2013 Ferdi Kumite Birincili\u011fi<\/li>\n<li>Kadri TOLAY \u2013 Ferdi Kumite \u0130kincili\u011fi<\/li>\n<li>Feride Tu\u011fba \u00c7O\u015eKUN \u2013 Ferdi Kumite \u0130kincili\u011fi<\/li>\n<li>Mustafa \u00d6ZYILDIZ \u2013 Ferdi Kumite \u0130kincili\u011fi<\/li>\n<li>Y\u00fccel \u015eENT\u00dcRK \u2013 Ferdi Kumite \u00dc\u00e7\u00fcnc\u00fcl\u00fc\u011f\u00fc<\/li>\n<\/ul>\n<p><strong>2019 AVRUPA KARATE \u015eAMP\u0130YONASI<\/strong><\/p>\n<ul>\n<li>Erkek Karate Kata Tak\u0131m\u0131m\u0131z Avrupa ikincili\u011fi<\/li>\n<li>Erkek Karate Kumite Tak\u0131m\u0131m\u0131z Avrupa \u00fc\u00e7\u00fcnc\u00fcl\u00fc\u011f\u00fc<\/li>\n<\/ul>\n<p><strong>ERKEK BASKETBOL TAKIMI<\/strong><\/p>\n<p><img loading=\"lazy\" decoding=\"async\" class=\"size-full wp-image-226 aligncenter\" src=\"http:\/\/ticaret.edu.tr\/sks\/wp-content\/uploads\/sites\/32\/2020\/05\/erkek-basketbol.jpg\" alt=\"\" width=\"700\" height=\"393\" srcset=\"http:\/\/ticaret.edu.tr\/saglik-kultur-ve-spor-daire-baskanligi\/wp-content\/uploads\/sites\/32\/2020\/05\/erkek-basketbol.jpg 700w, http:\/\/ticaret.edu.tr\/saglik-kultur-ve-spor-daire-baskanligi\/wp-content\/uploads\/sites\/32\/2020\/05\/erkek-basketbol-300x168.jpg 300w\" sizes=\"(max-width: 700px) 100vw, 700px\" \/><\/p>\n<ul>\n<li>1.Lig grup m\u00fcsabakalar\u0131 \u0130stanbul \u015eampiyonlu\u011fu<\/li>\n<li>1.Lig T\u00fcrkiye \u0130kincili\u011fi<\/li>\n<\/ul>\n<p>Tak\u0131m\u0131m\u0131z bu ba\u015far\u0131s\u0131 ile \u00fcst lige terfi ederek, 2019 \u2013 2020 Sezonu spor faaliyetleri i\u00e7erisinde S\u00fcper Lig m\u00fcsabakalar\u0131na kat\u0131lmaya hak kazanm\u0131\u015ft\u0131r.<\/p>\n<p><strong>BASKETBOL 3X3 ERKEK TAKIMI<\/strong><\/p>\n<ul>\n<li>T\u00fcrkiye ikincili\u011fi<\/li>\n<\/ul>\n<p><strong>BASKETBOL 3X3 KADIN TAKIMI<\/strong><\/p>\n<ul>\n<li>T\u00fcrkiye \u015eampiyonlu\u011fu, UN\u0130L\u0130G T\u00fcrkiye \u0130kincili\u011fi<\/li>\n<\/ul>\n<p><strong>Y\u00dcZME<\/strong><\/p>\n<p><img loading=\"lazy\" decoding=\"async\" class=\"size-full wp-image-229 aligncenter\" src=\"http:\/\/ticaret.edu.tr\/sks\/wp-content\/uploads\/sites\/32\/2020\/05\/y\u00fczme.jpg\" alt=\"\" width=\"700\" height=\"525\" srcset=\"http:\/\/ticaret.edu.tr\/saglik-kultur-ve-spor-daire-baskanligi\/wp-content\/uploads\/sites\/32\/2020\/05\/y\u00fczme.jpg 700w, http:\/\/ticaret.edu.tr\/saglik-kultur-ve-spor-daire-baskanligi\/wp-content\/uploads\/sites\/32\/2020\/05\/y\u00fczme-300x225.jpg 300w\" sizes=\"(max-width: 700px) 100vw, 700px\" \/><\/p>\n<ul>\n<li>\u00d6\u011frencilerimizden Duygu \u00d6ZDEM\u0130R 400mt Kar\u0131\u015f\u0131k Y\u00fczme T\u00fcrkiye \u0130kincili\u011fi, 100mt kurba\u011falama T\u00fcrkiye \u00fc\u00e7\u00fcnc\u00fcl\u00fc\u011f\u00fc, 50mt kurba\u011falama T\u00fcrkiye \u00fc\u00e7\u00fcnc\u00fcl\u00fc\u011f\u00fc, 200mt kurba\u011falama T\u00fcrkiye \u00fc\u00e7\u00fcnc\u00fcl\u00fc\u011f\u00fc<\/li>\n<li>\u00d6\u011frencilerimizden Tunay G\u00f6k\u00e7e MUTLU 400mt Kar\u0131\u015f\u0131k Y\u00fczme T\u00fcrkiye \u00fc\u00e7\u00fcnc\u00fcl\u00fc\u011f\u00fc<\/li>\n<\/ul>\n<p><strong>ATLETZ\u0130M<\/strong><\/p>\n<ul>\n<li>\u00d6\u011frencilerimizden Rabia Oya TAMTEK\u0130N 3 ad\u0131m atlama bran\u015f\u0131nda T\u00fcrkiye \u00fc\u00e7\u00fcnc\u00fcl\u00fc\u011f\u00fc<\/li>\n<\/ul>\n<p><strong>B\u0130LEK G\u00dcRE\u015e\u0130<\/strong><\/p>\n<ul>\n<li>\u00d6\u011frencimiz Yusuf MENTE\u015e T\u00fcrkiye \u00dc\u00e7\u00fcnc\u00fcl\u00fc\u011f\u00fc<\/li>\n<\/ul>\n<p><strong>BOKS<\/strong><\/p>\n<ul>\n<li>\u00d6\u011frencimiz Ersel KO\u00c7MAN T\u00fcrkiye \u00dc\u00e7\u00fcnc\u00fcl\u00fc\u011f\u00fc<\/li>\n<\/ul>\n<p><strong>G\u00dcRE\u015e<\/strong><\/p>\n<ul>\n<li>\u00d6\u011frencimiz Mesut AKSOY T\u00fcrkiye \u00fc\u00e7\u00fcnc\u00fcl\u00fc\u011f\u00fc<\/li>\n<\/ul>\n<p><strong>OK\u00c7ULUK<\/strong><\/p>\n<ul>\n<li>\u00d6\u011frencilerimiz Safiye Ya\u011fmur Y\u00dcZGE\u00c7G\u00d6L\u00dc Ok\u00e7uluk \/ Makaral\u0131 Yay T\u00fcrkiye \u0130kincili\u011fi kazanm\u0131\u015ft\u0131r.<\/li>\n<\/ul>\n<p><img loading=\"lazy\" decoding=\"async\" class=\"size-full wp-image-228 aligncenter\" src=\"http:\/\/ticaret.edu.tr\/sks\/wp-content\/uploads\/sites\/32\/2020\/05\/ok\u00e7uluk.jpg\" alt=\"\" width=\"700\" height=\"393\" srcset=\"http:\/\/ticaret.edu.tr\/saglik-kultur-ve-spor-daire-baskanligi\/wp-content\/uploads\/sites\/32\/2020\/05\/ok\u00e7uluk.jpg 700w, http:\/\/ticaret.edu.tr\/saglik-kultur-ve-spor-daire-baskanligi\/wp-content\/uploads\/sites\/32\/2020\/05\/ok\u00e7uluk-300x168.jpg 300w\" sizes=\"(max-width: 700px) 100vw, 700px\" \/><\/p>\n","protected":false},"excerpt":{"rendered":"<p>KARATE 17 \u2013 20 Mart 2022 tarihleri aras\u0131nda Bal\u0131kesir \u00dcniversitesi\u2019nde d\u00fczenlenen T\u00fcrkiye \u00dcniversiteleraras\u0131 Unilig Karate \u015eampiyonas\u0131\u2019nda \u00f6\u011frencilerimizden \u0130rem Nur \u00c7elik, kad\u0131nlar 50 kilogram kategorisinde T\u00fcrkiye ikincisi oldu. Ayn\u0131 \u015fampiyonada Yavuz Selim Oru\u00e7, Ahmet Hakan Bolat ve Sabri Do\u011fan Ba\u015fer\u2019den olu\u015fan Kata tak\u0131m\u0131m\u0131z ise T\u00fcrkiye \u00fc\u00e7\u00fcnc\u00fcs\u00fc oldu. &nbsp; &nbsp; OK\u00c7ULUK 24 \u2013 26 May\u0131s 2022 Tarihleri [&hellip;]<\/p>\n","protected":false},"author":1,"featured_media":0,"parent":0,"menu_order":0,"comment_status":"closed","ping_status":"closed","template":"genel_sayfa.php","meta":{"footnotes":""},"yoast_head":"<!-- This site is optimized with the Yoast SEO Premium plugin v22.1 (Yoast SEO v22.1) - https:\/\/yoast.com\/wordpress\/plugins\/seo\/ -->\n<title>\u00dcniversiteleraras\u0131 M\u00fcsabakalar - Sa\u011fl\u0131k K\u00fclt\u00fcr ve Spor Daire Ba\u015fkanl\u0131\u011f\u0131<\/title>\n<meta name=\"robots\" content=\"index, follow, max-snippet:-1, max-image-preview:large, max-video-preview:-1\" \/>\n<link rel=\"canonical\" href=\"http:\/\/ticaret.edu.tr\/saglik-kultur-ve-spor-daire-baskanligi\/universitelerarasi-musabakalar\/\" \/>\n<meta property=\"og:locale\" content=\"tr_TR\" \/>\n<meta property=\"og:type\" content=\"article\" \/>\n<meta property=\"og:title\" content=\"\u00dcniversiteleraras\u0131 M\u00fcsabakalar\" \/>\n<meta property=\"og:description\" content=\"KARATE 17 \u2013 20 Mart 2022 tarihleri aras\u0131nda Bal\u0131kesir \u00dcniversitesi\u2019nde d\u00fczenlenen T\u00fcrkiye \u00dcniversiteleraras\u0131 Unilig Karate \u015eampiyonas\u0131\u2019nda \u00f6\u011frencilerimizden \u0130rem Nur \u00c7elik, kad\u0131nlar 50 kilogram kategorisinde T\u00fcrkiye ikincisi oldu. Ayn\u0131 \u015fampiyonada Yavuz Selim Oru\u00e7, Ahmet Hakan Bolat ve Sabri Do\u011fan Ba\u015fer\u2019den olu\u015fan Kata tak\u0131m\u0131m\u0131z ise T\u00fcrkiye \u00fc\u00e7\u00fcnc\u00fcs\u00fc oldu. &nbsp; &nbsp; OK\u00c7ULUK 24 \u2013 26 May\u0131s 2022 Tarihleri [&hellip;]\" \/>\n<meta property=\"og:url\" content=\"http:\/\/ticaret.edu.tr\/saglik-kultur-ve-spor-daire-baskanligi\/universitelerarasi-musabakalar\/\" \/>\n<meta property=\"og:site_name\" content=\"Sa\u011fl\u0131k K\u00fclt\u00fcr ve Spor Daire Ba\u015fkanl\u0131\u011f\u0131\" \/>\n<meta property=\"article:publisher\" content=\"https:\/\/www.facebook.com\/ticaretedutr\" \/>\n<meta property=\"article:modified_time\" content=\"2025-02-28T12:31:33+00:00\" \/>\n<meta property=\"og:image\" content=\"http:\/\/ticaret.edu.tr\/saglik-kultur-ve-spor-daire-baskanligi\/wp-content\/uploads\/sites\/32\/2022\/07\/karate-2.jpeg\" \/>\n<meta name=\"twitter:card\" content=\"summary_large_image\" \/>\n<meta name=\"twitter:site\" content=\"@ticaretedutr\" \/>\n<meta name=\"twitter:label1\" content=\"Tahmini okuma s\u00fcresi\" \/>\n\t<meta name=\"twitter:data1\" content=\"2 dakika\" \/>\n<script type=\"application\/ld+json\" class=\"yoast-schema-graph\">{\"@context\":\"https:\/\/schema.org\",\"@graph\":[{\"@type\":\"WebPage\",\"@id\":\"http:\/\/ticaret.edu.tr\/saglik-kultur-ve-spor-daire-baskanligi\/universitelerarasi-musabakalar\/\",\"url\":\"http:\/\/ticaret.edu.tr\/saglik-kultur-ve-spor-daire-baskanligi\/universitelerarasi-musabakalar\/\",\"name\":\"\u00dcniversiteleraras\u0131 M\u00fcsabakalar - Sa\u011fl\u0131k K\u00fclt\u00fcr ve Spor Daire Ba\u015fkanl\u0131\u011f\u0131\",\"isPartOf\":{\"@id\":\"http:\/\/ticaret.edu.tr\/saglik-kultur-ve-spor-daire-baskanligi\/#website\"},\"datePublished\":\"2020-05-05T10:30:54+00:00\",\"dateModified\":\"2025-02-28T12:31:33+00:00\",\"breadcrumb\":{\"@id\":\"http:\/\/ticaret.edu.tr\/saglik-kultur-ve-spor-daire-baskanligi\/universitelerarasi-musabakalar\/#breadcrumb\"},\"inLanguage\":\"tr\",\"potentialAction\":[{\"@type\":\"ReadAction\",\"target\":[\"http:\/\/ticaret.edu.tr\/saglik-kultur-ve-spor-daire-baskanligi\/universitelerarasi-musabakalar\/\"]}]},{\"@type\":\"BreadcrumbList\",\"@id\":\"http:\/\/ticaret.edu.tr\/saglik-kultur-ve-spor-daire-baskanligi\/universitelerarasi-musabakalar\/#breadcrumb\",\"itemListElement\":[{\"@type\":\"ListItem\",\"position\":1,\"name\":\"Ana sayfa\",\"item\":\"http:\/\/ticaret.edu.tr\/saglik-kultur-ve-spor-daire-baskanligi\/\"},{\"@type\":\"ListItem\",\"position\":2,\"name\":\"\u00dcniversiteleraras\u0131 M\u00fcsabakalar\"}]},{\"@type\":\"WebSite\",\"@id\":\"http:\/\/ticaret.edu.tr\/saglik-kultur-ve-spor-daire-baskanligi\/#website\",\"url\":\"http:\/\/ticaret.edu.tr\/saglik-kultur-ve-spor-daire-baskanligi\/\",\"name\":\"Sa\u011fl\u0131k K\u00fclt\u00fcr ve Spor Daire Ba\u015fkanl\u0131\u011f\u0131\",\"description\":\"\",\"potentialAction\":[{\"@type\":\"SearchAction\",\"target\":{\"@type\":\"EntryPoint\",\"urlTemplate\":\"http:\/\/ticaret.edu.tr\/saglik-kultur-ve-spor-daire-baskanligi\/?s={search_term_string}\"},\"query-input\":\"required name=search_term_string\"}],\"inLanguage\":\"tr\"}]}<\/script>\n<!-- \/ Yoast SEO Premium plugin. -->","yoast_head_json":{"title":"\u00dcniversiteleraras\u0131 M\u00fcsabakalar - Sa\u011fl\u0131k K\u00fclt\u00fcr ve Spor Daire Ba\u015fkanl\u0131\u011f\u0131","robots":{"index":"index","follow":"follow","max-snippet":"max-snippet:-1","max-image-preview":"max-image-preview:large","max-video-preview":"max-video-preview:-1"},"canonical":"http:\/\/ticaret.edu.tr\/saglik-kultur-ve-spor-daire-baskanligi\/universitelerarasi-musabakalar\/","og_locale":"tr_TR","og_type":"article","og_title":"\u00dcniversiteleraras\u0131 M\u00fcsabakalar","og_description":"KARATE 17 \u2013 20 Mart 2022 tarihleri aras\u0131nda Bal\u0131kesir \u00dcniversitesi\u2019nde d\u00fczenlenen T\u00fcrkiye \u00dcniversiteleraras\u0131 Unilig Karate \u015eampiyonas\u0131\u2019nda \u00f6\u011frencilerimizden \u0130rem Nur \u00c7elik, kad\u0131nlar 50 kilogram kategorisinde T\u00fcrkiye ikincisi oldu. Ayn\u0131 \u015fampiyonada Yavuz Selim Oru\u00e7, Ahmet Hakan Bolat ve Sabri Do\u011fan Ba\u015fer\u2019den olu\u015fan Kata tak\u0131m\u0131m\u0131z ise T\u00fcrkiye \u00fc\u00e7\u00fcnc\u00fcs\u00fc oldu. &nbsp; &nbsp; OK\u00c7ULUK 24 \u2013 26 May\u0131s 2022 Tarihleri [&hellip;]","og_url":"http:\/\/ticaret.edu.tr\/saglik-kultur-ve-spor-daire-baskanligi\/universitelerarasi-musabakalar\/","og_site_name":"Sa\u011fl\u0131k K\u00fclt\u00fcr ve Spor Daire Ba\u015fkanl\u0131\u011f\u0131","article_publisher":"https:\/\/www.facebook.com\/ticaretedutr","article_modified_time":"2025-02-28T12:31:33+00:00","og_image":[{"url":"http:\/\/ticaret.edu.tr\/saglik-kultur-ve-spor-daire-baskanligi\/wp-content\/uploads\/sites\/32\/2022\/07\/karate-2.jpeg"}],"twitter_card":"summary_large_image","twitter_site":"@ticaretedutr","twitter_misc":{"Tahmini okuma s\u00fcresi":"2 dakika"},"schema":{"@context":"https:\/\/schema.org","@graph":[{"@type":"WebPage","@id":"http:\/\/ticaret.edu.tr\/saglik-kultur-ve-spor-daire-baskanligi\/universitelerarasi-musabakalar\/","url":"http:\/\/ticaret.edu.tr\/saglik-kultur-ve-spor-daire-baskanligi\/universitelerarasi-musabakalar\/","name":"\u00dcniversiteleraras\u0131 M\u00fcsabakalar - Sa\u011fl\u0131k K\u00fclt\u00fcr ve Spor Daire Ba\u015fkanl\u0131\u011f\u0131","isPartOf":{"@id":"http:\/\/ticaret.edu.tr\/saglik-kultur-ve-spor-daire-baskanligi\/#website"},"datePublished":"2020-05-05T10:30:54+00:00","dateModified":"2025-02-28T12:31:33+00:00","breadcrumb":{"@id":"http:\/\/ticaret.edu.tr\/saglik-kultur-ve-spor-daire-baskanligi\/universitelerarasi-musabakalar\/#breadcrumb"},"inLanguage":"tr","potentialAction":[{"@type":"ReadAction","target":["http:\/\/ticaret.edu.tr\/saglik-kultur-ve-spor-daire-baskanligi\/universitelerarasi-musabakalar\/"]}]},{"@type":"BreadcrumbList","@id":"http:\/\/ticaret.edu.tr\/saglik-kultur-ve-spor-daire-baskanligi\/universitelerarasi-musabakalar\/#breadcrumb","itemListElement":[{"@type":"ListItem","position":1,"name":"Ana sayfa","item":"http:\/\/ticaret.edu.tr\/saglik-kultur-ve-spor-daire-baskanligi\/"},{"@type":"ListItem","position":2,"name":"\u00dcniversiteleraras\u0131 M\u00fcsabakalar"}]},{"@type":"WebSite","@id":"http:\/\/ticaret.edu.tr\/saglik-kultur-ve-spor-daire-baskanligi\/#website","url":"http:\/\/ticaret.edu.tr\/saglik-kultur-ve-spor-daire-baskanligi\/","name":"Sa\u011fl\u0131k K\u00fclt\u00fcr ve Spor Daire Ba\u015fkanl\u0131\u011f\u0131","description":"","potentialAction":[{"@type":"SearchAction","target":{"@type":"EntryPoint","urlTemplate":"http:\/\/ticaret.edu.tr\/saglik-kultur-ve-spor-daire-baskanligi\/?s={search_term_string}"},"query-input":"required name=search_term_string"}],"inLanguage":"tr"}]}},"lang":"tr","translations":{"tr":56},"pll_sync_post":[],"_links":{"self":[{"href":"http:\/\/ticaret.edu.tr\/saglik-kultur-ve-spor-daire-baskanligi\/wp-json\/wp\/v2\/pages\/56"}],"collection":[{"href":"http:\/\/ticaret.edu.tr\/saglik-kultur-ve-spor-daire-baskanligi\/wp-json\/wp\/v2\/pages"}],"about":[{"href":"http:\/\/ticaret.edu.tr\/saglik-kultur-ve-spor-daire-baskanligi\/wp-json\/wp\/v2\/types\/page"}],"author":[{"embeddable":true,"href":"http:\/\/ticaret.edu.tr\/saglik-kultur-ve-spor-daire-baskanligi\/wp-json\/wp\/v2\/users\/1"}],"replies":[{"embeddable":true,"href":"http:\/\/ticaret.edu.tr\/saglik-kultur-ve-spor-daire-baskanligi\/wp-json\/wp\/v2\/comments?post=56"}],"version-history":[{"count":7,"href":"http:\/\/ticaret.edu.tr\/saglik-kultur-ve-spor-daire-baskanligi\/wp-json\/wp\/v2\/pages\/56\/revisions"}],"predecessor-version":[{"id":708,"href":"http:\/\/ticaret.edu.tr\/saglik-kultur-ve-spor-daire-baskanligi\/wp-json\/wp\/v2\/pages\/56\/revisions\/708"}],"wp:attachment":[{"href":"http:\/\/ticaret.edu.tr\/saglik-kultur-ve-spor-daire-baskanligi\/wp-json\/wp\/v2\/media?parent=56"}],"curies":[{"name":"wp","href":"https:\/\/api.w.org\/{rel}","templated":true}]}}