{"id":57,"date":"2020-05-05T13:30:25","date_gmt":"2020-05-05T10:30:25","guid":{"rendered":"http:\/\/ticaret.edu.tr\/sks\/?page_id=57"},"modified":"2026-01-30T10:09:16","modified_gmt":"2026-01-30T07:09:16","slug":"spor-takimlarimiz","status":"publish","type":"page","link":"http:\/\/ticaret.edu.tr\/saglik-kultur-ve-spor-daire-baskanligi\/spor-takimlarimiz\/","title":{"rendered":"Spor Tak\u0131mlar\u0131m\u0131z"},"content":{"rendered":"<p>\u0130stanbul Ticaret \u00dcniversitesi olarak \u00f6\u011frencilerimizin yo\u011fun e\u011fitim s\u00fcrecinde bo\u015f zamanlar\u0131n\u0131 faydal\u0131 bir \u015fekilde ge\u00e7irmelerini sa\u011flamak, spor yapma al\u0131\u015fkanl\u0131\u011f\u0131 kazand\u0131rmak, tak\u0131m ruhu ve ekip \u00e7al\u0131\u015fmas\u0131n\u0131 a\u015f\u0131lamak, amac\u0131 ile fiziksel ve sosyal geli\u015fimlerini tamamlay\u0131c\u0131 spor olanaklar\u0131 sunmaktay\u0131z.<\/p>\n<p>Bu ama\u00e7la, farkl\u0131 bran\u015fta spor tak\u0131mlar\u0131m\u0131z ve bireysel sporcular\u0131m\u0131zla yerel ve ulusal turnuvalarda aktif bir \u015fekilde yer al\u0131yoruz.<\/p>\n<p>Spor Bran\u015flar\u0131m\u0131z<\/p>\n<ul>\n<li>Karate<\/li>\n<li>G\u00fcre\u015f<\/li>\n<li>Ok\u00e7uluk<\/li>\n<\/ul>\n<p>&nbsp;<\/p>\n","protected":false},"excerpt":{"rendered":"<p>\u0130stanbul Ticaret \u00dcniversitesi olarak \u00f6\u011frencilerimizin yo\u011fun e\u011fitim s\u00fcrecinde bo\u015f zamanlar\u0131n\u0131 faydal\u0131 bir \u015fekilde ge\u00e7irmelerini sa\u011flamak, spor yapma al\u0131\u015fkanl\u0131\u011f\u0131 kazand\u0131rmak, tak\u0131m ruhu ve ekip \u00e7al\u0131\u015fmas\u0131n\u0131 a\u015f\u0131lamak, amac\u0131 ile fiziksel ve sosyal geli\u015fimlerini tamamlay\u0131c\u0131 spor olanaklar\u0131 sunmaktay\u0131z. Bu ama\u00e7la, farkl\u0131 bran\u015fta spor tak\u0131mlar\u0131m\u0131z ve bireysel sporcular\u0131m\u0131zla yerel ve ulusal turnuvalarda aktif bir \u015fekilde yer al\u0131yoruz. Spor Bran\u015flar\u0131m\u0131z [&hellip;]<\/p>\n","protected":false},"author":1,"featured_media":0,"parent":0,"menu_order":0,"comment_status":"closed","ping_status":"closed","template":"genel_sayfa.php","meta":{"footnotes":""},"yoast_head":"<!-- This site is optimized with the Yoast SEO Premium plugin v22.1 (Yoast SEO v22.1) - https:\/\/yoast.com\/wordpress\/plugins\/seo\/ -->\n<title>Spor Tak\u0131mlar\u0131m\u0131z - Sa\u011fl\u0131k K\u00fclt\u00fcr ve Spor Daire Ba\u015fkanl\u0131\u011f\u0131<\/title>\n<meta name=\"robots\" content=\"index, follow, max-snippet:-1, max-image-preview:large, max-video-preview:-1\" \/>\n<link rel=\"canonical\" href=\"https:\/\/ticaret.edu.tr\/saglik-kultur-ve-spor-daire-baskanligi\/spor-takimlarimiz\/\" \/>\n<meta property=\"og:locale\" content=\"tr_TR\" \/>\n<meta property=\"og:type\" content=\"article\" \/>\n<meta property=\"og:title\" content=\"Spor Tak\u0131mlar\u0131m\u0131z\" \/>\n<meta property=\"og:description\" content=\"\u0130stanbul Ticaret \u00dcniversitesi olarak \u00f6\u011frencilerimizin yo\u011fun e\u011fitim s\u00fcrecinde bo\u015f zamanlar\u0131n\u0131 faydal\u0131 bir \u015fekilde ge\u00e7irmelerini sa\u011flamak, spor yapma al\u0131\u015fkanl\u0131\u011f\u0131 kazand\u0131rmak, tak\u0131m ruhu ve ekip \u00e7al\u0131\u015fmas\u0131n\u0131 a\u015f\u0131lamak, amac\u0131 ile fiziksel ve sosyal geli\u015fimlerini tamamlay\u0131c\u0131 spor olanaklar\u0131 sunmaktay\u0131z. Bu ama\u00e7la, farkl\u0131 bran\u015fta spor tak\u0131mlar\u0131m\u0131z ve bireysel sporcular\u0131m\u0131zla yerel ve ulusal turnuvalarda aktif bir \u015fekilde yer al\u0131yoruz. Spor Bran\u015flar\u0131m\u0131z [&hellip;]\" \/>\n<meta property=\"og:url\" content=\"https:\/\/ticaret.edu.tr\/saglik-kultur-ve-spor-daire-baskanligi\/spor-takimlarimiz\/\" \/>\n<meta property=\"og:site_name\" content=\"Sa\u011fl\u0131k K\u00fclt\u00fcr ve Spor Daire Ba\u015fkanl\u0131\u011f\u0131\" \/>\n<meta property=\"article:publisher\" content=\"https:\/\/www.facebook.com\/ticaretedutr\" \/>\n<meta property=\"article:modified_time\" content=\"2026-01-30T07:09:16+00:00\" \/>\n<meta property=\"og:image\" content=\"http:\/\/ticaret.edu.tr\/saglik-kultur-ve-spor-daire-baskanligi\/wp-content\/uploads\/sites\/32\/2021\/11\/web_logo-01.jpg\" \/>\n\t<meta property=\"og:image:width\" content=\"1250\" \/>\n\t<meta property=\"og:image:height\" content=\"833\" \/>\n\t<meta property=\"og:image:type\" content=\"image\/jpeg\" \/>\n<meta name=\"twitter:card\" content=\"summary_large_image\" \/>\n<meta name=\"twitter:site\" content=\"@ticaretedutr\" \/>\n<meta name=\"twitter:label1\" content=\"Tahmini okuma s\u00fcresi\" \/>\n\t<meta name=\"twitter:data1\" content=\"1 dakika\" \/>\n<script type=\"application\/ld+json\" class=\"yoast-schema-graph\">{\"@context\":\"https:\/\/schema.org\",\"@graph\":[{\"@type\":\"WebPage\",\"@id\":\"https:\/\/ticaret.edu.tr\/saglik-kultur-ve-spor-daire-baskanligi\/spor-takimlarimiz\/\",\"url\":\"https:\/\/ticaret.edu.tr\/saglik-kultur-ve-spor-daire-baskanligi\/spor-takimlarimiz\/\",\"name\":\"Spor Tak\u0131mlar\u0131m\u0131z - Sa\u011fl\u0131k K\u00fclt\u00fcr ve Spor Daire Ba\u015fkanl\u0131\u011f\u0131\",\"isPartOf\":{\"@id\":\"https:\/\/ticaret.edu.tr\/saglik-kultur-ve-spor-daire-baskanligi\/#website\"},\"datePublished\":\"2020-05-05T10:30:25+00:00\",\"dateModified\":\"2026-01-30T07:09:16+00:00\",\"breadcrumb\":{\"@id\":\"https:\/\/ticaret.edu.tr\/saglik-kultur-ve-spor-daire-baskanligi\/spor-takimlarimiz\/#breadcrumb\"},\"inLanguage\":\"tr\",\"potentialAction\":[{\"@type\":\"ReadAction\",\"target\":[\"https:\/\/ticaret.edu.tr\/saglik-kultur-ve-spor-daire-baskanligi\/spor-takimlarimiz\/\"]}]},{\"@type\":\"BreadcrumbList\",\"@id\":\"https:\/\/ticaret.edu.tr\/saglik-kultur-ve-spor-daire-baskanligi\/spor-takimlarimiz\/#breadcrumb\",\"itemListElement\":[{\"@type\":\"ListItem\",\"position\":1,\"name\":\"Ana sayfa\",\"item\":\"https:\/\/ticaret.edu.tr\/saglik-kultur-ve-spor-daire-baskanligi\/\"},{\"@type\":\"ListItem\",\"position\":2,\"name\":\"Spor Tak\u0131mlar\u0131m\u0131z\"}]},{\"@type\":\"WebSite\",\"@id\":\"https:\/\/ticaret.edu.tr\/saglik-kultur-ve-spor-daire-baskanligi\/#website\",\"url\":\"https:\/\/ticaret.edu.tr\/saglik-kultur-ve-spor-daire-baskanligi\/\",\"name\":\"Sa\u011fl\u0131k K\u00fclt\u00fcr ve Spor Daire Ba\u015fkanl\u0131\u011f\u0131\",\"description\":\"\",\"potentialAction\":[{\"@type\":\"SearchAction\",\"target\":{\"@type\":\"EntryPoint\",\"urlTemplate\":\"https:\/\/ticaret.edu.tr\/saglik-kultur-ve-spor-daire-baskanligi\/?s={search_term_string}\"},\"query-input\":\"required name=search_term_string\"}],\"inLanguage\":\"tr\"}]}<\/script>\n<!-- \/ Yoast SEO Premium plugin. -->","yoast_head_json":{"title":"Spor Tak\u0131mlar\u0131m\u0131z - Sa\u011fl\u0131k K\u00fclt\u00fcr ve Spor Daire Ba\u015fkanl\u0131\u011f\u0131","robots":{"index":"index","follow":"follow","max-snippet":"max-snippet:-1","max-image-preview":"max-image-preview:large","max-video-preview":"max-video-preview:-1"},"canonical":"https:\/\/ticaret.edu.tr\/saglik-kultur-ve-spor-daire-baskanligi\/spor-takimlarimiz\/","og_locale":"tr_TR","og_type":"article","og_title":"Spor Tak\u0131mlar\u0131m\u0131z","og_description":"\u0130stanbul Ticaret \u00dcniversitesi olarak \u00f6\u011frencilerimizin yo\u011fun e\u011fitim s\u00fcrecinde bo\u015f zamanlar\u0131n\u0131 faydal\u0131 bir \u015fekilde ge\u00e7irmelerini sa\u011flamak, spor yapma al\u0131\u015fkanl\u0131\u011f\u0131 kazand\u0131rmak, tak\u0131m ruhu ve ekip \u00e7al\u0131\u015fmas\u0131n\u0131 a\u015f\u0131lamak, amac\u0131 ile fiziksel ve sosyal geli\u015fimlerini tamamlay\u0131c\u0131 spor olanaklar\u0131 sunmaktay\u0131z. Bu ama\u00e7la, farkl\u0131 bran\u015fta spor tak\u0131mlar\u0131m\u0131z ve bireysel sporcular\u0131m\u0131zla yerel ve ulusal turnuvalarda aktif bir \u015fekilde yer al\u0131yoruz. Spor Bran\u015flar\u0131m\u0131z [&hellip;]","og_url":"https:\/\/ticaret.edu.tr\/saglik-kultur-ve-spor-daire-baskanligi\/spor-takimlarimiz\/","og_site_name":"Sa\u011fl\u0131k K\u00fclt\u00fcr ve Spor Daire Ba\u015fkanl\u0131\u011f\u0131","article_publisher":"https:\/\/www.facebook.com\/ticaretedutr","article_modified_time":"2026-01-30T07:09:16+00:00","og_image":[{"width":1250,"height":833,"url":"http:\/\/ticaret.edu.tr\/saglik-kultur-ve-spor-daire-baskanligi\/wp-content\/uploads\/sites\/32\/2021\/11\/web_logo-01.jpg","type":"image\/jpeg"}],"twitter_card":"summary_large_image","twitter_site":"@ticaretedutr","twitter_misc":{"Tahmini okuma s\u00fcresi":"1 dakika"},"schema":{"@context":"https:\/\/schema.org","@graph":[{"@type":"WebPage","@id":"https:\/\/ticaret.edu.tr\/saglik-kultur-ve-spor-daire-baskanligi\/spor-takimlarimiz\/","url":"https:\/\/ticaret.edu.tr\/saglik-kultur-ve-spor-daire-baskanligi\/spor-takimlarimiz\/","name":"Spor Tak\u0131mlar\u0131m\u0131z - Sa\u011fl\u0131k K\u00fclt\u00fcr ve Spor Daire Ba\u015fkanl\u0131\u011f\u0131","isPartOf":{"@id":"https:\/\/ticaret.edu.tr\/saglik-kultur-ve-spor-daire-baskanligi\/#website"},"datePublished":"2020-05-05T10:30:25+00:00","dateModified":"2026-01-30T07:09:16+00:00","breadcrumb":{"@id":"https:\/\/ticaret.edu.tr\/saglik-kultur-ve-spor-daire-baskanligi\/spor-takimlarimiz\/#breadcrumb"},"inLanguage":"tr","potentialAction":[{"@type":"ReadAction","target":["https:\/\/ticaret.edu.tr\/saglik-kultur-ve-spor-daire-baskanligi\/spor-takimlarimiz\/"]}]},{"@type":"BreadcrumbList","@id":"https:\/\/ticaret.edu.tr\/saglik-kultur-ve-spor-daire-baskanligi\/spor-takimlarimiz\/#breadcrumb","itemListElement":[{"@type":"ListItem","position":1,"name":"Ana sayfa","item":"https:\/\/ticaret.edu.tr\/saglik-kultur-ve-spor-daire-baskanligi\/"},{"@type":"ListItem","position":2,"name":"Spor Tak\u0131mlar\u0131m\u0131z"}]},{"@type":"WebSite","@id":"https:\/\/ticaret.edu.tr\/saglik-kultur-ve-spor-daire-baskanligi\/#website","url":"https:\/\/ticaret.edu.tr\/saglik-kultur-ve-spor-daire-baskanligi\/","name":"Sa\u011fl\u0131k K\u00fclt\u00fcr ve Spor Daire Ba\u015fkanl\u0131\u011f\u0131","description":"","potentialAction":[{"@type":"SearchAction","target":{"@type":"EntryPoint","urlTemplate":"https:\/\/ticaret.edu.tr\/saglik-kultur-ve-spor-daire-baskanligi\/?s={search_term_string}"},"query-input":"required name=search_term_string"}],"inLanguage":"tr"}]}},"lang":"tr","translations":{"tr":57},"pll_sync_post":[],"_links":{"self":[{"href":"http:\/\/ticaret.edu.tr\/saglik-kultur-ve-spor-daire-baskanligi\/wp-json\/wp\/v2\/pages\/57"}],"collection":[{"href":"http:\/\/ticaret.edu.tr\/saglik-kultur-ve-spor-daire-baskanligi\/wp-json\/wp\/v2\/pages"}],"about":[{"href":"http:\/\/ticaret.edu.tr\/saglik-kultur-ve-spor-daire-baskanligi\/wp-json\/wp\/v2\/types\/page"}],"author":[{"embeddable":true,"href":"http:\/\/ticaret.edu.tr\/saglik-kultur-ve-spor-daire-baskanligi\/wp-json\/wp\/v2\/users\/1"}],"replies":[{"embeddable":true,"href":"http:\/\/ticaret.edu.tr\/saglik-kultur-ve-spor-daire-baskanligi\/wp-json\/wp\/v2\/comments?post=57"}],"version-history":[{"count":5,"href":"http:\/\/ticaret.edu.tr\/saglik-kultur-ve-spor-daire-baskanligi\/wp-json\/wp\/v2\/pages\/57\/revisions"}],"predecessor-version":[{"id":1197,"href":"http:\/\/ticaret.edu.tr\/saglik-kultur-ve-spor-daire-baskanligi\/wp-json\/wp\/v2\/pages\/57\/revisions\/1197"}],"wp:attachment":[{"href":"http:\/\/ticaret.edu.tr\/saglik-kultur-ve-spor-daire-baskanligi\/wp-json\/wp\/v2\/media?parent=57"}],"curies":[{"name":"wp","href":"https:\/\/api.w.org\/{rel}","templated":true}]}}