{"id":58,"date":"2020-05-05T13:47:45","date_gmt":"2020-05-05T10:47:45","guid":{"rendered":"http:\/\/ticaret.edu.tr\/sks\/?page_id=58"},"modified":"2026-01-21T16:52:01","modified_gmt":"2026-01-21T13:52:01","slug":"iletisim-3","status":"publish","type":"page","link":"http:\/\/ticaret.edu.tr\/saglik-kultur-ve-spor-daire-baskanligi\/iletisim-3\/","title":{"rendered":"\u0130leti\u015fim"},"content":{"rendered":"<div class=\"table-responsive\">\n<table class=\"table\">\n<tbody>\n<tr>\n<td width=\"302\">Kaan Fidan<br \/>\nSa\u011fl\u0131k K\u00fclt\u00fcr ve Spor Daire Ba\u015fkan\u0131 V.<\/td>\n<td>444 0 413 #4537<\/td>\n<td width=\"190\"><a href=\"mailto:kfidan@ticaret.edu.tr\">kfidan@ticaret.edu.tr<\/a><\/td>\n<\/tr>\n<tr>\n<td width=\"302\">K\u00fclt\u00fcr ve Spor M\u00fcd\u00fcr V.<\/td>\n<td>444 0 413 #<\/td>\n<td><\/td>\n<\/tr>\n<tr>\n<td>Merve G\u0131rg\u0131rlar Tokel<\/td>\n<td>444 0 413 #4442<\/td>\n<td><a href=\"mailto:mgirgirlar@ticaret.edu.tr\">mgirgirlar@ticaret.edu.tr<\/a><\/td>\n<\/tr>\n<tr>\n<td>Hasan \u00c7al\u0131\u015fkan<\/td>\n<td>444 0 413 # 4452<\/td>\n<td><a href=\"mailto:hcaliskan@ticaret.edu.tr\">hcaliskan@ticaret.edu.tr<\/a><\/td>\n<\/tr>\n<\/tbody>\n<\/table>\n<p>&nbsp;<\/p>\n<\/div>\n<p>Mail Adresi: <span style=\"text-decoration: underline;\"><a href=\"mailto:sksdb@ticaret.edu.tr\">sksdb@ticaret.edu.tr<\/a><\/span><\/p>\n","protected":false},"excerpt":{"rendered":"<p>Kaan Fidan Sa\u011fl\u0131k K\u00fclt\u00fcr ve Spor Daire Ba\u015fkan\u0131 V. 444 0 413 #4537 kfidan@ticaret.edu.tr K\u00fclt\u00fcr ve Spor M\u00fcd\u00fcr V. 444 0 413 # Merve G\u0131rg\u0131rlar Tokel 444 0 413 #4442 mgirgirlar@ticaret.edu.tr Hasan \u00c7al\u0131\u015fkan 444 0 413 # 4452 hcaliskan@ticaret.edu.tr &nbsp; Mail Adresi: sksdb@ticaret.edu.tr<\/p>\n","protected":false},"author":1,"featured_media":0,"parent":0,"menu_order":0,"comment_status":"closed","ping_status":"closed","template":"genel_sayfa.php","meta":{"footnotes":""},"yoast_head":"<!-- This site is optimized with the Yoast SEO Premium plugin v22.1 (Yoast SEO v22.1) - https:\/\/yoast.com\/wordpress\/plugins\/seo\/ -->\n<title>\u0130leti\u015fim - Sa\u011fl\u0131k K\u00fclt\u00fcr ve Spor Daire Ba\u015fkanl\u0131\u011f\u0131<\/title>\n<meta name=\"robots\" content=\"index, follow, max-snippet:-1, max-image-preview:large, max-video-preview:-1\" \/>\n<link rel=\"canonical\" href=\"http:\/\/ticaret.edu.tr\/saglik-kultur-ve-spor-daire-baskanligi\/iletisim-3\/\" \/>\n<meta property=\"og:locale\" content=\"tr_TR\" \/>\n<meta property=\"og:type\" content=\"article\" \/>\n<meta property=\"og:title\" content=\"\u0130leti\u015fim\" \/>\n<meta property=\"og:description\" content=\"Kaan Fidan Sa\u011fl\u0131k K\u00fclt\u00fcr ve Spor Daire Ba\u015fkan\u0131 V. 444 0 413 #4537 kfidan@ticaret.edu.tr K\u00fclt\u00fcr ve Spor M\u00fcd\u00fcr V. 444 0 413 # Merve G\u0131rg\u0131rlar Tokel 444 0 413 #4442 mgirgirlar@ticaret.edu.tr Hasan \u00c7al\u0131\u015fkan 444 0 413 # 4452 hcaliskan@ticaret.edu.tr &nbsp; Mail Adresi: sksdb@ticaret.edu.tr\" \/>\n<meta property=\"og:url\" content=\"http:\/\/ticaret.edu.tr\/saglik-kultur-ve-spor-daire-baskanligi\/iletisim-3\/\" \/>\n<meta property=\"og:site_name\" content=\"Sa\u011fl\u0131k K\u00fclt\u00fcr ve Spor Daire Ba\u015fkanl\u0131\u011f\u0131\" \/>\n<meta property=\"article:publisher\" content=\"https:\/\/www.facebook.com\/ticaretedutr\" \/>\n<meta property=\"article:modified_time\" content=\"2026-01-21T13:52:01+00:00\" \/>\n<meta property=\"og:image\" content=\"http:\/\/ticaret.edu.tr\/saglik-kultur-ve-spor-daire-baskanligi\/wp-content\/uploads\/sites\/32\/2021\/11\/web_logo-01.jpg\" \/>\n\t<meta property=\"og:image:width\" content=\"1250\" \/>\n\t<meta property=\"og:image:height\" content=\"833\" \/>\n\t<meta property=\"og:image:type\" content=\"image\/jpeg\" \/>\n<meta name=\"twitter:card\" content=\"summary_large_image\" \/>\n<meta name=\"twitter:site\" content=\"@ticaretedutr\" \/>\n<meta name=\"twitter:label1\" content=\"Tahmini okuma s\u00fcresi\" \/>\n\t<meta name=\"twitter:data1\" content=\"1 dakika\" \/>\n<script type=\"application\/ld+json\" class=\"yoast-schema-graph\">{\"@context\":\"https:\/\/schema.org\",\"@graph\":[{\"@type\":\"WebPage\",\"@id\":\"http:\/\/ticaret.edu.tr\/saglik-kultur-ve-spor-daire-baskanligi\/iletisim-3\/\",\"url\":\"http:\/\/ticaret.edu.tr\/saglik-kultur-ve-spor-daire-baskanligi\/iletisim-3\/\",\"name\":\"\u0130leti\u015fim - Sa\u011fl\u0131k K\u00fclt\u00fcr ve Spor Daire Ba\u015fkanl\u0131\u011f\u0131\",\"isPartOf\":{\"@id\":\"https:\/\/ticaret.edu.tr\/saglik-kultur-ve-spor-daire-baskanligi\/#website\"},\"datePublished\":\"2020-05-05T10:47:45+00:00\",\"dateModified\":\"2026-01-21T13:52:01+00:00\",\"breadcrumb\":{\"@id\":\"http:\/\/ticaret.edu.tr\/saglik-kultur-ve-spor-daire-baskanligi\/iletisim-3\/#breadcrumb\"},\"inLanguage\":\"tr\",\"potentialAction\":[{\"@type\":\"ReadAction\",\"target\":[\"http:\/\/ticaret.edu.tr\/saglik-kultur-ve-spor-daire-baskanligi\/iletisim-3\/\"]}]},{\"@type\":\"BreadcrumbList\",\"@id\":\"http:\/\/ticaret.edu.tr\/saglik-kultur-ve-spor-daire-baskanligi\/iletisim-3\/#breadcrumb\",\"itemListElement\":[{\"@type\":\"ListItem\",\"position\":1,\"name\":\"Ana sayfa\",\"item\":\"https:\/\/ticaret.edu.tr\/saglik-kultur-ve-spor-daire-baskanligi\/\"},{\"@type\":\"ListItem\",\"position\":2,\"name\":\"\u0130leti\u015fim\"}]},{\"@type\":\"WebSite\",\"@id\":\"https:\/\/ticaret.edu.tr\/saglik-kultur-ve-spor-daire-baskanligi\/#website\",\"url\":\"https:\/\/ticaret.edu.tr\/saglik-kultur-ve-spor-daire-baskanligi\/\",\"name\":\"Sa\u011fl\u0131k K\u00fclt\u00fcr ve Spor Daire Ba\u015fkanl\u0131\u011f\u0131\",\"description\":\"\",\"potentialAction\":[{\"@type\":\"SearchAction\",\"target\":{\"@type\":\"EntryPoint\",\"urlTemplate\":\"https:\/\/ticaret.edu.tr\/saglik-kultur-ve-spor-daire-baskanligi\/?s={search_term_string}\"},\"query-input\":\"required name=search_term_string\"}],\"inLanguage\":\"tr\"}]}<\/script>\n<!-- \/ Yoast SEO Premium plugin. -->","yoast_head_json":{"title":"\u0130leti\u015fim - Sa\u011fl\u0131k K\u00fclt\u00fcr ve Spor Daire Ba\u015fkanl\u0131\u011f\u0131","robots":{"index":"index","follow":"follow","max-snippet":"max-snippet:-1","max-image-preview":"max-image-preview:large","max-video-preview":"max-video-preview:-1"},"canonical":"http:\/\/ticaret.edu.tr\/saglik-kultur-ve-spor-daire-baskanligi\/iletisim-3\/","og_locale":"tr_TR","og_type":"article","og_title":"\u0130leti\u015fim","og_description":"Kaan Fidan Sa\u011fl\u0131k K\u00fclt\u00fcr ve Spor Daire Ba\u015fkan\u0131 V. 444 0 413 #4537 kfidan@ticaret.edu.tr K\u00fclt\u00fcr ve Spor M\u00fcd\u00fcr V. 444 0 413 # Merve G\u0131rg\u0131rlar Tokel 444 0 413 #4442 mgirgirlar@ticaret.edu.tr Hasan \u00c7al\u0131\u015fkan 444 0 413 # 4452 hcaliskan@ticaret.edu.tr &nbsp; Mail Adresi: sksdb@ticaret.edu.tr","og_url":"http:\/\/ticaret.edu.tr\/saglik-kultur-ve-spor-daire-baskanligi\/iletisim-3\/","og_site_name":"Sa\u011fl\u0131k K\u00fclt\u00fcr ve Spor Daire Ba\u015fkanl\u0131\u011f\u0131","article_publisher":"https:\/\/www.facebook.com\/ticaretedutr","article_modified_time":"2026-01-21T13:52:01+00:00","og_image":[{"width":1250,"height":833,"url":"http:\/\/ticaret.edu.tr\/saglik-kultur-ve-spor-daire-baskanligi\/wp-content\/uploads\/sites\/32\/2021\/11\/web_logo-01.jpg","type":"image\/jpeg"}],"twitter_card":"summary_large_image","twitter_site":"@ticaretedutr","twitter_misc":{"Tahmini okuma s\u00fcresi":"1 dakika"},"schema":{"@context":"https:\/\/schema.org","@graph":[{"@type":"WebPage","@id":"http:\/\/ticaret.edu.tr\/saglik-kultur-ve-spor-daire-baskanligi\/iletisim-3\/","url":"http:\/\/ticaret.edu.tr\/saglik-kultur-ve-spor-daire-baskanligi\/iletisim-3\/","name":"\u0130leti\u015fim - Sa\u011fl\u0131k K\u00fclt\u00fcr ve Spor Daire Ba\u015fkanl\u0131\u011f\u0131","isPartOf":{"@id":"https:\/\/ticaret.edu.tr\/saglik-kultur-ve-spor-daire-baskanligi\/#website"},"datePublished":"2020-05-05T10:47:45+00:00","dateModified":"2026-01-21T13:52:01+00:00","breadcrumb":{"@id":"http:\/\/ticaret.edu.tr\/saglik-kultur-ve-spor-daire-baskanligi\/iletisim-3\/#breadcrumb"},"inLanguage":"tr","potentialAction":[{"@type":"ReadAction","target":["http:\/\/ticaret.edu.tr\/saglik-kultur-ve-spor-daire-baskanligi\/iletisim-3\/"]}]},{"@type":"BreadcrumbList","@id":"http:\/\/ticaret.edu.tr\/saglik-kultur-ve-spor-daire-baskanligi\/iletisim-3\/#breadcrumb","itemListElement":[{"@type":"ListItem","position":1,"name":"Ana sayfa","item":"https:\/\/ticaret.edu.tr\/saglik-kultur-ve-spor-daire-baskanligi\/"},{"@type":"ListItem","position":2,"name":"\u0130leti\u015fim"}]},{"@type":"WebSite","@id":"https:\/\/ticaret.edu.tr\/saglik-kultur-ve-spor-daire-baskanligi\/#website","url":"https:\/\/ticaret.edu.tr\/saglik-kultur-ve-spor-daire-baskanligi\/","name":"Sa\u011fl\u0131k K\u00fclt\u00fcr ve Spor Daire Ba\u015fkanl\u0131\u011f\u0131","description":"","potentialAction":[{"@type":"SearchAction","target":{"@type":"EntryPoint","urlTemplate":"https:\/\/ticaret.edu.tr\/saglik-kultur-ve-spor-daire-baskanligi\/?s={search_term_string}"},"query-input":"required name=search_term_string"}],"inLanguage":"tr"}]}},"lang":"tr","translations":{"tr":58},"pll_sync_post":[],"_links":{"self":[{"href":"http:\/\/ticaret.edu.tr\/saglik-kultur-ve-spor-daire-baskanligi\/wp-json\/wp\/v2\/pages\/58"}],"collection":[{"href":"http:\/\/ticaret.edu.tr\/saglik-kultur-ve-spor-daire-baskanligi\/wp-json\/wp\/v2\/pages"}],"about":[{"href":"http:\/\/ticaret.edu.tr\/saglik-kultur-ve-spor-daire-baskanligi\/wp-json\/wp\/v2\/types\/page"}],"author":[{"embeddable":true,"href":"http:\/\/ticaret.edu.tr\/saglik-kultur-ve-spor-daire-baskanligi\/wp-json\/wp\/v2\/users\/1"}],"replies":[{"embeddable":true,"href":"http:\/\/ticaret.edu.tr\/saglik-kultur-ve-spor-daire-baskanligi\/wp-json\/wp\/v2\/comments?post=58"}],"version-history":[{"count":26,"href":"http:\/\/ticaret.edu.tr\/saglik-kultur-ve-spor-daire-baskanligi\/wp-json\/wp\/v2\/pages\/58\/revisions"}],"predecessor-version":[{"id":1185,"href":"http:\/\/ticaret.edu.tr\/saglik-kultur-ve-spor-daire-baskanligi\/wp-json\/wp\/v2\/pages\/58\/revisions\/1185"}],"wp:attachment":[{"href":"http:\/\/ticaret.edu.tr\/saglik-kultur-ve-spor-daire-baskanligi\/wp-json\/wp\/v2\/media?parent=58"}],"curies":[{"name":"wp","href":"https:\/\/api.w.org\/{rel}","templated":true}]}}