{"id":728,"date":"2022-10-03T15:56:18","date_gmt":"2022-10-03T12:56:18","guid":{"rendered":"https:\/\/ticaret.edu.tr\/saglik-kultur-ve-spor-daire-baskanligi\/?page_id=728"},"modified":"2025-02-28T15:31:06","modified_gmt":"2025-02-28T12:31:06","slug":"2022-2023-ogrenci-topluluklari-komisyonu-kararlari","status":"publish","type":"page","link":"http:\/\/ticaret.edu.tr\/saglik-kultur-ve-spor-daire-baskanligi\/2022-2023-ogrenci-topluluklari-komisyonu-kararlari\/","title":{"rendered":"2022-2023 \u00d6\u011frenci Topluluklar\u0131 Komisyonu Kararlar\u0131"},"content":{"rendered":"<ol>\n<li><strong><a href=\"https:\/\/ticaret.edu.tr\/saglik-kultur-ve-spor-daire-baskanligi\/wp-content\/uploads\/sites\/32\/2022\/10\/ogrenci-topluluklari-komisyonu-toplanti-tutanagi.pdf\">27 Eyl\u00fcl 2022 \u00d6\u011frenci Topluluklar\u0131 Komisyonu Toplant\u0131 Tutana\u011f\u0131<\/a><\/strong><\/li>\n<li><strong><a href=\"https:\/\/ticaret.edu.tr\/saglik-kultur-ve-spor-daire-baskanligi\/wp-content\/uploads\/sites\/32\/2022\/11\/2_-ogrenci-topluluklari-komisyonu-toplanti-kararlari.pdf\">27 Ekim 2022 \u00d6\u011frenci Topluluklar\u0131 Komisyonu Toplant\u0131 Tutana\u011f\u0131<\/a><\/strong><\/li>\n<li><strong><a href=\"https:\/\/ticaret.edu.tr\/saglik-kultur-ve-spor-daire-baskanligi\/wp-content\/uploads\/sites\/32\/2022\/12\/z2ofs361xj-3_-ogrenci-topluluklari-komisyonu-toplanti-tutanagi.docx\">30 Kas\u0131m 2022 \u00d6\u011frenci Topluluklar\u0131 Komisyonu Toplant\u0131 Tutana\u011f\u0131<\/a><\/strong><\/li>\n<\/ol>\n","protected":false},"excerpt":{"rendered":"<p>27 Eyl\u00fcl 2022 \u00d6\u011frenci Topluluklar\u0131 Komisyonu Toplant\u0131 Tutana\u011f\u0131 27 Ekim 2022 \u00d6\u011frenci Topluluklar\u0131 Komisyonu Toplant\u0131 Tutana\u011f\u0131 30 Kas\u0131m 2022 \u00d6\u011frenci Topluluklar\u0131 Komisyonu Toplant\u0131 Tutana\u011f\u0131<\/p>\n","protected":false},"author":149,"featured_media":0,"parent":0,"menu_order":0,"comment_status":"closed","ping_status":"closed","template":"genel_sayfa.php","meta":{"footnotes":""},"yoast_head":"<!-- This site is optimized with the Yoast SEO Premium plugin v22.1 (Yoast SEO v22.1) - https:\/\/yoast.com\/wordpress\/plugins\/seo\/ -->\n<title>2022-2023 \u00d6\u011frenci Topluluklar\u0131 Komisyonu Kararlar\u0131 - Sa\u011fl\u0131k K\u00fclt\u00fcr ve Spor Daire Ba\u015fkanl\u0131\u011f\u0131<\/title>\n<meta name=\"robots\" content=\"index, follow, max-snippet:-1, max-image-preview:large, max-video-preview:-1\" \/>\n<link rel=\"canonical\" href=\"https:\/\/ticaret.edu.tr\/saglik-kultur-ve-spor-daire-baskanligi\/2022-2023-ogrenci-topluluklari-komisyonu-kararlari\/\" \/>\n<meta property=\"og:locale\" content=\"tr_TR\" \/>\n<meta property=\"og:type\" content=\"article\" \/>\n<meta property=\"og:title\" content=\"2022-2023 \u00d6\u011frenci Topluluklar\u0131 Komisyonu Kararlar\u0131\" \/>\n<meta property=\"og:description\" content=\"27 Eyl\u00fcl 2022 \u00d6\u011frenci Topluluklar\u0131 Komisyonu Toplant\u0131 Tutana\u011f\u0131 27 Ekim 2022 \u00d6\u011frenci Topluluklar\u0131 Komisyonu Toplant\u0131 Tutana\u011f\u0131 30 Kas\u0131m 2022 \u00d6\u011frenci Topluluklar\u0131 Komisyonu Toplant\u0131 Tutana\u011f\u0131\" \/>\n<meta property=\"og:url\" content=\"https:\/\/ticaret.edu.tr\/saglik-kultur-ve-spor-daire-baskanligi\/2022-2023-ogrenci-topluluklari-komisyonu-kararlari\/\" \/>\n<meta property=\"og:site_name\" content=\"Sa\u011fl\u0131k K\u00fclt\u00fcr ve Spor Daire Ba\u015fkanl\u0131\u011f\u0131\" \/>\n<meta property=\"article:publisher\" content=\"https:\/\/www.facebook.com\/ticaretedutr\" \/>\n<meta property=\"article:modified_time\" content=\"2025-02-28T12:31:06+00:00\" \/>\n<meta property=\"og:image\" content=\"http:\/\/ticaret.edu.tr\/saglik-kultur-ve-spor-daire-baskanligi\/wp-content\/uploads\/sites\/32\/2021\/11\/web_logo-01.jpg\" \/>\n\t<meta property=\"og:image:width\" content=\"1250\" \/>\n\t<meta property=\"og:image:height\" content=\"833\" \/>\n\t<meta property=\"og:image:type\" content=\"image\/jpeg\" \/>\n<meta name=\"twitter:card\" content=\"summary_large_image\" \/>\n<meta name=\"twitter:site\" content=\"@ticaretedutr\" \/>\n<meta name=\"twitter:label1\" content=\"Tahmini okuma s\u00fcresi\" \/>\n\t<meta name=\"twitter:data1\" content=\"1 dakika\" \/>\n<script type=\"application\/ld+json\" class=\"yoast-schema-graph\">{\"@context\":\"https:\/\/schema.org\",\"@graph\":[{\"@type\":\"WebPage\",\"@id\":\"https:\/\/ticaret.edu.tr\/saglik-kultur-ve-spor-daire-baskanligi\/2022-2023-ogrenci-topluluklari-komisyonu-kararlari\/\",\"url\":\"https:\/\/ticaret.edu.tr\/saglik-kultur-ve-spor-daire-baskanligi\/2022-2023-ogrenci-topluluklari-komisyonu-kararlari\/\",\"name\":\"2022-2023 \u00d6\u011frenci Topluluklar\u0131 Komisyonu Kararlar\u0131 - Sa\u011fl\u0131k K\u00fclt\u00fcr ve Spor Daire Ba\u015fkanl\u0131\u011f\u0131\",\"isPartOf\":{\"@id\":\"https:\/\/ticaret.edu.tr\/saglik-kultur-ve-spor-daire-baskanligi\/#website\"},\"datePublished\":\"2022-10-03T12:56:18+00:00\",\"dateModified\":\"2025-02-28T12:31:06+00:00\",\"breadcrumb\":{\"@id\":\"https:\/\/ticaret.edu.tr\/saglik-kultur-ve-spor-daire-baskanligi\/2022-2023-ogrenci-topluluklari-komisyonu-kararlari\/#breadcrumb\"},\"inLanguage\":\"tr\",\"potentialAction\":[{\"@type\":\"ReadAction\",\"target\":[\"https:\/\/ticaret.edu.tr\/saglik-kultur-ve-spor-daire-baskanligi\/2022-2023-ogrenci-topluluklari-komisyonu-kararlari\/\"]}]},{\"@type\":\"BreadcrumbList\",\"@id\":\"https:\/\/ticaret.edu.tr\/saglik-kultur-ve-spor-daire-baskanligi\/2022-2023-ogrenci-topluluklari-komisyonu-kararlari\/#breadcrumb\",\"itemListElement\":[{\"@type\":\"ListItem\",\"position\":1,\"name\":\"Ana sayfa\",\"item\":\"https:\/\/ticaret.edu.tr\/saglik-kultur-ve-spor-daire-baskanligi\/\"},{\"@type\":\"ListItem\",\"position\":2,\"name\":\"2022-2023 \u00d6\u011frenci Topluluklar\u0131 Komisyonu Kararlar\u0131\"}]},{\"@type\":\"WebSite\",\"@id\":\"https:\/\/ticaret.edu.tr\/saglik-kultur-ve-spor-daire-baskanligi\/#website\",\"url\":\"https:\/\/ticaret.edu.tr\/saglik-kultur-ve-spor-daire-baskanligi\/\",\"name\":\"Sa\u011fl\u0131k K\u00fclt\u00fcr ve Spor Daire Ba\u015fkanl\u0131\u011f\u0131\",\"description\":\"\",\"potentialAction\":[{\"@type\":\"SearchAction\",\"target\":{\"@type\":\"EntryPoint\",\"urlTemplate\":\"https:\/\/ticaret.edu.tr\/saglik-kultur-ve-spor-daire-baskanligi\/?s={search_term_string}\"},\"query-input\":\"required name=search_term_string\"}],\"inLanguage\":\"tr\"}]}<\/script>\n<!-- \/ Yoast SEO Premium plugin. -->","yoast_head_json":{"title":"2022-2023 \u00d6\u011frenci Topluluklar\u0131 Komisyonu Kararlar\u0131 - Sa\u011fl\u0131k K\u00fclt\u00fcr ve Spor Daire Ba\u015fkanl\u0131\u011f\u0131","robots":{"index":"index","follow":"follow","max-snippet":"max-snippet:-1","max-image-preview":"max-image-preview:large","max-video-preview":"max-video-preview:-1"},"canonical":"https:\/\/ticaret.edu.tr\/saglik-kultur-ve-spor-daire-baskanligi\/2022-2023-ogrenci-topluluklari-komisyonu-kararlari\/","og_locale":"tr_TR","og_type":"article","og_title":"2022-2023 \u00d6\u011frenci Topluluklar\u0131 Komisyonu Kararlar\u0131","og_description":"27 Eyl\u00fcl 2022 \u00d6\u011frenci Topluluklar\u0131 Komisyonu Toplant\u0131 Tutana\u011f\u0131 27 Ekim 2022 \u00d6\u011frenci Topluluklar\u0131 Komisyonu Toplant\u0131 Tutana\u011f\u0131 30 Kas\u0131m 2022 \u00d6\u011frenci Topluluklar\u0131 Komisyonu Toplant\u0131 Tutana\u011f\u0131","og_url":"https:\/\/ticaret.edu.tr\/saglik-kultur-ve-spor-daire-baskanligi\/2022-2023-ogrenci-topluluklari-komisyonu-kararlari\/","og_site_name":"Sa\u011fl\u0131k K\u00fclt\u00fcr ve Spor Daire Ba\u015fkanl\u0131\u011f\u0131","article_publisher":"https:\/\/www.facebook.com\/ticaretedutr","article_modified_time":"2025-02-28T12:31:06+00:00","og_image":[{"width":1250,"height":833,"url":"http:\/\/ticaret.edu.tr\/saglik-kultur-ve-spor-daire-baskanligi\/wp-content\/uploads\/sites\/32\/2021\/11\/web_logo-01.jpg","type":"image\/jpeg"}],"twitter_card":"summary_large_image","twitter_site":"@ticaretedutr","twitter_misc":{"Tahmini okuma s\u00fcresi":"1 dakika"},"schema":{"@context":"https:\/\/schema.org","@graph":[{"@type":"WebPage","@id":"https:\/\/ticaret.edu.tr\/saglik-kultur-ve-spor-daire-baskanligi\/2022-2023-ogrenci-topluluklari-komisyonu-kararlari\/","url":"https:\/\/ticaret.edu.tr\/saglik-kultur-ve-spor-daire-baskanligi\/2022-2023-ogrenci-topluluklari-komisyonu-kararlari\/","name":"2022-2023 \u00d6\u011frenci Topluluklar\u0131 Komisyonu Kararlar\u0131 - Sa\u011fl\u0131k K\u00fclt\u00fcr ve Spor Daire Ba\u015fkanl\u0131\u011f\u0131","isPartOf":{"@id":"https:\/\/ticaret.edu.tr\/saglik-kultur-ve-spor-daire-baskanligi\/#website"},"datePublished":"2022-10-03T12:56:18+00:00","dateModified":"2025-02-28T12:31:06+00:00","breadcrumb":{"@id":"https:\/\/ticaret.edu.tr\/saglik-kultur-ve-spor-daire-baskanligi\/2022-2023-ogrenci-topluluklari-komisyonu-kararlari\/#breadcrumb"},"inLanguage":"tr","potentialAction":[{"@type":"ReadAction","target":["https:\/\/ticaret.edu.tr\/saglik-kultur-ve-spor-daire-baskanligi\/2022-2023-ogrenci-topluluklari-komisyonu-kararlari\/"]}]},{"@type":"BreadcrumbList","@id":"https:\/\/ticaret.edu.tr\/saglik-kultur-ve-spor-daire-baskanligi\/2022-2023-ogrenci-topluluklari-komisyonu-kararlari\/#breadcrumb","itemListElement":[{"@type":"ListItem","position":1,"name":"Ana sayfa","item":"https:\/\/ticaret.edu.tr\/saglik-kultur-ve-spor-daire-baskanligi\/"},{"@type":"ListItem","position":2,"name":"2022-2023 \u00d6\u011frenci Topluluklar\u0131 Komisyonu Kararlar\u0131"}]},{"@type":"WebSite","@id":"https:\/\/ticaret.edu.tr\/saglik-kultur-ve-spor-daire-baskanligi\/#website","url":"https:\/\/ticaret.edu.tr\/saglik-kultur-ve-spor-daire-baskanligi\/","name":"Sa\u011fl\u0131k K\u00fclt\u00fcr ve Spor Daire Ba\u015fkanl\u0131\u011f\u0131","description":"","potentialAction":[{"@type":"SearchAction","target":{"@type":"EntryPoint","urlTemplate":"https:\/\/ticaret.edu.tr\/saglik-kultur-ve-spor-daire-baskanligi\/?s={search_term_string}"},"query-input":"required name=search_term_string"}],"inLanguage":"tr"}]}},"lang":"tr","translations":{"tr":728},"pll_sync_post":[],"_links":{"self":[{"href":"http:\/\/ticaret.edu.tr\/saglik-kultur-ve-spor-daire-baskanligi\/wp-json\/wp\/v2\/pages\/728"}],"collection":[{"href":"http:\/\/ticaret.edu.tr\/saglik-kultur-ve-spor-daire-baskanligi\/wp-json\/wp\/v2\/pages"}],"about":[{"href":"http:\/\/ticaret.edu.tr\/saglik-kultur-ve-spor-daire-baskanligi\/wp-json\/wp\/v2\/types\/page"}],"author":[{"embeddable":true,"href":"http:\/\/ticaret.edu.tr\/saglik-kultur-ve-spor-daire-baskanligi\/wp-json\/wp\/v2\/users\/149"}],"replies":[{"embeddable":true,"href":"http:\/\/ticaret.edu.tr\/saglik-kultur-ve-spor-daire-baskanligi\/wp-json\/wp\/v2\/comments?post=728"}],"version-history":[{"count":4,"href":"http:\/\/ticaret.edu.tr\/saglik-kultur-ve-spor-daire-baskanligi\/wp-json\/wp\/v2\/pages\/728\/revisions"}],"predecessor-version":[{"id":767,"href":"http:\/\/ticaret.edu.tr\/saglik-kultur-ve-spor-daire-baskanligi\/wp-json\/wp\/v2\/pages\/728\/revisions\/767"}],"wp:attachment":[{"href":"http:\/\/ticaret.edu.tr\/saglik-kultur-ve-spor-daire-baskanligi\/wp-json\/wp\/v2\/media?parent=728"}],"curies":[{"name":"wp","href":"https:\/\/api.w.org\/{rel}","templated":true}]}}