{"id":799,"date":"2024-09-19T14:49:34","date_gmt":"2024-09-19T11:49:34","guid":{"rendered":"https:\/\/ticaret.edu.tr\/saglik-kultur-ve-spor-daire-baskanligi\/?page_id=799"},"modified":"2026-03-26T10:49:16","modified_gmt":"2026-03-26T07:49:16","slug":"bagimlilikla-mucadele","status":"publish","type":"page","link":"http:\/\/ticaret.edu.tr\/saglik-kultur-ve-spor-daire-baskanligi\/bagimlilikla-mucadele\/","title":{"rendered":"Ba\u011f\u0131ml\u0131l\u0131kla M\u00fccadele"},"content":{"rendered":"<p>G\u00fcn\u00fcm\u00fczde sa\u011fl\u0131kl\u0131 ya\u015fam\u0131n korunmas\u0131 ve ba\u011f\u0131ml\u0131l\u0131kla m\u00fccadele, bireylerin ya\u015fam kalitesini art\u0131ran en \u00f6nemli unsurlar aras\u0131nda yer almaktad\u0131r. Bu do\u011frultuda geli\u015ftirilen dijital platformlar; toplumu bilin\u00e7lendirmeyi, koruyucu sa\u011fl\u0131k hizmetlerini yayg\u0131nla\u015ft\u0131rmay\u0131 ve ihtiya\u00e7 duyan bireyleri do\u011fru destek mekanizmalar\u0131na y\u00f6nlendirmeyi ama\u00e7lamaktad\u0131r.<\/p>\n<p>\u00d6\u011frencilerimizin ve \u00e7al\u0131\u015fanlar\u0131m\u0131z\u0131n ihtiya\u00e7 duymalar\u0131 h\u00e2linde bu platformlara ba\u015fvurarak g\u00fcvenilir bilgiye ve profesyonel destek hizmetlerine kolayl\u0131kla ula\u015fabilecekleri \u00f6nemle hat\u0131rlat\u0131lmaktad\u0131r.<\/p>\n<p><a href=\"https:\/\/shm.saglik.gov.tr\/\">https:\/\/shm.saglik.gov.tr<\/a> Sa\u011fl\u0131kl\u0131 Hayat Merkezleri (SHM) platformu, sa\u011fl\u0131kl\u0131 ya\u015fam al\u0131\u015fkanl\u0131klar\u0131n\u0131n kazand\u0131r\u0131lmas\u0131, hastal\u0131klar\u0131n \u00f6nlenmesi ve birinci basamak sa\u011fl\u0131k hizmetlerine eri\u015fimin kolayla\u015ft\u0131r\u0131lmas\u0131 amac\u0131yla sunulan hizmetleri tan\u0131tmaktad\u0131r.<\/p>\n<p><a href=\"https:\/\/www.bagimliliklamucadele.org.tr\/\">https:\/\/www.bagimliliklamucadele.org.tr\/<\/a>,\u00a0 ba\u011f\u0131ml\u0131l\u0131k t\u00fcrleri hakk\u0131nda bilgilendirme yapan ve bireyleri dan\u0131\u015fmanl\u0131k ile destek hizmetlerine y\u00f6nlendiren bir fark\u0131ndal\u0131k platformudur.<\/p>\n<p><a href=\"https:\/\/www.yesilay.org.tr\/\">https:\/\/www.yesilay.org.tr\/<\/a> ise ba\u011f\u0131ml\u0131l\u0131kla m\u00fccadele alan\u0131nda faaliyet g\u00f6steren Ye\u015filay\u2019\u0131n resmi sitesi olup; e\u011fitim, projeler, g\u00f6n\u00fcll\u00fcl\u00fck \u00e7al\u0131\u015fmalar\u0131 ve YEDAM arac\u0131l\u0131\u011f\u0131yla sunulan destek hizmetlerine eri\u015fim imk\u00e2n\u0131 sa\u011flamaktad\u0131r.<\/p>\n<p>&nbsp;<\/p>\n<p><a href=\"http:\/\/ticaret.edu.tr\/saglik-kultur-ve-spor-daire-baskanligi\/wp-content\/uploads\/sites\/32\/2024\/09\/tutun-bagimliligi-1.pdf\"><img loading=\"lazy\" decoding=\"async\" class=\"alignnone wp-image-809 size-full\" src=\"http:\/\/ticaret.edu.tr\/saglik-kultur-ve-spor-daire-baskanligi\/wp-content\/uploads\/sites\/32\/2024\/09\/Sigara_1.png\" alt=\"\" width=\"838\" height=\"417\" srcset=\"http:\/\/ticaret.edu.tr\/saglik-kultur-ve-spor-daire-baskanligi\/wp-content\/uploads\/sites\/32\/2024\/09\/Sigara_1.png 838w, http:\/\/ticaret.edu.tr\/saglik-kultur-ve-spor-daire-baskanligi\/wp-content\/uploads\/sites\/32\/2024\/09\/Sigara_1-300x149.png 300w, http:\/\/ticaret.edu.tr\/saglik-kultur-ve-spor-daire-baskanligi\/wp-content\/uploads\/sites\/32\/2024\/09\/Sigara_1-768x382.png 768w\" sizes=\"(max-width: 838px) 100vw, 838px\" \/><\/a><\/p>\n<p><a href=\"http:\/\/ticaret.edu.tr\/saglik-kultur-ve-spor-daire-baskanligi\/wp-content\/uploads\/sites\/32\/2024\/09\/alkol-bagimliligipdf-1.pdf\"><img loading=\"lazy\" decoding=\"async\" class=\"alignnone wp-image-812 size-full\" src=\"http:\/\/ticaret.edu.tr\/saglik-kultur-ve-spor-daire-baskanligi\/wp-content\/uploads\/sites\/32\/2024\/09\/alkol-bagimliligipdf.jpg\" alt=\"\" width=\"1417\" height=\"569\" srcset=\"http:\/\/ticaret.edu.tr\/saglik-kultur-ve-spor-daire-baskanligi\/wp-content\/uploads\/sites\/32\/2024\/09\/alkol-bagimliligipdf.jpg 1417w, http:\/\/ticaret.edu.tr\/saglik-kultur-ve-spor-daire-baskanligi\/wp-content\/uploads\/sites\/32\/2024\/09\/alkol-bagimliligipdf-300x120.jpg 300w, http:\/\/ticaret.edu.tr\/saglik-kultur-ve-spor-daire-baskanligi\/wp-content\/uploads\/sites\/32\/2024\/09\/alkol-bagimliligipdf-1024x411.jpg 1024w, http:\/\/ticaret.edu.tr\/saglik-kultur-ve-spor-daire-baskanligi\/wp-content\/uploads\/sites\/32\/2024\/09\/alkol-bagimliligipdf-768x308.jpg 768w\" sizes=\"(max-width: 1417px) 100vw, 1417px\" \/><\/a><\/p>\n<p><a href=\"https:\/\/ticaret.edu.tr\/saglik-kultur-ve-spor-daire-baskanligi\/wp-content\/uploads\/sites\/32\/2024\/09\/davranissal-bagimlilik.pdf\"><img loading=\"lazy\" decoding=\"async\" class=\"alignnone wp-image-814 size-full\" src=\"http:\/\/ticaret.edu.tr\/saglik-kultur-ve-spor-daire-baskanligi\/wp-content\/uploads\/sites\/32\/2024\/09\/davranissal-bagimlilik-1-2.jpg\" alt=\"\" width=\"1133\" height=\"569\" srcset=\"http:\/\/ticaret.edu.tr\/saglik-kultur-ve-spor-daire-baskanligi\/wp-content\/uploads\/sites\/32\/2024\/09\/davranissal-bagimlilik-1-2.jpg 1133w, http:\/\/ticaret.edu.tr\/saglik-kultur-ve-spor-daire-baskanligi\/wp-content\/uploads\/sites\/32\/2024\/09\/davranissal-bagimlilik-1-2-300x151.jpg 300w, http:\/\/ticaret.edu.tr\/saglik-kultur-ve-spor-daire-baskanligi\/wp-content\/uploads\/sites\/32\/2024\/09\/davranissal-bagimlilik-1-2-1024x514.jpg 1024w, http:\/\/ticaret.edu.tr\/saglik-kultur-ve-spor-daire-baskanligi\/wp-content\/uploads\/sites\/32\/2024\/09\/davranissal-bagimlilik-1-2-768x386.jpg 768w\" sizes=\"(max-width: 1133px) 100vw, 1133px\" \/><\/a><\/p>\n<p><a href=\"https:\/\/ticaret.edu.tr\/saglik-kultur-ve-spor-daire-baskanligi\/wp-content\/uploads\/sites\/32\/2024\/09\/madde-bagimliligi.pdf\"><img loading=\"lazy\" decoding=\"async\" class=\"alignnone wp-image-817 size-full\" src=\"http:\/\/ticaret.edu.tr\/saglik-kultur-ve-spor-daire-baskanligi\/wp-content\/uploads\/sites\/32\/2024\/09\/madde-bagimliligi-1-2.jpg\" alt=\"\" width=\"1417\" height=\"569\" srcset=\"http:\/\/ticaret.edu.tr\/saglik-kultur-ve-spor-daire-baskanligi\/wp-content\/uploads\/sites\/32\/2024\/09\/madde-bagimliligi-1-2.jpg 1417w, http:\/\/ticaret.edu.tr\/saglik-kultur-ve-spor-daire-baskanligi\/wp-content\/uploads\/sites\/32\/2024\/09\/madde-bagimliligi-1-2-300x120.jpg 300w, http:\/\/ticaret.edu.tr\/saglik-kultur-ve-spor-daire-baskanligi\/wp-content\/uploads\/sites\/32\/2024\/09\/madde-bagimliligi-1-2-1024x411.jpg 1024w, http:\/\/ticaret.edu.tr\/saglik-kultur-ve-spor-daire-baskanligi\/wp-content\/uploads\/sites\/32\/2024\/09\/madde-bagimliligi-1-2-768x308.jpg 768w\" sizes=\"(max-width: 1417px) 100vw, 1417px\" \/><\/a><\/p>\n","protected":false},"excerpt":{"rendered":"<p>G\u00fcn\u00fcm\u00fczde sa\u011fl\u0131kl\u0131 ya\u015fam\u0131n korunmas\u0131 ve ba\u011f\u0131ml\u0131l\u0131kla m\u00fccadele, bireylerin ya\u015fam kalitesini art\u0131ran en \u00f6nemli unsurlar aras\u0131nda yer almaktad\u0131r. Bu do\u011frultuda geli\u015ftirilen dijital platformlar; toplumu bilin\u00e7lendirmeyi, koruyucu sa\u011fl\u0131k hizmetlerini yayg\u0131nla\u015ft\u0131rmay\u0131 ve ihtiya\u00e7 duyan bireyleri do\u011fru destek mekanizmalar\u0131na y\u00f6nlendirmeyi ama\u00e7lamaktad\u0131r. \u00d6\u011frencilerimizin ve \u00e7al\u0131\u015fanlar\u0131m\u0131z\u0131n ihtiya\u00e7 duymalar\u0131 h\u00e2linde bu platformlara ba\u015fvurarak g\u00fcvenilir bilgiye ve profesyonel destek hizmetlerine kolayl\u0131kla ula\u015fabilecekleri \u00f6nemle [&hellip;]<\/p>\n","protected":false},"author":43,"featured_media":0,"parent":0,"menu_order":0,"comment_status":"closed","ping_status":"closed","template":"genel_sayfa.php","meta":{"footnotes":""},"yoast_head":"<!-- This site is optimized with the Yoast SEO Premium plugin v22.1 (Yoast SEO v22.1) - https:\/\/yoast.com\/wordpress\/plugins\/seo\/ -->\n<title>Ba\u011f\u0131ml\u0131l\u0131kla M\u00fccadele - Sa\u011fl\u0131k K\u00fclt\u00fcr ve Spor Daire Ba\u015fkanl\u0131\u011f\u0131<\/title>\n<meta name=\"robots\" content=\"index, follow, max-snippet:-1, max-image-preview:large, max-video-preview:-1\" \/>\n<link rel=\"canonical\" href=\"https:\/\/ticaret.edu.tr\/saglik-kultur-ve-spor-daire-baskanligi\/bagimlilikla-mucadele\/\" \/>\n<meta property=\"og:locale\" content=\"tr_TR\" \/>\n<meta property=\"og:type\" content=\"article\" \/>\n<meta property=\"og:title\" content=\"Ba\u011f\u0131ml\u0131l\u0131kla M\u00fccadele\" \/>\n<meta property=\"og:description\" content=\"G\u00fcn\u00fcm\u00fczde sa\u011fl\u0131kl\u0131 ya\u015fam\u0131n korunmas\u0131 ve ba\u011f\u0131ml\u0131l\u0131kla m\u00fccadele, bireylerin ya\u015fam kalitesini art\u0131ran en \u00f6nemli unsurlar aras\u0131nda yer almaktad\u0131r. Bu do\u011frultuda geli\u015ftirilen dijital platformlar; toplumu bilin\u00e7lendirmeyi, koruyucu sa\u011fl\u0131k hizmetlerini yayg\u0131nla\u015ft\u0131rmay\u0131 ve ihtiya\u00e7 duyan bireyleri do\u011fru destek mekanizmalar\u0131na y\u00f6nlendirmeyi ama\u00e7lamaktad\u0131r. \u00d6\u011frencilerimizin ve \u00e7al\u0131\u015fanlar\u0131m\u0131z\u0131n ihtiya\u00e7 duymalar\u0131 h\u00e2linde bu platformlara ba\u015fvurarak g\u00fcvenilir bilgiye ve profesyonel destek hizmetlerine kolayl\u0131kla ula\u015fabilecekleri \u00f6nemle [&hellip;]\" \/>\n<meta property=\"og:url\" content=\"https:\/\/ticaret.edu.tr\/saglik-kultur-ve-spor-daire-baskanligi\/bagimlilikla-mucadele\/\" \/>\n<meta property=\"og:site_name\" content=\"Sa\u011fl\u0131k K\u00fclt\u00fcr ve Spor Daire Ba\u015fkanl\u0131\u011f\u0131\" \/>\n<meta property=\"article:publisher\" content=\"https:\/\/www.facebook.com\/ticaretedutr\" \/>\n<meta property=\"article:modified_time\" content=\"2026-03-26T07:49:16+00:00\" \/>\n<meta property=\"og:image\" content=\"http:\/\/ticaret.edu.tr\/saglik-kultur-ve-spor-daire-baskanligi\/wp-content\/uploads\/sites\/32\/2024\/09\/Sigara_1.png\" \/>\n<meta name=\"twitter:card\" content=\"summary_large_image\" \/>\n<meta name=\"twitter:site\" content=\"@ticaretedutr\" \/>\n<meta name=\"twitter:label1\" content=\"Tahmini okuma s\u00fcresi\" \/>\n\t<meta name=\"twitter:data1\" content=\"2 dakika\" \/>\n<script type=\"application\/ld+json\" class=\"yoast-schema-graph\">{\"@context\":\"https:\/\/schema.org\",\"@graph\":[{\"@type\":\"WebPage\",\"@id\":\"https:\/\/ticaret.edu.tr\/saglik-kultur-ve-spor-daire-baskanligi\/bagimlilikla-mucadele\/\",\"url\":\"https:\/\/ticaret.edu.tr\/saglik-kultur-ve-spor-daire-baskanligi\/bagimlilikla-mucadele\/\",\"name\":\"Ba\u011f\u0131ml\u0131l\u0131kla M\u00fccadele - Sa\u011fl\u0131k K\u00fclt\u00fcr ve Spor Daire Ba\u015fkanl\u0131\u011f\u0131\",\"isPartOf\":{\"@id\":\"https:\/\/ticaret.edu.tr\/saglik-kultur-ve-spor-daire-baskanligi\/#website\"},\"datePublished\":\"2024-09-19T11:49:34+00:00\",\"dateModified\":\"2026-03-26T07:49:16+00:00\",\"breadcrumb\":{\"@id\":\"https:\/\/ticaret.edu.tr\/saglik-kultur-ve-spor-daire-baskanligi\/bagimlilikla-mucadele\/#breadcrumb\"},\"inLanguage\":\"tr\",\"potentialAction\":[{\"@type\":\"ReadAction\",\"target\":[\"https:\/\/ticaret.edu.tr\/saglik-kultur-ve-spor-daire-baskanligi\/bagimlilikla-mucadele\/\"]}]},{\"@type\":\"BreadcrumbList\",\"@id\":\"https:\/\/ticaret.edu.tr\/saglik-kultur-ve-spor-daire-baskanligi\/bagimlilikla-mucadele\/#breadcrumb\",\"itemListElement\":[{\"@type\":\"ListItem\",\"position\":1,\"name\":\"Ana sayfa\",\"item\":\"https:\/\/ticaret.edu.tr\/saglik-kultur-ve-spor-daire-baskanligi\/\"},{\"@type\":\"ListItem\",\"position\":2,\"name\":\"Ba\u011f\u0131ml\u0131l\u0131kla M\u00fccadele\"}]},{\"@type\":\"WebSite\",\"@id\":\"https:\/\/ticaret.edu.tr\/saglik-kultur-ve-spor-daire-baskanligi\/#website\",\"url\":\"https:\/\/ticaret.edu.tr\/saglik-kultur-ve-spor-daire-baskanligi\/\",\"name\":\"Sa\u011fl\u0131k K\u00fclt\u00fcr ve Spor Daire Ba\u015fkanl\u0131\u011f\u0131\",\"description\":\"\",\"potentialAction\":[{\"@type\":\"SearchAction\",\"target\":{\"@type\":\"EntryPoint\",\"urlTemplate\":\"https:\/\/ticaret.edu.tr\/saglik-kultur-ve-spor-daire-baskanligi\/?s={search_term_string}\"},\"query-input\":\"required name=search_term_string\"}],\"inLanguage\":\"tr\"}]}<\/script>\n<!-- \/ Yoast SEO Premium plugin. -->","yoast_head_json":{"title":"Ba\u011f\u0131ml\u0131l\u0131kla M\u00fccadele - Sa\u011fl\u0131k K\u00fclt\u00fcr ve Spor Daire Ba\u015fkanl\u0131\u011f\u0131","robots":{"index":"index","follow":"follow","max-snippet":"max-snippet:-1","max-image-preview":"max-image-preview:large","max-video-preview":"max-video-preview:-1"},"canonical":"https:\/\/ticaret.edu.tr\/saglik-kultur-ve-spor-daire-baskanligi\/bagimlilikla-mucadele\/","og_locale":"tr_TR","og_type":"article","og_title":"Ba\u011f\u0131ml\u0131l\u0131kla M\u00fccadele","og_description":"G\u00fcn\u00fcm\u00fczde sa\u011fl\u0131kl\u0131 ya\u015fam\u0131n korunmas\u0131 ve ba\u011f\u0131ml\u0131l\u0131kla m\u00fccadele, bireylerin ya\u015fam kalitesini art\u0131ran en \u00f6nemli unsurlar aras\u0131nda yer almaktad\u0131r. Bu do\u011frultuda geli\u015ftirilen dijital platformlar; toplumu bilin\u00e7lendirmeyi, koruyucu sa\u011fl\u0131k hizmetlerini yayg\u0131nla\u015ft\u0131rmay\u0131 ve ihtiya\u00e7 duyan bireyleri do\u011fru destek mekanizmalar\u0131na y\u00f6nlendirmeyi ama\u00e7lamaktad\u0131r. \u00d6\u011frencilerimizin ve \u00e7al\u0131\u015fanlar\u0131m\u0131z\u0131n ihtiya\u00e7 duymalar\u0131 h\u00e2linde bu platformlara ba\u015fvurarak g\u00fcvenilir bilgiye ve profesyonel destek hizmetlerine kolayl\u0131kla ula\u015fabilecekleri \u00f6nemle [&hellip;]","og_url":"https:\/\/ticaret.edu.tr\/saglik-kultur-ve-spor-daire-baskanligi\/bagimlilikla-mucadele\/","og_site_name":"Sa\u011fl\u0131k K\u00fclt\u00fcr ve Spor Daire Ba\u015fkanl\u0131\u011f\u0131","article_publisher":"https:\/\/www.facebook.com\/ticaretedutr","article_modified_time":"2026-03-26T07:49:16+00:00","og_image":[{"url":"http:\/\/ticaret.edu.tr\/saglik-kultur-ve-spor-daire-baskanligi\/wp-content\/uploads\/sites\/32\/2024\/09\/Sigara_1.png"}],"twitter_card":"summary_large_image","twitter_site":"@ticaretedutr","twitter_misc":{"Tahmini okuma s\u00fcresi":"2 dakika"},"schema":{"@context":"https:\/\/schema.org","@graph":[{"@type":"WebPage","@id":"https:\/\/ticaret.edu.tr\/saglik-kultur-ve-spor-daire-baskanligi\/bagimlilikla-mucadele\/","url":"https:\/\/ticaret.edu.tr\/saglik-kultur-ve-spor-daire-baskanligi\/bagimlilikla-mucadele\/","name":"Ba\u011f\u0131ml\u0131l\u0131kla M\u00fccadele - Sa\u011fl\u0131k K\u00fclt\u00fcr ve Spor Daire Ba\u015fkanl\u0131\u011f\u0131","isPartOf":{"@id":"https:\/\/ticaret.edu.tr\/saglik-kultur-ve-spor-daire-baskanligi\/#website"},"datePublished":"2024-09-19T11:49:34+00:00","dateModified":"2026-03-26T07:49:16+00:00","breadcrumb":{"@id":"https:\/\/ticaret.edu.tr\/saglik-kultur-ve-spor-daire-baskanligi\/bagimlilikla-mucadele\/#breadcrumb"},"inLanguage":"tr","potentialAction":[{"@type":"ReadAction","target":["https:\/\/ticaret.edu.tr\/saglik-kultur-ve-spor-daire-baskanligi\/bagimlilikla-mucadele\/"]}]},{"@type":"BreadcrumbList","@id":"https:\/\/ticaret.edu.tr\/saglik-kultur-ve-spor-daire-baskanligi\/bagimlilikla-mucadele\/#breadcrumb","itemListElement":[{"@type":"ListItem","position":1,"name":"Ana sayfa","item":"https:\/\/ticaret.edu.tr\/saglik-kultur-ve-spor-daire-baskanligi\/"},{"@type":"ListItem","position":2,"name":"Ba\u011f\u0131ml\u0131l\u0131kla M\u00fccadele"}]},{"@type":"WebSite","@id":"https:\/\/ticaret.edu.tr\/saglik-kultur-ve-spor-daire-baskanligi\/#website","url":"https:\/\/ticaret.edu.tr\/saglik-kultur-ve-spor-daire-baskanligi\/","name":"Sa\u011fl\u0131k K\u00fclt\u00fcr ve Spor Daire Ba\u015fkanl\u0131\u011f\u0131","description":"","potentialAction":[{"@type":"SearchAction","target":{"@type":"EntryPoint","urlTemplate":"https:\/\/ticaret.edu.tr\/saglik-kultur-ve-spor-daire-baskanligi\/?s={search_term_string}"},"query-input":"required name=search_term_string"}],"inLanguage":"tr"}]}},"lang":"tr","translations":{"tr":799},"pll_sync_post":[],"_links":{"self":[{"href":"http:\/\/ticaret.edu.tr\/saglik-kultur-ve-spor-daire-baskanligi\/wp-json\/wp\/v2\/pages\/799"}],"collection":[{"href":"http:\/\/ticaret.edu.tr\/saglik-kultur-ve-spor-daire-baskanligi\/wp-json\/wp\/v2\/pages"}],"about":[{"href":"http:\/\/ticaret.edu.tr\/saglik-kultur-ve-spor-daire-baskanligi\/wp-json\/wp\/v2\/types\/page"}],"author":[{"embeddable":true,"href":"http:\/\/ticaret.edu.tr\/saglik-kultur-ve-spor-daire-baskanligi\/wp-json\/wp\/v2\/users\/43"}],"replies":[{"embeddable":true,"href":"http:\/\/ticaret.edu.tr\/saglik-kultur-ve-spor-daire-baskanligi\/wp-json\/wp\/v2\/comments?post=799"}],"version-history":[{"count":10,"href":"http:\/\/ticaret.edu.tr\/saglik-kultur-ve-spor-daire-baskanligi\/wp-json\/wp\/v2\/pages\/799\/revisions"}],"predecessor-version":[{"id":1334,"href":"http:\/\/ticaret.edu.tr\/saglik-kultur-ve-spor-daire-baskanligi\/wp-json\/wp\/v2\/pages\/799\/revisions\/1334"}],"wp:attachment":[{"href":"http:\/\/ticaret.edu.tr\/saglik-kultur-ve-spor-daire-baskanligi\/wp-json\/wp\/v2\/media?parent=799"}],"curies":[{"name":"wp","href":"https:\/\/api.w.org\/{rel}","templated":true}]}}