{"id":301,"date":"2021-09-17T14:12:33","date_gmt":"2021-09-17T11:12:33","guid":{"rendered":"https:\/\/ticaret.edu.tr\/spkm\/?page_id=301"},"modified":"2025-02-26T16:06:09","modified_gmt":"2025-02-26T13:06:09","slug":"homepage","status":"publish","type":"page","link":"http:\/\/ticaret.edu.tr\/sanayi-politikalari-ve-kalkinma-merkezi\/en\/","title":{"rendered":"Homepage"},"content":{"rendered":"<p>SEPIP 2022<\/p>\n<p><img loading=\"lazy\" decoding=\"async\" class=\"alignnone wp-image-439 size-full\" src=\"http:\/\/ticaret.edu.tr\/sanayi-politikalari-ve-kalkinma-merkezi\/wp-content\/uploads\/sites\/56\/2022\/09\/SEPIP-2022-call-for-paper-kopya-1-scaled.jpg\" alt=\"\" width=\"1807\" height=\"2560\" srcset=\"http:\/\/ticaret.edu.tr\/sanayi-politikalari-ve-kalkinma-merkezi\/wp-content\/uploads\/sites\/56\/2022\/09\/SEPIP-2022-call-for-paper-kopya-1-scaled.jpg 1807w, http:\/\/ticaret.edu.tr\/sanayi-politikalari-ve-kalkinma-merkezi\/wp-content\/uploads\/sites\/56\/2022\/09\/SEPIP-2022-call-for-paper-kopya-1-212x300.jpg 212w, http:\/\/ticaret.edu.tr\/sanayi-politikalari-ve-kalkinma-merkezi\/wp-content\/uploads\/sites\/56\/2022\/09\/SEPIP-2022-call-for-paper-kopya-1-723x1024.jpg 723w, http:\/\/ticaret.edu.tr\/sanayi-politikalari-ve-kalkinma-merkezi\/wp-content\/uploads\/sites\/56\/2022\/09\/SEPIP-2022-call-for-paper-kopya-1-768x1088.jpg 768w, http:\/\/ticaret.edu.tr\/sanayi-politikalari-ve-kalkinma-merkezi\/wp-content\/uploads\/sites\/56\/2022\/09\/SEPIP-2022-call-for-paper-kopya-1-1084x1536.jpg 1084w, http:\/\/ticaret.edu.tr\/sanayi-politikalari-ve-kalkinma-merkezi\/wp-content\/uploads\/sites\/56\/2022\/09\/SEPIP-2022-call-for-paper-kopya-1-1445x2048.jpg 1445w\" sizes=\"(max-width: 1807px) 100vw, 1807px\" \/><\/p>\n<p><img loading=\"lazy\" decoding=\"async\" class=\"alignnone wp-image-440 size-full\" src=\"http:\/\/ticaret.edu.tr\/sanayi-politikalari-ve-kalkinma-merkezi\/wp-content\/uploads\/sites\/56\/2022\/09\/SEPIP-2022-v13-kopya-1.jpg\" alt=\"\" width=\"2000\" height=\"2553\" srcset=\"http:\/\/ticaret.edu.tr\/sanayi-politikalari-ve-kalkinma-merkezi\/wp-content\/uploads\/sites\/56\/2022\/09\/SEPIP-2022-v13-kopya-1.jpg 2000w, http:\/\/ticaret.edu.tr\/sanayi-politikalari-ve-kalkinma-merkezi\/wp-content\/uploads\/sites\/56\/2022\/09\/SEPIP-2022-v13-kopya-1-235x300.jpg 235w, http:\/\/ticaret.edu.tr\/sanayi-politikalari-ve-kalkinma-merkezi\/wp-content\/uploads\/sites\/56\/2022\/09\/SEPIP-2022-v13-kopya-1-802x1024.jpg 802w, http:\/\/ticaret.edu.tr\/sanayi-politikalari-ve-kalkinma-merkezi\/wp-content\/uploads\/sites\/56\/2022\/09\/SEPIP-2022-v13-kopya-1-768x980.jpg 768w, http:\/\/ticaret.edu.tr\/sanayi-politikalari-ve-kalkinma-merkezi\/wp-content\/uploads\/sites\/56\/2022\/09\/SEPIP-2022-v13-kopya-1-1203x1536.jpg 1203w, http:\/\/ticaret.edu.tr\/sanayi-politikalari-ve-kalkinma-merkezi\/wp-content\/uploads\/sites\/56\/2022\/09\/SEPIP-2022-v13-kopya-1-1604x2048.jpg 1604w\" sizes=\"(max-width: 2000px) 100vw, 2000px\" \/><\/p>\n<p>&nbsp;<\/p>\n<p>The objective of the Smart Economic Planning and Industrial Policy (SEPIP) Conference is to bring together researchers, practitioners, regulators and policy makers from the globe with a view to share results of academic studies, exchange views, share experiences and discuss fresh ideas on industrial policy, economic planning, and related contemporary tools to support economic development and national competitiveness.<\/p>\n<p>Conference Evaluation form :<\/p>\n<p><a href=\"https:\/\/forms.office.com\/Pages\/ResponsePage.aspx?id=bKpFMJcAB0q2-_dlF2IcGXNHBBrNxFhNspnpM1SMuLZUQTBORDUwMTgwWlgyMTNaREE3OU9UNzhTNC4u\">https:\/\/forms.office.com\/Pages\/ResponsePage.aspx?id=bKpFMJcAB0q2-_dlF2IcGXNHBBrNxFhNspnpM1SMuLZUQTBORDUwMTgwWlgyMTNaREE3OU9UNzhTNC4u<\/a><\/p>\n<p><a href=\"http:\/\/ticaret.edu.tr\/spkm\/wp-content\/uploads\/sites\/56\/2021\/11\/SEPIP-2021-PROGRAM_ENG_14.10.2021_v.pdf\">SEPIP2021 Programme<\/a><\/p>\n<p>&nbsp;<\/p>\n<div class=\"p-gal4405 pagelayer-col pagelayer-col-6\">\n<div class=\"pagelayer-col-holder\">\n<div class=\"p-vdz180 pagelayer-image\" align=\"center\">\n<div class=\"pagelayer-image-holder pagelayer-anim-par\"><img decoding=\"async\" class=\"pagelayer-img pagelayer-animation-{{anim_hover}}\" title=\"SEPIP-2021\" src=\"http:\/\/www.sepip.org\/wp-content\/uploads\/2021\/08\/SEPIP-2021.jpg\" alt=\"SEPIP-2021\" \/><\/div>\n<\/div>\n<\/div>\n<\/div>\n<div class=\"p-cqm9400 pagelayer-col pagelayer-col-6\">\n<div class=\"pagelayer-col-holder\">\n<div class=\"p-crk1510 pagelayer-image\" align=\"center\">\n<div class=\"pagelayer-image-holder pagelayer-anim-par\"><img decoding=\"async\" class=\"pagelayer-img pagelayer-animation-{{anim_hover}}\" title=\"Call for Papers-min\" src=\"http:\/\/www.sepip.org\/wp-content\/uploads\/2021\/07\/Call-for-Papers-min.jpeg\" alt=\"Call for Papers-min\" \/><\/div>\n<\/div>\n<\/div>\n<\/div>\n","protected":false},"excerpt":{"rendered":"<p>SEPIP 2022 &nbsp; The objective of the Smart Economic Planning and Industrial Policy (SEPIP) Conference is to bring together researchers, practitioners, regulators and policy makers from the globe with a view to share results of academic studies, exchange views, share experiences and discuss fresh ideas on industrial policy, economic planning, and related contemporary tools to [&hellip;]<\/p>\n","protected":false},"author":149,"featured_media":0,"parent":0,"menu_order":0,"comment_status":"closed","ping_status":"closed","template":"pages\/homepage.php","meta":{"footnotes":""},"yoast_head":"<!-- This site is optimized with the Yoast SEO Premium plugin v22.1 (Yoast SEO v22.1) - https:\/\/yoast.com\/wordpress\/plugins\/seo\/ -->\n<title>Homepage - Sanayi Politikalar\u0131 ve Kalk\u0131nma Merkezi<\/title>\n<meta name=\"robots\" content=\"index, follow, max-snippet:-1, max-image-preview:large, max-video-preview:-1\" \/>\n<link rel=\"canonical\" href=\"https:\/\/ticaret.edu.tr\/sanayi-politikalari-ve-kalkinma-merkezi\/en\/\" \/>\n<meta property=\"og:locale\" content=\"tr_TR\" \/>\n<meta property=\"og:type\" content=\"article\" \/>\n<meta property=\"og:title\" content=\"Homepage\" \/>\n<meta property=\"og:description\" content=\"SEPIP 2022 &nbsp; The objective of the Smart Economic Planning and Industrial Policy (SEPIP) Conference is to bring together researchers, practitioners, regulators and policy makers from the globe with a view to share results of academic studies, exchange views, share experiences and discuss fresh ideas on industrial policy, economic planning, and related contemporary tools to [&hellip;]\" \/>\n<meta property=\"og:url\" content=\"https:\/\/ticaret.edu.tr\/sanayi-politikalari-ve-kalkinma-merkezi\/en\/\" \/>\n<meta property=\"og:site_name\" content=\"Sanayi Politikalar\u0131 ve Kalk\u0131nma Merkezi\" \/>\n<meta property=\"article:publisher\" content=\"https:\/\/www.facebook.com\/ticaretedutr\" \/>\n<meta property=\"article:modified_time\" content=\"2025-02-26T13:06:09+00:00\" \/>\n<meta property=\"og:image\" content=\"http:\/\/ticaret.edu.tr\/sanayi-politikalari-ve-kalkinma-merkezi\/wp-content\/uploads\/sites\/56\/2022\/09\/SEPIP-2022-call-for-paper-kopya-1-scaled.jpg\" \/>\n<meta name=\"twitter:card\" content=\"summary_large_image\" \/>\n<meta name=\"twitter:site\" content=\"@ticaretedutr\" \/>\n<meta name=\"twitter:label1\" content=\"Tahmini okuma s\u00fcresi\" \/>\n\t<meta name=\"twitter:data1\" content=\"2 dakika\" \/>\n<script type=\"application\/ld+json\" class=\"yoast-schema-graph\">{\"@context\":\"https:\/\/schema.org\",\"@graph\":[{\"@type\":\"WebPage\",\"@id\":\"https:\/\/ticaret.edu.tr\/sanayi-politikalari-ve-kalkinma-merkezi\/en\/\",\"url\":\"https:\/\/ticaret.edu.tr\/sanayi-politikalari-ve-kalkinma-merkezi\/en\/\",\"name\":\"Homepage - Sanayi Politikalar\u0131 ve Kalk\u0131nma Merkezi\",\"isPartOf\":{\"@id\":\"https:\/\/ticaret.edu.tr\/sanayi-politikalari-ve-kalkinma-merkezi\/en\/#website\"},\"datePublished\":\"2021-09-17T11:12:33+00:00\",\"dateModified\":\"2025-02-26T13:06:09+00:00\",\"breadcrumb\":{\"@id\":\"https:\/\/ticaret.edu.tr\/sanayi-politikalari-ve-kalkinma-merkezi\/en\/#breadcrumb\"},\"inLanguage\":\"tr\",\"potentialAction\":[{\"@type\":\"ReadAction\",\"target\":[\"https:\/\/ticaret.edu.tr\/sanayi-politikalari-ve-kalkinma-merkezi\/en\/\"]}]},{\"@type\":\"BreadcrumbList\",\"@id\":\"https:\/\/ticaret.edu.tr\/sanayi-politikalari-ve-kalkinma-merkezi\/en\/#breadcrumb\",\"itemListElement\":[{\"@type\":\"ListItem\",\"position\":1,\"name\":\"Ana sayfa\",\"item\":\"https:\/\/ticaret.edu.tr\/sanayi-politikalari-ve-kalkinma-merkezi\/\"},{\"@type\":\"ListItem\",\"position\":2,\"name\":\"Homepage\"}]},{\"@type\":\"WebSite\",\"@id\":\"https:\/\/ticaret.edu.tr\/sanayi-politikalari-ve-kalkinma-merkezi\/en\/#website\",\"url\":\"https:\/\/ticaret.edu.tr\/sanayi-politikalari-ve-kalkinma-merkezi\/en\/\",\"name\":\"Sanayi Politikalar\u0131 ve Kalk\u0131nma Merkezi\",\"description\":\"Bir ba\u015fka \u0130stanbul Ticaret \u00dcniversitesi site sitesi\",\"potentialAction\":[{\"@type\":\"SearchAction\",\"target\":{\"@type\":\"EntryPoint\",\"urlTemplate\":\"https:\/\/ticaret.edu.tr\/sanayi-politikalari-ve-kalkinma-merkezi\/en\/?s={search_term_string}\"},\"query-input\":\"required name=search_term_string\"}],\"inLanguage\":\"tr\"}]}<\/script>\n<!-- \/ Yoast SEO Premium plugin. -->","yoast_head_json":{"title":"Homepage - Sanayi Politikalar\u0131 ve Kalk\u0131nma Merkezi","robots":{"index":"index","follow":"follow","max-snippet":"max-snippet:-1","max-image-preview":"max-image-preview:large","max-video-preview":"max-video-preview:-1"},"canonical":"https:\/\/ticaret.edu.tr\/sanayi-politikalari-ve-kalkinma-merkezi\/en\/","og_locale":"tr_TR","og_type":"article","og_title":"Homepage","og_description":"SEPIP 2022 &nbsp; The objective of the Smart Economic Planning and Industrial Policy (SEPIP) Conference is to bring together researchers, practitioners, regulators and policy makers from the globe with a view to share results of academic studies, exchange views, share experiences and discuss fresh ideas on industrial policy, economic planning, and related contemporary tools to [&hellip;]","og_url":"https:\/\/ticaret.edu.tr\/sanayi-politikalari-ve-kalkinma-merkezi\/en\/","og_site_name":"Sanayi Politikalar\u0131 ve Kalk\u0131nma Merkezi","article_publisher":"https:\/\/www.facebook.com\/ticaretedutr","article_modified_time":"2025-02-26T13:06:09+00:00","og_image":[{"url":"http:\/\/ticaret.edu.tr\/sanayi-politikalari-ve-kalkinma-merkezi\/wp-content\/uploads\/sites\/56\/2022\/09\/SEPIP-2022-call-for-paper-kopya-1-scaled.jpg"}],"twitter_card":"summary_large_image","twitter_site":"@ticaretedutr","twitter_misc":{"Tahmini okuma s\u00fcresi":"2 dakika"},"schema":{"@context":"https:\/\/schema.org","@graph":[{"@type":"WebPage","@id":"https:\/\/ticaret.edu.tr\/sanayi-politikalari-ve-kalkinma-merkezi\/en\/","url":"https:\/\/ticaret.edu.tr\/sanayi-politikalari-ve-kalkinma-merkezi\/en\/","name":"Homepage - Sanayi Politikalar\u0131 ve Kalk\u0131nma Merkezi","isPartOf":{"@id":"https:\/\/ticaret.edu.tr\/sanayi-politikalari-ve-kalkinma-merkezi\/en\/#website"},"datePublished":"2021-09-17T11:12:33+00:00","dateModified":"2025-02-26T13:06:09+00:00","breadcrumb":{"@id":"https:\/\/ticaret.edu.tr\/sanayi-politikalari-ve-kalkinma-merkezi\/en\/#breadcrumb"},"inLanguage":"tr","potentialAction":[{"@type":"ReadAction","target":["https:\/\/ticaret.edu.tr\/sanayi-politikalari-ve-kalkinma-merkezi\/en\/"]}]},{"@type":"BreadcrumbList","@id":"https:\/\/ticaret.edu.tr\/sanayi-politikalari-ve-kalkinma-merkezi\/en\/#breadcrumb","itemListElement":[{"@type":"ListItem","position":1,"name":"Ana sayfa","item":"https:\/\/ticaret.edu.tr\/sanayi-politikalari-ve-kalkinma-merkezi\/"},{"@type":"ListItem","position":2,"name":"Homepage"}]},{"@type":"WebSite","@id":"https:\/\/ticaret.edu.tr\/sanayi-politikalari-ve-kalkinma-merkezi\/en\/#website","url":"https:\/\/ticaret.edu.tr\/sanayi-politikalari-ve-kalkinma-merkezi\/en\/","name":"Sanayi Politikalar\u0131 ve Kalk\u0131nma Merkezi","description":"Bir ba\u015fka \u0130stanbul Ticaret \u00dcniversitesi site sitesi","potentialAction":[{"@type":"SearchAction","target":{"@type":"EntryPoint","urlTemplate":"https:\/\/ticaret.edu.tr\/sanayi-politikalari-ve-kalkinma-merkezi\/en\/?s={search_term_string}"},"query-input":"required name=search_term_string"}],"inLanguage":"tr"}]}},"lang":"en","translations":{"en":301,"tr":5},"pll_sync_post":[],"_links":{"self":[{"href":"http:\/\/ticaret.edu.tr\/sanayi-politikalari-ve-kalkinma-merkezi\/wp-json\/wp\/v2\/pages\/301"}],"collection":[{"href":"http:\/\/ticaret.edu.tr\/sanayi-politikalari-ve-kalkinma-merkezi\/wp-json\/wp\/v2\/pages"}],"about":[{"href":"http:\/\/ticaret.edu.tr\/sanayi-politikalari-ve-kalkinma-merkezi\/wp-json\/wp\/v2\/types\/page"}],"author":[{"embeddable":true,"href":"http:\/\/ticaret.edu.tr\/sanayi-politikalari-ve-kalkinma-merkezi\/wp-json\/wp\/v2\/users\/149"}],"replies":[{"embeddable":true,"href":"http:\/\/ticaret.edu.tr\/sanayi-politikalari-ve-kalkinma-merkezi\/wp-json\/wp\/v2\/comments?post=301"}],"version-history":[{"count":6,"href":"http:\/\/ticaret.edu.tr\/sanayi-politikalari-ve-kalkinma-merkezi\/wp-json\/wp\/v2\/pages\/301\/revisions"}],"predecessor-version":[{"id":866,"href":"http:\/\/ticaret.edu.tr\/sanayi-politikalari-ve-kalkinma-merkezi\/wp-json\/wp\/v2\/pages\/301\/revisions\/866"}],"wp:attachment":[{"href":"http:\/\/ticaret.edu.tr\/sanayi-politikalari-ve-kalkinma-merkezi\/wp-json\/wp\/v2\/media?parent=301"}],"curies":[{"name":"wp","href":"https:\/\/api.w.org\/{rel}","templated":true}]}}