{"id":337,"date":"2021-10-27T11:18:49","date_gmt":"2021-10-27T08:18:49","guid":{"rendered":"https:\/\/ticaret.edu.tr\/spkm\/?page_id=337"},"modified":"2025-02-26T16:06:23","modified_gmt":"2025-02-26T13:06:23","slug":"about-us","status":"publish","type":"page","link":"http:\/\/ticaret.edu.tr\/sanayi-politikalari-ve-kalkinma-merkezi\/en\/about-us\/","title":{"rendered":"ABOUT US"},"content":{"rendered":"<p><strong>Objective<\/strong><\/p>\n<p>Objectives of SPKM are reviewing experiences and prosses of devepoling countries\u2019 ve Turkey\u2019s economical development, examining of effects o industrial policies and economical planning to development, making researchs about these areas related to financial policies, constituting source and data for resarchers about these areas and supporting to accessing to these sources, contributing to preparing licence and hinh licence programme and syllabus on these areas, holding events and organisations that share academical experiences and studies worldwide in thses areas.<\/p>\n<p><strong>Management<\/strong><\/p>\n<p>SPKM activities are executed by Central Management Board and represented by center director. Also an advisory board which is constituted by national and international scientists and industrialists contributes to projects of SPKM.<\/p>\n<p><strong>Industrial Policies and Development Center Management Board<\/strong><\/p>\n<p>Assoc. Prof. Bet\u00fcl G\u00fcr\u00a0\u00a0\u00a0\u00a0\u00a0\u00a0\u00a0\u00a0\u00a0\u00a0 \u00a0\u00a0\u00a0\u00a0\u00a0\u00a0\u00a0\u00a0\u00a0\u00a0\u00a0Director<\/p>\n<p>Prof. Mustafa Il\u0131cal\u0131\u00a0\u00a0\u00a0\u00a0\u00a0\u00a0\u00a0\u00a0\u00a0\u00a0\u00a0\u00a0\u00a0 \u00a0\u00a0\u00a0\u00a0\u00a0\u00a0\u00a0\u00a0\u00a0\u00a0\u00a0\u00a0Member<\/p>\n<p>Prof. El\u00e7in Ayka\u00e7 Alp\u00a0\u00a0\u00a0\u00a0\u00a0\u00a0\u00a0\u00a0\u00a0\u00a0\u00a0\u00a0 \u00a0\u00a0\u00a0\u00a0\u00a0\u00a0\u00a0\u00a0\u00a0\u00a0\u00a0Member<\/p>\n<p>Assist. Prof. G\u00fcldenur Ad\u0131g\u00fczel \u00a0\u00a0\u00a0\u00a0Member<\/p>\n<p>Assist. Prof. Muhittin Ad\u0131g\u00fczel \u00a0\u00a0\u00a0\u00a0\u00a0Member<\/p>\n<p>&nbsp;<\/p>\n<p><strong>Industrial Policies and Development Center Advisory Board<\/strong><\/p>\n<p>Prof.Dr. Salih Kat\u0131rc\u0131o\u011flu<\/p>\n<p>Do\u00e7.Dr.Setareh Kat\u0131rc\u0131o\u011flu<\/p>\n<p>&nbsp;<\/p>\n<p>Quality Unit Agent: Assoc. Prof. Bet\u00fcl G\u00fcr<\/p>\n<p>Data and Documentation Responsible: Mehmet \u00c7a\u011fr\u0131 K\u0131z\u0131lta\u015f<\/p>\n<p>&nbsp;<\/p>\n<p>&nbsp;<\/p>\n","protected":false},"excerpt":{"rendered":"<p>Objective Objectives of SPKM are reviewing experiences and prosses of devepoling countries\u2019 ve Turkey\u2019s economical development, examining of effects o industrial policies and economical planning to development, making researchs about these areas related to financial policies, constituting source and data for resarchers about these areas and supporting to accessing to these sources, contributing to preparing [&hellip;]<\/p>\n","protected":false},"author":149,"featured_media":0,"parent":0,"menu_order":0,"comment_status":"closed","ping_status":"closed","template":"genel_sayfa.php","meta":{"footnotes":""},"yoast_head":"<!-- This site is optimized with the Yoast SEO Premium plugin v22.1 (Yoast SEO v22.1) - https:\/\/yoast.com\/wordpress\/plugins\/seo\/ -->\n<title>ABOUT US - Sanayi Politikalar\u0131 ve Kalk\u0131nma Merkezi<\/title>\n<meta name=\"robots\" content=\"index, follow, max-snippet:-1, max-image-preview:large, max-video-preview:-1\" \/>\n<link rel=\"canonical\" href=\"https:\/\/ticaret.edu.tr\/sanayi-politikalari-ve-kalkinma-merkezi\/en\/about-us\/\" \/>\n<meta property=\"og:locale\" content=\"tr_TR\" \/>\n<meta property=\"og:type\" content=\"article\" \/>\n<meta property=\"og:title\" content=\"ABOUT US\" \/>\n<meta property=\"og:description\" content=\"Objective Objectives of SPKM are reviewing experiences and prosses of devepoling countries\u2019 ve Turkey\u2019s economical development, examining of effects o industrial policies and economical planning to development, making researchs about these areas related to financial policies, constituting source and data for resarchers about these areas and supporting to accessing to these sources, contributing to preparing [&hellip;]\" \/>\n<meta property=\"og:url\" content=\"https:\/\/ticaret.edu.tr\/sanayi-politikalari-ve-kalkinma-merkezi\/en\/about-us\/\" \/>\n<meta property=\"og:site_name\" content=\"Sanayi Politikalar\u0131 ve Kalk\u0131nma Merkezi\" \/>\n<meta property=\"article:publisher\" content=\"https:\/\/www.facebook.com\/ticaretedutr\" \/>\n<meta property=\"article:modified_time\" content=\"2025-02-26T13:06:23+00:00\" \/>\n<meta property=\"og:image\" content=\"http:\/\/ticaret.edu.tr\/sanayi-politikalari-ve-kalkinma-merkezi\/wp-content\/uploads\/sites\/56\/2021\/11\/web_logo-01.jpg\" \/>\n\t<meta property=\"og:image:width\" content=\"1250\" \/>\n\t<meta property=\"og:image:height\" content=\"833\" \/>\n\t<meta property=\"og:image:type\" content=\"image\/jpeg\" \/>\n<meta name=\"twitter:card\" content=\"summary_large_image\" \/>\n<meta name=\"twitter:site\" content=\"@ticaretedutr\" \/>\n<meta name=\"twitter:label1\" content=\"Tahmini okuma s\u00fcresi\" \/>\n\t<meta name=\"twitter:data1\" content=\"1 dakika\" \/>\n<script type=\"application\/ld+json\" class=\"yoast-schema-graph\">{\"@context\":\"https:\/\/schema.org\",\"@graph\":[{\"@type\":\"WebPage\",\"@id\":\"https:\/\/ticaret.edu.tr\/sanayi-politikalari-ve-kalkinma-merkezi\/en\/about-us\/\",\"url\":\"https:\/\/ticaret.edu.tr\/sanayi-politikalari-ve-kalkinma-merkezi\/en\/about-us\/\",\"name\":\"ABOUT US - Sanayi Politikalar\u0131 ve Kalk\u0131nma Merkezi\",\"isPartOf\":{\"@id\":\"https:\/\/ticaret.edu.tr\/sanayi-politikalari-ve-kalkinma-merkezi\/en\/#website\"},\"datePublished\":\"2021-10-27T08:18:49+00:00\",\"dateModified\":\"2025-02-26T13:06:23+00:00\",\"breadcrumb\":{\"@id\":\"https:\/\/ticaret.edu.tr\/sanayi-politikalari-ve-kalkinma-merkezi\/en\/about-us\/#breadcrumb\"},\"inLanguage\":\"tr\",\"potentialAction\":[{\"@type\":\"ReadAction\",\"target\":[\"https:\/\/ticaret.edu.tr\/sanayi-politikalari-ve-kalkinma-merkezi\/en\/about-us\/\"]}]},{\"@type\":\"BreadcrumbList\",\"@id\":\"https:\/\/ticaret.edu.tr\/sanayi-politikalari-ve-kalkinma-merkezi\/en\/about-us\/#breadcrumb\",\"itemListElement\":[{\"@type\":\"ListItem\",\"position\":1,\"name\":\"Ana sayfa\",\"item\":\"https:\/\/ticaret.edu.tr\/sanayi-politikalari-ve-kalkinma-merkezi\/\"},{\"@type\":\"ListItem\",\"position\":2,\"name\":\"ABOUT US\"}]},{\"@type\":\"WebSite\",\"@id\":\"https:\/\/ticaret.edu.tr\/sanayi-politikalari-ve-kalkinma-merkezi\/en\/#website\",\"url\":\"https:\/\/ticaret.edu.tr\/sanayi-politikalari-ve-kalkinma-merkezi\/en\/\",\"name\":\"Sanayi Politikalar\u0131 ve Kalk\u0131nma Merkezi\",\"description\":\"Bir ba\u015fka \u0130stanbul Ticaret \u00dcniversitesi site sitesi\",\"potentialAction\":[{\"@type\":\"SearchAction\",\"target\":{\"@type\":\"EntryPoint\",\"urlTemplate\":\"https:\/\/ticaret.edu.tr\/sanayi-politikalari-ve-kalkinma-merkezi\/en\/?s={search_term_string}\"},\"query-input\":\"required name=search_term_string\"}],\"inLanguage\":\"tr\"}]}<\/script>\n<!-- \/ Yoast SEO Premium plugin. -->","yoast_head_json":{"title":"ABOUT US - Sanayi Politikalar\u0131 ve Kalk\u0131nma Merkezi","robots":{"index":"index","follow":"follow","max-snippet":"max-snippet:-1","max-image-preview":"max-image-preview:large","max-video-preview":"max-video-preview:-1"},"canonical":"https:\/\/ticaret.edu.tr\/sanayi-politikalari-ve-kalkinma-merkezi\/en\/about-us\/","og_locale":"tr_TR","og_type":"article","og_title":"ABOUT US","og_description":"Objective Objectives of SPKM are reviewing experiences and prosses of devepoling countries\u2019 ve Turkey\u2019s economical development, examining of effects o industrial policies and economical planning to development, making researchs about these areas related to financial policies, constituting source and data for resarchers about these areas and supporting to accessing to these sources, contributing to preparing [&hellip;]","og_url":"https:\/\/ticaret.edu.tr\/sanayi-politikalari-ve-kalkinma-merkezi\/en\/about-us\/","og_site_name":"Sanayi Politikalar\u0131 ve Kalk\u0131nma Merkezi","article_publisher":"https:\/\/www.facebook.com\/ticaretedutr","article_modified_time":"2025-02-26T13:06:23+00:00","og_image":[{"width":1250,"height":833,"url":"http:\/\/ticaret.edu.tr\/sanayi-politikalari-ve-kalkinma-merkezi\/wp-content\/uploads\/sites\/56\/2021\/11\/web_logo-01.jpg","type":"image\/jpeg"}],"twitter_card":"summary_large_image","twitter_site":"@ticaretedutr","twitter_misc":{"Tahmini okuma s\u00fcresi":"1 dakika"},"schema":{"@context":"https:\/\/schema.org","@graph":[{"@type":"WebPage","@id":"https:\/\/ticaret.edu.tr\/sanayi-politikalari-ve-kalkinma-merkezi\/en\/about-us\/","url":"https:\/\/ticaret.edu.tr\/sanayi-politikalari-ve-kalkinma-merkezi\/en\/about-us\/","name":"ABOUT US - Sanayi Politikalar\u0131 ve Kalk\u0131nma Merkezi","isPartOf":{"@id":"https:\/\/ticaret.edu.tr\/sanayi-politikalari-ve-kalkinma-merkezi\/en\/#website"},"datePublished":"2021-10-27T08:18:49+00:00","dateModified":"2025-02-26T13:06:23+00:00","breadcrumb":{"@id":"https:\/\/ticaret.edu.tr\/sanayi-politikalari-ve-kalkinma-merkezi\/en\/about-us\/#breadcrumb"},"inLanguage":"tr","potentialAction":[{"@type":"ReadAction","target":["https:\/\/ticaret.edu.tr\/sanayi-politikalari-ve-kalkinma-merkezi\/en\/about-us\/"]}]},{"@type":"BreadcrumbList","@id":"https:\/\/ticaret.edu.tr\/sanayi-politikalari-ve-kalkinma-merkezi\/en\/about-us\/#breadcrumb","itemListElement":[{"@type":"ListItem","position":1,"name":"Ana sayfa","item":"https:\/\/ticaret.edu.tr\/sanayi-politikalari-ve-kalkinma-merkezi\/"},{"@type":"ListItem","position":2,"name":"ABOUT US"}]},{"@type":"WebSite","@id":"https:\/\/ticaret.edu.tr\/sanayi-politikalari-ve-kalkinma-merkezi\/en\/#website","url":"https:\/\/ticaret.edu.tr\/sanayi-politikalari-ve-kalkinma-merkezi\/en\/","name":"Sanayi Politikalar\u0131 ve Kalk\u0131nma Merkezi","description":"Bir ba\u015fka \u0130stanbul Ticaret \u00dcniversitesi site sitesi","potentialAction":[{"@type":"SearchAction","target":{"@type":"EntryPoint","urlTemplate":"https:\/\/ticaret.edu.tr\/sanayi-politikalari-ve-kalkinma-merkezi\/en\/?s={search_term_string}"},"query-input":"required name=search_term_string"}],"inLanguage":"tr"}]}},"lang":"en","translations":{"en":337,"tr":6},"pll_sync_post":[],"_links":{"self":[{"href":"http:\/\/ticaret.edu.tr\/sanayi-politikalari-ve-kalkinma-merkezi\/wp-json\/wp\/v2\/pages\/337"}],"collection":[{"href":"http:\/\/ticaret.edu.tr\/sanayi-politikalari-ve-kalkinma-merkezi\/wp-json\/wp\/v2\/pages"}],"about":[{"href":"http:\/\/ticaret.edu.tr\/sanayi-politikalari-ve-kalkinma-merkezi\/wp-json\/wp\/v2\/types\/page"}],"author":[{"embeddable":true,"href":"http:\/\/ticaret.edu.tr\/sanayi-politikalari-ve-kalkinma-merkezi\/wp-json\/wp\/v2\/users\/149"}],"replies":[{"embeddable":true,"href":"http:\/\/ticaret.edu.tr\/sanayi-politikalari-ve-kalkinma-merkezi\/wp-json\/wp\/v2\/comments?post=337"}],"version-history":[{"count":4,"href":"http:\/\/ticaret.edu.tr\/sanayi-politikalari-ve-kalkinma-merkezi\/wp-json\/wp\/v2\/pages\/337\/revisions"}],"predecessor-version":[{"id":421,"href":"http:\/\/ticaret.edu.tr\/sanayi-politikalari-ve-kalkinma-merkezi\/wp-json\/wp\/v2\/pages\/337\/revisions\/421"}],"wp:attachment":[{"href":"http:\/\/ticaret.edu.tr\/sanayi-politikalari-ve-kalkinma-merkezi\/wp-json\/wp\/v2\/media?parent=337"}],"curies":[{"name":"wp","href":"https:\/\/api.w.org\/{rel}","templated":true}]}}