{"id":6,"date":"2020-07-20T08:02:46","date_gmt":"2020-07-20T05:02:46","guid":{"rendered":"http:\/\/ticaret.edu.tr\/spkm\/?page_id=6"},"modified":"2025-02-26T16:06:26","modified_gmt":"2025-02-26T13:06:26","slug":"hakkimizda","status":"publish","type":"page","link":"http:\/\/ticaret.edu.tr\/sanayi-politikalari-ve-kalkinma-merkezi\/hakkimizda\/","title":{"rendered":"Hakk\u0131m\u0131zda"},"content":{"rendered":"<p><strong>MEVZUAT<\/strong><\/p>\n<p><a href=\"http:\/\/ticaret.edu.tr\/sanayi-politikalari-ve-kalkinma-merkezi\/wp-content\/uploads\/sites\/56\/2023\/02\/1_Calisma_Usul_ve_Esaslari.pdf\">T\u0131klay\u0131n\u0131z.<\/a><\/p>\n<p><strong>EK\u0130B\u0130M\u0130Z<\/strong><\/p>\n<p>Prof.Dr.Bet\u00fcl G\u00dcR, Merkez M\u00fcd\u00fcr\u00fc<\/p>\n<p>&nbsp;<\/p>\n<p><strong>Y\u00d6NET\u0130M KURULU<\/strong><\/p>\n<p>SPKM\u2019nin faaliyetleri Merkez Y\u00f6netim Kurulu eliyle ger\u00e7ekle\u015ftirilmekte ve SPKM Merkez M\u00fcd\u00fcr\u00fc taraf\u0131ndan temsil edilmektedir.<\/p>\n<table style=\"height: 216px\" width=\"576\">\n<tbody>\n<tr>\n<td colspan=\"2\" width=\"566\"><strong>Sanayi Politikalar\u0131 ve Kalk\u0131nma Merkezi Y\u00f6netim Kurulu<\/strong><\/td>\n<\/tr>\n<tr>\n<td width=\"192\">Prof.Dr. Bet\u00fcl G\u00fcr<\/td>\n<td width=\"113\">M\u00fcd\u00fcr<\/td>\n<\/tr>\n<tr>\n<td width=\"192\">Prof.Dr. Mustafa Il\u0131cal\u0131<\/td>\n<td width=\"113\">\u00dcye<\/td>\n<\/tr>\n<tr>\n<td width=\"192\">Prof.Dr. El\u00e7in Ayka\u00e7 Alp<\/td>\n<td width=\"113\">\u00dcye<\/td>\n<\/tr>\n<tr>\n<td width=\"192\">Do\u00e7.Dr. G\u00fcldenur \u00c7etin<\/td>\n<td width=\"113\">\u00dcye<\/td>\n<\/tr>\n<tr>\n<td width=\"192\">Do\u00e7.Dr. Muhittin Ad\u0131g\u00fczel<\/td>\n<td width=\"113\">\u00dcye<\/td>\n<\/tr>\n<\/tbody>\n<\/table>\n<p><strong>DANI\u015eMA KURULU<\/strong><\/p>\n<p>T\u00fcrk ve yabanc\u0131 bilim insanlar\u0131 ve sanayicilerden olu\u015fan bir Dan\u0131\u015fma Kurulu, SANAM\u2019\u0131n projelerine katk\u0131 sa\u011flamaktad\u0131r.<\/p>\n<p>Prof. Dr. Bet\u00fcl G\u00dcR, \u0130stanbul Ticaret \u00dcniversitesi<br \/>\nProf. Dr. El\u00e7in AYKA\u00c7 ALP, \u0130stanbul Ticaret \u00dcniversitesi<br \/>\nProf. Dr. Abdurrahman AKYOL, Teknopark \u0130stanbul<br \/>\nProf. Dr. Murat Y\u00dcLEK, OST\u0130M Teknik \u00dcniversitesi<br \/>\nBahattin G\u00f6khan TOPAL, OST\u0130M Teknik \u00dcniversitesi<\/p>\n<p>&nbsp;<\/p>\n<p><strong>ORTAKLIKLAR<\/strong><\/p>\n<p>SANAM d\u00fczenledi\u011fi etkinliklerde farkl\u0131 kurum ve kurulu\u015flarla i\u015fbirlikleri yapmaktad\u0131r.<br \/>\nSEPIP 2015\u2019te, SPKM, T\u00fcrkiye Cumhuriyeti Kalk\u0131nma Bakanl\u0131\u011f\u0131; National University of Singapore; Ritsumeikan Asia Pacific University, Japonya; ve Siyaset, Ekonomi ve Toplum Ara\u015ft\u0131rmalar\u0131 Vakf\u0131\u2019yla (SETA) i\u015fbirli\u011fi yapm\u0131\u015ft\u0131r.<\/p>\n","protected":false},"excerpt":{"rendered":"<p>MEVZUAT T\u0131klay\u0131n\u0131z. EK\u0130B\u0130M\u0130Z Prof.Dr.Bet\u00fcl G\u00dcR, Merkez M\u00fcd\u00fcr\u00fc &nbsp; Y\u00d6NET\u0130M KURULU SPKM\u2019nin faaliyetleri Merkez Y\u00f6netim Kurulu eliyle ger\u00e7ekle\u015ftirilmekte ve SPKM Merkez M\u00fcd\u00fcr\u00fc taraf\u0131ndan temsil edilmektedir. Sanayi Politikalar\u0131 ve Kalk\u0131nma Merkezi Y\u00f6netim Kurulu Prof.Dr. Bet\u00fcl G\u00fcr M\u00fcd\u00fcr Prof.Dr. Mustafa Il\u0131cal\u0131 \u00dcye Prof.Dr. El\u00e7in Ayka\u00e7 Alp \u00dcye Do\u00e7.Dr. G\u00fcldenur \u00c7etin \u00dcye Do\u00e7.Dr. Muhittin Ad\u0131g\u00fczel \u00dcye DANI\u015eMA KURULU T\u00fcrk [&hellip;]<\/p>\n","protected":false},"author":142,"featured_media":0,"parent":0,"menu_order":0,"comment_status":"closed","ping_status":"closed","template":"genel_sayfa.php","meta":{"footnotes":""},"yoast_head":"<!-- This site is optimized with the Yoast SEO Premium plugin v22.1 (Yoast SEO v22.1) - https:\/\/yoast.com\/wordpress\/plugins\/seo\/ -->\n<title>Hakk\u0131m\u0131zda - Sanayi Politikalar\u0131 ve Kalk\u0131nma Merkezi<\/title>\n<meta name=\"robots\" content=\"index, follow, max-snippet:-1, max-image-preview:large, max-video-preview:-1\" \/>\n<link rel=\"canonical\" href=\"http:\/\/ticaret.edu.tr\/sanayi-politikalari-ve-kalkinma-merkezi\/hakkimizda\/\" \/>\n<meta property=\"og:locale\" content=\"tr_TR\" \/>\n<meta property=\"og:type\" content=\"article\" \/>\n<meta property=\"og:title\" content=\"Hakk\u0131m\u0131zda\" \/>\n<meta property=\"og:description\" content=\"MEVZUAT T\u0131klay\u0131n\u0131z. EK\u0130B\u0130M\u0130Z Prof.Dr.Bet\u00fcl G\u00dcR, Merkez M\u00fcd\u00fcr\u00fc &nbsp; Y\u00d6NET\u0130M KURULU SPKM\u2019nin faaliyetleri Merkez Y\u00f6netim Kurulu eliyle ger\u00e7ekle\u015ftirilmekte ve SPKM Merkez M\u00fcd\u00fcr\u00fc taraf\u0131ndan temsil edilmektedir. Sanayi Politikalar\u0131 ve Kalk\u0131nma Merkezi Y\u00f6netim Kurulu Prof.Dr. Bet\u00fcl G\u00fcr M\u00fcd\u00fcr Prof.Dr. Mustafa Il\u0131cal\u0131 \u00dcye Prof.Dr. El\u00e7in Ayka\u00e7 Alp \u00dcye Do\u00e7.Dr. G\u00fcldenur \u00c7etin \u00dcye Do\u00e7.Dr. Muhittin Ad\u0131g\u00fczel \u00dcye DANI\u015eMA KURULU T\u00fcrk [&hellip;]\" \/>\n<meta property=\"og:url\" content=\"http:\/\/ticaret.edu.tr\/sanayi-politikalari-ve-kalkinma-merkezi\/hakkimizda\/\" \/>\n<meta property=\"og:site_name\" content=\"Sanayi Politikalar\u0131 ve Kalk\u0131nma Merkezi\" \/>\n<meta property=\"article:publisher\" content=\"https:\/\/www.facebook.com\/ticaretedutr\" \/>\n<meta property=\"article:modified_time\" content=\"2025-02-26T13:06:26+00:00\" \/>\n<meta property=\"og:image\" content=\"http:\/\/ticaret.edu.tr\/sanayi-politikalari-ve-kalkinma-merkezi\/wp-content\/uploads\/sites\/56\/2021\/11\/web_logo-01.jpg\" \/>\n\t<meta property=\"og:image:width\" content=\"1250\" \/>\n\t<meta property=\"og:image:height\" content=\"833\" \/>\n\t<meta property=\"og:image:type\" content=\"image\/jpeg\" \/>\n<meta name=\"twitter:card\" content=\"summary_large_image\" \/>\n<meta name=\"twitter:site\" content=\"@ticaretedutr\" \/>\n<meta name=\"twitter:label1\" content=\"Tahmini okuma s\u00fcresi\" \/>\n\t<meta name=\"twitter:data1\" content=\"1 dakika\" \/>\n<script type=\"application\/ld+json\" class=\"yoast-schema-graph\">{\"@context\":\"https:\/\/schema.org\",\"@graph\":[{\"@type\":\"WebPage\",\"@id\":\"http:\/\/ticaret.edu.tr\/sanayi-politikalari-ve-kalkinma-merkezi\/hakkimizda\/\",\"url\":\"http:\/\/ticaret.edu.tr\/sanayi-politikalari-ve-kalkinma-merkezi\/hakkimizda\/\",\"name\":\"Hakk\u0131m\u0131zda - Sanayi Politikalar\u0131 ve Kalk\u0131nma Merkezi\",\"isPartOf\":{\"@id\":\"http:\/\/ticaret.edu.tr\/sanayi-politikalari-ve-kalkinma-merkezi\/#website\"},\"datePublished\":\"2020-07-20T05:02:46+00:00\",\"dateModified\":\"2025-02-26T13:06:26+00:00\",\"breadcrumb\":{\"@id\":\"http:\/\/ticaret.edu.tr\/sanayi-politikalari-ve-kalkinma-merkezi\/hakkimizda\/#breadcrumb\"},\"inLanguage\":\"tr\",\"potentialAction\":[{\"@type\":\"ReadAction\",\"target\":[\"http:\/\/ticaret.edu.tr\/sanayi-politikalari-ve-kalkinma-merkezi\/hakkimizda\/\"]}]},{\"@type\":\"BreadcrumbList\",\"@id\":\"http:\/\/ticaret.edu.tr\/sanayi-politikalari-ve-kalkinma-merkezi\/hakkimizda\/#breadcrumb\",\"itemListElement\":[{\"@type\":\"ListItem\",\"position\":1,\"name\":\"Ana sayfa\",\"item\":\"http:\/\/ticaret.edu.tr\/sanayi-politikalari-ve-kalkinma-merkezi\/\"},{\"@type\":\"ListItem\",\"position\":2,\"name\":\"Hakk\u0131m\u0131zda\"}]},{\"@type\":\"WebSite\",\"@id\":\"http:\/\/ticaret.edu.tr\/sanayi-politikalari-ve-kalkinma-merkezi\/#website\",\"url\":\"http:\/\/ticaret.edu.tr\/sanayi-politikalari-ve-kalkinma-merkezi\/\",\"name\":\"Sanayi Politikalar\u0131 ve Kalk\u0131nma Merkezi\",\"description\":\"Bir ba\u015fka \u0130stanbul Ticaret \u00dcniversitesi site sitesi\",\"potentialAction\":[{\"@type\":\"SearchAction\",\"target\":{\"@type\":\"EntryPoint\",\"urlTemplate\":\"http:\/\/ticaret.edu.tr\/sanayi-politikalari-ve-kalkinma-merkezi\/?s={search_term_string}\"},\"query-input\":\"required name=search_term_string\"}],\"inLanguage\":\"tr\"}]}<\/script>\n<!-- \/ Yoast SEO Premium plugin. -->","yoast_head_json":{"title":"Hakk\u0131m\u0131zda - Sanayi Politikalar\u0131 ve Kalk\u0131nma Merkezi","robots":{"index":"index","follow":"follow","max-snippet":"max-snippet:-1","max-image-preview":"max-image-preview:large","max-video-preview":"max-video-preview:-1"},"canonical":"http:\/\/ticaret.edu.tr\/sanayi-politikalari-ve-kalkinma-merkezi\/hakkimizda\/","og_locale":"tr_TR","og_type":"article","og_title":"Hakk\u0131m\u0131zda","og_description":"MEVZUAT T\u0131klay\u0131n\u0131z. EK\u0130B\u0130M\u0130Z Prof.Dr.Bet\u00fcl G\u00dcR, Merkez M\u00fcd\u00fcr\u00fc &nbsp; Y\u00d6NET\u0130M KURULU SPKM\u2019nin faaliyetleri Merkez Y\u00f6netim Kurulu eliyle ger\u00e7ekle\u015ftirilmekte ve SPKM Merkez M\u00fcd\u00fcr\u00fc taraf\u0131ndan temsil edilmektedir. Sanayi Politikalar\u0131 ve Kalk\u0131nma Merkezi Y\u00f6netim Kurulu Prof.Dr. Bet\u00fcl G\u00fcr M\u00fcd\u00fcr Prof.Dr. Mustafa Il\u0131cal\u0131 \u00dcye Prof.Dr. El\u00e7in Ayka\u00e7 Alp \u00dcye Do\u00e7.Dr. G\u00fcldenur \u00c7etin \u00dcye Do\u00e7.Dr. Muhittin Ad\u0131g\u00fczel \u00dcye DANI\u015eMA KURULU T\u00fcrk [&hellip;]","og_url":"http:\/\/ticaret.edu.tr\/sanayi-politikalari-ve-kalkinma-merkezi\/hakkimizda\/","og_site_name":"Sanayi Politikalar\u0131 ve Kalk\u0131nma Merkezi","article_publisher":"https:\/\/www.facebook.com\/ticaretedutr","article_modified_time":"2025-02-26T13:06:26+00:00","og_image":[{"width":1250,"height":833,"url":"http:\/\/ticaret.edu.tr\/sanayi-politikalari-ve-kalkinma-merkezi\/wp-content\/uploads\/sites\/56\/2021\/11\/web_logo-01.jpg","type":"image\/jpeg"}],"twitter_card":"summary_large_image","twitter_site":"@ticaretedutr","twitter_misc":{"Tahmini okuma s\u00fcresi":"1 dakika"},"schema":{"@context":"https:\/\/schema.org","@graph":[{"@type":"WebPage","@id":"http:\/\/ticaret.edu.tr\/sanayi-politikalari-ve-kalkinma-merkezi\/hakkimizda\/","url":"http:\/\/ticaret.edu.tr\/sanayi-politikalari-ve-kalkinma-merkezi\/hakkimizda\/","name":"Hakk\u0131m\u0131zda - Sanayi Politikalar\u0131 ve Kalk\u0131nma Merkezi","isPartOf":{"@id":"http:\/\/ticaret.edu.tr\/sanayi-politikalari-ve-kalkinma-merkezi\/#website"},"datePublished":"2020-07-20T05:02:46+00:00","dateModified":"2025-02-26T13:06:26+00:00","breadcrumb":{"@id":"http:\/\/ticaret.edu.tr\/sanayi-politikalari-ve-kalkinma-merkezi\/hakkimizda\/#breadcrumb"},"inLanguage":"tr","potentialAction":[{"@type":"ReadAction","target":["http:\/\/ticaret.edu.tr\/sanayi-politikalari-ve-kalkinma-merkezi\/hakkimizda\/"]}]},{"@type":"BreadcrumbList","@id":"http:\/\/ticaret.edu.tr\/sanayi-politikalari-ve-kalkinma-merkezi\/hakkimizda\/#breadcrumb","itemListElement":[{"@type":"ListItem","position":1,"name":"Ana sayfa","item":"http:\/\/ticaret.edu.tr\/sanayi-politikalari-ve-kalkinma-merkezi\/"},{"@type":"ListItem","position":2,"name":"Hakk\u0131m\u0131zda"}]},{"@type":"WebSite","@id":"http:\/\/ticaret.edu.tr\/sanayi-politikalari-ve-kalkinma-merkezi\/#website","url":"http:\/\/ticaret.edu.tr\/sanayi-politikalari-ve-kalkinma-merkezi\/","name":"Sanayi Politikalar\u0131 ve Kalk\u0131nma Merkezi","description":"Bir ba\u015fka \u0130stanbul Ticaret \u00dcniversitesi site sitesi","potentialAction":[{"@type":"SearchAction","target":{"@type":"EntryPoint","urlTemplate":"http:\/\/ticaret.edu.tr\/sanayi-politikalari-ve-kalkinma-merkezi\/?s={search_term_string}"},"query-input":"required name=search_term_string"}],"inLanguage":"tr"}]}},"lang":"tr","translations":{"en":337,"tr":6},"pll_sync_post":[],"_links":{"self":[{"href":"http:\/\/ticaret.edu.tr\/sanayi-politikalari-ve-kalkinma-merkezi\/wp-json\/wp\/v2\/pages\/6"}],"collection":[{"href":"http:\/\/ticaret.edu.tr\/sanayi-politikalari-ve-kalkinma-merkezi\/wp-json\/wp\/v2\/pages"}],"about":[{"href":"http:\/\/ticaret.edu.tr\/sanayi-politikalari-ve-kalkinma-merkezi\/wp-json\/wp\/v2\/types\/page"}],"author":[{"embeddable":true,"href":"http:\/\/ticaret.edu.tr\/sanayi-politikalari-ve-kalkinma-merkezi\/wp-json\/wp\/v2\/users\/142"}],"replies":[{"embeddable":true,"href":"http:\/\/ticaret.edu.tr\/sanayi-politikalari-ve-kalkinma-merkezi\/wp-json\/wp\/v2\/comments?post=6"}],"version-history":[{"count":18,"href":"http:\/\/ticaret.edu.tr\/sanayi-politikalari-ve-kalkinma-merkezi\/wp-json\/wp\/v2\/pages\/6\/revisions"}],"predecessor-version":[{"id":863,"href":"http:\/\/ticaret.edu.tr\/sanayi-politikalari-ve-kalkinma-merkezi\/wp-json\/wp\/v2\/pages\/6\/revisions\/863"}],"wp:attachment":[{"href":"http:\/\/ticaret.edu.tr\/sanayi-politikalari-ve-kalkinma-merkezi\/wp-json\/wp\/v2\/media?parent=6"}],"curies":[{"name":"wp","href":"https:\/\/api.w.org\/{rel}","templated":true}]}}