{"id":77,"date":"2021-01-15T22:25:20","date_gmt":"2021-01-15T19:25:20","guid":{"rendered":"http:\/\/ticaret.edu.tr\/spkm\/?page_id=77"},"modified":"2025-02-26T16:06:28","modified_gmt":"2025-02-26T13:06:28","slug":"projeler","status":"publish","type":"page","link":"http:\/\/ticaret.edu.tr\/sanayi-politikalari-ve-kalkinma-merkezi\/projeler\/","title":{"rendered":"Projeler"},"content":{"rendered":"<p><strong>Kalk\u0131nma Bakanl\u0131\u011f\u0131, 11. Kalk\u0131nma Plan\u0131 Mevcut Durum ve \u00d6neriler Ara\u015ft\u0131rmas\u0131<\/strong><\/p>\n<ul>\n<li>Rapor; Prof. Dr. Y\u00fclek taraf\u0131ndan yap\u0131lan yay\u0131nlara paralel olarak yerlile\u015ftirme bazl\u0131, ihracata dayal\u0131 yerli s\u0131nai kapasitenin olu\u015fturulmas\u0131na y\u00f6nelik politikalar\u0131 i\u00e7eriyor.<\/li>\n<li>Sanayi Politikalar\u0131 ve Kalk\u0131nma Merkezi taraf\u0131ndan, Merkez M\u00fcd\u00fcr\u00fc Prof. Dr. Murat Y\u00fclek ba\u015fkanl\u0131\u011f\u0131nda haz\u0131rlanan 11. Kalk\u0131nma Plan\u0131, \u0130malat Sanayi Politikalar\u0131 \u00d6zel \u0130htisas Komisyonu Raporu sunuldu<\/li>\n<\/ul>\n<p><strong>PROJELER:<\/strong><\/p>\n<p><strong>\u201cSE\u00c7\u0130LM\u0130\u015e \u00dcLKELERDE SANAY\u0130, B\u0130L\u0130M VE TEKNOLOJ\u0130 POL\u0130T\u0130KALARI TECR\u00dcBELER\u0130\u201d<\/strong><\/p>\n<ul>\n<li>T\u00fcrkiye Bilim ve Teknolojik Ara\u015ft\u0131rma\u00a0Kurumu (T\u00dcB\u0130TAK) taraf\u0131ndan desteklenmektedir, Proje no.: 114K583,\u00a0Aral\u0131k 2014 \u2013 2017.<\/li>\n<li>Bu proje kapsam\u0131nda, son d\u00f6nemdeki iki farkl\u0131 \u00fclke (Kore ve Japonya)\u00a0i\u00e7in sanayi, bilim ve teknoloji politikalar\u0131 tecr\u00fcbesi ele al\u0131nmakta ve bu sayede politika tasar\u0131mlar\u0131 kar\u015f\u0131la\u015ft\u0131rmal\u0131 a\u00e7\u0131dan g\u00f6zden ge\u00e7irilmektedir. Ortaya \u00e7\u0131kacak sonu\u00e7lar, T\u00fcrkiye ve geli\u015fmekte olan \u00fclkelerde, kamu karar al\u0131c\u0131lar\u0131n kalk\u0131nma politikalar\u0131n\u0131n tasar\u0131m\u0131nda b\u00fct\u00fcnc\u00fcl bir referans olu\u015fturmas\u0131 beklenmektedir. Projede, sanayi politikalar\u0131n\u0131n teorik ve uygulama y\u00f6nleri kapsaml\u0131 olarak incelenmektedir.<\/li>\n<\/ul>\n","protected":false},"excerpt":{"rendered":"<p>Kalk\u0131nma Bakanl\u0131\u011f\u0131, 11. Kalk\u0131nma Plan\u0131 Mevcut Durum ve \u00d6neriler Ara\u015ft\u0131rmas\u0131 Rapor; Prof. Dr. Y\u00fclek taraf\u0131ndan yap\u0131lan yay\u0131nlara paralel olarak yerlile\u015ftirme bazl\u0131, ihracata dayal\u0131 yerli s\u0131nai kapasitenin olu\u015fturulmas\u0131na y\u00f6nelik politikalar\u0131 i\u00e7eriyor. Sanayi Politikalar\u0131 ve Kalk\u0131nma Merkezi taraf\u0131ndan, Merkez M\u00fcd\u00fcr\u00fc Prof. Dr. Murat Y\u00fclek ba\u015fkanl\u0131\u011f\u0131nda haz\u0131rlanan 11. Kalk\u0131nma Plan\u0131, \u0130malat Sanayi Politikalar\u0131 \u00d6zel \u0130htisas Komisyonu Raporu sunuldu [&hellip;]<\/p>\n","protected":false},"author":101,"featured_media":0,"parent":0,"menu_order":0,"comment_status":"closed","ping_status":"closed","template":"genel_sayfa.php","meta":{"footnotes":""},"yoast_head":"<!-- This site is optimized with the Yoast SEO Premium plugin v22.1 (Yoast SEO v22.1) - https:\/\/yoast.com\/wordpress\/plugins\/seo\/ -->\n<title>Projeler - Sanayi Politikalar\u0131 ve Kalk\u0131nma Merkezi<\/title>\n<meta name=\"robots\" content=\"index, follow, max-snippet:-1, max-image-preview:large, max-video-preview:-1\" \/>\n<link rel=\"canonical\" href=\"https:\/\/ticaret.edu.tr\/sanayi-politikalari-ve-kalkinma-merkezi\/projeler\/\" \/>\n<meta property=\"og:locale\" content=\"tr_TR\" \/>\n<meta property=\"og:type\" content=\"article\" \/>\n<meta property=\"og:title\" content=\"Projeler\" \/>\n<meta property=\"og:description\" content=\"Kalk\u0131nma Bakanl\u0131\u011f\u0131, 11. Kalk\u0131nma Plan\u0131 Mevcut Durum ve \u00d6neriler Ara\u015ft\u0131rmas\u0131 Rapor; Prof. Dr. Y\u00fclek taraf\u0131ndan yap\u0131lan yay\u0131nlara paralel olarak yerlile\u015ftirme bazl\u0131, ihracata dayal\u0131 yerli s\u0131nai kapasitenin olu\u015fturulmas\u0131na y\u00f6nelik politikalar\u0131 i\u00e7eriyor. Sanayi Politikalar\u0131 ve Kalk\u0131nma Merkezi taraf\u0131ndan, Merkez M\u00fcd\u00fcr\u00fc Prof. Dr. Murat Y\u00fclek ba\u015fkanl\u0131\u011f\u0131nda haz\u0131rlanan 11. Kalk\u0131nma Plan\u0131, \u0130malat Sanayi Politikalar\u0131 \u00d6zel \u0130htisas Komisyonu Raporu sunuldu [&hellip;]\" \/>\n<meta property=\"og:url\" content=\"https:\/\/ticaret.edu.tr\/sanayi-politikalari-ve-kalkinma-merkezi\/projeler\/\" \/>\n<meta property=\"og:site_name\" content=\"Sanayi Politikalar\u0131 ve Kalk\u0131nma Merkezi\" \/>\n<meta property=\"article:publisher\" content=\"https:\/\/www.facebook.com\/ticaretedutr\" \/>\n<meta property=\"article:modified_time\" content=\"2025-02-26T13:06:28+00:00\" \/>\n<meta property=\"og:image\" content=\"http:\/\/ticaret.edu.tr\/sanayi-politikalari-ve-kalkinma-merkezi\/wp-content\/uploads\/sites\/56\/2021\/11\/web_logo-01.jpg\" \/>\n\t<meta property=\"og:image:width\" content=\"1250\" \/>\n\t<meta property=\"og:image:height\" content=\"833\" \/>\n\t<meta property=\"og:image:type\" content=\"image\/jpeg\" \/>\n<meta name=\"twitter:card\" content=\"summary_large_image\" \/>\n<meta name=\"twitter:site\" content=\"@ticaretedutr\" \/>\n<meta name=\"twitter:label1\" content=\"Tahmini okuma s\u00fcresi\" \/>\n\t<meta name=\"twitter:data1\" content=\"1 dakika\" \/>\n<script type=\"application\/ld+json\" class=\"yoast-schema-graph\">{\"@context\":\"https:\/\/schema.org\",\"@graph\":[{\"@type\":\"WebPage\",\"@id\":\"https:\/\/ticaret.edu.tr\/sanayi-politikalari-ve-kalkinma-merkezi\/projeler\/\",\"url\":\"https:\/\/ticaret.edu.tr\/sanayi-politikalari-ve-kalkinma-merkezi\/projeler\/\",\"name\":\"Projeler - Sanayi Politikalar\u0131 ve Kalk\u0131nma Merkezi\",\"isPartOf\":{\"@id\":\"http:\/\/ticaret.edu.tr\/sanayi-politikalari-ve-kalkinma-merkezi\/#website\"},\"datePublished\":\"2021-01-15T19:25:20+00:00\",\"dateModified\":\"2025-02-26T13:06:28+00:00\",\"breadcrumb\":{\"@id\":\"https:\/\/ticaret.edu.tr\/sanayi-politikalari-ve-kalkinma-merkezi\/projeler\/#breadcrumb\"},\"inLanguage\":\"tr\",\"potentialAction\":[{\"@type\":\"ReadAction\",\"target\":[\"https:\/\/ticaret.edu.tr\/sanayi-politikalari-ve-kalkinma-merkezi\/projeler\/\"]}]},{\"@type\":\"BreadcrumbList\",\"@id\":\"https:\/\/ticaret.edu.tr\/sanayi-politikalari-ve-kalkinma-merkezi\/projeler\/#breadcrumb\",\"itemListElement\":[{\"@type\":\"ListItem\",\"position\":1,\"name\":\"Ana sayfa\",\"item\":\"http:\/\/ticaret.edu.tr\/sanayi-politikalari-ve-kalkinma-merkezi\/\"},{\"@type\":\"ListItem\",\"position\":2,\"name\":\"Projeler\"}]},{\"@type\":\"WebSite\",\"@id\":\"http:\/\/ticaret.edu.tr\/sanayi-politikalari-ve-kalkinma-merkezi\/#website\",\"url\":\"http:\/\/ticaret.edu.tr\/sanayi-politikalari-ve-kalkinma-merkezi\/\",\"name\":\"Sanayi Politikalar\u0131 ve Kalk\u0131nma Merkezi\",\"description\":\"Bir ba\u015fka \u0130stanbul Ticaret \u00dcniversitesi site sitesi\",\"potentialAction\":[{\"@type\":\"SearchAction\",\"target\":{\"@type\":\"EntryPoint\",\"urlTemplate\":\"http:\/\/ticaret.edu.tr\/sanayi-politikalari-ve-kalkinma-merkezi\/?s={search_term_string}\"},\"query-input\":\"required name=search_term_string\"}],\"inLanguage\":\"tr\"}]}<\/script>\n<!-- \/ Yoast SEO Premium plugin. -->","yoast_head_json":{"title":"Projeler - Sanayi Politikalar\u0131 ve Kalk\u0131nma Merkezi","robots":{"index":"index","follow":"follow","max-snippet":"max-snippet:-1","max-image-preview":"max-image-preview:large","max-video-preview":"max-video-preview:-1"},"canonical":"https:\/\/ticaret.edu.tr\/sanayi-politikalari-ve-kalkinma-merkezi\/projeler\/","og_locale":"tr_TR","og_type":"article","og_title":"Projeler","og_description":"Kalk\u0131nma Bakanl\u0131\u011f\u0131, 11. Kalk\u0131nma Plan\u0131 Mevcut Durum ve \u00d6neriler Ara\u015ft\u0131rmas\u0131 Rapor; Prof. Dr. Y\u00fclek taraf\u0131ndan yap\u0131lan yay\u0131nlara paralel olarak yerlile\u015ftirme bazl\u0131, ihracata dayal\u0131 yerli s\u0131nai kapasitenin olu\u015fturulmas\u0131na y\u00f6nelik politikalar\u0131 i\u00e7eriyor. Sanayi Politikalar\u0131 ve Kalk\u0131nma Merkezi taraf\u0131ndan, Merkez M\u00fcd\u00fcr\u00fc Prof. Dr. Murat Y\u00fclek ba\u015fkanl\u0131\u011f\u0131nda haz\u0131rlanan 11. Kalk\u0131nma Plan\u0131, \u0130malat Sanayi Politikalar\u0131 \u00d6zel \u0130htisas Komisyonu Raporu sunuldu [&hellip;]","og_url":"https:\/\/ticaret.edu.tr\/sanayi-politikalari-ve-kalkinma-merkezi\/projeler\/","og_site_name":"Sanayi Politikalar\u0131 ve Kalk\u0131nma Merkezi","article_publisher":"https:\/\/www.facebook.com\/ticaretedutr","article_modified_time":"2025-02-26T13:06:28+00:00","og_image":[{"width":1250,"height":833,"url":"http:\/\/ticaret.edu.tr\/sanayi-politikalari-ve-kalkinma-merkezi\/wp-content\/uploads\/sites\/56\/2021\/11\/web_logo-01.jpg","type":"image\/jpeg"}],"twitter_card":"summary_large_image","twitter_site":"@ticaretedutr","twitter_misc":{"Tahmini okuma s\u00fcresi":"1 dakika"},"schema":{"@context":"https:\/\/schema.org","@graph":[{"@type":"WebPage","@id":"https:\/\/ticaret.edu.tr\/sanayi-politikalari-ve-kalkinma-merkezi\/projeler\/","url":"https:\/\/ticaret.edu.tr\/sanayi-politikalari-ve-kalkinma-merkezi\/projeler\/","name":"Projeler - Sanayi Politikalar\u0131 ve Kalk\u0131nma Merkezi","isPartOf":{"@id":"http:\/\/ticaret.edu.tr\/sanayi-politikalari-ve-kalkinma-merkezi\/#website"},"datePublished":"2021-01-15T19:25:20+00:00","dateModified":"2025-02-26T13:06:28+00:00","breadcrumb":{"@id":"https:\/\/ticaret.edu.tr\/sanayi-politikalari-ve-kalkinma-merkezi\/projeler\/#breadcrumb"},"inLanguage":"tr","potentialAction":[{"@type":"ReadAction","target":["https:\/\/ticaret.edu.tr\/sanayi-politikalari-ve-kalkinma-merkezi\/projeler\/"]}]},{"@type":"BreadcrumbList","@id":"https:\/\/ticaret.edu.tr\/sanayi-politikalari-ve-kalkinma-merkezi\/projeler\/#breadcrumb","itemListElement":[{"@type":"ListItem","position":1,"name":"Ana sayfa","item":"http:\/\/ticaret.edu.tr\/sanayi-politikalari-ve-kalkinma-merkezi\/"},{"@type":"ListItem","position":2,"name":"Projeler"}]},{"@type":"WebSite","@id":"http:\/\/ticaret.edu.tr\/sanayi-politikalari-ve-kalkinma-merkezi\/#website","url":"http:\/\/ticaret.edu.tr\/sanayi-politikalari-ve-kalkinma-merkezi\/","name":"Sanayi Politikalar\u0131 ve Kalk\u0131nma Merkezi","description":"Bir ba\u015fka \u0130stanbul Ticaret \u00dcniversitesi site sitesi","potentialAction":[{"@type":"SearchAction","target":{"@type":"EntryPoint","urlTemplate":"http:\/\/ticaret.edu.tr\/sanayi-politikalari-ve-kalkinma-merkezi\/?s={search_term_string}"},"query-input":"required name=search_term_string"}],"inLanguage":"tr"}]}},"lang":"tr","translations":{"en":343,"tr":77},"pll_sync_post":[],"_links":{"self":[{"href":"http:\/\/ticaret.edu.tr\/sanayi-politikalari-ve-kalkinma-merkezi\/wp-json\/wp\/v2\/pages\/77"}],"collection":[{"href":"http:\/\/ticaret.edu.tr\/sanayi-politikalari-ve-kalkinma-merkezi\/wp-json\/wp\/v2\/pages"}],"about":[{"href":"http:\/\/ticaret.edu.tr\/sanayi-politikalari-ve-kalkinma-merkezi\/wp-json\/wp\/v2\/types\/page"}],"author":[{"embeddable":true,"href":"http:\/\/ticaret.edu.tr\/sanayi-politikalari-ve-kalkinma-merkezi\/wp-json\/wp\/v2\/users\/101"}],"replies":[{"embeddable":true,"href":"http:\/\/ticaret.edu.tr\/sanayi-politikalari-ve-kalkinma-merkezi\/wp-json\/wp\/v2\/comments?post=77"}],"version-history":[{"count":4,"href":"http:\/\/ticaret.edu.tr\/sanayi-politikalari-ve-kalkinma-merkezi\/wp-json\/wp\/v2\/pages\/77\/revisions"}],"predecessor-version":[{"id":374,"href":"http:\/\/ticaret.edu.tr\/sanayi-politikalari-ve-kalkinma-merkezi\/wp-json\/wp\/v2\/pages\/77\/revisions\/374"}],"wp:attachment":[{"href":"http:\/\/ticaret.edu.tr\/sanayi-politikalari-ve-kalkinma-merkezi\/wp-json\/wp\/v2\/media?parent=77"}],"curies":[{"name":"wp","href":"https:\/\/api.w.org\/{rel}","templated":true}]}}