{"id":10,"date":"2023-07-07T11:42:30","date_gmt":"2023-07-07T08:42:30","guid":{"rendered":"https:\/\/ticaret.edu.tr\/siyaset-bilimi-uluslararasi-iliskiler\/?page_id=10"},"modified":"2025-02-18T13:50:01","modified_gmt":"2025-02-18T10:50:01","slug":"bolum-baskani","status":"publish","type":"page","link":"http:\/\/ticaret.edu.tr\/siyaset-bilimi-uluslararasi-iliskiler\/bolum-baskani\/","title":{"rendered":"B\u00f6l\u00fcm"},"content":{"rendered":"<div>\n<p><span lang=\"TR\">Sevgili \u00f6\u011frenciler,<\/span><\/p>\n<\/div>\n<div>\n<p><span lang=\"TR\">B\u00f6l\u00fcm\u00fcm\u00fcze ho\u015fgeldiniz.<\/span><\/p>\n<\/div>\n<div>\n<p><span lang=\"TR\">B\u00f6l\u00fcm\u00fcm\u00fcz\u00fcn zengin \u00f6gretim kadrosu alanlar\u0131nda \u00f6nemli akademik tecr\u00fcbe ve yetkinli\u011fe sahip isimlerden olu\u015fmaktad\u0131r.<\/span><\/p>\n<\/div>\n<div>\n<p><span lang=\"TR\">\u00d6\u011frencilerimiz, ilk iki y\u0131l a\u011f\u0131rl\u0131kl\u0131 olarak siyaset bilimi, uluslararas\u0131 ili\u015fkiler, hukuk, felsefe ve ekonominin temel olgu ve kavramlar\u0131n\u0131, anadillerinde i\u00e7sellestirmekte, lisans e\u011fitimlerinin \u00fc\u00e7\u00fcnc\u00fc y\u0131l\u0131ndan itibaren uzmanla\u015fmak istedikleri alt disiplinlere y\u00f6nelik g\u00fcncel ve farkli disiplinler ile etkile\u015fim i\u00e7erisinde geni\u015f bir se\u00e7meli ders havuzundan faydalanabilmektedir.<\/span><\/p>\n<\/div>\n<div>\n<p><span lang=\"TR\">S\u00f6z konusu se\u00e7meli derslere ek olarak \u00f6\u011frencilerimiz, lisans e\u011fitimlerinin d\u00f6rd\u00fcnc\u00fc y\u0131l\u0131nda kat\u0131ld\u0131klar\u0131 mesleki seminer dersi ve bitirme projesi \u00e7al\u0131\u015fmalar\u0131 ile mezuniyet \u00f6ncesi egitimini aldiklari disiplinin uygulama alanlar\u0131na ili\u015fkin tecr\u00fcbe edinebilmektedir. \u00d6\u011frencilerimizin sosyal ve entelekt\u00fcel geli\u015fimine y\u00f6nelik b\u00f6l\u00fcm seminerleri, \u00e7al\u0131\u015fma toplant\u0131lar\u0131 ve \u00f6\u011frenci toplulu\u011fu faaliyetleri akademik y\u0131l i\u00e7erisinde yo\u011fun bir \u015fekilde ger\u00e7ekle\u015ftirilmektedir.<\/span><\/p>\n<\/div>\n<div>\n<p><span lang=\"TR\">Siyaset Bilimi ve Uluslararasi Ili\u015fkiler B\u00f6l\u00fcm\u00fc kamu, \u00f6zel sektor, sivil toplum, d\u00fc\u015f\u00fcnce ve medya kurulu\u015flar\u0131n\u0131n ihtiyac duydugu donan\u0131mda \u00f6grenciler yeti\u015ftirmeyi hedeflemektedir. <\/span><\/p>\n<\/div>\n<div>\n<p><span lang=\"TR\">Siyaset Bilimi ve Uluslararas\u0131 \u0130li\u015fkiler (T\u00fcrk\u00e7e) B\u00f6l\u00fcm\u00fcm\u00fcz, d\u00fcnyan\u0131n en g\u00fc\u00e7l\u00fc ticaret odalar\u0131ndan birisi olan \u0130stanbul Ticaret Odas\u0131\u2019n\u0131n bilgi birikimi ve tecr\u00fcbesinden yararlanmak suretiyle, Lisans, Y\u00fcksek Lisans ve Doktora d\u00fczeyinde alan\u0131nda iddial\u0131 bir b\u00f6l\u00fcm olarak yoluna devam etmektedir.<\/span><\/p>\n<p><img loading=\"lazy\" decoding=\"async\" class=\"alignnone wp-image-228 size-full\" src=\"http:\/\/ticaret.edu.tr\/siyaset-bilimi-uluslararasi-iliskiler\/wp-content\/uploads\/sites\/75\/2024\/05\/foto.jpeg\" alt=\"\" width=\"250\" height=\"325\" srcset=\"http:\/\/ticaret.edu.tr\/siyaset-bilimi-uluslararasi-iliskiler\/wp-content\/uploads\/sites\/75\/2024\/05\/foto.jpeg 250w, http:\/\/ticaret.edu.tr\/siyaset-bilimi-uluslararasi-iliskiler\/wp-content\/uploads\/sites\/75\/2024\/05\/foto-231x300.jpeg 231w\" sizes=\"(max-width: 250px) 100vw, 250px\" \/><\/p>\n<\/div>\n<div class=\"elementToProof\">Do\u00e7. Dr. Ayfer Gen\u00e7 Y\u0131lmaz<\/div>\n<div class=\"elementToProof\">B\u00f6l\u00fcm Ba\u015fkan\u0131<\/div>\n<div class=\"elementToProof\"><a href=\"mailto:agenc@ticaret.edu.tr\">agenc@ticaret.edu.tr<\/a><\/div>\n<div class=\"elementToProof\">444 0 413 \/4388<\/div>\n","protected":false},"excerpt":{"rendered":"<p>Sevgili \u00f6\u011frenciler, B\u00f6l\u00fcm\u00fcm\u00fcze ho\u015fgeldiniz. B\u00f6l\u00fcm\u00fcm\u00fcz\u00fcn zengin \u00f6gretim kadrosu alanlar\u0131nda \u00f6nemli akademik tecr\u00fcbe ve yetkinli\u011fe sahip isimlerden olu\u015fmaktad\u0131r. \u00d6\u011frencilerimiz, ilk iki y\u0131l a\u011f\u0131rl\u0131kl\u0131 olarak siyaset bilimi, uluslararas\u0131 ili\u015fkiler, hukuk, felsefe ve ekonominin temel olgu ve kavramlar\u0131n\u0131, anadillerinde i\u00e7sellestirmekte, lisans e\u011fitimlerinin \u00fc\u00e7\u00fcnc\u00fc y\u0131l\u0131ndan itibaren uzmanla\u015fmak istedikleri alt disiplinlere y\u00f6nelik g\u00fcncel ve farkli disiplinler ile etkile\u015fim i\u00e7erisinde geni\u015f [&hellip;]<\/p>\n","protected":false},"author":149,"featured_media":0,"parent":0,"menu_order":0,"comment_status":"closed","ping_status":"closed","template":"genel_sayfa.php","meta":{"footnotes":""},"yoast_head":"<!-- This site is optimized with the Yoast SEO Premium plugin v22.1 (Yoast SEO v22.1) - https:\/\/yoast.com\/wordpress\/plugins\/seo\/ -->\n<title>B\u00f6l\u00fcm - Siyaset Bilimi ve Uluslararas\u0131 \u0130li\u015fkiler<\/title>\n<meta name=\"robots\" content=\"index, follow, max-snippet:-1, max-image-preview:large, max-video-preview:-1\" \/>\n<link rel=\"canonical\" href=\"https:\/\/ticaret.edu.tr\/siyaset-bilimi-uluslararasi-iliskiler\/bolum-baskani\/\" \/>\n<meta property=\"og:locale\" content=\"tr_TR\" \/>\n<meta property=\"og:type\" content=\"article\" \/>\n<meta property=\"og:title\" content=\"B\u00f6l\u00fcm\" \/>\n<meta property=\"og:description\" content=\"Sevgili \u00f6\u011frenciler, B\u00f6l\u00fcm\u00fcm\u00fcze ho\u015fgeldiniz. B\u00f6l\u00fcm\u00fcm\u00fcz\u00fcn zengin \u00f6gretim kadrosu alanlar\u0131nda \u00f6nemli akademik tecr\u00fcbe ve yetkinli\u011fe sahip isimlerden olu\u015fmaktad\u0131r. \u00d6\u011frencilerimiz, ilk iki y\u0131l a\u011f\u0131rl\u0131kl\u0131 olarak siyaset bilimi, uluslararas\u0131 ili\u015fkiler, hukuk, felsefe ve ekonominin temel olgu ve kavramlar\u0131n\u0131, anadillerinde i\u00e7sellestirmekte, lisans e\u011fitimlerinin \u00fc\u00e7\u00fcnc\u00fc y\u0131l\u0131ndan itibaren uzmanla\u015fmak istedikleri alt disiplinlere y\u00f6nelik g\u00fcncel ve farkli disiplinler ile etkile\u015fim i\u00e7erisinde geni\u015f [&hellip;]\" \/>\n<meta property=\"og:url\" content=\"https:\/\/ticaret.edu.tr\/siyaset-bilimi-uluslararasi-iliskiler\/bolum-baskani\/\" \/>\n<meta property=\"og:site_name\" content=\"Siyaset Bilimi ve Uluslararas\u0131 \u0130li\u015fkiler\" \/>\n<meta property=\"article:publisher\" content=\"https:\/\/www.facebook.com\/ticaretedutr\" \/>\n<meta property=\"article:modified_time\" content=\"2025-02-18T10:50:01+00:00\" \/>\n<meta property=\"og:image\" content=\"http:\/\/ticaret.edu.tr\/siyaset-bilimi-uluslararasi-iliskiler\/wp-content\/uploads\/sites\/75\/2024\/05\/foto.jpeg\" \/>\n<meta name=\"twitter:card\" content=\"summary_large_image\" \/>\n<meta name=\"twitter:site\" content=\"@ticaretedutr\" \/>\n<meta name=\"twitter:label1\" content=\"Tahmini okuma s\u00fcresi\" \/>\n\t<meta name=\"twitter:data1\" content=\"2 dakika\" \/>\n<script type=\"application\/ld+json\" class=\"yoast-schema-graph\">{\"@context\":\"https:\/\/schema.org\",\"@graph\":[{\"@type\":\"WebPage\",\"@id\":\"https:\/\/ticaret.edu.tr\/siyaset-bilimi-uluslararasi-iliskiler\/bolum-baskani\/\",\"url\":\"https:\/\/ticaret.edu.tr\/siyaset-bilimi-uluslararasi-iliskiler\/bolum-baskani\/\",\"name\":\"B\u00f6l\u00fcm - Siyaset Bilimi ve Uluslararas\u0131 \u0130li\u015fkiler\",\"isPartOf\":{\"@id\":\"http:\/\/ticaret.edu.tr\/siyaset-bilimi-uluslararasi-iliskiler\/#website\"},\"datePublished\":\"2023-07-07T08:42:30+00:00\",\"dateModified\":\"2025-02-18T10:50:01+00:00\",\"breadcrumb\":{\"@id\":\"https:\/\/ticaret.edu.tr\/siyaset-bilimi-uluslararasi-iliskiler\/bolum-baskani\/#breadcrumb\"},\"inLanguage\":\"tr\",\"potentialAction\":[{\"@type\":\"ReadAction\",\"target\":[\"https:\/\/ticaret.edu.tr\/siyaset-bilimi-uluslararasi-iliskiler\/bolum-baskani\/\"]}]},{\"@type\":\"BreadcrumbList\",\"@id\":\"https:\/\/ticaret.edu.tr\/siyaset-bilimi-uluslararasi-iliskiler\/bolum-baskani\/#breadcrumb\",\"itemListElement\":[{\"@type\":\"ListItem\",\"position\":1,\"name\":\"Ana sayfa\",\"item\":\"http:\/\/ticaret.edu.tr\/siyaset-bilimi-uluslararasi-iliskiler\/\"},{\"@type\":\"ListItem\",\"position\":2,\"name\":\"B\u00f6l\u00fcm\"}]},{\"@type\":\"WebSite\",\"@id\":\"http:\/\/ticaret.edu.tr\/siyaset-bilimi-uluslararasi-iliskiler\/#website\",\"url\":\"http:\/\/ticaret.edu.tr\/siyaset-bilimi-uluslararasi-iliskiler\/\",\"name\":\"Siyaset Bilimi ve Uluslararas\u0131 \u0130li\u015fkiler\",\"description\":\"\",\"publisher\":{\"@id\":\"http:\/\/ticaret.edu.tr\/siyaset-bilimi-uluslararasi-iliskiler\/#organization\"},\"potentialAction\":[{\"@type\":\"SearchAction\",\"target\":{\"@type\":\"EntryPoint\",\"urlTemplate\":\"http:\/\/ticaret.edu.tr\/siyaset-bilimi-uluslararasi-iliskiler\/?s={search_term_string}\"},\"query-input\":\"required name=search_term_string\"}],\"inLanguage\":\"tr\"},{\"@type\":\"Organization\",\"@id\":\"http:\/\/ticaret.edu.tr\/siyaset-bilimi-uluslararasi-iliskiler\/#organization\",\"name\":\"\u0130stanbul Ticaret \u00dcniversitesi\",\"url\":\"http:\/\/ticaret.edu.tr\/siyaset-bilimi-uluslararasi-iliskiler\/\",\"logo\":{\"@type\":\"ImageObject\",\"inLanguage\":\"tr\",\"@id\":\"http:\/\/ticaret.edu.tr\/siyaset-bilimi-uluslararasi-iliskiler\/#\/schema\/logo\/image\/\",\"url\":\"https:\/\/ticaret.edu.tr\/wp-content\/uploads\/2021\/11\/logo22.png\",\"contentUrl\":\"https:\/\/ticaret.edu.tr\/wp-content\/uploads\/2021\/11\/logo22.png\",\"width\":172,\"height\":112,\"caption\":\"\u0130stanbul Ticaret \u00dcniversitesi\"},\"image\":{\"@id\":\"http:\/\/ticaret.edu.tr\/siyaset-bilimi-uluslararasi-iliskiler\/#\/schema\/logo\/image\/\"},\"sameAs\":[\"https:\/\/www.facebook.com\/ticaretedutr\",\"https:\/\/twitter.com\/ticaretedutr\"]}]}<\/script>\n<!-- \/ Yoast SEO Premium plugin. -->","yoast_head_json":{"title":"B\u00f6l\u00fcm - Siyaset Bilimi ve Uluslararas\u0131 \u0130li\u015fkiler","robots":{"index":"index","follow":"follow","max-snippet":"max-snippet:-1","max-image-preview":"max-image-preview:large","max-video-preview":"max-video-preview:-1"},"canonical":"https:\/\/ticaret.edu.tr\/siyaset-bilimi-uluslararasi-iliskiler\/bolum-baskani\/","og_locale":"tr_TR","og_type":"article","og_title":"B\u00f6l\u00fcm","og_description":"Sevgili \u00f6\u011frenciler, B\u00f6l\u00fcm\u00fcm\u00fcze ho\u015fgeldiniz. B\u00f6l\u00fcm\u00fcm\u00fcz\u00fcn zengin \u00f6gretim kadrosu alanlar\u0131nda \u00f6nemli akademik tecr\u00fcbe ve yetkinli\u011fe sahip isimlerden olu\u015fmaktad\u0131r. \u00d6\u011frencilerimiz, ilk iki y\u0131l a\u011f\u0131rl\u0131kl\u0131 olarak siyaset bilimi, uluslararas\u0131 ili\u015fkiler, hukuk, felsefe ve ekonominin temel olgu ve kavramlar\u0131n\u0131, anadillerinde i\u00e7sellestirmekte, lisans e\u011fitimlerinin \u00fc\u00e7\u00fcnc\u00fc y\u0131l\u0131ndan itibaren uzmanla\u015fmak istedikleri alt disiplinlere y\u00f6nelik g\u00fcncel ve farkli disiplinler ile etkile\u015fim i\u00e7erisinde geni\u015f [&hellip;]","og_url":"https:\/\/ticaret.edu.tr\/siyaset-bilimi-uluslararasi-iliskiler\/bolum-baskani\/","og_site_name":"Siyaset Bilimi ve Uluslararas\u0131 \u0130li\u015fkiler","article_publisher":"https:\/\/www.facebook.com\/ticaretedutr","article_modified_time":"2025-02-18T10:50:01+00:00","og_image":[{"url":"http:\/\/ticaret.edu.tr\/siyaset-bilimi-uluslararasi-iliskiler\/wp-content\/uploads\/sites\/75\/2024\/05\/foto.jpeg"}],"twitter_card":"summary_large_image","twitter_site":"@ticaretedutr","twitter_misc":{"Tahmini okuma s\u00fcresi":"2 dakika"},"schema":{"@context":"https:\/\/schema.org","@graph":[{"@type":"WebPage","@id":"https:\/\/ticaret.edu.tr\/siyaset-bilimi-uluslararasi-iliskiler\/bolum-baskani\/","url":"https:\/\/ticaret.edu.tr\/siyaset-bilimi-uluslararasi-iliskiler\/bolum-baskani\/","name":"B\u00f6l\u00fcm - Siyaset Bilimi ve Uluslararas\u0131 \u0130li\u015fkiler","isPartOf":{"@id":"http:\/\/ticaret.edu.tr\/siyaset-bilimi-uluslararasi-iliskiler\/#website"},"datePublished":"2023-07-07T08:42:30+00:00","dateModified":"2025-02-18T10:50:01+00:00","breadcrumb":{"@id":"https:\/\/ticaret.edu.tr\/siyaset-bilimi-uluslararasi-iliskiler\/bolum-baskani\/#breadcrumb"},"inLanguage":"tr","potentialAction":[{"@type":"ReadAction","target":["https:\/\/ticaret.edu.tr\/siyaset-bilimi-uluslararasi-iliskiler\/bolum-baskani\/"]}]},{"@type":"BreadcrumbList","@id":"https:\/\/ticaret.edu.tr\/siyaset-bilimi-uluslararasi-iliskiler\/bolum-baskani\/#breadcrumb","itemListElement":[{"@type":"ListItem","position":1,"name":"Ana sayfa","item":"http:\/\/ticaret.edu.tr\/siyaset-bilimi-uluslararasi-iliskiler\/"},{"@type":"ListItem","position":2,"name":"B\u00f6l\u00fcm"}]},{"@type":"WebSite","@id":"http:\/\/ticaret.edu.tr\/siyaset-bilimi-uluslararasi-iliskiler\/#website","url":"http:\/\/ticaret.edu.tr\/siyaset-bilimi-uluslararasi-iliskiler\/","name":"Siyaset Bilimi ve Uluslararas\u0131 \u0130li\u015fkiler","description":"","publisher":{"@id":"http:\/\/ticaret.edu.tr\/siyaset-bilimi-uluslararasi-iliskiler\/#organization"},"potentialAction":[{"@type":"SearchAction","target":{"@type":"EntryPoint","urlTemplate":"http:\/\/ticaret.edu.tr\/siyaset-bilimi-uluslararasi-iliskiler\/?s={search_term_string}"},"query-input":"required name=search_term_string"}],"inLanguage":"tr"},{"@type":"Organization","@id":"http:\/\/ticaret.edu.tr\/siyaset-bilimi-uluslararasi-iliskiler\/#organization","name":"\u0130stanbul Ticaret \u00dcniversitesi","url":"http:\/\/ticaret.edu.tr\/siyaset-bilimi-uluslararasi-iliskiler\/","logo":{"@type":"ImageObject","inLanguage":"tr","@id":"http:\/\/ticaret.edu.tr\/siyaset-bilimi-uluslararasi-iliskiler\/#\/schema\/logo\/image\/","url":"https:\/\/ticaret.edu.tr\/wp-content\/uploads\/2021\/11\/logo22.png","contentUrl":"https:\/\/ticaret.edu.tr\/wp-content\/uploads\/2021\/11\/logo22.png","width":172,"height":112,"caption":"\u0130stanbul Ticaret \u00dcniversitesi"},"image":{"@id":"http:\/\/ticaret.edu.tr\/siyaset-bilimi-uluslararasi-iliskiler\/#\/schema\/logo\/image\/"},"sameAs":["https:\/\/www.facebook.com\/ticaretedutr","https:\/\/twitter.com\/ticaretedutr"]}]}},"lang":"tr","translations":{"tr":10},"pll_sync_post":[],"_links":{"self":[{"href":"http:\/\/ticaret.edu.tr\/siyaset-bilimi-uluslararasi-iliskiler\/wp-json\/wp\/v2\/pages\/10"}],"collection":[{"href":"http:\/\/ticaret.edu.tr\/siyaset-bilimi-uluslararasi-iliskiler\/wp-json\/wp\/v2\/pages"}],"about":[{"href":"http:\/\/ticaret.edu.tr\/siyaset-bilimi-uluslararasi-iliskiler\/wp-json\/wp\/v2\/types\/page"}],"author":[{"embeddable":true,"href":"http:\/\/ticaret.edu.tr\/siyaset-bilimi-uluslararasi-iliskiler\/wp-json\/wp\/v2\/users\/149"}],"replies":[{"embeddable":true,"href":"http:\/\/ticaret.edu.tr\/siyaset-bilimi-uluslararasi-iliskiler\/wp-json\/wp\/v2\/comments?post=10"}],"version-history":[{"count":9,"href":"http:\/\/ticaret.edu.tr\/siyaset-bilimi-uluslararasi-iliskiler\/wp-json\/wp\/v2\/pages\/10\/revisions"}],"predecessor-version":[{"id":278,"href":"http:\/\/ticaret.edu.tr\/siyaset-bilimi-uluslararasi-iliskiler\/wp-json\/wp\/v2\/pages\/10\/revisions\/278"}],"wp:attachment":[{"href":"http:\/\/ticaret.edu.tr\/siyaset-bilimi-uluslararasi-iliskiler\/wp-json\/wp\/v2\/media?parent=10"}],"curies":[{"name":"wp","href":"https:\/\/api.w.org\/{rel}","templated":true}]}}