{"id":121,"date":"2024-01-08T09:18:15","date_gmt":"2024-01-08T06:18:15","guid":{"rendered":"https:\/\/ticaret.edu.tr\/siyaset-bilimi-uluslararasi-iliskiler\/?page_id=121"},"modified":"2025-02-18T14:16:39","modified_gmt":"2025-02-18T11:16:39","slug":"staj","status":"publish","type":"page","link":"http:\/\/ticaret.edu.tr\/siyaset-bilimi-uluslararasi-iliskiler\/staj\/","title":{"rendered":"Staj"},"content":{"rendered":"<p><a href=\"https:\/\/ticaret.edu.tr\/siyaset-bilimi-uluslararasi-iliskiler\/wp-content\/uploads\/sites\/75\/2024\/01\/Istanbul-Ticaret-Universitesi-Staj-Yonergesi.pdf\">\u0130stanbul Ticaret \u00dcniversitesi Staj Y\u00f6nergesi&#8217;ne <strong>buradan<\/strong> ula\u015fabilirsiniz.<\/a><\/p>\n","protected":false},"excerpt":{"rendered":"<p>\u0130stanbul Ticaret \u00dcniversitesi Staj Y\u00f6nergesi&#8217;ne buradan ula\u015fabilirsiniz.<\/p>\n","protected":false},"author":181,"featured_media":0,"parent":0,"menu_order":0,"comment_status":"closed","ping_status":"closed","template":"genel_sayfa.php","meta":{"footnotes":""},"yoast_head":"<!-- This site is optimized with the Yoast SEO Premium plugin v22.1 (Yoast SEO v22.1) - https:\/\/yoast.com\/wordpress\/plugins\/seo\/ -->\n<title>Staj - Siyaset Bilimi ve Uluslararas\u0131 \u0130li\u015fkiler<\/title>\n<meta name=\"robots\" content=\"index, follow, max-snippet:-1, max-image-preview:large, max-video-preview:-1\" \/>\n<link rel=\"canonical\" href=\"https:\/\/ticaret.edu.tr\/siyaset-bilimi-uluslararasi-iliskiler\/staj\/\" \/>\n<meta property=\"og:locale\" content=\"tr_TR\" \/>\n<meta property=\"og:type\" content=\"article\" \/>\n<meta property=\"og:title\" content=\"Staj\" \/>\n<meta property=\"og:description\" content=\"\u0130stanbul Ticaret \u00dcniversitesi Staj Y\u00f6nergesi&#8217;ne buradan ula\u015fabilirsiniz.\" \/>\n<meta property=\"og:url\" content=\"https:\/\/ticaret.edu.tr\/siyaset-bilimi-uluslararasi-iliskiler\/staj\/\" \/>\n<meta property=\"og:site_name\" content=\"Siyaset Bilimi ve Uluslararas\u0131 \u0130li\u015fkiler\" \/>\n<meta property=\"article:publisher\" content=\"https:\/\/www.facebook.com\/ticaretedutr\" \/>\n<meta property=\"article:modified_time\" content=\"2025-02-18T11:16:39+00:00\" \/>\n<meta name=\"twitter:card\" content=\"summary_large_image\" \/>\n<meta name=\"twitter:site\" content=\"@ticaretedutr\" \/>\n<meta name=\"twitter:label1\" content=\"Tahmini okuma s\u00fcresi\" \/>\n\t<meta name=\"twitter:data1\" content=\"1 dakika\" \/>\n<script type=\"application\/ld+json\" class=\"yoast-schema-graph\">{\"@context\":\"https:\/\/schema.org\",\"@graph\":[{\"@type\":\"WebPage\",\"@id\":\"https:\/\/ticaret.edu.tr\/siyaset-bilimi-uluslararasi-iliskiler\/staj\/\",\"url\":\"https:\/\/ticaret.edu.tr\/siyaset-bilimi-uluslararasi-iliskiler\/staj\/\",\"name\":\"Staj - Siyaset Bilimi ve Uluslararas\u0131 \u0130li\u015fkiler\",\"isPartOf\":{\"@id\":\"http:\/\/ticaret.edu.tr\/siyaset-bilimi-uluslararasi-iliskiler\/#website\"},\"datePublished\":\"2024-01-08T06:18:15+00:00\",\"dateModified\":\"2025-02-18T11:16:39+00:00\",\"breadcrumb\":{\"@id\":\"https:\/\/ticaret.edu.tr\/siyaset-bilimi-uluslararasi-iliskiler\/staj\/#breadcrumb\"},\"inLanguage\":\"tr\",\"potentialAction\":[{\"@type\":\"ReadAction\",\"target\":[\"https:\/\/ticaret.edu.tr\/siyaset-bilimi-uluslararasi-iliskiler\/staj\/\"]}]},{\"@type\":\"BreadcrumbList\",\"@id\":\"https:\/\/ticaret.edu.tr\/siyaset-bilimi-uluslararasi-iliskiler\/staj\/#breadcrumb\",\"itemListElement\":[{\"@type\":\"ListItem\",\"position\":1,\"name\":\"Ana sayfa\",\"item\":\"http:\/\/ticaret.edu.tr\/siyaset-bilimi-uluslararasi-iliskiler\/\"},{\"@type\":\"ListItem\",\"position\":2,\"name\":\"Staj\"}]},{\"@type\":\"WebSite\",\"@id\":\"http:\/\/ticaret.edu.tr\/siyaset-bilimi-uluslararasi-iliskiler\/#website\",\"url\":\"http:\/\/ticaret.edu.tr\/siyaset-bilimi-uluslararasi-iliskiler\/\",\"name\":\"Siyaset Bilimi ve Uluslararas\u0131 \u0130li\u015fkiler\",\"description\":\"\",\"publisher\":{\"@id\":\"http:\/\/ticaret.edu.tr\/siyaset-bilimi-uluslararasi-iliskiler\/#organization\"},\"potentialAction\":[{\"@type\":\"SearchAction\",\"target\":{\"@type\":\"EntryPoint\",\"urlTemplate\":\"http:\/\/ticaret.edu.tr\/siyaset-bilimi-uluslararasi-iliskiler\/?s={search_term_string}\"},\"query-input\":\"required name=search_term_string\"}],\"inLanguage\":\"tr\"},{\"@type\":\"Organization\",\"@id\":\"http:\/\/ticaret.edu.tr\/siyaset-bilimi-uluslararasi-iliskiler\/#organization\",\"name\":\"\u0130stanbul Ticaret \u00dcniversitesi\",\"url\":\"http:\/\/ticaret.edu.tr\/siyaset-bilimi-uluslararasi-iliskiler\/\",\"logo\":{\"@type\":\"ImageObject\",\"inLanguage\":\"tr\",\"@id\":\"http:\/\/ticaret.edu.tr\/siyaset-bilimi-uluslararasi-iliskiler\/#\/schema\/logo\/image\/\",\"url\":\"https:\/\/ticaret.edu.tr\/wp-content\/uploads\/2021\/11\/logo22.png\",\"contentUrl\":\"https:\/\/ticaret.edu.tr\/wp-content\/uploads\/2021\/11\/logo22.png\",\"width\":172,\"height\":112,\"caption\":\"\u0130stanbul Ticaret \u00dcniversitesi\"},\"image\":{\"@id\":\"http:\/\/ticaret.edu.tr\/siyaset-bilimi-uluslararasi-iliskiler\/#\/schema\/logo\/image\/\"},\"sameAs\":[\"https:\/\/www.facebook.com\/ticaretedutr\",\"https:\/\/twitter.com\/ticaretedutr\"]}]}<\/script>\n<!-- \/ Yoast SEO Premium plugin. -->","yoast_head_json":{"title":"Staj - Siyaset Bilimi ve Uluslararas\u0131 \u0130li\u015fkiler","robots":{"index":"index","follow":"follow","max-snippet":"max-snippet:-1","max-image-preview":"max-image-preview:large","max-video-preview":"max-video-preview:-1"},"canonical":"https:\/\/ticaret.edu.tr\/siyaset-bilimi-uluslararasi-iliskiler\/staj\/","og_locale":"tr_TR","og_type":"article","og_title":"Staj","og_description":"\u0130stanbul Ticaret \u00dcniversitesi Staj Y\u00f6nergesi&#8217;ne buradan ula\u015fabilirsiniz.","og_url":"https:\/\/ticaret.edu.tr\/siyaset-bilimi-uluslararasi-iliskiler\/staj\/","og_site_name":"Siyaset Bilimi ve Uluslararas\u0131 \u0130li\u015fkiler","article_publisher":"https:\/\/www.facebook.com\/ticaretedutr","article_modified_time":"2025-02-18T11:16:39+00:00","twitter_card":"summary_large_image","twitter_site":"@ticaretedutr","twitter_misc":{"Tahmini okuma s\u00fcresi":"1 dakika"},"schema":{"@context":"https:\/\/schema.org","@graph":[{"@type":"WebPage","@id":"https:\/\/ticaret.edu.tr\/siyaset-bilimi-uluslararasi-iliskiler\/staj\/","url":"https:\/\/ticaret.edu.tr\/siyaset-bilimi-uluslararasi-iliskiler\/staj\/","name":"Staj - Siyaset Bilimi ve Uluslararas\u0131 \u0130li\u015fkiler","isPartOf":{"@id":"http:\/\/ticaret.edu.tr\/siyaset-bilimi-uluslararasi-iliskiler\/#website"},"datePublished":"2024-01-08T06:18:15+00:00","dateModified":"2025-02-18T11:16:39+00:00","breadcrumb":{"@id":"https:\/\/ticaret.edu.tr\/siyaset-bilimi-uluslararasi-iliskiler\/staj\/#breadcrumb"},"inLanguage":"tr","potentialAction":[{"@type":"ReadAction","target":["https:\/\/ticaret.edu.tr\/siyaset-bilimi-uluslararasi-iliskiler\/staj\/"]}]},{"@type":"BreadcrumbList","@id":"https:\/\/ticaret.edu.tr\/siyaset-bilimi-uluslararasi-iliskiler\/staj\/#breadcrumb","itemListElement":[{"@type":"ListItem","position":1,"name":"Ana sayfa","item":"http:\/\/ticaret.edu.tr\/siyaset-bilimi-uluslararasi-iliskiler\/"},{"@type":"ListItem","position":2,"name":"Staj"}]},{"@type":"WebSite","@id":"http:\/\/ticaret.edu.tr\/siyaset-bilimi-uluslararasi-iliskiler\/#website","url":"http:\/\/ticaret.edu.tr\/siyaset-bilimi-uluslararasi-iliskiler\/","name":"Siyaset Bilimi ve Uluslararas\u0131 \u0130li\u015fkiler","description":"","publisher":{"@id":"http:\/\/ticaret.edu.tr\/siyaset-bilimi-uluslararasi-iliskiler\/#organization"},"potentialAction":[{"@type":"SearchAction","target":{"@type":"EntryPoint","urlTemplate":"http:\/\/ticaret.edu.tr\/siyaset-bilimi-uluslararasi-iliskiler\/?s={search_term_string}"},"query-input":"required name=search_term_string"}],"inLanguage":"tr"},{"@type":"Organization","@id":"http:\/\/ticaret.edu.tr\/siyaset-bilimi-uluslararasi-iliskiler\/#organization","name":"\u0130stanbul Ticaret \u00dcniversitesi","url":"http:\/\/ticaret.edu.tr\/siyaset-bilimi-uluslararasi-iliskiler\/","logo":{"@type":"ImageObject","inLanguage":"tr","@id":"http:\/\/ticaret.edu.tr\/siyaset-bilimi-uluslararasi-iliskiler\/#\/schema\/logo\/image\/","url":"https:\/\/ticaret.edu.tr\/wp-content\/uploads\/2021\/11\/logo22.png","contentUrl":"https:\/\/ticaret.edu.tr\/wp-content\/uploads\/2021\/11\/logo22.png","width":172,"height":112,"caption":"\u0130stanbul Ticaret \u00dcniversitesi"},"image":{"@id":"http:\/\/ticaret.edu.tr\/siyaset-bilimi-uluslararasi-iliskiler\/#\/schema\/logo\/image\/"},"sameAs":["https:\/\/www.facebook.com\/ticaretedutr","https:\/\/twitter.com\/ticaretedutr"]}]}},"lang":"tr","translations":{"tr":121},"pll_sync_post":[],"_links":{"self":[{"href":"http:\/\/ticaret.edu.tr\/siyaset-bilimi-uluslararasi-iliskiler\/wp-json\/wp\/v2\/pages\/121"}],"collection":[{"href":"http:\/\/ticaret.edu.tr\/siyaset-bilimi-uluslararasi-iliskiler\/wp-json\/wp\/v2\/pages"}],"about":[{"href":"http:\/\/ticaret.edu.tr\/siyaset-bilimi-uluslararasi-iliskiler\/wp-json\/wp\/v2\/types\/page"}],"author":[{"embeddable":true,"href":"http:\/\/ticaret.edu.tr\/siyaset-bilimi-uluslararasi-iliskiler\/wp-json\/wp\/v2\/users\/181"}],"replies":[{"embeddable":true,"href":"http:\/\/ticaret.edu.tr\/siyaset-bilimi-uluslararasi-iliskiler\/wp-json\/wp\/v2\/comments?post=121"}],"version-history":[{"count":4,"href":"http:\/\/ticaret.edu.tr\/siyaset-bilimi-uluslararasi-iliskiler\/wp-json\/wp\/v2\/pages\/121\/revisions"}],"predecessor-version":[{"id":487,"href":"http:\/\/ticaret.edu.tr\/siyaset-bilimi-uluslararasi-iliskiler\/wp-json\/wp\/v2\/pages\/121\/revisions\/487"}],"wp:attachment":[{"href":"http:\/\/ticaret.edu.tr\/siyaset-bilimi-uluslararasi-iliskiler\/wp-json\/wp\/v2\/media?parent=121"}],"curies":[{"name":"wp","href":"https:\/\/api.w.org\/{rel}","templated":true}]}}