{"id":283,"date":"2025-01-27T00:52:06","date_gmt":"2025-01-26T21:52:06","guid":{"rendered":"https:\/\/ticaret.edu.tr\/siyaset-bilimi-uluslararasi-iliskiler\/?page_id=283"},"modified":"2025-10-20T16:07:04","modified_gmt":"2025-10-20T13:07:04","slug":"ogrenci-danismanlari","status":"publish","type":"page","link":"http:\/\/ticaret.edu.tr\/siyaset-bilimi-uluslararasi-iliskiler\/ogrenci-danismanlari\/","title":{"rendered":"\u00d6\u011frenci Dan\u0131\u015fmanlar\u0131"},"content":{"rendered":"<p class=\"p1\">\u0130stanbul Ticaret \u00dcniversitesi\u00a0<span class=\"s1\">Sosyoloji B\u00f6l\u00fcm\u00fc<\/span>, \u00f6\u011frencilerin\u00a0<span class=\"s1\">akademik, mesleki ve ki\u015fisel geli\u015fimlerini desteklemek\u00a0<\/span>amac\u0131yla kapsaml\u0131 bir dan\u0131\u015fmanl\u0131k sistemi y\u00fcr\u00fctmektedir.<\/p>\n<p class=\"p1\">Her \u00f6\u011frenciye, kay\u0131tl\u0131 oldu\u011fu programa g\u00f6re bir\u00a0<span class=\"s1\">akademik dan\u0131\u015fman<\/span>\u00a0atan\u0131r. Dan\u0131\u015fmanlar, \u00f6\u011frencilerin lisans veya lisans\u00fcst\u00fc \u00f6\u011frenim s\u00fcre\u00e7leri boyunca kar\u015f\u0131la\u015fabilecekleri akademik, idari ve mesleki konularda rehberlik eder.<\/p>\n<p class=\"p1\">Akademik dan\u0131\u015fmanlar;<\/p>\n<ul>\n<li class=\"p1\"><span class=\"s1\">\u00d6\u011frencilere\u00a0<\/span>ders se\u00e7imi, kay\u0131t i\u015flemleri ve d\u00f6nem planlamas\u0131<span class=\"s1\">\u00a0konular\u0131nda rehberlik eder.<\/span><\/li>\n<li>\n<p class=\"p1\"><span class=\"s1\">Program\u0131n\u00a0<\/span>ders plan\u0131, m\u00fcfredat yap\u0131s\u0131 ve y\u00f6netmelik h\u00fck\u00fcmleri<span class=\"s1\">\u00a0hakk\u0131nda bilgilendirme sa\u011flar.<\/span><\/p>\n<\/li>\n<li>\n<p class=\"p1\">\u00d6\u011frencilerin\u00a0<span class=\"s1\">akademik performanslar\u0131n\u0131 ve geli\u015fim s\u00fcre\u00e7lerini<\/span>\u00a0d\u00fczenli olarak izler, ihtiya\u00e7 duyuldu\u011funda y\u00f6nlendirici geri bildirimler sa\u011flar.<\/p>\n<\/li>\n<li>\n<p class=\"p1\">Gerekti\u011finde \u00f6\u011frencileri\u00a0<span class=\"s1\">psikolojik, akademik veya kariyer odakl\u0131 destek<\/span>\u00a0sunan ilgili birimlere y\u00f6nlendirir.<\/p>\n<\/li>\n<\/ul>\n<p>&nbsp;<\/p>\n<p>1.s\u0131n\u0131f: Do\u00e7. Dr. Ayfer Gen\u00e7 Y\u0131lmaz-Ar\u015f. G\u00f6r. Dilara\u00a0\u015eensivas<\/p>\n<p>2. s\u0131n\u0131f: Do\u00e7. Dr. Ayfer Gen\u00e7 Y\u0131lmaz-Ar\u015f. G\u00f6r. Dilara\u00a0\u015eensivas<\/p>\n<p>3. S\u0131n\u0131f: Dr. \u00d6\u011fr. \u00dcyesi Ay\u015fen Baylak G\u00fcng\u00f6r-Ar\u015f. G\u00f6r. Dilara\u00a0\u015eensivas<\/p>\n","protected":false},"excerpt":{"rendered":"<p>\u0130stanbul Ticaret \u00dcniversitesi\u00a0Sosyoloji B\u00f6l\u00fcm\u00fc, \u00f6\u011frencilerin\u00a0akademik, mesleki ve ki\u015fisel geli\u015fimlerini desteklemek\u00a0amac\u0131yla kapsaml\u0131 bir dan\u0131\u015fmanl\u0131k sistemi y\u00fcr\u00fctmektedir. Her \u00f6\u011frenciye, kay\u0131tl\u0131 oldu\u011fu programa g\u00f6re bir\u00a0akademik dan\u0131\u015fman\u00a0atan\u0131r. Dan\u0131\u015fmanlar, \u00f6\u011frencilerin lisans veya lisans\u00fcst\u00fc \u00f6\u011frenim s\u00fcre\u00e7leri boyunca kar\u015f\u0131la\u015fabilecekleri akademik, idari ve mesleki konularda rehberlik eder. Akademik dan\u0131\u015fmanlar; \u00d6\u011frencilere\u00a0ders se\u00e7imi, kay\u0131t i\u015flemleri ve d\u00f6nem planlamas\u0131\u00a0konular\u0131nda rehberlik eder. Program\u0131n\u00a0ders plan\u0131, m\u00fcfredat yap\u0131s\u0131 ve [&hellip;]<\/p>\n","protected":false},"author":181,"featured_media":0,"parent":0,"menu_order":0,"comment_status":"closed","ping_status":"closed","template":"genel_sayfa.php","meta":{"footnotes":""},"yoast_head":"<!-- This site is optimized with the Yoast SEO Premium plugin v22.1 (Yoast SEO v22.1) - https:\/\/yoast.com\/wordpress\/plugins\/seo\/ -->\n<title>\u00d6\u011frenci Dan\u0131\u015fmanlar\u0131 - Siyaset Bilimi ve Uluslararas\u0131 \u0130li\u015fkiler<\/title>\n<meta name=\"robots\" content=\"index, follow, max-snippet:-1, max-image-preview:large, max-video-preview:-1\" \/>\n<link rel=\"canonical\" href=\"https:\/\/ticaret.edu.tr\/siyaset-bilimi-uluslararasi-iliskiler\/ogrenci-danismanlari\/\" \/>\n<meta property=\"og:locale\" content=\"tr_TR\" \/>\n<meta property=\"og:type\" content=\"article\" \/>\n<meta property=\"og:title\" content=\"\u00d6\u011frenci Dan\u0131\u015fmanlar\u0131\" \/>\n<meta property=\"og:description\" content=\"\u0130stanbul Ticaret \u00dcniversitesi\u00a0Sosyoloji B\u00f6l\u00fcm\u00fc, \u00f6\u011frencilerin\u00a0akademik, mesleki ve ki\u015fisel geli\u015fimlerini desteklemek\u00a0amac\u0131yla kapsaml\u0131 bir dan\u0131\u015fmanl\u0131k sistemi y\u00fcr\u00fctmektedir. Her \u00f6\u011frenciye, kay\u0131tl\u0131 oldu\u011fu programa g\u00f6re bir\u00a0akademik dan\u0131\u015fman\u00a0atan\u0131r. Dan\u0131\u015fmanlar, \u00f6\u011frencilerin lisans veya lisans\u00fcst\u00fc \u00f6\u011frenim s\u00fcre\u00e7leri boyunca kar\u015f\u0131la\u015fabilecekleri akademik, idari ve mesleki konularda rehberlik eder. Akademik dan\u0131\u015fmanlar; \u00d6\u011frencilere\u00a0ders se\u00e7imi, kay\u0131t i\u015flemleri ve d\u00f6nem planlamas\u0131\u00a0konular\u0131nda rehberlik eder. Program\u0131n\u00a0ders plan\u0131, m\u00fcfredat yap\u0131s\u0131 ve [&hellip;]\" \/>\n<meta property=\"og:url\" content=\"https:\/\/ticaret.edu.tr\/siyaset-bilimi-uluslararasi-iliskiler\/ogrenci-danismanlari\/\" \/>\n<meta property=\"og:site_name\" content=\"Siyaset Bilimi ve Uluslararas\u0131 \u0130li\u015fkiler\" \/>\n<meta property=\"article:publisher\" content=\"https:\/\/www.facebook.com\/ticaretedutr\" \/>\n<meta property=\"article:modified_time\" content=\"2025-10-20T13:07:04+00:00\" \/>\n<meta name=\"twitter:card\" content=\"summary_large_image\" \/>\n<meta name=\"twitter:site\" content=\"@ticaretedutr\" \/>\n<meta name=\"twitter:label1\" content=\"Tahmini okuma s\u00fcresi\" \/>\n\t<meta name=\"twitter:data1\" content=\"1 dakika\" \/>\n<script type=\"application\/ld+json\" class=\"yoast-schema-graph\">{\"@context\":\"https:\/\/schema.org\",\"@graph\":[{\"@type\":\"WebPage\",\"@id\":\"https:\/\/ticaret.edu.tr\/siyaset-bilimi-uluslararasi-iliskiler\/ogrenci-danismanlari\/\",\"url\":\"https:\/\/ticaret.edu.tr\/siyaset-bilimi-uluslararasi-iliskiler\/ogrenci-danismanlari\/\",\"name\":\"\u00d6\u011frenci Dan\u0131\u015fmanlar\u0131 - Siyaset Bilimi ve Uluslararas\u0131 \u0130li\u015fkiler\",\"isPartOf\":{\"@id\":\"http:\/\/ticaret.edu.tr\/siyaset-bilimi-uluslararasi-iliskiler\/#website\"},\"datePublished\":\"2025-01-26T21:52:06+00:00\",\"dateModified\":\"2025-10-20T13:07:04+00:00\",\"breadcrumb\":{\"@id\":\"https:\/\/ticaret.edu.tr\/siyaset-bilimi-uluslararasi-iliskiler\/ogrenci-danismanlari\/#breadcrumb\"},\"inLanguage\":\"tr\",\"potentialAction\":[{\"@type\":\"ReadAction\",\"target\":[\"https:\/\/ticaret.edu.tr\/siyaset-bilimi-uluslararasi-iliskiler\/ogrenci-danismanlari\/\"]}]},{\"@type\":\"BreadcrumbList\",\"@id\":\"https:\/\/ticaret.edu.tr\/siyaset-bilimi-uluslararasi-iliskiler\/ogrenci-danismanlari\/#breadcrumb\",\"itemListElement\":[{\"@type\":\"ListItem\",\"position\":1,\"name\":\"Ana sayfa\",\"item\":\"http:\/\/ticaret.edu.tr\/siyaset-bilimi-uluslararasi-iliskiler\/\"},{\"@type\":\"ListItem\",\"position\":2,\"name\":\"\u00d6\u011frenci Dan\u0131\u015fmanlar\u0131\"}]},{\"@type\":\"WebSite\",\"@id\":\"http:\/\/ticaret.edu.tr\/siyaset-bilimi-uluslararasi-iliskiler\/#website\",\"url\":\"http:\/\/ticaret.edu.tr\/siyaset-bilimi-uluslararasi-iliskiler\/\",\"name\":\"Siyaset Bilimi ve Uluslararas\u0131 \u0130li\u015fkiler\",\"description\":\"\",\"publisher\":{\"@id\":\"http:\/\/ticaret.edu.tr\/siyaset-bilimi-uluslararasi-iliskiler\/#organization\"},\"potentialAction\":[{\"@type\":\"SearchAction\",\"target\":{\"@type\":\"EntryPoint\",\"urlTemplate\":\"http:\/\/ticaret.edu.tr\/siyaset-bilimi-uluslararasi-iliskiler\/?s={search_term_string}\"},\"query-input\":\"required name=search_term_string\"}],\"inLanguage\":\"tr\"},{\"@type\":\"Organization\",\"@id\":\"http:\/\/ticaret.edu.tr\/siyaset-bilimi-uluslararasi-iliskiler\/#organization\",\"name\":\"\u0130stanbul Ticaret \u00dcniversitesi\",\"url\":\"http:\/\/ticaret.edu.tr\/siyaset-bilimi-uluslararasi-iliskiler\/\",\"logo\":{\"@type\":\"ImageObject\",\"inLanguage\":\"tr\",\"@id\":\"http:\/\/ticaret.edu.tr\/siyaset-bilimi-uluslararasi-iliskiler\/#\/schema\/logo\/image\/\",\"url\":\"https:\/\/ticaret.edu.tr\/wp-content\/uploads\/2021\/11\/logo22.png\",\"contentUrl\":\"https:\/\/ticaret.edu.tr\/wp-content\/uploads\/2021\/11\/logo22.png\",\"width\":172,\"height\":112,\"caption\":\"\u0130stanbul Ticaret \u00dcniversitesi\"},\"image\":{\"@id\":\"http:\/\/ticaret.edu.tr\/siyaset-bilimi-uluslararasi-iliskiler\/#\/schema\/logo\/image\/\"},\"sameAs\":[\"https:\/\/www.facebook.com\/ticaretedutr\",\"https:\/\/twitter.com\/ticaretedutr\"]}]}<\/script>\n<!-- \/ Yoast SEO Premium plugin. -->","yoast_head_json":{"title":"\u00d6\u011frenci Dan\u0131\u015fmanlar\u0131 - Siyaset Bilimi ve Uluslararas\u0131 \u0130li\u015fkiler","robots":{"index":"index","follow":"follow","max-snippet":"max-snippet:-1","max-image-preview":"max-image-preview:large","max-video-preview":"max-video-preview:-1"},"canonical":"https:\/\/ticaret.edu.tr\/siyaset-bilimi-uluslararasi-iliskiler\/ogrenci-danismanlari\/","og_locale":"tr_TR","og_type":"article","og_title":"\u00d6\u011frenci Dan\u0131\u015fmanlar\u0131","og_description":"\u0130stanbul Ticaret \u00dcniversitesi\u00a0Sosyoloji B\u00f6l\u00fcm\u00fc, \u00f6\u011frencilerin\u00a0akademik, mesleki ve ki\u015fisel geli\u015fimlerini desteklemek\u00a0amac\u0131yla kapsaml\u0131 bir dan\u0131\u015fmanl\u0131k sistemi y\u00fcr\u00fctmektedir. Her \u00f6\u011frenciye, kay\u0131tl\u0131 oldu\u011fu programa g\u00f6re bir\u00a0akademik dan\u0131\u015fman\u00a0atan\u0131r. Dan\u0131\u015fmanlar, \u00f6\u011frencilerin lisans veya lisans\u00fcst\u00fc \u00f6\u011frenim s\u00fcre\u00e7leri boyunca kar\u015f\u0131la\u015fabilecekleri akademik, idari ve mesleki konularda rehberlik eder. Akademik dan\u0131\u015fmanlar; \u00d6\u011frencilere\u00a0ders se\u00e7imi, kay\u0131t i\u015flemleri ve d\u00f6nem planlamas\u0131\u00a0konular\u0131nda rehberlik eder. Program\u0131n\u00a0ders plan\u0131, m\u00fcfredat yap\u0131s\u0131 ve [&hellip;]","og_url":"https:\/\/ticaret.edu.tr\/siyaset-bilimi-uluslararasi-iliskiler\/ogrenci-danismanlari\/","og_site_name":"Siyaset Bilimi ve Uluslararas\u0131 \u0130li\u015fkiler","article_publisher":"https:\/\/www.facebook.com\/ticaretedutr","article_modified_time":"2025-10-20T13:07:04+00:00","twitter_card":"summary_large_image","twitter_site":"@ticaretedutr","twitter_misc":{"Tahmini okuma s\u00fcresi":"1 dakika"},"schema":{"@context":"https:\/\/schema.org","@graph":[{"@type":"WebPage","@id":"https:\/\/ticaret.edu.tr\/siyaset-bilimi-uluslararasi-iliskiler\/ogrenci-danismanlari\/","url":"https:\/\/ticaret.edu.tr\/siyaset-bilimi-uluslararasi-iliskiler\/ogrenci-danismanlari\/","name":"\u00d6\u011frenci Dan\u0131\u015fmanlar\u0131 - Siyaset Bilimi ve Uluslararas\u0131 \u0130li\u015fkiler","isPartOf":{"@id":"http:\/\/ticaret.edu.tr\/siyaset-bilimi-uluslararasi-iliskiler\/#website"},"datePublished":"2025-01-26T21:52:06+00:00","dateModified":"2025-10-20T13:07:04+00:00","breadcrumb":{"@id":"https:\/\/ticaret.edu.tr\/siyaset-bilimi-uluslararasi-iliskiler\/ogrenci-danismanlari\/#breadcrumb"},"inLanguage":"tr","potentialAction":[{"@type":"ReadAction","target":["https:\/\/ticaret.edu.tr\/siyaset-bilimi-uluslararasi-iliskiler\/ogrenci-danismanlari\/"]}]},{"@type":"BreadcrumbList","@id":"https:\/\/ticaret.edu.tr\/siyaset-bilimi-uluslararasi-iliskiler\/ogrenci-danismanlari\/#breadcrumb","itemListElement":[{"@type":"ListItem","position":1,"name":"Ana sayfa","item":"http:\/\/ticaret.edu.tr\/siyaset-bilimi-uluslararasi-iliskiler\/"},{"@type":"ListItem","position":2,"name":"\u00d6\u011frenci Dan\u0131\u015fmanlar\u0131"}]},{"@type":"WebSite","@id":"http:\/\/ticaret.edu.tr\/siyaset-bilimi-uluslararasi-iliskiler\/#website","url":"http:\/\/ticaret.edu.tr\/siyaset-bilimi-uluslararasi-iliskiler\/","name":"Siyaset Bilimi ve Uluslararas\u0131 \u0130li\u015fkiler","description":"","publisher":{"@id":"http:\/\/ticaret.edu.tr\/siyaset-bilimi-uluslararasi-iliskiler\/#organization"},"potentialAction":[{"@type":"SearchAction","target":{"@type":"EntryPoint","urlTemplate":"http:\/\/ticaret.edu.tr\/siyaset-bilimi-uluslararasi-iliskiler\/?s={search_term_string}"},"query-input":"required name=search_term_string"}],"inLanguage":"tr"},{"@type":"Organization","@id":"http:\/\/ticaret.edu.tr\/siyaset-bilimi-uluslararasi-iliskiler\/#organization","name":"\u0130stanbul Ticaret \u00dcniversitesi","url":"http:\/\/ticaret.edu.tr\/siyaset-bilimi-uluslararasi-iliskiler\/","logo":{"@type":"ImageObject","inLanguage":"tr","@id":"http:\/\/ticaret.edu.tr\/siyaset-bilimi-uluslararasi-iliskiler\/#\/schema\/logo\/image\/","url":"https:\/\/ticaret.edu.tr\/wp-content\/uploads\/2021\/11\/logo22.png","contentUrl":"https:\/\/ticaret.edu.tr\/wp-content\/uploads\/2021\/11\/logo22.png","width":172,"height":112,"caption":"\u0130stanbul Ticaret \u00dcniversitesi"},"image":{"@id":"http:\/\/ticaret.edu.tr\/siyaset-bilimi-uluslararasi-iliskiler\/#\/schema\/logo\/image\/"},"sameAs":["https:\/\/www.facebook.com\/ticaretedutr","https:\/\/twitter.com\/ticaretedutr"]}]}},"lang":"tr","translations":{"tr":283},"pll_sync_post":[],"_links":{"self":[{"href":"http:\/\/ticaret.edu.tr\/siyaset-bilimi-uluslararasi-iliskiler\/wp-json\/wp\/v2\/pages\/283"}],"collection":[{"href":"http:\/\/ticaret.edu.tr\/siyaset-bilimi-uluslararasi-iliskiler\/wp-json\/wp\/v2\/pages"}],"about":[{"href":"http:\/\/ticaret.edu.tr\/siyaset-bilimi-uluslararasi-iliskiler\/wp-json\/wp\/v2\/types\/page"}],"author":[{"embeddable":true,"href":"http:\/\/ticaret.edu.tr\/siyaset-bilimi-uluslararasi-iliskiler\/wp-json\/wp\/v2\/users\/181"}],"replies":[{"embeddable":true,"href":"http:\/\/ticaret.edu.tr\/siyaset-bilimi-uluslararasi-iliskiler\/wp-json\/wp\/v2\/comments?post=283"}],"version-history":[{"count":3,"href":"http:\/\/ticaret.edu.tr\/siyaset-bilimi-uluslararasi-iliskiler\/wp-json\/wp\/v2\/pages\/283\/revisions"}],"predecessor-version":[{"id":573,"href":"http:\/\/ticaret.edu.tr\/siyaset-bilimi-uluslararasi-iliskiler\/wp-json\/wp\/v2\/pages\/283\/revisions\/573"}],"wp:attachment":[{"href":"http:\/\/ticaret.edu.tr\/siyaset-bilimi-uluslararasi-iliskiler\/wp-json\/wp\/v2\/media?parent=283"}],"curies":[{"name":"wp","href":"https:\/\/api.w.org\/{rel}","templated":true}]}}