{"id":296,"date":"2025-01-27T00:56:36","date_gmt":"2025-01-26T21:56:36","guid":{"rendered":"https:\/\/ticaret.edu.tr\/siyaset-bilimi-uluslararasi-iliskiler\/?page_id=296"},"modified":"2025-10-20T16:29:21","modified_gmt":"2025-10-20T13:29:21","slug":"lisans-genel-bilgi","status":"publish","type":"page","link":"http:\/\/ticaret.edu.tr\/siyaset-bilimi-uluslararasi-iliskiler\/lisans-genel-bilgi\/","title":{"rendered":"Genel Bilgi"},"content":{"rendered":"<p><b><span style=\"font-family: 'Times New Roman',serif\">Program Profili (Ama\u00e7)<\/span><\/b><\/p>\n<p class=\"elementtoproof\"><span style=\"font-family: 'Times New Roman',serif\">Siyaset Bilimi ve Uluslararas\u0131 \u0130li\u015fkiler B\u00f6l\u00fcm\u00fc, k\u00fcresel bak\u0131\u015f a\u00e7\u0131s\u0131na sahip, analitik d\u00fc\u015f\u00fcnebilen, ele\u015ftirel ve etik de\u011ferlere ba\u011fl\u0131 bireyler yeti\u015ftirmeyi ama\u00e7lamaktad\u0131r. Program, siyaset, ekonomi, hukuk ve uluslararas\u0131 ili\u015fkiler alanlar\u0131n\u0131 b\u00fct\u00fcnc\u00fcl bi\u00e7imde ele alan disiplinler aras\u0131 bir e\u011fitim sunmaktad\u0131r. \u00d6\u011frenciler, bilimsel ara\u015ft\u0131rma y\u00f6ntemlerini kullanarak g\u00fcncel ulusal ve uluslararas\u0131 sorunlar\u0131 analiz etme, farkl\u0131 k\u00fclt\u00fcrleri ve g\u00f6r\u00fc\u015fleri de\u011ferlendirme, ileti\u015fim ve i\u015fbirli\u011fi becerilerini geli\u015ftirme yeterlikleri kazan\u0131r. Bu sayede mezunlar, akademi, kamu ve i\u015f d\u00fcnyas\u0131nda etkin rol \u00fcstlenebilecek donan\u0131ma sahip bireyler olarak toplumsal geli\u015fime katk\u0131 sunarlar.<\/span><\/p>\n<p><b><span style=\"font-family: 'Times New Roman',serif\">Anahtar Yetkinlikler<\/span><\/b><\/p>\n<p style=\"margin: 12.0pt 0in 12.0pt 0in\"><span style=\"font-family: 'Times New Roman',serif\">1.<\/span>Disiplin Bilgisi ve Analitik D\u00fc\u015f\u00fcnme<b>:<\/b><span style=\"font-family: 'Times New Roman',serif\"><br \/>\nSiyaset Bilimi ve Uluslararas\u0131 \u0130li\u015fkilerin temel kavram ve kuramlar\u0131na h\u00e2kim olur; olay ve olgular\u0131 analitik ve ele\u015ftirel bi\u00e7imde de\u011ferlendirir.<\/span><\/p>\n<p style=\"margin: 12.0pt 0in 12.0pt 0in\"><span style=\"font-family: 'Times New Roman',serif\">2.<\/span>Ara\u015ft\u0131rma ve Bilimsel Etik:<span style=\"font-family: 'Times New Roman',serif\"><br \/>\nBilimsel y\u00f6ntemleri kullanarak veri toplar, analiz eder ve etik de\u011ferlere uygun bi\u00e7imde yorumlar.<\/span><\/p>\n<p style=\"margin: 12.0pt 0in 12.0pt 0in\"><span style=\"font-family: 'Times New Roman',serif\">3.<\/span>Disiplinler Aras\u0131 ve K\u00fcresel Yakla\u015f\u0131m:<span style=\"font-family: 'Times New Roman',serif\"><br \/>\nSiyaset, ekonomi, hukuk ve benzeri alanlardan yararlanarak \u00e7ok boyutlu analizler yapar; farkl\u0131 k\u00fclt\u00fcrleri ve k\u00fcresel dinamikleri de\u011ferlendirir.<\/span><\/p>\n<p style=\"margin: 12.0pt 0in 12.0pt 0in\"><span style=\"font-family: 'Times New Roman',serif\">4.<\/span>\u0130leti\u015fim, \u0130\u015fbirli\u011fi ve Teknoloji Kullan\u0131m\u0131:<span style=\"font-family: 'Times New Roman',serif\"><br \/>\nEtkili ileti\u015fim kurar, tak\u0131m \u00e7al\u0131\u015fmalar\u0131na kat\u0131l\u0131r ve bili\u015fim teknolojilerini etkin bi\u00e7imde kullan\u0131r.<\/span><\/p>\n<p style=\"margin: 12.0pt 0in 12.0pt 0in\"><span style=\"font-family: 'Times New Roman',serif\">5.<\/span>Etik, Toplumsal ve Mesleki Sorumluluk:<span style=\"font-family: 'Times New Roman',serif\"><br \/>\nEvrensel etik ilkelere ba\u011fl\u0131 hareket eder; toplumsal geli\u015fime, s\u00fcrd\u00fcr\u00fclebilir kalk\u0131nmaya ve mesleki ilerlemeye katk\u0131 sa\u011flar.<\/span><\/p>\n","protected":false},"excerpt":{"rendered":"<p>Program Profili (Ama\u00e7) Siyaset Bilimi ve Uluslararas\u0131 \u0130li\u015fkiler B\u00f6l\u00fcm\u00fc, k\u00fcresel bak\u0131\u015f a\u00e7\u0131s\u0131na sahip, analitik d\u00fc\u015f\u00fcnebilen, ele\u015ftirel ve etik de\u011ferlere ba\u011fl\u0131 bireyler yeti\u015ftirmeyi ama\u00e7lamaktad\u0131r. Program, siyaset, ekonomi, hukuk ve uluslararas\u0131 ili\u015fkiler alanlar\u0131n\u0131 b\u00fct\u00fcnc\u00fcl bi\u00e7imde ele alan disiplinler aras\u0131 bir e\u011fitim sunmaktad\u0131r. \u00d6\u011frenciler, bilimsel ara\u015ft\u0131rma y\u00f6ntemlerini kullanarak g\u00fcncel ulusal ve uluslararas\u0131 sorunlar\u0131 analiz etme, farkl\u0131 k\u00fclt\u00fcrleri ve [&hellip;]<\/p>\n","protected":false},"author":181,"featured_media":0,"parent":0,"menu_order":0,"comment_status":"closed","ping_status":"closed","template":"genel_sayfa.php","meta":{"footnotes":""},"yoast_head":"<!-- This site is optimized with the Yoast SEO Premium plugin v22.1 (Yoast SEO v22.1) - https:\/\/yoast.com\/wordpress\/plugins\/seo\/ -->\n<title>Genel Bilgi - Siyaset Bilimi ve Uluslararas\u0131 \u0130li\u015fkiler<\/title>\n<meta name=\"robots\" content=\"index, follow, max-snippet:-1, max-image-preview:large, max-video-preview:-1\" \/>\n<link rel=\"canonical\" href=\"http:\/\/ticaret.edu.tr\/siyaset-bilimi-uluslararasi-iliskiler\/lisans-genel-bilgi\/\" \/>\n<meta property=\"og:locale\" content=\"tr_TR\" \/>\n<meta property=\"og:type\" content=\"article\" \/>\n<meta property=\"og:title\" content=\"Genel Bilgi\" \/>\n<meta property=\"og:description\" content=\"Program Profili (Ama\u00e7) Siyaset Bilimi ve Uluslararas\u0131 \u0130li\u015fkiler B\u00f6l\u00fcm\u00fc, k\u00fcresel bak\u0131\u015f a\u00e7\u0131s\u0131na sahip, analitik d\u00fc\u015f\u00fcnebilen, ele\u015ftirel ve etik de\u011ferlere ba\u011fl\u0131 bireyler yeti\u015ftirmeyi ama\u00e7lamaktad\u0131r. Program, siyaset, ekonomi, hukuk ve uluslararas\u0131 ili\u015fkiler alanlar\u0131n\u0131 b\u00fct\u00fcnc\u00fcl bi\u00e7imde ele alan disiplinler aras\u0131 bir e\u011fitim sunmaktad\u0131r. \u00d6\u011frenciler, bilimsel ara\u015ft\u0131rma y\u00f6ntemlerini kullanarak g\u00fcncel ulusal ve uluslararas\u0131 sorunlar\u0131 analiz etme, farkl\u0131 k\u00fclt\u00fcrleri ve [&hellip;]\" \/>\n<meta property=\"og:url\" content=\"http:\/\/ticaret.edu.tr\/siyaset-bilimi-uluslararasi-iliskiler\/lisans-genel-bilgi\/\" \/>\n<meta property=\"og:site_name\" content=\"Siyaset Bilimi ve Uluslararas\u0131 \u0130li\u015fkiler\" \/>\n<meta property=\"article:publisher\" content=\"https:\/\/www.facebook.com\/ticaretedutr\" \/>\n<meta property=\"article:modified_time\" content=\"2025-10-20T13:29:21+00:00\" \/>\n<meta name=\"twitter:card\" content=\"summary_large_image\" \/>\n<meta name=\"twitter:site\" content=\"@ticaretedutr\" \/>\n<meta name=\"twitter:label1\" content=\"Tahmini okuma s\u00fcresi\" \/>\n\t<meta name=\"twitter:data1\" content=\"2 dakika\" \/>\n<script type=\"application\/ld+json\" class=\"yoast-schema-graph\">{\"@context\":\"https:\/\/schema.org\",\"@graph\":[{\"@type\":\"WebPage\",\"@id\":\"http:\/\/ticaret.edu.tr\/siyaset-bilimi-uluslararasi-iliskiler\/lisans-genel-bilgi\/\",\"url\":\"http:\/\/ticaret.edu.tr\/siyaset-bilimi-uluslararasi-iliskiler\/lisans-genel-bilgi\/\",\"name\":\"Genel Bilgi - Siyaset Bilimi ve Uluslararas\u0131 \u0130li\u015fkiler\",\"isPartOf\":{\"@id\":\"http:\/\/ticaret.edu.tr\/siyaset-bilimi-uluslararasi-iliskiler\/#website\"},\"datePublished\":\"2025-01-26T21:56:36+00:00\",\"dateModified\":\"2025-10-20T13:29:21+00:00\",\"breadcrumb\":{\"@id\":\"http:\/\/ticaret.edu.tr\/siyaset-bilimi-uluslararasi-iliskiler\/lisans-genel-bilgi\/#breadcrumb\"},\"inLanguage\":\"tr\",\"potentialAction\":[{\"@type\":\"ReadAction\",\"target\":[\"http:\/\/ticaret.edu.tr\/siyaset-bilimi-uluslararasi-iliskiler\/lisans-genel-bilgi\/\"]}]},{\"@type\":\"BreadcrumbList\",\"@id\":\"http:\/\/ticaret.edu.tr\/siyaset-bilimi-uluslararasi-iliskiler\/lisans-genel-bilgi\/#breadcrumb\",\"itemListElement\":[{\"@type\":\"ListItem\",\"position\":1,\"name\":\"Ana sayfa\",\"item\":\"http:\/\/ticaret.edu.tr\/siyaset-bilimi-uluslararasi-iliskiler\/\"},{\"@type\":\"ListItem\",\"position\":2,\"name\":\"Genel Bilgi\"}]},{\"@type\":\"WebSite\",\"@id\":\"http:\/\/ticaret.edu.tr\/siyaset-bilimi-uluslararasi-iliskiler\/#website\",\"url\":\"http:\/\/ticaret.edu.tr\/siyaset-bilimi-uluslararasi-iliskiler\/\",\"name\":\"Siyaset Bilimi ve Uluslararas\u0131 \u0130li\u015fkiler\",\"description\":\"\",\"publisher\":{\"@id\":\"http:\/\/ticaret.edu.tr\/siyaset-bilimi-uluslararasi-iliskiler\/#organization\"},\"potentialAction\":[{\"@type\":\"SearchAction\",\"target\":{\"@type\":\"EntryPoint\",\"urlTemplate\":\"http:\/\/ticaret.edu.tr\/siyaset-bilimi-uluslararasi-iliskiler\/?s={search_term_string}\"},\"query-input\":\"required name=search_term_string\"}],\"inLanguage\":\"tr\"},{\"@type\":\"Organization\",\"@id\":\"http:\/\/ticaret.edu.tr\/siyaset-bilimi-uluslararasi-iliskiler\/#organization\",\"name\":\"\u0130stanbul Ticaret \u00dcniversitesi\",\"url\":\"http:\/\/ticaret.edu.tr\/siyaset-bilimi-uluslararasi-iliskiler\/\",\"logo\":{\"@type\":\"ImageObject\",\"inLanguage\":\"tr\",\"@id\":\"http:\/\/ticaret.edu.tr\/siyaset-bilimi-uluslararasi-iliskiler\/#\/schema\/logo\/image\/\",\"url\":\"https:\/\/ticaret.edu.tr\/wp-content\/uploads\/2021\/11\/logo22.png\",\"contentUrl\":\"https:\/\/ticaret.edu.tr\/wp-content\/uploads\/2021\/11\/logo22.png\",\"width\":172,\"height\":112,\"caption\":\"\u0130stanbul Ticaret \u00dcniversitesi\"},\"image\":{\"@id\":\"http:\/\/ticaret.edu.tr\/siyaset-bilimi-uluslararasi-iliskiler\/#\/schema\/logo\/image\/\"},\"sameAs\":[\"https:\/\/www.facebook.com\/ticaretedutr\",\"https:\/\/twitter.com\/ticaretedutr\"]}]}<\/script>\n<!-- \/ Yoast SEO Premium plugin. -->","yoast_head_json":{"title":"Genel Bilgi - Siyaset Bilimi ve Uluslararas\u0131 \u0130li\u015fkiler","robots":{"index":"index","follow":"follow","max-snippet":"max-snippet:-1","max-image-preview":"max-image-preview:large","max-video-preview":"max-video-preview:-1"},"canonical":"http:\/\/ticaret.edu.tr\/siyaset-bilimi-uluslararasi-iliskiler\/lisans-genel-bilgi\/","og_locale":"tr_TR","og_type":"article","og_title":"Genel Bilgi","og_description":"Program Profili (Ama\u00e7) Siyaset Bilimi ve Uluslararas\u0131 \u0130li\u015fkiler B\u00f6l\u00fcm\u00fc, k\u00fcresel bak\u0131\u015f a\u00e7\u0131s\u0131na sahip, analitik d\u00fc\u015f\u00fcnebilen, ele\u015ftirel ve etik de\u011ferlere ba\u011fl\u0131 bireyler yeti\u015ftirmeyi ama\u00e7lamaktad\u0131r. Program, siyaset, ekonomi, hukuk ve uluslararas\u0131 ili\u015fkiler alanlar\u0131n\u0131 b\u00fct\u00fcnc\u00fcl bi\u00e7imde ele alan disiplinler aras\u0131 bir e\u011fitim sunmaktad\u0131r. \u00d6\u011frenciler, bilimsel ara\u015ft\u0131rma y\u00f6ntemlerini kullanarak g\u00fcncel ulusal ve uluslararas\u0131 sorunlar\u0131 analiz etme, farkl\u0131 k\u00fclt\u00fcrleri ve [&hellip;]","og_url":"http:\/\/ticaret.edu.tr\/siyaset-bilimi-uluslararasi-iliskiler\/lisans-genel-bilgi\/","og_site_name":"Siyaset Bilimi ve Uluslararas\u0131 \u0130li\u015fkiler","article_publisher":"https:\/\/www.facebook.com\/ticaretedutr","article_modified_time":"2025-10-20T13:29:21+00:00","twitter_card":"summary_large_image","twitter_site":"@ticaretedutr","twitter_misc":{"Tahmini okuma s\u00fcresi":"2 dakika"},"schema":{"@context":"https:\/\/schema.org","@graph":[{"@type":"WebPage","@id":"http:\/\/ticaret.edu.tr\/siyaset-bilimi-uluslararasi-iliskiler\/lisans-genel-bilgi\/","url":"http:\/\/ticaret.edu.tr\/siyaset-bilimi-uluslararasi-iliskiler\/lisans-genel-bilgi\/","name":"Genel Bilgi - Siyaset Bilimi ve Uluslararas\u0131 \u0130li\u015fkiler","isPartOf":{"@id":"http:\/\/ticaret.edu.tr\/siyaset-bilimi-uluslararasi-iliskiler\/#website"},"datePublished":"2025-01-26T21:56:36+00:00","dateModified":"2025-10-20T13:29:21+00:00","breadcrumb":{"@id":"http:\/\/ticaret.edu.tr\/siyaset-bilimi-uluslararasi-iliskiler\/lisans-genel-bilgi\/#breadcrumb"},"inLanguage":"tr","potentialAction":[{"@type":"ReadAction","target":["http:\/\/ticaret.edu.tr\/siyaset-bilimi-uluslararasi-iliskiler\/lisans-genel-bilgi\/"]}]},{"@type":"BreadcrumbList","@id":"http:\/\/ticaret.edu.tr\/siyaset-bilimi-uluslararasi-iliskiler\/lisans-genel-bilgi\/#breadcrumb","itemListElement":[{"@type":"ListItem","position":1,"name":"Ana sayfa","item":"http:\/\/ticaret.edu.tr\/siyaset-bilimi-uluslararasi-iliskiler\/"},{"@type":"ListItem","position":2,"name":"Genel Bilgi"}]},{"@type":"WebSite","@id":"http:\/\/ticaret.edu.tr\/siyaset-bilimi-uluslararasi-iliskiler\/#website","url":"http:\/\/ticaret.edu.tr\/siyaset-bilimi-uluslararasi-iliskiler\/","name":"Siyaset Bilimi ve Uluslararas\u0131 \u0130li\u015fkiler","description":"","publisher":{"@id":"http:\/\/ticaret.edu.tr\/siyaset-bilimi-uluslararasi-iliskiler\/#organization"},"potentialAction":[{"@type":"SearchAction","target":{"@type":"EntryPoint","urlTemplate":"http:\/\/ticaret.edu.tr\/siyaset-bilimi-uluslararasi-iliskiler\/?s={search_term_string}"},"query-input":"required name=search_term_string"}],"inLanguage":"tr"},{"@type":"Organization","@id":"http:\/\/ticaret.edu.tr\/siyaset-bilimi-uluslararasi-iliskiler\/#organization","name":"\u0130stanbul Ticaret \u00dcniversitesi","url":"http:\/\/ticaret.edu.tr\/siyaset-bilimi-uluslararasi-iliskiler\/","logo":{"@type":"ImageObject","inLanguage":"tr","@id":"http:\/\/ticaret.edu.tr\/siyaset-bilimi-uluslararasi-iliskiler\/#\/schema\/logo\/image\/","url":"https:\/\/ticaret.edu.tr\/wp-content\/uploads\/2021\/11\/logo22.png","contentUrl":"https:\/\/ticaret.edu.tr\/wp-content\/uploads\/2021\/11\/logo22.png","width":172,"height":112,"caption":"\u0130stanbul Ticaret \u00dcniversitesi"},"image":{"@id":"http:\/\/ticaret.edu.tr\/siyaset-bilimi-uluslararasi-iliskiler\/#\/schema\/logo\/image\/"},"sameAs":["https:\/\/www.facebook.com\/ticaretedutr","https:\/\/twitter.com\/ticaretedutr"]}]}},"lang":"tr","translations":{"tr":296},"pll_sync_post":[],"_links":{"self":[{"href":"http:\/\/ticaret.edu.tr\/siyaset-bilimi-uluslararasi-iliskiler\/wp-json\/wp\/v2\/pages\/296"}],"collection":[{"href":"http:\/\/ticaret.edu.tr\/siyaset-bilimi-uluslararasi-iliskiler\/wp-json\/wp\/v2\/pages"}],"about":[{"href":"http:\/\/ticaret.edu.tr\/siyaset-bilimi-uluslararasi-iliskiler\/wp-json\/wp\/v2\/types\/page"}],"author":[{"embeddable":true,"href":"http:\/\/ticaret.edu.tr\/siyaset-bilimi-uluslararasi-iliskiler\/wp-json\/wp\/v2\/users\/181"}],"replies":[{"embeddable":true,"href":"http:\/\/ticaret.edu.tr\/siyaset-bilimi-uluslararasi-iliskiler\/wp-json\/wp\/v2\/comments?post=296"}],"version-history":[{"count":2,"href":"http:\/\/ticaret.edu.tr\/siyaset-bilimi-uluslararasi-iliskiler\/wp-json\/wp\/v2\/pages\/296\/revisions"}],"predecessor-version":[{"id":580,"href":"http:\/\/ticaret.edu.tr\/siyaset-bilimi-uluslararasi-iliskiler\/wp-json\/wp\/v2\/pages\/296\/revisions\/580"}],"wp:attachment":[{"href":"http:\/\/ticaret.edu.tr\/siyaset-bilimi-uluslararasi-iliskiler\/wp-json\/wp\/v2\/media?parent=296"}],"curies":[{"name":"wp","href":"https:\/\/api.w.org\/{rel}","templated":true}]}}