{"id":305,"date":"2025-01-27T00:55:41","date_gmt":"2025-01-26T21:55:41","guid":{"rendered":"https:\/\/ticaret.edu.tr\/siyaset-bilimi-uluslararasi-iliskiler\/?page_id=305"},"modified":"2025-10-20T16:35:10","modified_gmt":"2025-10-20T13:35:10","slug":"cap-yandal-yatay-gecis","status":"publish","type":"page","link":"http:\/\/ticaret.edu.tr\/siyaset-bilimi-uluslararasi-iliskiler\/cap-yandal-yatay-gecis\/","title":{"rendered":"\u00c7ap &#8211; Yandal &#8211; Yatay Ge\u00e7i\u015f"},"content":{"rendered":"<h4><b>\u00c7ift Anadal Program\u0131m<\/b><\/h4>\n<p>B\u00f6l\u00fcm\u00fcm\u00fcz \u00e7ift anadal program\u0131 \u00a0uygulanmas\u0131\u00a0<a href=\"https:\/\/www.mevzuat.gov.tr\/mevzuat?MevzuatNo=7266&amp;MevzuatTur=8&amp;MevzuatTertip=5\">\u201c \u0130stanbul Ticaret \u00dcniversitesi \u00c7ift Anadal ve Yan Dal Programlar\u0131 Y\u00f6netmeli\u011fi\u201d<\/a>\u00a0kapsam\u0131nda y\u00fcr\u00fct\u00fcl\u00fcr.<\/p>\n<h4><b>Yatay Ge\u00e7i\u015f (Kurum \u0130\u00e7i ve Kurumlar Aras\u0131)<\/b><\/h4>\n<p class=\"p4\">Yatay ge\u00e7i\u015f, \u00f6\u011frencilerin kay\u0131tl\u0131 olduklar\u0131 \u00f6nlisans ya da lisans program\u0131n\u0131 tamamlamadan, belirli ko\u015fullar \u00e7er\u00e7evesinde ba\u015fka bir y\u00fcksek\u00f6\u011fretim program\u0131na ge\u00e7i\u015f yapmalar\u0131n\u0131 sa\u011flayan bir uygulamad\u0131r. Bu ge\u00e7i\u015f, ayn\u0131 \u00fcniversite i\u00e7inde (<span class=\"s2\">kurum i\u00e7i<\/span>) veya farkl\u0131 bir \u00fcniversiteye (<span class=\"s2\">kurumlar aras\u0131<\/span>) ger\u00e7ekle\u015ftirilebilir.<\/p>\n<p class=\"p4\">Detaylar i\u00e7in:\u00a0<a href=\"https:\/\/www.mevzuat.gov.tr\/mevzuat?MevzuatNo=13948&amp;MevzuatTur=7&amp;MevzuatTertip=5\">Yatay Ge\u00e7i\u015f Y\u00f6netmeli\u011fi<\/a><\/p>\n","protected":false},"excerpt":{"rendered":"<p>\u00c7ift Anadal Program\u0131m B\u00f6l\u00fcm\u00fcm\u00fcz \u00e7ift anadal program\u0131 \u00a0uygulanmas\u0131\u00a0\u201c \u0130stanbul Ticaret \u00dcniversitesi \u00c7ift Anadal ve Yan Dal Programlar\u0131 Y\u00f6netmeli\u011fi\u201d\u00a0kapsam\u0131nda y\u00fcr\u00fct\u00fcl\u00fcr. Yatay Ge\u00e7i\u015f (Kurum \u0130\u00e7i ve Kurumlar Aras\u0131) Yatay ge\u00e7i\u015f, \u00f6\u011frencilerin kay\u0131tl\u0131 olduklar\u0131 \u00f6nlisans ya da lisans program\u0131n\u0131 tamamlamadan, belirli ko\u015fullar \u00e7er\u00e7evesinde ba\u015fka bir y\u00fcksek\u00f6\u011fretim program\u0131na ge\u00e7i\u015f yapmalar\u0131n\u0131 sa\u011flayan bir uygulamad\u0131r. Bu ge\u00e7i\u015f, ayn\u0131 \u00fcniversite i\u00e7inde (kurum [&hellip;]<\/p>\n","protected":false},"author":181,"featured_media":0,"parent":0,"menu_order":0,"comment_status":"closed","ping_status":"closed","template":"genel_sayfa.php","meta":{"footnotes":""},"yoast_head":"<!-- This site is optimized with the Yoast SEO Premium plugin v22.1 (Yoast SEO v22.1) - https:\/\/yoast.com\/wordpress\/plugins\/seo\/ -->\n<title>\u00c7ap - Yandal - Yatay Ge\u00e7i\u015f - Siyaset Bilimi ve Uluslararas\u0131 \u0130li\u015fkiler<\/title>\n<meta name=\"robots\" content=\"index, follow, max-snippet:-1, max-image-preview:large, max-video-preview:-1\" \/>\n<link rel=\"canonical\" href=\"https:\/\/ticaret.edu.tr\/siyaset-bilimi-uluslararasi-iliskiler\/cap-yandal-yatay-gecis\/\" \/>\n<meta property=\"og:locale\" content=\"tr_TR\" \/>\n<meta property=\"og:type\" content=\"article\" \/>\n<meta property=\"og:title\" content=\"\u00c7ap - Yandal - Yatay Ge\u00e7i\u015f\" \/>\n<meta property=\"og:description\" content=\"\u00c7ift Anadal Program\u0131m B\u00f6l\u00fcm\u00fcm\u00fcz \u00e7ift anadal program\u0131 \u00a0uygulanmas\u0131\u00a0\u201c \u0130stanbul Ticaret \u00dcniversitesi \u00c7ift Anadal ve Yan Dal Programlar\u0131 Y\u00f6netmeli\u011fi\u201d\u00a0kapsam\u0131nda y\u00fcr\u00fct\u00fcl\u00fcr. Yatay Ge\u00e7i\u015f (Kurum \u0130\u00e7i ve Kurumlar Aras\u0131) Yatay ge\u00e7i\u015f, \u00f6\u011frencilerin kay\u0131tl\u0131 olduklar\u0131 \u00f6nlisans ya da lisans program\u0131n\u0131 tamamlamadan, belirli ko\u015fullar \u00e7er\u00e7evesinde ba\u015fka bir y\u00fcksek\u00f6\u011fretim program\u0131na ge\u00e7i\u015f yapmalar\u0131n\u0131 sa\u011flayan bir uygulamad\u0131r. Bu ge\u00e7i\u015f, ayn\u0131 \u00fcniversite i\u00e7inde (kurum [&hellip;]\" \/>\n<meta property=\"og:url\" content=\"https:\/\/ticaret.edu.tr\/siyaset-bilimi-uluslararasi-iliskiler\/cap-yandal-yatay-gecis\/\" \/>\n<meta property=\"og:site_name\" content=\"Siyaset Bilimi ve Uluslararas\u0131 \u0130li\u015fkiler\" \/>\n<meta property=\"article:publisher\" content=\"https:\/\/www.facebook.com\/ticaretedutr\" \/>\n<meta property=\"article:modified_time\" content=\"2025-10-20T13:35:10+00:00\" \/>\n<meta name=\"twitter:card\" content=\"summary_large_image\" \/>\n<meta name=\"twitter:site\" content=\"@ticaretedutr\" \/>\n<meta name=\"twitter:label1\" content=\"Tahmini okuma s\u00fcresi\" \/>\n\t<meta name=\"twitter:data1\" content=\"1 dakika\" \/>\n<script type=\"application\/ld+json\" class=\"yoast-schema-graph\">{\"@context\":\"https:\/\/schema.org\",\"@graph\":[{\"@type\":\"WebPage\",\"@id\":\"https:\/\/ticaret.edu.tr\/siyaset-bilimi-uluslararasi-iliskiler\/cap-yandal-yatay-gecis\/\",\"url\":\"https:\/\/ticaret.edu.tr\/siyaset-bilimi-uluslararasi-iliskiler\/cap-yandal-yatay-gecis\/\",\"name\":\"\u00c7ap - Yandal - Yatay Ge\u00e7i\u015f - Siyaset Bilimi ve Uluslararas\u0131 \u0130li\u015fkiler\",\"isPartOf\":{\"@id\":\"https:\/\/ticaret.edu.tr\/siyaset-bilimi-uluslararasi-iliskiler\/#website\"},\"datePublished\":\"2025-01-26T21:55:41+00:00\",\"dateModified\":\"2025-10-20T13:35:10+00:00\",\"breadcrumb\":{\"@id\":\"https:\/\/ticaret.edu.tr\/siyaset-bilimi-uluslararasi-iliskiler\/cap-yandal-yatay-gecis\/#breadcrumb\"},\"inLanguage\":\"tr\",\"potentialAction\":[{\"@type\":\"ReadAction\",\"target\":[\"https:\/\/ticaret.edu.tr\/siyaset-bilimi-uluslararasi-iliskiler\/cap-yandal-yatay-gecis\/\"]}]},{\"@type\":\"BreadcrumbList\",\"@id\":\"https:\/\/ticaret.edu.tr\/siyaset-bilimi-uluslararasi-iliskiler\/cap-yandal-yatay-gecis\/#breadcrumb\",\"itemListElement\":[{\"@type\":\"ListItem\",\"position\":1,\"name\":\"Ana sayfa\",\"item\":\"https:\/\/ticaret.edu.tr\/siyaset-bilimi-uluslararasi-iliskiler\/\"},{\"@type\":\"ListItem\",\"position\":2,\"name\":\"\u00c7ap &#8211; Yandal &#8211; Yatay Ge\u00e7i\u015f\"}]},{\"@type\":\"WebSite\",\"@id\":\"https:\/\/ticaret.edu.tr\/siyaset-bilimi-uluslararasi-iliskiler\/#website\",\"url\":\"https:\/\/ticaret.edu.tr\/siyaset-bilimi-uluslararasi-iliskiler\/\",\"name\":\"Siyaset Bilimi ve Uluslararas\u0131 \u0130li\u015fkiler\",\"description\":\"\",\"publisher\":{\"@id\":\"https:\/\/ticaret.edu.tr\/siyaset-bilimi-uluslararasi-iliskiler\/#organization\"},\"potentialAction\":[{\"@type\":\"SearchAction\",\"target\":{\"@type\":\"EntryPoint\",\"urlTemplate\":\"https:\/\/ticaret.edu.tr\/siyaset-bilimi-uluslararasi-iliskiler\/?s={search_term_string}\"},\"query-input\":\"required name=search_term_string\"}],\"inLanguage\":\"tr\"},{\"@type\":\"Organization\",\"@id\":\"https:\/\/ticaret.edu.tr\/siyaset-bilimi-uluslararasi-iliskiler\/#organization\",\"name\":\"\u0130stanbul Ticaret \u00dcniversitesi\",\"url\":\"https:\/\/ticaret.edu.tr\/siyaset-bilimi-uluslararasi-iliskiler\/\",\"logo\":{\"@type\":\"ImageObject\",\"inLanguage\":\"tr\",\"@id\":\"https:\/\/ticaret.edu.tr\/siyaset-bilimi-uluslararasi-iliskiler\/#\/schema\/logo\/image\/\",\"url\":\"https:\/\/ticaret.edu.tr\/wp-content\/uploads\/2021\/11\/logo22.png\",\"contentUrl\":\"https:\/\/ticaret.edu.tr\/wp-content\/uploads\/2021\/11\/logo22.png\",\"width\":172,\"height\":112,\"caption\":\"\u0130stanbul Ticaret \u00dcniversitesi\"},\"image\":{\"@id\":\"https:\/\/ticaret.edu.tr\/siyaset-bilimi-uluslararasi-iliskiler\/#\/schema\/logo\/image\/\"},\"sameAs\":[\"https:\/\/www.facebook.com\/ticaretedutr\",\"https:\/\/twitter.com\/ticaretedutr\"]}]}<\/script>\n<!-- \/ Yoast SEO Premium plugin. -->","yoast_head_json":{"title":"\u00c7ap - Yandal - Yatay Ge\u00e7i\u015f - Siyaset Bilimi ve Uluslararas\u0131 \u0130li\u015fkiler","robots":{"index":"index","follow":"follow","max-snippet":"max-snippet:-1","max-image-preview":"max-image-preview:large","max-video-preview":"max-video-preview:-1"},"canonical":"https:\/\/ticaret.edu.tr\/siyaset-bilimi-uluslararasi-iliskiler\/cap-yandal-yatay-gecis\/","og_locale":"tr_TR","og_type":"article","og_title":"\u00c7ap - Yandal - Yatay Ge\u00e7i\u015f","og_description":"\u00c7ift Anadal Program\u0131m B\u00f6l\u00fcm\u00fcm\u00fcz \u00e7ift anadal program\u0131 \u00a0uygulanmas\u0131\u00a0\u201c \u0130stanbul Ticaret \u00dcniversitesi \u00c7ift Anadal ve Yan Dal Programlar\u0131 Y\u00f6netmeli\u011fi\u201d\u00a0kapsam\u0131nda y\u00fcr\u00fct\u00fcl\u00fcr. Yatay Ge\u00e7i\u015f (Kurum \u0130\u00e7i ve Kurumlar Aras\u0131) Yatay ge\u00e7i\u015f, \u00f6\u011frencilerin kay\u0131tl\u0131 olduklar\u0131 \u00f6nlisans ya da lisans program\u0131n\u0131 tamamlamadan, belirli ko\u015fullar \u00e7er\u00e7evesinde ba\u015fka bir y\u00fcksek\u00f6\u011fretim program\u0131na ge\u00e7i\u015f yapmalar\u0131n\u0131 sa\u011flayan bir uygulamad\u0131r. Bu ge\u00e7i\u015f, ayn\u0131 \u00fcniversite i\u00e7inde (kurum [&hellip;]","og_url":"https:\/\/ticaret.edu.tr\/siyaset-bilimi-uluslararasi-iliskiler\/cap-yandal-yatay-gecis\/","og_site_name":"Siyaset Bilimi ve Uluslararas\u0131 \u0130li\u015fkiler","article_publisher":"https:\/\/www.facebook.com\/ticaretedutr","article_modified_time":"2025-10-20T13:35:10+00:00","twitter_card":"summary_large_image","twitter_site":"@ticaretedutr","twitter_misc":{"Tahmini okuma s\u00fcresi":"1 dakika"},"schema":{"@context":"https:\/\/schema.org","@graph":[{"@type":"WebPage","@id":"https:\/\/ticaret.edu.tr\/siyaset-bilimi-uluslararasi-iliskiler\/cap-yandal-yatay-gecis\/","url":"https:\/\/ticaret.edu.tr\/siyaset-bilimi-uluslararasi-iliskiler\/cap-yandal-yatay-gecis\/","name":"\u00c7ap - Yandal - Yatay Ge\u00e7i\u015f - Siyaset Bilimi ve Uluslararas\u0131 \u0130li\u015fkiler","isPartOf":{"@id":"https:\/\/ticaret.edu.tr\/siyaset-bilimi-uluslararasi-iliskiler\/#website"},"datePublished":"2025-01-26T21:55:41+00:00","dateModified":"2025-10-20T13:35:10+00:00","breadcrumb":{"@id":"https:\/\/ticaret.edu.tr\/siyaset-bilimi-uluslararasi-iliskiler\/cap-yandal-yatay-gecis\/#breadcrumb"},"inLanguage":"tr","potentialAction":[{"@type":"ReadAction","target":["https:\/\/ticaret.edu.tr\/siyaset-bilimi-uluslararasi-iliskiler\/cap-yandal-yatay-gecis\/"]}]},{"@type":"BreadcrumbList","@id":"https:\/\/ticaret.edu.tr\/siyaset-bilimi-uluslararasi-iliskiler\/cap-yandal-yatay-gecis\/#breadcrumb","itemListElement":[{"@type":"ListItem","position":1,"name":"Ana sayfa","item":"https:\/\/ticaret.edu.tr\/siyaset-bilimi-uluslararasi-iliskiler\/"},{"@type":"ListItem","position":2,"name":"\u00c7ap &#8211; Yandal &#8211; Yatay Ge\u00e7i\u015f"}]},{"@type":"WebSite","@id":"https:\/\/ticaret.edu.tr\/siyaset-bilimi-uluslararasi-iliskiler\/#website","url":"https:\/\/ticaret.edu.tr\/siyaset-bilimi-uluslararasi-iliskiler\/","name":"Siyaset Bilimi ve Uluslararas\u0131 \u0130li\u015fkiler","description":"","publisher":{"@id":"https:\/\/ticaret.edu.tr\/siyaset-bilimi-uluslararasi-iliskiler\/#organization"},"potentialAction":[{"@type":"SearchAction","target":{"@type":"EntryPoint","urlTemplate":"https:\/\/ticaret.edu.tr\/siyaset-bilimi-uluslararasi-iliskiler\/?s={search_term_string}"},"query-input":"required name=search_term_string"}],"inLanguage":"tr"},{"@type":"Organization","@id":"https:\/\/ticaret.edu.tr\/siyaset-bilimi-uluslararasi-iliskiler\/#organization","name":"\u0130stanbul Ticaret \u00dcniversitesi","url":"https:\/\/ticaret.edu.tr\/siyaset-bilimi-uluslararasi-iliskiler\/","logo":{"@type":"ImageObject","inLanguage":"tr","@id":"https:\/\/ticaret.edu.tr\/siyaset-bilimi-uluslararasi-iliskiler\/#\/schema\/logo\/image\/","url":"https:\/\/ticaret.edu.tr\/wp-content\/uploads\/2021\/11\/logo22.png","contentUrl":"https:\/\/ticaret.edu.tr\/wp-content\/uploads\/2021\/11\/logo22.png","width":172,"height":112,"caption":"\u0130stanbul Ticaret \u00dcniversitesi"},"image":{"@id":"https:\/\/ticaret.edu.tr\/siyaset-bilimi-uluslararasi-iliskiler\/#\/schema\/logo\/image\/"},"sameAs":["https:\/\/www.facebook.com\/ticaretedutr","https:\/\/twitter.com\/ticaretedutr"]}]}},"lang":"tr","translations":{"tr":305},"pll_sync_post":[],"_links":{"self":[{"href":"http:\/\/ticaret.edu.tr\/siyaset-bilimi-uluslararasi-iliskiler\/wp-json\/wp\/v2\/pages\/305"}],"collection":[{"href":"http:\/\/ticaret.edu.tr\/siyaset-bilimi-uluslararasi-iliskiler\/wp-json\/wp\/v2\/pages"}],"about":[{"href":"http:\/\/ticaret.edu.tr\/siyaset-bilimi-uluslararasi-iliskiler\/wp-json\/wp\/v2\/types\/page"}],"author":[{"embeddable":true,"href":"http:\/\/ticaret.edu.tr\/siyaset-bilimi-uluslararasi-iliskiler\/wp-json\/wp\/v2\/users\/181"}],"replies":[{"embeddable":true,"href":"http:\/\/ticaret.edu.tr\/siyaset-bilimi-uluslararasi-iliskiler\/wp-json\/wp\/v2\/comments?post=305"}],"version-history":[{"count":4,"href":"http:\/\/ticaret.edu.tr\/siyaset-bilimi-uluslararasi-iliskiler\/wp-json\/wp\/v2\/pages\/305\/revisions"}],"predecessor-version":[{"id":584,"href":"http:\/\/ticaret.edu.tr\/siyaset-bilimi-uluslararasi-iliskiler\/wp-json\/wp\/v2\/pages\/305\/revisions\/584"}],"wp:attachment":[{"href":"http:\/\/ticaret.edu.tr\/siyaset-bilimi-uluslararasi-iliskiler\/wp-json\/wp\/v2\/media?parent=305"}],"curies":[{"name":"wp","href":"https:\/\/api.w.org\/{rel}","templated":true}]}}