{"id":307,"date":"2025-01-27T00:54:31","date_gmt":"2025-01-26T21:54:31","guid":{"rendered":"https:\/\/ticaret.edu.tr\/siyaset-bilimi-uluslararasi-iliskiler\/?page_id=307"},"modified":"2025-10-20T16:37:23","modified_gmt":"2025-10-20T13:37:23","slug":"lisans-ogrenci-degisim-programlari-erasmus","status":"publish","type":"page","link":"http:\/\/ticaret.edu.tr\/siyaset-bilimi-uluslararasi-iliskiler\/lisans-ogrenci-degisim-programlari-erasmus\/","title":{"rendered":"\u00d6\u011frenci De\u011fi\u015fim Programlar\u0131 &#8211; Erasmus"},"content":{"rendered":"<p class=\"p1\">Siyaset Bilimi ve Uluslararas\u0131 \u0130li\u015fkiler B\u00f6l\u00fcm\u00fc olarak, \u00f6\u011frencilerimizin <span class=\"s1\">uluslararas\u0131 akademik deneyim kazanmalar\u0131n\u0131<\/span>\u00a0ve farkl\u0131 k\u00fclt\u00fcrlerle etkile\u015fim i\u00e7inde\u00a0<span class=\"s1\">k\u00fcresel bir bak\u0131\u015f a\u00e7\u0131s\u0131 geli\u015ftirmelerini<\/span>\u00a0\u00f6nemsemekteyiz. Bu do\u011frultuda,\u00a0<span class=\"s1\">Erasmus+ \u00f6\u011frenci de\u011fi\u015fim program\u0131<\/span>\u00a0aktif bi\u00e7imde desteklenmektedir.<\/p>\n<p class=\"p1\">Program kapsam\u0131nda \u00f6\u011frencilerimiz, Avrupa\u2019daki partner \u00fcniversitelerde belirli bir d\u00f6nem boyunca e\u011fitim alarak sosyolojik bilgi birikimlerini farkl\u0131 akademik geleneklerle zenginle\u015ftirme olana\u011f\u0131 bulur. B\u00f6ylece hem\u00a0<span class=\"s1\">akademik hem de k\u00fclt\u00fcrel geli\u015fimlerini<\/span>\u00a0\u00e7ok y\u00f6nl\u00fc bi\u00e7imde s\u00fcrd\u00fcrebilir, uluslararas\u0131 d\u00fczeyde ara\u015ft\u0131rma ve i\u015f birli\u011fi deneyimi kazanabilirler.<\/p>\n<p class=\"p1\">\u00dcniversitemiz Erasmus Ofisi\u2019ne\u00a0<strong><a href=\"https:\/\/erasmusoffice.ticaret.edu.tr\/\">buradan<\/a><\/strong> ula\u015fabilirsiniz.<\/p>\n<p>&nbsp;<\/p>\n<p class=\"p1\">Siyaset Bilimi ve Uluslararas\u0131 \u0130li\u015fkilerB\u00f6l\u00fcm\u00fc Erasmus Koordinat\u00f6r\u00fc<\/p>\n<p>Do\u00e7. Dr. Ayfer Gen\u00e7 Y\u0131lmaz<\/p>\n<p>&nbsp;<\/p>\n","protected":false},"excerpt":{"rendered":"<p>Siyaset Bilimi ve Uluslararas\u0131 \u0130li\u015fkiler B\u00f6l\u00fcm\u00fc olarak, \u00f6\u011frencilerimizin uluslararas\u0131 akademik deneyim kazanmalar\u0131n\u0131\u00a0ve farkl\u0131 k\u00fclt\u00fcrlerle etkile\u015fim i\u00e7inde\u00a0k\u00fcresel bir bak\u0131\u015f a\u00e7\u0131s\u0131 geli\u015ftirmelerini\u00a0\u00f6nemsemekteyiz. Bu do\u011frultuda,\u00a0Erasmus+ \u00f6\u011frenci de\u011fi\u015fim program\u0131\u00a0aktif bi\u00e7imde desteklenmektedir. Program kapsam\u0131nda \u00f6\u011frencilerimiz, Avrupa\u2019daki partner \u00fcniversitelerde belirli bir d\u00f6nem boyunca e\u011fitim alarak sosyolojik bilgi birikimlerini farkl\u0131 akademik geleneklerle zenginle\u015ftirme olana\u011f\u0131 bulur. B\u00f6ylece hem\u00a0akademik hem de k\u00fclt\u00fcrel geli\u015fimlerini\u00a0\u00e7ok y\u00f6nl\u00fc [&hellip;]<\/p>\n","protected":false},"author":181,"featured_media":0,"parent":0,"menu_order":0,"comment_status":"closed","ping_status":"closed","template":"genel_sayfa.php","meta":{"footnotes":""},"yoast_head":"<!-- This site is optimized with the Yoast SEO Premium plugin v22.1 (Yoast SEO v22.1) - https:\/\/yoast.com\/wordpress\/plugins\/seo\/ -->\n<title>\u00d6\u011frenci De\u011fi\u015fim Programlar\u0131 - Erasmus - Siyaset Bilimi ve Uluslararas\u0131 \u0130li\u015fkiler<\/title>\n<meta name=\"robots\" content=\"index, follow, max-snippet:-1, max-image-preview:large, max-video-preview:-1\" \/>\n<link rel=\"canonical\" href=\"https:\/\/ticaret.edu.tr\/siyaset-bilimi-uluslararasi-iliskiler\/lisans-ogrenci-degisim-programlari-erasmus\/\" \/>\n<meta property=\"og:locale\" content=\"tr_TR\" \/>\n<meta property=\"og:type\" content=\"article\" \/>\n<meta property=\"og:title\" content=\"\u00d6\u011frenci De\u011fi\u015fim Programlar\u0131 - Erasmus\" \/>\n<meta property=\"og:description\" content=\"Siyaset Bilimi ve Uluslararas\u0131 \u0130li\u015fkiler B\u00f6l\u00fcm\u00fc olarak, \u00f6\u011frencilerimizin uluslararas\u0131 akademik deneyim kazanmalar\u0131n\u0131\u00a0ve farkl\u0131 k\u00fclt\u00fcrlerle etkile\u015fim i\u00e7inde\u00a0k\u00fcresel bir bak\u0131\u015f a\u00e7\u0131s\u0131 geli\u015ftirmelerini\u00a0\u00f6nemsemekteyiz. Bu do\u011frultuda,\u00a0Erasmus+ \u00f6\u011frenci de\u011fi\u015fim program\u0131\u00a0aktif bi\u00e7imde desteklenmektedir. Program kapsam\u0131nda \u00f6\u011frencilerimiz, Avrupa\u2019daki partner \u00fcniversitelerde belirli bir d\u00f6nem boyunca e\u011fitim alarak sosyolojik bilgi birikimlerini farkl\u0131 akademik geleneklerle zenginle\u015ftirme olana\u011f\u0131 bulur. B\u00f6ylece hem\u00a0akademik hem de k\u00fclt\u00fcrel geli\u015fimlerini\u00a0\u00e7ok y\u00f6nl\u00fc [&hellip;]\" \/>\n<meta property=\"og:url\" content=\"https:\/\/ticaret.edu.tr\/siyaset-bilimi-uluslararasi-iliskiler\/lisans-ogrenci-degisim-programlari-erasmus\/\" \/>\n<meta property=\"og:site_name\" content=\"Siyaset Bilimi ve Uluslararas\u0131 \u0130li\u015fkiler\" \/>\n<meta property=\"article:publisher\" content=\"https:\/\/www.facebook.com\/ticaretedutr\" \/>\n<meta property=\"article:modified_time\" content=\"2025-10-20T13:37:23+00:00\" \/>\n<meta name=\"twitter:card\" content=\"summary_large_image\" \/>\n<meta name=\"twitter:site\" content=\"@ticaretedutr\" \/>\n<meta name=\"twitter:label1\" content=\"Tahmini okuma s\u00fcresi\" \/>\n\t<meta name=\"twitter:data1\" content=\"1 dakika\" \/>\n<script type=\"application\/ld+json\" class=\"yoast-schema-graph\">{\"@context\":\"https:\/\/schema.org\",\"@graph\":[{\"@type\":\"WebPage\",\"@id\":\"https:\/\/ticaret.edu.tr\/siyaset-bilimi-uluslararasi-iliskiler\/lisans-ogrenci-degisim-programlari-erasmus\/\",\"url\":\"https:\/\/ticaret.edu.tr\/siyaset-bilimi-uluslararasi-iliskiler\/lisans-ogrenci-degisim-programlari-erasmus\/\",\"name\":\"\u00d6\u011frenci De\u011fi\u015fim Programlar\u0131 - Erasmus - Siyaset Bilimi ve Uluslararas\u0131 \u0130li\u015fkiler\",\"isPartOf\":{\"@id\":\"https:\/\/ticaret.edu.tr\/siyaset-bilimi-uluslararasi-iliskiler\/#website\"},\"datePublished\":\"2025-01-26T21:54:31+00:00\",\"dateModified\":\"2025-10-20T13:37:23+00:00\",\"breadcrumb\":{\"@id\":\"https:\/\/ticaret.edu.tr\/siyaset-bilimi-uluslararasi-iliskiler\/lisans-ogrenci-degisim-programlari-erasmus\/#breadcrumb\"},\"inLanguage\":\"tr\",\"potentialAction\":[{\"@type\":\"ReadAction\",\"target\":[\"https:\/\/ticaret.edu.tr\/siyaset-bilimi-uluslararasi-iliskiler\/lisans-ogrenci-degisim-programlari-erasmus\/\"]}]},{\"@type\":\"BreadcrumbList\",\"@id\":\"https:\/\/ticaret.edu.tr\/siyaset-bilimi-uluslararasi-iliskiler\/lisans-ogrenci-degisim-programlari-erasmus\/#breadcrumb\",\"itemListElement\":[{\"@type\":\"ListItem\",\"position\":1,\"name\":\"Ana sayfa\",\"item\":\"https:\/\/ticaret.edu.tr\/siyaset-bilimi-uluslararasi-iliskiler\/\"},{\"@type\":\"ListItem\",\"position\":2,\"name\":\"\u00d6\u011frenci De\u011fi\u015fim Programlar\u0131 &#8211; Erasmus\"}]},{\"@type\":\"WebSite\",\"@id\":\"https:\/\/ticaret.edu.tr\/siyaset-bilimi-uluslararasi-iliskiler\/#website\",\"url\":\"https:\/\/ticaret.edu.tr\/siyaset-bilimi-uluslararasi-iliskiler\/\",\"name\":\"Siyaset Bilimi ve Uluslararas\u0131 \u0130li\u015fkiler\",\"description\":\"\",\"publisher\":{\"@id\":\"https:\/\/ticaret.edu.tr\/siyaset-bilimi-uluslararasi-iliskiler\/#organization\"},\"potentialAction\":[{\"@type\":\"SearchAction\",\"target\":{\"@type\":\"EntryPoint\",\"urlTemplate\":\"https:\/\/ticaret.edu.tr\/siyaset-bilimi-uluslararasi-iliskiler\/?s={search_term_string}\"},\"query-input\":\"required name=search_term_string\"}],\"inLanguage\":\"tr\"},{\"@type\":\"Organization\",\"@id\":\"https:\/\/ticaret.edu.tr\/siyaset-bilimi-uluslararasi-iliskiler\/#organization\",\"name\":\"\u0130stanbul Ticaret \u00dcniversitesi\",\"url\":\"https:\/\/ticaret.edu.tr\/siyaset-bilimi-uluslararasi-iliskiler\/\",\"logo\":{\"@type\":\"ImageObject\",\"inLanguage\":\"tr\",\"@id\":\"https:\/\/ticaret.edu.tr\/siyaset-bilimi-uluslararasi-iliskiler\/#\/schema\/logo\/image\/\",\"url\":\"https:\/\/ticaret.edu.tr\/wp-content\/uploads\/2021\/11\/logo22.png\",\"contentUrl\":\"https:\/\/ticaret.edu.tr\/wp-content\/uploads\/2021\/11\/logo22.png\",\"width\":172,\"height\":112,\"caption\":\"\u0130stanbul Ticaret \u00dcniversitesi\"},\"image\":{\"@id\":\"https:\/\/ticaret.edu.tr\/siyaset-bilimi-uluslararasi-iliskiler\/#\/schema\/logo\/image\/\"},\"sameAs\":[\"https:\/\/www.facebook.com\/ticaretedutr\",\"https:\/\/twitter.com\/ticaretedutr\"]}]}<\/script>\n<!-- \/ Yoast SEO Premium plugin. -->","yoast_head_json":{"title":"\u00d6\u011frenci De\u011fi\u015fim Programlar\u0131 - Erasmus - Siyaset Bilimi ve Uluslararas\u0131 \u0130li\u015fkiler","robots":{"index":"index","follow":"follow","max-snippet":"max-snippet:-1","max-image-preview":"max-image-preview:large","max-video-preview":"max-video-preview:-1"},"canonical":"https:\/\/ticaret.edu.tr\/siyaset-bilimi-uluslararasi-iliskiler\/lisans-ogrenci-degisim-programlari-erasmus\/","og_locale":"tr_TR","og_type":"article","og_title":"\u00d6\u011frenci De\u011fi\u015fim Programlar\u0131 - Erasmus","og_description":"Siyaset Bilimi ve Uluslararas\u0131 \u0130li\u015fkiler B\u00f6l\u00fcm\u00fc olarak, \u00f6\u011frencilerimizin uluslararas\u0131 akademik deneyim kazanmalar\u0131n\u0131\u00a0ve farkl\u0131 k\u00fclt\u00fcrlerle etkile\u015fim i\u00e7inde\u00a0k\u00fcresel bir bak\u0131\u015f a\u00e7\u0131s\u0131 geli\u015ftirmelerini\u00a0\u00f6nemsemekteyiz. Bu do\u011frultuda,\u00a0Erasmus+ \u00f6\u011frenci de\u011fi\u015fim program\u0131\u00a0aktif bi\u00e7imde desteklenmektedir. Program kapsam\u0131nda \u00f6\u011frencilerimiz, Avrupa\u2019daki partner \u00fcniversitelerde belirli bir d\u00f6nem boyunca e\u011fitim alarak sosyolojik bilgi birikimlerini farkl\u0131 akademik geleneklerle zenginle\u015ftirme olana\u011f\u0131 bulur. B\u00f6ylece hem\u00a0akademik hem de k\u00fclt\u00fcrel geli\u015fimlerini\u00a0\u00e7ok y\u00f6nl\u00fc [&hellip;]","og_url":"https:\/\/ticaret.edu.tr\/siyaset-bilimi-uluslararasi-iliskiler\/lisans-ogrenci-degisim-programlari-erasmus\/","og_site_name":"Siyaset Bilimi ve Uluslararas\u0131 \u0130li\u015fkiler","article_publisher":"https:\/\/www.facebook.com\/ticaretedutr","article_modified_time":"2025-10-20T13:37:23+00:00","twitter_card":"summary_large_image","twitter_site":"@ticaretedutr","twitter_misc":{"Tahmini okuma s\u00fcresi":"1 dakika"},"schema":{"@context":"https:\/\/schema.org","@graph":[{"@type":"WebPage","@id":"https:\/\/ticaret.edu.tr\/siyaset-bilimi-uluslararasi-iliskiler\/lisans-ogrenci-degisim-programlari-erasmus\/","url":"https:\/\/ticaret.edu.tr\/siyaset-bilimi-uluslararasi-iliskiler\/lisans-ogrenci-degisim-programlari-erasmus\/","name":"\u00d6\u011frenci De\u011fi\u015fim Programlar\u0131 - Erasmus - Siyaset Bilimi ve Uluslararas\u0131 \u0130li\u015fkiler","isPartOf":{"@id":"https:\/\/ticaret.edu.tr\/siyaset-bilimi-uluslararasi-iliskiler\/#website"},"datePublished":"2025-01-26T21:54:31+00:00","dateModified":"2025-10-20T13:37:23+00:00","breadcrumb":{"@id":"https:\/\/ticaret.edu.tr\/siyaset-bilimi-uluslararasi-iliskiler\/lisans-ogrenci-degisim-programlari-erasmus\/#breadcrumb"},"inLanguage":"tr","potentialAction":[{"@type":"ReadAction","target":["https:\/\/ticaret.edu.tr\/siyaset-bilimi-uluslararasi-iliskiler\/lisans-ogrenci-degisim-programlari-erasmus\/"]}]},{"@type":"BreadcrumbList","@id":"https:\/\/ticaret.edu.tr\/siyaset-bilimi-uluslararasi-iliskiler\/lisans-ogrenci-degisim-programlari-erasmus\/#breadcrumb","itemListElement":[{"@type":"ListItem","position":1,"name":"Ana sayfa","item":"https:\/\/ticaret.edu.tr\/siyaset-bilimi-uluslararasi-iliskiler\/"},{"@type":"ListItem","position":2,"name":"\u00d6\u011frenci De\u011fi\u015fim Programlar\u0131 &#8211; Erasmus"}]},{"@type":"WebSite","@id":"https:\/\/ticaret.edu.tr\/siyaset-bilimi-uluslararasi-iliskiler\/#website","url":"https:\/\/ticaret.edu.tr\/siyaset-bilimi-uluslararasi-iliskiler\/","name":"Siyaset Bilimi ve Uluslararas\u0131 \u0130li\u015fkiler","description":"","publisher":{"@id":"https:\/\/ticaret.edu.tr\/siyaset-bilimi-uluslararasi-iliskiler\/#organization"},"potentialAction":[{"@type":"SearchAction","target":{"@type":"EntryPoint","urlTemplate":"https:\/\/ticaret.edu.tr\/siyaset-bilimi-uluslararasi-iliskiler\/?s={search_term_string}"},"query-input":"required name=search_term_string"}],"inLanguage":"tr"},{"@type":"Organization","@id":"https:\/\/ticaret.edu.tr\/siyaset-bilimi-uluslararasi-iliskiler\/#organization","name":"\u0130stanbul Ticaret \u00dcniversitesi","url":"https:\/\/ticaret.edu.tr\/siyaset-bilimi-uluslararasi-iliskiler\/","logo":{"@type":"ImageObject","inLanguage":"tr","@id":"https:\/\/ticaret.edu.tr\/siyaset-bilimi-uluslararasi-iliskiler\/#\/schema\/logo\/image\/","url":"https:\/\/ticaret.edu.tr\/wp-content\/uploads\/2021\/11\/logo22.png","contentUrl":"https:\/\/ticaret.edu.tr\/wp-content\/uploads\/2021\/11\/logo22.png","width":172,"height":112,"caption":"\u0130stanbul Ticaret \u00dcniversitesi"},"image":{"@id":"https:\/\/ticaret.edu.tr\/siyaset-bilimi-uluslararasi-iliskiler\/#\/schema\/logo\/image\/"},"sameAs":["https:\/\/www.facebook.com\/ticaretedutr","https:\/\/twitter.com\/ticaretedutr"]}]}},"lang":"tr","translations":{"tr":307},"pll_sync_post":[],"_links":{"self":[{"href":"http:\/\/ticaret.edu.tr\/siyaset-bilimi-uluslararasi-iliskiler\/wp-json\/wp\/v2\/pages\/307"}],"collection":[{"href":"http:\/\/ticaret.edu.tr\/siyaset-bilimi-uluslararasi-iliskiler\/wp-json\/wp\/v2\/pages"}],"about":[{"href":"http:\/\/ticaret.edu.tr\/siyaset-bilimi-uluslararasi-iliskiler\/wp-json\/wp\/v2\/types\/page"}],"author":[{"embeddable":true,"href":"http:\/\/ticaret.edu.tr\/siyaset-bilimi-uluslararasi-iliskiler\/wp-json\/wp\/v2\/users\/181"}],"replies":[{"embeddable":true,"href":"http:\/\/ticaret.edu.tr\/siyaset-bilimi-uluslararasi-iliskiler\/wp-json\/wp\/v2\/comments?post=307"}],"version-history":[{"count":3,"href":"http:\/\/ticaret.edu.tr\/siyaset-bilimi-uluslararasi-iliskiler\/wp-json\/wp\/v2\/pages\/307\/revisions"}],"predecessor-version":[{"id":585,"href":"http:\/\/ticaret.edu.tr\/siyaset-bilimi-uluslararasi-iliskiler\/wp-json\/wp\/v2\/pages\/307\/revisions\/585"}],"wp:attachment":[{"href":"http:\/\/ticaret.edu.tr\/siyaset-bilimi-uluslararasi-iliskiler\/wp-json\/wp\/v2\/media?parent=307"}],"curies":[{"name":"wp","href":"https:\/\/api.w.org\/{rel}","templated":true}]}}