{"id":319,"date":"2025-01-27T01:00:34","date_gmt":"2025-01-26T22:00:34","guid":{"rendered":"https:\/\/ticaret.edu.tr\/siyaset-bilimi-uluslararasi-iliskiler\/?page_id=319"},"modified":"2025-10-20T21:41:54","modified_gmt":"2025-10-20T18:41:54","slug":"program-egitim-amaclari","status":"publish","type":"page","link":"http:\/\/ticaret.edu.tr\/siyaset-bilimi-uluslararasi-iliskiler\/program-egitim-amaclari\/","title":{"rendered":"Program E\u011fitim Ama\u00e7lar\u0131"},"content":{"rendered":"<p>1.Disiplin Bilgisi ve Analitik D\u00fc\u015f\u00fcnme<strong>:<\/strong><br \/>\nSiyaset Bilimi ve Uluslararas\u0131 \u0130li\u015fkilerin temel kavram ve kuramlar\u0131na h\u00e2kim olur; olay ve olgular\u0131 analitik ve ele\u015ftirel bi\u00e7imde de\u011ferlendirir.<\/p>\n<p>2.Ara\u015ft\u0131rma ve Bilimsel Etik:<br \/>\nBilimsel y\u00f6ntemleri kullanarak veri toplar, analiz eder ve etik de\u011ferlere uygun bi\u00e7imde yorumlar.<\/p>\n<p>3.Disiplinler Aras\u0131 ve K\u00fcresel Yakla\u015f\u0131m:<br \/>\nSiyaset, ekonomi, hukuk ve benzeri alanlardan yararlanarak \u00e7ok boyutlu analizler yapar; farkl\u0131 k\u00fclt\u00fcrleri ve k\u00fcresel dinamikleri de\u011ferlendirir.<\/p>\n<p>4.\u0130leti\u015fim, \u0130\u015fbirli\u011fi ve Teknoloji Kullan\u0131m\u0131:<br \/>\nEtkili ileti\u015fim kurar, tak\u0131m \u00e7al\u0131\u015fmalar\u0131na kat\u0131l\u0131r ve bili\u015fim teknolojilerini etkin bi\u00e7imde kullan\u0131r.<\/p>\n<p>5.Etik, Toplumsal ve Mesleki Sorumluluk:<br \/>\nEvrensel etik ilkelere ba\u011fl\u0131 hareket eder; toplumsal geli\u015fime, s\u00fcrd\u00fcr\u00fclebilir kalk\u0131nmaya ve mesleki ilerlemeye katk\u0131 sa\u011flar.<\/p>\n","protected":false},"excerpt":{"rendered":"<p>1.Disiplin Bilgisi ve Analitik D\u00fc\u015f\u00fcnme: Siyaset Bilimi ve Uluslararas\u0131 \u0130li\u015fkilerin temel kavram ve kuramlar\u0131na h\u00e2kim olur; olay ve olgular\u0131 analitik ve ele\u015ftirel bi\u00e7imde de\u011ferlendirir. 2.Ara\u015ft\u0131rma ve Bilimsel Etik: Bilimsel y\u00f6ntemleri kullanarak veri toplar, analiz eder ve etik de\u011ferlere uygun bi\u00e7imde yorumlar. 3.Disiplinler Aras\u0131 ve K\u00fcresel Yakla\u015f\u0131m: Siyaset, ekonomi, hukuk ve benzeri alanlardan yararlanarak \u00e7ok boyutlu [&hellip;]<\/p>\n","protected":false},"author":181,"featured_media":0,"parent":0,"menu_order":0,"comment_status":"closed","ping_status":"closed","template":"genel_sayfa.php","meta":{"footnotes":""},"yoast_head":"<!-- This site is optimized with the Yoast SEO Premium plugin v22.1 (Yoast SEO v22.1) - https:\/\/yoast.com\/wordpress\/plugins\/seo\/ -->\n<title>Program E\u011fitim Ama\u00e7lar\u0131 - Siyaset Bilimi ve Uluslararas\u0131 \u0130li\u015fkiler<\/title>\n<meta name=\"robots\" content=\"index, follow, max-snippet:-1, max-image-preview:large, max-video-preview:-1\" \/>\n<link rel=\"canonical\" href=\"https:\/\/ticaret.edu.tr\/siyaset-bilimi-uluslararasi-iliskiler\/program-egitim-amaclari\/\" \/>\n<meta property=\"og:locale\" content=\"tr_TR\" \/>\n<meta property=\"og:type\" content=\"article\" \/>\n<meta property=\"og:title\" content=\"Program E\u011fitim Ama\u00e7lar\u0131\" \/>\n<meta property=\"og:description\" content=\"1.Disiplin Bilgisi ve Analitik D\u00fc\u015f\u00fcnme: Siyaset Bilimi ve Uluslararas\u0131 \u0130li\u015fkilerin temel kavram ve kuramlar\u0131na h\u00e2kim olur; olay ve olgular\u0131 analitik ve ele\u015ftirel bi\u00e7imde de\u011ferlendirir. 2.Ara\u015ft\u0131rma ve Bilimsel Etik: Bilimsel y\u00f6ntemleri kullanarak veri toplar, analiz eder ve etik de\u011ferlere uygun bi\u00e7imde yorumlar. 3.Disiplinler Aras\u0131 ve K\u00fcresel Yakla\u015f\u0131m: Siyaset, ekonomi, hukuk ve benzeri alanlardan yararlanarak \u00e7ok boyutlu [&hellip;]\" \/>\n<meta property=\"og:url\" content=\"https:\/\/ticaret.edu.tr\/siyaset-bilimi-uluslararasi-iliskiler\/program-egitim-amaclari\/\" \/>\n<meta property=\"og:site_name\" content=\"Siyaset Bilimi ve Uluslararas\u0131 \u0130li\u015fkiler\" \/>\n<meta property=\"article:publisher\" content=\"https:\/\/www.facebook.com\/ticaretedutr\" \/>\n<meta property=\"article:modified_time\" content=\"2025-10-20T18:41:54+00:00\" \/>\n<meta name=\"twitter:card\" content=\"summary_large_image\" \/>\n<meta name=\"twitter:site\" content=\"@ticaretedutr\" \/>\n<meta name=\"twitter:label1\" content=\"Tahmini okuma s\u00fcresi\" \/>\n\t<meta name=\"twitter:data1\" content=\"1 dakika\" \/>\n<script type=\"application\/ld+json\" class=\"yoast-schema-graph\">{\"@context\":\"https:\/\/schema.org\",\"@graph\":[{\"@type\":\"WebPage\",\"@id\":\"https:\/\/ticaret.edu.tr\/siyaset-bilimi-uluslararasi-iliskiler\/program-egitim-amaclari\/\",\"url\":\"https:\/\/ticaret.edu.tr\/siyaset-bilimi-uluslararasi-iliskiler\/program-egitim-amaclari\/\",\"name\":\"Program E\u011fitim Ama\u00e7lar\u0131 - Siyaset Bilimi ve Uluslararas\u0131 \u0130li\u015fkiler\",\"isPartOf\":{\"@id\":\"https:\/\/ticaret.edu.tr\/siyaset-bilimi-uluslararasi-iliskiler\/#website\"},\"datePublished\":\"2025-01-26T22:00:34+00:00\",\"dateModified\":\"2025-10-20T18:41:54+00:00\",\"breadcrumb\":{\"@id\":\"https:\/\/ticaret.edu.tr\/siyaset-bilimi-uluslararasi-iliskiler\/program-egitim-amaclari\/#breadcrumb\"},\"inLanguage\":\"tr\",\"potentialAction\":[{\"@type\":\"ReadAction\",\"target\":[\"https:\/\/ticaret.edu.tr\/siyaset-bilimi-uluslararasi-iliskiler\/program-egitim-amaclari\/\"]}]},{\"@type\":\"BreadcrumbList\",\"@id\":\"https:\/\/ticaret.edu.tr\/siyaset-bilimi-uluslararasi-iliskiler\/program-egitim-amaclari\/#breadcrumb\",\"itemListElement\":[{\"@type\":\"ListItem\",\"position\":1,\"name\":\"Ana sayfa\",\"item\":\"https:\/\/ticaret.edu.tr\/siyaset-bilimi-uluslararasi-iliskiler\/\"},{\"@type\":\"ListItem\",\"position\":2,\"name\":\"Program E\u011fitim Ama\u00e7lar\u0131\"}]},{\"@type\":\"WebSite\",\"@id\":\"https:\/\/ticaret.edu.tr\/siyaset-bilimi-uluslararasi-iliskiler\/#website\",\"url\":\"https:\/\/ticaret.edu.tr\/siyaset-bilimi-uluslararasi-iliskiler\/\",\"name\":\"Siyaset Bilimi ve Uluslararas\u0131 \u0130li\u015fkiler\",\"description\":\"\",\"publisher\":{\"@id\":\"https:\/\/ticaret.edu.tr\/siyaset-bilimi-uluslararasi-iliskiler\/#organization\"},\"potentialAction\":[{\"@type\":\"SearchAction\",\"target\":{\"@type\":\"EntryPoint\",\"urlTemplate\":\"https:\/\/ticaret.edu.tr\/siyaset-bilimi-uluslararasi-iliskiler\/?s={search_term_string}\"},\"query-input\":\"required name=search_term_string\"}],\"inLanguage\":\"tr\"},{\"@type\":\"Organization\",\"@id\":\"https:\/\/ticaret.edu.tr\/siyaset-bilimi-uluslararasi-iliskiler\/#organization\",\"name\":\"\u0130stanbul Ticaret \u00dcniversitesi\",\"url\":\"https:\/\/ticaret.edu.tr\/siyaset-bilimi-uluslararasi-iliskiler\/\",\"logo\":{\"@type\":\"ImageObject\",\"inLanguage\":\"tr\",\"@id\":\"https:\/\/ticaret.edu.tr\/siyaset-bilimi-uluslararasi-iliskiler\/#\/schema\/logo\/image\/\",\"url\":\"https:\/\/ticaret.edu.tr\/wp-content\/uploads\/2021\/11\/logo22.png\",\"contentUrl\":\"https:\/\/ticaret.edu.tr\/wp-content\/uploads\/2021\/11\/logo22.png\",\"width\":172,\"height\":112,\"caption\":\"\u0130stanbul Ticaret \u00dcniversitesi\"},\"image\":{\"@id\":\"https:\/\/ticaret.edu.tr\/siyaset-bilimi-uluslararasi-iliskiler\/#\/schema\/logo\/image\/\"},\"sameAs\":[\"https:\/\/www.facebook.com\/ticaretedutr\",\"https:\/\/twitter.com\/ticaretedutr\"]}]}<\/script>\n<!-- \/ Yoast SEO Premium plugin. -->","yoast_head_json":{"title":"Program E\u011fitim Ama\u00e7lar\u0131 - Siyaset Bilimi ve Uluslararas\u0131 \u0130li\u015fkiler","robots":{"index":"index","follow":"follow","max-snippet":"max-snippet:-1","max-image-preview":"max-image-preview:large","max-video-preview":"max-video-preview:-1"},"canonical":"https:\/\/ticaret.edu.tr\/siyaset-bilimi-uluslararasi-iliskiler\/program-egitim-amaclari\/","og_locale":"tr_TR","og_type":"article","og_title":"Program E\u011fitim Ama\u00e7lar\u0131","og_description":"1.Disiplin Bilgisi ve Analitik D\u00fc\u015f\u00fcnme: Siyaset Bilimi ve Uluslararas\u0131 \u0130li\u015fkilerin temel kavram ve kuramlar\u0131na h\u00e2kim olur; olay ve olgular\u0131 analitik ve ele\u015ftirel bi\u00e7imde de\u011ferlendirir. 2.Ara\u015ft\u0131rma ve Bilimsel Etik: Bilimsel y\u00f6ntemleri kullanarak veri toplar, analiz eder ve etik de\u011ferlere uygun bi\u00e7imde yorumlar. 3.Disiplinler Aras\u0131 ve K\u00fcresel Yakla\u015f\u0131m: Siyaset, ekonomi, hukuk ve benzeri alanlardan yararlanarak \u00e7ok boyutlu [&hellip;]","og_url":"https:\/\/ticaret.edu.tr\/siyaset-bilimi-uluslararasi-iliskiler\/program-egitim-amaclari\/","og_site_name":"Siyaset Bilimi ve Uluslararas\u0131 \u0130li\u015fkiler","article_publisher":"https:\/\/www.facebook.com\/ticaretedutr","article_modified_time":"2025-10-20T18:41:54+00:00","twitter_card":"summary_large_image","twitter_site":"@ticaretedutr","twitter_misc":{"Tahmini okuma s\u00fcresi":"1 dakika"},"schema":{"@context":"https:\/\/schema.org","@graph":[{"@type":"WebPage","@id":"https:\/\/ticaret.edu.tr\/siyaset-bilimi-uluslararasi-iliskiler\/program-egitim-amaclari\/","url":"https:\/\/ticaret.edu.tr\/siyaset-bilimi-uluslararasi-iliskiler\/program-egitim-amaclari\/","name":"Program E\u011fitim Ama\u00e7lar\u0131 - Siyaset Bilimi ve Uluslararas\u0131 \u0130li\u015fkiler","isPartOf":{"@id":"https:\/\/ticaret.edu.tr\/siyaset-bilimi-uluslararasi-iliskiler\/#website"},"datePublished":"2025-01-26T22:00:34+00:00","dateModified":"2025-10-20T18:41:54+00:00","breadcrumb":{"@id":"https:\/\/ticaret.edu.tr\/siyaset-bilimi-uluslararasi-iliskiler\/program-egitim-amaclari\/#breadcrumb"},"inLanguage":"tr","potentialAction":[{"@type":"ReadAction","target":["https:\/\/ticaret.edu.tr\/siyaset-bilimi-uluslararasi-iliskiler\/program-egitim-amaclari\/"]}]},{"@type":"BreadcrumbList","@id":"https:\/\/ticaret.edu.tr\/siyaset-bilimi-uluslararasi-iliskiler\/program-egitim-amaclari\/#breadcrumb","itemListElement":[{"@type":"ListItem","position":1,"name":"Ana sayfa","item":"https:\/\/ticaret.edu.tr\/siyaset-bilimi-uluslararasi-iliskiler\/"},{"@type":"ListItem","position":2,"name":"Program E\u011fitim Ama\u00e7lar\u0131"}]},{"@type":"WebSite","@id":"https:\/\/ticaret.edu.tr\/siyaset-bilimi-uluslararasi-iliskiler\/#website","url":"https:\/\/ticaret.edu.tr\/siyaset-bilimi-uluslararasi-iliskiler\/","name":"Siyaset Bilimi ve Uluslararas\u0131 \u0130li\u015fkiler","description":"","publisher":{"@id":"https:\/\/ticaret.edu.tr\/siyaset-bilimi-uluslararasi-iliskiler\/#organization"},"potentialAction":[{"@type":"SearchAction","target":{"@type":"EntryPoint","urlTemplate":"https:\/\/ticaret.edu.tr\/siyaset-bilimi-uluslararasi-iliskiler\/?s={search_term_string}"},"query-input":"required name=search_term_string"}],"inLanguage":"tr"},{"@type":"Organization","@id":"https:\/\/ticaret.edu.tr\/siyaset-bilimi-uluslararasi-iliskiler\/#organization","name":"\u0130stanbul Ticaret \u00dcniversitesi","url":"https:\/\/ticaret.edu.tr\/siyaset-bilimi-uluslararasi-iliskiler\/","logo":{"@type":"ImageObject","inLanguage":"tr","@id":"https:\/\/ticaret.edu.tr\/siyaset-bilimi-uluslararasi-iliskiler\/#\/schema\/logo\/image\/","url":"https:\/\/ticaret.edu.tr\/wp-content\/uploads\/2021\/11\/logo22.png","contentUrl":"https:\/\/ticaret.edu.tr\/wp-content\/uploads\/2021\/11\/logo22.png","width":172,"height":112,"caption":"\u0130stanbul Ticaret \u00dcniversitesi"},"image":{"@id":"https:\/\/ticaret.edu.tr\/siyaset-bilimi-uluslararasi-iliskiler\/#\/schema\/logo\/image\/"},"sameAs":["https:\/\/www.facebook.com\/ticaretedutr","https:\/\/twitter.com\/ticaretedutr"]}]}},"lang":"tr","translations":{"tr":319},"pll_sync_post":[],"_links":{"self":[{"href":"http:\/\/ticaret.edu.tr\/siyaset-bilimi-uluslararasi-iliskiler\/wp-json\/wp\/v2\/pages\/319"}],"collection":[{"href":"http:\/\/ticaret.edu.tr\/siyaset-bilimi-uluslararasi-iliskiler\/wp-json\/wp\/v2\/pages"}],"about":[{"href":"http:\/\/ticaret.edu.tr\/siyaset-bilimi-uluslararasi-iliskiler\/wp-json\/wp\/v2\/types\/page"}],"author":[{"embeddable":true,"href":"http:\/\/ticaret.edu.tr\/siyaset-bilimi-uluslararasi-iliskiler\/wp-json\/wp\/v2\/users\/181"}],"replies":[{"embeddable":true,"href":"http:\/\/ticaret.edu.tr\/siyaset-bilimi-uluslararasi-iliskiler\/wp-json\/wp\/v2\/comments?post=319"}],"version-history":[{"count":2,"href":"http:\/\/ticaret.edu.tr\/siyaset-bilimi-uluslararasi-iliskiler\/wp-json\/wp\/v2\/pages\/319\/revisions"}],"predecessor-version":[{"id":618,"href":"http:\/\/ticaret.edu.tr\/siyaset-bilimi-uluslararasi-iliskiler\/wp-json\/wp\/v2\/pages\/319\/revisions\/618"}],"wp:attachment":[{"href":"http:\/\/ticaret.edu.tr\/siyaset-bilimi-uluslararasi-iliskiler\/wp-json\/wp\/v2\/media?parent=319"}],"curies":[{"name":"wp","href":"https:\/\/api.w.org\/{rel}","templated":true}]}}