{"id":327,"date":"2025-01-27T01:00:50","date_gmt":"2025-01-26T22:00:50","guid":{"rendered":"https:\/\/ticaret.edu.tr\/siyaset-bilimi-uluslararasi-iliskiler\/?page_id=327"},"modified":"2025-10-20T21:47:11","modified_gmt":"2025-10-20T18:47:11","slug":"kayit-kabul-sartlari","status":"publish","type":"page","link":"http:\/\/ticaret.edu.tr\/siyaset-bilimi-uluslararasi-iliskiler\/kayit-kabul-sartlari\/","title":{"rendered":"Kay\u0131t Kabul \u015eartlar\u0131"},"content":{"rendered":"<p>1. Orta\u00f6\u011fretim kurumlar\u0131ndan ya da denkli\u011fi Mill\u00ee E\u011fitim Bakanl\u0131\u011f\u0131nca onaylanan yabanc\u0131 \u00fclke orta\u00f6\u011fretim kurumlar\u0131ndan mezun olmak ve y\u00fcksek\u00f6\u011fretim kurumlar\u0131n\u0131n lisans programlar\u0131na kabul \u015fartlar\u0131n\u0131 sa\u011flam\u0131\u015f olmak.<\/p>\n<p>2. Y\u00d6K taraf\u0131ndan usul ve esaslar\u0131 belirlenen, \u00d6l\u00e7me, Se\u00e7me ve Yerle\u015ftirme Merkezi (\u00d6SYM) taraf\u0131ndan yap\u0131lan merkezi s\u0131nav sonucunda y\u00fcksek\u00f6\u011fretim kurumunun ilgili lisans program\u0131na yerle\u015ftirilmi\u015f olmak.<\/p>\n<p>3. Y\u00d6K taraf\u0131ndan usul ve esaslar\u0131 belirlenen, \u00d6SYM taraf\u0131ndan yap\u0131lan Dikey Ge\u00e7i\u015f S\u0131nav\u0131 (DGS) sonucunda \u00f6n lisans mezunlar\u0131 i\u00e7in y\u00fcksek\u00f6\u011fretim kurumlar\u0131nda bitirdikleri alanlar\u0131n devam\u0131 niteli\u011findeki lisans programlar\u0131na yerle\u015ftirilmi\u015f olmak.<\/p>\n","protected":false},"excerpt":{"rendered":"<p>1. Orta\u00f6\u011fretim kurumlar\u0131ndan ya da denkli\u011fi Mill\u00ee E\u011fitim Bakanl\u0131\u011f\u0131nca onaylanan yabanc\u0131 \u00fclke orta\u00f6\u011fretim kurumlar\u0131ndan mezun olmak ve y\u00fcksek\u00f6\u011fretim kurumlar\u0131n\u0131n lisans programlar\u0131na kabul \u015fartlar\u0131n\u0131 sa\u011flam\u0131\u015f olmak. 2. Y\u00d6K taraf\u0131ndan usul ve esaslar\u0131 belirlenen, \u00d6l\u00e7me, Se\u00e7me ve Yerle\u015ftirme Merkezi (\u00d6SYM) taraf\u0131ndan yap\u0131lan merkezi s\u0131nav sonucunda y\u00fcksek\u00f6\u011fretim kurumunun ilgili lisans program\u0131na yerle\u015ftirilmi\u015f olmak. 3. Y\u00d6K taraf\u0131ndan usul ve [&hellip;]<\/p>\n","protected":false},"author":181,"featured_media":0,"parent":0,"menu_order":0,"comment_status":"closed","ping_status":"closed","template":"genel_sayfa.php","meta":{"footnotes":""},"yoast_head":"<!-- This site is optimized with the Yoast SEO Premium plugin v22.1 (Yoast SEO v22.1) - https:\/\/yoast.com\/wordpress\/plugins\/seo\/ -->\n<title>Kay\u0131t Kabul \u015eartlar\u0131 - Siyaset Bilimi ve Uluslararas\u0131 \u0130li\u015fkiler<\/title>\n<meta name=\"robots\" content=\"index, follow, max-snippet:-1, max-image-preview:large, max-video-preview:-1\" \/>\n<link rel=\"canonical\" href=\"http:\/\/ticaret.edu.tr\/siyaset-bilimi-uluslararasi-iliskiler\/kayit-kabul-sartlari\/\" \/>\n<meta property=\"og:locale\" content=\"tr_TR\" \/>\n<meta property=\"og:type\" content=\"article\" \/>\n<meta property=\"og:title\" content=\"Kay\u0131t Kabul \u015eartlar\u0131\" \/>\n<meta property=\"og:description\" content=\"1. Orta\u00f6\u011fretim kurumlar\u0131ndan ya da denkli\u011fi Mill\u00ee E\u011fitim Bakanl\u0131\u011f\u0131nca onaylanan yabanc\u0131 \u00fclke orta\u00f6\u011fretim kurumlar\u0131ndan mezun olmak ve y\u00fcksek\u00f6\u011fretim kurumlar\u0131n\u0131n lisans programlar\u0131na kabul \u015fartlar\u0131n\u0131 sa\u011flam\u0131\u015f olmak. 2. Y\u00d6K taraf\u0131ndan usul ve esaslar\u0131 belirlenen, \u00d6l\u00e7me, Se\u00e7me ve Yerle\u015ftirme Merkezi (\u00d6SYM) taraf\u0131ndan yap\u0131lan merkezi s\u0131nav sonucunda y\u00fcksek\u00f6\u011fretim kurumunun ilgili lisans program\u0131na yerle\u015ftirilmi\u015f olmak. 3. Y\u00d6K taraf\u0131ndan usul ve [&hellip;]\" \/>\n<meta property=\"og:url\" content=\"http:\/\/ticaret.edu.tr\/siyaset-bilimi-uluslararasi-iliskiler\/kayit-kabul-sartlari\/\" \/>\n<meta property=\"og:site_name\" content=\"Siyaset Bilimi ve Uluslararas\u0131 \u0130li\u015fkiler\" \/>\n<meta property=\"article:publisher\" content=\"https:\/\/www.facebook.com\/ticaretedutr\" \/>\n<meta property=\"article:modified_time\" content=\"2025-10-20T18:47:11+00:00\" \/>\n<meta name=\"twitter:card\" content=\"summary_large_image\" \/>\n<meta name=\"twitter:site\" content=\"@ticaretedutr\" \/>\n<meta name=\"twitter:label1\" content=\"Tahmini okuma s\u00fcresi\" \/>\n\t<meta name=\"twitter:data1\" content=\"1 dakika\" \/>\n<script type=\"application\/ld+json\" class=\"yoast-schema-graph\">{\"@context\":\"https:\/\/schema.org\",\"@graph\":[{\"@type\":\"WebPage\",\"@id\":\"http:\/\/ticaret.edu.tr\/siyaset-bilimi-uluslararasi-iliskiler\/kayit-kabul-sartlari\/\",\"url\":\"http:\/\/ticaret.edu.tr\/siyaset-bilimi-uluslararasi-iliskiler\/kayit-kabul-sartlari\/\",\"name\":\"Kay\u0131t Kabul \u015eartlar\u0131 - Siyaset Bilimi ve Uluslararas\u0131 \u0130li\u015fkiler\",\"isPartOf\":{\"@id\":\"http:\/\/ticaret.edu.tr\/siyaset-bilimi-uluslararasi-iliskiler\/#website\"},\"datePublished\":\"2025-01-26T22:00:50+00:00\",\"dateModified\":\"2025-10-20T18:47:11+00:00\",\"breadcrumb\":{\"@id\":\"http:\/\/ticaret.edu.tr\/siyaset-bilimi-uluslararasi-iliskiler\/kayit-kabul-sartlari\/#breadcrumb\"},\"inLanguage\":\"tr\",\"potentialAction\":[{\"@type\":\"ReadAction\",\"target\":[\"http:\/\/ticaret.edu.tr\/siyaset-bilimi-uluslararasi-iliskiler\/kayit-kabul-sartlari\/\"]}]},{\"@type\":\"BreadcrumbList\",\"@id\":\"http:\/\/ticaret.edu.tr\/siyaset-bilimi-uluslararasi-iliskiler\/kayit-kabul-sartlari\/#breadcrumb\",\"itemListElement\":[{\"@type\":\"ListItem\",\"position\":1,\"name\":\"Ana sayfa\",\"item\":\"http:\/\/ticaret.edu.tr\/siyaset-bilimi-uluslararasi-iliskiler\/\"},{\"@type\":\"ListItem\",\"position\":2,\"name\":\"Kay\u0131t Kabul \u015eartlar\u0131\"}]},{\"@type\":\"WebSite\",\"@id\":\"http:\/\/ticaret.edu.tr\/siyaset-bilimi-uluslararasi-iliskiler\/#website\",\"url\":\"http:\/\/ticaret.edu.tr\/siyaset-bilimi-uluslararasi-iliskiler\/\",\"name\":\"Siyaset Bilimi ve Uluslararas\u0131 \u0130li\u015fkiler\",\"description\":\"\",\"publisher\":{\"@id\":\"http:\/\/ticaret.edu.tr\/siyaset-bilimi-uluslararasi-iliskiler\/#organization\"},\"potentialAction\":[{\"@type\":\"SearchAction\",\"target\":{\"@type\":\"EntryPoint\",\"urlTemplate\":\"http:\/\/ticaret.edu.tr\/siyaset-bilimi-uluslararasi-iliskiler\/?s={search_term_string}\"},\"query-input\":\"required name=search_term_string\"}],\"inLanguage\":\"tr\"},{\"@type\":\"Organization\",\"@id\":\"http:\/\/ticaret.edu.tr\/siyaset-bilimi-uluslararasi-iliskiler\/#organization\",\"name\":\"\u0130stanbul Ticaret \u00dcniversitesi\",\"url\":\"http:\/\/ticaret.edu.tr\/siyaset-bilimi-uluslararasi-iliskiler\/\",\"logo\":{\"@type\":\"ImageObject\",\"inLanguage\":\"tr\",\"@id\":\"http:\/\/ticaret.edu.tr\/siyaset-bilimi-uluslararasi-iliskiler\/#\/schema\/logo\/image\/\",\"url\":\"https:\/\/ticaret.edu.tr\/wp-content\/uploads\/2021\/11\/logo22.png\",\"contentUrl\":\"https:\/\/ticaret.edu.tr\/wp-content\/uploads\/2021\/11\/logo22.png\",\"width\":172,\"height\":112,\"caption\":\"\u0130stanbul Ticaret \u00dcniversitesi\"},\"image\":{\"@id\":\"http:\/\/ticaret.edu.tr\/siyaset-bilimi-uluslararasi-iliskiler\/#\/schema\/logo\/image\/\"},\"sameAs\":[\"https:\/\/www.facebook.com\/ticaretedutr\",\"https:\/\/twitter.com\/ticaretedutr\"]}]}<\/script>\n<!-- \/ Yoast SEO Premium plugin. -->","yoast_head_json":{"title":"Kay\u0131t Kabul \u015eartlar\u0131 - Siyaset Bilimi ve Uluslararas\u0131 \u0130li\u015fkiler","robots":{"index":"index","follow":"follow","max-snippet":"max-snippet:-1","max-image-preview":"max-image-preview:large","max-video-preview":"max-video-preview:-1"},"canonical":"http:\/\/ticaret.edu.tr\/siyaset-bilimi-uluslararasi-iliskiler\/kayit-kabul-sartlari\/","og_locale":"tr_TR","og_type":"article","og_title":"Kay\u0131t Kabul \u015eartlar\u0131","og_description":"1. Orta\u00f6\u011fretim kurumlar\u0131ndan ya da denkli\u011fi Mill\u00ee E\u011fitim Bakanl\u0131\u011f\u0131nca onaylanan yabanc\u0131 \u00fclke orta\u00f6\u011fretim kurumlar\u0131ndan mezun olmak ve y\u00fcksek\u00f6\u011fretim kurumlar\u0131n\u0131n lisans programlar\u0131na kabul \u015fartlar\u0131n\u0131 sa\u011flam\u0131\u015f olmak. 2. Y\u00d6K taraf\u0131ndan usul ve esaslar\u0131 belirlenen, \u00d6l\u00e7me, Se\u00e7me ve Yerle\u015ftirme Merkezi (\u00d6SYM) taraf\u0131ndan yap\u0131lan merkezi s\u0131nav sonucunda y\u00fcksek\u00f6\u011fretim kurumunun ilgili lisans program\u0131na yerle\u015ftirilmi\u015f olmak. 3. Y\u00d6K taraf\u0131ndan usul ve [&hellip;]","og_url":"http:\/\/ticaret.edu.tr\/siyaset-bilimi-uluslararasi-iliskiler\/kayit-kabul-sartlari\/","og_site_name":"Siyaset Bilimi ve Uluslararas\u0131 \u0130li\u015fkiler","article_publisher":"https:\/\/www.facebook.com\/ticaretedutr","article_modified_time":"2025-10-20T18:47:11+00:00","twitter_card":"summary_large_image","twitter_site":"@ticaretedutr","twitter_misc":{"Tahmini okuma s\u00fcresi":"1 dakika"},"schema":{"@context":"https:\/\/schema.org","@graph":[{"@type":"WebPage","@id":"http:\/\/ticaret.edu.tr\/siyaset-bilimi-uluslararasi-iliskiler\/kayit-kabul-sartlari\/","url":"http:\/\/ticaret.edu.tr\/siyaset-bilimi-uluslararasi-iliskiler\/kayit-kabul-sartlari\/","name":"Kay\u0131t Kabul \u015eartlar\u0131 - Siyaset Bilimi ve Uluslararas\u0131 \u0130li\u015fkiler","isPartOf":{"@id":"http:\/\/ticaret.edu.tr\/siyaset-bilimi-uluslararasi-iliskiler\/#website"},"datePublished":"2025-01-26T22:00:50+00:00","dateModified":"2025-10-20T18:47:11+00:00","breadcrumb":{"@id":"http:\/\/ticaret.edu.tr\/siyaset-bilimi-uluslararasi-iliskiler\/kayit-kabul-sartlari\/#breadcrumb"},"inLanguage":"tr","potentialAction":[{"@type":"ReadAction","target":["http:\/\/ticaret.edu.tr\/siyaset-bilimi-uluslararasi-iliskiler\/kayit-kabul-sartlari\/"]}]},{"@type":"BreadcrumbList","@id":"http:\/\/ticaret.edu.tr\/siyaset-bilimi-uluslararasi-iliskiler\/kayit-kabul-sartlari\/#breadcrumb","itemListElement":[{"@type":"ListItem","position":1,"name":"Ana sayfa","item":"http:\/\/ticaret.edu.tr\/siyaset-bilimi-uluslararasi-iliskiler\/"},{"@type":"ListItem","position":2,"name":"Kay\u0131t Kabul \u015eartlar\u0131"}]},{"@type":"WebSite","@id":"http:\/\/ticaret.edu.tr\/siyaset-bilimi-uluslararasi-iliskiler\/#website","url":"http:\/\/ticaret.edu.tr\/siyaset-bilimi-uluslararasi-iliskiler\/","name":"Siyaset Bilimi ve Uluslararas\u0131 \u0130li\u015fkiler","description":"","publisher":{"@id":"http:\/\/ticaret.edu.tr\/siyaset-bilimi-uluslararasi-iliskiler\/#organization"},"potentialAction":[{"@type":"SearchAction","target":{"@type":"EntryPoint","urlTemplate":"http:\/\/ticaret.edu.tr\/siyaset-bilimi-uluslararasi-iliskiler\/?s={search_term_string}"},"query-input":"required name=search_term_string"}],"inLanguage":"tr"},{"@type":"Organization","@id":"http:\/\/ticaret.edu.tr\/siyaset-bilimi-uluslararasi-iliskiler\/#organization","name":"\u0130stanbul Ticaret \u00dcniversitesi","url":"http:\/\/ticaret.edu.tr\/siyaset-bilimi-uluslararasi-iliskiler\/","logo":{"@type":"ImageObject","inLanguage":"tr","@id":"http:\/\/ticaret.edu.tr\/siyaset-bilimi-uluslararasi-iliskiler\/#\/schema\/logo\/image\/","url":"https:\/\/ticaret.edu.tr\/wp-content\/uploads\/2021\/11\/logo22.png","contentUrl":"https:\/\/ticaret.edu.tr\/wp-content\/uploads\/2021\/11\/logo22.png","width":172,"height":112,"caption":"\u0130stanbul Ticaret \u00dcniversitesi"},"image":{"@id":"http:\/\/ticaret.edu.tr\/siyaset-bilimi-uluslararasi-iliskiler\/#\/schema\/logo\/image\/"},"sameAs":["https:\/\/www.facebook.com\/ticaretedutr","https:\/\/twitter.com\/ticaretedutr"]}]}},"lang":"tr","translations":{"tr":327},"pll_sync_post":[],"_links":{"self":[{"href":"http:\/\/ticaret.edu.tr\/siyaset-bilimi-uluslararasi-iliskiler\/wp-json\/wp\/v2\/pages\/327"}],"collection":[{"href":"http:\/\/ticaret.edu.tr\/siyaset-bilimi-uluslararasi-iliskiler\/wp-json\/wp\/v2\/pages"}],"about":[{"href":"http:\/\/ticaret.edu.tr\/siyaset-bilimi-uluslararasi-iliskiler\/wp-json\/wp\/v2\/types\/page"}],"author":[{"embeddable":true,"href":"http:\/\/ticaret.edu.tr\/siyaset-bilimi-uluslararasi-iliskiler\/wp-json\/wp\/v2\/users\/181"}],"replies":[{"embeddable":true,"href":"http:\/\/ticaret.edu.tr\/siyaset-bilimi-uluslararasi-iliskiler\/wp-json\/wp\/v2\/comments?post=327"}],"version-history":[{"count":2,"href":"http:\/\/ticaret.edu.tr\/siyaset-bilimi-uluslararasi-iliskiler\/wp-json\/wp\/v2\/pages\/327\/revisions"}],"predecessor-version":[{"id":622,"href":"http:\/\/ticaret.edu.tr\/siyaset-bilimi-uluslararasi-iliskiler\/wp-json\/wp\/v2\/pages\/327\/revisions\/622"}],"wp:attachment":[{"href":"http:\/\/ticaret.edu.tr\/siyaset-bilimi-uluslararasi-iliskiler\/wp-json\/wp\/v2\/media?parent=327"}],"curies":[{"name":"wp","href":"https:\/\/api.w.org\/{rel}","templated":true}]}}