{"id":345,"date":"2025-01-27T01:01:49","date_gmt":"2025-01-26T22:01:49","guid":{"rendered":"https:\/\/ticaret.edu.tr\/siyaset-bilimi-uluslararasi-iliskiler\/?page_id=345"},"modified":"2025-10-20T20:47:01","modified_gmt":"2025-10-20T17:47:01","slug":"ogretim-planlari","status":"publish","type":"page","link":"http:\/\/ticaret.edu.tr\/siyaset-bilimi-uluslararasi-iliskiler\/ogretim-planlari\/","title":{"rendered":"\u00d6\u011fretim Planlar\u0131"},"content":{"rendered":"<p><strong>Siyaset Bilimi ve Uluslararas\u0131 \u0130li\u015fkiler Tezli Y\u00fcksek Lisans Program\u0131<\/strong><\/p>\n<p>\u00d6\u011frencilerin uluslararas\u0131 sistemin teorik, tarihsel ve felsefi temellerini derinlemesine kavrayarak, k\u00fcresel ve b\u00f6lgesel d\u00fczeydeki siyasal olgu ve s\u00fcre\u00e7leri analitik ve ele\u015ftirel bir perspektifle de\u011ferlendirmelerini ama\u00e7lamaktad\u0131r. Program, uluslararas\u0131 ili\u015fkiler teorisi, d\u0131\u015f politika analizi ve uluslararas\u0131 hukuk gibi alanlarda uzmanla\u015fmay\u0131 te\u015fvik ederken; \u00f6\u011frencilerin bilimsel ara\u015ft\u0131rma yapma, veriyi analiz etme, sentez olu\u015fturma ve akademik etik ilkeler \u00e7er\u00e7evesinde \u00f6zg\u00fcn bilgi \u00fcretme becerilerini geli\u015ftirmeyi hedeflemektedir.<\/p>\n<p>&nbsp;<\/p>\n<p><strong>Siyaset Bilimi ve Uluslararas\u0131 \u0130li\u015fkiler Doktora Program\u0131<\/strong><\/p>\n<p>Bu alanlarda \u00fcretilecek doktora tezleriyle hem k\u00fcresel siyasetin hem de yerel siyasetin d\u00f6n\u00fc\u015f\u00fcm dinamiklerini anlayabilecek akademisyenler yeti\u015ftirilerek hem yerel hem de k\u00fcresel siyaset sorunlar\u0131na dair \u00e7\u00f6z\u00fcmlemeler ortaya konulacakt\u0131r. D\u00fcnyan\u0131n siyasal anlamda h\u0131zl\u0131 de\u011fi\u015fti\u011fi, uluslararas\u0131 sistemde devlet d\u0131\u015f\u0131 akt\u00f6rlerin ve uluslararas\u0131 kurumlar\u0131n da etkinle\u015fti\u011fi yeni t\u00fcr siyasal \u00f6rg\u00fctlenme bi\u00e7imlerinin ortaya \u00e7\u0131kt\u0131\u011f\u0131 bir d\u00f6nemde siyasetin temel d\u00f6n\u00fc\u015f\u00fcm hatlar\u0131n\u0131 kavramaya yard\u0131mc\u0131 olacak ara\u015ft\u0131rmalar ger\u00e7ekle\u015ftirilecektir Sadece zaman\u0131n ruhuna dair de\u011fil ayn\u0131 zamanda zaman a\u015f\u0131r\u0131 siyaset bilgisi \u00fcretilerek, siyasetin temel meseleleri \u00fczerine kuramsal yenilikler \u00fcretilmesi hedeflenmektedir<\/p>\n","protected":false},"excerpt":{"rendered":"<p>Siyaset Bilimi ve Uluslararas\u0131 \u0130li\u015fkiler Tezli Y\u00fcksek Lisans Program\u0131 \u00d6\u011frencilerin uluslararas\u0131 sistemin teorik, tarihsel ve felsefi temellerini derinlemesine kavrayarak, k\u00fcresel ve b\u00f6lgesel d\u00fczeydeki siyasal olgu ve s\u00fcre\u00e7leri analitik ve ele\u015ftirel bir perspektifle de\u011ferlendirmelerini ama\u00e7lamaktad\u0131r. Program, uluslararas\u0131 ili\u015fkiler teorisi, d\u0131\u015f politika analizi ve uluslararas\u0131 hukuk gibi alanlarda uzmanla\u015fmay\u0131 te\u015fvik ederken; \u00f6\u011frencilerin bilimsel ara\u015ft\u0131rma yapma, veriyi analiz [&hellip;]<\/p>\n","protected":false},"author":181,"featured_media":0,"parent":0,"menu_order":0,"comment_status":"closed","ping_status":"closed","template":"genel_sayfa.php","meta":{"footnotes":""},"yoast_head":"<!-- This site is optimized with the Yoast SEO Premium plugin v22.1 (Yoast SEO v22.1) - https:\/\/yoast.com\/wordpress\/plugins\/seo\/ -->\n<title>\u00d6\u011fretim Planlar\u0131 - Siyaset Bilimi ve Uluslararas\u0131 \u0130li\u015fkiler<\/title>\n<meta name=\"robots\" content=\"index, follow, max-snippet:-1, max-image-preview:large, max-video-preview:-1\" \/>\n<link rel=\"canonical\" href=\"https:\/\/ticaret.edu.tr\/siyaset-bilimi-uluslararasi-iliskiler\/ogretim-planlari\/\" \/>\n<meta property=\"og:locale\" content=\"tr_TR\" \/>\n<meta property=\"og:type\" content=\"article\" \/>\n<meta property=\"og:title\" content=\"\u00d6\u011fretim Planlar\u0131\" \/>\n<meta property=\"og:description\" content=\"Siyaset Bilimi ve Uluslararas\u0131 \u0130li\u015fkiler Tezli Y\u00fcksek Lisans Program\u0131 \u00d6\u011frencilerin uluslararas\u0131 sistemin teorik, tarihsel ve felsefi temellerini derinlemesine kavrayarak, k\u00fcresel ve b\u00f6lgesel d\u00fczeydeki siyasal olgu ve s\u00fcre\u00e7leri analitik ve ele\u015ftirel bir perspektifle de\u011ferlendirmelerini ama\u00e7lamaktad\u0131r. Program, uluslararas\u0131 ili\u015fkiler teorisi, d\u0131\u015f politika analizi ve uluslararas\u0131 hukuk gibi alanlarda uzmanla\u015fmay\u0131 te\u015fvik ederken; \u00f6\u011frencilerin bilimsel ara\u015ft\u0131rma yapma, veriyi analiz [&hellip;]\" \/>\n<meta property=\"og:url\" content=\"https:\/\/ticaret.edu.tr\/siyaset-bilimi-uluslararasi-iliskiler\/ogretim-planlari\/\" \/>\n<meta property=\"og:site_name\" content=\"Siyaset Bilimi ve Uluslararas\u0131 \u0130li\u015fkiler\" \/>\n<meta property=\"article:publisher\" content=\"https:\/\/www.facebook.com\/ticaretedutr\" \/>\n<meta property=\"article:modified_time\" content=\"2025-10-20T17:47:01+00:00\" \/>\n<meta name=\"twitter:card\" content=\"summary_large_image\" \/>\n<meta name=\"twitter:site\" content=\"@ticaretedutr\" \/>\n<meta name=\"twitter:label1\" content=\"Tahmini okuma s\u00fcresi\" \/>\n\t<meta name=\"twitter:data1\" content=\"1 dakika\" \/>\n<script type=\"application\/ld+json\" class=\"yoast-schema-graph\">{\"@context\":\"https:\/\/schema.org\",\"@graph\":[{\"@type\":\"WebPage\",\"@id\":\"https:\/\/ticaret.edu.tr\/siyaset-bilimi-uluslararasi-iliskiler\/ogretim-planlari\/\",\"url\":\"https:\/\/ticaret.edu.tr\/siyaset-bilimi-uluslararasi-iliskiler\/ogretim-planlari\/\",\"name\":\"\u00d6\u011fretim Planlar\u0131 - Siyaset Bilimi ve Uluslararas\u0131 \u0130li\u015fkiler\",\"isPartOf\":{\"@id\":\"http:\/\/ticaret.edu.tr\/siyaset-bilimi-uluslararasi-iliskiler\/#website\"},\"datePublished\":\"2025-01-26T22:01:49+00:00\",\"dateModified\":\"2025-10-20T17:47:01+00:00\",\"breadcrumb\":{\"@id\":\"https:\/\/ticaret.edu.tr\/siyaset-bilimi-uluslararasi-iliskiler\/ogretim-planlari\/#breadcrumb\"},\"inLanguage\":\"tr\",\"potentialAction\":[{\"@type\":\"ReadAction\",\"target\":[\"https:\/\/ticaret.edu.tr\/siyaset-bilimi-uluslararasi-iliskiler\/ogretim-planlari\/\"]}]},{\"@type\":\"BreadcrumbList\",\"@id\":\"https:\/\/ticaret.edu.tr\/siyaset-bilimi-uluslararasi-iliskiler\/ogretim-planlari\/#breadcrumb\",\"itemListElement\":[{\"@type\":\"ListItem\",\"position\":1,\"name\":\"Ana sayfa\",\"item\":\"http:\/\/ticaret.edu.tr\/siyaset-bilimi-uluslararasi-iliskiler\/\"},{\"@type\":\"ListItem\",\"position\":2,\"name\":\"\u00d6\u011fretim Planlar\u0131\"}]},{\"@type\":\"WebSite\",\"@id\":\"http:\/\/ticaret.edu.tr\/siyaset-bilimi-uluslararasi-iliskiler\/#website\",\"url\":\"http:\/\/ticaret.edu.tr\/siyaset-bilimi-uluslararasi-iliskiler\/\",\"name\":\"Siyaset Bilimi ve Uluslararas\u0131 \u0130li\u015fkiler\",\"description\":\"\",\"publisher\":{\"@id\":\"http:\/\/ticaret.edu.tr\/siyaset-bilimi-uluslararasi-iliskiler\/#organization\"},\"potentialAction\":[{\"@type\":\"SearchAction\",\"target\":{\"@type\":\"EntryPoint\",\"urlTemplate\":\"http:\/\/ticaret.edu.tr\/siyaset-bilimi-uluslararasi-iliskiler\/?s={search_term_string}\"},\"query-input\":\"required name=search_term_string\"}],\"inLanguage\":\"tr\"},{\"@type\":\"Organization\",\"@id\":\"http:\/\/ticaret.edu.tr\/siyaset-bilimi-uluslararasi-iliskiler\/#organization\",\"name\":\"\u0130stanbul Ticaret \u00dcniversitesi\",\"url\":\"http:\/\/ticaret.edu.tr\/siyaset-bilimi-uluslararasi-iliskiler\/\",\"logo\":{\"@type\":\"ImageObject\",\"inLanguage\":\"tr\",\"@id\":\"http:\/\/ticaret.edu.tr\/siyaset-bilimi-uluslararasi-iliskiler\/#\/schema\/logo\/image\/\",\"url\":\"https:\/\/ticaret.edu.tr\/wp-content\/uploads\/2021\/11\/logo22.png\",\"contentUrl\":\"https:\/\/ticaret.edu.tr\/wp-content\/uploads\/2021\/11\/logo22.png\",\"width\":172,\"height\":112,\"caption\":\"\u0130stanbul Ticaret \u00dcniversitesi\"},\"image\":{\"@id\":\"http:\/\/ticaret.edu.tr\/siyaset-bilimi-uluslararasi-iliskiler\/#\/schema\/logo\/image\/\"},\"sameAs\":[\"https:\/\/www.facebook.com\/ticaretedutr\",\"https:\/\/twitter.com\/ticaretedutr\"]}]}<\/script>\n<!-- \/ Yoast SEO Premium plugin. -->","yoast_head_json":{"title":"\u00d6\u011fretim Planlar\u0131 - Siyaset Bilimi ve Uluslararas\u0131 \u0130li\u015fkiler","robots":{"index":"index","follow":"follow","max-snippet":"max-snippet:-1","max-image-preview":"max-image-preview:large","max-video-preview":"max-video-preview:-1"},"canonical":"https:\/\/ticaret.edu.tr\/siyaset-bilimi-uluslararasi-iliskiler\/ogretim-planlari\/","og_locale":"tr_TR","og_type":"article","og_title":"\u00d6\u011fretim Planlar\u0131","og_description":"Siyaset Bilimi ve Uluslararas\u0131 \u0130li\u015fkiler Tezli Y\u00fcksek Lisans Program\u0131 \u00d6\u011frencilerin uluslararas\u0131 sistemin teorik, tarihsel ve felsefi temellerini derinlemesine kavrayarak, k\u00fcresel ve b\u00f6lgesel d\u00fczeydeki siyasal olgu ve s\u00fcre\u00e7leri analitik ve ele\u015ftirel bir perspektifle de\u011ferlendirmelerini ama\u00e7lamaktad\u0131r. Program, uluslararas\u0131 ili\u015fkiler teorisi, d\u0131\u015f politika analizi ve uluslararas\u0131 hukuk gibi alanlarda uzmanla\u015fmay\u0131 te\u015fvik ederken; \u00f6\u011frencilerin bilimsel ara\u015ft\u0131rma yapma, veriyi analiz [&hellip;]","og_url":"https:\/\/ticaret.edu.tr\/siyaset-bilimi-uluslararasi-iliskiler\/ogretim-planlari\/","og_site_name":"Siyaset Bilimi ve Uluslararas\u0131 \u0130li\u015fkiler","article_publisher":"https:\/\/www.facebook.com\/ticaretedutr","article_modified_time":"2025-10-20T17:47:01+00:00","twitter_card":"summary_large_image","twitter_site":"@ticaretedutr","twitter_misc":{"Tahmini okuma s\u00fcresi":"1 dakika"},"schema":{"@context":"https:\/\/schema.org","@graph":[{"@type":"WebPage","@id":"https:\/\/ticaret.edu.tr\/siyaset-bilimi-uluslararasi-iliskiler\/ogretim-planlari\/","url":"https:\/\/ticaret.edu.tr\/siyaset-bilimi-uluslararasi-iliskiler\/ogretim-planlari\/","name":"\u00d6\u011fretim Planlar\u0131 - Siyaset Bilimi ve Uluslararas\u0131 \u0130li\u015fkiler","isPartOf":{"@id":"http:\/\/ticaret.edu.tr\/siyaset-bilimi-uluslararasi-iliskiler\/#website"},"datePublished":"2025-01-26T22:01:49+00:00","dateModified":"2025-10-20T17:47:01+00:00","breadcrumb":{"@id":"https:\/\/ticaret.edu.tr\/siyaset-bilimi-uluslararasi-iliskiler\/ogretim-planlari\/#breadcrumb"},"inLanguage":"tr","potentialAction":[{"@type":"ReadAction","target":["https:\/\/ticaret.edu.tr\/siyaset-bilimi-uluslararasi-iliskiler\/ogretim-planlari\/"]}]},{"@type":"BreadcrumbList","@id":"https:\/\/ticaret.edu.tr\/siyaset-bilimi-uluslararasi-iliskiler\/ogretim-planlari\/#breadcrumb","itemListElement":[{"@type":"ListItem","position":1,"name":"Ana sayfa","item":"http:\/\/ticaret.edu.tr\/siyaset-bilimi-uluslararasi-iliskiler\/"},{"@type":"ListItem","position":2,"name":"\u00d6\u011fretim Planlar\u0131"}]},{"@type":"WebSite","@id":"http:\/\/ticaret.edu.tr\/siyaset-bilimi-uluslararasi-iliskiler\/#website","url":"http:\/\/ticaret.edu.tr\/siyaset-bilimi-uluslararasi-iliskiler\/","name":"Siyaset Bilimi ve Uluslararas\u0131 \u0130li\u015fkiler","description":"","publisher":{"@id":"http:\/\/ticaret.edu.tr\/siyaset-bilimi-uluslararasi-iliskiler\/#organization"},"potentialAction":[{"@type":"SearchAction","target":{"@type":"EntryPoint","urlTemplate":"http:\/\/ticaret.edu.tr\/siyaset-bilimi-uluslararasi-iliskiler\/?s={search_term_string}"},"query-input":"required name=search_term_string"}],"inLanguage":"tr"},{"@type":"Organization","@id":"http:\/\/ticaret.edu.tr\/siyaset-bilimi-uluslararasi-iliskiler\/#organization","name":"\u0130stanbul Ticaret \u00dcniversitesi","url":"http:\/\/ticaret.edu.tr\/siyaset-bilimi-uluslararasi-iliskiler\/","logo":{"@type":"ImageObject","inLanguage":"tr","@id":"http:\/\/ticaret.edu.tr\/siyaset-bilimi-uluslararasi-iliskiler\/#\/schema\/logo\/image\/","url":"https:\/\/ticaret.edu.tr\/wp-content\/uploads\/2021\/11\/logo22.png","contentUrl":"https:\/\/ticaret.edu.tr\/wp-content\/uploads\/2021\/11\/logo22.png","width":172,"height":112,"caption":"\u0130stanbul Ticaret \u00dcniversitesi"},"image":{"@id":"http:\/\/ticaret.edu.tr\/siyaset-bilimi-uluslararasi-iliskiler\/#\/schema\/logo\/image\/"},"sameAs":["https:\/\/www.facebook.com\/ticaretedutr","https:\/\/twitter.com\/ticaretedutr"]}]}},"lang":"tr","translations":{"tr":345},"pll_sync_post":[],"_links":{"self":[{"href":"http:\/\/ticaret.edu.tr\/siyaset-bilimi-uluslararasi-iliskiler\/wp-json\/wp\/v2\/pages\/345"}],"collection":[{"href":"http:\/\/ticaret.edu.tr\/siyaset-bilimi-uluslararasi-iliskiler\/wp-json\/wp\/v2\/pages"}],"about":[{"href":"http:\/\/ticaret.edu.tr\/siyaset-bilimi-uluslararasi-iliskiler\/wp-json\/wp\/v2\/types\/page"}],"author":[{"embeddable":true,"href":"http:\/\/ticaret.edu.tr\/siyaset-bilimi-uluslararasi-iliskiler\/wp-json\/wp\/v2\/users\/181"}],"replies":[{"embeddable":true,"href":"http:\/\/ticaret.edu.tr\/siyaset-bilimi-uluslararasi-iliskiler\/wp-json\/wp\/v2\/comments?post=345"}],"version-history":[{"count":3,"href":"http:\/\/ticaret.edu.tr\/siyaset-bilimi-uluslararasi-iliskiler\/wp-json\/wp\/v2\/pages\/345\/revisions"}],"predecessor-version":[{"id":599,"href":"http:\/\/ticaret.edu.tr\/siyaset-bilimi-uluslararasi-iliskiler\/wp-json\/wp\/v2\/pages\/345\/revisions\/599"}],"wp:attachment":[{"href":"http:\/\/ticaret.edu.tr\/siyaset-bilimi-uluslararasi-iliskiler\/wp-json\/wp\/v2\/media?parent=345"}],"curies":[{"name":"wp","href":"https:\/\/api.w.org\/{rel}","templated":true}]}}