{"id":368,"date":"2025-01-27T01:03:50","date_gmt":"2025-01-26T22:03:50","guid":{"rendered":"https:\/\/ticaret.edu.tr\/siyaset-bilimi-uluslararasi-iliskiler\/?page_id=368"},"modified":"2026-03-24T10:03:46","modified_gmt":"2026-03-24T07:03:46","slug":"bolum-danisma-kurulu","status":"publish","type":"page","link":"http:\/\/ticaret.edu.tr\/siyaset-bilimi-uluslararasi-iliskiler\/bolum-danisma-kurulu\/","title":{"rendered":"B\u00f6l\u00fcm Dan\u0131\u015fma Kurulu"},"content":{"rendered":"<table class=\" aligncenter\" width=\"652\">\n<tbody>\n<tr>\n<td colspan=\"4\" width=\"652\">\n<p style=\"text-align: center\"><strong>S\u0130YASET B\u0130L\u0130M\u0130 VE ULUSLARARASI \u0130L\u0130\u015eK\u0130LER T\u00dcRK\u00c7E B\u00d6L\u00dcM\u00dc <\/strong><\/p>\n<p style=\"text-align: center\"><strong>DANI\u015eMA KURULU \u00dcYELER\u0130<\/strong><\/p>\n<\/td>\n<\/tr>\n<tr>\n<td width=\"180\">Do\u00e7. Dr. Ayfer Gen\u00e7 Y\u0131lmaz<\/td>\n<td width=\"154\">Siyaset Bilimi ve Uluslararas\u0131 \u0130li\u015fkiler T\u00fcrk\u00e7e B\u00f6l\u00fcm\u00fc<\/td>\n<td width=\"111\">B\u00f6l\u00fcm Ba\u015fkan\u0131 V.<\/td>\n<td width=\"207\">agenc@ticaret.edu.tr<\/td>\n<\/tr>\n<tr>\n<td width=\"180\">Prof. Dr. Mustafa Said Yaz\u0131c\u0131o\u011flu<\/td>\n<td width=\"154\">Siyaset Bilimi ve Uluslararas\u0131 \u0130li\u015fkiler T\u00fcrk\u00e7e B\u00f6l\u00fcm\u00fc<\/td>\n<td width=\"111\">Dekan\/B\u00f6l\u00fcm \u00d6\u011fretim \u00dcyesi<\/td>\n<td width=\"207\">msyazicioglu@ticaret.edu.tr<\/td>\n<\/tr>\n<tr>\n<td width=\"180\">Prof. Dr. Oya Da\u011flar Macar<\/td>\n<td width=\"154\">Siyaset Bilimi ve Uluslararas\u0131 \u0130li\u015fkiler T\u00fcrk\u00e7e B\u00f6l\u00fcm\u00fc<\/td>\n<td width=\"111\">B\u00f6l\u00fcm \u00d6\u011fretim \u00dcyesi<\/td>\n<td width=\"207\">oyadr@ticaret.edu.tr<\/td>\n<\/tr>\n<tr>\n<td width=\"180\">Prof. Dr. Emine Sare Ayd\u0131n<\/td>\n<td width=\"154\">Siyaset Bilimi ve Uluslararas\u0131 \u0130li\u015fkiler T\u00fcrk\u00e7e B\u00f6l\u00fcm\u00fc<\/td>\n<td width=\"111\">B\u00f6l\u00fcm \u00d6\u011fretim \u00dcyesi<\/td>\n<td width=\"207\">esaydin@ticaret.edu.tr<\/td>\n<\/tr>\n<tr>\n<td width=\"180\">Prof. Dr. S\u00fcleyman Seyfi \u00d6\u011f\u00fcn<\/td>\n<td width=\"154\">Siyaset Bilimi ve Uluslararas\u0131 \u0130li\u015fkiler T\u00fcrk\u00e7e B\u00f6l\u00fcm\u00fc<\/td>\n<td width=\"111\">B\u00f6l\u00fcm \u00d6\u011fretim \u00dcyesi<\/td>\n<td width=\"207\">ssogun@ticaret.edu.tr<\/td>\n<\/tr>\n<tr>\n<td width=\"180\">Prof. Dr. Ahmet Kavas<\/td>\n<td width=\"154\">Siyaset Bilimi ve Uluslararas\u0131 \u0130li\u015fkiler T\u00fcrk\u00e7e B\u00f6l\u00fcm\u00fc<\/td>\n<td width=\"111\">B\u00f6l\u00fcm \u00d6\u011fretim \u00dcyesi<\/td>\n<td width=\"207\">akavas@ticaret.edu.tr<\/td>\n<\/tr>\n<tr>\n<td width=\"180\">Dr. \u00d6\u011fr. \u00dcyesi Cafer Talha \u015eeker<\/td>\n<td width=\"154\">Siyaset Bilimi ve Uluslararas\u0131 \u0130li\u015fkiler T\u00fcrk\u00e7e B\u00f6l\u00fcm\u00fc<\/td>\n<td width=\"111\">B\u00f6l\u00fcm \u00d6\u011fretim \u00dcyesi<\/td>\n<td width=\"207\">ctseker@ticaret.edu.tr<\/td>\n<\/tr>\n<tr>\n<td width=\"180\">Dr. \u00d6\u011fr. \u00dcyesi Ay\u015fem Biriz Kara\u00e7ay<\/td>\n<td width=\"154\">Siyaset Bilimi ve Uluslararas\u0131 \u0130li\u015fkiler T\u00fcrk\u00e7e B\u00f6l\u00fcm\u00fc<\/td>\n<td width=\"111\">B\u00f6l\u00fcm \u00d6\u011fretim \u00dcyesi<\/td>\n<td width=\"207\">abkaracay@ticaret.edu.tr<\/td>\n<\/tr>\n<tr>\n<td width=\"180\">Dr. \u00d6\u011fr. \u00dcyesi Ay\u015fen Baylak G\u00fcng\u00f6r<\/td>\n<td width=\"154\">Siyaset Bilimi ve Uluslararas\u0131 \u0130li\u015fkiler T\u00fcrk\u00e7e B\u00f6l\u00fcm\u00fc<\/td>\n<td width=\"111\">B\u00f6l\u00fcm \u00d6\u011fretim \u00dcyesi<\/td>\n<td width=\"207\">abgungor@ticaret.edu.tr<\/td>\n<\/tr>\n<tr>\n<td width=\"180\">Dr. \u00d6\u011fr. \u00dcyesi Zebiniso Kemal<\/td>\n<td width=\"154\">Siyaset Bilimi ve Uluslararas\u0131 \u0130li\u015fkiler T\u00fcrk\u00e7e B\u00f6l\u00fcm\u00fc<\/td>\n<td width=\"111\">B\u00f6l\u00fcm \u00d6\u011fretim \u00dcyesi<\/td>\n<td width=\"207\">zkamalova@ticaret.edu.tr<\/td>\n<\/tr>\n<tr>\n<td width=\"180\">Ara\u015ft\u0131rma G\u00f6revlisi Dr. Dilara \u015eensivas<\/td>\n<td width=\"154\">Siyaset Bilimi ve Uluslararas\u0131 \u0130li\u015fkiler T\u00fcrk\u00e7e B\u00f6l\u00fcm\u00fc<\/td>\n<td width=\"111\">B\u00f6l\u00fcm Kalite El\u00e7isi<\/td>\n<td width=\"207\">dsensivas@ticaret.edu.tr<\/td>\n<\/tr>\n<tr>\n<td width=\"180\">Do\u00e7. Dr. Umut Uzer<\/td>\n<td width=\"154\">\u0130stanbul Teknik \u00dcniversitesi<\/td>\n<td width=\"111\">Fen-Edebiyat Fak\u00fcltesi \u00d6\u011fretim \u00dcyesi<\/td>\n<td width=\"207\">uuzer@itu.edu.tr<\/td>\n<\/tr>\n<tr>\n<td width=\"180\">Do\u00e7. Dr. Ersin Embel<\/td>\n<td width=\"154\">Alt\u0131nba\u015f \u00dcniversitesi<\/td>\n<td width=\"111\">Siyaset Bilimi ve Uluslararas\u0131 \u0130li\u015fkiler<\/td>\n<td width=\"207\"><a href=\"mailto:ersin.embel@altinbas.edu.tr\">ersin.embel@altinbas.edu.tr<\/a><\/p>\n<p>&nbsp;<\/td>\n<\/tr>\n<tr>\n<td width=\"180\">Prof. Dr. Zeyneb \u00c7a\u011fl\u0131yan \u0130\u00e7ener<\/td>\n<td width=\"154\">\u0130stanbul Sabahattin Zaim \u00dcniversitesi<\/td>\n<td width=\"111\">Siyaset Bilimi ve Uluslararas\u0131 \u0130li\u015fkiler<\/td>\n<td width=\"207\">zeyneb.icener@izu.edu.tr<\/td>\n<\/tr>\n<tr>\n<td width=\"180\">Derya Kaya<\/td>\n<td width=\"154\">\u0130stanbul Ticaret \u00dcniversitesi<\/td>\n<td width=\"111\">B\u00f6l\u00fcm \u00d6\u011frenci Temsilcisi<\/td>\n<td width=\"207\">derya.kaya@istanbulticaret.edu.tr<\/td>\n<\/tr>\n<\/tbody>\n<\/table>\n<p>&nbsp;<\/p>\n<p>&nbsp;<\/p>\n<p>&nbsp;<\/p>\n<p>&nbsp;<\/p>\n<p>&nbsp;<\/p>\n","protected":false},"excerpt":{"rendered":"<p>S\u0130YASET B\u0130L\u0130M\u0130 VE ULUSLARARASI \u0130L\u0130\u015eK\u0130LER T\u00dcRK\u00c7E B\u00d6L\u00dcM\u00dc DANI\u015eMA KURULU \u00dcYELER\u0130 Do\u00e7. Dr. Ayfer Gen\u00e7 Y\u0131lmaz Siyaset Bilimi ve Uluslararas\u0131 \u0130li\u015fkiler T\u00fcrk\u00e7e B\u00f6l\u00fcm\u00fc B\u00f6l\u00fcm Ba\u015fkan\u0131 V. agenc@ticaret.edu.tr Prof. Dr. Mustafa Said Yaz\u0131c\u0131o\u011flu Siyaset Bilimi ve Uluslararas\u0131 \u0130li\u015fkiler T\u00fcrk\u00e7e B\u00f6l\u00fcm\u00fc Dekan\/B\u00f6l\u00fcm \u00d6\u011fretim \u00dcyesi msyazicioglu@ticaret.edu.tr Prof. Dr. Oya Da\u011flar Macar Siyaset Bilimi ve Uluslararas\u0131 \u0130li\u015fkiler T\u00fcrk\u00e7e B\u00f6l\u00fcm\u00fc B\u00f6l\u00fcm [&hellip;]<\/p>\n","protected":false},"author":181,"featured_media":0,"parent":0,"menu_order":0,"comment_status":"closed","ping_status":"closed","template":"genel_sayfa.php","meta":{"footnotes":""},"yoast_head":"<!-- This site is optimized with the Yoast SEO Premium plugin v22.1 (Yoast SEO v22.1) - https:\/\/yoast.com\/wordpress\/plugins\/seo\/ -->\n<title>B\u00f6l\u00fcm Dan\u0131\u015fma Kurulu - Siyaset Bilimi ve Uluslararas\u0131 \u0130li\u015fkiler<\/title>\n<meta name=\"robots\" content=\"index, follow, max-snippet:-1, max-image-preview:large, max-video-preview:-1\" \/>\n<link rel=\"canonical\" href=\"https:\/\/ticaret.edu.tr\/siyaset-bilimi-uluslararasi-iliskiler\/bolum-danisma-kurulu\/\" \/>\n<meta property=\"og:locale\" content=\"tr_TR\" \/>\n<meta property=\"og:type\" content=\"article\" \/>\n<meta property=\"og:title\" content=\"B\u00f6l\u00fcm Dan\u0131\u015fma Kurulu\" \/>\n<meta property=\"og:description\" content=\"S\u0130YASET B\u0130L\u0130M\u0130 VE ULUSLARARASI \u0130L\u0130\u015eK\u0130LER T\u00dcRK\u00c7E B\u00d6L\u00dcM\u00dc DANI\u015eMA KURULU \u00dcYELER\u0130 Do\u00e7. Dr. Ayfer Gen\u00e7 Y\u0131lmaz Siyaset Bilimi ve Uluslararas\u0131 \u0130li\u015fkiler T\u00fcrk\u00e7e B\u00f6l\u00fcm\u00fc B\u00f6l\u00fcm Ba\u015fkan\u0131 V. agenc@ticaret.edu.tr Prof. Dr. Mustafa Said Yaz\u0131c\u0131o\u011flu Siyaset Bilimi ve Uluslararas\u0131 \u0130li\u015fkiler T\u00fcrk\u00e7e B\u00f6l\u00fcm\u00fc Dekan\/B\u00f6l\u00fcm \u00d6\u011fretim \u00dcyesi msyazicioglu@ticaret.edu.tr Prof. Dr. Oya Da\u011flar Macar Siyaset Bilimi ve Uluslararas\u0131 \u0130li\u015fkiler T\u00fcrk\u00e7e B\u00f6l\u00fcm\u00fc B\u00f6l\u00fcm [&hellip;]\" \/>\n<meta property=\"og:url\" content=\"https:\/\/ticaret.edu.tr\/siyaset-bilimi-uluslararasi-iliskiler\/bolum-danisma-kurulu\/\" \/>\n<meta property=\"og:site_name\" content=\"Siyaset Bilimi ve Uluslararas\u0131 \u0130li\u015fkiler\" \/>\n<meta property=\"article:publisher\" content=\"https:\/\/www.facebook.com\/ticaretedutr\" \/>\n<meta property=\"article:modified_time\" content=\"2026-03-24T07:03:46+00:00\" \/>\n<meta name=\"twitter:card\" content=\"summary_large_image\" \/>\n<meta name=\"twitter:site\" content=\"@ticaretedutr\" \/>\n<meta name=\"twitter:label1\" content=\"Tahmini okuma s\u00fcresi\" \/>\n\t<meta name=\"twitter:data1\" content=\"2 dakika\" \/>\n<script type=\"application\/ld+json\" class=\"yoast-schema-graph\">{\"@context\":\"https:\/\/schema.org\",\"@graph\":[{\"@type\":\"WebPage\",\"@id\":\"https:\/\/ticaret.edu.tr\/siyaset-bilimi-uluslararasi-iliskiler\/bolum-danisma-kurulu\/\",\"url\":\"https:\/\/ticaret.edu.tr\/siyaset-bilimi-uluslararasi-iliskiler\/bolum-danisma-kurulu\/\",\"name\":\"B\u00f6l\u00fcm Dan\u0131\u015fma Kurulu - Siyaset Bilimi ve Uluslararas\u0131 \u0130li\u015fkiler\",\"isPartOf\":{\"@id\":\"https:\/\/ticaret.edu.tr\/siyaset-bilimi-uluslararasi-iliskiler\/#website\"},\"datePublished\":\"2025-01-26T22:03:50+00:00\",\"dateModified\":\"2026-03-24T07:03:46+00:00\",\"breadcrumb\":{\"@id\":\"https:\/\/ticaret.edu.tr\/siyaset-bilimi-uluslararasi-iliskiler\/bolum-danisma-kurulu\/#breadcrumb\"},\"inLanguage\":\"tr\",\"potentialAction\":[{\"@type\":\"ReadAction\",\"target\":[\"https:\/\/ticaret.edu.tr\/siyaset-bilimi-uluslararasi-iliskiler\/bolum-danisma-kurulu\/\"]}]},{\"@type\":\"BreadcrumbList\",\"@id\":\"https:\/\/ticaret.edu.tr\/siyaset-bilimi-uluslararasi-iliskiler\/bolum-danisma-kurulu\/#breadcrumb\",\"itemListElement\":[{\"@type\":\"ListItem\",\"position\":1,\"name\":\"Ana sayfa\",\"item\":\"https:\/\/ticaret.edu.tr\/siyaset-bilimi-uluslararasi-iliskiler\/\"},{\"@type\":\"ListItem\",\"position\":2,\"name\":\"B\u00f6l\u00fcm Dan\u0131\u015fma Kurulu\"}]},{\"@type\":\"WebSite\",\"@id\":\"https:\/\/ticaret.edu.tr\/siyaset-bilimi-uluslararasi-iliskiler\/#website\",\"url\":\"https:\/\/ticaret.edu.tr\/siyaset-bilimi-uluslararasi-iliskiler\/\",\"name\":\"Siyaset Bilimi ve Uluslararas\u0131 \u0130li\u015fkiler\",\"description\":\"\",\"publisher\":{\"@id\":\"https:\/\/ticaret.edu.tr\/siyaset-bilimi-uluslararasi-iliskiler\/#organization\"},\"potentialAction\":[{\"@type\":\"SearchAction\",\"target\":{\"@type\":\"EntryPoint\",\"urlTemplate\":\"https:\/\/ticaret.edu.tr\/siyaset-bilimi-uluslararasi-iliskiler\/?s={search_term_string}\"},\"query-input\":\"required name=search_term_string\"}],\"inLanguage\":\"tr\"},{\"@type\":\"Organization\",\"@id\":\"https:\/\/ticaret.edu.tr\/siyaset-bilimi-uluslararasi-iliskiler\/#organization\",\"name\":\"\u0130stanbul Ticaret \u00dcniversitesi\",\"url\":\"https:\/\/ticaret.edu.tr\/siyaset-bilimi-uluslararasi-iliskiler\/\",\"logo\":{\"@type\":\"ImageObject\",\"inLanguage\":\"tr\",\"@id\":\"https:\/\/ticaret.edu.tr\/siyaset-bilimi-uluslararasi-iliskiler\/#\/schema\/logo\/image\/\",\"url\":\"https:\/\/ticaret.edu.tr\/wp-content\/uploads\/2021\/11\/logo22.png\",\"contentUrl\":\"https:\/\/ticaret.edu.tr\/wp-content\/uploads\/2021\/11\/logo22.png\",\"width\":172,\"height\":112,\"caption\":\"\u0130stanbul Ticaret \u00dcniversitesi\"},\"image\":{\"@id\":\"https:\/\/ticaret.edu.tr\/siyaset-bilimi-uluslararasi-iliskiler\/#\/schema\/logo\/image\/\"},\"sameAs\":[\"https:\/\/www.facebook.com\/ticaretedutr\",\"https:\/\/twitter.com\/ticaretedutr\"]}]}<\/script>\n<!-- \/ Yoast SEO Premium plugin. -->","yoast_head_json":{"title":"B\u00f6l\u00fcm Dan\u0131\u015fma Kurulu - Siyaset Bilimi ve Uluslararas\u0131 \u0130li\u015fkiler","robots":{"index":"index","follow":"follow","max-snippet":"max-snippet:-1","max-image-preview":"max-image-preview:large","max-video-preview":"max-video-preview:-1"},"canonical":"https:\/\/ticaret.edu.tr\/siyaset-bilimi-uluslararasi-iliskiler\/bolum-danisma-kurulu\/","og_locale":"tr_TR","og_type":"article","og_title":"B\u00f6l\u00fcm Dan\u0131\u015fma Kurulu","og_description":"S\u0130YASET B\u0130L\u0130M\u0130 VE ULUSLARARASI \u0130L\u0130\u015eK\u0130LER T\u00dcRK\u00c7E B\u00d6L\u00dcM\u00dc DANI\u015eMA KURULU \u00dcYELER\u0130 Do\u00e7. Dr. Ayfer Gen\u00e7 Y\u0131lmaz Siyaset Bilimi ve Uluslararas\u0131 \u0130li\u015fkiler T\u00fcrk\u00e7e B\u00f6l\u00fcm\u00fc B\u00f6l\u00fcm Ba\u015fkan\u0131 V. agenc@ticaret.edu.tr Prof. Dr. Mustafa Said Yaz\u0131c\u0131o\u011flu Siyaset Bilimi ve Uluslararas\u0131 \u0130li\u015fkiler T\u00fcrk\u00e7e B\u00f6l\u00fcm\u00fc Dekan\/B\u00f6l\u00fcm \u00d6\u011fretim \u00dcyesi msyazicioglu@ticaret.edu.tr Prof. Dr. Oya Da\u011flar Macar Siyaset Bilimi ve Uluslararas\u0131 \u0130li\u015fkiler T\u00fcrk\u00e7e B\u00f6l\u00fcm\u00fc B\u00f6l\u00fcm [&hellip;]","og_url":"https:\/\/ticaret.edu.tr\/siyaset-bilimi-uluslararasi-iliskiler\/bolum-danisma-kurulu\/","og_site_name":"Siyaset Bilimi ve Uluslararas\u0131 \u0130li\u015fkiler","article_publisher":"https:\/\/www.facebook.com\/ticaretedutr","article_modified_time":"2026-03-24T07:03:46+00:00","twitter_card":"summary_large_image","twitter_site":"@ticaretedutr","twitter_misc":{"Tahmini okuma s\u00fcresi":"2 dakika"},"schema":{"@context":"https:\/\/schema.org","@graph":[{"@type":"WebPage","@id":"https:\/\/ticaret.edu.tr\/siyaset-bilimi-uluslararasi-iliskiler\/bolum-danisma-kurulu\/","url":"https:\/\/ticaret.edu.tr\/siyaset-bilimi-uluslararasi-iliskiler\/bolum-danisma-kurulu\/","name":"B\u00f6l\u00fcm Dan\u0131\u015fma Kurulu - Siyaset Bilimi ve Uluslararas\u0131 \u0130li\u015fkiler","isPartOf":{"@id":"https:\/\/ticaret.edu.tr\/siyaset-bilimi-uluslararasi-iliskiler\/#website"},"datePublished":"2025-01-26T22:03:50+00:00","dateModified":"2026-03-24T07:03:46+00:00","breadcrumb":{"@id":"https:\/\/ticaret.edu.tr\/siyaset-bilimi-uluslararasi-iliskiler\/bolum-danisma-kurulu\/#breadcrumb"},"inLanguage":"tr","potentialAction":[{"@type":"ReadAction","target":["https:\/\/ticaret.edu.tr\/siyaset-bilimi-uluslararasi-iliskiler\/bolum-danisma-kurulu\/"]}]},{"@type":"BreadcrumbList","@id":"https:\/\/ticaret.edu.tr\/siyaset-bilimi-uluslararasi-iliskiler\/bolum-danisma-kurulu\/#breadcrumb","itemListElement":[{"@type":"ListItem","position":1,"name":"Ana sayfa","item":"https:\/\/ticaret.edu.tr\/siyaset-bilimi-uluslararasi-iliskiler\/"},{"@type":"ListItem","position":2,"name":"B\u00f6l\u00fcm Dan\u0131\u015fma Kurulu"}]},{"@type":"WebSite","@id":"https:\/\/ticaret.edu.tr\/siyaset-bilimi-uluslararasi-iliskiler\/#website","url":"https:\/\/ticaret.edu.tr\/siyaset-bilimi-uluslararasi-iliskiler\/","name":"Siyaset Bilimi ve Uluslararas\u0131 \u0130li\u015fkiler","description":"","publisher":{"@id":"https:\/\/ticaret.edu.tr\/siyaset-bilimi-uluslararasi-iliskiler\/#organization"},"potentialAction":[{"@type":"SearchAction","target":{"@type":"EntryPoint","urlTemplate":"https:\/\/ticaret.edu.tr\/siyaset-bilimi-uluslararasi-iliskiler\/?s={search_term_string}"},"query-input":"required name=search_term_string"}],"inLanguage":"tr"},{"@type":"Organization","@id":"https:\/\/ticaret.edu.tr\/siyaset-bilimi-uluslararasi-iliskiler\/#organization","name":"\u0130stanbul Ticaret \u00dcniversitesi","url":"https:\/\/ticaret.edu.tr\/siyaset-bilimi-uluslararasi-iliskiler\/","logo":{"@type":"ImageObject","inLanguage":"tr","@id":"https:\/\/ticaret.edu.tr\/siyaset-bilimi-uluslararasi-iliskiler\/#\/schema\/logo\/image\/","url":"https:\/\/ticaret.edu.tr\/wp-content\/uploads\/2021\/11\/logo22.png","contentUrl":"https:\/\/ticaret.edu.tr\/wp-content\/uploads\/2021\/11\/logo22.png","width":172,"height":112,"caption":"\u0130stanbul Ticaret \u00dcniversitesi"},"image":{"@id":"https:\/\/ticaret.edu.tr\/siyaset-bilimi-uluslararasi-iliskiler\/#\/schema\/logo\/image\/"},"sameAs":["https:\/\/www.facebook.com\/ticaretedutr","https:\/\/twitter.com\/ticaretedutr"]}]}},"lang":"tr","translations":{"tr":368},"pll_sync_post":[],"_links":{"self":[{"href":"http:\/\/ticaret.edu.tr\/siyaset-bilimi-uluslararasi-iliskiler\/wp-json\/wp\/v2\/pages\/368"}],"collection":[{"href":"http:\/\/ticaret.edu.tr\/siyaset-bilimi-uluslararasi-iliskiler\/wp-json\/wp\/v2\/pages"}],"about":[{"href":"http:\/\/ticaret.edu.tr\/siyaset-bilimi-uluslararasi-iliskiler\/wp-json\/wp\/v2\/types\/page"}],"author":[{"embeddable":true,"href":"http:\/\/ticaret.edu.tr\/siyaset-bilimi-uluslararasi-iliskiler\/wp-json\/wp\/v2\/users\/181"}],"replies":[{"embeddable":true,"href":"http:\/\/ticaret.edu.tr\/siyaset-bilimi-uluslararasi-iliskiler\/wp-json\/wp\/v2\/comments?post=368"}],"version-history":[{"count":12,"href":"http:\/\/ticaret.edu.tr\/siyaset-bilimi-uluslararasi-iliskiler\/wp-json\/wp\/v2\/pages\/368\/revisions"}],"predecessor-version":[{"id":677,"href":"http:\/\/ticaret.edu.tr\/siyaset-bilimi-uluslararasi-iliskiler\/wp-json\/wp\/v2\/pages\/368\/revisions\/677"}],"wp:attachment":[{"href":"http:\/\/ticaret.edu.tr\/siyaset-bilimi-uluslararasi-iliskiler\/wp-json\/wp\/v2\/media?parent=368"}],"curies":[{"name":"wp","href":"https:\/\/api.w.org\/{rel}","templated":true}]}}