{"id":14,"date":"2020-05-03T21:50:25","date_gmt":"2020-05-03T18:50:25","guid":{"rendered":"http:\/\/ticaret.edu.tr\/sbui\/?page_id=14"},"modified":"2025-02-10T14:54:49","modified_gmt":"2025-02-10T11:54:49","slug":"ana-sayfa","status":"publish","type":"page","link":"http:\/\/ticaret.edu.tr\/siyaset-bilimi-ve-uluslararasi-iliskiler\/","title":{"rendered":"Ana Sayfa"},"content":{"rendered":"<p><strong><span lang=\"TR\">Siyaset Bilimi ve Uluslararas\u0131 \u0130li\u015fkiler (\u0130ngilizce) Lisans Program\u0131<\/span><\/strong><\/p>\n<div>\n<p><span lang=\"TR\">Siyaset Bilimi ve Uluslararas\u0131 \u0130li\u015fkiler (\u0130ngilizce) b\u00f6l\u00fcm\u00fc k\u00fcresel bak\u0131\u015f a\u00e7\u0131s\u0131na sahip, disiplinler aras\u0131 ve analitik d\u00fc\u015f\u00fcnebilen, kaliteli farkl\u0131l\u0131kta mezunlar yeti\u015ftirmeyi ama\u00e7lamaktad\u0131r. Bu ama\u00e7 do\u011frultusunda b\u00f6l\u00fcm\u00fcm\u00fcz \u00f6\u011frencilerine y\u00f6nelik, ekonomi, siyaset, uluslararas\u0131 ili\u015fkiler, hukuk, evrensel k\u00fclt\u00fcr ve yabanc\u0131 dil bilgisiyle donat\u0131lm\u0131\u015f bir e\u011fitim ger\u00e7ekle\u015ftirilmektedir.<\/span><\/p>\n<\/div>\n<div>\n<p><span lang=\"TR\">Siyaset Bilimi ve Uluslararas\u0131 \u0130li\u015fkiler (\u0130ngilizce) B\u00f6l\u00fcm\u00fcm\u00fcz\u00fcn akademik ve idari s\u00fcre\u00e7lerinin kalitesi Sosyal, Be\u015feri ve Temel Bilimler Akreditasyon ve Rating Derne\u011fi \u2013 STAR Akreditasyon taraf\u0131ndan yap\u0131lan de\u011ferlendirme sonucu 2024-2028 y\u0131llar\u0131 aras\u0131nda 4 y\u0131l s\u00fcreyle Akredite edilmi\u015ftir. B\u00f6l\u00fcm\u00fcm\u00fcz, T\u00fcrkiye\u2019de bu alanda ilkler aras\u0131nda yer almaktad\u0131r. <\/span><\/p>\n<\/div>\n<div>\n<p><span lang=\"TR\">B\u00f6l\u00fcm\u00fcm\u00fcz b\u00fcnyesinde yer alan \u00f6\u011fretim \u00fcyeleri disiplinler aras\u0131 \u00e7al\u0131\u015fmalara h\u00e2kim, g\u00fcncel ekonomik ve siyasal geli\u015fmeleri yak\u0131ndan takip eden, alanlar\u0131nda \u00f6nemli akademik tecr\u00fcbe ve yetkinli\u011fe sahip isimlerden olu\u015fmaktad\u0131r.<\/span><\/p>\n<\/div>\n<div>\n<p><span lang=\"TR\">\u00d6\u011frencilerimiz, ilk iki y\u0131l a\u011f\u0131rl\u0131kl\u0131 olarak siyaset bilimi, uluslararas\u0131 ili\u015fkiler, hukuk, bilim felsefesi ve ekonominin temel olgu ve kavramlar\u0131n\u0131, \u0130ngilizce derslerle i\u00e7selle\u015ftirmekte, \u00fc\u00e7\u00fcnc\u00fc y\u0131ldan itibaren uzmanla\u015fmak istedikleri alt disiplinlere y\u00f6nelik olduk\u00e7a geni\u015f bir se\u00e7meli ders havuzundan faydalanabilmektedir.<\/span><\/p>\n<\/div>\n<div>\n<p><span lang=\"TR\">S\u00f6z konusu se\u00e7meli derslere ek olarak \u00f6\u011frencilerimiz, d\u00f6rd\u00fcnc\u00fc y\u0131l ger\u00e7ekle\u015fen mesleki seminer ve bitirme projesi \u00e7al\u0131\u015fmalar\u0131 ile mezuniyet \u00f6ncesi uygulama alanlar\u0131na ili\u015fkin tecr\u00fcbe edinebilmektedir. \u00d6\u011frencilerimizin sosyal ve entelekt\u00fcel geli\u015fimine y\u00f6nelik b\u00f6l\u00fcm seminerleri, \u00e7al\u0131\u015fma toplant\u0131lar\u0131 ve \u00f6\u011frenci toplulu\u011fu faaliyetleri akademik y\u0131l i\u00e7erisinde yo\u011fun bir \u015fekilde ger\u00e7ekle\u015ftirilmektedir.<\/span><\/p>\n<\/div>\n<div>\n<p><span lang=\"TR\">Mezunlar\u0131m\u0131z ba\u015fta D\u0131\u015fi\u015fleri Bakanl\u0131\u011f\u0131 olmak \u00fczere \u00e7e\u015fitli Bakanl\u0131klarda, kamu ve \u00f6zel sekt\u00f6r kurulu\u015flar\u0131nda, medya kurulu\u015flar\u0131nda, sivil toplum kurulu\u015flar\u0131nda, bankac\u0131l\u0131k ve uluslararas\u0131 finans sekt\u00f6r\u00fcnde, Birle\u015fmi\u015f Milletler ba\u015fta olmak \u00fczere \u00e7e\u015fitli uluslararas\u0131 kurulu\u015flarda T\u00fcrkiye\u2019yi temsilen g\u00f6rev alabilmekte; akademik kariyerine devam etmek isteyen \u00f6\u011frencilerimiz gerek \u00fcniversitemizde ve T\u00fcrkiye\u2019nin \u00e7e\u015fitli \u00fcniversitelerinde gerekse yurtd\u0131\u015f\u0131ndaki \u00fcniversitelerde y\u00fcksek lisans ve doktora e\u011fitimlerine devam ederek akademisyen olabilmektedir.<\/span><\/p>\n<\/div>\n<div>\n<p><span lang=\"TR\">Siyaset Bilimi ve Uluslararas\u0131 \u0130li\u015fkiler (\u0130ngilizce) B\u00f6l\u00fcm\u00fcm\u00fcz, d\u00fcnyan\u0131n en g\u00fc\u00e7l\u00fc ticaret odalar\u0131ndan birisi olan \u0130stanbul Ticaret Odas\u0131\u2019n\u0131n bilgi birikimi ve tecr\u00fcbesinden yararlanmak suretiyle, Lisans, Y\u00fcksek Lisans ve Doktora d\u00fczeyinde alan\u0131nda iddial\u0131 bir b\u00f6l\u00fcm olarak yoluna devam etmektedir.<\/span><\/p>\n<p><img loading=\"lazy\" decoding=\"async\" class=\"alignnone wp-image-1311 size-full\" src=\"http:\/\/ticaret.edu.tr\/siyaset-bilimi-ve-uluslararasi-iliskiler\/wp-content\/uploads\/sites\/27\/2024\/05\/Istanbul-Ticaret-Universitesi-ITBF-Siyaset-Bilimi-ve-Uluslararasi-Iliskiler-Ingilizce_page-0001.jpg\" alt=\"\" width=\"1241\" height=\"1755\" srcset=\"http:\/\/ticaret.edu.tr\/siyaset-bilimi-ve-uluslararasi-iliskiler\/wp-content\/uploads\/sites\/27\/2024\/05\/Istanbul-Ticaret-Universitesi-ITBF-Siyaset-Bilimi-ve-Uluslararasi-Iliskiler-Ingilizce_page-0001.jpg 1241w, http:\/\/ticaret.edu.tr\/siyaset-bilimi-ve-uluslararasi-iliskiler\/wp-content\/uploads\/sites\/27\/2024\/05\/Istanbul-Ticaret-Universitesi-ITBF-Siyaset-Bilimi-ve-Uluslararasi-Iliskiler-Ingilizce_page-0001-212x300.jpg 212w, http:\/\/ticaret.edu.tr\/siyaset-bilimi-ve-uluslararasi-iliskiler\/wp-content\/uploads\/sites\/27\/2024\/05\/Istanbul-Ticaret-Universitesi-ITBF-Siyaset-Bilimi-ve-Uluslararasi-Iliskiler-Ingilizce_page-0001-724x1024.jpg 724w, http:\/\/ticaret.edu.tr\/siyaset-bilimi-ve-uluslararasi-iliskiler\/wp-content\/uploads\/sites\/27\/2024\/05\/Istanbul-Ticaret-Universitesi-ITBF-Siyaset-Bilimi-ve-Uluslararasi-Iliskiler-Ingilizce_page-0001-768x1086.jpg 768w, http:\/\/ticaret.edu.tr\/siyaset-bilimi-ve-uluslararasi-iliskiler\/wp-content\/uploads\/sites\/27\/2024\/05\/Istanbul-Ticaret-Universitesi-ITBF-Siyaset-Bilimi-ve-Uluslararasi-Iliskiler-Ingilizce_page-0001-1086x1536.jpg 1086w\" sizes=\"(max-width: 1241px) 100vw, 1241px\" \/><\/p>\n<\/div>\n<p>&nbsp;<\/p>\n<p>1 Dakikada Siyaset Bilimi ve Uluslararas\u0131 \u0130li\u015fkiler B\u00f6l\u00fcm\u00fc Etkinlikleri<\/p>\n<p><iframe loading=\"lazy\" title=\"1 Dakikada Siyaset Bilimi ve Uluslararas\u0131 \u0130li\u015fkiler B\u00f6l\u00fcm Etkinlikleri\" width=\"500\" height=\"281\" src=\"https:\/\/www.youtube.com\/embed\/SdNb2SUfAhM?feature=oembed\" frameborder=\"0\" allow=\"accelerometer; autoplay; clipboard-write; encrypted-media; gyroscope; picture-in-picture; web-share\" referrerpolicy=\"strict-origin-when-cross-origin\" allowfullscreen><\/iframe><\/p>\n<p>Siyaset Bilimi ve Uluslararas\u0131 \u0130li\u015fkiler B\u00f6l\u00fcm\u00fc Tan\u0131t\u0131m Program\u0131<\/p>\n<p><iframe loading=\"lazy\" title=\"Siyaset Bilimi ve Uluslararas\u0131 \u0130li\u015fkiler B\u00f6l\u00fcm Tan\u0131t\u0131m Program\u0131\" width=\"500\" height=\"281\" src=\"https:\/\/www.youtube.com\/embed\/9bf6UeKS8RA?feature=oembed\" frameborder=\"0\" allow=\"accelerometer; autoplay; clipboard-write; encrypted-media; gyroscope; picture-in-picture; web-share\" referrerpolicy=\"strict-origin-when-cross-origin\" allowfullscreen><\/iframe><\/p>\n","protected":false},"excerpt":{"rendered":"<p>Siyaset Bilimi ve Uluslararas\u0131 \u0130li\u015fkiler (\u0130ngilizce) Lisans Program\u0131 Siyaset Bilimi ve Uluslararas\u0131 \u0130li\u015fkiler (\u0130ngilizce) b\u00f6l\u00fcm\u00fc k\u00fcresel bak\u0131\u015f a\u00e7\u0131s\u0131na sahip, disiplinler aras\u0131 ve analitik d\u00fc\u015f\u00fcnebilen, kaliteli farkl\u0131l\u0131kta mezunlar yeti\u015ftirmeyi ama\u00e7lamaktad\u0131r. Bu ama\u00e7 do\u011frultusunda b\u00f6l\u00fcm\u00fcm\u00fcz \u00f6\u011frencilerine y\u00f6nelik, ekonomi, siyaset, uluslararas\u0131 ili\u015fkiler, hukuk, evrensel k\u00fclt\u00fcr ve yabanc\u0131 dil bilgisiyle donat\u0131lm\u0131\u015f bir e\u011fitim ger\u00e7ekle\u015ftirilmektedir. Siyaset Bilimi ve Uluslararas\u0131 \u0130li\u015fkiler [&hellip;]<\/p>\n","protected":false},"author":1,"featured_media":0,"parent":0,"menu_order":0,"comment_status":"closed","ping_status":"closed","template":"pages\/homepage.php","meta":{"footnotes":""},"yoast_head":"<!-- This site is optimized with the Yoast SEO Premium plugin v22.1 (Yoast SEO v22.1) - https:\/\/yoast.com\/wordpress\/plugins\/seo\/ -->\n<title>Ana Sayfa - Siyaset Bilimi ve Uluslararas\u0131 \u0130li\u015fkiler<\/title>\n<meta name=\"description\" content=\"\u0130stanbul Ticaret \u00dcniversitesi, Siyaset Bilimi ve Uluslararas\u0131 \u0130li\u015fkiler b\u00f6l\u00fcm\u00fc zengin ve geni\u015f bir akademik kadroya sahiptir.\" \/>\n<meta name=\"robots\" content=\"index, follow, max-snippet:-1, max-image-preview:large, max-video-preview:-1\" \/>\n<link rel=\"canonical\" href=\"https:\/\/ticaret.edu.tr\/siyaset-bilimi-ve-uluslararasi-iliskiler\/\" \/>\n<meta property=\"og:locale\" content=\"tr_TR\" \/>\n<meta property=\"og:type\" content=\"article\" \/>\n<meta property=\"og:title\" content=\"Ana Sayfa\" \/>\n<meta property=\"og:description\" content=\"\u0130stanbul Ticaret \u00dcniversitesi, Siyaset Bilimi ve Uluslararas\u0131 \u0130li\u015fkiler b\u00f6l\u00fcm\u00fc zengin ve geni\u015f bir akademik kadroya sahiptir.\" \/>\n<meta property=\"og:url\" content=\"https:\/\/ticaret.edu.tr\/siyaset-bilimi-ve-uluslararasi-iliskiler\/\" \/>\n<meta property=\"og:site_name\" content=\"Siyaset Bilimi ve Uluslararas\u0131 \u0130li\u015fkiler\" \/>\n<meta property=\"article:publisher\" content=\"https:\/\/www.facebook.com\/ticaretedutr\" \/>\n<meta property=\"article:modified_time\" content=\"2025-02-10T11:54:49+00:00\" \/>\n<meta property=\"og:image\" content=\"http:\/\/ticaret.edu.tr\/siyaset-bilimi-ve-uluslararasi-iliskiler\/wp-content\/uploads\/sites\/27\/2024\/05\/Istanbul-Ticaret-Universitesi-ITBF-Siyaset-Bilimi-ve-Uluslararasi-Iliskiler-Ingilizce_page-0001.jpg\" \/>\n<meta name=\"twitter:card\" content=\"summary_large_image\" \/>\n<meta name=\"twitter:site\" content=\"@ticaretedutr\" \/>\n<meta name=\"twitter:label1\" content=\"Tahmini okuma s\u00fcresi\" \/>\n\t<meta name=\"twitter:data1\" content=\"3 dakika\" \/>\n<script type=\"application\/ld+json\" class=\"yoast-schema-graph\">{\"@context\":\"https:\/\/schema.org\",\"@graph\":[{\"@type\":\"WebPage\",\"@id\":\"https:\/\/ticaret.edu.tr\/siyaset-bilimi-ve-uluslararasi-iliskiler\/\",\"url\":\"https:\/\/ticaret.edu.tr\/siyaset-bilimi-ve-uluslararasi-iliskiler\/\",\"name\":\"Ana Sayfa - Siyaset Bilimi ve Uluslararas\u0131 \u0130li\u015fkiler\",\"isPartOf\":{\"@id\":\"https:\/\/ticaret.edu.tr\/siyaset-bilimi-ve-uluslararasi-iliskiler\/#website\"},\"datePublished\":\"2020-05-03T18:50:25+00:00\",\"dateModified\":\"2025-02-10T11:54:49+00:00\",\"description\":\"\u0130stanbul Ticaret \u00dcniversitesi, Siyaset Bilimi ve Uluslararas\u0131 \u0130li\u015fkiler b\u00f6l\u00fcm\u00fc zengin ve geni\u015f bir akademik kadroya sahiptir.\",\"breadcrumb\":{\"@id\":\"https:\/\/ticaret.edu.tr\/siyaset-bilimi-ve-uluslararasi-iliskiler\/#breadcrumb\"},\"inLanguage\":\"tr\",\"potentialAction\":[{\"@type\":\"ReadAction\",\"target\":[\"https:\/\/ticaret.edu.tr\/siyaset-bilimi-ve-uluslararasi-iliskiler\/\"]}]},{\"@type\":\"BreadcrumbList\",\"@id\":\"https:\/\/ticaret.edu.tr\/siyaset-bilimi-ve-uluslararasi-iliskiler\/#breadcrumb\",\"itemListElement\":[{\"@type\":\"ListItem\",\"position\":1,\"name\":\"Ana sayfa\",\"item\":\"https:\/\/ticaret.edu.tr\/siyaset-bilimi-ve-uluslararasi-iliskiler\/\"},{\"@type\":\"ListItem\",\"position\":2,\"name\":\"Ana Sayfa\"}]},{\"@type\":\"WebSite\",\"@id\":\"https:\/\/ticaret.edu.tr\/siyaset-bilimi-ve-uluslararasi-iliskiler\/#website\",\"url\":\"https:\/\/ticaret.edu.tr\/siyaset-bilimi-ve-uluslararasi-iliskiler\/\",\"name\":\"Siyaset Bilimi ve Uluslararas\u0131 \u0130li\u015fkiler\",\"description\":\"\",\"potentialAction\":[{\"@type\":\"SearchAction\",\"target\":{\"@type\":\"EntryPoint\",\"urlTemplate\":\"https:\/\/ticaret.edu.tr\/siyaset-bilimi-ve-uluslararasi-iliskiler\/?s={search_term_string}\"},\"query-input\":\"required name=search_term_string\"}],\"inLanguage\":\"tr\"}]}<\/script>\n<!-- \/ Yoast SEO Premium plugin. -->","yoast_head_json":{"title":"Ana Sayfa - Siyaset Bilimi ve Uluslararas\u0131 \u0130li\u015fkiler","description":"\u0130stanbul Ticaret \u00dcniversitesi, Siyaset Bilimi ve Uluslararas\u0131 \u0130li\u015fkiler b\u00f6l\u00fcm\u00fc zengin ve geni\u015f bir akademik kadroya sahiptir.","robots":{"index":"index","follow":"follow","max-snippet":"max-snippet:-1","max-image-preview":"max-image-preview:large","max-video-preview":"max-video-preview:-1"},"canonical":"https:\/\/ticaret.edu.tr\/siyaset-bilimi-ve-uluslararasi-iliskiler\/","og_locale":"tr_TR","og_type":"article","og_title":"Ana Sayfa","og_description":"\u0130stanbul Ticaret \u00dcniversitesi, Siyaset Bilimi ve Uluslararas\u0131 \u0130li\u015fkiler b\u00f6l\u00fcm\u00fc zengin ve geni\u015f bir akademik kadroya sahiptir.","og_url":"https:\/\/ticaret.edu.tr\/siyaset-bilimi-ve-uluslararasi-iliskiler\/","og_site_name":"Siyaset Bilimi ve Uluslararas\u0131 \u0130li\u015fkiler","article_publisher":"https:\/\/www.facebook.com\/ticaretedutr","article_modified_time":"2025-02-10T11:54:49+00:00","og_image":[{"url":"http:\/\/ticaret.edu.tr\/siyaset-bilimi-ve-uluslararasi-iliskiler\/wp-content\/uploads\/sites\/27\/2024\/05\/Istanbul-Ticaret-Universitesi-ITBF-Siyaset-Bilimi-ve-Uluslararasi-Iliskiler-Ingilizce_page-0001.jpg"}],"twitter_card":"summary_large_image","twitter_site":"@ticaretedutr","twitter_misc":{"Tahmini okuma s\u00fcresi":"3 dakika"},"schema":{"@context":"https:\/\/schema.org","@graph":[{"@type":"WebPage","@id":"https:\/\/ticaret.edu.tr\/siyaset-bilimi-ve-uluslararasi-iliskiler\/","url":"https:\/\/ticaret.edu.tr\/siyaset-bilimi-ve-uluslararasi-iliskiler\/","name":"Ana Sayfa - Siyaset Bilimi ve Uluslararas\u0131 \u0130li\u015fkiler","isPartOf":{"@id":"https:\/\/ticaret.edu.tr\/siyaset-bilimi-ve-uluslararasi-iliskiler\/#website"},"datePublished":"2020-05-03T18:50:25+00:00","dateModified":"2025-02-10T11:54:49+00:00","description":"\u0130stanbul Ticaret \u00dcniversitesi, Siyaset Bilimi ve Uluslararas\u0131 \u0130li\u015fkiler b\u00f6l\u00fcm\u00fc zengin ve geni\u015f bir akademik kadroya sahiptir.","breadcrumb":{"@id":"https:\/\/ticaret.edu.tr\/siyaset-bilimi-ve-uluslararasi-iliskiler\/#breadcrumb"},"inLanguage":"tr","potentialAction":[{"@type":"ReadAction","target":["https:\/\/ticaret.edu.tr\/siyaset-bilimi-ve-uluslararasi-iliskiler\/"]}]},{"@type":"BreadcrumbList","@id":"https:\/\/ticaret.edu.tr\/siyaset-bilimi-ve-uluslararasi-iliskiler\/#breadcrumb","itemListElement":[{"@type":"ListItem","position":1,"name":"Ana sayfa","item":"https:\/\/ticaret.edu.tr\/siyaset-bilimi-ve-uluslararasi-iliskiler\/"},{"@type":"ListItem","position":2,"name":"Ana Sayfa"}]},{"@type":"WebSite","@id":"https:\/\/ticaret.edu.tr\/siyaset-bilimi-ve-uluslararasi-iliskiler\/#website","url":"https:\/\/ticaret.edu.tr\/siyaset-bilimi-ve-uluslararasi-iliskiler\/","name":"Siyaset Bilimi ve Uluslararas\u0131 \u0130li\u015fkiler","description":"","potentialAction":[{"@type":"SearchAction","target":{"@type":"EntryPoint","urlTemplate":"https:\/\/ticaret.edu.tr\/siyaset-bilimi-ve-uluslararasi-iliskiler\/?s={search_term_string}"},"query-input":"required name=search_term_string"}],"inLanguage":"tr"}]}},"lang":"tr","translations":{"tr":14,"en":308},"pll_sync_post":[],"_links":{"self":[{"href":"http:\/\/ticaret.edu.tr\/siyaset-bilimi-ve-uluslararasi-iliskiler\/wp-json\/wp\/v2\/pages\/14"}],"collection":[{"href":"http:\/\/ticaret.edu.tr\/siyaset-bilimi-ve-uluslararasi-iliskiler\/wp-json\/wp\/v2\/pages"}],"about":[{"href":"http:\/\/ticaret.edu.tr\/siyaset-bilimi-ve-uluslararasi-iliskiler\/wp-json\/wp\/v2\/types\/page"}],"author":[{"embeddable":true,"href":"http:\/\/ticaret.edu.tr\/siyaset-bilimi-ve-uluslararasi-iliskiler\/wp-json\/wp\/v2\/users\/1"}],"replies":[{"embeddable":true,"href":"http:\/\/ticaret.edu.tr\/siyaset-bilimi-ve-uluslararasi-iliskiler\/wp-json\/wp\/v2\/comments?post=14"}],"version-history":[{"count":34,"href":"http:\/\/ticaret.edu.tr\/siyaset-bilimi-ve-uluslararasi-iliskiler\/wp-json\/wp\/v2\/pages\/14\/revisions"}],"predecessor-version":[{"id":1790,"href":"http:\/\/ticaret.edu.tr\/siyaset-bilimi-ve-uluslararasi-iliskiler\/wp-json\/wp\/v2\/pages\/14\/revisions\/1790"}],"wp:attachment":[{"href":"http:\/\/ticaret.edu.tr\/siyaset-bilimi-ve-uluslararasi-iliskiler\/wp-json\/wp\/v2\/media?parent=14"}],"curies":[{"name":"wp","href":"https:\/\/api.w.org\/{rel}","templated":true}]}}