{"id":1432,"date":"2025-01-26T19:25:06","date_gmt":"2025-01-26T16:25:06","guid":{"rendered":"https:\/\/ticaret.edu.tr\/siyaset-bilimi-ve-uluslararasi-iliskiler\/?page_id=1432"},"modified":"2025-02-11T17:01:47","modified_gmt":"2025-02-11T14:01:47","slug":"ogrenci-topluluklari","status":"publish","type":"page","link":"http:\/\/ticaret.edu.tr\/siyaset-bilimi-ve-uluslararasi-iliskiler\/ogrenci-topluluklari\/","title":{"rendered":"\u00d6\u011frenci Topluluklar\u0131"},"content":{"rendered":"<p><strong>Siyaset Bilimi ve Uluslararas\u0131 \u0130li\u015fkiler Toplulu\u011fu<\/strong>, 2007 y\u0131l\u0131ndan bu yana diplomasi alan\u0131ndaki g\u00fcncel geli\u015fmeleri yak\u0131ndan takip etmekte ve politikayla ilgilenen \u00f6\u011frencilerimizin bilgilerini ileri d\u00fczeye ta\u015f\u0131yabilmek ad\u0131na akademik alanda s\u00f6yle\u015fi, panel ve konferanslar organize etmektedir. Akademik etkinliklerin yan\u0131 s\u0131ra, toplulu\u011fumuz m\u00fcze gezileri ve kurum ziyaretleri gibi sosyal etkinlikler de d\u00fczenlemektedir. Siyaset Bilimi ve Uluslararas\u0131 \u0130li\u015fkiler Toplulu\u011fu, her b\u00f6l\u00fcmden siyaset bilimi ve uluslararas\u0131 diplomasiye ilgi duyan \u00f6\u011frencilerin kendilerine yeni kazan\u0131mlar katabilece\u011fi, aktif ve dinamik bir topluluktur. Toplulu\u011fumuz, gen\u00e7lerin siyasi alanda daha aktif rol almas\u0131na, toplumda \u00f6rnek bireyler olarak yeti\u015fmelerine, d\u00fcnya meselelerini bilin\u00e7li ve ele\u015ftirel d\u00fc\u015f\u00fcnce ile daha objektif yorumlamas\u0131na, sorumluluk al\u0131p \u00e7\u00f6z\u00fcmler \u00fcretebilmesine katk\u0131 sa\u011flamak vizyonuyla \u00e7al\u0131\u015fmalar\u0131n\u0131 aktif olarak s\u00fcrd\u00fcrmektedir.<br \/>\n<b>Instagram: iticuik<\/b><\/p>\n<p><a href=\"https:\/\/ticaret.edu.tr\/saglik-kultur-ve-spor-daire-baskanligi\/ogrenci-topluluklari\/\">\u00d6\u011frenci Topluluklar\u0131<\/a><\/p>\n","protected":false},"excerpt":{"rendered":"<p>Siyaset Bilimi ve Uluslararas\u0131 \u0130li\u015fkiler Toplulu\u011fu, 2007 y\u0131l\u0131ndan bu yana diplomasi alan\u0131ndaki g\u00fcncel geli\u015fmeleri yak\u0131ndan takip etmekte ve politikayla ilgilenen \u00f6\u011frencilerimizin bilgilerini ileri d\u00fczeye ta\u015f\u0131yabilmek ad\u0131na akademik alanda s\u00f6yle\u015fi, panel ve konferanslar organize etmektedir. Akademik etkinliklerin yan\u0131 s\u0131ra, toplulu\u011fumuz m\u00fcze gezileri ve kurum ziyaretleri gibi sosyal etkinlikler de d\u00fczenlemektedir. Siyaset Bilimi ve Uluslararas\u0131 \u0130li\u015fkiler Toplulu\u011fu, [&hellip;]<\/p>\n","protected":false},"author":181,"featured_media":0,"parent":0,"menu_order":0,"comment_status":"closed","ping_status":"closed","template":"genel_sayfa.php","meta":{"footnotes":""},"yoast_head":"<!-- This site is optimized with the Yoast SEO Premium plugin v22.1 (Yoast SEO v22.1) - https:\/\/yoast.com\/wordpress\/plugins\/seo\/ -->\n<title>\u00d6\u011frenci Topluluklar\u0131 - Siyaset Bilimi ve Uluslararas\u0131 \u0130li\u015fkiler<\/title>\n<meta name=\"robots\" content=\"index, follow, max-snippet:-1, max-image-preview:large, max-video-preview:-1\" \/>\n<link rel=\"canonical\" href=\"http:\/\/ticaret.edu.tr\/siyaset-bilimi-ve-uluslararasi-iliskiler\/ogrenci-topluluklari\/\" \/>\n<meta property=\"og:locale\" content=\"tr_TR\" \/>\n<meta property=\"og:type\" content=\"article\" \/>\n<meta property=\"og:title\" content=\"\u00d6\u011frenci Topluluklar\u0131\" \/>\n<meta property=\"og:description\" content=\"Siyaset Bilimi ve Uluslararas\u0131 \u0130li\u015fkiler Toplulu\u011fu, 2007 y\u0131l\u0131ndan bu yana diplomasi alan\u0131ndaki g\u00fcncel geli\u015fmeleri yak\u0131ndan takip etmekte ve politikayla ilgilenen \u00f6\u011frencilerimizin bilgilerini ileri d\u00fczeye ta\u015f\u0131yabilmek ad\u0131na akademik alanda s\u00f6yle\u015fi, panel ve konferanslar organize etmektedir. Akademik etkinliklerin yan\u0131 s\u0131ra, toplulu\u011fumuz m\u00fcze gezileri ve kurum ziyaretleri gibi sosyal etkinlikler de d\u00fczenlemektedir. Siyaset Bilimi ve Uluslararas\u0131 \u0130li\u015fkiler Toplulu\u011fu, [&hellip;]\" \/>\n<meta property=\"og:url\" content=\"http:\/\/ticaret.edu.tr\/siyaset-bilimi-ve-uluslararasi-iliskiler\/ogrenci-topluluklari\/\" \/>\n<meta property=\"og:site_name\" content=\"Siyaset Bilimi ve Uluslararas\u0131 \u0130li\u015fkiler\" \/>\n<meta property=\"article:publisher\" content=\"https:\/\/www.facebook.com\/ticaretedutr\" \/>\n<meta property=\"article:modified_time\" content=\"2025-02-11T14:01:47+00:00\" \/>\n<meta property=\"og:image\" content=\"http:\/\/ticaret.edu.tr\/siyaset-bilimi-ve-uluslararasi-iliskiler\/wp-content\/uploads\/sites\/27\/2021\/11\/web_logo-01.jpg\" \/>\n\t<meta property=\"og:image:width\" content=\"1250\" \/>\n\t<meta property=\"og:image:height\" content=\"833\" \/>\n\t<meta property=\"og:image:type\" content=\"image\/jpeg\" \/>\n<meta name=\"twitter:card\" content=\"summary_large_image\" \/>\n<meta name=\"twitter:site\" content=\"@ticaretedutr\" \/>\n<meta name=\"twitter:label1\" content=\"Tahmini okuma s\u00fcresi\" \/>\n\t<meta name=\"twitter:data1\" content=\"1 dakika\" \/>\n<script type=\"application\/ld+json\" class=\"yoast-schema-graph\">{\"@context\":\"https:\/\/schema.org\",\"@graph\":[{\"@type\":\"WebPage\",\"@id\":\"http:\/\/ticaret.edu.tr\/siyaset-bilimi-ve-uluslararasi-iliskiler\/ogrenci-topluluklari\/\",\"url\":\"http:\/\/ticaret.edu.tr\/siyaset-bilimi-ve-uluslararasi-iliskiler\/ogrenci-topluluklari\/\",\"name\":\"\u00d6\u011frenci Topluluklar\u0131 - Siyaset Bilimi ve Uluslararas\u0131 \u0130li\u015fkiler\",\"isPartOf\":{\"@id\":\"http:\/\/ticaret.edu.tr\/siyaset-bilimi-ve-uluslararasi-iliskiler\/en\/#website\"},\"datePublished\":\"2025-01-26T16:25:06+00:00\",\"dateModified\":\"2025-02-11T14:01:47+00:00\",\"breadcrumb\":{\"@id\":\"http:\/\/ticaret.edu.tr\/siyaset-bilimi-ve-uluslararasi-iliskiler\/ogrenci-topluluklari\/#breadcrumb\"},\"inLanguage\":\"tr\",\"potentialAction\":[{\"@type\":\"ReadAction\",\"target\":[\"http:\/\/ticaret.edu.tr\/siyaset-bilimi-ve-uluslararasi-iliskiler\/ogrenci-topluluklari\/\"]}]},{\"@type\":\"BreadcrumbList\",\"@id\":\"http:\/\/ticaret.edu.tr\/siyaset-bilimi-ve-uluslararasi-iliskiler\/ogrenci-topluluklari\/#breadcrumb\",\"itemListElement\":[{\"@type\":\"ListItem\",\"position\":1,\"name\":\"Ana sayfa\",\"item\":\"http:\/\/ticaret.edu.tr\/siyaset-bilimi-ve-uluslararasi-iliskiler\/\"},{\"@type\":\"ListItem\",\"position\":2,\"name\":\"\u00d6\u011frenci Topluluklar\u0131\"}]},{\"@type\":\"WebSite\",\"@id\":\"http:\/\/ticaret.edu.tr\/siyaset-bilimi-ve-uluslararasi-iliskiler\/en\/#website\",\"url\":\"http:\/\/ticaret.edu.tr\/siyaset-bilimi-ve-uluslararasi-iliskiler\/en\/\",\"name\":\"Siyaset Bilimi ve Uluslararas\u0131 \u0130li\u015fkiler\",\"description\":\"\",\"potentialAction\":[{\"@type\":\"SearchAction\",\"target\":{\"@type\":\"EntryPoint\",\"urlTemplate\":\"http:\/\/ticaret.edu.tr\/siyaset-bilimi-ve-uluslararasi-iliskiler\/en\/?s={search_term_string}\"},\"query-input\":\"required name=search_term_string\"}],\"inLanguage\":\"tr\"}]}<\/script>\n<!-- \/ Yoast SEO Premium plugin. -->","yoast_head_json":{"title":"\u00d6\u011frenci Topluluklar\u0131 - Siyaset Bilimi ve Uluslararas\u0131 \u0130li\u015fkiler","robots":{"index":"index","follow":"follow","max-snippet":"max-snippet:-1","max-image-preview":"max-image-preview:large","max-video-preview":"max-video-preview:-1"},"canonical":"http:\/\/ticaret.edu.tr\/siyaset-bilimi-ve-uluslararasi-iliskiler\/ogrenci-topluluklari\/","og_locale":"tr_TR","og_type":"article","og_title":"\u00d6\u011frenci Topluluklar\u0131","og_description":"Siyaset Bilimi ve Uluslararas\u0131 \u0130li\u015fkiler Toplulu\u011fu, 2007 y\u0131l\u0131ndan bu yana diplomasi alan\u0131ndaki g\u00fcncel geli\u015fmeleri yak\u0131ndan takip etmekte ve politikayla ilgilenen \u00f6\u011frencilerimizin bilgilerini ileri d\u00fczeye ta\u015f\u0131yabilmek ad\u0131na akademik alanda s\u00f6yle\u015fi, panel ve konferanslar organize etmektedir. Akademik etkinliklerin yan\u0131 s\u0131ra, toplulu\u011fumuz m\u00fcze gezileri ve kurum ziyaretleri gibi sosyal etkinlikler de d\u00fczenlemektedir. Siyaset Bilimi ve Uluslararas\u0131 \u0130li\u015fkiler Toplulu\u011fu, [&hellip;]","og_url":"http:\/\/ticaret.edu.tr\/siyaset-bilimi-ve-uluslararasi-iliskiler\/ogrenci-topluluklari\/","og_site_name":"Siyaset Bilimi ve Uluslararas\u0131 \u0130li\u015fkiler","article_publisher":"https:\/\/www.facebook.com\/ticaretedutr","article_modified_time":"2025-02-11T14:01:47+00:00","og_image":[{"width":1250,"height":833,"url":"http:\/\/ticaret.edu.tr\/siyaset-bilimi-ve-uluslararasi-iliskiler\/wp-content\/uploads\/sites\/27\/2021\/11\/web_logo-01.jpg","type":"image\/jpeg"}],"twitter_card":"summary_large_image","twitter_site":"@ticaretedutr","twitter_misc":{"Tahmini okuma s\u00fcresi":"1 dakika"},"schema":{"@context":"https:\/\/schema.org","@graph":[{"@type":"WebPage","@id":"http:\/\/ticaret.edu.tr\/siyaset-bilimi-ve-uluslararasi-iliskiler\/ogrenci-topluluklari\/","url":"http:\/\/ticaret.edu.tr\/siyaset-bilimi-ve-uluslararasi-iliskiler\/ogrenci-topluluklari\/","name":"\u00d6\u011frenci Topluluklar\u0131 - Siyaset Bilimi ve Uluslararas\u0131 \u0130li\u015fkiler","isPartOf":{"@id":"http:\/\/ticaret.edu.tr\/siyaset-bilimi-ve-uluslararasi-iliskiler\/en\/#website"},"datePublished":"2025-01-26T16:25:06+00:00","dateModified":"2025-02-11T14:01:47+00:00","breadcrumb":{"@id":"http:\/\/ticaret.edu.tr\/siyaset-bilimi-ve-uluslararasi-iliskiler\/ogrenci-topluluklari\/#breadcrumb"},"inLanguage":"tr","potentialAction":[{"@type":"ReadAction","target":["http:\/\/ticaret.edu.tr\/siyaset-bilimi-ve-uluslararasi-iliskiler\/ogrenci-topluluklari\/"]}]},{"@type":"BreadcrumbList","@id":"http:\/\/ticaret.edu.tr\/siyaset-bilimi-ve-uluslararasi-iliskiler\/ogrenci-topluluklari\/#breadcrumb","itemListElement":[{"@type":"ListItem","position":1,"name":"Ana sayfa","item":"http:\/\/ticaret.edu.tr\/siyaset-bilimi-ve-uluslararasi-iliskiler\/"},{"@type":"ListItem","position":2,"name":"\u00d6\u011frenci Topluluklar\u0131"}]},{"@type":"WebSite","@id":"http:\/\/ticaret.edu.tr\/siyaset-bilimi-ve-uluslararasi-iliskiler\/en\/#website","url":"http:\/\/ticaret.edu.tr\/siyaset-bilimi-ve-uluslararasi-iliskiler\/en\/","name":"Siyaset Bilimi ve Uluslararas\u0131 \u0130li\u015fkiler","description":"","potentialAction":[{"@type":"SearchAction","target":{"@type":"EntryPoint","urlTemplate":"http:\/\/ticaret.edu.tr\/siyaset-bilimi-ve-uluslararasi-iliskiler\/en\/?s={search_term_string}"},"query-input":"required name=search_term_string"}],"inLanguage":"tr"}]}},"lang":"tr","translations":{"en":1542,"tr":1432},"pll_sync_post":[],"_links":{"self":[{"href":"http:\/\/ticaret.edu.tr\/siyaset-bilimi-ve-uluslararasi-iliskiler\/wp-json\/wp\/v2\/pages\/1432"}],"collection":[{"href":"http:\/\/ticaret.edu.tr\/siyaset-bilimi-ve-uluslararasi-iliskiler\/wp-json\/wp\/v2\/pages"}],"about":[{"href":"http:\/\/ticaret.edu.tr\/siyaset-bilimi-ve-uluslararasi-iliskiler\/wp-json\/wp\/v2\/types\/page"}],"author":[{"embeddable":true,"href":"http:\/\/ticaret.edu.tr\/siyaset-bilimi-ve-uluslararasi-iliskiler\/wp-json\/wp\/v2\/users\/181"}],"replies":[{"embeddable":true,"href":"http:\/\/ticaret.edu.tr\/siyaset-bilimi-ve-uluslararasi-iliskiler\/wp-json\/wp\/v2\/comments?post=1432"}],"version-history":[{"count":1,"href":"http:\/\/ticaret.edu.tr\/siyaset-bilimi-ve-uluslararasi-iliskiler\/wp-json\/wp\/v2\/pages\/1432\/revisions"}],"predecessor-version":[{"id":1433,"href":"http:\/\/ticaret.edu.tr\/siyaset-bilimi-ve-uluslararasi-iliskiler\/wp-json\/wp\/v2\/pages\/1432\/revisions\/1433"}],"wp:attachment":[{"href":"http:\/\/ticaret.edu.tr\/siyaset-bilimi-ve-uluslararasi-iliskiler\/wp-json\/wp\/v2\/media?parent=1432"}],"curies":[{"name":"wp","href":"https:\/\/api.w.org\/{rel}","templated":true}]}}