{"id":1444,"date":"2025-01-23T14:29:03","date_gmt":"2025-01-23T11:29:03","guid":{"rendered":"https:\/\/ticaret.edu.tr\/siyaset-bilimi-ve-uluslararasi-iliskiler\/?page_id=1444"},"modified":"2025-02-11T17:01:50","modified_gmt":"2025-02-11T14:01:50","slug":"program-egitim-amaclari","status":"publish","type":"page","link":"http:\/\/ticaret.edu.tr\/siyaset-bilimi-ve-uluslararasi-iliskiler\/program-egitim-amaclari\/","title":{"rendered":"Program E\u011fitim Ama\u00e7lar\u0131"},"content":{"rendered":"<p style=\"font-weight: 400;\"><strong>Program \u00d6\u011fretim Ama\u00e7lar\u0131<\/strong><\/p>\n<ul style=\"font-weight: 400;\">\n<li>P\u00d6A1. Siyaset Bilimi ve Uluslararas\u0131 \u0130li\u015fkilerin temel kavramlar\u0131, kuramsal bak\u0131\u015f a\u00e7\u0131lar\u0131, tarih\u00e7esine h\u00e2kimdirler.<\/li>\n<li>P\u00d6A2. Siyaset Bilimi ve Uluslararas\u0131 \u0130li\u015fkilerin temel ara\u015ft\u0131rma y\u00f6ntemlerini uygulayabilir, ara\u015ft\u0131rma deseni yapabilir, veri toplayabilir, analiz edebilir ve yorumlayabilirler.<\/li>\n<li>P\u00d6A3. Ele\u015ftirel, analitik, sistematik d\u00fc\u015f\u00fcnme becerileri geli\u015ftirebilir ve \u00fcretken \u015fekilde kullanabilirler.<\/li>\n<li>P\u00d6A4. Ulusal ve Uluslararas\u0131 olgu ve olaylara disiplinler aras\u0131 bak\u0131\u015f a\u00e7\u0131s\u0131yla bak\u0131p, etik de\u011ferleri g\u00f6zeterek bireysel ve tak\u0131m \u00e7al\u0131\u015fmalar\u0131 yapabilirler.<\/li>\n<\/ul>\n<p>Program \u00d6\u011fretim Ama\u00e7lar\u0131, Program \u00d6\u011frenme \u00c7\u0131kt\u0131lar\u0131 ve TYY\u00c7 Sosyal ve Davran\u0131s\u0327 Bilimleri Temel Alan\u0131 Yeterlilikleri uyum tablosu i\u00e7in l\u00fctfen <a href=\"http:\/\/ticaret.edu.tr\/siyaset-bilimi-ve-uluslararasi-iliskiler\/wp-content\/uploads\/sites\/27\/2024\/06\/EK.-9.-POC-POA-TYYC-Sosyal-ve-Davranis-Bilimleri-Temel-Alani-Yeterlilikleri-Iliskilerindirme-Tablosu.pdf\">t\u0131klay\u0131n\u0131z<\/a>.<\/p>\n","protected":false},"excerpt":{"rendered":"<p>Program \u00d6\u011fretim Ama\u00e7lar\u0131 P\u00d6A1. Siyaset Bilimi ve Uluslararas\u0131 \u0130li\u015fkilerin temel kavramlar\u0131, kuramsal bak\u0131\u015f a\u00e7\u0131lar\u0131, tarih\u00e7esine h\u00e2kimdirler. P\u00d6A2. Siyaset Bilimi ve Uluslararas\u0131 \u0130li\u015fkilerin temel ara\u015ft\u0131rma y\u00f6ntemlerini uygulayabilir, ara\u015ft\u0131rma deseni yapabilir, veri toplayabilir, analiz edebilir ve yorumlayabilirler. P\u00d6A3. Ele\u015ftirel, analitik, sistematik d\u00fc\u015f\u00fcnme becerileri geli\u015ftirebilir ve \u00fcretken \u015fekilde kullanabilirler. P\u00d6A4. Ulusal ve Uluslararas\u0131 olgu ve olaylara disiplinler aras\u0131 [&hellip;]<\/p>\n","protected":false},"author":181,"featured_media":0,"parent":0,"menu_order":0,"comment_status":"closed","ping_status":"closed","template":"genel_sayfa.php","meta":{"footnotes":""},"yoast_head":"<!-- This site is optimized with the Yoast SEO Premium plugin v22.1 (Yoast SEO v22.1) - https:\/\/yoast.com\/wordpress\/plugins\/seo\/ -->\n<title>Program E\u011fitim Ama\u00e7lar\u0131 - Siyaset Bilimi ve Uluslararas\u0131 \u0130li\u015fkiler<\/title>\n<meta name=\"robots\" content=\"index, follow, max-snippet:-1, max-image-preview:large, max-video-preview:-1\" \/>\n<link rel=\"canonical\" href=\"http:\/\/ticaret.edu.tr\/siyaset-bilimi-ve-uluslararasi-iliskiler\/program-egitim-amaclari\/\" \/>\n<meta property=\"og:locale\" content=\"tr_TR\" \/>\n<meta property=\"og:type\" content=\"article\" \/>\n<meta property=\"og:title\" content=\"Program E\u011fitim Ama\u00e7lar\u0131\" \/>\n<meta property=\"og:description\" content=\"Program \u00d6\u011fretim Ama\u00e7lar\u0131 P\u00d6A1. Siyaset Bilimi ve Uluslararas\u0131 \u0130li\u015fkilerin temel kavramlar\u0131, kuramsal bak\u0131\u015f a\u00e7\u0131lar\u0131, tarih\u00e7esine h\u00e2kimdirler. P\u00d6A2. Siyaset Bilimi ve Uluslararas\u0131 \u0130li\u015fkilerin temel ara\u015ft\u0131rma y\u00f6ntemlerini uygulayabilir, ara\u015ft\u0131rma deseni yapabilir, veri toplayabilir, analiz edebilir ve yorumlayabilirler. P\u00d6A3. Ele\u015ftirel, analitik, sistematik d\u00fc\u015f\u00fcnme becerileri geli\u015ftirebilir ve \u00fcretken \u015fekilde kullanabilirler. P\u00d6A4. Ulusal ve Uluslararas\u0131 olgu ve olaylara disiplinler aras\u0131 [&hellip;]\" \/>\n<meta property=\"og:url\" content=\"http:\/\/ticaret.edu.tr\/siyaset-bilimi-ve-uluslararasi-iliskiler\/program-egitim-amaclari\/\" \/>\n<meta property=\"og:site_name\" content=\"Siyaset Bilimi ve Uluslararas\u0131 \u0130li\u015fkiler\" \/>\n<meta property=\"article:publisher\" content=\"https:\/\/www.facebook.com\/ticaretedutr\" \/>\n<meta property=\"article:modified_time\" content=\"2025-02-11T14:01:50+00:00\" \/>\n<meta property=\"og:image\" content=\"http:\/\/ticaret.edu.tr\/siyaset-bilimi-ve-uluslararasi-iliskiler\/wp-content\/uploads\/sites\/27\/2021\/11\/web_logo-01.jpg\" \/>\n\t<meta property=\"og:image:width\" content=\"1250\" \/>\n\t<meta property=\"og:image:height\" content=\"833\" \/>\n\t<meta property=\"og:image:type\" content=\"image\/jpeg\" \/>\n<meta name=\"twitter:card\" content=\"summary_large_image\" \/>\n<meta name=\"twitter:site\" content=\"@ticaretedutr\" \/>\n<meta name=\"twitter:label1\" content=\"Tahmini okuma s\u00fcresi\" \/>\n\t<meta name=\"twitter:data1\" content=\"1 dakika\" \/>\n<script type=\"application\/ld+json\" class=\"yoast-schema-graph\">{\"@context\":\"https:\/\/schema.org\",\"@graph\":[{\"@type\":\"WebPage\",\"@id\":\"http:\/\/ticaret.edu.tr\/siyaset-bilimi-ve-uluslararasi-iliskiler\/program-egitim-amaclari\/\",\"url\":\"http:\/\/ticaret.edu.tr\/siyaset-bilimi-ve-uluslararasi-iliskiler\/program-egitim-amaclari\/\",\"name\":\"Program E\u011fitim Ama\u00e7lar\u0131 - Siyaset Bilimi ve Uluslararas\u0131 \u0130li\u015fkiler\",\"isPartOf\":{\"@id\":\"http:\/\/ticaret.edu.tr\/siyaset-bilimi-ve-uluslararasi-iliskiler\/en\/#website\"},\"datePublished\":\"2025-01-23T11:29:03+00:00\",\"dateModified\":\"2025-02-11T14:01:50+00:00\",\"breadcrumb\":{\"@id\":\"http:\/\/ticaret.edu.tr\/siyaset-bilimi-ve-uluslararasi-iliskiler\/program-egitim-amaclari\/#breadcrumb\"},\"inLanguage\":\"tr\",\"potentialAction\":[{\"@type\":\"ReadAction\",\"target\":[\"http:\/\/ticaret.edu.tr\/siyaset-bilimi-ve-uluslararasi-iliskiler\/program-egitim-amaclari\/\"]}]},{\"@type\":\"BreadcrumbList\",\"@id\":\"http:\/\/ticaret.edu.tr\/siyaset-bilimi-ve-uluslararasi-iliskiler\/program-egitim-amaclari\/#breadcrumb\",\"itemListElement\":[{\"@type\":\"ListItem\",\"position\":1,\"name\":\"Ana sayfa\",\"item\":\"http:\/\/ticaret.edu.tr\/siyaset-bilimi-ve-uluslararasi-iliskiler\/\"},{\"@type\":\"ListItem\",\"position\":2,\"name\":\"Program E\u011fitim Ama\u00e7lar\u0131\"}]},{\"@type\":\"WebSite\",\"@id\":\"http:\/\/ticaret.edu.tr\/siyaset-bilimi-ve-uluslararasi-iliskiler\/en\/#website\",\"url\":\"http:\/\/ticaret.edu.tr\/siyaset-bilimi-ve-uluslararasi-iliskiler\/en\/\",\"name\":\"Siyaset Bilimi ve Uluslararas\u0131 \u0130li\u015fkiler\",\"description\":\"\",\"potentialAction\":[{\"@type\":\"SearchAction\",\"target\":{\"@type\":\"EntryPoint\",\"urlTemplate\":\"http:\/\/ticaret.edu.tr\/siyaset-bilimi-ve-uluslararasi-iliskiler\/en\/?s={search_term_string}\"},\"query-input\":\"required name=search_term_string\"}],\"inLanguage\":\"tr\"}]}<\/script>\n<!-- \/ Yoast SEO Premium plugin. -->","yoast_head_json":{"title":"Program E\u011fitim Ama\u00e7lar\u0131 - Siyaset Bilimi ve Uluslararas\u0131 \u0130li\u015fkiler","robots":{"index":"index","follow":"follow","max-snippet":"max-snippet:-1","max-image-preview":"max-image-preview:large","max-video-preview":"max-video-preview:-1"},"canonical":"http:\/\/ticaret.edu.tr\/siyaset-bilimi-ve-uluslararasi-iliskiler\/program-egitim-amaclari\/","og_locale":"tr_TR","og_type":"article","og_title":"Program E\u011fitim Ama\u00e7lar\u0131","og_description":"Program \u00d6\u011fretim Ama\u00e7lar\u0131 P\u00d6A1. Siyaset Bilimi ve Uluslararas\u0131 \u0130li\u015fkilerin temel kavramlar\u0131, kuramsal bak\u0131\u015f a\u00e7\u0131lar\u0131, tarih\u00e7esine h\u00e2kimdirler. P\u00d6A2. Siyaset Bilimi ve Uluslararas\u0131 \u0130li\u015fkilerin temel ara\u015ft\u0131rma y\u00f6ntemlerini uygulayabilir, ara\u015ft\u0131rma deseni yapabilir, veri toplayabilir, analiz edebilir ve yorumlayabilirler. P\u00d6A3. Ele\u015ftirel, analitik, sistematik d\u00fc\u015f\u00fcnme becerileri geli\u015ftirebilir ve \u00fcretken \u015fekilde kullanabilirler. P\u00d6A4. Ulusal ve Uluslararas\u0131 olgu ve olaylara disiplinler aras\u0131 [&hellip;]","og_url":"http:\/\/ticaret.edu.tr\/siyaset-bilimi-ve-uluslararasi-iliskiler\/program-egitim-amaclari\/","og_site_name":"Siyaset Bilimi ve Uluslararas\u0131 \u0130li\u015fkiler","article_publisher":"https:\/\/www.facebook.com\/ticaretedutr","article_modified_time":"2025-02-11T14:01:50+00:00","og_image":[{"width":1250,"height":833,"url":"http:\/\/ticaret.edu.tr\/siyaset-bilimi-ve-uluslararasi-iliskiler\/wp-content\/uploads\/sites\/27\/2021\/11\/web_logo-01.jpg","type":"image\/jpeg"}],"twitter_card":"summary_large_image","twitter_site":"@ticaretedutr","twitter_misc":{"Tahmini okuma s\u00fcresi":"1 dakika"},"schema":{"@context":"https:\/\/schema.org","@graph":[{"@type":"WebPage","@id":"http:\/\/ticaret.edu.tr\/siyaset-bilimi-ve-uluslararasi-iliskiler\/program-egitim-amaclari\/","url":"http:\/\/ticaret.edu.tr\/siyaset-bilimi-ve-uluslararasi-iliskiler\/program-egitim-amaclari\/","name":"Program E\u011fitim Ama\u00e7lar\u0131 - Siyaset Bilimi ve Uluslararas\u0131 \u0130li\u015fkiler","isPartOf":{"@id":"http:\/\/ticaret.edu.tr\/siyaset-bilimi-ve-uluslararasi-iliskiler\/en\/#website"},"datePublished":"2025-01-23T11:29:03+00:00","dateModified":"2025-02-11T14:01:50+00:00","breadcrumb":{"@id":"http:\/\/ticaret.edu.tr\/siyaset-bilimi-ve-uluslararasi-iliskiler\/program-egitim-amaclari\/#breadcrumb"},"inLanguage":"tr","potentialAction":[{"@type":"ReadAction","target":["http:\/\/ticaret.edu.tr\/siyaset-bilimi-ve-uluslararasi-iliskiler\/program-egitim-amaclari\/"]}]},{"@type":"BreadcrumbList","@id":"http:\/\/ticaret.edu.tr\/siyaset-bilimi-ve-uluslararasi-iliskiler\/program-egitim-amaclari\/#breadcrumb","itemListElement":[{"@type":"ListItem","position":1,"name":"Ana sayfa","item":"http:\/\/ticaret.edu.tr\/siyaset-bilimi-ve-uluslararasi-iliskiler\/"},{"@type":"ListItem","position":2,"name":"Program E\u011fitim Ama\u00e7lar\u0131"}]},{"@type":"WebSite","@id":"http:\/\/ticaret.edu.tr\/siyaset-bilimi-ve-uluslararasi-iliskiler\/en\/#website","url":"http:\/\/ticaret.edu.tr\/siyaset-bilimi-ve-uluslararasi-iliskiler\/en\/","name":"Siyaset Bilimi ve Uluslararas\u0131 \u0130li\u015fkiler","description":"","potentialAction":[{"@type":"SearchAction","target":{"@type":"EntryPoint","urlTemplate":"http:\/\/ticaret.edu.tr\/siyaset-bilimi-ve-uluslararasi-iliskiler\/en\/?s={search_term_string}"},"query-input":"required name=search_term_string"}],"inLanguage":"tr"}]}},"lang":"tr","translations":{"en":1558,"tr":1444},"pll_sync_post":[],"_links":{"self":[{"href":"http:\/\/ticaret.edu.tr\/siyaset-bilimi-ve-uluslararasi-iliskiler\/wp-json\/wp\/v2\/pages\/1444"}],"collection":[{"href":"http:\/\/ticaret.edu.tr\/siyaset-bilimi-ve-uluslararasi-iliskiler\/wp-json\/wp\/v2\/pages"}],"about":[{"href":"http:\/\/ticaret.edu.tr\/siyaset-bilimi-ve-uluslararasi-iliskiler\/wp-json\/wp\/v2\/types\/page"}],"author":[{"embeddable":true,"href":"http:\/\/ticaret.edu.tr\/siyaset-bilimi-ve-uluslararasi-iliskiler\/wp-json\/wp\/v2\/users\/181"}],"replies":[{"embeddable":true,"href":"http:\/\/ticaret.edu.tr\/siyaset-bilimi-ve-uluslararasi-iliskiler\/wp-json\/wp\/v2\/comments?post=1444"}],"version-history":[{"count":3,"href":"http:\/\/ticaret.edu.tr\/siyaset-bilimi-ve-uluslararasi-iliskiler\/wp-json\/wp\/v2\/pages\/1444\/revisions"}],"predecessor-version":[{"id":1523,"href":"http:\/\/ticaret.edu.tr\/siyaset-bilimi-ve-uluslararasi-iliskiler\/wp-json\/wp\/v2\/pages\/1444\/revisions\/1523"}],"wp:attachment":[{"href":"http:\/\/ticaret.edu.tr\/siyaset-bilimi-ve-uluslararasi-iliskiler\/wp-json\/wp\/v2\/media?parent=1444"}],"curies":[{"name":"wp","href":"https:\/\/api.w.org\/{rel}","templated":true}]}}