{"id":1462,"date":"2025-01-26T19:30:25","date_gmt":"2025-01-26T16:30:25","guid":{"rendered":"https:\/\/ticaret.edu.tr\/siyaset-bilimi-ve-uluslararasi-iliskiler\/?page_id=1462"},"modified":"2025-02-11T17:01:49","modified_gmt":"2025-02-11T14:01:49","slug":"onceki-ogrenmenin-tanimlanmasi","status":"publish","type":"page","link":"http:\/\/ticaret.edu.tr\/siyaset-bilimi-ve-uluslararasi-iliskiler\/onceki-ogrenmenin-tanimlanmasi\/","title":{"rendered":"\u00d6nceki \u00d6\u011frenmenin Tan\u0131mlanmas\u0131"},"content":{"rendered":"<p>\u0130stanbul Ticaret \u00dcniversitesi Siyaset Bilimi ve Uluslararas\u0131 \u0130li\u015fkiler (\u0130ngilizce) b\u00f6l\u00fcm\u00fcnde \u00f6\u011frenim g\u00f6ren \u00f6\u011frenciler, baz\u0131 derslerden belirli y\u00f6netmelikler \u00e7er\u00e7evesinde muaf olabilirler. Ba\u015fka bir kurumda al\u0131nan dersin i\u00e7eri\u011finin, ilgili programda verilen dersin i\u00e7eri\u011fine uygun olmas\u0131 ve ilgili fak\u00fclte veya enstit\u00fc taraf\u0131ndan onaylanmas\u0131 durumunda, \u00f6\u011frenci bu dersten muaf tutulabilir.<\/p>\n","protected":false},"excerpt":{"rendered":"<p>\u0130stanbul Ticaret \u00dcniversitesi Siyaset Bilimi ve Uluslararas\u0131 \u0130li\u015fkiler (\u0130ngilizce) b\u00f6l\u00fcm\u00fcnde \u00f6\u011frenim g\u00f6ren \u00f6\u011frenciler, baz\u0131 derslerden belirli y\u00f6netmelikler \u00e7er\u00e7evesinde muaf olabilirler. Ba\u015fka bir kurumda al\u0131nan dersin i\u00e7eri\u011finin, ilgili programda verilen dersin i\u00e7eri\u011fine uygun olmas\u0131 ve ilgili fak\u00fclte veya enstit\u00fc taraf\u0131ndan onaylanmas\u0131 durumunda, \u00f6\u011frenci bu dersten muaf tutulabilir.<\/p>\n","protected":false},"author":181,"featured_media":0,"parent":0,"menu_order":0,"comment_status":"closed","ping_status":"closed","template":"genel_sayfa.php","meta":{"footnotes":""},"yoast_head":"<!-- This site is optimized with the Yoast SEO Premium plugin v22.1 (Yoast SEO v22.1) - https:\/\/yoast.com\/wordpress\/plugins\/seo\/ -->\n<title>\u00d6nceki \u00d6\u011frenmenin Tan\u0131mlanmas\u0131 - Siyaset Bilimi ve Uluslararas\u0131 \u0130li\u015fkiler<\/title>\n<meta name=\"robots\" content=\"index, follow, max-snippet:-1, max-image-preview:large, max-video-preview:-1\" \/>\n<link rel=\"canonical\" href=\"http:\/\/ticaret.edu.tr\/siyaset-bilimi-ve-uluslararasi-iliskiler\/onceki-ogrenmenin-tanimlanmasi\/\" \/>\n<meta property=\"og:locale\" content=\"tr_TR\" \/>\n<meta property=\"og:type\" content=\"article\" \/>\n<meta property=\"og:title\" content=\"\u00d6nceki \u00d6\u011frenmenin Tan\u0131mlanmas\u0131\" \/>\n<meta property=\"og:description\" content=\"\u0130stanbul Ticaret \u00dcniversitesi Siyaset Bilimi ve Uluslararas\u0131 \u0130li\u015fkiler (\u0130ngilizce) b\u00f6l\u00fcm\u00fcnde \u00f6\u011frenim g\u00f6ren \u00f6\u011frenciler, baz\u0131 derslerden belirli y\u00f6netmelikler \u00e7er\u00e7evesinde muaf olabilirler. Ba\u015fka bir kurumda al\u0131nan dersin i\u00e7eri\u011finin, ilgili programda verilen dersin i\u00e7eri\u011fine uygun olmas\u0131 ve ilgili fak\u00fclte veya enstit\u00fc taraf\u0131ndan onaylanmas\u0131 durumunda, \u00f6\u011frenci bu dersten muaf tutulabilir.\" \/>\n<meta property=\"og:url\" content=\"http:\/\/ticaret.edu.tr\/siyaset-bilimi-ve-uluslararasi-iliskiler\/onceki-ogrenmenin-tanimlanmasi\/\" \/>\n<meta property=\"og:site_name\" content=\"Siyaset Bilimi ve Uluslararas\u0131 \u0130li\u015fkiler\" \/>\n<meta property=\"article:publisher\" content=\"https:\/\/www.facebook.com\/ticaretedutr\" \/>\n<meta property=\"article:modified_time\" content=\"2025-02-11T14:01:49+00:00\" \/>\n<meta property=\"og:image\" content=\"http:\/\/ticaret.edu.tr\/siyaset-bilimi-ve-uluslararasi-iliskiler\/wp-content\/uploads\/sites\/27\/2021\/11\/web_logo-01.jpg\" \/>\n\t<meta property=\"og:image:width\" content=\"1250\" \/>\n\t<meta property=\"og:image:height\" content=\"833\" \/>\n\t<meta property=\"og:image:type\" content=\"image\/jpeg\" \/>\n<meta name=\"twitter:card\" content=\"summary_large_image\" \/>\n<meta name=\"twitter:site\" content=\"@ticaretedutr\" \/>\n<meta name=\"twitter:label1\" content=\"Tahmini okuma s\u00fcresi\" \/>\n\t<meta name=\"twitter:data1\" content=\"1 dakika\" \/>\n<script type=\"application\/ld+json\" class=\"yoast-schema-graph\">{\"@context\":\"https:\/\/schema.org\",\"@graph\":[{\"@type\":\"WebPage\",\"@id\":\"http:\/\/ticaret.edu.tr\/siyaset-bilimi-ve-uluslararasi-iliskiler\/onceki-ogrenmenin-tanimlanmasi\/\",\"url\":\"http:\/\/ticaret.edu.tr\/siyaset-bilimi-ve-uluslararasi-iliskiler\/onceki-ogrenmenin-tanimlanmasi\/\",\"name\":\"\u00d6nceki \u00d6\u011frenmenin Tan\u0131mlanmas\u0131 - Siyaset Bilimi ve Uluslararas\u0131 \u0130li\u015fkiler\",\"isPartOf\":{\"@id\":\"http:\/\/ticaret.edu.tr\/siyaset-bilimi-ve-uluslararasi-iliskiler\/en\/#website\"},\"datePublished\":\"2025-01-26T16:30:25+00:00\",\"dateModified\":\"2025-02-11T14:01:49+00:00\",\"breadcrumb\":{\"@id\":\"http:\/\/ticaret.edu.tr\/siyaset-bilimi-ve-uluslararasi-iliskiler\/onceki-ogrenmenin-tanimlanmasi\/#breadcrumb\"},\"inLanguage\":\"tr\",\"potentialAction\":[{\"@type\":\"ReadAction\",\"target\":[\"http:\/\/ticaret.edu.tr\/siyaset-bilimi-ve-uluslararasi-iliskiler\/onceki-ogrenmenin-tanimlanmasi\/\"]}]},{\"@type\":\"BreadcrumbList\",\"@id\":\"http:\/\/ticaret.edu.tr\/siyaset-bilimi-ve-uluslararasi-iliskiler\/onceki-ogrenmenin-tanimlanmasi\/#breadcrumb\",\"itemListElement\":[{\"@type\":\"ListItem\",\"position\":1,\"name\":\"Ana sayfa\",\"item\":\"http:\/\/ticaret.edu.tr\/siyaset-bilimi-ve-uluslararasi-iliskiler\/\"},{\"@type\":\"ListItem\",\"position\":2,\"name\":\"\u00d6nceki \u00d6\u011frenmenin Tan\u0131mlanmas\u0131\"}]},{\"@type\":\"WebSite\",\"@id\":\"http:\/\/ticaret.edu.tr\/siyaset-bilimi-ve-uluslararasi-iliskiler\/en\/#website\",\"url\":\"http:\/\/ticaret.edu.tr\/siyaset-bilimi-ve-uluslararasi-iliskiler\/en\/\",\"name\":\"Siyaset Bilimi ve Uluslararas\u0131 \u0130li\u015fkiler\",\"description\":\"\",\"potentialAction\":[{\"@type\":\"SearchAction\",\"target\":{\"@type\":\"EntryPoint\",\"urlTemplate\":\"http:\/\/ticaret.edu.tr\/siyaset-bilimi-ve-uluslararasi-iliskiler\/en\/?s={search_term_string}\"},\"query-input\":\"required name=search_term_string\"}],\"inLanguage\":\"tr\"}]}<\/script>\n<!-- \/ Yoast SEO Premium plugin. -->","yoast_head_json":{"title":"\u00d6nceki \u00d6\u011frenmenin Tan\u0131mlanmas\u0131 - Siyaset Bilimi ve Uluslararas\u0131 \u0130li\u015fkiler","robots":{"index":"index","follow":"follow","max-snippet":"max-snippet:-1","max-image-preview":"max-image-preview:large","max-video-preview":"max-video-preview:-1"},"canonical":"http:\/\/ticaret.edu.tr\/siyaset-bilimi-ve-uluslararasi-iliskiler\/onceki-ogrenmenin-tanimlanmasi\/","og_locale":"tr_TR","og_type":"article","og_title":"\u00d6nceki \u00d6\u011frenmenin Tan\u0131mlanmas\u0131","og_description":"\u0130stanbul Ticaret \u00dcniversitesi Siyaset Bilimi ve Uluslararas\u0131 \u0130li\u015fkiler (\u0130ngilizce) b\u00f6l\u00fcm\u00fcnde \u00f6\u011frenim g\u00f6ren \u00f6\u011frenciler, baz\u0131 derslerden belirli y\u00f6netmelikler \u00e7er\u00e7evesinde muaf olabilirler. Ba\u015fka bir kurumda al\u0131nan dersin i\u00e7eri\u011finin, ilgili programda verilen dersin i\u00e7eri\u011fine uygun olmas\u0131 ve ilgili fak\u00fclte veya enstit\u00fc taraf\u0131ndan onaylanmas\u0131 durumunda, \u00f6\u011frenci bu dersten muaf tutulabilir.","og_url":"http:\/\/ticaret.edu.tr\/siyaset-bilimi-ve-uluslararasi-iliskiler\/onceki-ogrenmenin-tanimlanmasi\/","og_site_name":"Siyaset Bilimi ve Uluslararas\u0131 \u0130li\u015fkiler","article_publisher":"https:\/\/www.facebook.com\/ticaretedutr","article_modified_time":"2025-02-11T14:01:49+00:00","og_image":[{"width":1250,"height":833,"url":"http:\/\/ticaret.edu.tr\/siyaset-bilimi-ve-uluslararasi-iliskiler\/wp-content\/uploads\/sites\/27\/2021\/11\/web_logo-01.jpg","type":"image\/jpeg"}],"twitter_card":"summary_large_image","twitter_site":"@ticaretedutr","twitter_misc":{"Tahmini okuma s\u00fcresi":"1 dakika"},"schema":{"@context":"https:\/\/schema.org","@graph":[{"@type":"WebPage","@id":"http:\/\/ticaret.edu.tr\/siyaset-bilimi-ve-uluslararasi-iliskiler\/onceki-ogrenmenin-tanimlanmasi\/","url":"http:\/\/ticaret.edu.tr\/siyaset-bilimi-ve-uluslararasi-iliskiler\/onceki-ogrenmenin-tanimlanmasi\/","name":"\u00d6nceki \u00d6\u011frenmenin Tan\u0131mlanmas\u0131 - Siyaset Bilimi ve Uluslararas\u0131 \u0130li\u015fkiler","isPartOf":{"@id":"http:\/\/ticaret.edu.tr\/siyaset-bilimi-ve-uluslararasi-iliskiler\/en\/#website"},"datePublished":"2025-01-26T16:30:25+00:00","dateModified":"2025-02-11T14:01:49+00:00","breadcrumb":{"@id":"http:\/\/ticaret.edu.tr\/siyaset-bilimi-ve-uluslararasi-iliskiler\/onceki-ogrenmenin-tanimlanmasi\/#breadcrumb"},"inLanguage":"tr","potentialAction":[{"@type":"ReadAction","target":["http:\/\/ticaret.edu.tr\/siyaset-bilimi-ve-uluslararasi-iliskiler\/onceki-ogrenmenin-tanimlanmasi\/"]}]},{"@type":"BreadcrumbList","@id":"http:\/\/ticaret.edu.tr\/siyaset-bilimi-ve-uluslararasi-iliskiler\/onceki-ogrenmenin-tanimlanmasi\/#breadcrumb","itemListElement":[{"@type":"ListItem","position":1,"name":"Ana sayfa","item":"http:\/\/ticaret.edu.tr\/siyaset-bilimi-ve-uluslararasi-iliskiler\/"},{"@type":"ListItem","position":2,"name":"\u00d6nceki \u00d6\u011frenmenin Tan\u0131mlanmas\u0131"}]},{"@type":"WebSite","@id":"http:\/\/ticaret.edu.tr\/siyaset-bilimi-ve-uluslararasi-iliskiler\/en\/#website","url":"http:\/\/ticaret.edu.tr\/siyaset-bilimi-ve-uluslararasi-iliskiler\/en\/","name":"Siyaset Bilimi ve Uluslararas\u0131 \u0130li\u015fkiler","description":"","potentialAction":[{"@type":"SearchAction","target":{"@type":"EntryPoint","urlTemplate":"http:\/\/ticaret.edu.tr\/siyaset-bilimi-ve-uluslararasi-iliskiler\/en\/?s={search_term_string}"},"query-input":"required name=search_term_string"}],"inLanguage":"tr"}]}},"lang":"tr","translations":{"en":1577,"tr":1462},"pll_sync_post":[],"_links":{"self":[{"href":"http:\/\/ticaret.edu.tr\/siyaset-bilimi-ve-uluslararasi-iliskiler\/wp-json\/wp\/v2\/pages\/1462"}],"collection":[{"href":"http:\/\/ticaret.edu.tr\/siyaset-bilimi-ve-uluslararasi-iliskiler\/wp-json\/wp\/v2\/pages"}],"about":[{"href":"http:\/\/ticaret.edu.tr\/siyaset-bilimi-ve-uluslararasi-iliskiler\/wp-json\/wp\/v2\/types\/page"}],"author":[{"embeddable":true,"href":"http:\/\/ticaret.edu.tr\/siyaset-bilimi-ve-uluslararasi-iliskiler\/wp-json\/wp\/v2\/users\/181"}],"replies":[{"embeddable":true,"href":"http:\/\/ticaret.edu.tr\/siyaset-bilimi-ve-uluslararasi-iliskiler\/wp-json\/wp\/v2\/comments?post=1462"}],"version-history":[{"count":2,"href":"http:\/\/ticaret.edu.tr\/siyaset-bilimi-ve-uluslararasi-iliskiler\/wp-json\/wp\/v2\/pages\/1462\/revisions"}],"predecessor-version":[{"id":1521,"href":"http:\/\/ticaret.edu.tr\/siyaset-bilimi-ve-uluslararasi-iliskiler\/wp-json\/wp\/v2\/pages\/1462\/revisions\/1521"}],"wp:attachment":[{"href":"http:\/\/ticaret.edu.tr\/siyaset-bilimi-ve-uluslararasi-iliskiler\/wp-json\/wp\/v2\/media?parent=1462"}],"curies":[{"name":"wp","href":"https:\/\/api.w.org\/{rel}","templated":true}]}}