{"id":1470,"date":"2025-01-26T19:28:25","date_gmt":"2025-01-26T16:28:25","guid":{"rendered":"https:\/\/ticaret.edu.tr\/siyaset-bilimi-ve-uluslararasi-iliskiler\/?page_id=1470"},"modified":"2025-07-08T09:47:28","modified_gmt":"2025-07-08T06:47:28","slug":"lisans-ogrenci-degisim-programlari-erasmus","status":"publish","type":"page","link":"http:\/\/ticaret.edu.tr\/siyaset-bilimi-ve-uluslararasi-iliskiler\/lisans-ogrenci-degisim-programlari-erasmus\/","title":{"rendered":"\u00d6\u011frenci De\u011fi\u015fim Programlar\u0131 &#8211; Erasmus"},"content":{"rendered":"<p style=\"font-weight: 400\">Siyaset Bilimi ve Uluslararas\u0131 \u0130li\u015fkiler B\u00f6l\u00fcm\u00fc\u2019n\u00fcn Erasmus \u00f6\u011frenci de\u011fi\u015fimi kapsam\u0131nda;<\/p>\n<ul style=\"font-weight: 400\">\n<li>Universidad de Granada &#8211; \u0130spanya<\/li>\n<li>Universidad Rey Juan Carlos &#8211; \u0130spanya<\/li>\n<li>Institut d\u2019etudes politiques de Toulouse &#8211; Fransa<\/li>\n<li>University of Macedonia &#8211; Yunanistan<\/li>\n<li>King Sigismund Business School &#8211; Macaristan<\/li>\n<li>European Humanities University &#8211; Litvanya<\/li>\n<li>European University \u2013 Republic of Macedonia &#8211; Makedonya<\/li>\n<li>University of Lodz &#8211; Polonya<\/li>\n<li>Adam Mickiewicz University in Pozna\u0144 &#8211; Polonya<\/li>\n<li>Radom Academy of Economics &#8211; Polonya<\/li>\n<li>Uniwersytet Mikolaja Kopernika w Toruniu &#8211; Polonya<\/li>\n<li>University of Bucharest &#8211; Romanya<\/li>\n<li>Universita Cattolica del Sacro Cuore &#8211; \u0130talya ile anla\u015fmas\u0131 bulunmaktad\u0131r.<\/li>\n<\/ul>\n","protected":false},"excerpt":{"rendered":"<p>Siyaset Bilimi ve Uluslararas\u0131 \u0130li\u015fkiler B\u00f6l\u00fcm\u00fc\u2019n\u00fcn Erasmus \u00f6\u011frenci de\u011fi\u015fimi kapsam\u0131nda; Universidad de Granada &#8211; \u0130spanya Universidad Rey Juan Carlos &#8211; \u0130spanya Institut d\u2019etudes politiques de Toulouse &#8211; Fransa University of Macedonia &#8211; Yunanistan King Sigismund Business School &#8211; Macaristan European Humanities University &#8211; Litvanya European University \u2013 Republic of Macedonia &#8211; Makedonya University of Lodz [&hellip;]<\/p>\n","protected":false},"author":181,"featured_media":0,"parent":0,"menu_order":0,"comment_status":"closed","ping_status":"closed","template":"genel_sayfa.php","meta":{"footnotes":""},"yoast_head":"<!-- This site is optimized with the Yoast SEO Premium plugin v22.1 (Yoast SEO v22.1) - https:\/\/yoast.com\/wordpress\/plugins\/seo\/ -->\n<title>\u00d6\u011frenci De\u011fi\u015fim Programlar\u0131 - Erasmus - Siyaset Bilimi ve Uluslararas\u0131 \u0130li\u015fkiler<\/title>\n<meta name=\"robots\" content=\"index, follow, max-snippet:-1, max-image-preview:large, max-video-preview:-1\" \/>\n<link rel=\"canonical\" href=\"http:\/\/ticaret.edu.tr\/siyaset-bilimi-ve-uluslararasi-iliskiler\/lisans-ogrenci-degisim-programlari-erasmus\/\" \/>\n<meta property=\"og:locale\" content=\"tr_TR\" \/>\n<meta property=\"og:type\" content=\"article\" \/>\n<meta property=\"og:title\" content=\"\u00d6\u011frenci De\u011fi\u015fim Programlar\u0131 - Erasmus\" \/>\n<meta property=\"og:description\" content=\"Siyaset Bilimi ve Uluslararas\u0131 \u0130li\u015fkiler B\u00f6l\u00fcm\u00fc\u2019n\u00fcn Erasmus \u00f6\u011frenci de\u011fi\u015fimi kapsam\u0131nda; Universidad de Granada &#8211; \u0130spanya Universidad Rey Juan Carlos &#8211; \u0130spanya Institut d\u2019etudes politiques de Toulouse &#8211; Fransa University of Macedonia &#8211; Yunanistan King Sigismund Business School &#8211; Macaristan European Humanities University &#8211; Litvanya European University \u2013 Republic of Macedonia &#8211; Makedonya University of Lodz [&hellip;]\" \/>\n<meta property=\"og:url\" content=\"http:\/\/ticaret.edu.tr\/siyaset-bilimi-ve-uluslararasi-iliskiler\/lisans-ogrenci-degisim-programlari-erasmus\/\" \/>\n<meta property=\"og:site_name\" content=\"Siyaset Bilimi ve Uluslararas\u0131 \u0130li\u015fkiler\" \/>\n<meta property=\"article:publisher\" content=\"https:\/\/www.facebook.com\/ticaretedutr\" \/>\n<meta property=\"article:modified_time\" content=\"2025-07-08T06:47:28+00:00\" \/>\n<meta property=\"og:image\" content=\"http:\/\/ticaret.edu.tr\/siyaset-bilimi-ve-uluslararasi-iliskiler\/wp-content\/uploads\/sites\/27\/2021\/11\/web_logo-01.jpg\" \/>\n\t<meta property=\"og:image:width\" content=\"1250\" \/>\n\t<meta property=\"og:image:height\" content=\"833\" \/>\n\t<meta property=\"og:image:type\" content=\"image\/jpeg\" \/>\n<meta name=\"twitter:card\" content=\"summary_large_image\" \/>\n<meta name=\"twitter:site\" content=\"@ticaretedutr\" \/>\n<meta name=\"twitter:label1\" content=\"Tahmini okuma s\u00fcresi\" \/>\n\t<meta name=\"twitter:data1\" content=\"1 dakika\" \/>\n<script type=\"application\/ld+json\" class=\"yoast-schema-graph\">{\"@context\":\"https:\/\/schema.org\",\"@graph\":[{\"@type\":\"WebPage\",\"@id\":\"http:\/\/ticaret.edu.tr\/siyaset-bilimi-ve-uluslararasi-iliskiler\/lisans-ogrenci-degisim-programlari-erasmus\/\",\"url\":\"http:\/\/ticaret.edu.tr\/siyaset-bilimi-ve-uluslararasi-iliskiler\/lisans-ogrenci-degisim-programlari-erasmus\/\",\"name\":\"\u00d6\u011frenci De\u011fi\u015fim Programlar\u0131 - Erasmus - Siyaset Bilimi ve Uluslararas\u0131 \u0130li\u015fkiler\",\"isPartOf\":{\"@id\":\"http:\/\/ticaret.edu.tr\/siyaset-bilimi-ve-uluslararasi-iliskiler\/en\/#website\"},\"datePublished\":\"2025-01-26T16:28:25+00:00\",\"dateModified\":\"2025-07-08T06:47:28+00:00\",\"breadcrumb\":{\"@id\":\"http:\/\/ticaret.edu.tr\/siyaset-bilimi-ve-uluslararasi-iliskiler\/lisans-ogrenci-degisim-programlari-erasmus\/#breadcrumb\"},\"inLanguage\":\"tr\",\"potentialAction\":[{\"@type\":\"ReadAction\",\"target\":[\"http:\/\/ticaret.edu.tr\/siyaset-bilimi-ve-uluslararasi-iliskiler\/lisans-ogrenci-degisim-programlari-erasmus\/\"]}]},{\"@type\":\"BreadcrumbList\",\"@id\":\"http:\/\/ticaret.edu.tr\/siyaset-bilimi-ve-uluslararasi-iliskiler\/lisans-ogrenci-degisim-programlari-erasmus\/#breadcrumb\",\"itemListElement\":[{\"@type\":\"ListItem\",\"position\":1,\"name\":\"Ana sayfa\",\"item\":\"http:\/\/ticaret.edu.tr\/siyaset-bilimi-ve-uluslararasi-iliskiler\/\"},{\"@type\":\"ListItem\",\"position\":2,\"name\":\"\u00d6\u011frenci De\u011fi\u015fim Programlar\u0131 &#8211; Erasmus\"}]},{\"@type\":\"WebSite\",\"@id\":\"http:\/\/ticaret.edu.tr\/siyaset-bilimi-ve-uluslararasi-iliskiler\/en\/#website\",\"url\":\"http:\/\/ticaret.edu.tr\/siyaset-bilimi-ve-uluslararasi-iliskiler\/en\/\",\"name\":\"Siyaset Bilimi ve Uluslararas\u0131 \u0130li\u015fkiler\",\"description\":\"\",\"potentialAction\":[{\"@type\":\"SearchAction\",\"target\":{\"@type\":\"EntryPoint\",\"urlTemplate\":\"http:\/\/ticaret.edu.tr\/siyaset-bilimi-ve-uluslararasi-iliskiler\/en\/?s={search_term_string}\"},\"query-input\":\"required name=search_term_string\"}],\"inLanguage\":\"tr\"}]}<\/script>\n<!-- \/ Yoast SEO Premium plugin. -->","yoast_head_json":{"title":"\u00d6\u011frenci De\u011fi\u015fim Programlar\u0131 - Erasmus - Siyaset Bilimi ve Uluslararas\u0131 \u0130li\u015fkiler","robots":{"index":"index","follow":"follow","max-snippet":"max-snippet:-1","max-image-preview":"max-image-preview:large","max-video-preview":"max-video-preview:-1"},"canonical":"http:\/\/ticaret.edu.tr\/siyaset-bilimi-ve-uluslararasi-iliskiler\/lisans-ogrenci-degisim-programlari-erasmus\/","og_locale":"tr_TR","og_type":"article","og_title":"\u00d6\u011frenci De\u011fi\u015fim Programlar\u0131 - Erasmus","og_description":"Siyaset Bilimi ve Uluslararas\u0131 \u0130li\u015fkiler B\u00f6l\u00fcm\u00fc\u2019n\u00fcn Erasmus \u00f6\u011frenci de\u011fi\u015fimi kapsam\u0131nda; Universidad de Granada &#8211; \u0130spanya Universidad Rey Juan Carlos &#8211; \u0130spanya Institut d\u2019etudes politiques de Toulouse &#8211; Fransa University of Macedonia &#8211; Yunanistan King Sigismund Business School &#8211; Macaristan European Humanities University &#8211; Litvanya European University \u2013 Republic of Macedonia &#8211; Makedonya University of Lodz [&hellip;]","og_url":"http:\/\/ticaret.edu.tr\/siyaset-bilimi-ve-uluslararasi-iliskiler\/lisans-ogrenci-degisim-programlari-erasmus\/","og_site_name":"Siyaset Bilimi ve Uluslararas\u0131 \u0130li\u015fkiler","article_publisher":"https:\/\/www.facebook.com\/ticaretedutr","article_modified_time":"2025-07-08T06:47:28+00:00","og_image":[{"width":1250,"height":833,"url":"http:\/\/ticaret.edu.tr\/siyaset-bilimi-ve-uluslararasi-iliskiler\/wp-content\/uploads\/sites\/27\/2021\/11\/web_logo-01.jpg","type":"image\/jpeg"}],"twitter_card":"summary_large_image","twitter_site":"@ticaretedutr","twitter_misc":{"Tahmini okuma s\u00fcresi":"1 dakika"},"schema":{"@context":"https:\/\/schema.org","@graph":[{"@type":"WebPage","@id":"http:\/\/ticaret.edu.tr\/siyaset-bilimi-ve-uluslararasi-iliskiler\/lisans-ogrenci-degisim-programlari-erasmus\/","url":"http:\/\/ticaret.edu.tr\/siyaset-bilimi-ve-uluslararasi-iliskiler\/lisans-ogrenci-degisim-programlari-erasmus\/","name":"\u00d6\u011frenci De\u011fi\u015fim Programlar\u0131 - Erasmus - Siyaset Bilimi ve Uluslararas\u0131 \u0130li\u015fkiler","isPartOf":{"@id":"http:\/\/ticaret.edu.tr\/siyaset-bilimi-ve-uluslararasi-iliskiler\/en\/#website"},"datePublished":"2025-01-26T16:28:25+00:00","dateModified":"2025-07-08T06:47:28+00:00","breadcrumb":{"@id":"http:\/\/ticaret.edu.tr\/siyaset-bilimi-ve-uluslararasi-iliskiler\/lisans-ogrenci-degisim-programlari-erasmus\/#breadcrumb"},"inLanguage":"tr","potentialAction":[{"@type":"ReadAction","target":["http:\/\/ticaret.edu.tr\/siyaset-bilimi-ve-uluslararasi-iliskiler\/lisans-ogrenci-degisim-programlari-erasmus\/"]}]},{"@type":"BreadcrumbList","@id":"http:\/\/ticaret.edu.tr\/siyaset-bilimi-ve-uluslararasi-iliskiler\/lisans-ogrenci-degisim-programlari-erasmus\/#breadcrumb","itemListElement":[{"@type":"ListItem","position":1,"name":"Ana sayfa","item":"http:\/\/ticaret.edu.tr\/siyaset-bilimi-ve-uluslararasi-iliskiler\/"},{"@type":"ListItem","position":2,"name":"\u00d6\u011frenci De\u011fi\u015fim Programlar\u0131 &#8211; Erasmus"}]},{"@type":"WebSite","@id":"http:\/\/ticaret.edu.tr\/siyaset-bilimi-ve-uluslararasi-iliskiler\/en\/#website","url":"http:\/\/ticaret.edu.tr\/siyaset-bilimi-ve-uluslararasi-iliskiler\/en\/","name":"Siyaset Bilimi ve Uluslararas\u0131 \u0130li\u015fkiler","description":"","potentialAction":[{"@type":"SearchAction","target":{"@type":"EntryPoint","urlTemplate":"http:\/\/ticaret.edu.tr\/siyaset-bilimi-ve-uluslararasi-iliskiler\/en\/?s={search_term_string}"},"query-input":"required name=search_term_string"}],"inLanguage":"tr"}]}},"lang":"tr","translations":{"en":1595,"tr":1470},"pll_sync_post":[],"_links":{"self":[{"href":"http:\/\/ticaret.edu.tr\/siyaset-bilimi-ve-uluslararasi-iliskiler\/wp-json\/wp\/v2\/pages\/1470"}],"collection":[{"href":"http:\/\/ticaret.edu.tr\/siyaset-bilimi-ve-uluslararasi-iliskiler\/wp-json\/wp\/v2\/pages"}],"about":[{"href":"http:\/\/ticaret.edu.tr\/siyaset-bilimi-ve-uluslararasi-iliskiler\/wp-json\/wp\/v2\/types\/page"}],"author":[{"embeddable":true,"href":"http:\/\/ticaret.edu.tr\/siyaset-bilimi-ve-uluslararasi-iliskiler\/wp-json\/wp\/v2\/users\/181"}],"replies":[{"embeddable":true,"href":"http:\/\/ticaret.edu.tr\/siyaset-bilimi-ve-uluslararasi-iliskiler\/wp-json\/wp\/v2\/comments?post=1470"}],"version-history":[{"count":6,"href":"http:\/\/ticaret.edu.tr\/siyaset-bilimi-ve-uluslararasi-iliskiler\/wp-json\/wp\/v2\/pages\/1470\/revisions"}],"predecessor-version":[{"id":1937,"href":"http:\/\/ticaret.edu.tr\/siyaset-bilimi-ve-uluslararasi-iliskiler\/wp-json\/wp\/v2\/pages\/1470\/revisions\/1937"}],"wp:attachment":[{"href":"http:\/\/ticaret.edu.tr\/siyaset-bilimi-ve-uluslararasi-iliskiler\/wp-json\/wp\/v2\/media?parent=1470"}],"curies":[{"name":"wp","href":"https:\/\/api.w.org\/{rel}","templated":true}]}}