{"id":1480,"date":"2025-01-26T19:24:36","date_gmt":"2025-01-26T16:24:36","guid":{"rendered":"https:\/\/ticaret.edu.tr\/siyaset-bilimi-ve-uluslararasi-iliskiler\/?page_id=1480"},"modified":"2025-10-21T10:58:22","modified_gmt":"2025-10-21T07:58:22","slug":"arastirma-alanlari","status":"publish","type":"page","link":"http:\/\/ticaret.edu.tr\/siyaset-bilimi-ve-uluslararasi-iliskiler\/arastirma-alanlari\/","title":{"rendered":"Ara\u015ft\u0131rma Alanlar\u0131"},"content":{"rendered":"<p data-start=\"0\" data-end=\"449\"><strong data-start=\"0\" data-end=\"22\">Ara\u015ft\u0131rma Alanlar\u0131<\/strong><br data-start=\"22\" data-end=\"25\" \/>\u0130stanbul Ticaret \u00dcniversitesi\u00a0<strong data-start=\"55\" data-end=\"106\">Siyaset Bilimi ve Uluslararas\u0131 \u0130li\u015fkiler (\u0130ngilizce) B\u00f6l\u00fcm\u00fc<\/strong>, ulusal ve uluslararas\u0131 d\u00fczeyde siyasal, ekonomik ve toplumsal s\u00fcre\u00e7leri \u00e7ok boyutlu bi\u00e7imde ele alan ara\u015ft\u0131rmalar y\u00fcr\u00fctmektedir. B\u00f6l\u00fcm, disiplinler aras\u0131 bir yakla\u015f\u0131m\u0131 benimseyerek devlet, uluslararas\u0131 \u00f6rg\u00fctler, sivil toplum ve birey aras\u0131ndaki dinamik ili\u015fkileri siyaset bilimi ve uluslararas\u0131 ili\u015fkiler perspektifinden analiz etmektedir.<\/p>\n<p data-start=\"451\" data-end=\"983\">B\u00f6l\u00fcm\u00fcn \u00f6ncelikli ara\u015ft\u0131rma alanlar\u0131;\u00a0<strong data-start=\"489\" data-end=\"675\">uluslararas\u0131 g\u00fcvenlik, d\u0131\u015f politika analizi, Avrupa Birli\u011fi \u00e7al\u0131\u015fmalar\u0131, k\u00fcresel y\u00f6neti\u015fim, demokrasi ve insan haklar\u0131, kalk\u0131nma ve \u00e7evre politikalar\u0131, b\u00f6lgesel entegrasyon s\u00fcre\u00e7leri<\/strong>\u00a0ve\u00a0<strong data-start=\"679\" data-end=\"704\">k\u00fcresel g\u00fc\u00e7 dengeleri<\/strong>\u00a0gibi konular etraf\u0131nda yo\u011funla\u015fmaktad\u0131r. Ayr\u0131ca \u00f6\u011fretim \u00fcyeleri ve \u00f6\u011frenciler,\u00a0<strong data-start=\"784\" data-end=\"843\">Avrupa Birli\u011fi projeleri (Erasmus+, Horizon Europe vb.)<\/strong>,\u00a0<strong data-start=\"845\" data-end=\"885\">T\u00dcB\u0130TAK destekli ara\u015ft\u0131rma projeleri<\/strong>\u00a0ve di\u011fer ulusal\/uluslararas\u0131 fon programlar\u0131 kapsam\u0131nda aktif bi\u00e7imde \u00e7al\u0131\u015fmalar y\u00fcr\u00fctmektedir.<\/p>\n<p data-start=\"985\" data-end=\"1117\"><strong data-start=\"985\" data-end=\"1008\">Ara\u015ft\u0131rma Yakla\u015f\u0131m\u0131<\/strong><br data-start=\"1008\" data-end=\"1011\" \/>Siyaset Bilimi ve Uluslararas\u0131 \u0130li\u015fkiler (\u0130ngilizce) B\u00f6l\u00fcm\u00fc, y\u00fcr\u00fctt\u00fc\u011f\u00fc akademik faaliyetlerde \u015fu ilkeleri esas al\u0131r:<\/p>\n<ul data-start=\"1119\" data-end=\"1335\">\n<li data-start=\"1119\" data-end=\"1167\">\n<p data-start=\"1121\" data-end=\"1167\">Bilimsel titizlik ve metodolojik \u00e7e\u015fitlilik,<\/p>\n<\/li>\n<li data-start=\"1168\" data-end=\"1201\">\n<p data-start=\"1170\" data-end=\"1201\">Akademik etik ve tarafs\u0131zl\u0131k,<\/p>\n<\/li>\n<li data-start=\"1202\" data-end=\"1258\">\n<p data-start=\"1204\" data-end=\"1258\">Disiplinler aras\u0131 i\u015f birli\u011fi ve k\u00fcresel bak\u0131\u015f a\u00e7\u0131s\u0131,<\/p>\n<\/li>\n<li data-start=\"1259\" data-end=\"1335\">\n<p data-start=\"1261\" data-end=\"1335\">Toplumsal fayda, kamusal sorumluluk ve politika \u00fcretimine katk\u0131 bilinci.<\/p>\n<\/li>\n<\/ul>\n<p data-start=\"1337\" data-end=\"1656\">B\u00f6l\u00fcm b\u00fcnyesinde y\u00fcr\u00fct\u00fclen\u00a0<strong data-start=\"1364\" data-end=\"1442\">tezler, akademik ara\u015ft\u0131rmalar, T\u00dcB\u0130TAK ve Avrupa Birli\u011fi destekli projeler<\/strong>, siyaset bilimi ve uluslararas\u0131 ili\u015fkiler alan\u0131ndaki bilgi birikimini derinle\u015ftirmenin yan\u0131 s\u0131ra, \u00e7a\u011fda\u015f k\u00fcresel ve yerel sorunlara y\u00f6nelik yenilik\u00e7i \u00e7\u00f6z\u00fcm \u00f6nerileri geli\u015ftirilmesine \u00f6nemli katk\u0131lar sunmaktad\u0131r.<\/p>\n","protected":false},"excerpt":{"rendered":"<p>Ara\u015ft\u0131rma Alanlar\u0131\u0130stanbul Ticaret \u00dcniversitesi\u00a0Siyaset Bilimi ve Uluslararas\u0131 \u0130li\u015fkiler (\u0130ngilizce) B\u00f6l\u00fcm\u00fc, ulusal ve uluslararas\u0131 d\u00fczeyde siyasal, ekonomik ve toplumsal s\u00fcre\u00e7leri \u00e7ok boyutlu bi\u00e7imde ele alan ara\u015ft\u0131rmalar y\u00fcr\u00fctmektedir. B\u00f6l\u00fcm, disiplinler aras\u0131 bir yakla\u015f\u0131m\u0131 benimseyerek devlet, uluslararas\u0131 \u00f6rg\u00fctler, sivil toplum ve birey aras\u0131ndaki dinamik ili\u015fkileri siyaset bilimi ve uluslararas\u0131 ili\u015fkiler perspektifinden analiz etmektedir. B\u00f6l\u00fcm\u00fcn \u00f6ncelikli ara\u015ft\u0131rma alanlar\u0131;\u00a0uluslararas\u0131 g\u00fcvenlik, [&hellip;]<\/p>\n","protected":false},"author":181,"featured_media":0,"parent":0,"menu_order":0,"comment_status":"closed","ping_status":"closed","template":"genel_sayfa.php","meta":{"footnotes":""},"yoast_head":"<!-- This site is optimized with the Yoast SEO Premium plugin v22.1 (Yoast SEO v22.1) - https:\/\/yoast.com\/wordpress\/plugins\/seo\/ -->\n<title>Ara\u015ft\u0131rma Alanlar\u0131 - Siyaset Bilimi ve Uluslararas\u0131 \u0130li\u015fkiler<\/title>\n<meta name=\"robots\" content=\"index, follow, max-snippet:-1, max-image-preview:large, max-video-preview:-1\" \/>\n<link rel=\"canonical\" href=\"http:\/\/ticaret.edu.tr\/siyaset-bilimi-ve-uluslararasi-iliskiler\/arastirma-alanlari\/\" \/>\n<meta property=\"og:locale\" content=\"tr_TR\" \/>\n<meta property=\"og:type\" content=\"article\" \/>\n<meta property=\"og:title\" content=\"Ara\u015ft\u0131rma Alanlar\u0131\" \/>\n<meta property=\"og:description\" content=\"Ara\u015ft\u0131rma Alanlar\u0131\u0130stanbul Ticaret \u00dcniversitesi\u00a0Siyaset Bilimi ve Uluslararas\u0131 \u0130li\u015fkiler (\u0130ngilizce) B\u00f6l\u00fcm\u00fc, ulusal ve uluslararas\u0131 d\u00fczeyde siyasal, ekonomik ve toplumsal s\u00fcre\u00e7leri \u00e7ok boyutlu bi\u00e7imde ele alan ara\u015ft\u0131rmalar y\u00fcr\u00fctmektedir. B\u00f6l\u00fcm, disiplinler aras\u0131 bir yakla\u015f\u0131m\u0131 benimseyerek devlet, uluslararas\u0131 \u00f6rg\u00fctler, sivil toplum ve birey aras\u0131ndaki dinamik ili\u015fkileri siyaset bilimi ve uluslararas\u0131 ili\u015fkiler perspektifinden analiz etmektedir. B\u00f6l\u00fcm\u00fcn \u00f6ncelikli ara\u015ft\u0131rma alanlar\u0131;\u00a0uluslararas\u0131 g\u00fcvenlik, [&hellip;]\" \/>\n<meta property=\"og:url\" content=\"http:\/\/ticaret.edu.tr\/siyaset-bilimi-ve-uluslararasi-iliskiler\/arastirma-alanlari\/\" \/>\n<meta property=\"og:site_name\" content=\"Siyaset Bilimi ve Uluslararas\u0131 \u0130li\u015fkiler\" \/>\n<meta property=\"article:publisher\" content=\"https:\/\/www.facebook.com\/ticaretedutr\" \/>\n<meta property=\"article:modified_time\" content=\"2025-10-21T07:58:22+00:00\" \/>\n<meta property=\"og:image\" content=\"http:\/\/ticaret.edu.tr\/siyaset-bilimi-ve-uluslararasi-iliskiler\/wp-content\/uploads\/sites\/27\/2021\/11\/web_logo-01.jpg\" \/>\n\t<meta property=\"og:image:width\" content=\"1250\" \/>\n\t<meta property=\"og:image:height\" content=\"833\" \/>\n\t<meta property=\"og:image:type\" content=\"image\/jpeg\" \/>\n<meta name=\"twitter:card\" content=\"summary_large_image\" \/>\n<meta name=\"twitter:site\" content=\"@ticaretedutr\" \/>\n<meta name=\"twitter:label1\" content=\"Tahmini okuma s\u00fcresi\" \/>\n\t<meta name=\"twitter:data1\" content=\"2 dakika\" \/>\n<script type=\"application\/ld+json\" class=\"yoast-schema-graph\">{\"@context\":\"https:\/\/schema.org\",\"@graph\":[{\"@type\":\"WebPage\",\"@id\":\"http:\/\/ticaret.edu.tr\/siyaset-bilimi-ve-uluslararasi-iliskiler\/arastirma-alanlari\/\",\"url\":\"http:\/\/ticaret.edu.tr\/siyaset-bilimi-ve-uluslararasi-iliskiler\/arastirma-alanlari\/\",\"name\":\"Ara\u015ft\u0131rma Alanlar\u0131 - Siyaset Bilimi ve Uluslararas\u0131 \u0130li\u015fkiler\",\"isPartOf\":{\"@id\":\"http:\/\/ticaret.edu.tr\/siyaset-bilimi-ve-uluslararasi-iliskiler\/en\/#website\"},\"datePublished\":\"2025-01-26T16:24:36+00:00\",\"dateModified\":\"2025-10-21T07:58:22+00:00\",\"breadcrumb\":{\"@id\":\"http:\/\/ticaret.edu.tr\/siyaset-bilimi-ve-uluslararasi-iliskiler\/arastirma-alanlari\/#breadcrumb\"},\"inLanguage\":\"tr\",\"potentialAction\":[{\"@type\":\"ReadAction\",\"target\":[\"http:\/\/ticaret.edu.tr\/siyaset-bilimi-ve-uluslararasi-iliskiler\/arastirma-alanlari\/\"]}]},{\"@type\":\"BreadcrumbList\",\"@id\":\"http:\/\/ticaret.edu.tr\/siyaset-bilimi-ve-uluslararasi-iliskiler\/arastirma-alanlari\/#breadcrumb\",\"itemListElement\":[{\"@type\":\"ListItem\",\"position\":1,\"name\":\"Ana sayfa\",\"item\":\"http:\/\/ticaret.edu.tr\/siyaset-bilimi-ve-uluslararasi-iliskiler\/\"},{\"@type\":\"ListItem\",\"position\":2,\"name\":\"Ara\u015ft\u0131rma Alanlar\u0131\"}]},{\"@type\":\"WebSite\",\"@id\":\"http:\/\/ticaret.edu.tr\/siyaset-bilimi-ve-uluslararasi-iliskiler\/en\/#website\",\"url\":\"http:\/\/ticaret.edu.tr\/siyaset-bilimi-ve-uluslararasi-iliskiler\/en\/\",\"name\":\"Siyaset Bilimi ve Uluslararas\u0131 \u0130li\u015fkiler\",\"description\":\"\",\"potentialAction\":[{\"@type\":\"SearchAction\",\"target\":{\"@type\":\"EntryPoint\",\"urlTemplate\":\"http:\/\/ticaret.edu.tr\/siyaset-bilimi-ve-uluslararasi-iliskiler\/en\/?s={search_term_string}\"},\"query-input\":\"required name=search_term_string\"}],\"inLanguage\":\"tr\"}]}<\/script>\n<!-- \/ Yoast SEO Premium plugin. -->","yoast_head_json":{"title":"Ara\u015ft\u0131rma Alanlar\u0131 - Siyaset Bilimi ve Uluslararas\u0131 \u0130li\u015fkiler","robots":{"index":"index","follow":"follow","max-snippet":"max-snippet:-1","max-image-preview":"max-image-preview:large","max-video-preview":"max-video-preview:-1"},"canonical":"http:\/\/ticaret.edu.tr\/siyaset-bilimi-ve-uluslararasi-iliskiler\/arastirma-alanlari\/","og_locale":"tr_TR","og_type":"article","og_title":"Ara\u015ft\u0131rma Alanlar\u0131","og_description":"Ara\u015ft\u0131rma Alanlar\u0131\u0130stanbul Ticaret \u00dcniversitesi\u00a0Siyaset Bilimi ve Uluslararas\u0131 \u0130li\u015fkiler (\u0130ngilizce) B\u00f6l\u00fcm\u00fc, ulusal ve uluslararas\u0131 d\u00fczeyde siyasal, ekonomik ve toplumsal s\u00fcre\u00e7leri \u00e7ok boyutlu bi\u00e7imde ele alan ara\u015ft\u0131rmalar y\u00fcr\u00fctmektedir. B\u00f6l\u00fcm, disiplinler aras\u0131 bir yakla\u015f\u0131m\u0131 benimseyerek devlet, uluslararas\u0131 \u00f6rg\u00fctler, sivil toplum ve birey aras\u0131ndaki dinamik ili\u015fkileri siyaset bilimi ve uluslararas\u0131 ili\u015fkiler perspektifinden analiz etmektedir. B\u00f6l\u00fcm\u00fcn \u00f6ncelikli ara\u015ft\u0131rma alanlar\u0131;\u00a0uluslararas\u0131 g\u00fcvenlik, [&hellip;]","og_url":"http:\/\/ticaret.edu.tr\/siyaset-bilimi-ve-uluslararasi-iliskiler\/arastirma-alanlari\/","og_site_name":"Siyaset Bilimi ve Uluslararas\u0131 \u0130li\u015fkiler","article_publisher":"https:\/\/www.facebook.com\/ticaretedutr","article_modified_time":"2025-10-21T07:58:22+00:00","og_image":[{"width":1250,"height":833,"url":"http:\/\/ticaret.edu.tr\/siyaset-bilimi-ve-uluslararasi-iliskiler\/wp-content\/uploads\/sites\/27\/2021\/11\/web_logo-01.jpg","type":"image\/jpeg"}],"twitter_card":"summary_large_image","twitter_site":"@ticaretedutr","twitter_misc":{"Tahmini okuma s\u00fcresi":"2 dakika"},"schema":{"@context":"https:\/\/schema.org","@graph":[{"@type":"WebPage","@id":"http:\/\/ticaret.edu.tr\/siyaset-bilimi-ve-uluslararasi-iliskiler\/arastirma-alanlari\/","url":"http:\/\/ticaret.edu.tr\/siyaset-bilimi-ve-uluslararasi-iliskiler\/arastirma-alanlari\/","name":"Ara\u015ft\u0131rma Alanlar\u0131 - Siyaset Bilimi ve Uluslararas\u0131 \u0130li\u015fkiler","isPartOf":{"@id":"http:\/\/ticaret.edu.tr\/siyaset-bilimi-ve-uluslararasi-iliskiler\/en\/#website"},"datePublished":"2025-01-26T16:24:36+00:00","dateModified":"2025-10-21T07:58:22+00:00","breadcrumb":{"@id":"http:\/\/ticaret.edu.tr\/siyaset-bilimi-ve-uluslararasi-iliskiler\/arastirma-alanlari\/#breadcrumb"},"inLanguage":"tr","potentialAction":[{"@type":"ReadAction","target":["http:\/\/ticaret.edu.tr\/siyaset-bilimi-ve-uluslararasi-iliskiler\/arastirma-alanlari\/"]}]},{"@type":"BreadcrumbList","@id":"http:\/\/ticaret.edu.tr\/siyaset-bilimi-ve-uluslararasi-iliskiler\/arastirma-alanlari\/#breadcrumb","itemListElement":[{"@type":"ListItem","position":1,"name":"Ana sayfa","item":"http:\/\/ticaret.edu.tr\/siyaset-bilimi-ve-uluslararasi-iliskiler\/"},{"@type":"ListItem","position":2,"name":"Ara\u015ft\u0131rma Alanlar\u0131"}]},{"@type":"WebSite","@id":"http:\/\/ticaret.edu.tr\/siyaset-bilimi-ve-uluslararasi-iliskiler\/en\/#website","url":"http:\/\/ticaret.edu.tr\/siyaset-bilimi-ve-uluslararasi-iliskiler\/en\/","name":"Siyaset Bilimi ve Uluslararas\u0131 \u0130li\u015fkiler","description":"","potentialAction":[{"@type":"SearchAction","target":{"@type":"EntryPoint","urlTemplate":"http:\/\/ticaret.edu.tr\/siyaset-bilimi-ve-uluslararasi-iliskiler\/en\/?s={search_term_string}"},"query-input":"required name=search_term_string"}],"inLanguage":"tr"}]}},"lang":"tr","translations":{"en":1646,"tr":1480},"pll_sync_post":[],"_links":{"self":[{"href":"http:\/\/ticaret.edu.tr\/siyaset-bilimi-ve-uluslararasi-iliskiler\/wp-json\/wp\/v2\/pages\/1480"}],"collection":[{"href":"http:\/\/ticaret.edu.tr\/siyaset-bilimi-ve-uluslararasi-iliskiler\/wp-json\/wp\/v2\/pages"}],"about":[{"href":"http:\/\/ticaret.edu.tr\/siyaset-bilimi-ve-uluslararasi-iliskiler\/wp-json\/wp\/v2\/types\/page"}],"author":[{"embeddable":true,"href":"http:\/\/ticaret.edu.tr\/siyaset-bilimi-ve-uluslararasi-iliskiler\/wp-json\/wp\/v2\/users\/181"}],"replies":[{"embeddable":true,"href":"http:\/\/ticaret.edu.tr\/siyaset-bilimi-ve-uluslararasi-iliskiler\/wp-json\/wp\/v2\/comments?post=1480"}],"version-history":[{"count":4,"href":"http:\/\/ticaret.edu.tr\/siyaset-bilimi-ve-uluslararasi-iliskiler\/wp-json\/wp\/v2\/pages\/1480\/revisions"}],"predecessor-version":[{"id":2015,"href":"http:\/\/ticaret.edu.tr\/siyaset-bilimi-ve-uluslararasi-iliskiler\/wp-json\/wp\/v2\/pages\/1480\/revisions\/2015"}],"wp:attachment":[{"href":"http:\/\/ticaret.edu.tr\/siyaset-bilimi-ve-uluslararasi-iliskiler\/wp-json\/wp\/v2\/media?parent=1480"}],"curies":[{"name":"wp","href":"https:\/\/api.w.org\/{rel}","templated":true}]}}