{"id":1484,"date":"2025-01-26T19:24:41","date_gmt":"2025-01-26T16:24:41","guid":{"rendered":"https:\/\/ticaret.edu.tr\/siyaset-bilimi-ve-uluslararasi-iliskiler\/?page_id=1484"},"modified":"2025-10-21T10:04:59","modified_gmt":"2025-10-21T07:04:59","slug":"bilimsel-etkinlikler","status":"publish","type":"page","link":"http:\/\/ticaret.edu.tr\/siyaset-bilimi-ve-uluslararasi-iliskiler\/bilimsel-etkinlikler\/","title":{"rendered":"Bilimsel Etkinlikler"},"content":{"rendered":"<p data-start=\"0\" data-end=\"320\"><strong data-start=\"0\" data-end=\"44\">Akademik \u00dcretkenlik ve Bilimsel Yay\u0131nlar<\/strong><br data-start=\"44\" data-end=\"47\" \/>\u0130stanbul Ticaret \u00dcniversitesi\u00a0<strong data-start=\"77\" data-end=\"128\">Siyaset Bilimi ve Uluslararas\u0131 \u0130li\u015fkiler (\u0130ngilizce) B\u00f6l\u00fcm\u00fc <\/strong>, akademik \u00fcretkenli\u011fi temel de\u011ferlerinden biri olarak benimsemekte; \u00f6\u011fretim \u00fcyeleri ve \u00f6\u011frencilerinin bilimsel ara\u015ft\u0131rma, yay\u0131n ve projelerde aktif bi\u00e7imde yer almalar\u0131n\u0131 te\u015fvik etmektedir.<\/p>\n<p data-start=\"322\" data-end=\"613\">B\u00f6l\u00fcm b\u00fcnyesinde y\u00fcr\u00fct\u00fclen \u00e7al\u0131\u015fmalar,\u00a0<strong data-start=\"361\" data-end=\"534\">uluslararas\u0131 ili\u015fkiler teorileri, d\u0131\u015f politika analizi, k\u00fcresel y\u00f6neti\u015fim, Avrupa Birli\u011fi \u00e7al\u0131\u015fmalar\u0131, demokrasi, insan haklar\u0131, kalk\u0131nma politikalar\u0131, \u00e7evre ve g\u00fcvenlik<\/strong>\u00a0gibi alanlarda ulusal ve uluslararas\u0131 d\u00fczeyde bilimsel katk\u0131lar sunmaktad\u0131r.<\/p>\n<p data-start=\"615\" data-end=\"861\">Bu do\u011frultuda Siyaset Bilimi ve Uluslararas\u0131 \u0130li\u015fkiler B\u00f6l\u00fcm\u00fc, hem \u00f6\u011fretim elemanlar\u0131 hem de \u00f6\u011frencileriyle\u00a0<strong data-start=\"723\" data-end=\"812\">ele\u015ftirel d\u00fc\u015f\u00fcnme, bilimsel \u00fcretim ve politika odakl\u0131 ara\u015ft\u0131rma k\u00fclt\u00fcr\u00fcn\u00fc g\u00fc\u00e7lendiren<\/strong>\u00a0bir akademik ortam olu\u015fturmay\u0131 ama\u00e7lamaktad\u0131r.<\/p>\n<p data-start=\"863\" data-end=\"1082\">B\u00f6l\u00fcm \u00f6\u011fretim \u00fcyeleri ve lisans\u00fcst\u00fc \u00f6\u011frencileri taraf\u0131ndan y\u00fcr\u00fct\u00fclen akademik \u00e7al\u0131\u015fmalar, farkl\u0131 t\u00fcrlerde bilimsel \u00fcretimlere d\u00f6n\u00fc\u015fmektedir. Bu yay\u0131nlar ve projeler temel olarak a\u015fa\u011f\u0131daki kategorilerde toplanmaktad\u0131r:<\/p>\n<ul data-start=\"1084\" data-end=\"1862\">\n<li data-start=\"1084\" data-end=\"1228\">\n<p data-start=\"1086\" data-end=\"1228\"><strong data-start=\"1086\" data-end=\"1109\">Akademik makaleler:<\/strong>\u00a0Hakemli ulusal ve uluslararas\u0131 dergilerde yay\u0131mlanan \u00f6zg\u00fcn ara\u015ft\u0131rmalar, kuramsal \u00e7al\u0131\u015fmalar ve politika analizleri.<\/p>\n<\/li>\n<li data-start=\"1229\" data-end=\"1353\">\n<p data-start=\"1231\" data-end=\"1353\"><strong data-start=\"1231\" data-end=\"1263\">Bildiri ve kongre sunumlar\u0131:<\/strong>\u00a0Ulusal ve uluslararas\u0131 sempozyum, konferans ve kongrelerde sunulan akademik bildiriler.<\/p>\n<\/li>\n<li data-start=\"1354\" data-end=\"1554\">\n<p data-start=\"1356\" data-end=\"1554\"><strong data-start=\"1356\" data-end=\"1385\">Kitap ve kitap b\u00f6l\u00fcmleri:<\/strong>\u00a0Siyaset bilimi, uluslararas\u0131 ili\u015fkiler, d\u0131\u015f politika, Avrupa Birli\u011fi, k\u00fcresel g\u00fcvenlik ve b\u00f6lgesel \u00e7al\u0131\u015fmalar gibi alanlarda yay\u0131mlanan kitaplar ve derleme b\u00f6l\u00fcmleri.<\/p>\n<\/li>\n<li data-start=\"1555\" data-end=\"1732\">\n<p data-start=\"1557\" data-end=\"1732\"><strong data-start=\"1557\" data-end=\"1610\">T\u00dcB\u0130TAK, Avrupa Birli\u011fi ve di\u011fer proje raporlar\u0131:<\/strong>\u00a0Ara\u015ft\u0131rma destek programlar\u0131 kapsam\u0131nda y\u00fcr\u00fct\u00fclen ve tamamlanan bilimsel projelere ili\u015fkin raporlar ve saha analizleri.<\/p>\n<\/li>\n<li data-start=\"1733\" data-end=\"1862\">\n<p data-start=\"1735\" data-end=\"1862\"><strong data-start=\"1735\" data-end=\"1766\">Lisans\u00fcst\u00fc tez \u00e7al\u0131\u015fmalar\u0131:<\/strong>\u00a0G\u00fcncel siyasal, ekonomik ve uluslararas\u0131 konulara odaklanan y\u00fcksek lisans ve doktora tezleri.<\/p>\n<\/li>\n<\/ul>\n<p data-start=\"1864\" data-end=\"2074\">Bu yay\u0131n ve projeler, b\u00f6l\u00fcm\u00fcn\u00a0<strong data-start=\"1894\" data-end=\"2030\">bilimsel \u00fcretkenli\u011fini g\u00fc\u00e7lendiren, ulusal ve uluslararas\u0131 siyasal geli\u015fmelere \u0131\u015f\u0131k tutan, politika yap\u0131m s\u00fcre\u00e7lerine katk\u0131 sa\u011flayan<\/strong>\u00a0temel akademik \u00e7\u0131kt\u0131lar\u0131 olu\u015fturmaktad\u0131r.<\/p>\n","protected":false},"excerpt":{"rendered":"<p>Akademik \u00dcretkenlik ve Bilimsel Yay\u0131nlar\u0130stanbul Ticaret \u00dcniversitesi\u00a0Siyaset Bilimi ve Uluslararas\u0131 \u0130li\u015fkiler (\u0130ngilizce) B\u00f6l\u00fcm\u00fc , akademik \u00fcretkenli\u011fi temel de\u011ferlerinden biri olarak benimsemekte; \u00f6\u011fretim \u00fcyeleri ve \u00f6\u011frencilerinin bilimsel ara\u015ft\u0131rma, yay\u0131n ve projelerde aktif bi\u00e7imde yer almalar\u0131n\u0131 te\u015fvik etmektedir. B\u00f6l\u00fcm b\u00fcnyesinde y\u00fcr\u00fct\u00fclen \u00e7al\u0131\u015fmalar,\u00a0uluslararas\u0131 ili\u015fkiler teorileri, d\u0131\u015f politika analizi, k\u00fcresel y\u00f6neti\u015fim, Avrupa Birli\u011fi \u00e7al\u0131\u015fmalar\u0131, demokrasi, insan haklar\u0131, kalk\u0131nma politikalar\u0131, [&hellip;]<\/p>\n","protected":false},"author":181,"featured_media":0,"parent":0,"menu_order":0,"comment_status":"closed","ping_status":"closed","template":"genel_sayfa.php","meta":{"footnotes":""},"yoast_head":"<!-- This site is optimized with the Yoast SEO Premium plugin v22.1 (Yoast SEO v22.1) - https:\/\/yoast.com\/wordpress\/plugins\/seo\/ -->\n<title>Bilimsel Etkinlikler - Siyaset Bilimi ve Uluslararas\u0131 \u0130li\u015fkiler<\/title>\n<meta name=\"robots\" content=\"index, follow, max-snippet:-1, max-image-preview:large, max-video-preview:-1\" \/>\n<link rel=\"canonical\" href=\"http:\/\/ticaret.edu.tr\/siyaset-bilimi-ve-uluslararasi-iliskiler\/bilimsel-etkinlikler\/\" \/>\n<meta property=\"og:locale\" content=\"tr_TR\" \/>\n<meta property=\"og:type\" content=\"article\" \/>\n<meta property=\"og:title\" content=\"Bilimsel Etkinlikler\" \/>\n<meta property=\"og:description\" content=\"Akademik \u00dcretkenlik ve Bilimsel Yay\u0131nlar\u0130stanbul Ticaret \u00dcniversitesi\u00a0Siyaset Bilimi ve Uluslararas\u0131 \u0130li\u015fkiler (\u0130ngilizce) B\u00f6l\u00fcm\u00fc , akademik \u00fcretkenli\u011fi temel de\u011ferlerinden biri olarak benimsemekte; \u00f6\u011fretim \u00fcyeleri ve \u00f6\u011frencilerinin bilimsel ara\u015ft\u0131rma, yay\u0131n ve projelerde aktif bi\u00e7imde yer almalar\u0131n\u0131 te\u015fvik etmektedir. B\u00f6l\u00fcm b\u00fcnyesinde y\u00fcr\u00fct\u00fclen \u00e7al\u0131\u015fmalar,\u00a0uluslararas\u0131 ili\u015fkiler teorileri, d\u0131\u015f politika analizi, k\u00fcresel y\u00f6neti\u015fim, Avrupa Birli\u011fi \u00e7al\u0131\u015fmalar\u0131, demokrasi, insan haklar\u0131, kalk\u0131nma politikalar\u0131, [&hellip;]\" \/>\n<meta property=\"og:url\" content=\"http:\/\/ticaret.edu.tr\/siyaset-bilimi-ve-uluslararasi-iliskiler\/bilimsel-etkinlikler\/\" \/>\n<meta property=\"og:site_name\" content=\"Siyaset Bilimi ve Uluslararas\u0131 \u0130li\u015fkiler\" \/>\n<meta property=\"article:publisher\" content=\"https:\/\/www.facebook.com\/ticaretedutr\" \/>\n<meta property=\"article:modified_time\" content=\"2025-10-21T07:04:59+00:00\" \/>\n<meta property=\"og:image\" content=\"http:\/\/ticaret.edu.tr\/siyaset-bilimi-ve-uluslararasi-iliskiler\/wp-content\/uploads\/sites\/27\/2021\/11\/web_logo-01.jpg\" \/>\n\t<meta property=\"og:image:width\" content=\"1250\" \/>\n\t<meta property=\"og:image:height\" content=\"833\" \/>\n\t<meta property=\"og:image:type\" content=\"image\/jpeg\" \/>\n<meta name=\"twitter:card\" content=\"summary_large_image\" \/>\n<meta name=\"twitter:site\" content=\"@ticaretedutr\" \/>\n<meta name=\"twitter:label1\" content=\"Tahmini okuma s\u00fcresi\" \/>\n\t<meta name=\"twitter:data1\" content=\"2 dakika\" \/>\n<script type=\"application\/ld+json\" class=\"yoast-schema-graph\">{\"@context\":\"https:\/\/schema.org\",\"@graph\":[{\"@type\":\"WebPage\",\"@id\":\"http:\/\/ticaret.edu.tr\/siyaset-bilimi-ve-uluslararasi-iliskiler\/bilimsel-etkinlikler\/\",\"url\":\"http:\/\/ticaret.edu.tr\/siyaset-bilimi-ve-uluslararasi-iliskiler\/bilimsel-etkinlikler\/\",\"name\":\"Bilimsel Etkinlikler - Siyaset Bilimi ve Uluslararas\u0131 \u0130li\u015fkiler\",\"isPartOf\":{\"@id\":\"http:\/\/ticaret.edu.tr\/siyaset-bilimi-ve-uluslararasi-iliskiler\/en\/#website\"},\"datePublished\":\"2025-01-26T16:24:41+00:00\",\"dateModified\":\"2025-10-21T07:04:59+00:00\",\"breadcrumb\":{\"@id\":\"http:\/\/ticaret.edu.tr\/siyaset-bilimi-ve-uluslararasi-iliskiler\/bilimsel-etkinlikler\/#breadcrumb\"},\"inLanguage\":\"tr\",\"potentialAction\":[{\"@type\":\"ReadAction\",\"target\":[\"http:\/\/ticaret.edu.tr\/siyaset-bilimi-ve-uluslararasi-iliskiler\/bilimsel-etkinlikler\/\"]}]},{\"@type\":\"BreadcrumbList\",\"@id\":\"http:\/\/ticaret.edu.tr\/siyaset-bilimi-ve-uluslararasi-iliskiler\/bilimsel-etkinlikler\/#breadcrumb\",\"itemListElement\":[{\"@type\":\"ListItem\",\"position\":1,\"name\":\"Ana sayfa\",\"item\":\"http:\/\/ticaret.edu.tr\/siyaset-bilimi-ve-uluslararasi-iliskiler\/\"},{\"@type\":\"ListItem\",\"position\":2,\"name\":\"Bilimsel Etkinlikler\"}]},{\"@type\":\"WebSite\",\"@id\":\"http:\/\/ticaret.edu.tr\/siyaset-bilimi-ve-uluslararasi-iliskiler\/en\/#website\",\"url\":\"http:\/\/ticaret.edu.tr\/siyaset-bilimi-ve-uluslararasi-iliskiler\/en\/\",\"name\":\"Siyaset Bilimi ve Uluslararas\u0131 \u0130li\u015fkiler\",\"description\":\"\",\"potentialAction\":[{\"@type\":\"SearchAction\",\"target\":{\"@type\":\"EntryPoint\",\"urlTemplate\":\"http:\/\/ticaret.edu.tr\/siyaset-bilimi-ve-uluslararasi-iliskiler\/en\/?s={search_term_string}\"},\"query-input\":\"required name=search_term_string\"}],\"inLanguage\":\"tr\"}]}<\/script>\n<!-- \/ Yoast SEO Premium plugin. -->","yoast_head_json":{"title":"Bilimsel Etkinlikler - Siyaset Bilimi ve Uluslararas\u0131 \u0130li\u015fkiler","robots":{"index":"index","follow":"follow","max-snippet":"max-snippet:-1","max-image-preview":"max-image-preview:large","max-video-preview":"max-video-preview:-1"},"canonical":"http:\/\/ticaret.edu.tr\/siyaset-bilimi-ve-uluslararasi-iliskiler\/bilimsel-etkinlikler\/","og_locale":"tr_TR","og_type":"article","og_title":"Bilimsel Etkinlikler","og_description":"Akademik \u00dcretkenlik ve Bilimsel Yay\u0131nlar\u0130stanbul Ticaret \u00dcniversitesi\u00a0Siyaset Bilimi ve Uluslararas\u0131 \u0130li\u015fkiler (\u0130ngilizce) B\u00f6l\u00fcm\u00fc , akademik \u00fcretkenli\u011fi temel de\u011ferlerinden biri olarak benimsemekte; \u00f6\u011fretim \u00fcyeleri ve \u00f6\u011frencilerinin bilimsel ara\u015ft\u0131rma, yay\u0131n ve projelerde aktif bi\u00e7imde yer almalar\u0131n\u0131 te\u015fvik etmektedir. B\u00f6l\u00fcm b\u00fcnyesinde y\u00fcr\u00fct\u00fclen \u00e7al\u0131\u015fmalar,\u00a0uluslararas\u0131 ili\u015fkiler teorileri, d\u0131\u015f politika analizi, k\u00fcresel y\u00f6neti\u015fim, Avrupa Birli\u011fi \u00e7al\u0131\u015fmalar\u0131, demokrasi, insan haklar\u0131, kalk\u0131nma politikalar\u0131, [&hellip;]","og_url":"http:\/\/ticaret.edu.tr\/siyaset-bilimi-ve-uluslararasi-iliskiler\/bilimsel-etkinlikler\/","og_site_name":"Siyaset Bilimi ve Uluslararas\u0131 \u0130li\u015fkiler","article_publisher":"https:\/\/www.facebook.com\/ticaretedutr","article_modified_time":"2025-10-21T07:04:59+00:00","og_image":[{"width":1250,"height":833,"url":"http:\/\/ticaret.edu.tr\/siyaset-bilimi-ve-uluslararasi-iliskiler\/wp-content\/uploads\/sites\/27\/2021\/11\/web_logo-01.jpg","type":"image\/jpeg"}],"twitter_card":"summary_large_image","twitter_site":"@ticaretedutr","twitter_misc":{"Tahmini okuma s\u00fcresi":"2 dakika"},"schema":{"@context":"https:\/\/schema.org","@graph":[{"@type":"WebPage","@id":"http:\/\/ticaret.edu.tr\/siyaset-bilimi-ve-uluslararasi-iliskiler\/bilimsel-etkinlikler\/","url":"http:\/\/ticaret.edu.tr\/siyaset-bilimi-ve-uluslararasi-iliskiler\/bilimsel-etkinlikler\/","name":"Bilimsel Etkinlikler - Siyaset Bilimi ve Uluslararas\u0131 \u0130li\u015fkiler","isPartOf":{"@id":"http:\/\/ticaret.edu.tr\/siyaset-bilimi-ve-uluslararasi-iliskiler\/en\/#website"},"datePublished":"2025-01-26T16:24:41+00:00","dateModified":"2025-10-21T07:04:59+00:00","breadcrumb":{"@id":"http:\/\/ticaret.edu.tr\/siyaset-bilimi-ve-uluslararasi-iliskiler\/bilimsel-etkinlikler\/#breadcrumb"},"inLanguage":"tr","potentialAction":[{"@type":"ReadAction","target":["http:\/\/ticaret.edu.tr\/siyaset-bilimi-ve-uluslararasi-iliskiler\/bilimsel-etkinlikler\/"]}]},{"@type":"BreadcrumbList","@id":"http:\/\/ticaret.edu.tr\/siyaset-bilimi-ve-uluslararasi-iliskiler\/bilimsel-etkinlikler\/#breadcrumb","itemListElement":[{"@type":"ListItem","position":1,"name":"Ana sayfa","item":"http:\/\/ticaret.edu.tr\/siyaset-bilimi-ve-uluslararasi-iliskiler\/"},{"@type":"ListItem","position":2,"name":"Bilimsel Etkinlikler"}]},{"@type":"WebSite","@id":"http:\/\/ticaret.edu.tr\/siyaset-bilimi-ve-uluslararasi-iliskiler\/en\/#website","url":"http:\/\/ticaret.edu.tr\/siyaset-bilimi-ve-uluslararasi-iliskiler\/en\/","name":"Siyaset Bilimi ve Uluslararas\u0131 \u0130li\u015fkiler","description":"","potentialAction":[{"@type":"SearchAction","target":{"@type":"EntryPoint","urlTemplate":"http:\/\/ticaret.edu.tr\/siyaset-bilimi-ve-uluslararasi-iliskiler\/en\/?s={search_term_string}"},"query-input":"required name=search_term_string"}],"inLanguage":"tr"}]}},"lang":"tr","translations":{"en":1650,"tr":1484},"pll_sync_post":[],"_links":{"self":[{"href":"http:\/\/ticaret.edu.tr\/siyaset-bilimi-ve-uluslararasi-iliskiler\/wp-json\/wp\/v2\/pages\/1484"}],"collection":[{"href":"http:\/\/ticaret.edu.tr\/siyaset-bilimi-ve-uluslararasi-iliskiler\/wp-json\/wp\/v2\/pages"}],"about":[{"href":"http:\/\/ticaret.edu.tr\/siyaset-bilimi-ve-uluslararasi-iliskiler\/wp-json\/wp\/v2\/types\/page"}],"author":[{"embeddable":true,"href":"http:\/\/ticaret.edu.tr\/siyaset-bilimi-ve-uluslararasi-iliskiler\/wp-json\/wp\/v2\/users\/181"}],"replies":[{"embeddable":true,"href":"http:\/\/ticaret.edu.tr\/siyaset-bilimi-ve-uluslararasi-iliskiler\/wp-json\/wp\/v2\/comments?post=1484"}],"version-history":[{"count":2,"href":"http:\/\/ticaret.edu.tr\/siyaset-bilimi-ve-uluslararasi-iliskiler\/wp-json\/wp\/v2\/pages\/1484\/revisions"}],"predecessor-version":[{"id":2005,"href":"http:\/\/ticaret.edu.tr\/siyaset-bilimi-ve-uluslararasi-iliskiler\/wp-json\/wp\/v2\/pages\/1484\/revisions\/2005"}],"wp:attachment":[{"href":"http:\/\/ticaret.edu.tr\/siyaset-bilimi-ve-uluslararasi-iliskiler\/wp-json\/wp\/v2\/media?parent=1484"}],"curies":[{"name":"wp","href":"https:\/\/api.w.org\/{rel}","templated":true}]}}