{"id":1497,"date":"2025-01-26T19:26:07","date_gmt":"2025-01-26T16:26:07","guid":{"rendered":"https:\/\/ticaret.edu.tr\/siyaset-bilimi-ve-uluslararasi-iliskiler\/?page_id=1497"},"modified":"2025-03-20T17:12:37","modified_gmt":"2025-03-20T14:12:37","slug":"bolum-danisma-kurulu","status":"publish","type":"page","link":"http:\/\/ticaret.edu.tr\/siyaset-bilimi-ve-uluslararasi-iliskiler\/bolum-danisma-kurulu\/","title":{"rendered":"B\u00f6l\u00fcm Dan\u0131\u015fma Kurulu"},"content":{"rendered":"<p>&nbsp;<\/p>\n<p>&nbsp;<\/p>\n<table width=\"699\">\n<tbody>\n<tr>\n<td colspan=\"4\" width=\"699\"><strong>S\u0130YASET B\u0130L\u0130M\u0130 VE ULUSLARARASI \u0130L\u0130\u015eK\u0130LER (\u0130NG\u0130L\u0130ZCE) B\u00d6L\u00dcM\u00dc DANI\u015eMA KURULU \u00dcYELER\u0130<\/strong><\/td>\n<\/tr>\n<tr>\n<td width=\"196\">Prof. Dr. Mesut \u00d6zcan<\/td>\n<td width=\"147\">Ankara Sosyal Bilimler \u00dcniversitesi<\/td>\n<td width=\"186\">Uluslararas\u0131 \u0130li\u015fkiler B\u00f6l\u00fcm\u00fc \u00d6\u011fretim \u00dcyesi<\/td>\n<td width=\"170\">mesut.ozcan@asbu.edu.tr<\/td>\n<\/tr>\n<tr>\n<td width=\"196\">Prof. Dr. Nam\u0131k Sinan Turan<\/td>\n<td width=\"147\">\u0130stanbul \u00dcniversitesi \u0130ktisat Fak\u00fcltesi<\/td>\n<td width=\"186\">Siyaset Bilimi ve Uluslararas\u0131 \u0130li\u015fkiler B\u00f6l\u00fcm\u00fc \u00d6\u011fretim \u00dcyesi<\/td>\n<td width=\"170\">&nbsp;<\/p>\n<p>nsturan@istanbul.edu.tr<\/td>\n<\/tr>\n<tr>\n<td width=\"196\">Prof. Dr. Rag\u0131p Kutay Karaca<\/td>\n<td width=\"147\">Diplomasi Ara\u015ft\u0131rmalar\u0131 Derne\u011fi<\/td>\n<td width=\"186\">Ba\u015fkan Yard\u0131mc\u0131s\u0131<\/td>\n<td width=\"170\">&nbsp;<\/p>\n<p>ragipkaraca@aydin.edu.tr<\/td>\n<\/tr>\n<tr>\n<td width=\"196\">Prof. Dr. Umut T\u00fcrk\u015fen<\/td>\n<td width=\"147\">Coventry University \u2013 Birle\u015fik Krall\u0131k<\/td>\n<td width=\"186\">Faculty of Business &amp; Law and Centre for Financial and Corporate Integrity<\/td>\n<td width=\"170\">+44 7530 832350<\/p>\n<p>aa8628@coventry.ac.uk<\/td>\n<\/tr>\n<tr>\n<td width=\"196\">Dr. Tolga Sakman<\/td>\n<td width=\"147\">D\u0130PAM (Diplomatik \u0130li\u015fkiler ve Politik Ara\u015ft\u0131rmalar Merkezi)<\/td>\n<td width=\"186\">Ba\u015fkan<\/td>\n<td width=\"170\">&nbsp;<\/p>\n<p><a href=\"mailto:istanbul@tasam.org\">tolga.sakman@dipam.org<\/a><\/p>\n<p>sakmantolga@gmail.com<\/td>\n<\/tr>\n<tr>\n<td width=\"196\">Oktay Soysal<\/td>\n<td width=\"147\">\u0130stanbul Ticaret \u00dcniversitesi Siyaset Bilimi ve Uluslararas\u0131 \u0130li\u015fkiler (\u0130ngilizce) B\u00f6l\u00fcm\u00fc Mezunu<\/td>\n<td width=\"186\">Bilgiyi Ticarile\u015ftirme Merkezi (BTM) \u00d6zel Kalem<\/td>\n<td width=\"170\">&nbsp;<\/p>\n<p>oktay.soysal@btm.istanbul<\/p>\n<p>sysloktay@gmail.com<\/td>\n<\/tr>\n<tr>\n<td width=\"196\">Asl\u0131 Uzun<\/td>\n<td width=\"147\">\u0130stanbul Ticaret \u00dcniversitesi<\/td>\n<td width=\"186\">Siyaset Bilimi ve Uluslararas\u0131 \u0130li\u015fkiler (\u0130ngilizce) B\u00f6l\u00fcm\u00fc<\/p>\n<p>\u00d6\u011frencisi<\/td>\n<td width=\"170\">&nbsp;<\/p>\n<p>asli.uzun@istanbulticaret.edu.tr<\/td>\n<\/tr>\n<tr>\n<td width=\"196\">Do\u00e7. Dr. U\u011fur Yasin Asal<\/td>\n<td width=\"147\">\u0130stanbul Ticaret \u00dcniversitesi<\/td>\n<td width=\"186\">Siyaset Bilimi ve Uluslararas\u0131 \u0130li\u015fkiler (\u0130ngilizce) B\u00f6l\u00fcm Ba\u015fkan\u0131<\/td>\n<td width=\"170\">&nbsp;<\/p>\n<p>uyasal@ticaret.edu.tr<\/td>\n<\/tr>\n<tr>\n<td width=\"196\">Prof. Dr. \u00d6mer \u00c7aha<\/td>\n<td width=\"147\">\u0130stanbul Ticaret \u00dcniversitesi<\/td>\n<td width=\"186\">Siyaset Bilimi ve Uluslararas\u0131 \u0130li\u015fkiler (\u0130ngilizce) B\u00f6l\u00fcm\u00fc<\/p>\n<p>\u00d6\u011fretim \u00dcyesi<\/td>\n<td width=\"170\">&nbsp;<\/p>\n<p><a href=\"mailto:ocaha@ticaret.edu.tr\">ocaha@ticaret.edu.tr<\/a><\/td>\n<\/tr>\n<tr>\n<td width=\"196\">Prof. Dr. Mim Kemal \u00d6ke<\/p>\n<p>&nbsp;<\/td>\n<td width=\"147\">\u0130stanbul Ticaret \u00dcniversitesi<\/td>\n<td width=\"186\">Siyaset Bilimi ve Uluslararas\u0131 \u0130li\u015fkiler (\u0130ngilizce) B\u00f6l\u00fcm\u00fc<\/p>\n<p>\u00d6\u011fretim \u00dcyesi<\/td>\n<td width=\"170\">&nbsp;<\/p>\n<p>mkoke@ticaret.edu.tr<\/td>\n<\/tr>\n<tr>\n<td width=\"196\">Prof. Dr. Zeyneb \u00c7a\u011fl\u0131yan \u0130\u00e7ener<\/td>\n<td width=\"147\">\u0130stanbul Ticaret \u00dcniversitesi<\/td>\n<td width=\"186\">Siyaset Bilimi ve Uluslararas\u0131 \u0130li\u015fkiler (\u0130ngilizce) B\u00f6l\u00fcm\u00fc<\/p>\n<p>\u00d6\u011fretim \u00dcyesi<\/td>\n<td width=\"170\">&nbsp;<\/p>\n<p>zcicener@ticaret.edu.tr<\/td>\n<\/tr>\n<tr>\n<td width=\"196\">Dr. \u00d6\u011fr. \u00dcyesi Kamala Valiyeva<\/td>\n<td width=\"147\">\u0130stanbul Ticaret \u00dcniversitesi<\/td>\n<td width=\"186\">Siyaset Bilimi ve Uluslararas\u0131 \u0130li\u015fkiler (\u0130ngilizce) B\u00f6l\u00fcm\u00fc<\/p>\n<p>Kalite Sorumlusu<\/td>\n<td width=\"170\">&nbsp;<\/p>\n<p>kvaliyeva@ticaret.edu.tr<\/td>\n<\/tr>\n<tr>\n<td width=\"196\">Prof. Dr. \u0130lke Civeleko\u011flu<\/td>\n<td width=\"147\">\u0130stanbul Ticaret \u00dcniversitesi<\/td>\n<td width=\"186\">Siyaset Bilimi ve Uluslararas\u0131 \u0130li\u015fkiler (\u0130ngilizce) B\u00f6l\u00fcm\u00fc<\/p>\n<p>\u00d6\u011fretim \u00dcyesi<\/td>\n<td width=\"170\">&nbsp;<\/p>\n<p>icivelekoglu@ticaret.edu.tr<\/td>\n<\/tr>\n<tr>\n<td width=\"196\">Dr. \u00d6\u011fr. \u00dcyesi Ba\u015fak \u00d6zoral<\/td>\n<td width=\"147\">\u0130stanbul Ticaret \u00dcniversitesi<\/td>\n<td width=\"186\">Siyaset Bilimi ve Uluslararas\u0131 \u0130li\u015fkiler (\u0130ngilizce) B\u00f6l\u00fcm\u00fc<\/p>\n<p>Kalite El\u00e7isi<\/td>\n<td width=\"170\">&nbsp;<\/p>\n<p>bozoral@ticaret.edu.tr<\/td>\n<\/tr>\n<\/tbody>\n<\/table>\n<p>&nbsp;<\/p>\n","protected":false},"excerpt":{"rendered":"<p>&nbsp; &nbsp; S\u0130YASET B\u0130L\u0130M\u0130 VE ULUSLARARASI \u0130L\u0130\u015eK\u0130LER (\u0130NG\u0130L\u0130ZCE) B\u00d6L\u00dcM\u00dc DANI\u015eMA KURULU \u00dcYELER\u0130 Prof. Dr. Mesut \u00d6zcan Ankara Sosyal Bilimler \u00dcniversitesi Uluslararas\u0131 \u0130li\u015fkiler B\u00f6l\u00fcm\u00fc \u00d6\u011fretim \u00dcyesi mesut.ozcan@asbu.edu.tr Prof. Dr. Nam\u0131k Sinan Turan \u0130stanbul \u00dcniversitesi \u0130ktisat Fak\u00fcltesi Siyaset Bilimi ve Uluslararas\u0131 \u0130li\u015fkiler B\u00f6l\u00fcm\u00fc \u00d6\u011fretim \u00dcyesi &nbsp; nsturan@istanbul.edu.tr Prof. Dr. Rag\u0131p Kutay Karaca Diplomasi Ara\u015ft\u0131rmalar\u0131 Derne\u011fi Ba\u015fkan Yard\u0131mc\u0131s\u0131 [&hellip;]<\/p>\n","protected":false},"author":181,"featured_media":0,"parent":0,"menu_order":0,"comment_status":"closed","ping_status":"closed","template":"genel_sayfa.php","meta":{"footnotes":""},"yoast_head":"<!-- This site is optimized with the Yoast SEO Premium plugin v22.1 (Yoast SEO v22.1) - https:\/\/yoast.com\/wordpress\/plugins\/seo\/ -->\n<title>B\u00f6l\u00fcm Dan\u0131\u015fma Kurulu - Siyaset Bilimi ve Uluslararas\u0131 \u0130li\u015fkiler<\/title>\n<meta name=\"robots\" content=\"index, follow, max-snippet:-1, max-image-preview:large, max-video-preview:-1\" \/>\n<link rel=\"canonical\" href=\"http:\/\/ticaret.edu.tr\/siyaset-bilimi-ve-uluslararasi-iliskiler\/bolum-danisma-kurulu\/\" \/>\n<meta property=\"og:locale\" content=\"tr_TR\" \/>\n<meta property=\"og:type\" content=\"article\" \/>\n<meta property=\"og:title\" content=\"B\u00f6l\u00fcm Dan\u0131\u015fma Kurulu\" \/>\n<meta property=\"og:description\" content=\"&nbsp; &nbsp; S\u0130YASET B\u0130L\u0130M\u0130 VE ULUSLARARASI \u0130L\u0130\u015eK\u0130LER (\u0130NG\u0130L\u0130ZCE) B\u00d6L\u00dcM\u00dc DANI\u015eMA KURULU \u00dcYELER\u0130 Prof. Dr. Mesut \u00d6zcan Ankara Sosyal Bilimler \u00dcniversitesi Uluslararas\u0131 \u0130li\u015fkiler B\u00f6l\u00fcm\u00fc \u00d6\u011fretim \u00dcyesi mesut.ozcan@asbu.edu.tr Prof. Dr. Nam\u0131k Sinan Turan \u0130stanbul \u00dcniversitesi \u0130ktisat Fak\u00fcltesi Siyaset Bilimi ve Uluslararas\u0131 \u0130li\u015fkiler B\u00f6l\u00fcm\u00fc \u00d6\u011fretim \u00dcyesi &nbsp; nsturan@istanbul.edu.tr Prof. Dr. Rag\u0131p Kutay Karaca Diplomasi Ara\u015ft\u0131rmalar\u0131 Derne\u011fi Ba\u015fkan Yard\u0131mc\u0131s\u0131 [&hellip;]\" \/>\n<meta property=\"og:url\" content=\"http:\/\/ticaret.edu.tr\/siyaset-bilimi-ve-uluslararasi-iliskiler\/bolum-danisma-kurulu\/\" \/>\n<meta property=\"og:site_name\" content=\"Siyaset Bilimi ve Uluslararas\u0131 \u0130li\u015fkiler\" \/>\n<meta property=\"article:publisher\" content=\"https:\/\/www.facebook.com\/ticaretedutr\" \/>\n<meta property=\"article:modified_time\" content=\"2025-03-20T14:12:37+00:00\" \/>\n<meta property=\"og:image\" content=\"http:\/\/ticaret.edu.tr\/siyaset-bilimi-ve-uluslararasi-iliskiler\/wp-content\/uploads\/sites\/27\/2021\/11\/web_logo-01.jpg\" \/>\n\t<meta property=\"og:image:width\" content=\"1250\" \/>\n\t<meta property=\"og:image:height\" content=\"833\" \/>\n\t<meta property=\"og:image:type\" content=\"image\/jpeg\" \/>\n<meta name=\"twitter:card\" content=\"summary_large_image\" \/>\n<meta name=\"twitter:site\" content=\"@ticaretedutr\" \/>\n<meta name=\"twitter:label1\" content=\"Tahmini okuma s\u00fcresi\" \/>\n\t<meta name=\"twitter:data1\" content=\"2 dakika\" \/>\n<script type=\"application\/ld+json\" class=\"yoast-schema-graph\">{\"@context\":\"https:\/\/schema.org\",\"@graph\":[{\"@type\":\"WebPage\",\"@id\":\"http:\/\/ticaret.edu.tr\/siyaset-bilimi-ve-uluslararasi-iliskiler\/bolum-danisma-kurulu\/\",\"url\":\"http:\/\/ticaret.edu.tr\/siyaset-bilimi-ve-uluslararasi-iliskiler\/bolum-danisma-kurulu\/\",\"name\":\"B\u00f6l\u00fcm Dan\u0131\u015fma Kurulu - Siyaset Bilimi ve Uluslararas\u0131 \u0130li\u015fkiler\",\"isPartOf\":{\"@id\":\"http:\/\/ticaret.edu.tr\/siyaset-bilimi-ve-uluslararasi-iliskiler\/en\/#website\"},\"datePublished\":\"2025-01-26T16:26:07+00:00\",\"dateModified\":\"2025-03-20T14:12:37+00:00\",\"breadcrumb\":{\"@id\":\"http:\/\/ticaret.edu.tr\/siyaset-bilimi-ve-uluslararasi-iliskiler\/bolum-danisma-kurulu\/#breadcrumb\"},\"inLanguage\":\"tr\",\"potentialAction\":[{\"@type\":\"ReadAction\",\"target\":[\"http:\/\/ticaret.edu.tr\/siyaset-bilimi-ve-uluslararasi-iliskiler\/bolum-danisma-kurulu\/\"]}]},{\"@type\":\"BreadcrumbList\",\"@id\":\"http:\/\/ticaret.edu.tr\/siyaset-bilimi-ve-uluslararasi-iliskiler\/bolum-danisma-kurulu\/#breadcrumb\",\"itemListElement\":[{\"@type\":\"ListItem\",\"position\":1,\"name\":\"Ana sayfa\",\"item\":\"http:\/\/ticaret.edu.tr\/siyaset-bilimi-ve-uluslararasi-iliskiler\/\"},{\"@type\":\"ListItem\",\"position\":2,\"name\":\"B\u00f6l\u00fcm Dan\u0131\u015fma Kurulu\"}]},{\"@type\":\"WebSite\",\"@id\":\"http:\/\/ticaret.edu.tr\/siyaset-bilimi-ve-uluslararasi-iliskiler\/en\/#website\",\"url\":\"http:\/\/ticaret.edu.tr\/siyaset-bilimi-ve-uluslararasi-iliskiler\/en\/\",\"name\":\"Siyaset Bilimi ve Uluslararas\u0131 \u0130li\u015fkiler\",\"description\":\"\",\"potentialAction\":[{\"@type\":\"SearchAction\",\"target\":{\"@type\":\"EntryPoint\",\"urlTemplate\":\"http:\/\/ticaret.edu.tr\/siyaset-bilimi-ve-uluslararasi-iliskiler\/en\/?s={search_term_string}\"},\"query-input\":\"required name=search_term_string\"}],\"inLanguage\":\"tr\"}]}<\/script>\n<!-- \/ Yoast SEO Premium plugin. -->","yoast_head_json":{"title":"B\u00f6l\u00fcm Dan\u0131\u015fma Kurulu - Siyaset Bilimi ve Uluslararas\u0131 \u0130li\u015fkiler","robots":{"index":"index","follow":"follow","max-snippet":"max-snippet:-1","max-image-preview":"max-image-preview:large","max-video-preview":"max-video-preview:-1"},"canonical":"http:\/\/ticaret.edu.tr\/siyaset-bilimi-ve-uluslararasi-iliskiler\/bolum-danisma-kurulu\/","og_locale":"tr_TR","og_type":"article","og_title":"B\u00f6l\u00fcm Dan\u0131\u015fma Kurulu","og_description":"&nbsp; &nbsp; S\u0130YASET B\u0130L\u0130M\u0130 VE ULUSLARARASI \u0130L\u0130\u015eK\u0130LER (\u0130NG\u0130L\u0130ZCE) B\u00d6L\u00dcM\u00dc DANI\u015eMA KURULU \u00dcYELER\u0130 Prof. Dr. Mesut \u00d6zcan Ankara Sosyal Bilimler \u00dcniversitesi Uluslararas\u0131 \u0130li\u015fkiler B\u00f6l\u00fcm\u00fc \u00d6\u011fretim \u00dcyesi mesut.ozcan@asbu.edu.tr Prof. Dr. Nam\u0131k Sinan Turan \u0130stanbul \u00dcniversitesi \u0130ktisat Fak\u00fcltesi Siyaset Bilimi ve Uluslararas\u0131 \u0130li\u015fkiler B\u00f6l\u00fcm\u00fc \u00d6\u011fretim \u00dcyesi &nbsp; nsturan@istanbul.edu.tr Prof. Dr. Rag\u0131p Kutay Karaca Diplomasi Ara\u015ft\u0131rmalar\u0131 Derne\u011fi Ba\u015fkan Yard\u0131mc\u0131s\u0131 [&hellip;]","og_url":"http:\/\/ticaret.edu.tr\/siyaset-bilimi-ve-uluslararasi-iliskiler\/bolum-danisma-kurulu\/","og_site_name":"Siyaset Bilimi ve Uluslararas\u0131 \u0130li\u015fkiler","article_publisher":"https:\/\/www.facebook.com\/ticaretedutr","article_modified_time":"2025-03-20T14:12:37+00:00","og_image":[{"width":1250,"height":833,"url":"http:\/\/ticaret.edu.tr\/siyaset-bilimi-ve-uluslararasi-iliskiler\/wp-content\/uploads\/sites\/27\/2021\/11\/web_logo-01.jpg","type":"image\/jpeg"}],"twitter_card":"summary_large_image","twitter_site":"@ticaretedutr","twitter_misc":{"Tahmini okuma s\u00fcresi":"2 dakika"},"schema":{"@context":"https:\/\/schema.org","@graph":[{"@type":"WebPage","@id":"http:\/\/ticaret.edu.tr\/siyaset-bilimi-ve-uluslararasi-iliskiler\/bolum-danisma-kurulu\/","url":"http:\/\/ticaret.edu.tr\/siyaset-bilimi-ve-uluslararasi-iliskiler\/bolum-danisma-kurulu\/","name":"B\u00f6l\u00fcm Dan\u0131\u015fma Kurulu - Siyaset Bilimi ve Uluslararas\u0131 \u0130li\u015fkiler","isPartOf":{"@id":"http:\/\/ticaret.edu.tr\/siyaset-bilimi-ve-uluslararasi-iliskiler\/en\/#website"},"datePublished":"2025-01-26T16:26:07+00:00","dateModified":"2025-03-20T14:12:37+00:00","breadcrumb":{"@id":"http:\/\/ticaret.edu.tr\/siyaset-bilimi-ve-uluslararasi-iliskiler\/bolum-danisma-kurulu\/#breadcrumb"},"inLanguage":"tr","potentialAction":[{"@type":"ReadAction","target":["http:\/\/ticaret.edu.tr\/siyaset-bilimi-ve-uluslararasi-iliskiler\/bolum-danisma-kurulu\/"]}]},{"@type":"BreadcrumbList","@id":"http:\/\/ticaret.edu.tr\/siyaset-bilimi-ve-uluslararasi-iliskiler\/bolum-danisma-kurulu\/#breadcrumb","itemListElement":[{"@type":"ListItem","position":1,"name":"Ana sayfa","item":"http:\/\/ticaret.edu.tr\/siyaset-bilimi-ve-uluslararasi-iliskiler\/"},{"@type":"ListItem","position":2,"name":"B\u00f6l\u00fcm Dan\u0131\u015fma Kurulu"}]},{"@type":"WebSite","@id":"http:\/\/ticaret.edu.tr\/siyaset-bilimi-ve-uluslararasi-iliskiler\/en\/#website","url":"http:\/\/ticaret.edu.tr\/siyaset-bilimi-ve-uluslararasi-iliskiler\/en\/","name":"Siyaset Bilimi ve Uluslararas\u0131 \u0130li\u015fkiler","description":"","potentialAction":[{"@type":"SearchAction","target":{"@type":"EntryPoint","urlTemplate":"http:\/\/ticaret.edu.tr\/siyaset-bilimi-ve-uluslararasi-iliskiler\/en\/?s={search_term_string}"},"query-input":"required name=search_term_string"}],"inLanguage":"tr"}]}},"lang":"tr","translations":{"en":1660,"tr":1497},"pll_sync_post":[],"_links":{"self":[{"href":"http:\/\/ticaret.edu.tr\/siyaset-bilimi-ve-uluslararasi-iliskiler\/wp-json\/wp\/v2\/pages\/1497"}],"collection":[{"href":"http:\/\/ticaret.edu.tr\/siyaset-bilimi-ve-uluslararasi-iliskiler\/wp-json\/wp\/v2\/pages"}],"about":[{"href":"http:\/\/ticaret.edu.tr\/siyaset-bilimi-ve-uluslararasi-iliskiler\/wp-json\/wp\/v2\/types\/page"}],"author":[{"embeddable":true,"href":"http:\/\/ticaret.edu.tr\/siyaset-bilimi-ve-uluslararasi-iliskiler\/wp-json\/wp\/v2\/users\/181"}],"replies":[{"embeddable":true,"href":"http:\/\/ticaret.edu.tr\/siyaset-bilimi-ve-uluslararasi-iliskiler\/wp-json\/wp\/v2\/comments?post=1497"}],"version-history":[{"count":7,"href":"http:\/\/ticaret.edu.tr\/siyaset-bilimi-ve-uluslararasi-iliskiler\/wp-json\/wp\/v2\/pages\/1497\/revisions"}],"predecessor-version":[{"id":1900,"href":"http:\/\/ticaret.edu.tr\/siyaset-bilimi-ve-uluslararasi-iliskiler\/wp-json\/wp\/v2\/pages\/1497\/revisions\/1900"}],"wp:attachment":[{"href":"http:\/\/ticaret.edu.tr\/siyaset-bilimi-ve-uluslararasi-iliskiler\/wp-json\/wp\/v2\/media?parent=1497"}],"curies":[{"name":"wp","href":"https:\/\/api.w.org\/{rel}","templated":true}]}}