{"id":1546,"date":"2025-01-26T19:40:54","date_gmt":"2025-01-26T16:40:54","guid":{"rendered":"https:\/\/ticaret.edu.tr\/siyaset-bilimi-ve-uluslararasi-iliskiler\/?page_id=1546"},"modified":"2025-10-21T09:17:16","modified_gmt":"2025-10-21T06:17:16","slug":"sayisal-bilgiler","status":"publish","type":"page","link":"http:\/\/ticaret.edu.tr\/siyaset-bilimi-ve-uluslararasi-iliskiler\/sayisal-bilgiler\/","title":{"rendered":"Say\u0131sal Bilgiler"},"content":{"rendered":"<table width=\"100%\">\n<tbody>\n<tr>\n<td width=\"21%\">&nbsp;<\/td>\n<td width=\"15%\"><strong>2025<\/strong><\/td>\n<td width=\"15%\"><strong>2024<\/strong><\/td>\n<td width=\"15%\"><strong>2023<\/strong><\/td>\n<td width=\"15%\"><strong>2022<\/strong><\/td>\n<td width=\"15%\"><strong>2021<\/strong><\/td>\n<\/tr>\n<tr>\n<td width=\"21%\"><strong>Haz\u0131rl\u0131k \u00d6\u011frencisi<\/strong><\/td>\n<td width=\"15%\">41<\/td>\n<td width=\"15%\">42<\/td>\n<td width=\"15%\">29<\/td>\n<td width=\"15%\">42<\/td>\n<td width=\"15%\">32<\/td>\n<\/tr>\n<tr>\n<td width=\"21%\"><strong>1. S\u0131n\u0131f \u00d6\u011frencisi<\/strong><\/td>\n<td width=\"15%\">25<\/td>\n<td width=\"15%\">36<\/td>\n<td width=\"15%\">9<\/td>\n<td width=\"15%\">23<\/td>\n<td width=\"15%\">38<\/td>\n<\/tr>\n<tr>\n<td width=\"21%\"><strong>2. S\u0131n\u0131f \u00d6\u011frencisi<\/strong><\/td>\n<td width=\"15%\">39<\/td>\n<td width=\"15%\">30<\/td>\n<td width=\"15%\">&#8211;<\/td>\n<td width=\"15%\">41<\/td>\n<td width=\"15%\">68<\/td>\n<\/tr>\n<tr>\n<td width=\"21%\"><strong>3. S\u0131n\u0131f \u00d6\u011frencisi<\/strong><\/td>\n<td width=\"15%\">28<\/td>\n<td width=\"15%\">13<\/td>\n<td width=\"15%\">&#8211;<\/td>\n<td width=\"15%\">57<\/td>\n<td width=\"15%\">42<\/td>\n<\/tr>\n<tr>\n<td width=\"21%\"><strong>4. S\u0131n\u0131f \u00d6\u011frencisi<\/strong><\/td>\n<td width=\"15%\">11<\/td>\n<td width=\"15%\">&#8211;<\/td>\n<td width=\"15%\">&#8211;<\/td>\n<td width=\"15%\">57<\/td>\n<td width=\"15%\">66<\/td>\n<\/tr>\n<tr>\n<td width=\"21%\"><strong>Mezun<\/strong><\/td>\n<td width=\"15%\">32<\/td>\n<td width=\"15%\">43<\/td>\n<td width=\"15%\">38<\/td>\n<td width=\"15%\">24<\/td>\n<td width=\"15%\">44<\/td>\n<\/tr>\n<\/tbody>\n<\/table>\n","protected":false},"excerpt":{"rendered":"<p>&nbsp; 2025 2024 2023 2022 2021 Haz\u0131rl\u0131k \u00d6\u011frencisi 41 42 29 42 32 1. S\u0131n\u0131f \u00d6\u011frencisi 25 36 9 23 38 2. S\u0131n\u0131f \u00d6\u011frencisi 39 30 &#8211; 41 68 3. S\u0131n\u0131f \u00d6\u011frencisi 28 13 &#8211; 57 42 4. S\u0131n\u0131f \u00d6\u011frencisi 11 &#8211; &#8211; 57 66 Mezun 32 43 38 24 44<\/p>\n","protected":false},"author":223,"featured_media":0,"parent":0,"menu_order":0,"comment_status":"closed","ping_status":"closed","template":"genel_sayfa.php","meta":{"footnotes":""},"yoast_head":"<!-- This site is optimized with the Yoast SEO Premium plugin v22.1 (Yoast SEO v22.1) - https:\/\/yoast.com\/wordpress\/plugins\/seo\/ -->\n<title>Say\u0131sal Bilgiler - Siyaset Bilimi ve Uluslararas\u0131 \u0130li\u015fkiler<\/title>\n<meta name=\"robots\" content=\"index, follow, max-snippet:-1, max-image-preview:large, max-video-preview:-1\" \/>\n<link rel=\"canonical\" href=\"http:\/\/ticaret.edu.tr\/siyaset-bilimi-ve-uluslararasi-iliskiler\/sayisal-bilgiler\/\" \/>\n<meta property=\"og:locale\" content=\"tr_TR\" \/>\n<meta property=\"og:type\" content=\"article\" \/>\n<meta property=\"og:title\" content=\"Say\u0131sal Bilgiler\" \/>\n<meta property=\"og:description\" content=\"&nbsp; 2025 2024 2023 2022 2021 Haz\u0131rl\u0131k \u00d6\u011frencisi 41 42 29 42 32 1. S\u0131n\u0131f \u00d6\u011frencisi 25 36 9 23 38 2. S\u0131n\u0131f \u00d6\u011frencisi 39 30 &#8211; 41 68 3. S\u0131n\u0131f \u00d6\u011frencisi 28 13 &#8211; 57 42 4. S\u0131n\u0131f \u00d6\u011frencisi 11 &#8211; &#8211; 57 66 Mezun 32 43 38 24 44\" \/>\n<meta property=\"og:url\" content=\"http:\/\/ticaret.edu.tr\/siyaset-bilimi-ve-uluslararasi-iliskiler\/sayisal-bilgiler\/\" \/>\n<meta property=\"og:site_name\" content=\"Siyaset Bilimi ve Uluslararas\u0131 \u0130li\u015fkiler\" \/>\n<meta property=\"article:publisher\" content=\"https:\/\/www.facebook.com\/ticaretedutr\" \/>\n<meta property=\"article:modified_time\" content=\"2025-10-21T06:17:16+00:00\" \/>\n<meta property=\"og:image\" content=\"http:\/\/ticaret.edu.tr\/siyaset-bilimi-ve-uluslararasi-iliskiler\/wp-content\/uploads\/sites\/27\/2021\/11\/web_logo-01.jpg\" \/>\n\t<meta property=\"og:image:width\" content=\"1250\" \/>\n\t<meta property=\"og:image:height\" content=\"833\" \/>\n\t<meta property=\"og:image:type\" content=\"image\/jpeg\" \/>\n<meta name=\"twitter:card\" content=\"summary_large_image\" \/>\n<meta name=\"twitter:site\" content=\"@ticaretedutr\" \/>\n<meta name=\"twitter:label1\" content=\"Tahmini okuma s\u00fcresi\" \/>\n\t<meta name=\"twitter:data1\" content=\"1 dakika\" \/>\n<script type=\"application\/ld+json\" class=\"yoast-schema-graph\">{\"@context\":\"https:\/\/schema.org\",\"@graph\":[{\"@type\":\"WebPage\",\"@id\":\"http:\/\/ticaret.edu.tr\/siyaset-bilimi-ve-uluslararasi-iliskiler\/sayisal-bilgiler\/\",\"url\":\"http:\/\/ticaret.edu.tr\/siyaset-bilimi-ve-uluslararasi-iliskiler\/sayisal-bilgiler\/\",\"name\":\"Say\u0131sal Bilgiler - Siyaset Bilimi ve Uluslararas\u0131 \u0130li\u015fkiler\",\"isPartOf\":{\"@id\":\"http:\/\/ticaret.edu.tr\/siyaset-bilimi-ve-uluslararasi-iliskiler\/en\/#website\"},\"datePublished\":\"2025-01-26T16:40:54+00:00\",\"dateModified\":\"2025-10-21T06:17:16+00:00\",\"breadcrumb\":{\"@id\":\"http:\/\/ticaret.edu.tr\/siyaset-bilimi-ve-uluslararasi-iliskiler\/sayisal-bilgiler\/#breadcrumb\"},\"inLanguage\":\"tr\",\"potentialAction\":[{\"@type\":\"ReadAction\",\"target\":[\"http:\/\/ticaret.edu.tr\/siyaset-bilimi-ve-uluslararasi-iliskiler\/sayisal-bilgiler\/\"]}]},{\"@type\":\"BreadcrumbList\",\"@id\":\"http:\/\/ticaret.edu.tr\/siyaset-bilimi-ve-uluslararasi-iliskiler\/sayisal-bilgiler\/#breadcrumb\",\"itemListElement\":[{\"@type\":\"ListItem\",\"position\":1,\"name\":\"Ana sayfa\",\"item\":\"http:\/\/ticaret.edu.tr\/siyaset-bilimi-ve-uluslararasi-iliskiler\/\"},{\"@type\":\"ListItem\",\"position\":2,\"name\":\"Say\u0131sal Bilgiler\"}]},{\"@type\":\"WebSite\",\"@id\":\"http:\/\/ticaret.edu.tr\/siyaset-bilimi-ve-uluslararasi-iliskiler\/en\/#website\",\"url\":\"http:\/\/ticaret.edu.tr\/siyaset-bilimi-ve-uluslararasi-iliskiler\/en\/\",\"name\":\"Siyaset Bilimi ve Uluslararas\u0131 \u0130li\u015fkiler\",\"description\":\"\",\"potentialAction\":[{\"@type\":\"SearchAction\",\"target\":{\"@type\":\"EntryPoint\",\"urlTemplate\":\"http:\/\/ticaret.edu.tr\/siyaset-bilimi-ve-uluslararasi-iliskiler\/en\/?s={search_term_string}\"},\"query-input\":\"required name=search_term_string\"}],\"inLanguage\":\"tr\"}]}<\/script>\n<!-- \/ Yoast SEO Premium plugin. -->","yoast_head_json":{"title":"Say\u0131sal Bilgiler - Siyaset Bilimi ve Uluslararas\u0131 \u0130li\u015fkiler","robots":{"index":"index","follow":"follow","max-snippet":"max-snippet:-1","max-image-preview":"max-image-preview:large","max-video-preview":"max-video-preview:-1"},"canonical":"http:\/\/ticaret.edu.tr\/siyaset-bilimi-ve-uluslararasi-iliskiler\/sayisal-bilgiler\/","og_locale":"tr_TR","og_type":"article","og_title":"Say\u0131sal Bilgiler","og_description":"&nbsp; 2025 2024 2023 2022 2021 Haz\u0131rl\u0131k \u00d6\u011frencisi 41 42 29 42 32 1. S\u0131n\u0131f \u00d6\u011frencisi 25 36 9 23 38 2. S\u0131n\u0131f \u00d6\u011frencisi 39 30 &#8211; 41 68 3. S\u0131n\u0131f \u00d6\u011frencisi 28 13 &#8211; 57 42 4. S\u0131n\u0131f \u00d6\u011frencisi 11 &#8211; &#8211; 57 66 Mezun 32 43 38 24 44","og_url":"http:\/\/ticaret.edu.tr\/siyaset-bilimi-ve-uluslararasi-iliskiler\/sayisal-bilgiler\/","og_site_name":"Siyaset Bilimi ve Uluslararas\u0131 \u0130li\u015fkiler","article_publisher":"https:\/\/www.facebook.com\/ticaretedutr","article_modified_time":"2025-10-21T06:17:16+00:00","og_image":[{"width":1250,"height":833,"url":"http:\/\/ticaret.edu.tr\/siyaset-bilimi-ve-uluslararasi-iliskiler\/wp-content\/uploads\/sites\/27\/2021\/11\/web_logo-01.jpg","type":"image\/jpeg"}],"twitter_card":"summary_large_image","twitter_site":"@ticaretedutr","twitter_misc":{"Tahmini okuma s\u00fcresi":"1 dakika"},"schema":{"@context":"https:\/\/schema.org","@graph":[{"@type":"WebPage","@id":"http:\/\/ticaret.edu.tr\/siyaset-bilimi-ve-uluslararasi-iliskiler\/sayisal-bilgiler\/","url":"http:\/\/ticaret.edu.tr\/siyaset-bilimi-ve-uluslararasi-iliskiler\/sayisal-bilgiler\/","name":"Say\u0131sal Bilgiler - Siyaset Bilimi ve Uluslararas\u0131 \u0130li\u015fkiler","isPartOf":{"@id":"http:\/\/ticaret.edu.tr\/siyaset-bilimi-ve-uluslararasi-iliskiler\/en\/#website"},"datePublished":"2025-01-26T16:40:54+00:00","dateModified":"2025-10-21T06:17:16+00:00","breadcrumb":{"@id":"http:\/\/ticaret.edu.tr\/siyaset-bilimi-ve-uluslararasi-iliskiler\/sayisal-bilgiler\/#breadcrumb"},"inLanguage":"tr","potentialAction":[{"@type":"ReadAction","target":["http:\/\/ticaret.edu.tr\/siyaset-bilimi-ve-uluslararasi-iliskiler\/sayisal-bilgiler\/"]}]},{"@type":"BreadcrumbList","@id":"http:\/\/ticaret.edu.tr\/siyaset-bilimi-ve-uluslararasi-iliskiler\/sayisal-bilgiler\/#breadcrumb","itemListElement":[{"@type":"ListItem","position":1,"name":"Ana sayfa","item":"http:\/\/ticaret.edu.tr\/siyaset-bilimi-ve-uluslararasi-iliskiler\/"},{"@type":"ListItem","position":2,"name":"Say\u0131sal Bilgiler"}]},{"@type":"WebSite","@id":"http:\/\/ticaret.edu.tr\/siyaset-bilimi-ve-uluslararasi-iliskiler\/en\/#website","url":"http:\/\/ticaret.edu.tr\/siyaset-bilimi-ve-uluslararasi-iliskiler\/en\/","name":"Siyaset Bilimi ve Uluslararas\u0131 \u0130li\u015fkiler","description":"","potentialAction":[{"@type":"SearchAction","target":{"@type":"EntryPoint","urlTemplate":"http:\/\/ticaret.edu.tr\/siyaset-bilimi-ve-uluslararasi-iliskiler\/en\/?s={search_term_string}"},"query-input":"required name=search_term_string"}],"inLanguage":"tr"}]}},"lang":"tr","translations":{"en":1548,"tr":1546},"pll_sync_post":[],"_links":{"self":[{"href":"http:\/\/ticaret.edu.tr\/siyaset-bilimi-ve-uluslararasi-iliskiler\/wp-json\/wp\/v2\/pages\/1546"}],"collection":[{"href":"http:\/\/ticaret.edu.tr\/siyaset-bilimi-ve-uluslararasi-iliskiler\/wp-json\/wp\/v2\/pages"}],"about":[{"href":"http:\/\/ticaret.edu.tr\/siyaset-bilimi-ve-uluslararasi-iliskiler\/wp-json\/wp\/v2\/types\/page"}],"author":[{"embeddable":true,"href":"http:\/\/ticaret.edu.tr\/siyaset-bilimi-ve-uluslararasi-iliskiler\/wp-json\/wp\/v2\/users\/223"}],"replies":[{"embeddable":true,"href":"http:\/\/ticaret.edu.tr\/siyaset-bilimi-ve-uluslararasi-iliskiler\/wp-json\/wp\/v2\/comments?post=1546"}],"version-history":[{"count":2,"href":"http:\/\/ticaret.edu.tr\/siyaset-bilimi-ve-uluslararasi-iliskiler\/wp-json\/wp\/v2\/pages\/1546\/revisions"}],"predecessor-version":[{"id":1990,"href":"http:\/\/ticaret.edu.tr\/siyaset-bilimi-ve-uluslararasi-iliskiler\/wp-json\/wp\/v2\/pages\/1546\/revisions\/1990"}],"wp:attachment":[{"href":"http:\/\/ticaret.edu.tr\/siyaset-bilimi-ve-uluslararasi-iliskiler\/wp-json\/wp\/v2\/media?parent=1546"}],"curies":[{"name":"wp","href":"https:\/\/api.w.org\/{rel}","templated":true}]}}