{"id":1560,"date":"2025-01-26T19:45:42","date_gmt":"2025-01-26T16:45:42","guid":{"rendered":"https:\/\/ticaret.edu.tr\/siyaset-bilimi-ve-uluslararasi-iliskiler\/?page_id=1560"},"modified":"2025-11-25T10:46:32","modified_gmt":"2025-11-25T07:46:32","slug":"programs-learning-outcomes","status":"publish","type":"page","link":"http:\/\/ticaret.edu.tr\/siyaset-bilimi-ve-uluslararasi-iliskiler\/en\/programs-learning-outcomes\/","title":{"rendered":"Program&#8217;s Learning Outcomes"},"content":{"rendered":"<p><img loading=\"lazy\" decoding=\"async\" class=\"alignnone size-large wp-image-2052\" src=\"http:\/\/ticaret.edu.tr\/siyaset-bilimi-ve-uluslararasi-iliskiler\/wp-content\/uploads\/sites\/27\/2025\/11\/Program-Ogrenim-Ciktilari-Yeni-1-1536x637-1-1024x425.png\" alt=\"\" width=\"1024\" height=\"425\" srcset=\"http:\/\/ticaret.edu.tr\/siyaset-bilimi-ve-uluslararasi-iliskiler\/wp-content\/uploads\/sites\/27\/2025\/11\/Program-Ogrenim-Ciktilari-Yeni-1-1536x637-1-1024x425.png 1024w, http:\/\/ticaret.edu.tr\/siyaset-bilimi-ve-uluslararasi-iliskiler\/wp-content\/uploads\/sites\/27\/2025\/11\/Program-Ogrenim-Ciktilari-Yeni-1-1536x637-1-300x124.png 300w, http:\/\/ticaret.edu.tr\/siyaset-bilimi-ve-uluslararasi-iliskiler\/wp-content\/uploads\/sites\/27\/2025\/11\/Program-Ogrenim-Ciktilari-Yeni-1-1536x637-1-768x319.png 768w, http:\/\/ticaret.edu.tr\/siyaset-bilimi-ve-uluslararasi-iliskiler\/wp-content\/uploads\/sites\/27\/2025\/11\/Program-Ogrenim-Ciktilari-Yeni-1-1536x637-1.png 1536w\" sizes=\"(max-width: 1024px) 100vw, 1024px\" \/><\/p>\n","protected":false},"excerpt":{"rendered":"","protected":false},"author":223,"featured_media":0,"parent":0,"menu_order":0,"comment_status":"closed","ping_status":"closed","template":"genel_sayfa.php","meta":{"footnotes":""},"yoast_head":"<!-- This site is optimized with the Yoast SEO Premium plugin v22.1 (Yoast SEO v22.1) - https:\/\/yoast.com\/wordpress\/plugins\/seo\/ -->\n<title>Program&#039;s Learning Outcomes - Siyaset Bilimi ve Uluslararas\u0131 \u0130li\u015fkiler<\/title>\n<meta name=\"robots\" content=\"index, follow, max-snippet:-1, max-image-preview:large, max-video-preview:-1\" \/>\n<link rel=\"canonical\" href=\"http:\/\/ticaret.edu.tr\/siyaset-bilimi-ve-uluslararasi-iliskiler\/en\/programs-learning-outcomes\/\" \/>\n<meta property=\"og:locale\" content=\"tr_TR\" \/>\n<meta property=\"og:type\" content=\"article\" \/>\n<meta property=\"og:title\" content=\"Program&#039;s Learning Outcomes\" \/>\n<meta property=\"og:url\" content=\"http:\/\/ticaret.edu.tr\/siyaset-bilimi-ve-uluslararasi-iliskiler\/en\/programs-learning-outcomes\/\" \/>\n<meta property=\"og:site_name\" content=\"Siyaset Bilimi ve Uluslararas\u0131 \u0130li\u015fkiler\" \/>\n<meta property=\"article:publisher\" content=\"https:\/\/www.facebook.com\/ticaretedutr\" \/>\n<meta property=\"article:modified_time\" content=\"2025-11-25T07:46:32+00:00\" \/>\n<meta property=\"og:image\" content=\"http:\/\/ticaret.edu.tr\/siyaset-bilimi-ve-uluslararasi-iliskiler\/wp-content\/uploads\/sites\/27\/2025\/11\/Program-Ogrenim-Ciktilari-Yeni-1-1536x637-1-1024x425.png\" \/>\n<meta name=\"twitter:card\" content=\"summary_large_image\" \/>\n<meta name=\"twitter:site\" content=\"@ticaretedutr\" \/>\n<meta name=\"twitter:label1\" content=\"Tahmini okuma s\u00fcresi\" \/>\n\t<meta name=\"twitter:data1\" content=\"1 dakika\" \/>\n<script type=\"application\/ld+json\" class=\"yoast-schema-graph\">{\"@context\":\"https:\/\/schema.org\",\"@graph\":[{\"@type\":\"WebPage\",\"@id\":\"http:\/\/ticaret.edu.tr\/siyaset-bilimi-ve-uluslararasi-iliskiler\/en\/programs-learning-outcomes\/\",\"url\":\"http:\/\/ticaret.edu.tr\/siyaset-bilimi-ve-uluslararasi-iliskiler\/en\/programs-learning-outcomes\/\",\"name\":\"Program's Learning Outcomes - Siyaset Bilimi ve Uluslararas\u0131 \u0130li\u015fkiler\",\"isPartOf\":{\"@id\":\"https:\/\/ticaret.edu.tr\/siyaset-bilimi-ve-uluslararasi-iliskiler\/#website\"},\"datePublished\":\"2025-01-26T16:45:42+00:00\",\"dateModified\":\"2025-11-25T07:46:32+00:00\",\"breadcrumb\":{\"@id\":\"http:\/\/ticaret.edu.tr\/siyaset-bilimi-ve-uluslararasi-iliskiler\/en\/programs-learning-outcomes\/#breadcrumb\"},\"inLanguage\":\"tr\",\"potentialAction\":[{\"@type\":\"ReadAction\",\"target\":[\"http:\/\/ticaret.edu.tr\/siyaset-bilimi-ve-uluslararasi-iliskiler\/en\/programs-learning-outcomes\/\"]}]},{\"@type\":\"BreadcrumbList\",\"@id\":\"http:\/\/ticaret.edu.tr\/siyaset-bilimi-ve-uluslararasi-iliskiler\/en\/programs-learning-outcomes\/#breadcrumb\",\"itemListElement\":[{\"@type\":\"ListItem\",\"position\":1,\"name\":\"Ana sayfa\",\"item\":\"https:\/\/ticaret.edu.tr\/siyaset-bilimi-ve-uluslararasi-iliskiler\/\"},{\"@type\":\"ListItem\",\"position\":2,\"name\":\"Program&#8217;s Learning Outcomes\"}]},{\"@type\":\"WebSite\",\"@id\":\"https:\/\/ticaret.edu.tr\/siyaset-bilimi-ve-uluslararasi-iliskiler\/#website\",\"url\":\"https:\/\/ticaret.edu.tr\/siyaset-bilimi-ve-uluslararasi-iliskiler\/\",\"name\":\"Siyaset Bilimi ve Uluslararas\u0131 \u0130li\u015fkiler\",\"description\":\"\",\"potentialAction\":[{\"@type\":\"SearchAction\",\"target\":{\"@type\":\"EntryPoint\",\"urlTemplate\":\"https:\/\/ticaret.edu.tr\/siyaset-bilimi-ve-uluslararasi-iliskiler\/?s={search_term_string}\"},\"query-input\":\"required name=search_term_string\"}],\"inLanguage\":\"tr\"}]}<\/script>\n<!-- \/ Yoast SEO Premium plugin. -->","yoast_head_json":{"title":"Program's Learning Outcomes - Siyaset Bilimi ve Uluslararas\u0131 \u0130li\u015fkiler","robots":{"index":"index","follow":"follow","max-snippet":"max-snippet:-1","max-image-preview":"max-image-preview:large","max-video-preview":"max-video-preview:-1"},"canonical":"http:\/\/ticaret.edu.tr\/siyaset-bilimi-ve-uluslararasi-iliskiler\/en\/programs-learning-outcomes\/","og_locale":"tr_TR","og_type":"article","og_title":"Program's Learning Outcomes","og_url":"http:\/\/ticaret.edu.tr\/siyaset-bilimi-ve-uluslararasi-iliskiler\/en\/programs-learning-outcomes\/","og_site_name":"Siyaset Bilimi ve Uluslararas\u0131 \u0130li\u015fkiler","article_publisher":"https:\/\/www.facebook.com\/ticaretedutr","article_modified_time":"2025-11-25T07:46:32+00:00","og_image":[{"url":"http:\/\/ticaret.edu.tr\/siyaset-bilimi-ve-uluslararasi-iliskiler\/wp-content\/uploads\/sites\/27\/2025\/11\/Program-Ogrenim-Ciktilari-Yeni-1-1536x637-1-1024x425.png"}],"twitter_card":"summary_large_image","twitter_site":"@ticaretedutr","twitter_misc":{"Tahmini okuma s\u00fcresi":"1 dakika"},"schema":{"@context":"https:\/\/schema.org","@graph":[{"@type":"WebPage","@id":"http:\/\/ticaret.edu.tr\/siyaset-bilimi-ve-uluslararasi-iliskiler\/en\/programs-learning-outcomes\/","url":"http:\/\/ticaret.edu.tr\/siyaset-bilimi-ve-uluslararasi-iliskiler\/en\/programs-learning-outcomes\/","name":"Program's Learning Outcomes - Siyaset Bilimi ve Uluslararas\u0131 \u0130li\u015fkiler","isPartOf":{"@id":"https:\/\/ticaret.edu.tr\/siyaset-bilimi-ve-uluslararasi-iliskiler\/#website"},"datePublished":"2025-01-26T16:45:42+00:00","dateModified":"2025-11-25T07:46:32+00:00","breadcrumb":{"@id":"http:\/\/ticaret.edu.tr\/siyaset-bilimi-ve-uluslararasi-iliskiler\/en\/programs-learning-outcomes\/#breadcrumb"},"inLanguage":"tr","potentialAction":[{"@type":"ReadAction","target":["http:\/\/ticaret.edu.tr\/siyaset-bilimi-ve-uluslararasi-iliskiler\/en\/programs-learning-outcomes\/"]}]},{"@type":"BreadcrumbList","@id":"http:\/\/ticaret.edu.tr\/siyaset-bilimi-ve-uluslararasi-iliskiler\/en\/programs-learning-outcomes\/#breadcrumb","itemListElement":[{"@type":"ListItem","position":1,"name":"Ana sayfa","item":"https:\/\/ticaret.edu.tr\/siyaset-bilimi-ve-uluslararasi-iliskiler\/"},{"@type":"ListItem","position":2,"name":"Program&#8217;s Learning Outcomes"}]},{"@type":"WebSite","@id":"https:\/\/ticaret.edu.tr\/siyaset-bilimi-ve-uluslararasi-iliskiler\/#website","url":"https:\/\/ticaret.edu.tr\/siyaset-bilimi-ve-uluslararasi-iliskiler\/","name":"Siyaset Bilimi ve Uluslararas\u0131 \u0130li\u015fkiler","description":"","potentialAction":[{"@type":"SearchAction","target":{"@type":"EntryPoint","urlTemplate":"https:\/\/ticaret.edu.tr\/siyaset-bilimi-ve-uluslararasi-iliskiler\/?s={search_term_string}"},"query-input":"required name=search_term_string"}],"inLanguage":"tr"}]}},"lang":"en","translations":{"en":1560,"tr":1446},"pll_sync_post":[],"_links":{"self":[{"href":"http:\/\/ticaret.edu.tr\/siyaset-bilimi-ve-uluslararasi-iliskiler\/wp-json\/wp\/v2\/pages\/1560"}],"collection":[{"href":"http:\/\/ticaret.edu.tr\/siyaset-bilimi-ve-uluslararasi-iliskiler\/wp-json\/wp\/v2\/pages"}],"about":[{"href":"http:\/\/ticaret.edu.tr\/siyaset-bilimi-ve-uluslararasi-iliskiler\/wp-json\/wp\/v2\/types\/page"}],"author":[{"embeddable":true,"href":"http:\/\/ticaret.edu.tr\/siyaset-bilimi-ve-uluslararasi-iliskiler\/wp-json\/wp\/v2\/users\/223"}],"replies":[{"embeddable":true,"href":"http:\/\/ticaret.edu.tr\/siyaset-bilimi-ve-uluslararasi-iliskiler\/wp-json\/wp\/v2\/comments?post=1560"}],"version-history":[{"count":2,"href":"http:\/\/ticaret.edu.tr\/siyaset-bilimi-ve-uluslararasi-iliskiler\/wp-json\/wp\/v2\/pages\/1560\/revisions"}],"predecessor-version":[{"id":2053,"href":"http:\/\/ticaret.edu.tr\/siyaset-bilimi-ve-uluslararasi-iliskiler\/wp-json\/wp\/v2\/pages\/1560\/revisions\/2053"}],"wp:attachment":[{"href":"http:\/\/ticaret.edu.tr\/siyaset-bilimi-ve-uluslararasi-iliskiler\/wp-json\/wp\/v2\/media?parent=1560"}],"curies":[{"name":"wp","href":"https:\/\/api.w.org\/{rel}","templated":true}]}}