{"id":1579,"date":"2025-01-26T19:58:00","date_gmt":"2025-01-26T16:58:00","guid":{"rendered":"https:\/\/ticaret.edu.tr\/siyaset-bilimi-ve-uluslararasi-iliskiler\/?page_id=1579"},"modified":"2025-10-21T09:12:00","modified_gmt":"2025-10-21T06:12:00","slug":"lisans-genel-bilgi","status":"publish","type":"page","link":"http:\/\/ticaret.edu.tr\/siyaset-bilimi-ve-uluslararasi-iliskiler\/lisans-genel-bilgi\/","title":{"rendered":"Genel Bilgi"},"content":{"rendered":"<p>2005 y\u0131l\u0131nda \u0130\u015fletme Fak\u00fcltesi\u2019nde T\u00fcrk\u00e7e e\u011fitime ba\u015flayan Uluslararas\u0131 \u0130li\u015fkiler B\u00f6l\u00fcm\u00fc, halen \u00dcniversite S\u00fctl\u00fcce Kamp\u00fcs\u00fc\u2019nde e\u011fitim ve \u00f6\u011fretime devam etmektedir. B\u00f6l\u00fcm ilk mezunlar\u0131n\u0131 2009 tarihinde vermi\u015ftir. 2014 y\u0131l\u0131nda B\u00f6l\u00fcm, Siyaset Bilimi ve Uluslararas\u0131 \u0130li\u015fkiler B\u00f6l\u00fcm\u00fc olarak yeniden adland\u0131r\u0131lm\u0131\u015ft\u0131r. B\u00f6l\u00fcm yine bu tarihte y\u00fczde 30 \u0130ngilizce destekli bir program haline getirilmi\u015ftir. 2022-2023 tarihinde Siyaset Bilimi ve Uluslararas\u0131 \u0130li\u015fkiler y\u00fczde 100 \u0130ngilizce B\u00f6l\u00fcm\u00fc e\u011fitim \u00f6\u011fretim faaliyetine ba\u015flam\u0131\u015ft\u0131r.<\/p>\n<p>B\u00f6l\u00fcmde okumaya hak kazanan ve kay\u0131t yapt\u0131ran lisans \u00f6\u011frencileri haz\u0131rl\u0131k s\u0131n\u0131f\u0131nda \u0130ngilizce dilini \u00f6\u011frenmekte ve \u0130ngilizce yeterlilik s\u0131nav\u0131nda yeterli ba\u015far\u0131 g\u00f6stermeleri halinde lisans e\u011fitimlerine ba\u015flamaktad\u0131r. Ayr\u0131ca, \u0130ngilizce Haz\u0131rl\u0131k B\u00f6l\u00fcm\u00fc taraf\u0131ndan d\u00fczenlenen \u0130ngilizce muafiyet s\u0131nav\u0131 sonras\u0131nda ba\u015far\u0131l\u0131 olan \u00f6\u011frenciler do\u011frudan b\u00f6l\u00fcm lisans e\u011fitimlerine ba\u015flamaktad\u0131r.<\/p>\n<p class=\"xmsonormal\"><b><u>Vizyon:<\/u><\/b> Ara\u015ft\u0131rma, e\u011fitim-\u00f6\u011fretim, uluslararas\u0131la\u015fma ve toplumsal katk\u0131 faaliyetleriyle, ulusal ve uluslararas\u0131 kalite standartlar\u0131na sahip, \u00f6nc\u00fc bir lisans program\u0131 olmak.<\/p>\n<p class=\"xmsonormal\"><b><u>Misyon:<\/u><\/b> Uygulamay\u0131 merkeze alan yenilik\u00e7i \u00f6\u011fretim plan\u0131 ile analitik d\u00fc\u015f\u00fcnme, sosyal sorumluluk ve etik de\u011ferlere sahip, i\u015f d\u00fcnyas\u0131 ve kamunun ihtiya\u00e7 duydu\u011fu nitelikli mezunlar\u0131 yeti\u015ftirmek.<\/p>\n","protected":false},"excerpt":{"rendered":"<p>2005 y\u0131l\u0131nda \u0130\u015fletme Fak\u00fcltesi\u2019nde T\u00fcrk\u00e7e e\u011fitime ba\u015flayan Uluslararas\u0131 \u0130li\u015fkiler B\u00f6l\u00fcm\u00fc, halen \u00dcniversite S\u00fctl\u00fcce Kamp\u00fcs\u00fc\u2019nde e\u011fitim ve \u00f6\u011fretime devam etmektedir. B\u00f6l\u00fcm ilk mezunlar\u0131n\u0131 2009 tarihinde vermi\u015ftir. 2014 y\u0131l\u0131nda B\u00f6l\u00fcm, Siyaset Bilimi ve Uluslararas\u0131 \u0130li\u015fkiler B\u00f6l\u00fcm\u00fc olarak yeniden adland\u0131r\u0131lm\u0131\u015ft\u0131r. B\u00f6l\u00fcm yine bu tarihte y\u00fczde 30 \u0130ngilizce destekli bir program haline getirilmi\u015ftir. 2022-2023 tarihinde Siyaset Bilimi ve Uluslararas\u0131 [&hellip;]<\/p>\n","protected":false},"author":223,"featured_media":0,"parent":0,"menu_order":0,"comment_status":"closed","ping_status":"closed","template":"genel_sayfa.php","meta":{"footnotes":""},"yoast_head":"<!-- This site is optimized with the Yoast SEO Premium plugin v22.1 (Yoast SEO v22.1) - https:\/\/yoast.com\/wordpress\/plugins\/seo\/ -->\n<title>Genel Bilgi - Siyaset Bilimi ve Uluslararas\u0131 \u0130li\u015fkiler<\/title>\n<meta name=\"robots\" content=\"index, follow, max-snippet:-1, max-image-preview:large, max-video-preview:-1\" \/>\n<link rel=\"canonical\" href=\"http:\/\/ticaret.edu.tr\/siyaset-bilimi-ve-uluslararasi-iliskiler\/lisans-genel-bilgi\/\" \/>\n<meta property=\"og:locale\" content=\"tr_TR\" \/>\n<meta property=\"og:type\" content=\"article\" \/>\n<meta property=\"og:title\" content=\"Genel Bilgi\" \/>\n<meta property=\"og:description\" content=\"2005 y\u0131l\u0131nda \u0130\u015fletme Fak\u00fcltesi\u2019nde T\u00fcrk\u00e7e e\u011fitime ba\u015flayan Uluslararas\u0131 \u0130li\u015fkiler B\u00f6l\u00fcm\u00fc, halen \u00dcniversite S\u00fctl\u00fcce Kamp\u00fcs\u00fc\u2019nde e\u011fitim ve \u00f6\u011fretime devam etmektedir. B\u00f6l\u00fcm ilk mezunlar\u0131n\u0131 2009 tarihinde vermi\u015ftir. 2014 y\u0131l\u0131nda B\u00f6l\u00fcm, Siyaset Bilimi ve Uluslararas\u0131 \u0130li\u015fkiler B\u00f6l\u00fcm\u00fc olarak yeniden adland\u0131r\u0131lm\u0131\u015ft\u0131r. B\u00f6l\u00fcm yine bu tarihte y\u00fczde 30 \u0130ngilizce destekli bir program haline getirilmi\u015ftir. 2022-2023 tarihinde Siyaset Bilimi ve Uluslararas\u0131 [&hellip;]\" \/>\n<meta property=\"og:url\" content=\"http:\/\/ticaret.edu.tr\/siyaset-bilimi-ve-uluslararasi-iliskiler\/lisans-genel-bilgi\/\" \/>\n<meta property=\"og:site_name\" content=\"Siyaset Bilimi ve Uluslararas\u0131 \u0130li\u015fkiler\" \/>\n<meta property=\"article:publisher\" content=\"https:\/\/www.facebook.com\/ticaretedutr\" \/>\n<meta property=\"article:modified_time\" content=\"2025-10-21T06:12:00+00:00\" \/>\n<meta property=\"og:image\" content=\"http:\/\/ticaret.edu.tr\/siyaset-bilimi-ve-uluslararasi-iliskiler\/wp-content\/uploads\/sites\/27\/2021\/11\/web_logo-01.jpg\" \/>\n\t<meta property=\"og:image:width\" content=\"1250\" \/>\n\t<meta property=\"og:image:height\" content=\"833\" \/>\n\t<meta property=\"og:image:type\" content=\"image\/jpeg\" \/>\n<meta name=\"twitter:card\" content=\"summary_large_image\" \/>\n<meta name=\"twitter:site\" content=\"@ticaretedutr\" \/>\n<meta name=\"twitter:label1\" content=\"Tahmini okuma s\u00fcresi\" \/>\n\t<meta name=\"twitter:data1\" content=\"1 dakika\" \/>\n<script type=\"application\/ld+json\" class=\"yoast-schema-graph\">{\"@context\":\"https:\/\/schema.org\",\"@graph\":[{\"@type\":\"WebPage\",\"@id\":\"http:\/\/ticaret.edu.tr\/siyaset-bilimi-ve-uluslararasi-iliskiler\/lisans-genel-bilgi\/\",\"url\":\"http:\/\/ticaret.edu.tr\/siyaset-bilimi-ve-uluslararasi-iliskiler\/lisans-genel-bilgi\/\",\"name\":\"Genel Bilgi - Siyaset Bilimi ve Uluslararas\u0131 \u0130li\u015fkiler\",\"isPartOf\":{\"@id\":\"http:\/\/ticaret.edu.tr\/siyaset-bilimi-ve-uluslararasi-iliskiler\/en\/#website\"},\"datePublished\":\"2025-01-26T16:58:00+00:00\",\"dateModified\":\"2025-10-21T06:12:00+00:00\",\"breadcrumb\":{\"@id\":\"http:\/\/ticaret.edu.tr\/siyaset-bilimi-ve-uluslararasi-iliskiler\/lisans-genel-bilgi\/#breadcrumb\"},\"inLanguage\":\"tr\",\"potentialAction\":[{\"@type\":\"ReadAction\",\"target\":[\"http:\/\/ticaret.edu.tr\/siyaset-bilimi-ve-uluslararasi-iliskiler\/lisans-genel-bilgi\/\"]}]},{\"@type\":\"BreadcrumbList\",\"@id\":\"http:\/\/ticaret.edu.tr\/siyaset-bilimi-ve-uluslararasi-iliskiler\/lisans-genel-bilgi\/#breadcrumb\",\"itemListElement\":[{\"@type\":\"ListItem\",\"position\":1,\"name\":\"Ana sayfa\",\"item\":\"http:\/\/ticaret.edu.tr\/siyaset-bilimi-ve-uluslararasi-iliskiler\/\"},{\"@type\":\"ListItem\",\"position\":2,\"name\":\"Genel Bilgi\"}]},{\"@type\":\"WebSite\",\"@id\":\"http:\/\/ticaret.edu.tr\/siyaset-bilimi-ve-uluslararasi-iliskiler\/en\/#website\",\"url\":\"http:\/\/ticaret.edu.tr\/siyaset-bilimi-ve-uluslararasi-iliskiler\/en\/\",\"name\":\"Siyaset Bilimi ve Uluslararas\u0131 \u0130li\u015fkiler\",\"description\":\"\",\"potentialAction\":[{\"@type\":\"SearchAction\",\"target\":{\"@type\":\"EntryPoint\",\"urlTemplate\":\"http:\/\/ticaret.edu.tr\/siyaset-bilimi-ve-uluslararasi-iliskiler\/en\/?s={search_term_string}\"},\"query-input\":\"required name=search_term_string\"}],\"inLanguage\":\"tr\"}]}<\/script>\n<!-- \/ Yoast SEO Premium plugin. -->","yoast_head_json":{"title":"Genel Bilgi - Siyaset Bilimi ve Uluslararas\u0131 \u0130li\u015fkiler","robots":{"index":"index","follow":"follow","max-snippet":"max-snippet:-1","max-image-preview":"max-image-preview:large","max-video-preview":"max-video-preview:-1"},"canonical":"http:\/\/ticaret.edu.tr\/siyaset-bilimi-ve-uluslararasi-iliskiler\/lisans-genel-bilgi\/","og_locale":"tr_TR","og_type":"article","og_title":"Genel Bilgi","og_description":"2005 y\u0131l\u0131nda \u0130\u015fletme Fak\u00fcltesi\u2019nde T\u00fcrk\u00e7e e\u011fitime ba\u015flayan Uluslararas\u0131 \u0130li\u015fkiler B\u00f6l\u00fcm\u00fc, halen \u00dcniversite S\u00fctl\u00fcce Kamp\u00fcs\u00fc\u2019nde e\u011fitim ve \u00f6\u011fretime devam etmektedir. B\u00f6l\u00fcm ilk mezunlar\u0131n\u0131 2009 tarihinde vermi\u015ftir. 2014 y\u0131l\u0131nda B\u00f6l\u00fcm, Siyaset Bilimi ve Uluslararas\u0131 \u0130li\u015fkiler B\u00f6l\u00fcm\u00fc olarak yeniden adland\u0131r\u0131lm\u0131\u015ft\u0131r. B\u00f6l\u00fcm yine bu tarihte y\u00fczde 30 \u0130ngilizce destekli bir program haline getirilmi\u015ftir. 2022-2023 tarihinde Siyaset Bilimi ve Uluslararas\u0131 [&hellip;]","og_url":"http:\/\/ticaret.edu.tr\/siyaset-bilimi-ve-uluslararasi-iliskiler\/lisans-genel-bilgi\/","og_site_name":"Siyaset Bilimi ve Uluslararas\u0131 \u0130li\u015fkiler","article_publisher":"https:\/\/www.facebook.com\/ticaretedutr","article_modified_time":"2025-10-21T06:12:00+00:00","og_image":[{"width":1250,"height":833,"url":"http:\/\/ticaret.edu.tr\/siyaset-bilimi-ve-uluslararasi-iliskiler\/wp-content\/uploads\/sites\/27\/2021\/11\/web_logo-01.jpg","type":"image\/jpeg"}],"twitter_card":"summary_large_image","twitter_site":"@ticaretedutr","twitter_misc":{"Tahmini okuma s\u00fcresi":"1 dakika"},"schema":{"@context":"https:\/\/schema.org","@graph":[{"@type":"WebPage","@id":"http:\/\/ticaret.edu.tr\/siyaset-bilimi-ve-uluslararasi-iliskiler\/lisans-genel-bilgi\/","url":"http:\/\/ticaret.edu.tr\/siyaset-bilimi-ve-uluslararasi-iliskiler\/lisans-genel-bilgi\/","name":"Genel Bilgi - Siyaset Bilimi ve Uluslararas\u0131 \u0130li\u015fkiler","isPartOf":{"@id":"http:\/\/ticaret.edu.tr\/siyaset-bilimi-ve-uluslararasi-iliskiler\/en\/#website"},"datePublished":"2025-01-26T16:58:00+00:00","dateModified":"2025-10-21T06:12:00+00:00","breadcrumb":{"@id":"http:\/\/ticaret.edu.tr\/siyaset-bilimi-ve-uluslararasi-iliskiler\/lisans-genel-bilgi\/#breadcrumb"},"inLanguage":"tr","potentialAction":[{"@type":"ReadAction","target":["http:\/\/ticaret.edu.tr\/siyaset-bilimi-ve-uluslararasi-iliskiler\/lisans-genel-bilgi\/"]}]},{"@type":"BreadcrumbList","@id":"http:\/\/ticaret.edu.tr\/siyaset-bilimi-ve-uluslararasi-iliskiler\/lisans-genel-bilgi\/#breadcrumb","itemListElement":[{"@type":"ListItem","position":1,"name":"Ana sayfa","item":"http:\/\/ticaret.edu.tr\/siyaset-bilimi-ve-uluslararasi-iliskiler\/"},{"@type":"ListItem","position":2,"name":"Genel Bilgi"}]},{"@type":"WebSite","@id":"http:\/\/ticaret.edu.tr\/siyaset-bilimi-ve-uluslararasi-iliskiler\/en\/#website","url":"http:\/\/ticaret.edu.tr\/siyaset-bilimi-ve-uluslararasi-iliskiler\/en\/","name":"Siyaset Bilimi ve Uluslararas\u0131 \u0130li\u015fkiler","description":"","potentialAction":[{"@type":"SearchAction","target":{"@type":"EntryPoint","urlTemplate":"http:\/\/ticaret.edu.tr\/siyaset-bilimi-ve-uluslararasi-iliskiler\/en\/?s={search_term_string}"},"query-input":"required name=search_term_string"}],"inLanguage":"tr"}]}},"lang":"tr","translations":{"tr":1579,"en":1552},"pll_sync_post":[],"_links":{"self":[{"href":"http:\/\/ticaret.edu.tr\/siyaset-bilimi-ve-uluslararasi-iliskiler\/wp-json\/wp\/v2\/pages\/1579"}],"collection":[{"href":"http:\/\/ticaret.edu.tr\/siyaset-bilimi-ve-uluslararasi-iliskiler\/wp-json\/wp\/v2\/pages"}],"about":[{"href":"http:\/\/ticaret.edu.tr\/siyaset-bilimi-ve-uluslararasi-iliskiler\/wp-json\/wp\/v2\/types\/page"}],"author":[{"embeddable":true,"href":"http:\/\/ticaret.edu.tr\/siyaset-bilimi-ve-uluslararasi-iliskiler\/wp-json\/wp\/v2\/users\/223"}],"replies":[{"embeddable":true,"href":"http:\/\/ticaret.edu.tr\/siyaset-bilimi-ve-uluslararasi-iliskiler\/wp-json\/wp\/v2\/comments?post=1579"}],"version-history":[{"count":2,"href":"http:\/\/ticaret.edu.tr\/siyaset-bilimi-ve-uluslararasi-iliskiler\/wp-json\/wp\/v2\/pages\/1579\/revisions"}],"predecessor-version":[{"id":1989,"href":"http:\/\/ticaret.edu.tr\/siyaset-bilimi-ve-uluslararasi-iliskiler\/wp-json\/wp\/v2\/pages\/1579\/revisions\/1989"}],"wp:attachment":[{"href":"http:\/\/ticaret.edu.tr\/siyaset-bilimi-ve-uluslararasi-iliskiler\/wp-json\/wp\/v2\/media?parent=1579"}],"curies":[{"name":"wp","href":"https:\/\/api.w.org\/{rel}","templated":true}]}}