{"id":1646,"date":"2025-01-26T20:23:18","date_gmt":"2025-01-26T17:23:18","guid":{"rendered":"https:\/\/ticaret.edu.tr\/siyaset-bilimi-ve-uluslararasi-iliskiler\/?page_id=1646"},"modified":"2025-12-05T13:54:41","modified_gmt":"2025-12-05T10:54:41","slug":"research-areas","status":"publish","type":"page","link":"http:\/\/ticaret.edu.tr\/siyaset-bilimi-ve-uluslararasi-iliskiler\/en\/research-areas\/","title":{"rendered":"Research Areas"},"content":{"rendered":"<p>Research Areas<br \/>\nThe Department of Political Science and International Relations (English) at Istanbul Commerce University conducts research that examines political, economic, and social processes at the national and international levels in a multidimensional manner. Adopting an interdisciplinary approach, the department analyzes the dynamic relationships between the state, international organizations, civil society, and individuals from the perspective of political science and international relations.<\/p>\n<p>The department&#8217;s primary research areas focus on topics such as international security, foreign policy analysis, European Union studies, global governance, democracy and human rights, development and environmental policies, regional integration processes, and global power balances. In addition, faculty members and students actively carry out work within the scope of European Union projects (Erasmus+, Horizon Europe, etc.), T\u00dcB\u0130TAK-supported research projects, and other national\/international funding programs.<\/p>\n<p>Research Approach<br \/>\nThe Department of Political Science and International Relations (English) bases its academic activities on the following principles:<\/p>\n<p>&gt;Scientific rigor and methodological diversity,<\/p>\n<p>&gt;Academic ethics and impartiality,<\/p>\n<p>&gt;Interdisciplinary collaboration and a global perspective,<\/p>\n<p>&gt;Social benefit, public responsibility, and awareness of contributing to policy-making.<\/p>\n<p>The theses, academic research, T\u00dcB\u0130TAK and European Union-funded projects conducted within the department contribute significantly to deepening knowledge in the fields of political science and international relations, as well as developing innovative solutions to contemporary global and local issues.<\/p>\n","protected":false},"excerpt":{"rendered":"<p>Research Areas The Department of Political Science and International Relations (English) at Istanbul Commerce University conducts research that examines political, economic, and social processes at the national and international levels in a multidimensional manner. Adopting an interdisciplinary approach, the department analyzes the dynamic relationships between the state, international organizations, civil society, and individuals from the [&hellip;]<\/p>\n","protected":false},"author":223,"featured_media":0,"parent":0,"menu_order":0,"comment_status":"closed","ping_status":"closed","template":"genel_sayfa.php","meta":{"footnotes":""},"yoast_head":"<!-- This site is optimized with the Yoast SEO Premium plugin v22.1 (Yoast SEO v22.1) - https:\/\/yoast.com\/wordpress\/plugins\/seo\/ -->\n<title>Research Areas - Siyaset Bilimi ve Uluslararas\u0131 \u0130li\u015fkiler<\/title>\n<meta name=\"robots\" content=\"index, follow, max-snippet:-1, max-image-preview:large, max-video-preview:-1\" \/>\n<link rel=\"canonical\" href=\"http:\/\/ticaret.edu.tr\/siyaset-bilimi-ve-uluslararasi-iliskiler\/en\/research-areas\/\" \/>\n<meta property=\"og:locale\" content=\"tr_TR\" \/>\n<meta property=\"og:type\" content=\"article\" \/>\n<meta property=\"og:title\" content=\"Research Areas\" \/>\n<meta property=\"og:description\" content=\"Research Areas The Department of Political Science and International Relations (English) at Istanbul Commerce University conducts research that examines political, economic, and social processes at the national and international levels in a multidimensional manner. Adopting an interdisciplinary approach, the department analyzes the dynamic relationships between the state, international organizations, civil society, and individuals from the [&hellip;]\" \/>\n<meta property=\"og:url\" content=\"http:\/\/ticaret.edu.tr\/siyaset-bilimi-ve-uluslararasi-iliskiler\/en\/research-areas\/\" \/>\n<meta property=\"og:site_name\" content=\"Siyaset Bilimi ve Uluslararas\u0131 \u0130li\u015fkiler\" \/>\n<meta property=\"article:publisher\" content=\"https:\/\/www.facebook.com\/ticaretedutr\" \/>\n<meta property=\"article:modified_time\" content=\"2025-12-05T10:54:41+00:00\" \/>\n<meta property=\"og:image\" content=\"http:\/\/ticaret.edu.tr\/siyaset-bilimi-ve-uluslararasi-iliskiler\/wp-content\/uploads\/sites\/27\/2021\/11\/web_logo-01.jpg\" \/>\n\t<meta property=\"og:image:width\" content=\"1250\" \/>\n\t<meta property=\"og:image:height\" content=\"833\" \/>\n\t<meta property=\"og:image:type\" content=\"image\/jpeg\" \/>\n<meta name=\"twitter:card\" content=\"summary_large_image\" \/>\n<meta name=\"twitter:site\" content=\"@ticaretedutr\" \/>\n<meta name=\"twitter:label1\" content=\"Tahmini okuma s\u00fcresi\" \/>\n\t<meta name=\"twitter:data1\" content=\"2 dakika\" \/>\n<script type=\"application\/ld+json\" class=\"yoast-schema-graph\">{\"@context\":\"https:\/\/schema.org\",\"@graph\":[{\"@type\":\"WebPage\",\"@id\":\"http:\/\/ticaret.edu.tr\/siyaset-bilimi-ve-uluslararasi-iliskiler\/en\/research-areas\/\",\"url\":\"http:\/\/ticaret.edu.tr\/siyaset-bilimi-ve-uluslararasi-iliskiler\/en\/research-areas\/\",\"name\":\"Research Areas - Siyaset Bilimi ve Uluslararas\u0131 \u0130li\u015fkiler\",\"isPartOf\":{\"@id\":\"https:\/\/ticaret.edu.tr\/siyaset-bilimi-ve-uluslararasi-iliskiler\/#website\"},\"datePublished\":\"2025-01-26T17:23:18+00:00\",\"dateModified\":\"2025-12-05T10:54:41+00:00\",\"breadcrumb\":{\"@id\":\"http:\/\/ticaret.edu.tr\/siyaset-bilimi-ve-uluslararasi-iliskiler\/en\/research-areas\/#breadcrumb\"},\"inLanguage\":\"tr\",\"potentialAction\":[{\"@type\":\"ReadAction\",\"target\":[\"http:\/\/ticaret.edu.tr\/siyaset-bilimi-ve-uluslararasi-iliskiler\/en\/research-areas\/\"]}]},{\"@type\":\"BreadcrumbList\",\"@id\":\"http:\/\/ticaret.edu.tr\/siyaset-bilimi-ve-uluslararasi-iliskiler\/en\/research-areas\/#breadcrumb\",\"itemListElement\":[{\"@type\":\"ListItem\",\"position\":1,\"name\":\"Ana sayfa\",\"item\":\"https:\/\/ticaret.edu.tr\/siyaset-bilimi-ve-uluslararasi-iliskiler\/\"},{\"@type\":\"ListItem\",\"position\":2,\"name\":\"Research Areas\"}]},{\"@type\":\"WebSite\",\"@id\":\"https:\/\/ticaret.edu.tr\/siyaset-bilimi-ve-uluslararasi-iliskiler\/#website\",\"url\":\"https:\/\/ticaret.edu.tr\/siyaset-bilimi-ve-uluslararasi-iliskiler\/\",\"name\":\"Siyaset Bilimi ve Uluslararas\u0131 \u0130li\u015fkiler\",\"description\":\"\",\"potentialAction\":[{\"@type\":\"SearchAction\",\"target\":{\"@type\":\"EntryPoint\",\"urlTemplate\":\"https:\/\/ticaret.edu.tr\/siyaset-bilimi-ve-uluslararasi-iliskiler\/?s={search_term_string}\"},\"query-input\":\"required name=search_term_string\"}],\"inLanguage\":\"tr\"}]}<\/script>\n<!-- \/ Yoast SEO Premium plugin. -->","yoast_head_json":{"title":"Research Areas - Siyaset Bilimi ve Uluslararas\u0131 \u0130li\u015fkiler","robots":{"index":"index","follow":"follow","max-snippet":"max-snippet:-1","max-image-preview":"max-image-preview:large","max-video-preview":"max-video-preview:-1"},"canonical":"http:\/\/ticaret.edu.tr\/siyaset-bilimi-ve-uluslararasi-iliskiler\/en\/research-areas\/","og_locale":"tr_TR","og_type":"article","og_title":"Research Areas","og_description":"Research Areas The Department of Political Science and International Relations (English) at Istanbul Commerce University conducts research that examines political, economic, and social processes at the national and international levels in a multidimensional manner. Adopting an interdisciplinary approach, the department analyzes the dynamic relationships between the state, international organizations, civil society, and individuals from the [&hellip;]","og_url":"http:\/\/ticaret.edu.tr\/siyaset-bilimi-ve-uluslararasi-iliskiler\/en\/research-areas\/","og_site_name":"Siyaset Bilimi ve Uluslararas\u0131 \u0130li\u015fkiler","article_publisher":"https:\/\/www.facebook.com\/ticaretedutr","article_modified_time":"2025-12-05T10:54:41+00:00","og_image":[{"width":1250,"height":833,"url":"http:\/\/ticaret.edu.tr\/siyaset-bilimi-ve-uluslararasi-iliskiler\/wp-content\/uploads\/sites\/27\/2021\/11\/web_logo-01.jpg","type":"image\/jpeg"}],"twitter_card":"summary_large_image","twitter_site":"@ticaretedutr","twitter_misc":{"Tahmini okuma s\u00fcresi":"2 dakika"},"schema":{"@context":"https:\/\/schema.org","@graph":[{"@type":"WebPage","@id":"http:\/\/ticaret.edu.tr\/siyaset-bilimi-ve-uluslararasi-iliskiler\/en\/research-areas\/","url":"http:\/\/ticaret.edu.tr\/siyaset-bilimi-ve-uluslararasi-iliskiler\/en\/research-areas\/","name":"Research Areas - Siyaset Bilimi ve Uluslararas\u0131 \u0130li\u015fkiler","isPartOf":{"@id":"https:\/\/ticaret.edu.tr\/siyaset-bilimi-ve-uluslararasi-iliskiler\/#website"},"datePublished":"2025-01-26T17:23:18+00:00","dateModified":"2025-12-05T10:54:41+00:00","breadcrumb":{"@id":"http:\/\/ticaret.edu.tr\/siyaset-bilimi-ve-uluslararasi-iliskiler\/en\/research-areas\/#breadcrumb"},"inLanguage":"tr","potentialAction":[{"@type":"ReadAction","target":["http:\/\/ticaret.edu.tr\/siyaset-bilimi-ve-uluslararasi-iliskiler\/en\/research-areas\/"]}]},{"@type":"BreadcrumbList","@id":"http:\/\/ticaret.edu.tr\/siyaset-bilimi-ve-uluslararasi-iliskiler\/en\/research-areas\/#breadcrumb","itemListElement":[{"@type":"ListItem","position":1,"name":"Ana sayfa","item":"https:\/\/ticaret.edu.tr\/siyaset-bilimi-ve-uluslararasi-iliskiler\/"},{"@type":"ListItem","position":2,"name":"Research Areas"}]},{"@type":"WebSite","@id":"https:\/\/ticaret.edu.tr\/siyaset-bilimi-ve-uluslararasi-iliskiler\/#website","url":"https:\/\/ticaret.edu.tr\/siyaset-bilimi-ve-uluslararasi-iliskiler\/","name":"Siyaset Bilimi ve Uluslararas\u0131 \u0130li\u015fkiler","description":"","potentialAction":[{"@type":"SearchAction","target":{"@type":"EntryPoint","urlTemplate":"https:\/\/ticaret.edu.tr\/siyaset-bilimi-ve-uluslararasi-iliskiler\/?s={search_term_string}"},"query-input":"required name=search_term_string"}],"inLanguage":"tr"}]}},"lang":"en","translations":{"en":1646,"tr":1480},"pll_sync_post":[],"_links":{"self":[{"href":"http:\/\/ticaret.edu.tr\/siyaset-bilimi-ve-uluslararasi-iliskiler\/wp-json\/wp\/v2\/pages\/1646"}],"collection":[{"href":"http:\/\/ticaret.edu.tr\/siyaset-bilimi-ve-uluslararasi-iliskiler\/wp-json\/wp\/v2\/pages"}],"about":[{"href":"http:\/\/ticaret.edu.tr\/siyaset-bilimi-ve-uluslararasi-iliskiler\/wp-json\/wp\/v2\/types\/page"}],"author":[{"embeddable":true,"href":"http:\/\/ticaret.edu.tr\/siyaset-bilimi-ve-uluslararasi-iliskiler\/wp-json\/wp\/v2\/users\/223"}],"replies":[{"embeddable":true,"href":"http:\/\/ticaret.edu.tr\/siyaset-bilimi-ve-uluslararasi-iliskiler\/wp-json\/wp\/v2\/comments?post=1646"}],"version-history":[{"count":2,"href":"http:\/\/ticaret.edu.tr\/siyaset-bilimi-ve-uluslararasi-iliskiler\/wp-json\/wp\/v2\/pages\/1646\/revisions"}],"predecessor-version":[{"id":2088,"href":"http:\/\/ticaret.edu.tr\/siyaset-bilimi-ve-uluslararasi-iliskiler\/wp-json\/wp\/v2\/pages\/1646\/revisions\/2088"}],"wp:attachment":[{"href":"http:\/\/ticaret.edu.tr\/siyaset-bilimi-ve-uluslararasi-iliskiler\/wp-json\/wp\/v2\/media?parent=1646"}],"curies":[{"name":"wp","href":"https:\/\/api.w.org\/{rel}","templated":true}]}}