{"id":308,"date":"2020-05-03T21:50:25","date_gmt":"2020-05-03T18:50:25","guid":{"rendered":"http:\/\/ticaret.edu.tr\/sbui\/?page_id=14"},"modified":"2025-02-10T14:55:16","modified_gmt":"2025-02-10T11:55:16","slug":"homepage","status":"publish","type":"page","link":"http:\/\/ticaret.edu.tr\/siyaset-bilimi-ve-uluslararasi-iliskiler\/en\/","title":{"rendered":"Homepage"},"content":{"rendered":"<p><strong>Political Science and International Relations (English) Undergraduate Program<\/strong><\/p>\n<p>The Department of Political Science and International Relations (English) aims to produce high quality graduates with a global perspective, interdisciplinary and analytical thinking. In line with this goal, our department provides its students with an education equipped with knowledge of economics, politics, international relations, law, universal culture and foreign languages.<\/p>\n<p>The quality of the academic and administrative processes of our Department of Political Science and International Relations (English) has been accredited for 4 years between 2024-2028 as a result of the evaluation made by the Social, Humanities and Basic Sciences Accreditation and Rating Association &#8211; STAR Accreditation. Our department is among the first in this field in Turkey.<\/p>\n<p>The faculty members of our department are well-versed in interdisciplinary studies, closely follow current economic and political developments, and have significant academic experience and competence in their fields. In the first two years, our students internalize the basic facts and concepts of political science, international relations, law, philosophy of science and economics with courses in English, and from the third year onwards, they can benefit from a wide range of elective courses in the sub-disciplines they want to specialize in.<\/p>\n<p>In addition to these elective courses, our students can gain experience in practice areas before graduation through professional seminars and graduation projects in the fourth year. For the social and intellectual development of our students, department seminars, study meetings and student society activities are intensively organized throughout the academic year.<\/p>\n<p>Our graduates can represent Turkey in various ministries, especially in the Ministry of Foreign Affairs, public and private sector organizations, media organizations, non-governmental organizations, banking and international finance sector, various international organizations, especially in the United Nations; Our students who want to continue their academic career can become academicians by continuing their master&#8217;s and doctorate education both at our university and various universities in Turkey and abroad.<br \/>\nOur Department of Political Science and International Relations (English) continues its journey as an ambitious department in its field at the undergraduate, graduate and doctoral levels by benefiting from the knowledge and experience of the Istanbul Chamber of Commerce, one of the most powerful chambers of commerce in the world.<\/p>\n<p>&nbsp;<\/p>\n<p><img loading=\"lazy\" decoding=\"async\" class=\"alignnone wp-image-1313 size-full\" src=\"http:\/\/ticaret.edu.tr\/siyaset-bilimi-ve-uluslararasi-iliskiler\/wp-content\/uploads\/sites\/27\/2024\/05\/Istanbul-Ticaret-Universitesi-ITBF-Siyaset-Bilimi-ve-Uluslararasi-Iliskiler-Ingilizce_page-0001-1.jpg\" alt=\"\" width=\"1241\" height=\"1755\" srcset=\"http:\/\/ticaret.edu.tr\/siyaset-bilimi-ve-uluslararasi-iliskiler\/wp-content\/uploads\/sites\/27\/2024\/05\/Istanbul-Ticaret-Universitesi-ITBF-Siyaset-Bilimi-ve-Uluslararasi-Iliskiler-Ingilizce_page-0001-1.jpg 1241w, http:\/\/ticaret.edu.tr\/siyaset-bilimi-ve-uluslararasi-iliskiler\/wp-content\/uploads\/sites\/27\/2024\/05\/Istanbul-Ticaret-Universitesi-ITBF-Siyaset-Bilimi-ve-Uluslararasi-Iliskiler-Ingilizce_page-0001-1-212x300.jpg 212w, http:\/\/ticaret.edu.tr\/siyaset-bilimi-ve-uluslararasi-iliskiler\/wp-content\/uploads\/sites\/27\/2024\/05\/Istanbul-Ticaret-Universitesi-ITBF-Siyaset-Bilimi-ve-Uluslararasi-Iliskiler-Ingilizce_page-0001-1-724x1024.jpg 724w, http:\/\/ticaret.edu.tr\/siyaset-bilimi-ve-uluslararasi-iliskiler\/wp-content\/uploads\/sites\/27\/2024\/05\/Istanbul-Ticaret-Universitesi-ITBF-Siyaset-Bilimi-ve-Uluslararasi-Iliskiler-Ingilizce_page-0001-1-768x1086.jpg 768w, http:\/\/ticaret.edu.tr\/siyaset-bilimi-ve-uluslararasi-iliskiler\/wp-content\/uploads\/sites\/27\/2024\/05\/Istanbul-Ticaret-Universitesi-ITBF-Siyaset-Bilimi-ve-Uluslararasi-Iliskiler-Ingilizce_page-0001-1-1086x1536.jpg 1086w\" sizes=\"(max-width: 1241px) 100vw, 1241px\" \/><\/p>\n<p>&nbsp;<\/p>\n","protected":false},"excerpt":{"rendered":"<p>Political Science and International Relations (English) Undergraduate Program The Department of Political Science and International Relations (English) aims to produce high quality graduates with a global perspective, interdisciplinary and analytical thinking. In line with this goal, our department provides its students with an education equipped with knowledge of economics, politics, international relations, law, universal culture [&hellip;]<\/p>\n","protected":false},"author":1,"featured_media":0,"parent":0,"menu_order":0,"comment_status":"closed","ping_status":"closed","template":"pages\/homepage.php","meta":{"footnotes":""},"yoast_head":"<!-- This site is optimized with the Yoast SEO Premium plugin v22.1 (Yoast SEO v22.1) - https:\/\/yoast.com\/wordpress\/plugins\/seo\/ -->\n<title>Homepage - Siyaset Bilimi ve Uluslararas\u0131 \u0130li\u015fkiler<\/title>\n<meta name=\"robots\" content=\"index, follow, max-snippet:-1, max-image-preview:large, max-video-preview:-1\" \/>\n<link rel=\"canonical\" href=\"http:\/\/ticaret.edu.tr\/siyaset-bilimi-ve-uluslararasi-iliskiler\/en\/\" \/>\n<meta property=\"og:locale\" content=\"tr_TR\" \/>\n<meta property=\"og:type\" content=\"article\" \/>\n<meta property=\"og:title\" content=\"Homepage\" \/>\n<meta property=\"og:description\" content=\"Political Science and International Relations (English) Undergraduate Program The Department of Political Science and International Relations (English) aims to produce high quality graduates with a global perspective, interdisciplinary and analytical thinking. In line with this goal, our department provides its students with an education equipped with knowledge of economics, politics, international relations, law, universal culture [&hellip;]\" \/>\n<meta property=\"og:url\" content=\"http:\/\/ticaret.edu.tr\/siyaset-bilimi-ve-uluslararasi-iliskiler\/en\/\" \/>\n<meta property=\"og:site_name\" content=\"Siyaset Bilimi ve Uluslararas\u0131 \u0130li\u015fkiler\" \/>\n<meta property=\"article:publisher\" content=\"https:\/\/www.facebook.com\/ticaretedutr\" \/>\n<meta property=\"article:modified_time\" content=\"2025-02-10T11:55:16+00:00\" \/>\n<meta property=\"og:image\" content=\"http:\/\/ticaret.edu.tr\/siyaset-bilimi-ve-uluslararasi-iliskiler\/wp-content\/uploads\/sites\/27\/2024\/05\/Istanbul-Ticaret-Universitesi-ITBF-Siyaset-Bilimi-ve-Uluslararasi-Iliskiler-Ingilizce_page-0001-1.jpg\" \/>\n<meta name=\"twitter:card\" content=\"summary_large_image\" \/>\n<meta name=\"twitter:site\" content=\"@ticaretedutr\" \/>\n<meta name=\"twitter:label1\" content=\"Tahmini okuma s\u00fcresi\" \/>\n\t<meta name=\"twitter:data1\" content=\"3 dakika\" \/>\n<script type=\"application\/ld+json\" class=\"yoast-schema-graph\">{\"@context\":\"https:\/\/schema.org\",\"@graph\":[{\"@type\":\"WebPage\",\"@id\":\"http:\/\/ticaret.edu.tr\/siyaset-bilimi-ve-uluslararasi-iliskiler\/en\/\",\"url\":\"http:\/\/ticaret.edu.tr\/siyaset-bilimi-ve-uluslararasi-iliskiler\/en\/\",\"name\":\"Homepage - Siyaset Bilimi ve Uluslararas\u0131 \u0130li\u015fkiler\",\"isPartOf\":{\"@id\":\"https:\/\/ticaret.edu.tr\/siyaset-bilimi-ve-uluslararasi-iliskiler\/#website\"},\"datePublished\":\"2020-05-03T18:50:25+00:00\",\"dateModified\":\"2025-02-10T11:55:16+00:00\",\"breadcrumb\":{\"@id\":\"http:\/\/ticaret.edu.tr\/siyaset-bilimi-ve-uluslararasi-iliskiler\/en\/#breadcrumb\"},\"inLanguage\":\"tr\",\"potentialAction\":[{\"@type\":\"ReadAction\",\"target\":[\"http:\/\/ticaret.edu.tr\/siyaset-bilimi-ve-uluslararasi-iliskiler\/en\/\"]}]},{\"@type\":\"BreadcrumbList\",\"@id\":\"http:\/\/ticaret.edu.tr\/siyaset-bilimi-ve-uluslararasi-iliskiler\/en\/#breadcrumb\",\"itemListElement\":[{\"@type\":\"ListItem\",\"position\":1,\"name\":\"Ana sayfa\",\"item\":\"https:\/\/ticaret.edu.tr\/siyaset-bilimi-ve-uluslararasi-iliskiler\/\"},{\"@type\":\"ListItem\",\"position\":2,\"name\":\"Homepage\"}]},{\"@type\":\"WebSite\",\"@id\":\"https:\/\/ticaret.edu.tr\/siyaset-bilimi-ve-uluslararasi-iliskiler\/#website\",\"url\":\"https:\/\/ticaret.edu.tr\/siyaset-bilimi-ve-uluslararasi-iliskiler\/\",\"name\":\"Siyaset Bilimi ve Uluslararas\u0131 \u0130li\u015fkiler\",\"description\":\"\",\"potentialAction\":[{\"@type\":\"SearchAction\",\"target\":{\"@type\":\"EntryPoint\",\"urlTemplate\":\"https:\/\/ticaret.edu.tr\/siyaset-bilimi-ve-uluslararasi-iliskiler\/?s={search_term_string}\"},\"query-input\":\"required name=search_term_string\"}],\"inLanguage\":\"tr\"}]}<\/script>\n<!-- \/ Yoast SEO Premium plugin. -->","yoast_head_json":{"title":"Homepage - Siyaset Bilimi ve Uluslararas\u0131 \u0130li\u015fkiler","robots":{"index":"index","follow":"follow","max-snippet":"max-snippet:-1","max-image-preview":"max-image-preview:large","max-video-preview":"max-video-preview:-1"},"canonical":"http:\/\/ticaret.edu.tr\/siyaset-bilimi-ve-uluslararasi-iliskiler\/en\/","og_locale":"tr_TR","og_type":"article","og_title":"Homepage","og_description":"Political Science and International Relations (English) Undergraduate Program The Department of Political Science and International Relations (English) aims to produce high quality graduates with a global perspective, interdisciplinary and analytical thinking. In line with this goal, our department provides its students with an education equipped with knowledge of economics, politics, international relations, law, universal culture [&hellip;]","og_url":"http:\/\/ticaret.edu.tr\/siyaset-bilimi-ve-uluslararasi-iliskiler\/en\/","og_site_name":"Siyaset Bilimi ve Uluslararas\u0131 \u0130li\u015fkiler","article_publisher":"https:\/\/www.facebook.com\/ticaretedutr","article_modified_time":"2025-02-10T11:55:16+00:00","og_image":[{"url":"http:\/\/ticaret.edu.tr\/siyaset-bilimi-ve-uluslararasi-iliskiler\/wp-content\/uploads\/sites\/27\/2024\/05\/Istanbul-Ticaret-Universitesi-ITBF-Siyaset-Bilimi-ve-Uluslararasi-Iliskiler-Ingilizce_page-0001-1.jpg"}],"twitter_card":"summary_large_image","twitter_site":"@ticaretedutr","twitter_misc":{"Tahmini okuma s\u00fcresi":"3 dakika"},"schema":{"@context":"https:\/\/schema.org","@graph":[{"@type":"WebPage","@id":"http:\/\/ticaret.edu.tr\/siyaset-bilimi-ve-uluslararasi-iliskiler\/en\/","url":"http:\/\/ticaret.edu.tr\/siyaset-bilimi-ve-uluslararasi-iliskiler\/en\/","name":"Homepage - Siyaset Bilimi ve Uluslararas\u0131 \u0130li\u015fkiler","isPartOf":{"@id":"https:\/\/ticaret.edu.tr\/siyaset-bilimi-ve-uluslararasi-iliskiler\/#website"},"datePublished":"2020-05-03T18:50:25+00:00","dateModified":"2025-02-10T11:55:16+00:00","breadcrumb":{"@id":"http:\/\/ticaret.edu.tr\/siyaset-bilimi-ve-uluslararasi-iliskiler\/en\/#breadcrumb"},"inLanguage":"tr","potentialAction":[{"@type":"ReadAction","target":["http:\/\/ticaret.edu.tr\/siyaset-bilimi-ve-uluslararasi-iliskiler\/en\/"]}]},{"@type":"BreadcrumbList","@id":"http:\/\/ticaret.edu.tr\/siyaset-bilimi-ve-uluslararasi-iliskiler\/en\/#breadcrumb","itemListElement":[{"@type":"ListItem","position":1,"name":"Ana sayfa","item":"https:\/\/ticaret.edu.tr\/siyaset-bilimi-ve-uluslararasi-iliskiler\/"},{"@type":"ListItem","position":2,"name":"Homepage"}]},{"@type":"WebSite","@id":"https:\/\/ticaret.edu.tr\/siyaset-bilimi-ve-uluslararasi-iliskiler\/#website","url":"https:\/\/ticaret.edu.tr\/siyaset-bilimi-ve-uluslararasi-iliskiler\/","name":"Siyaset Bilimi ve Uluslararas\u0131 \u0130li\u015fkiler","description":"","potentialAction":[{"@type":"SearchAction","target":{"@type":"EntryPoint","urlTemplate":"https:\/\/ticaret.edu.tr\/siyaset-bilimi-ve-uluslararasi-iliskiler\/?s={search_term_string}"},"query-input":"required name=search_term_string"}],"inLanguage":"tr"}]}},"lang":"en","translations":{"tr":14,"en":308},"pll_sync_post":[],"_links":{"self":[{"href":"http:\/\/ticaret.edu.tr\/siyaset-bilimi-ve-uluslararasi-iliskiler\/wp-json\/wp\/v2\/pages\/308"}],"collection":[{"href":"http:\/\/ticaret.edu.tr\/siyaset-bilimi-ve-uluslararasi-iliskiler\/wp-json\/wp\/v2\/pages"}],"about":[{"href":"http:\/\/ticaret.edu.tr\/siyaset-bilimi-ve-uluslararasi-iliskiler\/wp-json\/wp\/v2\/types\/page"}],"author":[{"embeddable":true,"href":"http:\/\/ticaret.edu.tr\/siyaset-bilimi-ve-uluslararasi-iliskiler\/wp-json\/wp\/v2\/users\/1"}],"replies":[{"embeddable":true,"href":"http:\/\/ticaret.edu.tr\/siyaset-bilimi-ve-uluslararasi-iliskiler\/wp-json\/wp\/v2\/comments?post=308"}],"version-history":[{"count":8,"href":"http:\/\/ticaret.edu.tr\/siyaset-bilimi-ve-uluslararasi-iliskiler\/wp-json\/wp\/v2\/pages\/308\/revisions"}],"predecessor-version":[{"id":1791,"href":"http:\/\/ticaret.edu.tr\/siyaset-bilimi-ve-uluslararasi-iliskiler\/wp-json\/wp\/v2\/pages\/308\/revisions\/1791"}],"wp:attachment":[{"href":"http:\/\/ticaret.edu.tr\/siyaset-bilimi-ve-uluslararasi-iliskiler\/wp-json\/wp\/v2\/media?parent=308"}],"curies":[{"name":"wp","href":"https:\/\/api.w.org\/{rel}","templated":true}]}}