{"id":605,"date":"2022-01-04T14:52:46","date_gmt":"2022-01-04T11:52:46","guid":{"rendered":"https:\/\/ticaret.edu.tr\/siyaset-bilimi-ve-uluslararasi-iliskiler\/?page_id=605"},"modified":"2025-02-11T17:00:47","modified_gmt":"2025-02-11T14:00:47","slug":"academic-staff","status":"publish","type":"page","link":"http:\/\/ticaret.edu.tr\/siyaset-bilimi-ve-uluslararasi-iliskiler\/en\/academic-staff\/","title":{"rendered":"Academic Staff"},"content":{"rendered":"<style media=\"screen\">\r\n  \/* .akademikkadro_list { list-style: none; padding: 0; margin: 0;}\r\n  .akademikkadro_list li { float:left; width: 50%; margin-bottom: 8px; border-bottom: 1px solid rgba(0,0,0, 0.2); transition: all 0.3s ease-in-out; background-color: #fff;}\r\n  .akademikkadro_list li:first-child { width: 100%; }\r\n  .akademikkadro_list li:first-child .akademik_left { height: 220px;}\r\n  .akademikkadro_list li:hover { background-color: rgba(0,0,0, 0.05); cursor: pointer; }\r\n  .akademik_left { float:left; width: 35%; height: 150px; padding: 10px; border-bottom: 4px solid #0d1554; }\r\n  .akademik_cover { width: 100%; background-size: cover; background-position: center center; height: 100%; border: 1px solid #0d1554;  }\r\n  .akademik_content { float:left; width: 65%; padding: 15px 0px; font-size: 13px; }\r\n  .akademik_content h4 { font-size: 14px; font-weight: 600; }\r\n  .kenar { padding-left: 0; padding-right: 0; } *\/\r\n  @media (max-width: 460px) {\r\n    .akademikkadro_list li { width: 100%!important; }\r\n    .akademikkadro_list li:first-child .akademik_left { height: 120px!important; width: 27%!important;}\r\n    .dropdown-menu .dropdown-menu .dropdown-menu { left: 0px!important; }\r\n    .akademik_content { width: 73%!important; }\r\n\r\n  }\r\n  .akademikkadro_list { list-style: none; padding: 0; margin: 0;}\r\n  .akademikkadro_list li { float:left; width: 50%; margin-bottom: 8px; border-bottom: 1px solid rgba(0,0,0, 0.2); transition: all 0.3s ease-in-out; background-color: #fff;}\r\n  .akademikkadro_list li:first-child { width: 100%; }\r\n  .akademikkadro_list li:first-child .akademik_left { height: 140px; width: 15%;}\r\n  .akademikkadro_list li:hover { background-color: rgba(0,0,0, 0.05); cursor: pointer; }\r\n  .akademik_left { float:left; width: 24%; height: 120px; padding: 10px; border-bottom: 4px solid #0d1554; }\r\n  .akademik_cover { width: 100%; background-size: cover; background-position: top center; height: 100%; border: 2px solid #0d1554; border-radius: 8px; }\r\n  .akademik_content { float:left; width: 76%; padding: 15px 0px; font-size: 13px; position: relative; }\r\n  .akademik_content h4 { font-size: 14px; font-weight: 600; }\r\n  .akademik-line { position: relative; \/*z-index: 9999999;*\/ }\r\n  .akademik_content:after { position: absolute; right: 20px; font-size: 50px; font-family: \"Font Awesome 5 Free\"; content:\"\\f2c2\"; top: 20%; color:#fff; z-index: 1; }\r\n  .kenar { padding-left: 0; padding-right: 0; }\r\n<\/style>\r\n\r\n      <ul class=\"akademikkadro_list\">\r\n                            <li class=\"akademiklist_li\" cv_target=\"https:\/\/avesis.ticaret.edu.tr\/uyasal\">\r\n            <div class=\"akademik_left\">\r\n              <div class=\"akademik_cover\" style=\"background-image: url('https:\/\/ticaret.edu.tr\/wp-content\/uploads\/2025\/05\/DSCF2910-scaled.jpg');\"><\/div>\r\n            <\/div>\r\n            <div class=\"akademik_content\">\r\n              <a href=\"https:\/\/avesis.ticaret.edu.tr\/uyasal\" target=\"_blank\"><h4>Assoc. Prof. Dr.\u00a0 U\u011fur Yasin ASAL<\/h4><\/a>\r\n              <div class=\"akademik-line\">Faculty of Humanities and Social Sciences<\/div>\r\n              <div class=\"akademik-line\">Political Science & International Relations<\/div>\r\n              <div class=\"akademik-line\">Head of Department, Director of the European Union Research and Application Center<\/div>\r\n            <\/div>\r\n          <\/li>\r\n                            <li class=\"akademiklist_li\" cv_target=\"https:\/\/avesis.ticaret.edu.tr\/ocaha\">\r\n            <div class=\"akademik_left\">\r\n              <div class=\"akademik_cover\" style=\"background-image: url('https:\/\/ticaret.edu.tr\/wp-content\/uploads\/2025\/05\/DSCF3222-1.jpg');\"><\/div>\r\n            <\/div>\r\n            <div class=\"akademik_content\">\r\n              <a href=\"https:\/\/avesis.ticaret.edu.tr\/ocaha\" target=\"_blank\"><h4>Prof. Dr. \u00d6mer \u00c7AHA<\/h4><\/a>\r\n              <div class=\"akademik-line\">Faculty of Humanities and Social Sciences<\/div>\r\n              <div class=\"akademik-line\">Political Science & International Relations<\/div>\r\n              <div class=\"akademik-line\">Director of the Institute of Graduate Studies<\/div>\r\n            <\/div>\r\n          <\/li>\r\n                            <li class=\"akademiklist_li\" cv_target=\"https:\/\/avesis.ticaret.edu.tr\/icivelekoglu\">\r\n            <div class=\"akademik_left\">\r\n              <div class=\"akademik_cover\" style=\"background-image: url('https:\/\/ticaret.edu.tr\/wp-content\/uploads\/2025\/05\/DSCF2232-scaled.jpg');\"><\/div>\r\n            <\/div>\r\n            <div class=\"akademik_content\">\r\n              <a href=\"https:\/\/avesis.ticaret.edu.tr\/icivelekoglu\" target=\"_blank\"><h4>Prof. Dr.\u00a0 \u0130lke C\u0130VELEKO\u011eLU<\/h4><\/a>\r\n              <div class=\"akademik-line\">Faculty of Humanities and Social Sciences<\/div>\r\n              <div class=\"akademik-line\">Political Science & International Relations<\/div>\r\n              <div class=\"akademik-line\">Faculty Member<\/div>\r\n            <\/div>\r\n          <\/li>\r\n                            <li class=\"akademiklist_li\" cv_target=\"https:\/\/avesis.ticaret.edu.tr\/mkoke\">\r\n            <div class=\"akademik_left\">\r\n              <div class=\"akademik_cover\" style=\"background-image: url('https:\/\/ticaret.edu.tr\/wp-content\/uploads\/2025\/05\/IMG_5333.jpg');\"><\/div>\r\n            <\/div>\r\n            <div class=\"akademik_content\">\r\n              <a href=\"https:\/\/avesis.ticaret.edu.tr\/mkoke\" target=\"_blank\"><h4>Prof. Dr. Mim Kemal B\u00fclent \u00d6KE<\/h4><\/a>\r\n              <div class=\"akademik-line\">Faculty of Humanities and Social Sciences<\/div>\r\n              <div class=\"akademik-line\">Political Science & International Relations<\/div>\r\n              <div class=\"akademik-line\">Faculty Member<\/div>\r\n            <\/div>\r\n          <\/li>\r\n                            <li class=\"akademiklist_li\" cv_target=\"https:\/\/avesis.ticaret.edu.tr\/bozoral\">\r\n            <div class=\"akademik_left\">\r\n              <div class=\"akademik_cover\" style=\"background-image: url('https:\/\/ticaret.edu.tr\/wp-content\/uploads\/2025\/05\/DSCF3314-kopyasi.jpg');\"><\/div>\r\n            <\/div>\r\n            <div class=\"akademik_content\">\r\n              <a href=\"https:\/\/avesis.ticaret.edu.tr\/bozoral\" target=\"_blank\"><h4>FM Dr. Ba\u015fak \u00d6ZORAL<\/h4><\/a>\r\n              <div class=\"akademik-line\">Faculty of Humanities and Social Sciences<\/div>\r\n              <div class=\"akademik-line\">Political Science & International Relations<\/div>\r\n              <div class=\"akademik-line\">Faculty Member<\/div>\r\n            <\/div>\r\n          <\/li>\r\n                            <li class=\"akademiklist_li\" cv_target=\"https:\/\/avesis.ticaret.edu.tr\/kvaliyeva\">\r\n            <div class=\"akademik_left\">\r\n              <div class=\"akademik_cover\" style=\"background-image: url('https:\/\/ticaret.edu.tr\/wp-content\/uploads\/2025\/05\/DSCF4601-scaled.jpg');\"><\/div>\r\n            <\/div>\r\n            <div class=\"akademik_content\">\r\n              <a href=\"https:\/\/avesis.ticaret.edu.tr\/kvaliyeva\" target=\"_blank\"><h4>FM Dr. Kamala VALIYEVA<\/h4><\/a>\r\n              <div class=\"akademik-line\">Faculty of Humanities and Social Sciences<\/div>\r\n              <div class=\"akademik-line\">Political Science & International Relations<\/div>\r\n              <div class=\"akademik-line\">Faculty Member<\/div>\r\n            <\/div>\r\n          <\/li>\r\n                            <li class=\"akademiklist_li\" cv_target=\"https:\/\/avesis.ticaret.edu.tr\/ogulbak\">\r\n            <div class=\"akademik_left\">\r\n              <div class=\"akademik_cover\" style=\"background-image: url('https:\/\/ticaret.edu.tr\/wp-content\/uploads\/2025\/05\/duzenlendi-scaled.jpg');\"><\/div>\r\n            <\/div>\r\n            <div class=\"akademik_content\">\r\n              <a href=\"https:\/\/avesis.ticaret.edu.tr\/ogulbak\" target=\"_blank\"><h4>Lect. Okan G\u00dcLBAK<\/h4><\/a>\r\n              <div class=\"akademik-line\">Faculty of Humanities and Social Sciences<\/div>\r\n              <div class=\"akademik-line\">Political Science & International Relations<\/div>\r\n              <div class=\"akademik-line\">Lecturer<\/div>\r\n            <\/div>\r\n          <\/li>\r\n                            <li class=\"akademiklist_li\" cv_target=\"https:\/\/avesis.ticaret.edu.tr\/mcyildirim\">\r\n            <div class=\"akademik_left\">\r\n              <div class=\"akademik_cover\" style=\"background-image: url('https:\/\/ticaret.edu.tr\/wp-content\/uploads\/2025\/06\/IMG_6428.jpg');\"><\/div>\r\n            <\/div>\r\n            <div class=\"akademik_content\">\r\n              <a href=\"https:\/\/avesis.ticaret.edu.tr\/mcyildirim\" target=\"_blank\"><h4>RA Mevl\u00fct Can YILDIRIM<\/h4><\/a>\r\n              <div class=\"akademik-line\">Faculty of Humanities and Social Sciences<\/div>\r\n              <div class=\"akademik-line\">Political Science & International Relations<\/div>\r\n              <div class=\"akademik-line\">Research Assistant<\/div>\r\n            <\/div>\r\n          <\/li>\r\n              <\/ul>\r\n\r\n      \n","protected":false},"excerpt":{"rendered":"","protected":false},"author":149,"featured_media":0,"parent":0,"menu_order":0,"comment_status":"closed","ping_status":"closed","template":"genel_sayfa.php","meta":{"footnotes":""},"yoast_head":"<!-- This site is optimized with the Yoast SEO Premium plugin v22.1 (Yoast SEO v22.1) - https:\/\/yoast.com\/wordpress\/plugins\/seo\/ -->\n<title>Academic Staff - Siyaset Bilimi ve Uluslararas\u0131 \u0130li\u015fkiler<\/title>\n<meta name=\"robots\" content=\"index, follow, max-snippet:-1, max-image-preview:large, max-video-preview:-1\" \/>\n<link rel=\"canonical\" href=\"http:\/\/ticaret.edu.tr\/siyaset-bilimi-ve-uluslararasi-iliskiler\/en\/academic-staff\/\" \/>\n<meta property=\"og:locale\" content=\"tr_TR\" \/>\n<meta property=\"og:type\" content=\"article\" \/>\n<meta property=\"og:title\" content=\"Academic Staff\" \/>\n<meta property=\"og:url\" content=\"http:\/\/ticaret.edu.tr\/siyaset-bilimi-ve-uluslararasi-iliskiler\/en\/academic-staff\/\" \/>\n<meta property=\"og:site_name\" content=\"Siyaset Bilimi ve Uluslararas\u0131 \u0130li\u015fkiler\" \/>\n<meta property=\"article:publisher\" content=\"https:\/\/www.facebook.com\/ticaretedutr\" \/>\n<meta property=\"article:modified_time\" content=\"2025-02-11T14:00:47+00:00\" \/>\n<meta property=\"og:image\" content=\"http:\/\/ticaret.edu.tr\/siyaset-bilimi-ve-uluslararasi-iliskiler\/wp-content\/uploads\/sites\/27\/2021\/11\/web_logo-01.jpg\" \/>\n\t<meta property=\"og:image:width\" content=\"1250\" \/>\n\t<meta property=\"og:image:height\" content=\"833\" \/>\n\t<meta property=\"og:image:type\" content=\"image\/jpeg\" \/>\n<meta name=\"twitter:card\" content=\"summary_large_image\" \/>\n<meta name=\"twitter:site\" content=\"@ticaretedutr\" \/>\n<meta name=\"twitter:label1\" content=\"Tahmini okuma s\u00fcresi\" \/>\n\t<meta name=\"twitter:data1\" content=\"1 dakika\" \/>\n<script type=\"application\/ld+json\" class=\"yoast-schema-graph\">{\"@context\":\"https:\/\/schema.org\",\"@graph\":[{\"@type\":\"WebPage\",\"@id\":\"http:\/\/ticaret.edu.tr\/siyaset-bilimi-ve-uluslararasi-iliskiler\/en\/academic-staff\/\",\"url\":\"http:\/\/ticaret.edu.tr\/siyaset-bilimi-ve-uluslararasi-iliskiler\/en\/academic-staff\/\",\"name\":\"Academic Staff - Siyaset Bilimi ve Uluslararas\u0131 \u0130li\u015fkiler\",\"isPartOf\":{\"@id\":\"https:\/\/ticaret.edu.tr\/siyaset-bilimi-ve-uluslararasi-iliskiler\/#website\"},\"datePublished\":\"2022-01-04T11:52:46+00:00\",\"dateModified\":\"2025-02-11T14:00:47+00:00\",\"breadcrumb\":{\"@id\":\"http:\/\/ticaret.edu.tr\/siyaset-bilimi-ve-uluslararasi-iliskiler\/en\/academic-staff\/#breadcrumb\"},\"inLanguage\":\"tr\",\"potentialAction\":[{\"@type\":\"ReadAction\",\"target\":[\"http:\/\/ticaret.edu.tr\/siyaset-bilimi-ve-uluslararasi-iliskiler\/en\/academic-staff\/\"]}]},{\"@type\":\"BreadcrumbList\",\"@id\":\"http:\/\/ticaret.edu.tr\/siyaset-bilimi-ve-uluslararasi-iliskiler\/en\/academic-staff\/#breadcrumb\",\"itemListElement\":[{\"@type\":\"ListItem\",\"position\":1,\"name\":\"Ana sayfa\",\"item\":\"https:\/\/ticaret.edu.tr\/siyaset-bilimi-ve-uluslararasi-iliskiler\/\"},{\"@type\":\"ListItem\",\"position\":2,\"name\":\"Academic Staff\"}]},{\"@type\":\"WebSite\",\"@id\":\"https:\/\/ticaret.edu.tr\/siyaset-bilimi-ve-uluslararasi-iliskiler\/#website\",\"url\":\"https:\/\/ticaret.edu.tr\/siyaset-bilimi-ve-uluslararasi-iliskiler\/\",\"name\":\"Siyaset Bilimi ve Uluslararas\u0131 \u0130li\u015fkiler\",\"description\":\"\",\"potentialAction\":[{\"@type\":\"SearchAction\",\"target\":{\"@type\":\"EntryPoint\",\"urlTemplate\":\"https:\/\/ticaret.edu.tr\/siyaset-bilimi-ve-uluslararasi-iliskiler\/?s={search_term_string}\"},\"query-input\":\"required name=search_term_string\"}],\"inLanguage\":\"tr\"}]}<\/script>\n<!-- \/ Yoast SEO Premium plugin. -->","yoast_head_json":{"title":"Academic Staff - Siyaset Bilimi ve Uluslararas\u0131 \u0130li\u015fkiler","robots":{"index":"index","follow":"follow","max-snippet":"max-snippet:-1","max-image-preview":"max-image-preview:large","max-video-preview":"max-video-preview:-1"},"canonical":"http:\/\/ticaret.edu.tr\/siyaset-bilimi-ve-uluslararasi-iliskiler\/en\/academic-staff\/","og_locale":"tr_TR","og_type":"article","og_title":"Academic Staff","og_url":"http:\/\/ticaret.edu.tr\/siyaset-bilimi-ve-uluslararasi-iliskiler\/en\/academic-staff\/","og_site_name":"Siyaset Bilimi ve Uluslararas\u0131 \u0130li\u015fkiler","article_publisher":"https:\/\/www.facebook.com\/ticaretedutr","article_modified_time":"2025-02-11T14:00:47+00:00","og_image":[{"width":1250,"height":833,"url":"http:\/\/ticaret.edu.tr\/siyaset-bilimi-ve-uluslararasi-iliskiler\/wp-content\/uploads\/sites\/27\/2021\/11\/web_logo-01.jpg","type":"image\/jpeg"}],"twitter_card":"summary_large_image","twitter_site":"@ticaretedutr","twitter_misc":{"Tahmini okuma s\u00fcresi":"1 dakika"},"schema":{"@context":"https:\/\/schema.org","@graph":[{"@type":"WebPage","@id":"http:\/\/ticaret.edu.tr\/siyaset-bilimi-ve-uluslararasi-iliskiler\/en\/academic-staff\/","url":"http:\/\/ticaret.edu.tr\/siyaset-bilimi-ve-uluslararasi-iliskiler\/en\/academic-staff\/","name":"Academic Staff - Siyaset Bilimi ve Uluslararas\u0131 \u0130li\u015fkiler","isPartOf":{"@id":"https:\/\/ticaret.edu.tr\/siyaset-bilimi-ve-uluslararasi-iliskiler\/#website"},"datePublished":"2022-01-04T11:52:46+00:00","dateModified":"2025-02-11T14:00:47+00:00","breadcrumb":{"@id":"http:\/\/ticaret.edu.tr\/siyaset-bilimi-ve-uluslararasi-iliskiler\/en\/academic-staff\/#breadcrumb"},"inLanguage":"tr","potentialAction":[{"@type":"ReadAction","target":["http:\/\/ticaret.edu.tr\/siyaset-bilimi-ve-uluslararasi-iliskiler\/en\/academic-staff\/"]}]},{"@type":"BreadcrumbList","@id":"http:\/\/ticaret.edu.tr\/siyaset-bilimi-ve-uluslararasi-iliskiler\/en\/academic-staff\/#breadcrumb","itemListElement":[{"@type":"ListItem","position":1,"name":"Ana sayfa","item":"https:\/\/ticaret.edu.tr\/siyaset-bilimi-ve-uluslararasi-iliskiler\/"},{"@type":"ListItem","position":2,"name":"Academic Staff"}]},{"@type":"WebSite","@id":"https:\/\/ticaret.edu.tr\/siyaset-bilimi-ve-uluslararasi-iliskiler\/#website","url":"https:\/\/ticaret.edu.tr\/siyaset-bilimi-ve-uluslararasi-iliskiler\/","name":"Siyaset Bilimi ve Uluslararas\u0131 \u0130li\u015fkiler","description":"","potentialAction":[{"@type":"SearchAction","target":{"@type":"EntryPoint","urlTemplate":"https:\/\/ticaret.edu.tr\/siyaset-bilimi-ve-uluslararasi-iliskiler\/?s={search_term_string}"},"query-input":"required name=search_term_string"}],"inLanguage":"tr"}]}},"lang":"en","translations":{"en":605,"tr":9},"pll_sync_post":[],"_links":{"self":[{"href":"http:\/\/ticaret.edu.tr\/siyaset-bilimi-ve-uluslararasi-iliskiler\/wp-json\/wp\/v2\/pages\/605"}],"collection":[{"href":"http:\/\/ticaret.edu.tr\/siyaset-bilimi-ve-uluslararasi-iliskiler\/wp-json\/wp\/v2\/pages"}],"about":[{"href":"http:\/\/ticaret.edu.tr\/siyaset-bilimi-ve-uluslararasi-iliskiler\/wp-json\/wp\/v2\/types\/page"}],"author":[{"embeddable":true,"href":"http:\/\/ticaret.edu.tr\/siyaset-bilimi-ve-uluslararasi-iliskiler\/wp-json\/wp\/v2\/users\/149"}],"replies":[{"embeddable":true,"href":"http:\/\/ticaret.edu.tr\/siyaset-bilimi-ve-uluslararasi-iliskiler\/wp-json\/wp\/v2\/comments?post=605"}],"version-history":[{"count":15,"href":"http:\/\/ticaret.edu.tr\/siyaset-bilimi-ve-uluslararasi-iliskiler\/wp-json\/wp\/v2\/pages\/605\/revisions"}],"predecessor-version":[{"id":1335,"href":"http:\/\/ticaret.edu.tr\/siyaset-bilimi-ve-uluslararasi-iliskiler\/wp-json\/wp\/v2\/pages\/605\/revisions\/1335"}],"wp:attachment":[{"href":"http:\/\/ticaret.edu.tr\/siyaset-bilimi-ve-uluslararasi-iliskiler\/wp-json\/wp\/v2\/media?parent=605"}],"curies":[{"name":"wp","href":"https:\/\/api.w.org\/{rel}","templated":true}]}}