{"id":7,"date":"2020-05-03T21:49:15","date_gmt":"2020-05-03T18:49:15","guid":{"rendered":"http:\/\/ticaret.edu.tr\/sbui\/?page_id=7"},"modified":"2025-10-13T11:23:37","modified_gmt":"2025-10-13T08:23:37","slug":"mufredat","status":"publish","type":"page","link":"http:\/\/ticaret.edu.tr\/siyaset-bilimi-ve-uluslararasi-iliskiler\/mufredat\/","title":{"rendered":"M\u00fcfredat"},"content":{"rendered":"<p><a href=\"http:\/\/ticaret.edu.tr\/siyaset-bilimi-ve-uluslararasi-iliskiler\/wp-content\/uploads\/sites\/27\/2025\/10\/2025-2026-Siyaset-Bilimi-ve-Uluslararasi-Iliskiler-Bolumu-30-Ing-Mufredat-3.pdf\">2025-2026_SU\u0130_( %30 \u0130ngilizce)_M\u00fcfredat<\/a><\/p>\n<p><a href=\"http:\/\/ticaret.edu.tr\/siyaset-bilimi-ve-uluslararasi-iliskiler\/wp-content\/uploads\/sites\/27\/2025\/10\/2025-2026-Siyaset-Bilimi-ve-Uluslararasi-Iliskiler-Bolumu-100-Ing-Mufredat-3.pdf\">2025-2026_SU\u0130_(%100 \u0130ngilizce)_M\u00fcfredat<\/a><\/p>\n<p><a href=\"http:\/\/ticaret.edu.tr\/siyaset-bilimi-ve-uluslararasi-iliskiler\/wp-content\/uploads\/sites\/27\/2024\/09\/2024-2025-Siyaset-ve-Uluslararasi-Iliskiler-Ingilizce-Mufredat.pdf\">2024-2025_SU\u0130_(%100 \u0130ngilizce)_M\u00fcfredat<\/a><\/p>\n<p><a href=\"http:\/\/ticaret.edu.tr\/siyaset-bilimi-ve-uluslararasi-iliskiler\/wp-content\/uploads\/sites\/27\/2024\/09\/2024-2025-Siyaset-ve-Uluslararasi-Iliskiler-30-Mufredat.pdf\">2024-2025_SU\u0130_(%30 \u0130ngilizce)_M\u00fcfredat<\/a><\/p>\n<p><a href=\"http:\/\/ticaret.edu.tr\/siyaset-bilimi-ve-uluslararasi-iliskiler\/wp-content\/uploads\/sites\/27\/2023\/09\/Siyaset-Bilimi-ve-Uluslararasi-Iliskiler-Ingilizce.pdf\">2023-2024_SU\u0130_(%100 \u0130ngilizce)_M\u00fcfredat<\/a><\/p>\n<p><a href=\"http:\/\/ticaret.edu.tr\/siyaset-bilimi-ve-uluslararasi-iliskiler\/wp-content\/uploads\/sites\/27\/2023\/09\/Siyaset-Bilimi-ve-Uluslararasi-Iliskiler-30.pdf\">2023-2024_SU\u0130_(%30 \u0130ngilizce)_M\u00fcfredat<\/a><\/p>\n<p><a href=\"http:\/\/ticaret.edu.tr\/siyaset-bilimi-ve-uluslararasi-iliskiler\/wp-content\/uploads\/sites\/27\/2023\/09\/Siyaset-Bilimi-ve-Uluslararasi-Iliskiler-Turkce.pdf\">2023-2024_SU\u0130_(T\u00fcrk\u00e7e)_M\u00fcfredat<\/a><\/p>\n<p><strong><a href=\"http:\/\/ticaret.edu.tr\/siyaset-bilimi-ve-uluslararasi-iliskiler\/wp-content\/uploads\/sites\/27\/2022\/09\/2022-2023_SUI_Mufredat.pdf\">2022-2023_SU\u0130_(%100 \u0130ngilizce)_M\u00fcfredat<\/a><\/strong><\/p>\n<p><a href=\"http:\/\/ticaret.edu.tr\/siyaset-bilimi-ve-uluslararasi-iliskiler\/wp-content\/uploads\/sites\/27\/2022\/09\/2022-2023-SUI-30-Ingilizce.pdf\"><strong>2022-2023_SU\u0130_(%30 \u0130ngilizce)_M\u00fcfredat<\/strong><\/a><\/p>\n<p><strong><a href=\"http:\/\/ticaret.edu.tr\/siyaset-bilimi-ve-uluslararasi-iliskiler\/wp-content\/uploads\/sites\/27\/2022\/02\/2021-2022_SUI_Mufredat.pdf\">2021-2022_SU\u0130_M\u00fcfredat<\/a><\/strong><\/p>\n<p><span style=\"text-decoration: underline\"><strong><a href=\"http:\/\/ticaret.edu.tr\/sbui\/wp-content\/uploads\/sites\/27\/2021\/09\/2020-2021_Siyaset-Bilimi-ve-Uluslararasi-Iliskiler_Mufredat.pdf\">2020-2021_SU\u0130_M\u00fcfredat<\/a><\/strong><\/span><\/p>\n<p><span style=\"text-decoration: underline\"><strong><a href=\"http:\/\/ticaret.edu.tr\/sbui\/wp-content\/uploads\/sites\/27\/2021\/09\/2019-2020_SUI_Mufredat.pdf\">2019-2020_SU\u0130_M\u00fcfredat<\/a><\/strong><\/span><\/p>\n<p><span style=\"text-decoration: underline\"><strong><a href=\"http:\/\/ticaret.edu.tr\/sbui\/wp-content\/uploads\/sites\/27\/2021\/09\/2018-2019_SUI_Mufredat.pdf\">2018-2019_SU\u0130_M\u00fcfredat<\/a><\/strong><\/span><\/p>\n<p><span style=\"text-decoration: underline\"><strong><a href=\"http:\/\/ticaret.edu.tr\/sbui\/wp-content\/uploads\/sites\/27\/2021\/09\/2017-2018_SUI_Mufredat.pdf\">2017-2018_SU\u0130_M\u00fcfredat<\/a> <\/strong><\/span><\/p>\n<p><span style=\"text-decoration: underline\"><strong><a href=\"http:\/\/ticaret.edu.tr\/sbui\/wp-content\/uploads\/sites\/27\/2021\/09\/2016-2017_SUI_Mufredat.pdf\">2016-2017_SU\u0130_M\u00fcfredat<\/a> \u00a0<\/strong><\/span><\/p>\n<p><span style=\"text-decoration: underline\"><strong><a href=\"http:\/\/ticaret.edu.tr\/sbui\/wp-content\/uploads\/sites\/27\/2021\/09\/2015-2016_SUI_Mufredat.pdf\">2015-2016_SU\u0130_M\u00fcfredat<\/a><\/strong><\/span><\/p>\n<p><span style=\"text-decoration: underline\"><strong><a href=\"http:\/\/ticaret.edu.tr\/sbui\/wp-content\/uploads\/sites\/27\/2021\/09\/2014-2015_SUI_Mufredat.pdf\">2014-2015_SU\u0130_M\u00fcfredat<\/a> <\/strong><\/span><\/p>\n<p>&nbsp;<\/p>\n<p>Uluslararas\u0131 \u0130li\u015fkiler B\u00f6l\u00fcm\u00fc M\u00fcfredat\u0131<\/p>\n<p><span style=\"text-decoration: underline\"><strong><a href=\"http:\/\/ticaret.edu.tr\/siyaset-bilimi-ve-uluslararasi-iliskiler\/wp-content\/uploads\/sites\/27\/2022\/09\/2005-2006-Egitim-Ogretim-Yili-Mufredati.pdf\">2005-2006 E\u011fitim \u00d6\u011fretim Y\u0131l\u0131 M\u00fcfredat\u0131<\/a><\/strong><\/span><\/p>\n<p><span style=\"text-decoration: underline\"><strong><a href=\"http:\/\/ticaret.edu.tr\/siyaset-bilimi-ve-uluslararasi-iliskiler\/wp-content\/uploads\/sites\/27\/2022\/09\/2006-2007-Egitim-Ogretim-Yili-Mufredati.pdf\">2006-2007 E\u011fitim \u00d6\u011fretim Y\u0131l\u0131 M\u00fcfredat\u0131<\/a><\/strong><\/span><\/p>\n<p><span style=\"text-decoration: underline\"><strong><a href=\"http:\/\/ticaret.edu.tr\/siyaset-bilimi-ve-uluslararasi-iliskiler\/wp-content\/uploads\/sites\/27\/2022\/09\/2007-2008-Egitim-Ogretim-Yili-Mufredati.pdf\">2007-2008 E\u011fitim \u00d6\u011fretim Y\u0131l\u0131 M\u00fcfredat\u0131<\/a><\/strong><\/span><\/p>\n<p><span style=\"text-decoration: underline\"><strong><a href=\"http:\/\/ticaret.edu.tr\/siyaset-bilimi-ve-uluslararasi-iliskiler\/wp-content\/uploads\/sites\/27\/2022\/09\/2008-2009-Egitim-Ogretim-Yili-Mufredati.pdf\">2008-2009 E\u011fitim \u00d6\u011fretim Y\u0131l\u0131 M\u00fcfredat\u0131<\/a><\/strong><\/span><\/p>\n<p><span style=\"text-decoration: underline\"><strong><a href=\"http:\/\/ticaret.edu.tr\/siyaset-bilimi-ve-uluslararasi-iliskiler\/wp-content\/uploads\/sites\/27\/2022\/09\/2009-2010-Egitim-Ogretim-Yili-Mufredati.pdf\">2009-2010 E\u011fitim \u00d6\u011fretim Y\u0131l\u0131 M\u00fcfredat\u0131<\/a><\/strong><\/span><\/p>\n<p><span style=\"text-decoration: underline\"><strong><a href=\"http:\/\/ticaret.edu.tr\/siyaset-bilimi-ve-uluslararasi-iliskiler\/wp-content\/uploads\/sites\/27\/2022\/09\/2010-2011-Egitim-Ogretim-Yili-Mufredati.pdf\">2010-2011 E\u011fitim \u00d6\u011fretim Y\u0131l\u0131 M\u00fcfredat\u0131<\/a><\/strong><\/span><\/p>\n<p><span style=\"text-decoration: underline\"><strong><a href=\"http:\/\/ticaret.edu.tr\/siyaset-bilimi-ve-uluslararasi-iliskiler\/wp-content\/uploads\/sites\/27\/2022\/09\/2011-2012-Egitim-Ogretim-Yili-Mufredati.pdf\">2011-2012 E\u011fitim \u00d6\u011fretim Y\u0131l\u0131 M\u00fcfredat\u0131<\/a><\/strong><\/span><\/p>\n<p><span style=\"text-decoration: underline\"><strong><a href=\"http:\/\/ticaret.edu.tr\/siyaset-bilimi-ve-uluslararasi-iliskiler\/wp-content\/uploads\/sites\/27\/2022\/09\/2012-2013-Egitim-Ogretim-Yili-Mufredati.pdf\">2012-2013 E\u011fitim \u00d6\u011fretim Y\u0131l\u0131 M\u00fcfredat\u0131<\/a><\/strong><\/span><\/p>\n<p><span style=\"text-decoration: underline\"><strong><a href=\"http:\/\/ticaret.edu.tr\/siyaset-bilimi-ve-uluslararasi-iliskiler\/wp-content\/uploads\/sites\/27\/2022\/09\/2013-2014-Egitim-Ogretim-Yili-Mufredati.pdf\">2013-2014 E\u011fitim \u00d6\u011fretim Y\u0131l\u0131 M\u00fcfredat\u0131<\/a><\/strong><\/span><\/p>\n","protected":false},"excerpt":{"rendered":"<p>2025-2026_SU\u0130_( %30 \u0130ngilizce)_M\u00fcfredat 2025-2026_SU\u0130_(%100 \u0130ngilizce)_M\u00fcfredat 2024-2025_SU\u0130_(%100 \u0130ngilizce)_M\u00fcfredat 2024-2025_SU\u0130_(%30 \u0130ngilizce)_M\u00fcfredat 2023-2024_SU\u0130_(%100 \u0130ngilizce)_M\u00fcfredat 2023-2024_SU\u0130_(%30 \u0130ngilizce)_M\u00fcfredat 2023-2024_SU\u0130_(T\u00fcrk\u00e7e)_M\u00fcfredat 2022-2023_SU\u0130_(%100 \u0130ngilizce)_M\u00fcfredat 2022-2023_SU\u0130_(%30 \u0130ngilizce)_M\u00fcfredat 2021-2022_SU\u0130_M\u00fcfredat 2020-2021_SU\u0130_M\u00fcfredat 2019-2020_SU\u0130_M\u00fcfredat 2018-2019_SU\u0130_M\u00fcfredat 2017-2018_SU\u0130_M\u00fcfredat 2016-2017_SU\u0130_M\u00fcfredat \u00a0 2015-2016_SU\u0130_M\u00fcfredat 2014-2015_SU\u0130_M\u00fcfredat &nbsp; Uluslararas\u0131 \u0130li\u015fkiler B\u00f6l\u00fcm\u00fc M\u00fcfredat\u0131 2005-2006 E\u011fitim \u00d6\u011fretim Y\u0131l\u0131 M\u00fcfredat\u0131 2006-2007 E\u011fitim \u00d6\u011fretim Y\u0131l\u0131 M\u00fcfredat\u0131 2007-2008 E\u011fitim \u00d6\u011fretim Y\u0131l\u0131 M\u00fcfredat\u0131 2008-2009 E\u011fitim \u00d6\u011fretim Y\u0131l\u0131 M\u00fcfredat\u0131 2009-2010 E\u011fitim \u00d6\u011fretim [&hellip;]<\/p>\n","protected":false},"author":1,"featured_media":0,"parent":0,"menu_order":0,"comment_status":"closed","ping_status":"closed","template":"genel_sayfa.php","meta":{"footnotes":""},"yoast_head":"<!-- This site is optimized with the Yoast SEO Premium plugin v22.1 (Yoast SEO v22.1) - https:\/\/yoast.com\/wordpress\/plugins\/seo\/ -->\n<title>M\u00fcfredat - Siyaset Bilimi ve Uluslararas\u0131 \u0130li\u015fkiler<\/title>\n<meta name=\"robots\" content=\"index, follow, max-snippet:-1, max-image-preview:large, max-video-preview:-1\" \/>\n<link rel=\"canonical\" href=\"http:\/\/ticaret.edu.tr\/siyaset-bilimi-ve-uluslararasi-iliskiler\/mufredat\/\" \/>\n<meta property=\"og:locale\" content=\"tr_TR\" \/>\n<meta property=\"og:type\" content=\"article\" \/>\n<meta property=\"og:title\" content=\"M\u00fcfredat\" \/>\n<meta property=\"og:description\" content=\"2025-2026_SU\u0130_( %30 \u0130ngilizce)_M\u00fcfredat 2025-2026_SU\u0130_(%100 \u0130ngilizce)_M\u00fcfredat 2024-2025_SU\u0130_(%100 \u0130ngilizce)_M\u00fcfredat 2024-2025_SU\u0130_(%30 \u0130ngilizce)_M\u00fcfredat 2023-2024_SU\u0130_(%100 \u0130ngilizce)_M\u00fcfredat 2023-2024_SU\u0130_(%30 \u0130ngilizce)_M\u00fcfredat 2023-2024_SU\u0130_(T\u00fcrk\u00e7e)_M\u00fcfredat 2022-2023_SU\u0130_(%100 \u0130ngilizce)_M\u00fcfredat 2022-2023_SU\u0130_(%30 \u0130ngilizce)_M\u00fcfredat 2021-2022_SU\u0130_M\u00fcfredat 2020-2021_SU\u0130_M\u00fcfredat 2019-2020_SU\u0130_M\u00fcfredat 2018-2019_SU\u0130_M\u00fcfredat 2017-2018_SU\u0130_M\u00fcfredat 2016-2017_SU\u0130_M\u00fcfredat \u00a0 2015-2016_SU\u0130_M\u00fcfredat 2014-2015_SU\u0130_M\u00fcfredat &nbsp; Uluslararas\u0131 \u0130li\u015fkiler B\u00f6l\u00fcm\u00fc M\u00fcfredat\u0131 2005-2006 E\u011fitim \u00d6\u011fretim Y\u0131l\u0131 M\u00fcfredat\u0131 2006-2007 E\u011fitim \u00d6\u011fretim Y\u0131l\u0131 M\u00fcfredat\u0131 2007-2008 E\u011fitim \u00d6\u011fretim Y\u0131l\u0131 M\u00fcfredat\u0131 2008-2009 E\u011fitim \u00d6\u011fretim Y\u0131l\u0131 M\u00fcfredat\u0131 2009-2010 E\u011fitim \u00d6\u011fretim [&hellip;]\" \/>\n<meta property=\"og:url\" content=\"http:\/\/ticaret.edu.tr\/siyaset-bilimi-ve-uluslararasi-iliskiler\/mufredat\/\" \/>\n<meta property=\"og:site_name\" content=\"Siyaset Bilimi ve Uluslararas\u0131 \u0130li\u015fkiler\" \/>\n<meta property=\"article:publisher\" content=\"https:\/\/www.facebook.com\/ticaretedutr\" \/>\n<meta property=\"article:modified_time\" content=\"2025-10-13T08:23:37+00:00\" \/>\n<meta property=\"og:image\" content=\"http:\/\/ticaret.edu.tr\/siyaset-bilimi-ve-uluslararasi-iliskiler\/wp-content\/uploads\/sites\/27\/2021\/11\/web_logo-01.jpg\" \/>\n\t<meta property=\"og:image:width\" content=\"1250\" \/>\n\t<meta property=\"og:image:height\" content=\"833\" \/>\n\t<meta property=\"og:image:type\" content=\"image\/jpeg\" \/>\n<meta name=\"twitter:card\" content=\"summary_large_image\" \/>\n<meta name=\"twitter:site\" content=\"@ticaretedutr\" \/>\n<meta name=\"twitter:label1\" content=\"Tahmini okuma s\u00fcresi\" \/>\n\t<meta name=\"twitter:data1\" content=\"1 dakika\" \/>\n<script type=\"application\/ld+json\" class=\"yoast-schema-graph\">{\"@context\":\"https:\/\/schema.org\",\"@graph\":[{\"@type\":\"WebPage\",\"@id\":\"http:\/\/ticaret.edu.tr\/siyaset-bilimi-ve-uluslararasi-iliskiler\/mufredat\/\",\"url\":\"http:\/\/ticaret.edu.tr\/siyaset-bilimi-ve-uluslararasi-iliskiler\/mufredat\/\",\"name\":\"M\u00fcfredat - Siyaset Bilimi ve Uluslararas\u0131 \u0130li\u015fkiler\",\"isPartOf\":{\"@id\":\"http:\/\/ticaret.edu.tr\/siyaset-bilimi-ve-uluslararasi-iliskiler\/en\/#website\"},\"datePublished\":\"2020-05-03T18:49:15+00:00\",\"dateModified\":\"2025-10-13T08:23:37+00:00\",\"breadcrumb\":{\"@id\":\"http:\/\/ticaret.edu.tr\/siyaset-bilimi-ve-uluslararasi-iliskiler\/mufredat\/#breadcrumb\"},\"inLanguage\":\"tr\",\"potentialAction\":[{\"@type\":\"ReadAction\",\"target\":[\"http:\/\/ticaret.edu.tr\/siyaset-bilimi-ve-uluslararasi-iliskiler\/mufredat\/\"]}]},{\"@type\":\"BreadcrumbList\",\"@id\":\"http:\/\/ticaret.edu.tr\/siyaset-bilimi-ve-uluslararasi-iliskiler\/mufredat\/#breadcrumb\",\"itemListElement\":[{\"@type\":\"ListItem\",\"position\":1,\"name\":\"Ana sayfa\",\"item\":\"http:\/\/ticaret.edu.tr\/siyaset-bilimi-ve-uluslararasi-iliskiler\/\"},{\"@type\":\"ListItem\",\"position\":2,\"name\":\"M\u00fcfredat\"}]},{\"@type\":\"WebSite\",\"@id\":\"http:\/\/ticaret.edu.tr\/siyaset-bilimi-ve-uluslararasi-iliskiler\/en\/#website\",\"url\":\"http:\/\/ticaret.edu.tr\/siyaset-bilimi-ve-uluslararasi-iliskiler\/en\/\",\"name\":\"Siyaset Bilimi ve Uluslararas\u0131 \u0130li\u015fkiler\",\"description\":\"\",\"potentialAction\":[{\"@type\":\"SearchAction\",\"target\":{\"@type\":\"EntryPoint\",\"urlTemplate\":\"http:\/\/ticaret.edu.tr\/siyaset-bilimi-ve-uluslararasi-iliskiler\/en\/?s={search_term_string}\"},\"query-input\":\"required name=search_term_string\"}],\"inLanguage\":\"tr\"}]}<\/script>\n<!-- \/ Yoast SEO Premium plugin. -->","yoast_head_json":{"title":"M\u00fcfredat - Siyaset Bilimi ve Uluslararas\u0131 \u0130li\u015fkiler","robots":{"index":"index","follow":"follow","max-snippet":"max-snippet:-1","max-image-preview":"max-image-preview:large","max-video-preview":"max-video-preview:-1"},"canonical":"http:\/\/ticaret.edu.tr\/siyaset-bilimi-ve-uluslararasi-iliskiler\/mufredat\/","og_locale":"tr_TR","og_type":"article","og_title":"M\u00fcfredat","og_description":"2025-2026_SU\u0130_( %30 \u0130ngilizce)_M\u00fcfredat 2025-2026_SU\u0130_(%100 \u0130ngilizce)_M\u00fcfredat 2024-2025_SU\u0130_(%100 \u0130ngilizce)_M\u00fcfredat 2024-2025_SU\u0130_(%30 \u0130ngilizce)_M\u00fcfredat 2023-2024_SU\u0130_(%100 \u0130ngilizce)_M\u00fcfredat 2023-2024_SU\u0130_(%30 \u0130ngilizce)_M\u00fcfredat 2023-2024_SU\u0130_(T\u00fcrk\u00e7e)_M\u00fcfredat 2022-2023_SU\u0130_(%100 \u0130ngilizce)_M\u00fcfredat 2022-2023_SU\u0130_(%30 \u0130ngilizce)_M\u00fcfredat 2021-2022_SU\u0130_M\u00fcfredat 2020-2021_SU\u0130_M\u00fcfredat 2019-2020_SU\u0130_M\u00fcfredat 2018-2019_SU\u0130_M\u00fcfredat 2017-2018_SU\u0130_M\u00fcfredat 2016-2017_SU\u0130_M\u00fcfredat \u00a0 2015-2016_SU\u0130_M\u00fcfredat 2014-2015_SU\u0130_M\u00fcfredat &nbsp; Uluslararas\u0131 \u0130li\u015fkiler B\u00f6l\u00fcm\u00fc M\u00fcfredat\u0131 2005-2006 E\u011fitim \u00d6\u011fretim Y\u0131l\u0131 M\u00fcfredat\u0131 2006-2007 E\u011fitim \u00d6\u011fretim Y\u0131l\u0131 M\u00fcfredat\u0131 2007-2008 E\u011fitim \u00d6\u011fretim Y\u0131l\u0131 M\u00fcfredat\u0131 2008-2009 E\u011fitim \u00d6\u011fretim Y\u0131l\u0131 M\u00fcfredat\u0131 2009-2010 E\u011fitim \u00d6\u011fretim [&hellip;]","og_url":"http:\/\/ticaret.edu.tr\/siyaset-bilimi-ve-uluslararasi-iliskiler\/mufredat\/","og_site_name":"Siyaset Bilimi ve Uluslararas\u0131 \u0130li\u015fkiler","article_publisher":"https:\/\/www.facebook.com\/ticaretedutr","article_modified_time":"2025-10-13T08:23:37+00:00","og_image":[{"width":1250,"height":833,"url":"http:\/\/ticaret.edu.tr\/siyaset-bilimi-ve-uluslararasi-iliskiler\/wp-content\/uploads\/sites\/27\/2021\/11\/web_logo-01.jpg","type":"image\/jpeg"}],"twitter_card":"summary_large_image","twitter_site":"@ticaretedutr","twitter_misc":{"Tahmini okuma s\u00fcresi":"1 dakika"},"schema":{"@context":"https:\/\/schema.org","@graph":[{"@type":"WebPage","@id":"http:\/\/ticaret.edu.tr\/siyaset-bilimi-ve-uluslararasi-iliskiler\/mufredat\/","url":"http:\/\/ticaret.edu.tr\/siyaset-bilimi-ve-uluslararasi-iliskiler\/mufredat\/","name":"M\u00fcfredat - Siyaset Bilimi ve Uluslararas\u0131 \u0130li\u015fkiler","isPartOf":{"@id":"http:\/\/ticaret.edu.tr\/siyaset-bilimi-ve-uluslararasi-iliskiler\/en\/#website"},"datePublished":"2020-05-03T18:49:15+00:00","dateModified":"2025-10-13T08:23:37+00:00","breadcrumb":{"@id":"http:\/\/ticaret.edu.tr\/siyaset-bilimi-ve-uluslararasi-iliskiler\/mufredat\/#breadcrumb"},"inLanguage":"tr","potentialAction":[{"@type":"ReadAction","target":["http:\/\/ticaret.edu.tr\/siyaset-bilimi-ve-uluslararasi-iliskiler\/mufredat\/"]}]},{"@type":"BreadcrumbList","@id":"http:\/\/ticaret.edu.tr\/siyaset-bilimi-ve-uluslararasi-iliskiler\/mufredat\/#breadcrumb","itemListElement":[{"@type":"ListItem","position":1,"name":"Ana sayfa","item":"http:\/\/ticaret.edu.tr\/siyaset-bilimi-ve-uluslararasi-iliskiler\/"},{"@type":"ListItem","position":2,"name":"M\u00fcfredat"}]},{"@type":"WebSite","@id":"http:\/\/ticaret.edu.tr\/siyaset-bilimi-ve-uluslararasi-iliskiler\/en\/#website","url":"http:\/\/ticaret.edu.tr\/siyaset-bilimi-ve-uluslararasi-iliskiler\/en\/","name":"Siyaset Bilimi ve Uluslararas\u0131 \u0130li\u015fkiler","description":"","potentialAction":[{"@type":"SearchAction","target":{"@type":"EntryPoint","urlTemplate":"http:\/\/ticaret.edu.tr\/siyaset-bilimi-ve-uluslararasi-iliskiler\/en\/?s={search_term_string}"},"query-input":"required name=search_term_string"}],"inLanguage":"tr"}]}},"lang":"tr","translations":{"en":611,"tr":7},"pll_sync_post":[],"_links":{"self":[{"href":"http:\/\/ticaret.edu.tr\/siyaset-bilimi-ve-uluslararasi-iliskiler\/wp-json\/wp\/v2\/pages\/7"}],"collection":[{"href":"http:\/\/ticaret.edu.tr\/siyaset-bilimi-ve-uluslararasi-iliskiler\/wp-json\/wp\/v2\/pages"}],"about":[{"href":"http:\/\/ticaret.edu.tr\/siyaset-bilimi-ve-uluslararasi-iliskiler\/wp-json\/wp\/v2\/types\/page"}],"author":[{"embeddable":true,"href":"http:\/\/ticaret.edu.tr\/siyaset-bilimi-ve-uluslararasi-iliskiler\/wp-json\/wp\/v2\/users\/1"}],"replies":[{"embeddable":true,"href":"http:\/\/ticaret.edu.tr\/siyaset-bilimi-ve-uluslararasi-iliskiler\/wp-json\/wp\/v2\/comments?post=7"}],"version-history":[{"count":17,"href":"http:\/\/ticaret.edu.tr\/siyaset-bilimi-ve-uluslararasi-iliskiler\/wp-json\/wp\/v2\/pages\/7\/revisions"}],"predecessor-version":[{"id":1983,"href":"http:\/\/ticaret.edu.tr\/siyaset-bilimi-ve-uluslararasi-iliskiler\/wp-json\/wp\/v2\/pages\/7\/revisions\/1983"}],"wp:attachment":[{"href":"http:\/\/ticaret.edu.tr\/siyaset-bilimi-ve-uluslararasi-iliskiler\/wp-json\/wp\/v2\/media?parent=7"}],"curies":[{"name":"wp","href":"https:\/\/api.w.org\/{rel}","templated":true}]}}