{"id":721,"date":"2022-03-21T08:45:34","date_gmt":"2022-03-21T05:45:34","guid":{"rendered":"https:\/\/ticaret.edu.tr\/siyaset-bilimi-ve-uluslararasi-iliskiler\/?page_id=721"},"modified":"2025-07-22T09:40:48","modified_gmt":"2025-07-22T06:40:48","slug":"bolum-kurul-ve-komisyonlari","status":"publish","type":"page","link":"http:\/\/ticaret.edu.tr\/siyaset-bilimi-ve-uluslararasi-iliskiler\/bolum-kurul-ve-komisyonlari\/","title":{"rendered":"B\u00f6l\u00fcm Kurul ve Komisyonlar\u0131"},"content":{"rendered":"<table style=\"font-weight: 400\" width=\"690\">\n<tbody>\n<tr>\n<td colspan=\"4\" width=\"690\"><strong>S\u0130YASET B\u0130L\u0130M\u0130 VE ULUSLARARASI \u0130L\u0130\u015eK\u0130LER (\u0130NG\u0130L\u0130ZCE) B\u00d6L\u00dcM\u00dc DANI\u015eMA KURULU \u00dcYELER\u0130<\/strong><\/td>\n<\/tr>\n<tr>\n<td width=\"196\">Prof. Dr. Mesut \u00d6zcan<\/td>\n<td width=\"147\">Ankara Sosyal Bilimler \u00dcniversitesi<\/td>\n<td width=\"186\">Uluslararas\u0131 \u0130li\u015fkiler B\u00f6l\u00fcm\u00fc \u00d6\u011fretim \u00dcyesi<\/td>\n<td width=\"161\"><\/td>\n<\/tr>\n<tr>\n<td width=\"196\">Prof. Dr. Nam\u0131k Sinan Turan<\/td>\n<td width=\"147\">\u0130stanbul \u00dcniversitesi \u0130ktisat Fak\u00fcltesi<\/td>\n<td width=\"186\">Siyaset Bilimi ve Uluslararas\u0131 \u0130li\u015fkiler B\u00f6l\u00fcm\u00fc \u00d6\u011fretim \u00dcyesi<\/td>\n<td width=\"161\"><\/td>\n<\/tr>\n<tr>\n<td width=\"196\">Prof. Dr. Rag\u0131p Kutay Karaca<\/td>\n<td width=\"147\">Diplomasi Ara\u015ft\u0131rmalar\u0131 Derne\u011fi<\/td>\n<td width=\"186\">Ba\u015fkan Yard\u0131mc\u0131s\u0131<\/td>\n<td width=\"161\"><\/td>\n<\/tr>\n<tr>\n<td width=\"196\">Prof. Dr. Umut T\u00fcrk\u015fen<\/td>\n<td width=\"147\">Coventry University \u2013 Birle\u015fik Krall\u0131k<\/td>\n<td width=\"186\">Faculty of Business &amp; Law and Centre for Financial and Corporate Integrity<\/td>\n<td width=\"161\"><\/td>\n<\/tr>\n<tr>\n<td width=\"196\">Dr. Tolga Sakman<\/td>\n<td width=\"147\">D\u0130PAM (Diplomatik \u0130li\u015fkiler ve Politik Ara\u015ft\u0131rmalar Merkezi)<\/td>\n<td width=\"186\">Ba\u015fkan<\/td>\n<td width=\"161\"><\/td>\n<\/tr>\n<tr>\n<td width=\"196\">Oktay Soysal<\/td>\n<td width=\"147\">\u0130stanbul Ticaret \u00dcniversitesi \u00a0Siyaset Bilimi ve Uluslararas\u0131 \u0130li\u015fkiler (\u0130ngilizce) B\u00f6l\u00fcm\u00fc Mezunu<\/td>\n<td width=\"186\">Bilgiyi Ticarile\u015ftirme Merkezi (BTM) \u00d6zel Kalem<\/td>\n<td width=\"161\"><\/td>\n<\/tr>\n<tr>\n<td width=\"196\">Asl\u0131 Uzun<\/td>\n<td width=\"147\">\u0130stanbul Ticaret \u00dcniversitesi<\/td>\n<td width=\"186\">Siyaset Bilimi ve Uluslararas\u0131 \u0130li\u015fkiler (\u0130ngilizce) B\u00f6l\u00fcm\u00fc<\/p>\n<p>\u00d6\u011frencisi<\/td>\n<td width=\"161\"><\/td>\n<\/tr>\n<tr>\n<td width=\"196\">Do\u00e7. Dr. U\u011fur Yasin Asal<\/td>\n<td width=\"147\">\u0130stanbul Ticaret \u00dcniversitesi<\/td>\n<td width=\"186\">Siyaset Bilimi ve Uluslararas\u0131 \u0130li\u015fkiler (\u0130ngilizce) B\u00f6l\u00fcm Ba\u015fkan\u0131<\/td>\n<td width=\"161\"><\/td>\n<\/tr>\n<tr>\n<td width=\"196\">Prof. Dr. \u00d6mer \u00c7aha<\/td>\n<td width=\"147\">\u0130stanbul Ticaret \u00dcniversitesi<\/td>\n<td width=\"186\">Siyaset Bilimi ve Uluslararas\u0131 \u0130li\u015fkiler (\u0130ngilizce) B\u00f6l\u00fcm\u00fc<\/p>\n<p>\u00d6\u011fretim \u00dcyesi<\/td>\n<td width=\"161\"><\/td>\n<\/tr>\n<tr>\n<td width=\"196\">Prof. Dr. Mim Kemal \u00d6ke<\/p>\n<p>&nbsp;<\/td>\n<td width=\"147\">\u0130stanbul Ticaret \u00dcniversitesi<\/td>\n<td width=\"186\">Siyaset Bilimi ve Uluslararas\u0131 \u0130li\u015fkiler (\u0130ngilizce) B\u00f6l\u00fcm\u00fc<\/p>\n<p>\u00d6\u011fretim \u00dcyesi<\/td>\n<td width=\"161\"><\/td>\n<\/tr>\n<tr>\n<td width=\"196\">Prof. Dr. Zeyneb \u00c7a\u011fl\u0131yan \u0130\u00e7ener<\/td>\n<td width=\"147\">\u0130stanbul Ticaret \u00dcniversitesi<\/td>\n<td width=\"186\">Siyaset Bilimi ve Uluslararas\u0131 \u0130li\u015fkiler (\u0130ngilizce) B\u00f6l\u00fcm\u00fc<\/p>\n<p>\u00d6\u011fretim \u00dcyesi<\/td>\n<td width=\"161\"><\/td>\n<\/tr>\n<tr>\n<td width=\"196\">Dr. \u00d6\u011fr. \u00dcyesi Kamala Valiyeva<\/td>\n<td width=\"147\">\u0130stanbul Ticaret \u00dcniversitesi<\/td>\n<td width=\"186\">Siyaset Bilimi ve Uluslararas\u0131 \u0130li\u015fkiler (\u0130ngilizce) B\u00f6l\u00fcm\u00fc<\/p>\n<p>\u00d6\u011fretim \u00dcyesi<\/td>\n<td width=\"161\"><\/td>\n<\/tr>\n<tr>\n<td width=\"196\">Prof. Dr. \u0130lke Civeleko\u011flu<\/td>\n<td width=\"147\">\u0130stanbul Ticaret \u00dcniversitesi<\/td>\n<td width=\"186\">Siyaset Bilimi ve Uluslararas\u0131 \u0130li\u015fkiler (\u0130ngilizce) B\u00f6l\u00fcm\u00fc<\/p>\n<p>\u00d6\u011fretim \u00dcyesi<\/td>\n<td width=\"161\"><\/td>\n<\/tr>\n<tr>\n<td width=\"196\">Dr. \u00d6\u011fr. \u00dcyesi Ba\u015fak \u00d6zoral<\/td>\n<td width=\"147\">\u0130stanbul Ticaret \u00dcniversitesi<\/td>\n<td width=\"186\">Siyaset Bilimi ve Uluslararas\u0131 \u0130li\u015fkiler (\u0130ngilizce) B\u00f6l\u00fcm\u00fc<\/p>\n<p>\u00d6\u011fretim \u00dcyesi<\/p>\n<p>Kalite El\u00e7isi<\/td>\n<td width=\"161\"><\/td>\n<\/tr>\n<tr>\n<td width=\"196\">Ar\u015f. G\u00f6r. Mevl\u00fct Can Y\u0131ld\u0131r\u0131m<\/td>\n<td width=\"147\">\u0130stanbul Ticaret \u00dcniversitesi<\/td>\n<td width=\"186\">Siyaset Bilimi ve Uluslararas\u0131 \u0130li\u015fkiler (\u0130ngilizce) B\u00f6l\u00fcm\u00fc<\/p>\n<p>&nbsp;<\/td>\n<td width=\"161\"><\/td>\n<\/tr>\n<\/tbody>\n<\/table>\n","protected":false},"excerpt":{"rendered":"<p>S\u0130YASET B\u0130L\u0130M\u0130 VE ULUSLARARASI \u0130L\u0130\u015eK\u0130LER (\u0130NG\u0130L\u0130ZCE) B\u00d6L\u00dcM\u00dc DANI\u015eMA KURULU \u00dcYELER\u0130 Prof. Dr. Mesut \u00d6zcan Ankara Sosyal Bilimler \u00dcniversitesi Uluslararas\u0131 \u0130li\u015fkiler B\u00f6l\u00fcm\u00fc \u00d6\u011fretim \u00dcyesi Prof. Dr. Nam\u0131k Sinan Turan \u0130stanbul \u00dcniversitesi \u0130ktisat Fak\u00fcltesi Siyaset Bilimi ve Uluslararas\u0131 \u0130li\u015fkiler B\u00f6l\u00fcm\u00fc \u00d6\u011fretim \u00dcyesi Prof. Dr. Rag\u0131p Kutay Karaca Diplomasi Ara\u015ft\u0131rmalar\u0131 Derne\u011fi Ba\u015fkan Yard\u0131mc\u0131s\u0131 Prof. Dr. Umut T\u00fcrk\u015fen Coventry [&hellip;]<\/p>\n","protected":false},"author":181,"featured_media":0,"parent":0,"menu_order":0,"comment_status":"closed","ping_status":"closed","template":"genel_sayfa.php","meta":{"footnotes":""},"yoast_head":"<!-- This site is optimized with the Yoast SEO Premium plugin v22.1 (Yoast SEO v22.1) - https:\/\/yoast.com\/wordpress\/plugins\/seo\/ -->\n<title>B\u00f6l\u00fcm Kurul ve Komisyonlar\u0131 - Siyaset Bilimi ve Uluslararas\u0131 \u0130li\u015fkiler<\/title>\n<meta name=\"description\" content=\"S\u0130YASET B\u0130L\u0130M\u0130 VE ULUSLARARASI \u0130L\u0130\u015eK\u0130LER B\u00d6L\u00dcM\u00dc DANI\u015eMA KURULU \u00dcYELER\u0130\" \/>\n<meta name=\"robots\" content=\"index, follow, max-snippet:-1, max-image-preview:large, max-video-preview:-1\" \/>\n<link rel=\"canonical\" href=\"http:\/\/ticaret.edu.tr\/siyaset-bilimi-ve-uluslararasi-iliskiler\/bolum-kurul-ve-komisyonlari\/\" \/>\n<meta property=\"og:locale\" content=\"tr_TR\" \/>\n<meta property=\"og:type\" content=\"article\" \/>\n<meta property=\"og:title\" content=\"B\u00f6l\u00fcm Kurul ve Komisyonlar\u0131\" \/>\n<meta property=\"og:description\" content=\"S\u0130YASET B\u0130L\u0130M\u0130 VE ULUSLARARASI \u0130L\u0130\u015eK\u0130LER B\u00d6L\u00dcM\u00dc DANI\u015eMA KURULU \u00dcYELER\u0130\" \/>\n<meta property=\"og:url\" content=\"http:\/\/ticaret.edu.tr\/siyaset-bilimi-ve-uluslararasi-iliskiler\/bolum-kurul-ve-komisyonlari\/\" \/>\n<meta property=\"og:site_name\" content=\"Siyaset Bilimi ve Uluslararas\u0131 \u0130li\u015fkiler\" \/>\n<meta property=\"article:publisher\" content=\"https:\/\/www.facebook.com\/ticaretedutr\" \/>\n<meta property=\"article:modified_time\" content=\"2025-07-22T06:40:48+00:00\" \/>\n<meta property=\"og:image\" content=\"http:\/\/ticaret.edu.tr\/siyaset-bilimi-ve-uluslararasi-iliskiler\/wp-content\/uploads\/sites\/27\/2021\/11\/web_logo-01.jpg\" \/>\n\t<meta property=\"og:image:width\" content=\"1250\" \/>\n\t<meta property=\"og:image:height\" content=\"833\" \/>\n\t<meta property=\"og:image:type\" content=\"image\/jpeg\" \/>\n<meta name=\"twitter:card\" content=\"summary_large_image\" \/>\n<meta name=\"twitter:site\" content=\"@ticaretedutr\" \/>\n<meta name=\"twitter:label1\" content=\"Tahmini okuma s\u00fcresi\" \/>\n\t<meta name=\"twitter:data1\" content=\"2 dakika\" \/>\n<script type=\"application\/ld+json\" class=\"yoast-schema-graph\">{\"@context\":\"https:\/\/schema.org\",\"@graph\":[{\"@type\":\"WebPage\",\"@id\":\"http:\/\/ticaret.edu.tr\/siyaset-bilimi-ve-uluslararasi-iliskiler\/bolum-kurul-ve-komisyonlari\/\",\"url\":\"http:\/\/ticaret.edu.tr\/siyaset-bilimi-ve-uluslararasi-iliskiler\/bolum-kurul-ve-komisyonlari\/\",\"name\":\"B\u00f6l\u00fcm Kurul ve Komisyonlar\u0131 - Siyaset Bilimi ve Uluslararas\u0131 \u0130li\u015fkiler\",\"isPartOf\":{\"@id\":\"http:\/\/ticaret.edu.tr\/siyaset-bilimi-ve-uluslararasi-iliskiler\/en\/#website\"},\"datePublished\":\"2022-03-21T05:45:34+00:00\",\"dateModified\":\"2025-07-22T06:40:48+00:00\",\"description\":\"S\u0130YASET B\u0130L\u0130M\u0130 VE ULUSLARARASI \u0130L\u0130\u015eK\u0130LER B\u00d6L\u00dcM\u00dc DANI\u015eMA KURULU \u00dcYELER\u0130\",\"breadcrumb\":{\"@id\":\"http:\/\/ticaret.edu.tr\/siyaset-bilimi-ve-uluslararasi-iliskiler\/bolum-kurul-ve-komisyonlari\/#breadcrumb\"},\"inLanguage\":\"tr\",\"potentialAction\":[{\"@type\":\"ReadAction\",\"target\":[\"http:\/\/ticaret.edu.tr\/siyaset-bilimi-ve-uluslararasi-iliskiler\/bolum-kurul-ve-komisyonlari\/\"]}]},{\"@type\":\"BreadcrumbList\",\"@id\":\"http:\/\/ticaret.edu.tr\/siyaset-bilimi-ve-uluslararasi-iliskiler\/bolum-kurul-ve-komisyonlari\/#breadcrumb\",\"itemListElement\":[{\"@type\":\"ListItem\",\"position\":1,\"name\":\"Ana sayfa\",\"item\":\"http:\/\/ticaret.edu.tr\/siyaset-bilimi-ve-uluslararasi-iliskiler\/\"},{\"@type\":\"ListItem\",\"position\":2,\"name\":\"B\u00f6l\u00fcm Kurul ve Komisyonlar\u0131\"}]},{\"@type\":\"WebSite\",\"@id\":\"http:\/\/ticaret.edu.tr\/siyaset-bilimi-ve-uluslararasi-iliskiler\/en\/#website\",\"url\":\"http:\/\/ticaret.edu.tr\/siyaset-bilimi-ve-uluslararasi-iliskiler\/en\/\",\"name\":\"Siyaset Bilimi ve Uluslararas\u0131 \u0130li\u015fkiler\",\"description\":\"\",\"potentialAction\":[{\"@type\":\"SearchAction\",\"target\":{\"@type\":\"EntryPoint\",\"urlTemplate\":\"http:\/\/ticaret.edu.tr\/siyaset-bilimi-ve-uluslararasi-iliskiler\/en\/?s={search_term_string}\"},\"query-input\":\"required name=search_term_string\"}],\"inLanguage\":\"tr\"}]}<\/script>\n<!-- \/ Yoast SEO Premium plugin. -->","yoast_head_json":{"title":"B\u00f6l\u00fcm Kurul ve Komisyonlar\u0131 - Siyaset Bilimi ve Uluslararas\u0131 \u0130li\u015fkiler","description":"S\u0130YASET B\u0130L\u0130M\u0130 VE ULUSLARARASI \u0130L\u0130\u015eK\u0130LER B\u00d6L\u00dcM\u00dc DANI\u015eMA KURULU \u00dcYELER\u0130","robots":{"index":"index","follow":"follow","max-snippet":"max-snippet:-1","max-image-preview":"max-image-preview:large","max-video-preview":"max-video-preview:-1"},"canonical":"http:\/\/ticaret.edu.tr\/siyaset-bilimi-ve-uluslararasi-iliskiler\/bolum-kurul-ve-komisyonlari\/","og_locale":"tr_TR","og_type":"article","og_title":"B\u00f6l\u00fcm Kurul ve Komisyonlar\u0131","og_description":"S\u0130YASET B\u0130L\u0130M\u0130 VE ULUSLARARASI \u0130L\u0130\u015eK\u0130LER B\u00d6L\u00dcM\u00dc DANI\u015eMA KURULU \u00dcYELER\u0130","og_url":"http:\/\/ticaret.edu.tr\/siyaset-bilimi-ve-uluslararasi-iliskiler\/bolum-kurul-ve-komisyonlari\/","og_site_name":"Siyaset Bilimi ve Uluslararas\u0131 \u0130li\u015fkiler","article_publisher":"https:\/\/www.facebook.com\/ticaretedutr","article_modified_time":"2025-07-22T06:40:48+00:00","og_image":[{"width":1250,"height":833,"url":"http:\/\/ticaret.edu.tr\/siyaset-bilimi-ve-uluslararasi-iliskiler\/wp-content\/uploads\/sites\/27\/2021\/11\/web_logo-01.jpg","type":"image\/jpeg"}],"twitter_card":"summary_large_image","twitter_site":"@ticaretedutr","twitter_misc":{"Tahmini okuma s\u00fcresi":"2 dakika"},"schema":{"@context":"https:\/\/schema.org","@graph":[{"@type":"WebPage","@id":"http:\/\/ticaret.edu.tr\/siyaset-bilimi-ve-uluslararasi-iliskiler\/bolum-kurul-ve-komisyonlari\/","url":"http:\/\/ticaret.edu.tr\/siyaset-bilimi-ve-uluslararasi-iliskiler\/bolum-kurul-ve-komisyonlari\/","name":"B\u00f6l\u00fcm Kurul ve Komisyonlar\u0131 - Siyaset Bilimi ve Uluslararas\u0131 \u0130li\u015fkiler","isPartOf":{"@id":"http:\/\/ticaret.edu.tr\/siyaset-bilimi-ve-uluslararasi-iliskiler\/en\/#website"},"datePublished":"2022-03-21T05:45:34+00:00","dateModified":"2025-07-22T06:40:48+00:00","description":"S\u0130YASET B\u0130L\u0130M\u0130 VE ULUSLARARASI \u0130L\u0130\u015eK\u0130LER B\u00d6L\u00dcM\u00dc DANI\u015eMA KURULU \u00dcYELER\u0130","breadcrumb":{"@id":"http:\/\/ticaret.edu.tr\/siyaset-bilimi-ve-uluslararasi-iliskiler\/bolum-kurul-ve-komisyonlari\/#breadcrumb"},"inLanguage":"tr","potentialAction":[{"@type":"ReadAction","target":["http:\/\/ticaret.edu.tr\/siyaset-bilimi-ve-uluslararasi-iliskiler\/bolum-kurul-ve-komisyonlari\/"]}]},{"@type":"BreadcrumbList","@id":"http:\/\/ticaret.edu.tr\/siyaset-bilimi-ve-uluslararasi-iliskiler\/bolum-kurul-ve-komisyonlari\/#breadcrumb","itemListElement":[{"@type":"ListItem","position":1,"name":"Ana sayfa","item":"http:\/\/ticaret.edu.tr\/siyaset-bilimi-ve-uluslararasi-iliskiler\/"},{"@type":"ListItem","position":2,"name":"B\u00f6l\u00fcm Kurul ve Komisyonlar\u0131"}]},{"@type":"WebSite","@id":"http:\/\/ticaret.edu.tr\/siyaset-bilimi-ve-uluslararasi-iliskiler\/en\/#website","url":"http:\/\/ticaret.edu.tr\/siyaset-bilimi-ve-uluslararasi-iliskiler\/en\/","name":"Siyaset Bilimi ve Uluslararas\u0131 \u0130li\u015fkiler","description":"","potentialAction":[{"@type":"SearchAction","target":{"@type":"EntryPoint","urlTemplate":"http:\/\/ticaret.edu.tr\/siyaset-bilimi-ve-uluslararasi-iliskiler\/en\/?s={search_term_string}"},"query-input":"required name=search_term_string"}],"inLanguage":"tr"}]}},"lang":"tr","translations":{"en":847,"tr":721},"pll_sync_post":[],"_links":{"self":[{"href":"http:\/\/ticaret.edu.tr\/siyaset-bilimi-ve-uluslararasi-iliskiler\/wp-json\/wp\/v2\/pages\/721"}],"collection":[{"href":"http:\/\/ticaret.edu.tr\/siyaset-bilimi-ve-uluslararasi-iliskiler\/wp-json\/wp\/v2\/pages"}],"about":[{"href":"http:\/\/ticaret.edu.tr\/siyaset-bilimi-ve-uluslararasi-iliskiler\/wp-json\/wp\/v2\/types\/page"}],"author":[{"embeddable":true,"href":"http:\/\/ticaret.edu.tr\/siyaset-bilimi-ve-uluslararasi-iliskiler\/wp-json\/wp\/v2\/users\/181"}],"replies":[{"embeddable":true,"href":"http:\/\/ticaret.edu.tr\/siyaset-bilimi-ve-uluslararasi-iliskiler\/wp-json\/wp\/v2\/comments?post=721"}],"version-history":[{"count":9,"href":"http:\/\/ticaret.edu.tr\/siyaset-bilimi-ve-uluslararasi-iliskiler\/wp-json\/wp\/v2\/pages\/721\/revisions"}],"predecessor-version":[{"id":1940,"href":"http:\/\/ticaret.edu.tr\/siyaset-bilimi-ve-uluslararasi-iliskiler\/wp-json\/wp\/v2\/pages\/721\/revisions\/1940"}],"wp:attachment":[{"href":"http:\/\/ticaret.edu.tr\/siyaset-bilimi-ve-uluslararasi-iliskiler\/wp-json\/wp\/v2\/media?parent=721"}],"curies":[{"name":"wp","href":"https:\/\/api.w.org\/{rel}","templated":true}]}}