{"id":8,"date":"2020-05-03T21:50:11","date_gmt":"2020-05-03T18:50:11","guid":{"rendered":"http:\/\/ticaret.edu.tr\/sbui\/?page_id=8"},"modified":"2025-02-17T16:32:15","modified_gmt":"2025-02-17T13:32:15","slug":"bolum-baskani","status":"publish","type":"page","link":"http:\/\/ticaret.edu.tr\/siyaset-bilimi-ve-uluslararasi-iliskiler\/bolum-baskani\/","title":{"rendered":"B\u00f6l\u00fcm Ba\u015fkan\u0131"},"content":{"rendered":"<p><img loading=\"lazy\" decoding=\"async\" class=\"wp-image-1392 aligncenter\" src=\"http:\/\/ticaret.edu.tr\/siyaset-bilimi-ve-uluslararasi-iliskiler\/wp-content\/uploads\/sites\/27\/2024\/11\/bwpomyfrwj-ugur-yasin-asal-949x1024.jpg\" alt=\"\" width=\"400\" height=\"432\" srcset=\"http:\/\/ticaret.edu.tr\/siyaset-bilimi-ve-uluslararasi-iliskiler\/wp-content\/uploads\/sites\/27\/2024\/11\/bwpomyfrwj-ugur-yasin-asal-949x1024.jpg 949w, http:\/\/ticaret.edu.tr\/siyaset-bilimi-ve-uluslararasi-iliskiler\/wp-content\/uploads\/sites\/27\/2024\/11\/bwpomyfrwj-ugur-yasin-asal-278x300.jpg 278w, http:\/\/ticaret.edu.tr\/siyaset-bilimi-ve-uluslararasi-iliskiler\/wp-content\/uploads\/sites\/27\/2024\/11\/bwpomyfrwj-ugur-yasin-asal-768x829.jpg 768w, http:\/\/ticaret.edu.tr\/siyaset-bilimi-ve-uluslararasi-iliskiler\/wp-content\/uploads\/sites\/27\/2024\/11\/bwpomyfrwj-ugur-yasin-asal-1423x1536.jpg 1423w, http:\/\/ticaret.edu.tr\/siyaset-bilimi-ve-uluslararasi-iliskiler\/wp-content\/uploads\/sites\/27\/2024\/11\/bwpomyfrwj-ugur-yasin-asal-1897x2048.jpg 1897w\" sizes=\"(max-width: 400px) 100vw, 400px\" \/><\/p>\n<p style=\"font-weight: 400\"><strong>Misyon:<\/strong><\/p>\n<p style=\"font-weight: 400\">Siyaset Bilimi ve Uluslararas\u0131 \u0130li\u015fkiler b\u00f6l\u00fcm\u00fc k\u00fcresel bak\u0131\u015f a\u00e7\u0131s\u0131 ve analitik d\u00fc\u015f\u00fcnce yetilerine sahip mezunlar yeti\u015ftirmeyi ama\u00e7lamaktad\u0131r. Bu ama\u00e7 do\u011frultusunda b\u00f6l\u00fcm\u00fcm\u00fcz \u00f6\u011frencilerine y\u00f6nelik ekonomi, siyaset, uluslararas\u0131 ili\u015fkiler, hukuk, evrensel k\u00fclt\u00fcr ve yabanc\u0131 dil bilgisini i\u00e7eren, etik de\u011ferlere sahip disiplinler aras\u0131 bir e\u011fitim verilmektedir.<\/p>\n<p style=\"font-weight: 400\">Program\u0131m\u0131z \u00f6\u011fretim kadrosunun benimsedi\u011fi yenilik\u00e7i e\u011fitim\u2013\u00f6\u011fretim y\u00f6ntemleri sayesinde \u00f6\u011frencilerimiz mezun olduklar\u0131nda gerekli bilimsel, ele\u015ftirel ve etik d\u00fc\u015f\u00fcnce yap\u0131s\u0131na sahip bireyler olarak i\u015f hayat\u0131na at\u0131lmaktad\u0131r. \u00d6\u011frencilerin ayr\u0131ca, toplumsal ili\u015fkilerini ve ileti\u015fim becerilerini geli\u015ftirmeye y\u00f6nelik topluluk faaliyetleri ba\u015fta olmak \u00fczere \u00e7e\u015fitli sosyal sorumluluk projeleriyle de desteklenmektedir.<\/p>\n<p style=\"font-weight: 400\"><strong>Program \u00d6\u011fretim Ama\u00e7lar\u0131<\/strong><\/p>\n<ul style=\"font-weight: 400\">\n<li>P\u00d6A1. Siyaset Bilimi ve Uluslararas\u0131 \u0130li\u015fkilerin temel kavramlar\u0131, kuramsal bak\u0131\u015f a\u00e7\u0131lar\u0131, tarih\u00e7esine h\u00e2kimdirler.<\/li>\n<li>P\u00d6A2. Siyaset Bilimi ve Uluslararas\u0131 \u0130li\u015fkilerin temel ara\u015ft\u0131rma y\u00f6ntemlerini uygulayabilir, ara\u015ft\u0131rma deseni yapabilir, veri toplayabilir, analiz edebilir ve yorumlayabilirler.<\/li>\n<li>P\u00d6A3. Ele\u015ftirel, analitik, sistematik d\u00fc\u015f\u00fcnme becerileri geli\u015ftirebilir ve \u00fcretken \u015fekilde kullanabilirler.<\/li>\n<li>P\u00d6A4. Ulusal ve Uluslararas\u0131 olgu ve olaylara disiplinler aras\u0131 bak\u0131\u015f a\u00e7\u0131s\u0131yla bak\u0131p, etik de\u011ferleri g\u00f6zeterek bireysel ve tak\u0131m \u00e7al\u0131\u015fmalar\u0131 yapabilirler.<\/li>\n<\/ul>\n<p>Program \u00d6\u011fretim Ama\u00e7lar\u0131, Program \u00d6\u011frenme \u00c7\u0131kt\u0131lar\u0131 ve TYY\u00c7 Sosyal ve Davran\u0131s\u0327 Bilimleri Temel Alan\u0131 Yeterlilikleri uyum tablosu i\u00e7in l\u00fctfen <a href=\"http:\/\/ticaret.edu.tr\/siyaset-bilimi-ve-uluslararasi-iliskiler\/wp-content\/uploads\/sites\/27\/2024\/06\/EK.-9.-POC-POA-TYYC-Sosyal-ve-Davranis-Bilimleri-Temel-Alani-Yeterlilikleri-Iliskilerindirme-Tablosu.pdf\">t\u0131klay\u0131n\u0131z<\/a>.<\/p>\n<p style=\"font-weight: 400\"><strong>Tan\u0131t\u0131m Yaz\u0131s\u0131:<\/strong><\/p>\n<p style=\"font-weight: 400\">Siyaset Bilimi ve Uluslararas\u0131 \u0130li\u015fkiler (\u0130ngilizce) B\u00f6l\u00fcm\u00fcm\u00fcz\u00fcn akademik ve idari s\u00fcre\u00e7lerinin kalitesi Sosyal, Be\u015feri ve Temel Bilimler Akreditasyon ve Rating Derne\u011fi \u2013 STAR Akreditasyon taraf\u0131ndan yap\u0131lan de\u011ferlendirme sonucu 2024-2028 y\u0131llar\u0131 aras\u0131nda 4 y\u0131l s\u00fcreyle Akredite edilmi\u015ftir. B\u00f6l\u00fcm\u00fcm\u00fcz, T\u00fcrkiye\u2019de bu alanda ilkler aras\u0131nda yer almaktad\u0131r.<\/p>\n<p style=\"font-weight: 400\">B\u00f6l\u00fcm\u00fcm\u00fcz b\u00fcnyesinde yer alan \u00f6\u011fretim \u00fcyeleri disiplinler aras\u0131 \u00e7al\u0131\u015fmalara h\u00e2kim, g\u00fcncel ekonomik ve siyasal geli\u015fmeleri yak\u0131ndan takip eden, alanlar\u0131nda \u00f6nemli akademik tecr\u00fcbe ve yetkinli\u011fe sahip isimlerden olu\u015fmaktad\u0131r.<\/p>\n<p style=\"font-weight: 400\">\u00d6\u011frencilerimiz, ilk iki y\u0131l a\u011f\u0131rl\u0131kl\u0131 olarak siyaset bilimi, uluslararas\u0131 ili\u015fkiler, hukuk, bilim felsefesi ve ekonominin temel olgu ve kavramlar\u0131n\u0131, \u0130ngilizce derslerle i\u00e7selle\u015ftirmekte, \u00fc\u00e7\u00fcnc\u00fc y\u0131ldan itibaren uzmanla\u015fmak istedikleri alt disiplinlere y\u00f6nelik olduk\u00e7a geni\u015f bir se\u00e7meli ders havuzundan faydalanabilmektedir.<\/p>\n<p style=\"font-weight: 400\">S\u00f6z konusu se\u00e7meli derslere ek olarak \u00f6\u011frencilerimiz, d\u00f6rd\u00fcnc\u00fc y\u0131l ger\u00e7ekle\u015fen mesleki seminer ve bitirme projesi \u00e7al\u0131\u015fmalar\u0131 ile mezuniyet \u00f6ncesi uygulama alanlar\u0131na ili\u015fkin tecr\u00fcbe edinebilmektedir. \u00d6\u011frencilerimizin sosyal ve entelekt\u00fcel geli\u015fimine y\u00f6nelik b\u00f6l\u00fcm seminerleri, \u00e7al\u0131\u015fma toplant\u0131lar\u0131 ve \u00f6\u011frenci toplulu\u011fu faaliyetleri akademik y\u0131l i\u00e7erisinde yo\u011fun bir \u015fekilde ger\u00e7ekle\u015ftirilmektedir.<\/p>\n<p style=\"font-weight: 400\">Mezunlar\u0131m\u0131z ba\u015fta D\u0131\u015fi\u015fleri Bakanl\u0131\u011f\u0131 olmak \u00fczere \u00e7e\u015fitli Bakanl\u0131klarda, kamu ve \u00f6zel sekt\u00f6r kurulu\u015flar\u0131nda, medya kurulu\u015flar\u0131nda, sivil toplum kurulu\u015flar\u0131nda, bankac\u0131l\u0131k ve uluslararas\u0131 finans sekt\u00f6r\u00fcnde, Birle\u015fmi\u015f Milletler ba\u015fta olmak \u00fczere \u00e7e\u015fitli uluslararas\u0131 kurulu\u015flarda T\u00fcrkiye\u2019yi temsilen g\u00f6rev alabilmekte; akademik kariyerine devam etmek isteyen \u00f6\u011frencilerimiz gerek \u00fcniversitemizde ve T\u00fcrkiye\u2019nin \u00e7e\u015fitli \u00fcniversitelerinde gerekse yurtd\u0131\u015f\u0131ndaki \u00fcniversitelerde y\u00fcksek lisans ve doktora e\u011fitimlerine devam ederek akademisyen olabilmektedir.<\/p>\n<p style=\"font-weight: 400\">Siyaset Bilimi ve Uluslararas\u0131 \u0130li\u015fkiler (\u0130ngilizce) B\u00f6l\u00fcm\u00fcm\u00fcz, d\u00fcnyan\u0131n en g\u00fc\u00e7l\u00fc ticaret odalar\u0131ndan birisi olan \u0130stanbul Ticaret Odas\u0131\u2019n\u0131n bilgi birikimi ve tecr\u00fcbesinden yararlanmak suretiyle, Lisans, Y\u00fcksek Lisans ve Doktora d\u00fczeyinde alan\u0131nda iddial\u0131 bir b\u00f6l\u00fcm olarak yoluna devam etmektedir.<\/p>\n<p><img loading=\"lazy\" decoding=\"async\" class=\"alignnone wp-image-1311 size-full\" src=\"http:\/\/ticaret.edu.tr\/siyaset-bilimi-ve-uluslararasi-iliskiler\/wp-content\/uploads\/sites\/27\/2024\/05\/Istanbul-Ticaret-Universitesi-ITBF-Siyaset-Bilimi-ve-Uluslararasi-Iliskiler-Ingilizce_page-0001.jpg\" alt=\"\" width=\"1241\" height=\"1755\" srcset=\"http:\/\/ticaret.edu.tr\/siyaset-bilimi-ve-uluslararasi-iliskiler\/wp-content\/uploads\/sites\/27\/2024\/05\/Istanbul-Ticaret-Universitesi-ITBF-Siyaset-Bilimi-ve-Uluslararasi-Iliskiler-Ingilizce_page-0001.jpg 1241w, http:\/\/ticaret.edu.tr\/siyaset-bilimi-ve-uluslararasi-iliskiler\/wp-content\/uploads\/sites\/27\/2024\/05\/Istanbul-Ticaret-Universitesi-ITBF-Siyaset-Bilimi-ve-Uluslararasi-Iliskiler-Ingilizce_page-0001-212x300.jpg 212w, http:\/\/ticaret.edu.tr\/siyaset-bilimi-ve-uluslararasi-iliskiler\/wp-content\/uploads\/sites\/27\/2024\/05\/Istanbul-Ticaret-Universitesi-ITBF-Siyaset-Bilimi-ve-Uluslararasi-Iliskiler-Ingilizce_page-0001-724x1024.jpg 724w, http:\/\/ticaret.edu.tr\/siyaset-bilimi-ve-uluslararasi-iliskiler\/wp-content\/uploads\/sites\/27\/2024\/05\/Istanbul-Ticaret-Universitesi-ITBF-Siyaset-Bilimi-ve-Uluslararasi-Iliskiler-Ingilizce_page-0001-768x1086.jpg 768w, http:\/\/ticaret.edu.tr\/siyaset-bilimi-ve-uluslararasi-iliskiler\/wp-content\/uploads\/sites\/27\/2024\/05\/Istanbul-Ticaret-Universitesi-ITBF-Siyaset-Bilimi-ve-Uluslararasi-Iliskiler-Ingilizce_page-0001-1086x1536.jpg 1086w\" sizes=\"(max-width: 1241px) 100vw, 1241px\" \/><\/p>\n<h6>Do\u00e7. Dr. U\u011fur Yasin ASAL<br \/>\nB\u00f6l\u00fcm Ba\u015fkan\u0131<br \/>\n\u0130leti\u015fim Bilgileri<br \/>\nuyasal@ticaret.edu.tr<br \/>\n444 0 413 \/4730<\/h6>\n<p>&nbsp;<\/p>\n","protected":false},"excerpt":{"rendered":"<p>Misyon: Siyaset Bilimi ve Uluslararas\u0131 \u0130li\u015fkiler b\u00f6l\u00fcm\u00fc k\u00fcresel bak\u0131\u015f a\u00e7\u0131s\u0131 ve analitik d\u00fc\u015f\u00fcnce yetilerine sahip mezunlar yeti\u015ftirmeyi ama\u00e7lamaktad\u0131r. Bu ama\u00e7 do\u011frultusunda b\u00f6l\u00fcm\u00fcm\u00fcz \u00f6\u011frencilerine y\u00f6nelik ekonomi, siyaset, uluslararas\u0131 ili\u015fkiler, hukuk, evrensel k\u00fclt\u00fcr ve yabanc\u0131 dil bilgisini i\u00e7eren, etik de\u011ferlere sahip disiplinler aras\u0131 bir e\u011fitim verilmektedir. Program\u0131m\u0131z \u00f6\u011fretim kadrosunun benimsedi\u011fi yenilik\u00e7i e\u011fitim\u2013\u00f6\u011fretim y\u00f6ntemleri sayesinde \u00f6\u011frencilerimiz mezun olduklar\u0131nda [&hellip;]<\/p>\n","protected":false},"author":1,"featured_media":0,"parent":0,"menu_order":0,"comment_status":"closed","ping_status":"closed","template":"genel_sayfa.php","meta":{"footnotes":""},"yoast_head":"<!-- This site is optimized with the Yoast SEO Premium plugin v22.1 (Yoast SEO v22.1) - https:\/\/yoast.com\/wordpress\/plugins\/seo\/ -->\n<title>B\u00f6l\u00fcm Ba\u015fkan\u0131 - Siyaset Bilimi ve Uluslararas\u0131 \u0130li\u015fkiler<\/title>\n<meta name=\"robots\" content=\"index, follow, max-snippet:-1, max-image-preview:large, max-video-preview:-1\" \/>\n<link rel=\"canonical\" href=\"http:\/\/ticaret.edu.tr\/siyaset-bilimi-ve-uluslararasi-iliskiler\/bolum-baskani\/\" \/>\n<meta property=\"og:locale\" content=\"tr_TR\" \/>\n<meta property=\"og:type\" content=\"article\" \/>\n<meta property=\"og:title\" content=\"B\u00f6l\u00fcm Ba\u015fkan\u0131\" \/>\n<meta property=\"og:description\" content=\"Misyon: Siyaset Bilimi ve Uluslararas\u0131 \u0130li\u015fkiler b\u00f6l\u00fcm\u00fc k\u00fcresel bak\u0131\u015f a\u00e7\u0131s\u0131 ve analitik d\u00fc\u015f\u00fcnce yetilerine sahip mezunlar yeti\u015ftirmeyi ama\u00e7lamaktad\u0131r. Bu ama\u00e7 do\u011frultusunda b\u00f6l\u00fcm\u00fcm\u00fcz \u00f6\u011frencilerine y\u00f6nelik ekonomi, siyaset, uluslararas\u0131 ili\u015fkiler, hukuk, evrensel k\u00fclt\u00fcr ve yabanc\u0131 dil bilgisini i\u00e7eren, etik de\u011ferlere sahip disiplinler aras\u0131 bir e\u011fitim verilmektedir. Program\u0131m\u0131z \u00f6\u011fretim kadrosunun benimsedi\u011fi yenilik\u00e7i e\u011fitim\u2013\u00f6\u011fretim y\u00f6ntemleri sayesinde \u00f6\u011frencilerimiz mezun olduklar\u0131nda [&hellip;]\" \/>\n<meta property=\"og:url\" content=\"http:\/\/ticaret.edu.tr\/siyaset-bilimi-ve-uluslararasi-iliskiler\/bolum-baskani\/\" \/>\n<meta property=\"og:site_name\" content=\"Siyaset Bilimi ve Uluslararas\u0131 \u0130li\u015fkiler\" \/>\n<meta property=\"article:publisher\" content=\"https:\/\/www.facebook.com\/ticaretedutr\" \/>\n<meta property=\"article:modified_time\" content=\"2025-02-17T13:32:15+00:00\" \/>\n<meta property=\"og:image\" content=\"http:\/\/ticaret.edu.tr\/siyaset-bilimi-ve-uluslararasi-iliskiler\/wp-content\/uploads\/sites\/27\/2024\/11\/bwpomyfrwj-ugur-yasin-asal-949x1024.jpg\" \/>\n<meta name=\"twitter:card\" content=\"summary_large_image\" \/>\n<meta name=\"twitter:site\" content=\"@ticaretedutr\" \/>\n<meta name=\"twitter:label1\" content=\"Tahmini okuma s\u00fcresi\" \/>\n\t<meta name=\"twitter:data1\" content=\"4 dakika\" \/>\n<script type=\"application\/ld+json\" class=\"yoast-schema-graph\">{\"@context\":\"https:\/\/schema.org\",\"@graph\":[{\"@type\":\"WebPage\",\"@id\":\"http:\/\/ticaret.edu.tr\/siyaset-bilimi-ve-uluslararasi-iliskiler\/bolum-baskani\/\",\"url\":\"http:\/\/ticaret.edu.tr\/siyaset-bilimi-ve-uluslararasi-iliskiler\/bolum-baskani\/\",\"name\":\"B\u00f6l\u00fcm Ba\u015fkan\u0131 - Siyaset Bilimi ve Uluslararas\u0131 \u0130li\u015fkiler\",\"isPartOf\":{\"@id\":\"http:\/\/ticaret.edu.tr\/siyaset-bilimi-ve-uluslararasi-iliskiler\/en\/#website\"},\"datePublished\":\"2020-05-03T18:50:11+00:00\",\"dateModified\":\"2025-02-17T13:32:15+00:00\",\"breadcrumb\":{\"@id\":\"http:\/\/ticaret.edu.tr\/siyaset-bilimi-ve-uluslararasi-iliskiler\/bolum-baskani\/#breadcrumb\"},\"inLanguage\":\"tr\",\"potentialAction\":[{\"@type\":\"ReadAction\",\"target\":[\"http:\/\/ticaret.edu.tr\/siyaset-bilimi-ve-uluslararasi-iliskiler\/bolum-baskani\/\"]}]},{\"@type\":\"BreadcrumbList\",\"@id\":\"http:\/\/ticaret.edu.tr\/siyaset-bilimi-ve-uluslararasi-iliskiler\/bolum-baskani\/#breadcrumb\",\"itemListElement\":[{\"@type\":\"ListItem\",\"position\":1,\"name\":\"Ana sayfa\",\"item\":\"http:\/\/ticaret.edu.tr\/siyaset-bilimi-ve-uluslararasi-iliskiler\/\"},{\"@type\":\"ListItem\",\"position\":2,\"name\":\"B\u00f6l\u00fcm Ba\u015fkan\u0131\"}]},{\"@type\":\"WebSite\",\"@id\":\"http:\/\/ticaret.edu.tr\/siyaset-bilimi-ve-uluslararasi-iliskiler\/en\/#website\",\"url\":\"http:\/\/ticaret.edu.tr\/siyaset-bilimi-ve-uluslararasi-iliskiler\/en\/\",\"name\":\"Siyaset Bilimi ve Uluslararas\u0131 \u0130li\u015fkiler\",\"description\":\"\",\"potentialAction\":[{\"@type\":\"SearchAction\",\"target\":{\"@type\":\"EntryPoint\",\"urlTemplate\":\"http:\/\/ticaret.edu.tr\/siyaset-bilimi-ve-uluslararasi-iliskiler\/en\/?s={search_term_string}\"},\"query-input\":\"required name=search_term_string\"}],\"inLanguage\":\"tr\"}]}<\/script>\n<!-- \/ Yoast SEO Premium plugin. -->","yoast_head_json":{"title":"B\u00f6l\u00fcm Ba\u015fkan\u0131 - Siyaset Bilimi ve Uluslararas\u0131 \u0130li\u015fkiler","robots":{"index":"index","follow":"follow","max-snippet":"max-snippet:-1","max-image-preview":"max-image-preview:large","max-video-preview":"max-video-preview:-1"},"canonical":"http:\/\/ticaret.edu.tr\/siyaset-bilimi-ve-uluslararasi-iliskiler\/bolum-baskani\/","og_locale":"tr_TR","og_type":"article","og_title":"B\u00f6l\u00fcm Ba\u015fkan\u0131","og_description":"Misyon: Siyaset Bilimi ve Uluslararas\u0131 \u0130li\u015fkiler b\u00f6l\u00fcm\u00fc k\u00fcresel bak\u0131\u015f a\u00e7\u0131s\u0131 ve analitik d\u00fc\u015f\u00fcnce yetilerine sahip mezunlar yeti\u015ftirmeyi ama\u00e7lamaktad\u0131r. Bu ama\u00e7 do\u011frultusunda b\u00f6l\u00fcm\u00fcm\u00fcz \u00f6\u011frencilerine y\u00f6nelik ekonomi, siyaset, uluslararas\u0131 ili\u015fkiler, hukuk, evrensel k\u00fclt\u00fcr ve yabanc\u0131 dil bilgisini i\u00e7eren, etik de\u011ferlere sahip disiplinler aras\u0131 bir e\u011fitim verilmektedir. Program\u0131m\u0131z \u00f6\u011fretim kadrosunun benimsedi\u011fi yenilik\u00e7i e\u011fitim\u2013\u00f6\u011fretim y\u00f6ntemleri sayesinde \u00f6\u011frencilerimiz mezun olduklar\u0131nda [&hellip;]","og_url":"http:\/\/ticaret.edu.tr\/siyaset-bilimi-ve-uluslararasi-iliskiler\/bolum-baskani\/","og_site_name":"Siyaset Bilimi ve Uluslararas\u0131 \u0130li\u015fkiler","article_publisher":"https:\/\/www.facebook.com\/ticaretedutr","article_modified_time":"2025-02-17T13:32:15+00:00","og_image":[{"url":"http:\/\/ticaret.edu.tr\/siyaset-bilimi-ve-uluslararasi-iliskiler\/wp-content\/uploads\/sites\/27\/2024\/11\/bwpomyfrwj-ugur-yasin-asal-949x1024.jpg"}],"twitter_card":"summary_large_image","twitter_site":"@ticaretedutr","twitter_misc":{"Tahmini okuma s\u00fcresi":"4 dakika"},"schema":{"@context":"https:\/\/schema.org","@graph":[{"@type":"WebPage","@id":"http:\/\/ticaret.edu.tr\/siyaset-bilimi-ve-uluslararasi-iliskiler\/bolum-baskani\/","url":"http:\/\/ticaret.edu.tr\/siyaset-bilimi-ve-uluslararasi-iliskiler\/bolum-baskani\/","name":"B\u00f6l\u00fcm Ba\u015fkan\u0131 - Siyaset Bilimi ve Uluslararas\u0131 \u0130li\u015fkiler","isPartOf":{"@id":"http:\/\/ticaret.edu.tr\/siyaset-bilimi-ve-uluslararasi-iliskiler\/en\/#website"},"datePublished":"2020-05-03T18:50:11+00:00","dateModified":"2025-02-17T13:32:15+00:00","breadcrumb":{"@id":"http:\/\/ticaret.edu.tr\/siyaset-bilimi-ve-uluslararasi-iliskiler\/bolum-baskani\/#breadcrumb"},"inLanguage":"tr","potentialAction":[{"@type":"ReadAction","target":["http:\/\/ticaret.edu.tr\/siyaset-bilimi-ve-uluslararasi-iliskiler\/bolum-baskani\/"]}]},{"@type":"BreadcrumbList","@id":"http:\/\/ticaret.edu.tr\/siyaset-bilimi-ve-uluslararasi-iliskiler\/bolum-baskani\/#breadcrumb","itemListElement":[{"@type":"ListItem","position":1,"name":"Ana sayfa","item":"http:\/\/ticaret.edu.tr\/siyaset-bilimi-ve-uluslararasi-iliskiler\/"},{"@type":"ListItem","position":2,"name":"B\u00f6l\u00fcm Ba\u015fkan\u0131"}]},{"@type":"WebSite","@id":"http:\/\/ticaret.edu.tr\/siyaset-bilimi-ve-uluslararasi-iliskiler\/en\/#website","url":"http:\/\/ticaret.edu.tr\/siyaset-bilimi-ve-uluslararasi-iliskiler\/en\/","name":"Siyaset Bilimi ve Uluslararas\u0131 \u0130li\u015fkiler","description":"","potentialAction":[{"@type":"SearchAction","target":{"@type":"EntryPoint","urlTemplate":"http:\/\/ticaret.edu.tr\/siyaset-bilimi-ve-uluslararasi-iliskiler\/en\/?s={search_term_string}"},"query-input":"required name=search_term_string"}],"inLanguage":"tr"}]}},"lang":"tr","translations":{"en":607,"tr":8},"pll_sync_post":[],"_links":{"self":[{"href":"http:\/\/ticaret.edu.tr\/siyaset-bilimi-ve-uluslararasi-iliskiler\/wp-json\/wp\/v2\/pages\/8"}],"collection":[{"href":"http:\/\/ticaret.edu.tr\/siyaset-bilimi-ve-uluslararasi-iliskiler\/wp-json\/wp\/v2\/pages"}],"about":[{"href":"http:\/\/ticaret.edu.tr\/siyaset-bilimi-ve-uluslararasi-iliskiler\/wp-json\/wp\/v2\/types\/page"}],"author":[{"embeddable":true,"href":"http:\/\/ticaret.edu.tr\/siyaset-bilimi-ve-uluslararasi-iliskiler\/wp-json\/wp\/v2\/users\/1"}],"replies":[{"embeddable":true,"href":"http:\/\/ticaret.edu.tr\/siyaset-bilimi-ve-uluslararasi-iliskiler\/wp-json\/wp\/v2\/comments?post=8"}],"version-history":[{"count":19,"href":"http:\/\/ticaret.edu.tr\/siyaset-bilimi-ve-uluslararasi-iliskiler\/wp-json\/wp\/v2\/pages\/8\/revisions"}],"predecessor-version":[{"id":1824,"href":"http:\/\/ticaret.edu.tr\/siyaset-bilimi-ve-uluslararasi-iliskiler\/wp-json\/wp\/v2\/pages\/8\/revisions\/1824"}],"wp:attachment":[{"href":"http:\/\/ticaret.edu.tr\/siyaset-bilimi-ve-uluslararasi-iliskiler\/wp-json\/wp\/v2\/media?parent=8"}],"curies":[{"name":"wp","href":"https:\/\/api.w.org\/{rel}","templated":true}]}}