{"id":10,"date":"2020-05-03T21:30:39","date_gmt":"2020-05-03T18:30:39","guid":{"rendered":"http:\/\/ticaret.edu.tr\/mtt\/?page_id=10"},"modified":"2025-02-10T14:34:33","modified_gmt":"2025-02-10T11:34:33","slug":"ana-sayfa","status":"publish","type":"page","link":"http:\/\/ticaret.edu.tr\/tekstil-ve-moda-tasarimi\/","title":{"rendered":"Ana Sayfa"},"content":{"rendered":"<h2><strong>\u00a0TEKST\u0130L <\/strong><strong>VE\u00a0<\/strong><strong>MODA\u00a0<\/strong><strong>TASARIMI B\u00d6L\u00dcM\u00dc<\/strong><\/h2>\n<p>Tekstil ve haz\u0131r giyim end\u00fcstrimiz \u00fclkemizin g\u00fc\u00e7l\u00fc \u00fcretim ve ihracat sekt\u00f6rlerinden biridir.\u00a0 Tekstil ve Moda Tasar\u0131m\u0131 B\u00f6l\u00fcm\u00fcm\u00fcz, uluslararas\u0131 moda markalar\u0131 olu\u015fturabilecek yetkinlikte tasar\u0131mc\u0131lar\u0131n sekt\u00f6re ve moda d\u00fcnyas\u0131na yeti\u015ftirilmesini hedeflemi\u015ftir. Kuruldu\u011fumuz 2003 y\u0131l\u0131ndan bu yana kendini s\u00fcrekli olarak yenilemekte ve geli\u015fmeleri b\u00fcnyesine adapte etmektedir.<\/p>\n<p>2019-2020 e\u011fitim ve \u00f6\u011fretim y\u0131l\u0131ndan itibaren \u00d6zel Yetenek S\u0131nav\u0131 ile \u00f6\u011frenci kabul etmekte olan b\u00f6l\u00fcm\u00fcm\u00fcz; Tekstil ve Giyim Moda Tasar\u0131m\u0131, Deri, Tekstil i\u015fletmecili\u011fi ve pazarlamas\u0131 konular\u0131yla yap\u0131land\u0131r\u0131lm\u0131\u015ft\u0131r. \u00d6\u011frencilerimiz ilk iki y\u0131lda ortak, temel tasar\u0131m, teknik ve k\u00fclt\u00fcr dersleri,\u00a0 son iki y\u0131lda Moda Tasar\u0131m\u0131, Tekstil \u0130\u015fletmecili\u011fi ve Pazarlama tercihli opsiyonlar\u0131 alarak uzmanla\u015facaklard\u0131r.<\/p>\n<p>\u00dcniversitemizde Avrupa Kredi Sistemi uygulamakta olup, Erasmus projesi ile \u00f6\u011frencilerimize yurt d\u0131\u015f\u0131 e\u011fitim imkan\u0131 sa\u011flanmaktad\u0131r. \u0130stanbul Ticaret Odas\u0131, e\u011fitim s\u00fcresi ve sonras\u0131nda sa\u011flad\u0131\u011f\u0131 imk\u00e2nlarla ciddi destek olmaktad\u0131r.<\/p>\n<p>Hedefimiz; Ulusal ve uluslararas\u0131 organizasyonlar, defile ve yar\u0131\u015fmalarla kendilerini d\u00fcnyaya tan\u0131tacak tasar\u0131mc\u0131lar yeti\u015ftirmektir. \u00d6nceli\u011fin \u00f6\u011frenci oldu\u011fu e\u011fitim modeli ile siz gen\u00e7leri aram\u0131zda g\u00f6rmekten onur duyar\u0131z.<\/p>\n<p>Tekstil ve Moda Tasar\u0131m\u0131 B\u00f6l\u00fcm\u00fcnde \u00f6\u011frencilerimizin 2 staj y\u00fck\u00fcml\u00fcl\u00fc\u011f\u00fc vard\u0131r. Biri tasar\u0131m staj\u0131 di\u011feri de haz\u0131r giyim ve sanayi staj\u0131d\u0131r. Alan\u0131nda uzman akademisyenlerimiz, \u00f6\u011frencilerimize staj bulma konusunda yard\u0131mc\u0131 olmaktad\u0131r. Staj konusunda \u00f6nceli\u011fimiz anla\u015fmal\u0131 oldu\u011fumuz firmalard\u0131r.<\/p>\n","protected":false},"excerpt":{"rendered":"<p>\u00a0TEKST\u0130L VE\u00a0MODA\u00a0TASARIMI B\u00d6L\u00dcM\u00dc Tekstil ve haz\u0131r giyim end\u00fcstrimiz \u00fclkemizin g\u00fc\u00e7l\u00fc \u00fcretim ve ihracat sekt\u00f6rlerinden biridir.\u00a0 Tekstil ve Moda Tasar\u0131m\u0131 B\u00f6l\u00fcm\u00fcm\u00fcz, uluslararas\u0131 moda markalar\u0131 olu\u015fturabilecek yetkinlikte tasar\u0131mc\u0131lar\u0131n sekt\u00f6re ve moda d\u00fcnyas\u0131na yeti\u015ftirilmesini hedeflemi\u015ftir. Kuruldu\u011fumuz 2003 y\u0131l\u0131ndan bu yana kendini s\u00fcrekli olarak yenilemekte ve geli\u015fmeleri b\u00fcnyesine adapte etmektedir. 2019-2020 e\u011fitim ve \u00f6\u011fretim y\u0131l\u0131ndan itibaren \u00d6zel Yetenek S\u0131nav\u0131 [&hellip;]<\/p>\n","protected":false},"author":1,"featured_media":0,"parent":0,"menu_order":0,"comment_status":"closed","ping_status":"closed","template":"pages\/homepage.php","meta":{"footnotes":""},"yoast_head":"<!-- This site is optimized with the Yoast SEO Premium plugin v22.1 (Yoast SEO v22.1) - https:\/\/yoast.com\/wordpress\/plugins\/seo\/ -->\n<title>Ana Sayfa - Tekstil ve Moda Tasar\u0131m\u0131<\/title>\n<meta name=\"robots\" content=\"index, follow, max-snippet:-1, max-image-preview:large, max-video-preview:-1\" \/>\n<link rel=\"canonical\" href=\"http:\/\/ticaret.edu.tr\/tekstil-ve-moda-tasarimi\/\" \/>\n<meta property=\"og:locale\" content=\"tr_TR\" \/>\n<meta property=\"og:type\" content=\"article\" \/>\n<meta property=\"og:title\" content=\"Ana Sayfa\" \/>\n<meta property=\"og:description\" content=\"\u00a0TEKST\u0130L VE\u00a0MODA\u00a0TASARIMI B\u00d6L\u00dcM\u00dc Tekstil ve haz\u0131r giyim end\u00fcstrimiz \u00fclkemizin g\u00fc\u00e7l\u00fc \u00fcretim ve ihracat sekt\u00f6rlerinden biridir.\u00a0 Tekstil ve Moda Tasar\u0131m\u0131 B\u00f6l\u00fcm\u00fcm\u00fcz, uluslararas\u0131 moda markalar\u0131 olu\u015fturabilecek yetkinlikte tasar\u0131mc\u0131lar\u0131n sekt\u00f6re ve moda d\u00fcnyas\u0131na yeti\u015ftirilmesini hedeflemi\u015ftir. Kuruldu\u011fumuz 2003 y\u0131l\u0131ndan bu yana kendini s\u00fcrekli olarak yenilemekte ve geli\u015fmeleri b\u00fcnyesine adapte etmektedir. 2019-2020 e\u011fitim ve \u00f6\u011fretim y\u0131l\u0131ndan itibaren \u00d6zel Yetenek S\u0131nav\u0131 [&hellip;]\" \/>\n<meta property=\"og:url\" content=\"http:\/\/ticaret.edu.tr\/tekstil-ve-moda-tasarimi\/\" \/>\n<meta property=\"og:site_name\" content=\"Tekstil ve Moda Tasar\u0131m\u0131\" \/>\n<meta property=\"article:publisher\" content=\"https:\/\/www.facebook.com\/ticaretedutr\" \/>\n<meta property=\"article:modified_time\" content=\"2025-02-10T11:34:33+00:00\" \/>\n<meta property=\"og:image\" content=\"http:\/\/ticaret.edu.tr\/tekstil-ve-moda-tasarimi\/wp-content\/uploads\/sites\/26\/2021\/11\/web_logo-01.jpg\" \/>\n\t<meta property=\"og:image:width\" content=\"1250\" \/>\n\t<meta property=\"og:image:height\" content=\"833\" \/>\n\t<meta property=\"og:image:type\" content=\"image\/jpeg\" \/>\n<meta name=\"twitter:card\" content=\"summary_large_image\" \/>\n<meta name=\"twitter:site\" content=\"@ticaretedutr\" \/>\n<meta name=\"twitter:label1\" content=\"Tahmini okuma s\u00fcresi\" \/>\n\t<meta name=\"twitter:data1\" content=\"1 dakika\" \/>\n<script type=\"application\/ld+json\" class=\"yoast-schema-graph\">{\"@context\":\"https:\/\/schema.org\",\"@graph\":[{\"@type\":\"WebPage\",\"@id\":\"http:\/\/ticaret.edu.tr\/tekstil-ve-moda-tasarimi\/\",\"url\":\"http:\/\/ticaret.edu.tr\/tekstil-ve-moda-tasarimi\/\",\"name\":\"Ana Sayfa - Tekstil ve Moda Tasar\u0131m\u0131\",\"isPartOf\":{\"@id\":\"https:\/\/ticaret.edu.tr\/tekstil-ve-moda-tasarimi\/en\/#website\"},\"datePublished\":\"2020-05-03T18:30:39+00:00\",\"dateModified\":\"2025-02-10T11:34:33+00:00\",\"breadcrumb\":{\"@id\":\"http:\/\/ticaret.edu.tr\/tekstil-ve-moda-tasarimi\/#breadcrumb\"},\"inLanguage\":\"tr\",\"potentialAction\":[{\"@type\":\"ReadAction\",\"target\":[\"http:\/\/ticaret.edu.tr\/tekstil-ve-moda-tasarimi\/\"]}]},{\"@type\":\"BreadcrumbList\",\"@id\":\"http:\/\/ticaret.edu.tr\/tekstil-ve-moda-tasarimi\/#breadcrumb\",\"itemListElement\":[{\"@type\":\"ListItem\",\"position\":1,\"name\":\"Ana sayfa\",\"item\":\"http:\/\/ticaret.edu.tr\/tekstil-ve-moda-tasarimi\/\"},{\"@type\":\"ListItem\",\"position\":2,\"name\":\"Ana Sayfa\"}]},{\"@type\":\"WebSite\",\"@id\":\"https:\/\/ticaret.edu.tr\/tekstil-ve-moda-tasarimi\/en\/#website\",\"url\":\"https:\/\/ticaret.edu.tr\/tekstil-ve-moda-tasarimi\/en\/\",\"name\":\"Tekstil ve Moda Tasar\u0131m\u0131\",\"description\":\"\",\"potentialAction\":[{\"@type\":\"SearchAction\",\"target\":{\"@type\":\"EntryPoint\",\"urlTemplate\":\"https:\/\/ticaret.edu.tr\/tekstil-ve-moda-tasarimi\/en\/?s={search_term_string}\"},\"query-input\":\"required name=search_term_string\"}],\"inLanguage\":\"tr\"}]}<\/script>\n<!-- \/ Yoast SEO Premium plugin. -->","yoast_head_json":{"title":"Ana Sayfa - Tekstil ve Moda Tasar\u0131m\u0131","robots":{"index":"index","follow":"follow","max-snippet":"max-snippet:-1","max-image-preview":"max-image-preview:large","max-video-preview":"max-video-preview:-1"},"canonical":"http:\/\/ticaret.edu.tr\/tekstil-ve-moda-tasarimi\/","og_locale":"tr_TR","og_type":"article","og_title":"Ana Sayfa","og_description":"\u00a0TEKST\u0130L VE\u00a0MODA\u00a0TASARIMI B\u00d6L\u00dcM\u00dc Tekstil ve haz\u0131r giyim end\u00fcstrimiz \u00fclkemizin g\u00fc\u00e7l\u00fc \u00fcretim ve ihracat sekt\u00f6rlerinden biridir.\u00a0 Tekstil ve Moda Tasar\u0131m\u0131 B\u00f6l\u00fcm\u00fcm\u00fcz, uluslararas\u0131 moda markalar\u0131 olu\u015fturabilecek yetkinlikte tasar\u0131mc\u0131lar\u0131n sekt\u00f6re ve moda d\u00fcnyas\u0131na yeti\u015ftirilmesini hedeflemi\u015ftir. Kuruldu\u011fumuz 2003 y\u0131l\u0131ndan bu yana kendini s\u00fcrekli olarak yenilemekte ve geli\u015fmeleri b\u00fcnyesine adapte etmektedir. 2019-2020 e\u011fitim ve \u00f6\u011fretim y\u0131l\u0131ndan itibaren \u00d6zel Yetenek S\u0131nav\u0131 [&hellip;]","og_url":"http:\/\/ticaret.edu.tr\/tekstil-ve-moda-tasarimi\/","og_site_name":"Tekstil ve Moda Tasar\u0131m\u0131","article_publisher":"https:\/\/www.facebook.com\/ticaretedutr","article_modified_time":"2025-02-10T11:34:33+00:00","og_image":[{"width":1250,"height":833,"url":"http:\/\/ticaret.edu.tr\/tekstil-ve-moda-tasarimi\/wp-content\/uploads\/sites\/26\/2021\/11\/web_logo-01.jpg","type":"image\/jpeg"}],"twitter_card":"summary_large_image","twitter_site":"@ticaretedutr","twitter_misc":{"Tahmini okuma s\u00fcresi":"1 dakika"},"schema":{"@context":"https:\/\/schema.org","@graph":[{"@type":"WebPage","@id":"http:\/\/ticaret.edu.tr\/tekstil-ve-moda-tasarimi\/","url":"http:\/\/ticaret.edu.tr\/tekstil-ve-moda-tasarimi\/","name":"Ana Sayfa - Tekstil ve Moda Tasar\u0131m\u0131","isPartOf":{"@id":"https:\/\/ticaret.edu.tr\/tekstil-ve-moda-tasarimi\/en\/#website"},"datePublished":"2020-05-03T18:30:39+00:00","dateModified":"2025-02-10T11:34:33+00:00","breadcrumb":{"@id":"http:\/\/ticaret.edu.tr\/tekstil-ve-moda-tasarimi\/#breadcrumb"},"inLanguage":"tr","potentialAction":[{"@type":"ReadAction","target":["http:\/\/ticaret.edu.tr\/tekstil-ve-moda-tasarimi\/"]}]},{"@type":"BreadcrumbList","@id":"http:\/\/ticaret.edu.tr\/tekstil-ve-moda-tasarimi\/#breadcrumb","itemListElement":[{"@type":"ListItem","position":1,"name":"Ana sayfa","item":"http:\/\/ticaret.edu.tr\/tekstil-ve-moda-tasarimi\/"},{"@type":"ListItem","position":2,"name":"Ana Sayfa"}]},{"@type":"WebSite","@id":"https:\/\/ticaret.edu.tr\/tekstil-ve-moda-tasarimi\/en\/#website","url":"https:\/\/ticaret.edu.tr\/tekstil-ve-moda-tasarimi\/en\/","name":"Tekstil ve Moda Tasar\u0131m\u0131","description":"","potentialAction":[{"@type":"SearchAction","target":{"@type":"EntryPoint","urlTemplate":"https:\/\/ticaret.edu.tr\/tekstil-ve-moda-tasarimi\/en\/?s={search_term_string}"},"query-input":"required name=search_term_string"}],"inLanguage":"tr"}]}},"lang":"tr","translations":{"en":265,"tr":10},"pll_sync_post":[],"_links":{"self":[{"href":"http:\/\/ticaret.edu.tr\/tekstil-ve-moda-tasarimi\/wp-json\/wp\/v2\/pages\/10"}],"collection":[{"href":"http:\/\/ticaret.edu.tr\/tekstil-ve-moda-tasarimi\/wp-json\/wp\/v2\/pages"}],"about":[{"href":"http:\/\/ticaret.edu.tr\/tekstil-ve-moda-tasarimi\/wp-json\/wp\/v2\/types\/page"}],"author":[{"embeddable":true,"href":"http:\/\/ticaret.edu.tr\/tekstil-ve-moda-tasarimi\/wp-json\/wp\/v2\/users\/1"}],"replies":[{"embeddable":true,"href":"http:\/\/ticaret.edu.tr\/tekstil-ve-moda-tasarimi\/wp-json\/wp\/v2\/comments?post=10"}],"version-history":[{"count":8,"href":"http:\/\/ticaret.edu.tr\/tekstil-ve-moda-tasarimi\/wp-json\/wp\/v2\/pages\/10\/revisions"}],"predecessor-version":[{"id":2067,"href":"http:\/\/ticaret.edu.tr\/tekstil-ve-moda-tasarimi\/wp-json\/wp\/v2\/pages\/10\/revisions\/2067"}],"wp:attachment":[{"href":"http:\/\/ticaret.edu.tr\/tekstil-ve-moda-tasarimi\/wp-json\/wp\/v2\/media?parent=10"}],"curies":[{"name":"wp","href":"https:\/\/api.w.org\/{rel}","templated":true}]}}