{"id":1305,"date":"2025-01-25T23:21:13","date_gmt":"2025-01-25T20:21:13","guid":{"rendered":"https:\/\/ticaret.edu.tr\/tekstil-ve-moda-tasarimi\/?page_id=1305"},"modified":"2025-10-20T10:52:52","modified_gmt":"2025-10-20T07:52:52","slug":"giris-yazisi","status":"publish","type":"page","link":"http:\/\/ticaret.edu.tr\/tekstil-ve-moda-tasarimi\/giris-yazisi\/","title":{"rendered":"Giri\u015f Yaz\u0131s\u0131"},"content":{"rendered":"<p data-start=\"326\" data-end=\"702\">Tekstil ve Moda Tasar\u0131m\u0131, estetik, yarat\u0131c\u0131l\u0131k ve i\u015flevselli\u011fi bir araya getirerek bireyin, k\u00fclt\u00fcr\u00fcn ve toplumun ifadesi olan giyimi ve tekstil \u00fcr\u00fcnlerini tasarlama s\u00fcrecidir. Sanat, teknoloji, sosyoloji, ekonomi ve s\u00fcrd\u00fcr\u00fclebilirlik gibi bir\u00e7ok disiplinle etkile\u015fim i\u00e7inde geli\u015fen bu alan, hem bireysel yarat\u0131c\u0131l\u0131\u011f\u0131 hem de end\u00fcstriyel \u00fcretim bilincini bir arada bar\u0131nd\u0131r\u0131r.<\/p>\n<p data-start=\"704\" data-end=\"1310\">D\u00f6rt y\u0131ll\u0131k lisans e\u011fitimimiz, \u00f6\u011frencilerin fikirden \u00fcr\u00fcne uzanan yarat\u0131c\u0131 s\u00fcreci deneyimlemelerini sa\u011flayan kapsaml\u0131 bir program sunar. <strong data-start=\"841\" data-end=\"863\">Tasar\u0131m st\u00fcdyolar\u0131<\/strong>, \u00f6\u011frencilerin \u00f6zg\u00fcn fikirlerini \u00e7izim, kal\u0131p, model, doku ve renk ili\u015fkileri \u00fczerinden geli\u015ftirdikleri, e\u011fitimin merkezinde yer al\u0131r. <strong>Tekstil ve \u00fcretim alan\u0131na y\u00f6nelik i\u00e7erikler<\/strong>, malzeme bilgisi, y\u00fczey tasar\u0131m\u0131, \u00fcretim teknikleri ve dijital teknolojiler \u00fczerine odaklanarak tasar\u0131m\u0131n teknik altyap\u0131s\u0131n\u0131 g\u00fc\u00e7lendirir. <strong data-start=\"1167\" data-end=\"1210\">Moda tarihi, k\u00fclt\u00fcr ve trend analizleri<\/strong> ise \u00f6\u011frencilerin tasar\u0131m\u0131 k\u00fclt\u00fcrel, sanatsal ve toplumsal ba\u011flamlarda de\u011ferlendirmelerini sa\u011flar.<\/p>\n<p data-start=\"1312\" data-end=\"1782\">Amac\u0131m\u0131z, yarat\u0131c\u0131 d\u00fc\u015f\u00fcnme, ele\u015ftirel analiz ve uygulama becerilerini b\u00fct\u00fcnle\u015ftirebilen, s\u00fcrd\u00fcr\u00fclebilirlik ve etik de\u011ferleri benimseyen, yerel k\u00fclt\u00fcrel miras\u0131 \u00e7a\u011fda\u015f tasar\u0131mla bulu\u015fturabilen <strong data-start=\"1503\" data-end=\"1529\">yenilik\u00e7i tasar\u0131mc\u0131lar<\/strong> yeti\u015ftirmektir. Mezunlar\u0131m\u0131z, moda ve tekstil sekt\u00f6r\u00fcnde, marka y\u00f6netiminden koleksiyon geli\u015ftirmeye, tekstil \u00fcr\u00fcn tasar\u0131m\u0131ndan trend ara\u015ft\u0131rmas\u0131na kadar geni\u015f bir yelpazede, ulusal ve uluslararas\u0131 d\u00fczeyde yarat\u0131c\u0131 katk\u0131lar sunacak donan\u0131ma sahiptir.<\/p>\n","protected":false},"excerpt":{"rendered":"<p>Tekstil ve Moda Tasar\u0131m\u0131, estetik, yarat\u0131c\u0131l\u0131k ve i\u015flevselli\u011fi bir araya getirerek bireyin, k\u00fclt\u00fcr\u00fcn ve toplumun ifadesi olan giyimi ve tekstil \u00fcr\u00fcnlerini tasarlama s\u00fcrecidir. Sanat, teknoloji, sosyoloji, ekonomi ve s\u00fcrd\u00fcr\u00fclebilirlik gibi bir\u00e7ok disiplinle etkile\u015fim i\u00e7inde geli\u015fen bu alan, hem bireysel yarat\u0131c\u0131l\u0131\u011f\u0131 hem de end\u00fcstriyel \u00fcretim bilincini bir arada bar\u0131nd\u0131r\u0131r. D\u00f6rt y\u0131ll\u0131k lisans e\u011fitimimiz, \u00f6\u011frencilerin fikirden \u00fcr\u00fcne [&hellip;]<\/p>\n","protected":false},"author":224,"featured_media":0,"parent":0,"menu_order":0,"comment_status":"closed","ping_status":"closed","template":"genel_sayfa.php","meta":{"footnotes":""},"yoast_head":"<!-- This site is optimized with the Yoast SEO Premium plugin v22.1 (Yoast SEO v22.1) - https:\/\/yoast.com\/wordpress\/plugins\/seo\/ -->\n<title>Giri\u015f Yaz\u0131s\u0131 - Tekstil ve Moda Tasar\u0131m\u0131<\/title>\n<meta name=\"robots\" content=\"index, follow, max-snippet:-1, max-image-preview:large, max-video-preview:-1\" \/>\n<link rel=\"canonical\" href=\"http:\/\/ticaret.edu.tr\/tekstil-ve-moda-tasarimi\/giris-yazisi\/\" \/>\n<meta property=\"og:locale\" content=\"tr_TR\" \/>\n<meta property=\"og:type\" content=\"article\" \/>\n<meta property=\"og:title\" content=\"Giri\u015f Yaz\u0131s\u0131\" \/>\n<meta property=\"og:description\" content=\"Tekstil ve Moda Tasar\u0131m\u0131, estetik, yarat\u0131c\u0131l\u0131k ve i\u015flevselli\u011fi bir araya getirerek bireyin, k\u00fclt\u00fcr\u00fcn ve toplumun ifadesi olan giyimi ve tekstil \u00fcr\u00fcnlerini tasarlama s\u00fcrecidir. Sanat, teknoloji, sosyoloji, ekonomi ve s\u00fcrd\u00fcr\u00fclebilirlik gibi bir\u00e7ok disiplinle etkile\u015fim i\u00e7inde geli\u015fen bu alan, hem bireysel yarat\u0131c\u0131l\u0131\u011f\u0131 hem de end\u00fcstriyel \u00fcretim bilincini bir arada bar\u0131nd\u0131r\u0131r. D\u00f6rt y\u0131ll\u0131k lisans e\u011fitimimiz, \u00f6\u011frencilerin fikirden \u00fcr\u00fcne [&hellip;]\" \/>\n<meta property=\"og:url\" content=\"http:\/\/ticaret.edu.tr\/tekstil-ve-moda-tasarimi\/giris-yazisi\/\" \/>\n<meta property=\"og:site_name\" content=\"Tekstil ve Moda Tasar\u0131m\u0131\" \/>\n<meta property=\"article:publisher\" content=\"https:\/\/www.facebook.com\/ticaretedutr\" \/>\n<meta property=\"article:modified_time\" content=\"2025-10-20T07:52:52+00:00\" \/>\n<meta property=\"og:image\" content=\"http:\/\/ticaret.edu.tr\/tekstil-ve-moda-tasarimi\/wp-content\/uploads\/sites\/26\/2021\/11\/web_logo-01.jpg\" \/>\n\t<meta property=\"og:image:width\" content=\"1250\" \/>\n\t<meta property=\"og:image:height\" content=\"833\" \/>\n\t<meta property=\"og:image:type\" content=\"image\/jpeg\" \/>\n<meta name=\"twitter:card\" content=\"summary_large_image\" \/>\n<meta name=\"twitter:site\" content=\"@ticaretedutr\" \/>\n<meta name=\"twitter:label1\" content=\"Tahmini okuma s\u00fcresi\" \/>\n\t<meta name=\"twitter:data1\" content=\"2 dakika\" \/>\n<script type=\"application\/ld+json\" class=\"yoast-schema-graph\">{\"@context\":\"https:\/\/schema.org\",\"@graph\":[{\"@type\":\"WebPage\",\"@id\":\"http:\/\/ticaret.edu.tr\/tekstil-ve-moda-tasarimi\/giris-yazisi\/\",\"url\":\"http:\/\/ticaret.edu.tr\/tekstil-ve-moda-tasarimi\/giris-yazisi\/\",\"name\":\"Giri\u015f Yaz\u0131s\u0131 - Tekstil ve Moda Tasar\u0131m\u0131\",\"isPartOf\":{\"@id\":\"https:\/\/ticaret.edu.tr\/tekstil-ve-moda-tasarimi\/en\/#website\"},\"datePublished\":\"2025-01-25T20:21:13+00:00\",\"dateModified\":\"2025-10-20T07:52:52+00:00\",\"breadcrumb\":{\"@id\":\"http:\/\/ticaret.edu.tr\/tekstil-ve-moda-tasarimi\/giris-yazisi\/#breadcrumb\"},\"inLanguage\":\"tr\",\"potentialAction\":[{\"@type\":\"ReadAction\",\"target\":[\"http:\/\/ticaret.edu.tr\/tekstil-ve-moda-tasarimi\/giris-yazisi\/\"]}]},{\"@type\":\"BreadcrumbList\",\"@id\":\"http:\/\/ticaret.edu.tr\/tekstil-ve-moda-tasarimi\/giris-yazisi\/#breadcrumb\",\"itemListElement\":[{\"@type\":\"ListItem\",\"position\":1,\"name\":\"Ana sayfa\",\"item\":\"http:\/\/ticaret.edu.tr\/tekstil-ve-moda-tasarimi\/\"},{\"@type\":\"ListItem\",\"position\":2,\"name\":\"Giri\u015f Yaz\u0131s\u0131\"}]},{\"@type\":\"WebSite\",\"@id\":\"https:\/\/ticaret.edu.tr\/tekstil-ve-moda-tasarimi\/en\/#website\",\"url\":\"https:\/\/ticaret.edu.tr\/tekstil-ve-moda-tasarimi\/en\/\",\"name\":\"Tekstil ve Moda Tasar\u0131m\u0131\",\"description\":\"\",\"potentialAction\":[{\"@type\":\"SearchAction\",\"target\":{\"@type\":\"EntryPoint\",\"urlTemplate\":\"https:\/\/ticaret.edu.tr\/tekstil-ve-moda-tasarimi\/en\/?s={search_term_string}\"},\"query-input\":\"required name=search_term_string\"}],\"inLanguage\":\"tr\"}]}<\/script>\n<!-- \/ Yoast SEO Premium plugin. -->","yoast_head_json":{"title":"Giri\u015f Yaz\u0131s\u0131 - Tekstil ve Moda Tasar\u0131m\u0131","robots":{"index":"index","follow":"follow","max-snippet":"max-snippet:-1","max-image-preview":"max-image-preview:large","max-video-preview":"max-video-preview:-1"},"canonical":"http:\/\/ticaret.edu.tr\/tekstil-ve-moda-tasarimi\/giris-yazisi\/","og_locale":"tr_TR","og_type":"article","og_title":"Giri\u015f Yaz\u0131s\u0131","og_description":"Tekstil ve Moda Tasar\u0131m\u0131, estetik, yarat\u0131c\u0131l\u0131k ve i\u015flevselli\u011fi bir araya getirerek bireyin, k\u00fclt\u00fcr\u00fcn ve toplumun ifadesi olan giyimi ve tekstil \u00fcr\u00fcnlerini tasarlama s\u00fcrecidir. Sanat, teknoloji, sosyoloji, ekonomi ve s\u00fcrd\u00fcr\u00fclebilirlik gibi bir\u00e7ok disiplinle etkile\u015fim i\u00e7inde geli\u015fen bu alan, hem bireysel yarat\u0131c\u0131l\u0131\u011f\u0131 hem de end\u00fcstriyel \u00fcretim bilincini bir arada bar\u0131nd\u0131r\u0131r. D\u00f6rt y\u0131ll\u0131k lisans e\u011fitimimiz, \u00f6\u011frencilerin fikirden \u00fcr\u00fcne [&hellip;]","og_url":"http:\/\/ticaret.edu.tr\/tekstil-ve-moda-tasarimi\/giris-yazisi\/","og_site_name":"Tekstil ve Moda Tasar\u0131m\u0131","article_publisher":"https:\/\/www.facebook.com\/ticaretedutr","article_modified_time":"2025-10-20T07:52:52+00:00","og_image":[{"width":1250,"height":833,"url":"http:\/\/ticaret.edu.tr\/tekstil-ve-moda-tasarimi\/wp-content\/uploads\/sites\/26\/2021\/11\/web_logo-01.jpg","type":"image\/jpeg"}],"twitter_card":"summary_large_image","twitter_site":"@ticaretedutr","twitter_misc":{"Tahmini okuma s\u00fcresi":"2 dakika"},"schema":{"@context":"https:\/\/schema.org","@graph":[{"@type":"WebPage","@id":"http:\/\/ticaret.edu.tr\/tekstil-ve-moda-tasarimi\/giris-yazisi\/","url":"http:\/\/ticaret.edu.tr\/tekstil-ve-moda-tasarimi\/giris-yazisi\/","name":"Giri\u015f Yaz\u0131s\u0131 - Tekstil ve Moda Tasar\u0131m\u0131","isPartOf":{"@id":"https:\/\/ticaret.edu.tr\/tekstil-ve-moda-tasarimi\/en\/#website"},"datePublished":"2025-01-25T20:21:13+00:00","dateModified":"2025-10-20T07:52:52+00:00","breadcrumb":{"@id":"http:\/\/ticaret.edu.tr\/tekstil-ve-moda-tasarimi\/giris-yazisi\/#breadcrumb"},"inLanguage":"tr","potentialAction":[{"@type":"ReadAction","target":["http:\/\/ticaret.edu.tr\/tekstil-ve-moda-tasarimi\/giris-yazisi\/"]}]},{"@type":"BreadcrumbList","@id":"http:\/\/ticaret.edu.tr\/tekstil-ve-moda-tasarimi\/giris-yazisi\/#breadcrumb","itemListElement":[{"@type":"ListItem","position":1,"name":"Ana sayfa","item":"http:\/\/ticaret.edu.tr\/tekstil-ve-moda-tasarimi\/"},{"@type":"ListItem","position":2,"name":"Giri\u015f Yaz\u0131s\u0131"}]},{"@type":"WebSite","@id":"https:\/\/ticaret.edu.tr\/tekstil-ve-moda-tasarimi\/en\/#website","url":"https:\/\/ticaret.edu.tr\/tekstil-ve-moda-tasarimi\/en\/","name":"Tekstil ve Moda Tasar\u0131m\u0131","description":"","potentialAction":[{"@type":"SearchAction","target":{"@type":"EntryPoint","urlTemplate":"https:\/\/ticaret.edu.tr\/tekstil-ve-moda-tasarimi\/en\/?s={search_term_string}"},"query-input":"required name=search_term_string"}],"inLanguage":"tr"}]}},"lang":"tr","translations":{"tr":1305,"en":1312},"pll_sync_post":[],"_links":{"self":[{"href":"http:\/\/ticaret.edu.tr\/tekstil-ve-moda-tasarimi\/wp-json\/wp\/v2\/pages\/1305"}],"collection":[{"href":"http:\/\/ticaret.edu.tr\/tekstil-ve-moda-tasarimi\/wp-json\/wp\/v2\/pages"}],"about":[{"href":"http:\/\/ticaret.edu.tr\/tekstil-ve-moda-tasarimi\/wp-json\/wp\/v2\/types\/page"}],"author":[{"embeddable":true,"href":"http:\/\/ticaret.edu.tr\/tekstil-ve-moda-tasarimi\/wp-json\/wp\/v2\/users\/224"}],"replies":[{"embeddable":true,"href":"http:\/\/ticaret.edu.tr\/tekstil-ve-moda-tasarimi\/wp-json\/wp\/v2\/comments?post=1305"}],"version-history":[{"count":2,"href":"http:\/\/ticaret.edu.tr\/tekstil-ve-moda-tasarimi\/wp-json\/wp\/v2\/pages\/1305\/revisions"}],"predecessor-version":[{"id":1896,"href":"http:\/\/ticaret.edu.tr\/tekstil-ve-moda-tasarimi\/wp-json\/wp\/v2\/pages\/1305\/revisions\/1896"}],"wp:attachment":[{"href":"http:\/\/ticaret.edu.tr\/tekstil-ve-moda-tasarimi\/wp-json\/wp\/v2\/media?parent=1305"}],"curies":[{"name":"wp","href":"https:\/\/api.w.org\/{rel}","templated":true}]}}